{"id":31443,"date":"2026-05-01T01:13:06","date_gmt":"2026-05-01T01:13:06","guid":{"rendered":"https:\/\/continent.lv\/product\/indesit-is5v8gmw-e\/"},"modified":"2026-05-01T01:13:06","modified_gmt":"2026-05-01T01:13:06","slug":"indesit-is5v8gmw-e","status":"publish","type":"product","link":"https:\/\/continent.lv\/ru\/product\/indesit-is5v8gmw-e\/","title":{"rendered":"Indesit IS5V8GMW\/E"},"content":{"rendered":"<p>\u0411\u0440\u0435\u043d\u0434 Indesit<\/p>\n<p>\u0422\u0438\u043f \u043f\u043b\u0438\u0442\u044b \u042d\u043b\u0435\u043a\u0442\u0440\u0438\u0447\u0435\u0441\u043a\u0430\u044f<br \/>\u0426\u0432\u0435\u0442 \u0411\u0435\u043b\u044b\u0439<br \/>\u041a\u043b\u0430\u0441\u0441 \u044d\u043d\u0435\u0440\u0433\u043e\u044d\u0444\u0444\u0435\u043a\u0442\u0438\u0432\u043d\u043e\u0441\u0442\u0438 A<br \/>\u041a\u043e\u043b\u0438\u0447\u0435\u0441\u0442\u0432\u043e \u043a\u043e\u043d\u0444\u043e\u0440\u043e\u043a 4<br \/>\u0420\u0430\u0437\u043c\u0435\u0440\u044b, \u0432\u0435\u0441<br \/>\u0412\u044b\u0441\u043e\u0442\u0430 85 \u0441\u043c<br \/>\u0428\u0438\u0440\u0438\u043d\u0430 50 \u0441\u043c<br \/>\u0413\u043b\u0443\u0431\u0438\u043d\u0430 60 \u0441\u043c<br \/>\u0412\u0435\u0441 46.6 \u043a\u0433<br \/>\u0412\u0435\u0441 \u0441 \u0443\u043f\u0430\u043a\u043e\u0432\u043a\u043e\u0439 48.6 \u043a\u0433<br \/>\u041f\u0430\u0440\u0430\u043c\u0435\u0442\u0440\u044b \u0434\u0443\u0445\u043e\u0432\u043a\u0438<br \/>\u0422\u0438\u043f \u0434\u0443\u0445\u043e\u0432\u043a\u0438 \u042d\u043b\u0435\u043a\u0442\u0440\u0438\u0447\u0435\u0441\u043a\u0430\u044f<br \/>\u041e\u0431\u044a\u0435\u043c \u0434\u0443\u0445\u043e\u0432\u043a\u0438 57 \u043b<br \/>\u0420\u0435\u0436\u0438\u043c\u044b 8<br \/>\u041a\u043e\u043d\u0432\u0435\u043a\u0446\u0438\u044f <br \/>\u0413\u0440\u0438\u043b\u044c \u042d\u043b\u0435\u043a\u0442\u0440\u0438\u0447\u0435\u0441\u043a\u0438\u0439<\/p>","protected":false},"excerpt":{"rendered":"<p>Pre\u010du z\u012bme Indesit Sildvirsma Elektrisk\u0101Kr\u0101sa BaltaEnergoefektivit\u0101tes klase ASildri\u0146\u0137u skaits 4Izm\u0113ri, svarsAugstums 85 cmPlatums 50 cmDzi\u013cums 60 cmSvars 46.6 kgSvars ar iepakojumu 48.6 kgCepe\u0161kr\u0101sns parametriCepe\u0161kr\u0101sns veids ElektriskaCepe\u0161kr\u0101sns tilpums 57 lRe\u017e\u012bmi 8Konvekcija Grils cepe\u0161kr\u0101snij Elektriskais<\/p>","protected":false},"featured_media":31441,"comment_status":"open","ping_status":"closed","template":"","meta":{"_joinchat":[]},"product_brand":[311],"product_cat":[297],"product_tag":[],"class_list":{"0":"post-31443","1":"product","2":"type-product","3":"status-publish","4":"has-post-thumbnail","6":"product_brand-indesit","7":"product_cat-sadzives-tehnika-elektriskas-plitis","9":"first","10":"instock","11":"shipping-taxable","12":"purchasable","13":"product-type-simple"},"yoast_head":"<!-- This site is optimized with the Yoast SEO plugin v27.5 - https:\/\/yoast.com\/product\/yoast-seo-wordpress\/ -->\n<title>Indesit IS5V8GMW\/E - Continent.lv<\/title>\n<meta name=\"robots\" content=\"index, follow, max-snippet:-1, max-image-preview:large, max-video-preview:-1\" \/>\n<link rel=\"canonical\" href=\"https:\/\/continent.lv\/ru\/product\/indesit-is5v8gmw-e\/\" \/>\n<meta property=\"og:locale\" content=\"ru_RU\" \/>\n<meta property=\"og:type\" content=\"article\" \/>\n<meta property=\"og:title\" content=\"Indesit IS5V8GMW\/E - Continent.lv\" \/>\n<meta property=\"og:description\" content=\"Pre\u010du z\u012bme Indesit Sildvirsma Elektrisk\u0101Kr\u0101sa BaltaEnergoefektivit\u0101tes klase ASildri\u0146\u0137u skaits 4Izm\u0113ri, svarsAugstums 85 cmPlatums 50 cmDzi\u013cums 60 cmSvars 46.6 kgSvars ar iepakojumu 48.6 kgCepe\u0161kr\u0101sns parametriCepe\u0161kr\u0101sns veids ElektriskaCepe\u0161kr\u0101sns tilpums 57 lRe\u017e\u012bmi 8Konvekcija Grils cepe\u0161kr\u0101snij Elektriskais\" \/>\n<meta property=\"og:url\" content=\"https:\/\/continent.lv\/ru\/product\/indesit-is5v8gmw-e\/\" \/>\n<meta property=\"og:site_name\" content=\"Continent.lv\" \/>\n<meta property=\"og:image\" content=\"https:\/\/continent.lv\/wp-content\/uploads\/2026\/05\/Indesit_IS5V8GMW.jpeg\" \/>\n\t<meta property=\"og:image:width\" content=\"600\" \/>\n\t<meta property=\"og:image:height\" content=\"600\" \/>\n\t<meta property=\"og:image:type\" content=\"image\/jpeg\" \/>\n<meta name=\"twitter:card\" content=\"summary_large_image\" \/>\n<script type=\"application\/ld+json\" class=\"yoast-schema-graph\">{\"@context\":\"https:\\\/\\\/schema.org\",\"@graph\":[{\"@type\":\"WebPage\",\"@id\":\"https:\\\/\\\/continent.lv\\\/product\\\/indesit-is5v8gmw-e\\\/\",\"url\":\"https:\\\/\\\/continent.lv\\\/product\\\/indesit-is5v8gmw-e\\\/\",\"name\":\"Indesit IS5V8GMW\\\/E - Continent.lv\",\"isPartOf\":{\"@id\":\"https:\\\/\\\/continent.lv\\\/#website\"},\"primaryImageOfPage\":{\"@id\":\"https:\\\/\\\/continent.lv\\\/product\\\/indesit-is5v8gmw-e\\\/#primaryimage\"},\"image\":{\"@id\":\"https:\\\/\\\/continent.lv\\\/product\\\/indesit-is5v8gmw-e\\\/#primaryimage\"},\"thumbnailUrl\":\"https:\\\/\\\/continent.lv\\\/wp-content\\\/uploads\\\/2026\\\/05\\\/Indesit_IS5V8GMW.jpeg\",\"datePublished\":\"2026-05-01T01:13:06+00:00\",\"breadcrumb\":{\"@id\":\"https:\\\/\\\/continent.lv\\\/product\\\/indesit-is5v8gmw-e\\\/#breadcrumb\"},\"inLanguage\":\"ru-RU\",\"potentialAction\":[{\"@type\":\"ReadAction\",\"target\":[\"https:\\\/\\\/continent.lv\\\/product\\\/indesit-is5v8gmw-e\\\/\"]}]},{\"@type\":\"ImageObject\",\"inLanguage\":\"ru-RU\",\"@id\":\"https:\\\/\\\/continent.lv\\\/product\\\/indesit-is5v8gmw-e\\\/#primaryimage\",\"url\":\"https:\\\/\\\/continent.lv\\\/wp-content\\\/uploads\\\/2026\\\/05\\\/Indesit_IS5V8GMW.jpeg\",\"contentUrl\":\"https:\\\/\\\/continent.lv\\\/wp-content\\\/uploads\\\/2026\\\/05\\\/Indesit_IS5V8GMW.jpeg\",\"width\":600,\"height\":600},{\"@type\":\"BreadcrumbList\",\"@id\":\"https:\\\/\\\/continent.lv\\\/product\\\/indesit-is5v8gmw-e\\\/#breadcrumb\",\"itemListElement\":[{\"@type\":\"ListItem\",\"position\":1,\"name\":\"Home\",\"item\":\"https:\\\/\\\/continent.lv\\\/\"},{\"@type\":\"ListItem\",\"position\":2,\"name\":\"Veikals\",\"item\":\"https:\\\/\\\/continent.lv\\\/shop\\\/\"},{\"@type\":\"ListItem\",\"position\":3,\"name\":\"Indesit IS5V8GMW\\\/E\"}]},{\"@type\":\"WebSite\",\"@id\":\"https:\\\/\\\/continent.lv\\\/#website\",\"url\":\"https:\\\/\\\/continent.lv\\\/\",\"name\":\"Continent.lv\",\"description\":\"Sadz\u012bves pre\u010du internetveikals\",\"publisher\":{\"@id\":\"https:\\\/\\\/continent.lv\\\/#organization\"},\"potentialAction\":[{\"@type\":\"SearchAction\",\"target\":{\"@type\":\"EntryPoint\",\"urlTemplate\":\"https:\\\/\\\/continent.lv\\\/?s={search_term_string}\"},\"query-input\":{\"@type\":\"PropertyValueSpecification\",\"valueRequired\":true,\"valueName\":\"search_term_string\"}}],\"inLanguage\":\"ru-RU\"},{\"@type\":\"Organization\",\"@id\":\"https:\\\/\\\/continent.lv\\\/#organization\",\"name\":\"Continent.lv\",\"url\":\"https:\\\/\\\/continent.lv\\\/\",\"logo\":{\"@type\":\"ImageObject\",\"inLanguage\":\"ru-RU\",\"@id\":\"https:\\\/\\\/continent.lv\\\/#\\\/schema\\\/logo\\\/image\\\/\",\"url\":\"https:\\\/\\\/continent.lv\\\/wp-content\\\/uploads\\\/2026\\\/05\\\/logo_continent_5nwv-jh.jpg\",\"contentUrl\":\"https:\\\/\\\/continent.lv\\\/wp-content\\\/uploads\\\/2026\\\/05\\\/logo_continent_5nwv-jh.jpg\",\"width\":221,\"height\":50,\"caption\":\"Continent.lv\"},\"image\":{\"@id\":\"https:\\\/\\\/continent.lv\\\/#\\\/schema\\\/logo\\\/image\\\/\"}}]}<\/script>\n<!-- \/ Yoast SEO plugin. -->","yoast_head_json":{"title":"Indesit IS5V8GMW\/E - Continent.lv","robots":{"index":"index","follow":"follow","max-snippet":"max-snippet:-1","max-image-preview":"max-image-preview:large","max-video-preview":"max-video-preview:-1"},"canonical":"https:\/\/continent.lv\/ru\/product\/indesit-is5v8gmw-e\/","og_locale":"ru_RU","og_type":"article","og_title":"Indesit IS5V8GMW\/E - Continent.lv","og_description":"Pre\u010du z\u012bme Indesit Sildvirsma Elektrisk\u0101Kr\u0101sa BaltaEnergoefektivit\u0101tes klase ASildri\u0146\u0137u skaits 4Izm\u0113ri, svarsAugstums 85 cmPlatums 50 cmDzi\u013cums 60 cmSvars 46.6 kgSvars ar iepakojumu 48.6 kgCepe\u0161kr\u0101sns parametriCepe\u0161kr\u0101sns veids ElektriskaCepe\u0161kr\u0101sns tilpums 57 lRe\u017e\u012bmi 8Konvekcija Grils cepe\u0161kr\u0101snij Elektriskais","og_url":"https:\/\/continent.lv\/ru\/product\/indesit-is5v8gmw-e\/","og_site_name":"Continent.lv","og_image":[{"width":600,"height":600,"url":"https:\/\/continent.lv\/wp-content\/uploads\/2026\/05\/Indesit_IS5V8GMW.jpeg","type":"image\/jpeg"}],"twitter_card":"summary_large_image","schema":{"@context":"https:\/\/schema.org","@graph":[{"@type":"WebPage","@id":"https:\/\/continent.lv\/product\/indesit-is5v8gmw-e\/","url":"https:\/\/continent.lv\/product\/indesit-is5v8gmw-e\/","name":"Indesit IS5V8GMW\/E - Continent.lv","isPartOf":{"@id":"https:\/\/continent.lv\/#website"},"primaryImageOfPage":{"@id":"https:\/\/continent.lv\/product\/indesit-is5v8gmw-e\/#primaryimage"},"image":{"@id":"https:\/\/continent.lv\/product\/indesit-is5v8gmw-e\/#primaryimage"},"thumbnailUrl":"https:\/\/continent.lv\/wp-content\/uploads\/2026\/05\/Indesit_IS5V8GMW.jpeg","datePublished":"2026-05-01T01:13:06+00:00","breadcrumb":{"@id":"https:\/\/continent.lv\/product\/indesit-is5v8gmw-e\/#breadcrumb"},"inLanguage":"ru-RU","potentialAction":[{"@type":"ReadAction","target":["https:\/\/continent.lv\/product\/indesit-is5v8gmw-e\/"]}]},{"@type":"ImageObject","inLanguage":"ru-RU","@id":"https:\/\/continent.lv\/product\/indesit-is5v8gmw-e\/#primaryimage","url":"https:\/\/continent.lv\/wp-content\/uploads\/2026\/05\/Indesit_IS5V8GMW.jpeg","contentUrl":"https:\/\/continent.lv\/wp-content\/uploads\/2026\/05\/Indesit_IS5V8GMW.jpeg","width":600,"height":600},{"@type":"BreadcrumbList","@id":"https:\/\/continent.lv\/product\/indesit-is5v8gmw-e\/#breadcrumb","itemListElement":[{"@type":"ListItem","position":1,"name":"Home","item":"https:\/\/continent.lv\/"},{"@type":"ListItem","position":2,"name":"Veikals","item":"https:\/\/continent.lv\/shop\/"},{"@type":"ListItem","position":3,"name":"Indesit IS5V8GMW\/E"}]},{"@type":"WebSite","@id":"https:\/\/continent.lv\/#website","url":"https:\/\/continent.lv\/","name":"Continent.lv","description":"Sadz\u012bves pre\u010du internetveikals","publisher":{"@id":"https:\/\/continent.lv\/#organization"},"potentialAction":[{"@type":"SearchAction","target":{"@type":"EntryPoint","urlTemplate":"https:\/\/continent.lv\/?s={search_term_string}"},"query-input":{"@type":"PropertyValueSpecification","valueRequired":true,"valueName":"search_term_string"}}],"inLanguage":"ru-RU"},{"@type":"Organization","@id":"https:\/\/continent.lv\/#organization","name":"Continent.lv","url":"https:\/\/continent.lv\/","logo":{"@type":"ImageObject","inLanguage":"ru-RU","@id":"https:\/\/continent.lv\/#\/schema\/logo\/image\/","url":"https:\/\/continent.lv\/wp-content\/uploads\/2026\/05\/logo_continent_5nwv-jh.jpg","contentUrl":"https:\/\/continent.lv\/wp-content\/uploads\/2026\/05\/logo_continent_5nwv-jh.jpg","width":221,"height":50,"caption":"Continent.lv"},"image":{"@id":"https:\/\/continent.lv\/#\/schema\/logo\/image\/"}}]}},"_links":{"self":[{"href":"https:\/\/continent.lv\/ru\/wp-json\/wp\/v2\/product\/31443","targetHints":{"allow":["GET"]}}],"collection":[{"href":"https:\/\/continent.lv\/ru\/wp-json\/wp\/v2\/product"}],"about":[{"href":"https:\/\/continent.lv\/ru\/wp-json\/wp\/v2\/types\/product"}],"replies":[{"embeddable":true,"href":"https:\/\/continent.lv\/ru\/wp-json\/wp\/v2\/comments?post=31443"}],"wp:featuredmedia":[{"embeddable":true,"href":"https:\/\/continent.lv\/ru\/wp-json\/wp\/v2\/media\/31441"}],"wp:attachment":[{"href":"https:\/\/continent.lv\/ru\/wp-json\/wp\/v2\/media?parent=31443"}],"wp:term":[{"taxonomy":"product_brand","embeddable":true,"href":"https:\/\/continent.lv\/ru\/wp-json\/wp\/v2\/product_brand?post=31443"},{"taxonomy":"product_cat","embeddable":true,"href":"https:\/\/continent.lv\/ru\/wp-json\/wp\/v2\/product_cat?post=31443"},{"taxonomy":"product_tag","embeddable":true,"href":"https:\/\/continent.lv\/ru\/wp-json\/wp\/v2\/product_tag?post=31443"}],"curies":[{"name":"wp","href":"https:\/\/api.w.org\/{rel}","templated":true}]}}