{"id":31376,"date":"2026-05-01T01:11:27","date_gmt":"2026-05-01T01:11:27","guid":{"rendered":"https:\/\/continent.lv\/product\/gorenje-gecs5c70wa\/"},"modified":"2026-05-01T01:11:27","modified_gmt":"2026-05-01T01:11:27","slug":"gorenje-gecs5c70wa","status":"publish","type":"product","link":"https:\/\/continent.lv\/ru\/product\/gorenje-gecs5c70wa\/","title":{"rendered":"Gorenje GECS5C70WA"},"content":{"rendered":"<p>\u0411\u0440\u0435\u043d\u0434 Gorenje<\/p>\n<p>\u0422\u0438\u043f \u043f\u043b\u0438\u0442\u044b \u042d\u043b\u0435\u043a\u0442\u0440\u0438\u0447\u0435\u0441\u043a\u0430\u044f<br \/>\u0426\u0432\u0435\u0442 \u0411\u0435\u043b\u044b\u0439<br \/>\u041a\u043b\u0430\u0441\u0441 \u044d\u043d\u0435\u0440\u0433\u043e\u044d\u0444\u0444\u0435\u043a\u0442\u0438\u0432\u043d\u043e\u0441\u0442\u0438 A<br \/>\u041a\u043e\u043b\u0438\u0447\u0435\u0441\u0442\u0432\u043e \u043a\u043e\u043d\u0444\u043e\u0440\u043e\u043a 4<br \/>\u041a\u043e\u0434 \u043f\u0440\u043e\u0434\u0443\u043a\u0442\u0430 740508<br \/>EAN 3838782619755<br \/>\u0420\u0430\u0437\u043c\u0435\u0440\u044b, \u0432\u0435\u0441<br \/>\u0412\u044b\u0441\u043e\u0442\u0430 85 \u0441\u043c<br \/>\u0428\u0438\u0440\u0438\u043d\u0430 50 \u0441\u043c<br \/>\u0413\u043b\u0443\u0431\u0438\u043d\u0430 59.4 \u0441\u043c<br \/>\u0412\u0435\u0441 42.3 \u043a\u0433<br \/>\u0412\u0435\u0441 \u0441 \u0443\u043f\u0430\u043a\u043e\u0432\u043a\u043e\u0439 45,5 \u043a\u0433<br \/>\u041f\u0430\u0440\u0430\u043c\u0435\u0442\u0440\u044b \u0434\u0443\u0445\u043e\u0432\u043a\u0438<br \/>\u0422\u0438\u043f \u0434\u0443\u0445\u043e\u0432\u043a\u0438 \u042d\u043b\u0435\u043a\u0442\u0440\u0438\u0447\u0435\u0441\u043a\u0430\u044f<br \/>\u041e\u0431\u044a\u0435\u043c \u0434\u0443\u0445\u043e\u0432\u043a\u0438 70 \u043b<br \/>\u0420\u0435\u0436\u0438\u043c\u043e\u0432 11<br \/>\u041a\u043e\u043d\u0432\u0435\u043a\u0446\u0438\u044f <br \/>\u0413\u0440\u0438\u043b\u044c \u0434\u0443\u0445\u043e\u0432\u043a\u0438 \u0415\u0441\u0442\u044c<br \/>\u0424\u0443\u043d\u043a\u0446\u0438\u044f \u043e\u0447\u0438\u0441\u0442\u043a\u0438 \u0434\u0443\u0445\u043e\u0432\u043a\u0438 \u041a\u0430\u0442\u0430\u043b\u0438\u0442\u0438\u0447\u0435\u0441\u043a\u0430\u044f<br \/>\u0422\u0435\u043b\u0435\u0441\u043a\u043e\u043f\u0438\u0447\u0435\u0441\u043a\u0438\u0435 \u043d\u0430\u043f\u0440\u0430\u0432\u043b\u044f\u044e\u0449\u0438\u0435 \u0415\u0441\u0442\u044c<br \/>\u041a\u043e\u043c\u043f\u043b\u0435\u043a\u0442\u0430\u0446\u0438\u044f 1 \u0441\u0442\u0430\u043d\u0434\u0430\u0440\u0442\u043d\u044b\u0439 \u043f\u0440\u043e\u0442\u0438\u0432\u0435\u043d\u044c, 1 \u0433\u043b\u0443\u0431\u043e\u043a\u0438\u0439 \u043f\u0440\u043e\u0442\u0438\u0432\u0435\u043d\u044c, 1 \u0440\u0435\u0448\u0435\u0442\u043a\u0430<\/p>","protected":false},"excerpt":{"rendered":"<p>Pre\u010du z\u012bme Gorenje Sildvirsma Elektrisk\u0101Kr\u0101sa BaltaEnergoefektivit\u0101tes klase ASildri\u0146\u0137u skaits 4Produkta kods 740508EAN 3838782619755Izm\u0113ri, svarsAugstums 85 cmPlatums 50 cmDzi\u013cums 59.4 cmSvars 42.3 kgSvars ar iepakojumu 45.5 kgCepe\u0161kr\u0101sns parametriCepe\u0161kr\u0101sns veids ElektriskaCepe\u0161kr\u0101sns tilpums 70 lRe\u017e\u012bmi 11Konvekcija Grils cepe\u0161kr\u0101snij IrCepe\u0161kr\u0101sns t\u012br\u012b\u0161anas funkcija Katal\u012btisk\u0101Teleskopisk\u0101s vadotnes IrPiederumi 1 standarta panna, 1 dzi\u013c\u0101 panna, 1 re\u017e\u0123is<\/p>","protected":false},"featured_media":31370,"comment_status":"open","ping_status":"closed","template":"","meta":{"_joinchat":[]},"product_brand":[271],"product_cat":[297],"product_tag":[],"class_list":{"0":"post-31376","1":"product","2":"type-product","3":"status-publish","4":"has-post-thumbnail","6":"product_brand-gorenje","7":"product_cat-sadzives-tehnika-elektriskas-plitis","9":"first","10":"instock","11":"shipping-taxable","12":"purchasable","13":"product-type-simple"},"yoast_head":"<!-- This site is optimized with the Yoast SEO plugin v27.5 - https:\/\/yoast.com\/product\/yoast-seo-wordpress\/ -->\n<title>Gorenje GECS5C70WA - Continent.lv<\/title>\n<meta name=\"robots\" content=\"index, follow, max-snippet:-1, max-image-preview:large, max-video-preview:-1\" \/>\n<link rel=\"canonical\" href=\"https:\/\/continent.lv\/ru\/product\/gorenje-gecs5c70wa\/\" \/>\n<meta property=\"og:locale\" content=\"ru_RU\" \/>\n<meta property=\"og:type\" content=\"article\" \/>\n<meta property=\"og:title\" content=\"Gorenje GECS5C70WA - Continent.lv\" \/>\n<meta property=\"og:description\" content=\"Pre\u010du z\u012bme Gorenje Sildvirsma Elektrisk\u0101Kr\u0101sa BaltaEnergoefektivit\u0101tes klase ASildri\u0146\u0137u skaits 4Produkta kods 740508EAN 3838782619755Izm\u0113ri, svarsAugstums 85 cmPlatums 50 cmDzi\u013cums 59.4 cmSvars 42.3 kgSvars ar iepakojumu 45.5 kgCepe\u0161kr\u0101sns parametriCepe\u0161kr\u0101sns veids ElektriskaCepe\u0161kr\u0101sns tilpums 70 lRe\u017e\u012bmi 11Konvekcija Grils cepe\u0161kr\u0101snij IrCepe\u0161kr\u0101sns t\u012br\u012b\u0161anas funkcija Katal\u012btisk\u0101Teleskopisk\u0101s vadotnes IrPiederumi 1 standarta panna, 1 dzi\u013c\u0101 panna, 1 re\u017e\u0123is\" \/>\n<meta property=\"og:url\" content=\"https:\/\/continent.lv\/ru\/product\/gorenje-gecs5c70wa\/\" \/>\n<meta property=\"og:site_name\" content=\"Continent.lv\" \/>\n<meta property=\"og:image\" content=\"https:\/\/continent.lv\/wp-content\/uploads\/2026\/05\/Gorenje_GECS5C70WA.jpeg\" \/>\n\t<meta property=\"og:image:width\" content=\"1024\" \/>\n\t<meta property=\"og:image:height\" content=\"1024\" \/>\n\t<meta property=\"og:image:type\" content=\"image\/jpeg\" \/>\n<meta name=\"twitter:card\" content=\"summary_large_image\" \/>\n<script type=\"application\/ld+json\" class=\"yoast-schema-graph\">{\"@context\":\"https:\\\/\\\/schema.org\",\"@graph\":[{\"@type\":\"WebPage\",\"@id\":\"https:\\\/\\\/continent.lv\\\/product\\\/gorenje-gecs5c70wa\\\/\",\"url\":\"https:\\\/\\\/continent.lv\\\/product\\\/gorenje-gecs5c70wa\\\/\",\"name\":\"Gorenje GECS5C70WA - Continent.lv\",\"isPartOf\":{\"@id\":\"https:\\\/\\\/continent.lv\\\/#website\"},\"primaryImageOfPage\":{\"@id\":\"https:\\\/\\\/continent.lv\\\/product\\\/gorenje-gecs5c70wa\\\/#primaryimage\"},\"image\":{\"@id\":\"https:\\\/\\\/continent.lv\\\/product\\\/gorenje-gecs5c70wa\\\/#primaryimage\"},\"thumbnailUrl\":\"https:\\\/\\\/continent.lv\\\/wp-content\\\/uploads\\\/2026\\\/05\\\/Gorenje_GECS5C70WA.jpeg\",\"datePublished\":\"2026-05-01T01:11:27+00:00\",\"breadcrumb\":{\"@id\":\"https:\\\/\\\/continent.lv\\\/product\\\/gorenje-gecs5c70wa\\\/#breadcrumb\"},\"inLanguage\":\"ru-RU\",\"potentialAction\":[{\"@type\":\"ReadAction\",\"target\":[\"https:\\\/\\\/continent.lv\\\/product\\\/gorenje-gecs5c70wa\\\/\"]}]},{\"@type\":\"ImageObject\",\"inLanguage\":\"ru-RU\",\"@id\":\"https:\\\/\\\/continent.lv\\\/product\\\/gorenje-gecs5c70wa\\\/#primaryimage\",\"url\":\"https:\\\/\\\/continent.lv\\\/wp-content\\\/uploads\\\/2026\\\/05\\\/Gorenje_GECS5C70WA.jpeg\",\"contentUrl\":\"https:\\\/\\\/continent.lv\\\/wp-content\\\/uploads\\\/2026\\\/05\\\/Gorenje_GECS5C70WA.jpeg\",\"width\":1024,\"height\":1024},{\"@type\":\"BreadcrumbList\",\"@id\":\"https:\\\/\\\/continent.lv\\\/product\\\/gorenje-gecs5c70wa\\\/#breadcrumb\",\"itemListElement\":[{\"@type\":\"ListItem\",\"position\":1,\"name\":\"Home\",\"item\":\"https:\\\/\\\/continent.lv\\\/\"},{\"@type\":\"ListItem\",\"position\":2,\"name\":\"Veikals\",\"item\":\"https:\\\/\\\/continent.lv\\\/shop\\\/\"},{\"@type\":\"ListItem\",\"position\":3,\"name\":\"Gorenje GECS5C70WA\"}]},{\"@type\":\"WebSite\",\"@id\":\"https:\\\/\\\/continent.lv\\\/#website\",\"url\":\"https:\\\/\\\/continent.lv\\\/\",\"name\":\"Continent.lv\",\"description\":\"Sadz\u012bves pre\u010du internetveikals\",\"publisher\":{\"@id\":\"https:\\\/\\\/continent.lv\\\/#organization\"},\"potentialAction\":[{\"@type\":\"SearchAction\",\"target\":{\"@type\":\"EntryPoint\",\"urlTemplate\":\"https:\\\/\\\/continent.lv\\\/?s={search_term_string}\"},\"query-input\":{\"@type\":\"PropertyValueSpecification\",\"valueRequired\":true,\"valueName\":\"search_term_string\"}}],\"inLanguage\":\"ru-RU\"},{\"@type\":\"Organization\",\"@id\":\"https:\\\/\\\/continent.lv\\\/#organization\",\"name\":\"Continent.lv\",\"url\":\"https:\\\/\\\/continent.lv\\\/\",\"logo\":{\"@type\":\"ImageObject\",\"inLanguage\":\"ru-RU\",\"@id\":\"https:\\\/\\\/continent.lv\\\/#\\\/schema\\\/logo\\\/image\\\/\",\"url\":\"https:\\\/\\\/continent.lv\\\/wp-content\\\/uploads\\\/2026\\\/05\\\/logo_continent_5nwv-jh.jpg\",\"contentUrl\":\"https:\\\/\\\/continent.lv\\\/wp-content\\\/uploads\\\/2026\\\/05\\\/logo_continent_5nwv-jh.jpg\",\"width\":221,\"height\":50,\"caption\":\"Continent.lv\"},\"image\":{\"@id\":\"https:\\\/\\\/continent.lv\\\/#\\\/schema\\\/logo\\\/image\\\/\"}}]}<\/script>\n<!-- \/ Yoast SEO plugin. -->","yoast_head_json":{"title":"Gorenje GECS5C70WA - Continent.lv","robots":{"index":"index","follow":"follow","max-snippet":"max-snippet:-1","max-image-preview":"max-image-preview:large","max-video-preview":"max-video-preview:-1"},"canonical":"https:\/\/continent.lv\/ru\/product\/gorenje-gecs5c70wa\/","og_locale":"ru_RU","og_type":"article","og_title":"Gorenje GECS5C70WA - Continent.lv","og_description":"Pre\u010du z\u012bme Gorenje Sildvirsma Elektrisk\u0101Kr\u0101sa BaltaEnergoefektivit\u0101tes klase ASildri\u0146\u0137u skaits 4Produkta kods 740508EAN 3838782619755Izm\u0113ri, svarsAugstums 85 cmPlatums 50 cmDzi\u013cums 59.4 cmSvars 42.3 kgSvars ar iepakojumu 45.5 kgCepe\u0161kr\u0101sns parametriCepe\u0161kr\u0101sns veids ElektriskaCepe\u0161kr\u0101sns tilpums 70 lRe\u017e\u012bmi 11Konvekcija Grils cepe\u0161kr\u0101snij IrCepe\u0161kr\u0101sns t\u012br\u012b\u0161anas funkcija Katal\u012btisk\u0101Teleskopisk\u0101s vadotnes IrPiederumi 1 standarta panna, 1 dzi\u013c\u0101 panna, 1 re\u017e\u0123is","og_url":"https:\/\/continent.lv\/ru\/product\/gorenje-gecs5c70wa\/","og_site_name":"Continent.lv","og_image":[{"width":1024,"height":1024,"url":"https:\/\/continent.lv\/wp-content\/uploads\/2026\/05\/Gorenje_GECS5C70WA.jpeg","type":"image\/jpeg"}],"twitter_card":"summary_large_image","schema":{"@context":"https:\/\/schema.org","@graph":[{"@type":"WebPage","@id":"https:\/\/continent.lv\/product\/gorenje-gecs5c70wa\/","url":"https:\/\/continent.lv\/product\/gorenje-gecs5c70wa\/","name":"Gorenje GECS5C70WA - Continent.lv","isPartOf":{"@id":"https:\/\/continent.lv\/#website"},"primaryImageOfPage":{"@id":"https:\/\/continent.lv\/product\/gorenje-gecs5c70wa\/#primaryimage"},"image":{"@id":"https:\/\/continent.lv\/product\/gorenje-gecs5c70wa\/#primaryimage"},"thumbnailUrl":"https:\/\/continent.lv\/wp-content\/uploads\/2026\/05\/Gorenje_GECS5C70WA.jpeg","datePublished":"2026-05-01T01:11:27+00:00","breadcrumb":{"@id":"https:\/\/continent.lv\/product\/gorenje-gecs5c70wa\/#breadcrumb"},"inLanguage":"ru-RU","potentialAction":[{"@type":"ReadAction","target":["https:\/\/continent.lv\/product\/gorenje-gecs5c70wa\/"]}]},{"@type":"ImageObject","inLanguage":"ru-RU","@id":"https:\/\/continent.lv\/product\/gorenje-gecs5c70wa\/#primaryimage","url":"https:\/\/continent.lv\/wp-content\/uploads\/2026\/05\/Gorenje_GECS5C70WA.jpeg","contentUrl":"https:\/\/continent.lv\/wp-content\/uploads\/2026\/05\/Gorenje_GECS5C70WA.jpeg","width":1024,"height":1024},{"@type":"BreadcrumbList","@id":"https:\/\/continent.lv\/product\/gorenje-gecs5c70wa\/#breadcrumb","itemListElement":[{"@type":"ListItem","position":1,"name":"Home","item":"https:\/\/continent.lv\/"},{"@type":"ListItem","position":2,"name":"Veikals","item":"https:\/\/continent.lv\/shop\/"},{"@type":"ListItem","position":3,"name":"Gorenje GECS5C70WA"}]},{"@type":"WebSite","@id":"https:\/\/continent.lv\/#website","url":"https:\/\/continent.lv\/","name":"Continent.lv","description":"Sadz\u012bves pre\u010du internetveikals","publisher":{"@id":"https:\/\/continent.lv\/#organization"},"potentialAction":[{"@type":"SearchAction","target":{"@type":"EntryPoint","urlTemplate":"https:\/\/continent.lv\/?s={search_term_string}"},"query-input":{"@type":"PropertyValueSpecification","valueRequired":true,"valueName":"search_term_string"}}],"inLanguage":"ru-RU"},{"@type":"Organization","@id":"https:\/\/continent.lv\/#organization","name":"Continent.lv","url":"https:\/\/continent.lv\/","logo":{"@type":"ImageObject","inLanguage":"ru-RU","@id":"https:\/\/continent.lv\/#\/schema\/logo\/image\/","url":"https:\/\/continent.lv\/wp-content\/uploads\/2026\/05\/logo_continent_5nwv-jh.jpg","contentUrl":"https:\/\/continent.lv\/wp-content\/uploads\/2026\/05\/logo_continent_5nwv-jh.jpg","width":221,"height":50,"caption":"Continent.lv"},"image":{"@id":"https:\/\/continent.lv\/#\/schema\/logo\/image\/"}}]}},"_links":{"self":[{"href":"https:\/\/continent.lv\/ru\/wp-json\/wp\/v2\/product\/31376","targetHints":{"allow":["GET"]}}],"collection":[{"href":"https:\/\/continent.lv\/ru\/wp-json\/wp\/v2\/product"}],"about":[{"href":"https:\/\/continent.lv\/ru\/wp-json\/wp\/v2\/types\/product"}],"replies":[{"embeddable":true,"href":"https:\/\/continent.lv\/ru\/wp-json\/wp\/v2\/comments?post=31376"}],"wp:featuredmedia":[{"embeddable":true,"href":"https:\/\/continent.lv\/ru\/wp-json\/wp\/v2\/media\/31370"}],"wp:attachment":[{"href":"https:\/\/continent.lv\/ru\/wp-json\/wp\/v2\/media?parent=31376"}],"wp:term":[{"taxonomy":"product_brand","embeddable":true,"href":"https:\/\/continent.lv\/ru\/wp-json\/wp\/v2\/product_brand?post=31376"},{"taxonomy":"product_cat","embeddable":true,"href":"https:\/\/continent.lv\/ru\/wp-json\/wp\/v2\/product_cat?post=31376"},{"taxonomy":"product_tag","embeddable":true,"href":"https:\/\/continent.lv\/ru\/wp-json\/wp\/v2\/product_tag?post=31376"}],"curies":[{"name":"wp","href":"https:\/\/api.w.org\/{rel}","templated":true}]}}