{"id":31167,"date":"2026-05-01T01:06:39","date_gmt":"2026-05-01T01:06:39","guid":{"rendered":"https:\/\/continent.lv\/product\/electrolux-eiv854-indukcijas\/"},"modified":"2026-05-01T01:06:39","modified_gmt":"2026-05-01T01:06:39","slug":"electrolux-eiv854-indukcijas","status":"publish","type":"product","link":"https:\/\/continent.lv\/ru\/product\/electrolux-eiv854-indukcijas\/","title":{"rendered":"Electrolux EIV854 \u0418\u043d\u0434\u0443\u043a\u0446\u0438\u043e\u043d\u043d\u0430\u044f"},"content":{"rendered":"<p class=\"translation-block\"><p>\u0422\u0438\u043f \u0443\u0441\u0442\u0430\u043d\u043e\u0432\u043a\u0438     \u041e\u0442\u0434\u0435\u043b\u044c\u043d\u043e\u0441\u0442\u043e\u044f\u0449\u0430\u044f<br>\u0422\u0438\u043f \u043f\u043e\u0432\u0435\u0440\u0445\u043d\u043e\u0441\u0442\u0438     \u0418\u043d\u0434\u0443\u043a\u0446\u0438\u043e\u043d\u043d\u0430\u044f<br>\u041c\u0430\u0442\u0435\u0440\u0438\u0430\u043b \u043f\u043e\u0432\u0435\u0440\u0445\u043d\u043e\u0441\u0442\u0438     \u0421\u0442\u0435\u043a\u043b\u043e\u043a\u0435\u0440\u0430\u043c\u0438\u043a\u0430<br>\u041a\u043e\u043b\u0438\u0447\u0435\u0441\u0442\u0432\u043e \u043a\u043e\u043d\u0444\u043e\u0440\u043e\u043a     4<br>\u0422\u0438\u043f \u043d\u0430\u0433\u0440\u0435\u0432\u0430\u0442\u0435\u043b\u044c\u043d\u044b\u0445 \u044d\u043b\u0435\u043c\u0435\u043d\u0442\u043e\u0432     Induction<br>\u0418\u043d\u0434\u0438\u043a\u0430\u0446\u0438\u044f \u043e\u0441\u0442\u0430\u0442\u043e\u0447\u043d\u043e\u0433\u043e \u0442\u0435\u043f\u043b\u0430     \u0414\u0430<br>\u0420\u0435\u0436\u0438\u043c\u044b \u043d\u0430\u0433\u0440\u0435\u0432\u0430     14<br>\u0424\u0443\u043d\u043a\u0446\u0438\u044f Booster     \u0414\u0430<br>\u0422\u0430\u0439\u043c\u0435\u0440     \u0414\u0430<br>Hob2Hood     \u0414\u0430<br>\u0420\u0430\u0441\u043f\u043e\u0437\u043d\u0430\u0432\u0430\u043d\u0438\u0435 \u043f\u043e\u0441\u0443\u0434\u044b     \u0414\u0430<br>\u0424\u0443\u043d\u043a\u0446\u0438\u0438 \u0431\u0435\u0437\u043e\u043f\u0430\u0441\u043d\u043e\u0441\u0442\u0438     \u0411\u043b\u043e\u043a\u0438\u0440\u043e\u0432\u043a\u0430 \u0443\u043f\u0440\u0430\u0432\u043b\u0435\u043d\u0438\u044f, \u0410\u0432\u0442\u043e\u043c\u0430\u0442\u0438\u0447\u0435\u0441\u043a\u043e\u0435 \u043e\u0442\u043a\u043b\u044e\u0447\u0435\u043d\u0438\u0435<br>\u0423\u043f\u0440\u0430\u0432\u043b\u0435\u043d\u0438\u0435     \u0421\u0435\u043d\u0441\u043e\u0440\u043d\u043e\u0435 \u0443\u043f\u0440\u0430\u0432\u043b\u0435\u043d\u0438\u0435<br>\u0414\u0438\u0441\u043f\u043b\u0435\u0439     LED \u0438\u043d\u0434\u0438\u043a\u0430\u0446\u0438\u044f<br>\u041a\u0440\u043e\u043c\u043a\u0430 \u043f\u043e\u0432\u0435\u0440\u0445\u043d\u043e\u0441\u0442\u0438     \u0421\u043a\u043e\u0448\u0435\u043d\u043d\u044b\u0439 \u043f\u0435\u0440\u0435\u0434\u043d\u0438\u0439 \u043a\u0440\u0430\u0439<br>\u0426\u0432\u0435\u0442     \u0427\u0435\u0440\u043d\u044b\u0439<br>\u0412\u044b\u0441\u043e\u0442\u0430, \u043c\u043c     44<br>\u0428\u0438\u0440\u0438\u043d\u0430, \u043c\u043c     780<br>\u0413\u043b\u0443\u0431\u0438\u043d\u0430, \u043c\u043c     520<\/p><\/p>","protected":false},"excerpt":{"rendered":"<p class=\"translation-block\"><p>\u0422\u0438\u043f \u0443\u0441\u0442\u0430\u043d\u043e\u0432\u043a\u0438     \u041e\u0442\u0434\u0435\u043b\u044c\u043d\u043e\u0441\u0442\u043e\u044f\u0449\u0430\u044f<br>\u0422\u0438\u043f \u043f\u043e\u0432\u0435\u0440\u0445\u043d\u043e\u0441\u0442\u0438     \u0418\u043d\u0434\u0443\u043a\u0446\u0438\u043e\u043d\u043d\u0430\u044f<br>\u041c\u0430\u0442\u0435\u0440\u0438\u0430\u043b \u043f\u043e\u0432\u0435\u0440\u0445\u043d\u043e\u0441\u0442\u0438     \u0421\u0442\u0435\u043a\u043b\u043e\u043a\u0435\u0440\u0430\u043c\u0438\u043a\u0430<br>\u041a\u043e\u043b\u0438\u0447\u0435\u0441\u0442\u0432\u043e \u043a\u043e\u043d\u0444\u043e\u0440\u043e\u043a     4<br>\u0422\u0438\u043f \u043d\u0430\u0433\u0440\u0435\u0432\u0430\u0442\u0435\u043b\u044c\u043d\u044b\u0445 \u044d\u043b\u0435\u043c\u0435\u043d\u0442\u043e\u0432     Induction<br>\u0418\u043d\u0434\u0438\u043a\u0430\u0446\u0438\u044f \u043e\u0441\u0442\u0430\u0442\u043e\u0447\u043d\u043e\u0433\u043e \u0442\u0435\u043f\u043b\u0430     \u0414\u0430<br>\u0420\u0435\u0436\u0438\u043c\u044b \u043d\u0430\u0433\u0440\u0435\u0432\u0430     14<br>\u0424\u0443\u043d\u043a\u0446\u0438\u044f Booster     \u0414\u0430<br>\u0422\u0430\u0439\u043c\u0435\u0440     \u0414\u0430<br>Hob2Hood     \u0414\u0430<br>\u0420\u0430\u0441\u043f\u043e\u0437\u043d\u0430\u0432\u0430\u043d\u0438\u0435 \u043f\u043e\u0441\u0443\u0434\u044b     \u0414\u0430<br>\u0424\u0443\u043d\u043a\u0446\u0438\u0438 \u0431\u0435\u0437\u043e\u043f\u0430\u0441\u043d\u043e\u0441\u0442\u0438     \u0411\u043b\u043e\u043a\u0438\u0440\u043e\u0432\u043a\u0430 \u0443\u043f\u0440\u0430\u0432\u043b\u0435\u043d\u0438\u044f, \u0410\u0432\u0442\u043e\u043c\u0430\u0442\u0438\u0447\u0435\u0441\u043a\u043e\u0435 \u043e\u0442\u043a\u043b\u044e\u0447\u0435\u043d\u0438\u0435<br>\u0423\u043f\u0440\u0430\u0432\u043b\u0435\u043d\u0438\u0435     \u0421\u0435\u043d\u0441\u043e\u0440\u043d\u043e\u0435 \u0443\u043f\u0440\u0430\u0432\u043b\u0435\u043d\u0438\u0435<br>\u0414\u0438\u0441\u043f\u043b\u0435\u0439     LED \u0438\u043d\u0434\u0438\u043a\u0430\u0446\u0438\u044f<br>\u041a\u0440\u043e\u043c\u043a\u0430 \u043f\u043e\u0432\u0435\u0440\u0445\u043d\u043e\u0441\u0442\u0438     \u0421\u043a\u043e\u0448\u0435\u043d\u043d\u044b\u0439 \u043f\u0435\u0440\u0435\u0434\u043d\u0438\u0439 \u043a\u0440\u0430\u0439<br>\u0426\u0432\u0435\u0442     \u0427\u0435\u0440\u043d\u044b\u0439<br>\u0412\u044b\u0441\u043e\u0442\u0430, \u043c\u043c     44<br>\u0428\u0438\u0440\u0438\u043d\u0430, \u043c\u043c     780<br>\u0413\u043b\u0443\u0431\u0438\u043d\u0430, \u043c\u043c     520<\/p><\/p>","protected":false},"featured_media":31165,"comment_status":"open","ping_status":"closed","template":"","meta":{"_joinchat":[]},"product_brand":[265],"product_cat":[264],"product_tag":[],"class_list":{"0":"post-31167","1":"product","2":"type-product","3":"status-publish","4":"has-post-thumbnail","6":"product_brand-electrolux","7":"product_cat-iebuvejama-sadzives-tehnika-iebuvejamas-elektriskas-plits-virsmas","9":"first","10":"instock","11":"shipping-taxable","12":"purchasable","13":"product-type-simple"},"yoast_head":"<!-- This site is optimized with the Yoast SEO plugin v27.5 - https:\/\/yoast.com\/product\/yoast-seo-wordpress\/ -->\n<title>Electrolux EIV854 Indukcijas - Continent.lv<\/title>\n<meta name=\"robots\" content=\"index, follow, max-snippet:-1, max-image-preview:large, max-video-preview:-1\" \/>\n<link rel=\"canonical\" href=\"https:\/\/continent.lv\/ru\/product\/electrolux-eiv854-indukcijas\/\" \/>\n<meta property=\"og:locale\" content=\"ru_RU\" \/>\n<meta property=\"og:type\" content=\"article\" \/>\n<meta property=\"og:title\" content=\"Electrolux EIV854 Indukcijas - Continent.lv\" \/>\n<meta property=\"og:description\" content=\"Uzst\u0101d\u012b\u0161anas veids Neatkar\u012bg\u0101Virsmas veids IndukcijasVirsmas materi\u0101ls Stikla keramisk\u0101Sildri\u0146\u0137u\/degu skaits 4Sildelementu veids InductionAtliku\u0161\u0101 siltuma indik\u0101cija J\u0101Sild\u012b\u0161\u0101nas re\u017e\u012bmi 14Booster J\u0101Taimeris J\u0101Hob2Hood J\u0101Trauka atpaz\u012b\u0161ana J\u0101Dro\u0161\u012bbas funkcijas Vad\u012bbas blo\u0137\u0113\u0161ana, Autom\u0101tiska izsl\u0113g\u0161an\u0101sVad\u012bba Sk\u0101rienj\u016bt\u012bg\u0101 vad\u012bbaDisplejs LED indikacijaVirsmas apmale Ar sl\u012bpu malu priek\u0161\u0101Kr\u0101sa MelnaAugstums, mm 44Platums, mm 780Dzi\u013cums, mm 520\" \/>\n<meta property=\"og:url\" content=\"https:\/\/continent.lv\/ru\/product\/electrolux-eiv854-indukcijas\/\" \/>\n<meta property=\"og:site_name\" content=\"Continent.lv\" \/>\n<meta property=\"og:image\" content=\"https:\/\/continent.lv\/wp-content\/uploads\/2026\/05\/EIV854.jpeg\" \/>\n\t<meta property=\"og:image:width\" content=\"280\" \/>\n\t<meta property=\"og:image:height\" content=\"280\" \/>\n\t<meta property=\"og:image:type\" content=\"image\/jpeg\" \/>\n<meta name=\"twitter:card\" content=\"summary_large_image\" \/>\n<script type=\"application\/ld+json\" class=\"yoast-schema-graph\">{\"@context\":\"https:\\\/\\\/schema.org\",\"@graph\":[{\"@type\":\"WebPage\",\"@id\":\"https:\\\/\\\/continent.lv\\\/product\\\/electrolux-eiv854-indukcijas\\\/\",\"url\":\"https:\\\/\\\/continent.lv\\\/product\\\/electrolux-eiv854-indukcijas\\\/\",\"name\":\"Electrolux EIV854 Indukcijas - Continent.lv\",\"isPartOf\":{\"@id\":\"https:\\\/\\\/continent.lv\\\/#website\"},\"primaryImageOfPage\":{\"@id\":\"https:\\\/\\\/continent.lv\\\/product\\\/electrolux-eiv854-indukcijas\\\/#primaryimage\"},\"image\":{\"@id\":\"https:\\\/\\\/continent.lv\\\/product\\\/electrolux-eiv854-indukcijas\\\/#primaryimage\"},\"thumbnailUrl\":\"https:\\\/\\\/continent.lv\\\/wp-content\\\/uploads\\\/2026\\\/05\\\/EIV854.jpeg\",\"datePublished\":\"2026-05-01T01:06:39+00:00\",\"breadcrumb\":{\"@id\":\"https:\\\/\\\/continent.lv\\\/product\\\/electrolux-eiv854-indukcijas\\\/#breadcrumb\"},\"inLanguage\":\"ru-RU\",\"potentialAction\":[{\"@type\":\"ReadAction\",\"target\":[\"https:\\\/\\\/continent.lv\\\/product\\\/electrolux-eiv854-indukcijas\\\/\"]}]},{\"@type\":\"ImageObject\",\"inLanguage\":\"ru-RU\",\"@id\":\"https:\\\/\\\/continent.lv\\\/product\\\/electrolux-eiv854-indukcijas\\\/#primaryimage\",\"url\":\"https:\\\/\\\/continent.lv\\\/wp-content\\\/uploads\\\/2026\\\/05\\\/EIV854.jpeg\",\"contentUrl\":\"https:\\\/\\\/continent.lv\\\/wp-content\\\/uploads\\\/2026\\\/05\\\/EIV854.jpeg\",\"width\":280,\"height\":280},{\"@type\":\"BreadcrumbList\",\"@id\":\"https:\\\/\\\/continent.lv\\\/product\\\/electrolux-eiv854-indukcijas\\\/#breadcrumb\",\"itemListElement\":[{\"@type\":\"ListItem\",\"position\":1,\"name\":\"Home\",\"item\":\"https:\\\/\\\/continent.lv\\\/\"},{\"@type\":\"ListItem\",\"position\":2,\"name\":\"Veikals\",\"item\":\"https:\\\/\\\/continent.lv\\\/shop\\\/\"},{\"@type\":\"ListItem\",\"position\":3,\"name\":\"Electrolux EIV854 Indukcijas\"}]},{\"@type\":\"WebSite\",\"@id\":\"https:\\\/\\\/continent.lv\\\/#website\",\"url\":\"https:\\\/\\\/continent.lv\\\/\",\"name\":\"Continent.lv\",\"description\":\"Sadz\u012bves pre\u010du internetveikals\",\"publisher\":{\"@id\":\"https:\\\/\\\/continent.lv\\\/#organization\"},\"potentialAction\":[{\"@type\":\"SearchAction\",\"target\":{\"@type\":\"EntryPoint\",\"urlTemplate\":\"https:\\\/\\\/continent.lv\\\/?s={search_term_string}\"},\"query-input\":{\"@type\":\"PropertyValueSpecification\",\"valueRequired\":true,\"valueName\":\"search_term_string\"}}],\"inLanguage\":\"ru-RU\"},{\"@type\":\"Organization\",\"@id\":\"https:\\\/\\\/continent.lv\\\/#organization\",\"name\":\"Continent.lv\",\"url\":\"https:\\\/\\\/continent.lv\\\/\",\"logo\":{\"@type\":\"ImageObject\",\"inLanguage\":\"ru-RU\",\"@id\":\"https:\\\/\\\/continent.lv\\\/#\\\/schema\\\/logo\\\/image\\\/\",\"url\":\"https:\\\/\\\/continent.lv\\\/wp-content\\\/uploads\\\/2026\\\/05\\\/logo_continent_5nwv-jh.jpg\",\"contentUrl\":\"https:\\\/\\\/continent.lv\\\/wp-content\\\/uploads\\\/2026\\\/05\\\/logo_continent_5nwv-jh.jpg\",\"width\":221,\"height\":50,\"caption\":\"Continent.lv\"},\"image\":{\"@id\":\"https:\\\/\\\/continent.lv\\\/#\\\/schema\\\/logo\\\/image\\\/\"}}]}<\/script>\n<!-- \/ Yoast SEO plugin. -->","yoast_head_json":{"title":"Electrolux EIV854 Indukcijas - Continent.lv","robots":{"index":"index","follow":"follow","max-snippet":"max-snippet:-1","max-image-preview":"max-image-preview:large","max-video-preview":"max-video-preview:-1"},"canonical":"https:\/\/continent.lv\/ru\/product\/electrolux-eiv854-indukcijas\/","og_locale":"ru_RU","og_type":"article","og_title":"Electrolux EIV854 Indukcijas - Continent.lv","og_description":"Uzst\u0101d\u012b\u0161anas veids Neatkar\u012bg\u0101Virsmas veids IndukcijasVirsmas materi\u0101ls Stikla keramisk\u0101Sildri\u0146\u0137u\/degu skaits 4Sildelementu veids InductionAtliku\u0161\u0101 siltuma indik\u0101cija J\u0101Sild\u012b\u0161\u0101nas re\u017e\u012bmi 14Booster J\u0101Taimeris J\u0101Hob2Hood J\u0101Trauka atpaz\u012b\u0161ana J\u0101Dro\u0161\u012bbas funkcijas Vad\u012bbas blo\u0137\u0113\u0161ana, Autom\u0101tiska izsl\u0113g\u0161an\u0101sVad\u012bba Sk\u0101rienj\u016bt\u012bg\u0101 vad\u012bbaDisplejs LED indikacijaVirsmas apmale Ar sl\u012bpu malu priek\u0161\u0101Kr\u0101sa MelnaAugstums, mm 44Platums, mm 780Dzi\u013cums, mm 520","og_url":"https:\/\/continent.lv\/ru\/product\/electrolux-eiv854-indukcijas\/","og_site_name":"Continent.lv","og_image":[{"width":280,"height":280,"url":"https:\/\/continent.lv\/wp-content\/uploads\/2026\/05\/EIV854.jpeg","type":"image\/jpeg"}],"twitter_card":"summary_large_image","schema":{"@context":"https:\/\/schema.org","@graph":[{"@type":"WebPage","@id":"https:\/\/continent.lv\/product\/electrolux-eiv854-indukcijas\/","url":"https:\/\/continent.lv\/product\/electrolux-eiv854-indukcijas\/","name":"Electrolux EIV854 Indukcijas - Continent.lv","isPartOf":{"@id":"https:\/\/continent.lv\/#website"},"primaryImageOfPage":{"@id":"https:\/\/continent.lv\/product\/electrolux-eiv854-indukcijas\/#primaryimage"},"image":{"@id":"https:\/\/continent.lv\/product\/electrolux-eiv854-indukcijas\/#primaryimage"},"thumbnailUrl":"https:\/\/continent.lv\/wp-content\/uploads\/2026\/05\/EIV854.jpeg","datePublished":"2026-05-01T01:06:39+00:00","breadcrumb":{"@id":"https:\/\/continent.lv\/product\/electrolux-eiv854-indukcijas\/#breadcrumb"},"inLanguage":"ru-RU","potentialAction":[{"@type":"ReadAction","target":["https:\/\/continent.lv\/product\/electrolux-eiv854-indukcijas\/"]}]},{"@type":"ImageObject","inLanguage":"ru-RU","@id":"https:\/\/continent.lv\/product\/electrolux-eiv854-indukcijas\/#primaryimage","url":"https:\/\/continent.lv\/wp-content\/uploads\/2026\/05\/EIV854.jpeg","contentUrl":"https:\/\/continent.lv\/wp-content\/uploads\/2026\/05\/EIV854.jpeg","width":280,"height":280},{"@type":"BreadcrumbList","@id":"https:\/\/continent.lv\/product\/electrolux-eiv854-indukcijas\/#breadcrumb","itemListElement":[{"@type":"ListItem","position":1,"name":"Home","item":"https:\/\/continent.lv\/"},{"@type":"ListItem","position":2,"name":"Veikals","item":"https:\/\/continent.lv\/shop\/"},{"@type":"ListItem","position":3,"name":"Electrolux EIV854 Indukcijas"}]},{"@type":"WebSite","@id":"https:\/\/continent.lv\/#website","url":"https:\/\/continent.lv\/","name":"Continent.lv","description":"Sadz\u012bves pre\u010du internetveikals","publisher":{"@id":"https:\/\/continent.lv\/#organization"},"potentialAction":[{"@type":"SearchAction","target":{"@type":"EntryPoint","urlTemplate":"https:\/\/continent.lv\/?s={search_term_string}"},"query-input":{"@type":"PropertyValueSpecification","valueRequired":true,"valueName":"search_term_string"}}],"inLanguage":"ru-RU"},{"@type":"Organization","@id":"https:\/\/continent.lv\/#organization","name":"Continent.lv","url":"https:\/\/continent.lv\/","logo":{"@type":"ImageObject","inLanguage":"ru-RU","@id":"https:\/\/continent.lv\/#\/schema\/logo\/image\/","url":"https:\/\/continent.lv\/wp-content\/uploads\/2026\/05\/logo_continent_5nwv-jh.jpg","contentUrl":"https:\/\/continent.lv\/wp-content\/uploads\/2026\/05\/logo_continent_5nwv-jh.jpg","width":221,"height":50,"caption":"Continent.lv"},"image":{"@id":"https:\/\/continent.lv\/#\/schema\/logo\/image\/"}}]}},"_links":{"self":[{"href":"https:\/\/continent.lv\/ru\/wp-json\/wp\/v2\/product\/31167","targetHints":{"allow":["GET"]}}],"collection":[{"href":"https:\/\/continent.lv\/ru\/wp-json\/wp\/v2\/product"}],"about":[{"href":"https:\/\/continent.lv\/ru\/wp-json\/wp\/v2\/types\/product"}],"replies":[{"embeddable":true,"href":"https:\/\/continent.lv\/ru\/wp-json\/wp\/v2\/comments?post=31167"}],"wp:featuredmedia":[{"embeddable":true,"href":"https:\/\/continent.lv\/ru\/wp-json\/wp\/v2\/media\/31165"}],"wp:attachment":[{"href":"https:\/\/continent.lv\/ru\/wp-json\/wp\/v2\/media?parent=31167"}],"wp:term":[{"taxonomy":"product_brand","embeddable":true,"href":"https:\/\/continent.lv\/ru\/wp-json\/wp\/v2\/product_brand?post=31167"},{"taxonomy":"product_cat","embeddable":true,"href":"https:\/\/continent.lv\/ru\/wp-json\/wp\/v2\/product_cat?post=31167"},{"taxonomy":"product_tag","embeddable":true,"href":"https:\/\/continent.lv\/ru\/wp-json\/wp\/v2\/product_tag?post=31167"}],"curies":[{"name":"wp","href":"https:\/\/api.w.org\/{rel}","templated":true}]}}