{"id":31132,"date":"2026-05-01T01:06:01","date_gmt":"2026-05-01T01:06:01","guid":{"rendered":"https:\/\/continent.lv\/product\/electrolux-lkk560203w\/"},"modified":"2026-05-01T01:06:01","modified_gmt":"2026-05-01T01:06:01","slug":"electrolux-lkk560203w","status":"publish","type":"product","link":"https:\/\/continent.lv\/ru\/product\/electrolux-lkk560203w\/","title":{"rendered":"Electrolux LKK560203W"},"content":{"rendered":"<p class=\"translation-block\"><p>\u0411\u0440\u0435\u043d\u0434 Electrolux<br>\u0422\u0438\u043f \u043f\u043e\u0432\u0435\u0440\u0445\u043d\u043e\u0441\u0442\u0438 \u0413\u0430\u0437\u043e\u0432\u0430\u044f<br>\u0426\u0432\u0435\u0442 \u0411\u0435\u043b\u044b\u0439<br>\u041a\u043b\u0430\u0441\u0441 \u044d\u043d\u0435\u0440\u0433\u043e\u044d\u0444\u0444\u0435\u043a\u0442\u0438\u0432\u043d\u043e\u0441\u0442\u0438 A<br>\u041a\u043e\u043b\u0438\u0447\u0435\u0441\u0442\u0432\u043e \u0433\u0430\u0437\u043e\u0432\u044b\u0445 \u043a\u043e\u043d\u0444\u043e\u0440\u043e\u043a 4<br>\u042d\u043b\u0435\u043a\u0442\u0440\u043e\u043f\u043e\u0434\u0436\u0438\u0433 \u0415\u0441\u0442\u044c<br>\u041a\u043e\u0434 \u043f\u0440\u043e\u0434\u0443\u043a\u0442\u0430 943005353<br>\u0420\u0430\u0437\u043c\u0435\u0440\u044b, \u0432\u0435\u0441<br>\u0412\u044b\u0441\u043e\u0442\u0430 85 \u0441\u043c<br>\u0428\u0438\u0440\u0438\u043d\u0430 50 \u0441\u043c<br>\u0413\u043b\u0443\u0431\u0438\u043d\u0430 60 \u0441\u043c<br>\u0412\u0435\u0441 49 \u043a\u0433<br>\u0412\u0435\u0441 \u0441 \u0443\u043f\u0430\u043a\u043e\u0432\u043a\u043e\u0439 53 \u043a\u0433<br>\u0425\u0430\u0440\u0430\u043a\u0442\u0435\u0440\u0438\u0441\u0442\u0438\u043a\u0438 \u0434\u0443\u0445\u043e\u0432\u043a\u0438<br>\u0422\u0438\u043f \u0434\u0443\u0445\u043e\u0432\u043a\u0438 \u042d\u043b\u0435\u043a\u0442\u0440\u0438\u0447\u0435\u0441\u043a\u0430\u044f<br>\u041e\u0431\u044a\u0435\u043c \u0434\u0443\u0445\u043e\u0432\u043a\u0438 58 \u043b<br>\u0420\u0435\u0436\u0438\u043c\u044b 10<br>\u0422\u0430\u0439\u043c\u0435\u0440 \u0434\u0443\u0445\u043e\u0432\u043a\u0438 \u0415\u0441\u0442\u044c<br>\u041a\u043e\u043d\u0432\u0435\u043a\u0446\u0438\u044f<br>\u0413\u0440\u0438\u043b\u044c \u0415\u0441\u0442\u044c<br>\u0424\u0443\u043d\u043a\u0446\u0438\u044f \u043e\u0447\u0438\u0441\u0442\u043a\u0438 \u0434\u0443\u0445\u043e\u0432\u043a\u0438 \u0413\u0438\u0434\u0440\u043e\u043b\u0438\u0442\u0438\u0447\u0435\u0441\u043a\u0430\u044f<br>\u041a\u0440\u044b\u0448\u043a\u0430 \u043f\u043b\u0438\u0442\u044b \u0421\u0442\u0435\u043a\u043b\u044f\u043d\u043d\u0430\u044f<br>\u0414\u0440\u0443\u0433\u0438\u0435 \u043f\u0430\u0440\u0430\u043c\u0435\u0442\u0440\u044b<br>\u0413\u0430\u0437\u043e\u0432\u044b\u0439 \u043a\u043e\u043d\u0442\u0440\u043e\u043b\u044c \u043f\u043b\u0438\u0442\u044b<br>\u0414\u043e\u043f\u043e\u043b\u043d\u0438\u0442\u0435\u043b\u044c\u043d\u0430\u044f \u0438\u043d\u0444\u043e\u0440\u043c\u0430\u0446\u0438\u044f \u0421\u043f\u0435\u0446\u0438\u0430\u043b\u044c\u043d\u044b\u0439 \u043f\u0435\u0440\u0444\u043e\u0440\u0438\u0440\u043e\u0432\u0430\u043d\u043d\u044b\u0439 \u043f\u0440\u043e\u0442\u0438\u0432\u0435\u043d\u044c AirFry<br>\u041a\u043e\u043c\u043f\u043b\u0435\u043a\u0442\u0430\u0446\u0438\u044f 3 \u043f\u0440\u043e\u0442\u0438\u0432\u043d\u044f, 1 \u0440\u0435\u0448\u0435\u0442\u043a\u0430<\/p><p><\/p><\/p><\/p>","protected":false},"excerpt":{"rendered":"<p>Pre\u010du z\u012bme ElectroluxVirsmas tips G\u0101zesKr\u0101sa BaltaEnergoefektivit\u0101tes klase AG\u0101zes deg\u013cu skaits 4Elektrisk\u0101 aizdedze IrProdukta kods 943005353Izm\u0113ri, svarsAugstums 85 cmPlatums 50 cmDzi\u013cums 60 cmSvars 49 kgSvars ar iepakojumu 53 kgCepe\u0161kr\u0101sns parametriCepe\u0161kr\u0101sns veids ElektriskaCepe\u0161kr\u0101sns tilpums 58 lRe\u017e\u012bmi 10Taimeris cepe\u0161kr\u0101snij IrKonvekcija Grils IrCepe\u0161kr\u0101sns t\u012br\u012b\u0161anas funkcija Hidrol\u012btisk\u0101Pl\u012bts v\u0101ks StiklaCiti parametriG\u0101zes kontrole pl\u012bts virsmai Papildus inform\u0101cija AirFry \u012bpa\u0161a perfor\u0113ta cepe\u0161pannaPiederumi 3 [&hellip;]<\/p>\n","protected":false},"featured_media":31129,"comment_status":"open","ping_status":"closed","template":"","meta":{"_joinchat":[]},"product_brand":[265],"product_cat":[277],"product_tag":[],"class_list":{"0":"post-31132","1":"product","2":"type-product","3":"status-publish","4":"has-post-thumbnail","6":"product_brand-electrolux","7":"product_cat-sadzives-tehnika-gazes-plitis","9":"first","10":"instock","11":"shipping-taxable","12":"purchasable","13":"product-type-simple"},"yoast_head":"<!-- This site is optimized with the Yoast SEO plugin v27.5 - https:\/\/yoast.com\/product\/yoast-seo-wordpress\/ -->\n<title>Electrolux LKK560203W - Continent.lv<\/title>\n<meta name=\"robots\" content=\"index, follow, max-snippet:-1, max-image-preview:large, max-video-preview:-1\" \/>\n<link rel=\"canonical\" href=\"https:\/\/continent.lv\/ru\/product\/electrolux-lkk560203w\/\" \/>\n<meta property=\"og:locale\" content=\"ru_RU\" \/>\n<meta property=\"og:type\" content=\"article\" \/>\n<meta property=\"og:title\" content=\"Electrolux LKK560203W - Continent.lv\" \/>\n<meta property=\"og:description\" content=\"Pre\u010du z\u012bme ElectroluxVirsmas tips G\u0101zesKr\u0101sa BaltaEnergoefektivit\u0101tes klase AG\u0101zes deg\u013cu skaits 4Elektrisk\u0101 aizdedze IrProdukta kods 943005353Izm\u0113ri, svarsAugstums 85 cmPlatums 50 cmDzi\u013cums 60 cmSvars 49 kgSvars ar iepakojumu 53 kgCepe\u0161kr\u0101sns parametriCepe\u0161kr\u0101sns veids ElektriskaCepe\u0161kr\u0101sns tilpums 58 lRe\u017e\u012bmi 10Taimeris cepe\u0161kr\u0101snij IrKonvekcija Grils IrCepe\u0161kr\u0101sns t\u012br\u012b\u0161anas funkcija Hidrol\u012btisk\u0101Pl\u012bts v\u0101ks StiklaCiti parametriG\u0101zes kontrole pl\u012bts virsmai Papildus inform\u0101cija AirFry \u012bpa\u0161a perfor\u0113ta cepe\u0161pannaPiederumi 3 [&hellip;]\" \/>\n<meta property=\"og:url\" content=\"https:\/\/continent.lv\/ru\/product\/electrolux-lkk560203w\/\" \/>\n<meta property=\"og:site_name\" content=\"Continent.lv\" \/>\n<meta property=\"og:image\" content=\"https:\/\/continent.lv\/wp-content\/uploads\/2026\/05\/Electrolux_LKK560203W.jpeg\" \/>\n\t<meta property=\"og:image:width\" content=\"700\" \/>\n\t<meta property=\"og:image:height\" content=\"700\" \/>\n\t<meta property=\"og:image:type\" content=\"image\/jpeg\" \/>\n<meta name=\"twitter:card\" content=\"summary_large_image\" \/>\n<script type=\"application\/ld+json\" class=\"yoast-schema-graph\">{\"@context\":\"https:\\\/\\\/schema.org\",\"@graph\":[{\"@type\":\"WebPage\",\"@id\":\"https:\\\/\\\/continent.lv\\\/product\\\/electrolux-lkk560203w\\\/\",\"url\":\"https:\\\/\\\/continent.lv\\\/product\\\/electrolux-lkk560203w\\\/\",\"name\":\"Electrolux LKK560203W - Continent.lv\",\"isPartOf\":{\"@id\":\"https:\\\/\\\/continent.lv\\\/#website\"},\"primaryImageOfPage\":{\"@id\":\"https:\\\/\\\/continent.lv\\\/product\\\/electrolux-lkk560203w\\\/#primaryimage\"},\"image\":{\"@id\":\"https:\\\/\\\/continent.lv\\\/product\\\/electrolux-lkk560203w\\\/#primaryimage\"},\"thumbnailUrl\":\"https:\\\/\\\/continent.lv\\\/wp-content\\\/uploads\\\/2026\\\/05\\\/Electrolux_LKK560203W.jpeg\",\"datePublished\":\"2026-05-01T01:06:01+00:00\",\"breadcrumb\":{\"@id\":\"https:\\\/\\\/continent.lv\\\/product\\\/electrolux-lkk560203w\\\/#breadcrumb\"},\"inLanguage\":\"ru-RU\",\"potentialAction\":[{\"@type\":\"ReadAction\",\"target\":[\"https:\\\/\\\/continent.lv\\\/product\\\/electrolux-lkk560203w\\\/\"]}]},{\"@type\":\"ImageObject\",\"inLanguage\":\"ru-RU\",\"@id\":\"https:\\\/\\\/continent.lv\\\/product\\\/electrolux-lkk560203w\\\/#primaryimage\",\"url\":\"https:\\\/\\\/continent.lv\\\/wp-content\\\/uploads\\\/2026\\\/05\\\/Electrolux_LKK560203W.jpeg\",\"contentUrl\":\"https:\\\/\\\/continent.lv\\\/wp-content\\\/uploads\\\/2026\\\/05\\\/Electrolux_LKK560203W.jpeg\",\"width\":700,\"height\":700},{\"@type\":\"BreadcrumbList\",\"@id\":\"https:\\\/\\\/continent.lv\\\/product\\\/electrolux-lkk560203w\\\/#breadcrumb\",\"itemListElement\":[{\"@type\":\"ListItem\",\"position\":1,\"name\":\"Home\",\"item\":\"https:\\\/\\\/continent.lv\\\/\"},{\"@type\":\"ListItem\",\"position\":2,\"name\":\"Veikals\",\"item\":\"https:\\\/\\\/continent.lv\\\/shop\\\/\"},{\"@type\":\"ListItem\",\"position\":3,\"name\":\"Electrolux LKK560203W\"}]},{\"@type\":\"WebSite\",\"@id\":\"https:\\\/\\\/continent.lv\\\/#website\",\"url\":\"https:\\\/\\\/continent.lv\\\/\",\"name\":\"Continent.lv\",\"description\":\"Sadz\u012bves pre\u010du internetveikals\",\"publisher\":{\"@id\":\"https:\\\/\\\/continent.lv\\\/#organization\"},\"potentialAction\":[{\"@type\":\"SearchAction\",\"target\":{\"@type\":\"EntryPoint\",\"urlTemplate\":\"https:\\\/\\\/continent.lv\\\/?s={search_term_string}\"},\"query-input\":{\"@type\":\"PropertyValueSpecification\",\"valueRequired\":true,\"valueName\":\"search_term_string\"}}],\"inLanguage\":\"ru-RU\"},{\"@type\":\"Organization\",\"@id\":\"https:\\\/\\\/continent.lv\\\/#organization\",\"name\":\"Continent.lv\",\"url\":\"https:\\\/\\\/continent.lv\\\/\",\"logo\":{\"@type\":\"ImageObject\",\"inLanguage\":\"ru-RU\",\"@id\":\"https:\\\/\\\/continent.lv\\\/#\\\/schema\\\/logo\\\/image\\\/\",\"url\":\"https:\\\/\\\/continent.lv\\\/wp-content\\\/uploads\\\/2026\\\/05\\\/logo_continent_5nwv-jh.jpg\",\"contentUrl\":\"https:\\\/\\\/continent.lv\\\/wp-content\\\/uploads\\\/2026\\\/05\\\/logo_continent_5nwv-jh.jpg\",\"width\":221,\"height\":50,\"caption\":\"Continent.lv\"},\"image\":{\"@id\":\"https:\\\/\\\/continent.lv\\\/#\\\/schema\\\/logo\\\/image\\\/\"}}]}<\/script>\n<!-- \/ Yoast SEO plugin. -->","yoast_head_json":{"title":"Electrolux LKK560203W - Continent.lv","robots":{"index":"index","follow":"follow","max-snippet":"max-snippet:-1","max-image-preview":"max-image-preview:large","max-video-preview":"max-video-preview:-1"},"canonical":"https:\/\/continent.lv\/ru\/product\/electrolux-lkk560203w\/","og_locale":"ru_RU","og_type":"article","og_title":"Electrolux LKK560203W - Continent.lv","og_description":"Pre\u010du z\u012bme ElectroluxVirsmas tips G\u0101zesKr\u0101sa BaltaEnergoefektivit\u0101tes klase AG\u0101zes deg\u013cu skaits 4Elektrisk\u0101 aizdedze IrProdukta kods 943005353Izm\u0113ri, svarsAugstums 85 cmPlatums 50 cmDzi\u013cums 60 cmSvars 49 kgSvars ar iepakojumu 53 kgCepe\u0161kr\u0101sns parametriCepe\u0161kr\u0101sns veids ElektriskaCepe\u0161kr\u0101sns tilpums 58 lRe\u017e\u012bmi 10Taimeris cepe\u0161kr\u0101snij IrKonvekcija Grils IrCepe\u0161kr\u0101sns t\u012br\u012b\u0161anas funkcija Hidrol\u012btisk\u0101Pl\u012bts v\u0101ks StiklaCiti parametriG\u0101zes kontrole pl\u012bts virsmai Papildus inform\u0101cija AirFry \u012bpa\u0161a perfor\u0113ta cepe\u0161pannaPiederumi 3 [&hellip;]","og_url":"https:\/\/continent.lv\/ru\/product\/electrolux-lkk560203w\/","og_site_name":"Continent.lv","og_image":[{"width":700,"height":700,"url":"https:\/\/continent.lv\/wp-content\/uploads\/2026\/05\/Electrolux_LKK560203W.jpeg","type":"image\/jpeg"}],"twitter_card":"summary_large_image","schema":{"@context":"https:\/\/schema.org","@graph":[{"@type":"WebPage","@id":"https:\/\/continent.lv\/product\/electrolux-lkk560203w\/","url":"https:\/\/continent.lv\/product\/electrolux-lkk560203w\/","name":"Electrolux LKK560203W - Continent.lv","isPartOf":{"@id":"https:\/\/continent.lv\/#website"},"primaryImageOfPage":{"@id":"https:\/\/continent.lv\/product\/electrolux-lkk560203w\/#primaryimage"},"image":{"@id":"https:\/\/continent.lv\/product\/electrolux-lkk560203w\/#primaryimage"},"thumbnailUrl":"https:\/\/continent.lv\/wp-content\/uploads\/2026\/05\/Electrolux_LKK560203W.jpeg","datePublished":"2026-05-01T01:06:01+00:00","breadcrumb":{"@id":"https:\/\/continent.lv\/product\/electrolux-lkk560203w\/#breadcrumb"},"inLanguage":"ru-RU","potentialAction":[{"@type":"ReadAction","target":["https:\/\/continent.lv\/product\/electrolux-lkk560203w\/"]}]},{"@type":"ImageObject","inLanguage":"ru-RU","@id":"https:\/\/continent.lv\/product\/electrolux-lkk560203w\/#primaryimage","url":"https:\/\/continent.lv\/wp-content\/uploads\/2026\/05\/Electrolux_LKK560203W.jpeg","contentUrl":"https:\/\/continent.lv\/wp-content\/uploads\/2026\/05\/Electrolux_LKK560203W.jpeg","width":700,"height":700},{"@type":"BreadcrumbList","@id":"https:\/\/continent.lv\/product\/electrolux-lkk560203w\/#breadcrumb","itemListElement":[{"@type":"ListItem","position":1,"name":"Home","item":"https:\/\/continent.lv\/"},{"@type":"ListItem","position":2,"name":"Veikals","item":"https:\/\/continent.lv\/shop\/"},{"@type":"ListItem","position":3,"name":"Electrolux LKK560203W"}]},{"@type":"WebSite","@id":"https:\/\/continent.lv\/#website","url":"https:\/\/continent.lv\/","name":"Continent.lv","description":"Sadz\u012bves pre\u010du internetveikals","publisher":{"@id":"https:\/\/continent.lv\/#organization"},"potentialAction":[{"@type":"SearchAction","target":{"@type":"EntryPoint","urlTemplate":"https:\/\/continent.lv\/?s={search_term_string}"},"query-input":{"@type":"PropertyValueSpecification","valueRequired":true,"valueName":"search_term_string"}}],"inLanguage":"ru-RU"},{"@type":"Organization","@id":"https:\/\/continent.lv\/#organization","name":"Continent.lv","url":"https:\/\/continent.lv\/","logo":{"@type":"ImageObject","inLanguage":"ru-RU","@id":"https:\/\/continent.lv\/#\/schema\/logo\/image\/","url":"https:\/\/continent.lv\/wp-content\/uploads\/2026\/05\/logo_continent_5nwv-jh.jpg","contentUrl":"https:\/\/continent.lv\/wp-content\/uploads\/2026\/05\/logo_continent_5nwv-jh.jpg","width":221,"height":50,"caption":"Continent.lv"},"image":{"@id":"https:\/\/continent.lv\/#\/schema\/logo\/image\/"}}]}},"_links":{"self":[{"href":"https:\/\/continent.lv\/ru\/wp-json\/wp\/v2\/product\/31132","targetHints":{"allow":["GET"]}}],"collection":[{"href":"https:\/\/continent.lv\/ru\/wp-json\/wp\/v2\/product"}],"about":[{"href":"https:\/\/continent.lv\/ru\/wp-json\/wp\/v2\/types\/product"}],"replies":[{"embeddable":true,"href":"https:\/\/continent.lv\/ru\/wp-json\/wp\/v2\/comments?post=31132"}],"wp:featuredmedia":[{"embeddable":true,"href":"https:\/\/continent.lv\/ru\/wp-json\/wp\/v2\/media\/31129"}],"wp:attachment":[{"href":"https:\/\/continent.lv\/ru\/wp-json\/wp\/v2\/media?parent=31132"}],"wp:term":[{"taxonomy":"product_brand","embeddable":true,"href":"https:\/\/continent.lv\/ru\/wp-json\/wp\/v2\/product_brand?post=31132"},{"taxonomy":"product_cat","embeddable":true,"href":"https:\/\/continent.lv\/ru\/wp-json\/wp\/v2\/product_cat?post=31132"},{"taxonomy":"product_tag","embeddable":true,"href":"https:\/\/continent.lv\/ru\/wp-json\/wp\/v2\/product_tag?post=31132"}],"curies":[{"name":"wp","href":"https:\/\/api.w.org\/{rel}","templated":true}]}}