{"id":31088,"date":"2026-05-01T01:05:06","date_gmt":"2026-05-01T01:05:06","guid":{"rendered":"https:\/\/continent.lv\/product\/xiaomi-ela5666eu\/"},"modified":"2026-05-01T01:05:06","modified_gmt":"2026-05-01T01:05:06","slug":"xiaomi-ela5666eu","status":"publish","type":"product","link":"https:\/\/continent.lv\/ru\/product\/xiaomi-ela5666eu\/","title":{"rendered":"Xiaomi ELA5666EU"},"content":{"rendered":"<p>Ekr\u0101na izm\u0113rs pa diagon\u0101li\u00a0\u00a0\u00a0\u00a0 55 \u201c<\/p>\n<p>TV diagon\u0101le\u00a0\u00a0\u00a0\u00a0 51-55\u2033<br \/>Z\u012bmols\u00a0\u00a0\u00a0\u00a0 Xiaomi<br \/>Modelis\u00a0\u00a0\u00a0\u00a0 ELA5666EU<br \/>Energoefektivit\u0101tes klase\u00a0\u00a0\u00a0 G<br \/>Energoefektivit\u0101tes kla\u0161u skala\u00a0\u00a0\u00a0\u00a0 A \u2013 G<br \/>Jauda\u00a0\u00a0\u00a0\u00a0 83 W<br \/>Kr\u0101sa\u00a0\u00a0\u00a0\u00a0 Melna<br \/>Gatav\u012bbas re\u017e\u012bma elektropat\u0113ri\u0146\u0161\u00a0\u00a0\u00a0\u00a0 0.5 W<br \/>\u042d\u043a\u0440\u0430\u043d<br \/>Ekr\u0101na iz\u0161\u0137irtsp\u0113ja\u00a0\u00a0\u00a0 4K (3840 x 2160)<br \/>Ekr\u0101na tips\u00a0\u00a0\u00a0\u00a0 LED<br \/>Ekr\u0101na iz\u0161\u0137irtsp\u0113jas veids\u00a0\u00a0\u00a0\u00a0 UHD<br \/>Oper\u0113t\u0101jsist\u0113ma\u00a0\u00a0\u00a0\u00a0 Google TV<br \/>Ekr\u0101na frekvence\u00a0\u00a0\u00a0 144 Hz<br \/>Ekr\u0101na forma\u00a0\u00a0\u00a0\u00a0 Plakana<br \/>3D funkcija\u00a0\u00a0\u00a0 N\u0113<br \/>Apgaismojums\u00a0\u00a0\u00a0 N\u0113<br \/>\u0421\u043c\u0430\u0440\u0442 \u0422\u0412 \u0438 \u0438\u043d\u0442\u0435\u0440\u043d\u0435\u0442<br \/>\u201cSmart TV\u201d\u00a0\u00a0\u00a0 J\u0101<br \/>\u0423\u043f\u0440\u0430\u0432\u043b\u0435\u043d\u0438\u0435 \u0438 \u0430\u0443\u0434\u0438\u043e<br \/>Ska\u0146as jauda\u00a0\u00a0\u00a0 25 W<br \/>Ska\u0146as sist\u0113ma\u00a0\u00a0\u00a0 Dolby Atmos<br \/>\u0411\u0435\u0441\u043f\u0440\u043e\u0432\u043e\u0434\u043d\u044b\u0435 \u0438 \u0444\u0438\u0437\u0438\u0447\u0435\u0441\u043a\u0438\u0435 \u043f\u043e\u0434\u043a\u043b\u044e\u0447\u0435\u043d\u0438\u044f<br \/>USB 3.x savienot\u0101ju skaits\u00a0\u00a0\u00a0\u00a0 2<br \/>HDMI piesl\u0113gvietu skaits\u00a0\u00a0\u00a0 3<br \/>S\/PDIF savienot\u0101js\u00a0\u00a0\u00a0\u00a0 J\u0101<br \/>3.5mm austi\u0146u kontakts\u00a0\u00a0\u00a0\u00a0 J\u0101<br \/>WiFi savienojums\u00a0\u00a0\u00a0 J\u0101<br \/>WiFi tie\u0161\u0101 saskarne\u00a0\u00a0\u00a0 J\u0101<br \/>Ethernet LAN (RJ-45) kontakts\u00a0\u00a0\u00a0\u00a0 J\u0101<br \/>WiDi saskarne\u00a0\u00a0\u00a0 N\u0113<br \/>Optisk\u0101 audio savienot\u0101js\u00a0\u00a0\u00a0\u00a0 J\u0101<br \/>Bluetooth interfeiss\u00a0\u00a0\u00a0\u00a0 J\u0101<br \/>DLNA\u00a0\u00a0\u00a0 N\u0113<br \/>NFC\u00a0\u00a0\u00a0 N\u0113<br \/>\u0420\u0430\u0437\u043c\u0435\u0440\u044b \u0438 \u0432\u0435\u0441<br \/>Platums\u00a0\u00a0\u00a0\u00a0 122.6 cm<br \/>Dzi\u013cums\u00a0\u00a0\u00a0\u00a0 8.5 cm<br \/>Augstums\u00a0\u00a0\u00a0\u00a0 71.6 cm<br \/>Svars bez stat\u012bva\u00a0\u00a0\u00a0\u00a0 12.7 kg<br \/>Dzi\u013cums ar stat\u012bvu\u00a0\u00a0\u00a0\u00a0 28 cm<br \/>Augstums ar stat\u012bvu\u00a0\u00a0\u00a0\u00a0 76.7 cm<br \/>Svars\u00a0\u00a0\u00a0\u00a0 12.8 kg<br \/>VESA standarts\u00a0\u00a0\u00a0\u00a0 300 x 300<br \/>\u0414\u043e\u043f\u043e\u043b\u043d\u0438\u0442\u0435\u043b\u044c\u043d\u043e<br \/>Iek\u0161\u0113j\u0101 atmi\u0146a, GB\u00a0\u00a0\u00a0\u00a0 32<br \/>Ciparu uztv\u0113r\u0113ja tips\u00a0\u00a0\u00a0 DVB-T2\/C\/S2<br \/>Ra\u017eo\u0161anas gads\u00a0\u00a0\u00a0\u00a0 2024<\/p><\/p>","protected":false},"excerpt":{"rendered":"<p>Ekr\u0101na izm\u0113rs pa diagon\u0101li\u00a0\u00a0\u00a0\u00a0 55 \u201c TV diagon\u0101le\u00a0\u00a0\u00a0\u00a0 51-55\u2033Z\u012bmols\u00a0\u00a0\u00a0\u00a0 XiaomiModelis\u00a0\u00a0\u00a0\u00a0 ELA5666EUEnergoefektivit\u0101tes klase\u00a0\u00a0\u00a0 GEnergoefektivit\u0101tes kla\u0161u skala\u00a0\u00a0\u00a0\u00a0 A \u2013 GJauda\u00a0\u00a0\u00a0\u00a0 83 WKr\u0101sa\u00a0\u00a0\u00a0\u00a0 MelnaGatav\u012bbas re\u017e\u012bma elektropat\u0113ri\u0146\u0161\u00a0\u00a0\u00a0\u00a0 0.5 WEkr\u0101nsEkr\u0101na iz\u0161\u0137irtsp\u0113ja\u00a0\u00a0\u00a0 4K (3840 x 2160)Ekr\u0101na tips\u00a0\u00a0\u00a0\u00a0 LEDEkr\u0101na iz\u0161\u0137irtsp\u0113jas veids\u00a0\u00a0\u00a0\u00a0 UHDOper\u0113t\u0101jsist\u0113ma\u00a0\u00a0\u00a0\u00a0 Google TVEkr\u0101na frekvence\u00a0\u00a0\u00a0 144 HzEkr\u0101na forma\u00a0\u00a0\u00a0\u00a0 Plakana3D funkcija\u00a0\u00a0\u00a0 N\u0113Apgaismojums\u00a0\u00a0\u00a0 N\u0113Smart TV un internets\u201cSmart TV\u201d\u00a0\u00a0\u00a0 J\u0101Vad\u012bba un audioSka\u0146as jauda\u00a0\u00a0\u00a0 25 WSka\u0146as [&hellip;]<\/p>\n","protected":false},"featured_media":31085,"comment_status":"open","ping_status":"closed","template":"","meta":{"_joinchat":[]},"product_brand":[329],"product_cat":[294],"product_tag":[],"class_list":{"0":"post-31088","1":"product","2":"type-product","3":"status-publish","4":"has-post-thumbnail","6":"product_brand-xiaomi","7":"product_cat-tv-foto-video-audio-televizori-un-aksesuari-led-televizori","9":"first","10":"instock","11":"shipping-taxable","12":"purchasable","13":"product-type-simple"},"yoast_head":"<!-- This site is optimized with the Yoast SEO plugin v27.5 - https:\/\/yoast.com\/product\/yoast-seo-wordpress\/ -->\n<title>Xiaomi ELA5666EU - Continent.lv<\/title>\n<meta name=\"robots\" content=\"index, follow, max-snippet:-1, max-image-preview:large, max-video-preview:-1\" \/>\n<link rel=\"canonical\" href=\"https:\/\/continent.lv\/ru\/product\/xiaomi-ela5666eu\/\" \/>\n<meta property=\"og:locale\" content=\"ru_RU\" \/>\n<meta property=\"og:type\" content=\"article\" \/>\n<meta property=\"og:title\" content=\"Xiaomi ELA5666EU - Continent.lv\" \/>\n<meta property=\"og:description\" content=\"Ekr\u0101na izm\u0113rs pa diagon\u0101li\u00a0\u00a0\u00a0\u00a0 55 \u201c TV diagon\u0101le\u00a0\u00a0\u00a0\u00a0 51-55\u2033Z\u012bmols\u00a0\u00a0\u00a0\u00a0 XiaomiModelis\u00a0\u00a0\u00a0\u00a0 ELA5666EUEnergoefektivit\u0101tes klase\u00a0\u00a0\u00a0 GEnergoefektivit\u0101tes kla\u0161u skala\u00a0\u00a0\u00a0\u00a0 A \u2013 GJauda\u00a0\u00a0\u00a0\u00a0 83 WKr\u0101sa\u00a0\u00a0\u00a0\u00a0 MelnaGatav\u012bbas re\u017e\u012bma elektropat\u0113ri\u0146\u0161\u00a0\u00a0\u00a0\u00a0 0.5 WEkr\u0101nsEkr\u0101na iz\u0161\u0137irtsp\u0113ja\u00a0\u00a0\u00a0 4K (3840 x 2160)Ekr\u0101na tips\u00a0\u00a0\u00a0\u00a0 LEDEkr\u0101na iz\u0161\u0137irtsp\u0113jas veids\u00a0\u00a0\u00a0\u00a0 UHDOper\u0113t\u0101jsist\u0113ma\u00a0\u00a0\u00a0\u00a0 Google TVEkr\u0101na frekvence\u00a0\u00a0\u00a0 144 HzEkr\u0101na forma\u00a0\u00a0\u00a0\u00a0 Plakana3D funkcija\u00a0\u00a0\u00a0 N\u0113Apgaismojums\u00a0\u00a0\u00a0 N\u0113Smart TV un internets\u201cSmart TV\u201d\u00a0\u00a0\u00a0 J\u0101Vad\u012bba un audioSka\u0146as jauda\u00a0\u00a0\u00a0 25 WSka\u0146as [&hellip;]\" \/>\n<meta property=\"og:url\" content=\"https:\/\/continent.lv\/ru\/product\/xiaomi-ela5666eu\/\" \/>\n<meta property=\"og:site_name\" content=\"Continent.lv\" \/>\n<meta property=\"og:image\" content=\"https:\/\/continent.lv\/wp-content\/uploads\/2026\/05\/21_hf8l-gk.jpeg\" \/>\n\t<meta property=\"og:image:width\" content=\"2000\" \/>\n\t<meta property=\"og:image:height\" content=\"1260\" \/>\n\t<meta property=\"og:image:type\" content=\"image\/jpeg\" \/>\n<meta name=\"twitter:card\" content=\"summary_large_image\" \/>\n<meta name=\"twitter:label1\" content=\"\u041f\u0440\u0438\u043c\u0435\u0440\u043d\u043e\u0435 \u0432\u0440\u0435\u043c\u044f \u0434\u043b\u044f \u0447\u0442\u0435\u043d\u0438\u044f\" \/>\n\t<meta name=\"twitter:data1\" content=\"2 \u043c\u0438\u043d\u0443\u0442\u044b\" \/>\n<script type=\"application\/ld+json\" class=\"yoast-schema-graph\">{\"@context\":\"https:\\\/\\\/schema.org\",\"@graph\":[{\"@type\":\"WebPage\",\"@id\":\"https:\\\/\\\/continent.lv\\\/product\\\/xiaomi-ela5666eu\\\/\",\"url\":\"https:\\\/\\\/continent.lv\\\/product\\\/xiaomi-ela5666eu\\\/\",\"name\":\"Xiaomi ELA5666EU - Continent.lv\",\"isPartOf\":{\"@id\":\"https:\\\/\\\/continent.lv\\\/#website\"},\"primaryImageOfPage\":{\"@id\":\"https:\\\/\\\/continent.lv\\\/product\\\/xiaomi-ela5666eu\\\/#primaryimage\"},\"image\":{\"@id\":\"https:\\\/\\\/continent.lv\\\/product\\\/xiaomi-ela5666eu\\\/#primaryimage\"},\"thumbnailUrl\":\"https:\\\/\\\/continent.lv\\\/wp-content\\\/uploads\\\/2026\\\/05\\\/21_hf8l-gk.jpeg\",\"datePublished\":\"2026-05-01T01:05:06+00:00\",\"breadcrumb\":{\"@id\":\"https:\\\/\\\/continent.lv\\\/product\\\/xiaomi-ela5666eu\\\/#breadcrumb\"},\"inLanguage\":\"ru-RU\",\"potentialAction\":[{\"@type\":\"ReadAction\",\"target\":[\"https:\\\/\\\/continent.lv\\\/product\\\/xiaomi-ela5666eu\\\/\"]}]},{\"@type\":\"ImageObject\",\"inLanguage\":\"ru-RU\",\"@id\":\"https:\\\/\\\/continent.lv\\\/product\\\/xiaomi-ela5666eu\\\/#primaryimage\",\"url\":\"https:\\\/\\\/continent.lv\\\/wp-content\\\/uploads\\\/2026\\\/05\\\/21_hf8l-gk.jpeg\",\"contentUrl\":\"https:\\\/\\\/continent.lv\\\/wp-content\\\/uploads\\\/2026\\\/05\\\/21_hf8l-gk.jpeg\",\"width\":2000,\"height\":1260},{\"@type\":\"BreadcrumbList\",\"@id\":\"https:\\\/\\\/continent.lv\\\/product\\\/xiaomi-ela5666eu\\\/#breadcrumb\",\"itemListElement\":[{\"@type\":\"ListItem\",\"position\":1,\"name\":\"Home\",\"item\":\"https:\\\/\\\/continent.lv\\\/\"},{\"@type\":\"ListItem\",\"position\":2,\"name\":\"Veikals\",\"item\":\"https:\\\/\\\/continent.lv\\\/shop\\\/\"},{\"@type\":\"ListItem\",\"position\":3,\"name\":\"Xiaomi ELA5666EU\"}]},{\"@type\":\"WebSite\",\"@id\":\"https:\\\/\\\/continent.lv\\\/#website\",\"url\":\"https:\\\/\\\/continent.lv\\\/\",\"name\":\"Continent.lv\",\"description\":\"Sadz\u012bves pre\u010du internetveikals\",\"publisher\":{\"@id\":\"https:\\\/\\\/continent.lv\\\/#organization\"},\"potentialAction\":[{\"@type\":\"SearchAction\",\"target\":{\"@type\":\"EntryPoint\",\"urlTemplate\":\"https:\\\/\\\/continent.lv\\\/?s={search_term_string}\"},\"query-input\":{\"@type\":\"PropertyValueSpecification\",\"valueRequired\":true,\"valueName\":\"search_term_string\"}}],\"inLanguage\":\"ru-RU\"},{\"@type\":\"Organization\",\"@id\":\"https:\\\/\\\/continent.lv\\\/#organization\",\"name\":\"Continent.lv\",\"url\":\"https:\\\/\\\/continent.lv\\\/\",\"logo\":{\"@type\":\"ImageObject\",\"inLanguage\":\"ru-RU\",\"@id\":\"https:\\\/\\\/continent.lv\\\/#\\\/schema\\\/logo\\\/image\\\/\",\"url\":\"https:\\\/\\\/continent.lv\\\/wp-content\\\/uploads\\\/2026\\\/05\\\/logo_continent_5nwv-jh.jpg\",\"contentUrl\":\"https:\\\/\\\/continent.lv\\\/wp-content\\\/uploads\\\/2026\\\/05\\\/logo_continent_5nwv-jh.jpg\",\"width\":221,\"height\":50,\"caption\":\"Continent.lv\"},\"image\":{\"@id\":\"https:\\\/\\\/continent.lv\\\/#\\\/schema\\\/logo\\\/image\\\/\"}}]}<\/script>\n<!-- \/ Yoast SEO plugin. -->","yoast_head_json":{"title":"Xiaomi ELA5666EU - Continent.lv","robots":{"index":"index","follow":"follow","max-snippet":"max-snippet:-1","max-image-preview":"max-image-preview:large","max-video-preview":"max-video-preview:-1"},"canonical":"https:\/\/continent.lv\/ru\/product\/xiaomi-ela5666eu\/","og_locale":"ru_RU","og_type":"article","og_title":"Xiaomi ELA5666EU - Continent.lv","og_description":"Ekr\u0101na izm\u0113rs pa diagon\u0101li\u00a0\u00a0\u00a0\u00a0 55 \u201c TV diagon\u0101le\u00a0\u00a0\u00a0\u00a0 51-55\u2033Z\u012bmols\u00a0\u00a0\u00a0\u00a0 XiaomiModelis\u00a0\u00a0\u00a0\u00a0 ELA5666EUEnergoefektivit\u0101tes klase\u00a0\u00a0\u00a0 GEnergoefektivit\u0101tes kla\u0161u skala\u00a0\u00a0\u00a0\u00a0 A \u2013 GJauda\u00a0\u00a0\u00a0\u00a0 83 WKr\u0101sa\u00a0\u00a0\u00a0\u00a0 MelnaGatav\u012bbas re\u017e\u012bma elektropat\u0113ri\u0146\u0161\u00a0\u00a0\u00a0\u00a0 0.5 WEkr\u0101nsEkr\u0101na iz\u0161\u0137irtsp\u0113ja\u00a0\u00a0\u00a0 4K (3840 x 2160)Ekr\u0101na tips\u00a0\u00a0\u00a0\u00a0 LEDEkr\u0101na iz\u0161\u0137irtsp\u0113jas veids\u00a0\u00a0\u00a0\u00a0 UHDOper\u0113t\u0101jsist\u0113ma\u00a0\u00a0\u00a0\u00a0 Google TVEkr\u0101na frekvence\u00a0\u00a0\u00a0 144 HzEkr\u0101na forma\u00a0\u00a0\u00a0\u00a0 Plakana3D funkcija\u00a0\u00a0\u00a0 N\u0113Apgaismojums\u00a0\u00a0\u00a0 N\u0113Smart TV un internets\u201cSmart TV\u201d\u00a0\u00a0\u00a0 J\u0101Vad\u012bba un audioSka\u0146as jauda\u00a0\u00a0\u00a0 25 WSka\u0146as [&hellip;]","og_url":"https:\/\/continent.lv\/ru\/product\/xiaomi-ela5666eu\/","og_site_name":"Continent.lv","og_image":[{"width":2000,"height":1260,"url":"https:\/\/continent.lv\/wp-content\/uploads\/2026\/05\/21_hf8l-gk.jpeg","type":"image\/jpeg"}],"twitter_card":"summary_large_image","twitter_misc":{"\u041f\u0440\u0438\u043c\u0435\u0440\u043d\u043e\u0435 \u0432\u0440\u0435\u043c\u044f \u0434\u043b\u044f \u0447\u0442\u0435\u043d\u0438\u044f":"2 \u043c\u0438\u043d\u0443\u0442\u044b"},"schema":{"@context":"https:\/\/schema.org","@graph":[{"@type":"WebPage","@id":"https:\/\/continent.lv\/product\/xiaomi-ela5666eu\/","url":"https:\/\/continent.lv\/product\/xiaomi-ela5666eu\/","name":"Xiaomi ELA5666EU - Continent.lv","isPartOf":{"@id":"https:\/\/continent.lv\/#website"},"primaryImageOfPage":{"@id":"https:\/\/continent.lv\/product\/xiaomi-ela5666eu\/#primaryimage"},"image":{"@id":"https:\/\/continent.lv\/product\/xiaomi-ela5666eu\/#primaryimage"},"thumbnailUrl":"https:\/\/continent.lv\/wp-content\/uploads\/2026\/05\/21_hf8l-gk.jpeg","datePublished":"2026-05-01T01:05:06+00:00","breadcrumb":{"@id":"https:\/\/continent.lv\/product\/xiaomi-ela5666eu\/#breadcrumb"},"inLanguage":"ru-RU","potentialAction":[{"@type":"ReadAction","target":["https:\/\/continent.lv\/product\/xiaomi-ela5666eu\/"]}]},{"@type":"ImageObject","inLanguage":"ru-RU","@id":"https:\/\/continent.lv\/product\/xiaomi-ela5666eu\/#primaryimage","url":"https:\/\/continent.lv\/wp-content\/uploads\/2026\/05\/21_hf8l-gk.jpeg","contentUrl":"https:\/\/continent.lv\/wp-content\/uploads\/2026\/05\/21_hf8l-gk.jpeg","width":2000,"height":1260},{"@type":"BreadcrumbList","@id":"https:\/\/continent.lv\/product\/xiaomi-ela5666eu\/#breadcrumb","itemListElement":[{"@type":"ListItem","position":1,"name":"Home","item":"https:\/\/continent.lv\/"},{"@type":"ListItem","position":2,"name":"Veikals","item":"https:\/\/continent.lv\/shop\/"},{"@type":"ListItem","position":3,"name":"Xiaomi ELA5666EU"}]},{"@type":"WebSite","@id":"https:\/\/continent.lv\/#website","url":"https:\/\/continent.lv\/","name":"Continent.lv","description":"Sadz\u012bves pre\u010du internetveikals","publisher":{"@id":"https:\/\/continent.lv\/#organization"},"potentialAction":[{"@type":"SearchAction","target":{"@type":"EntryPoint","urlTemplate":"https:\/\/continent.lv\/?s={search_term_string}"},"query-input":{"@type":"PropertyValueSpecification","valueRequired":true,"valueName":"search_term_string"}}],"inLanguage":"ru-RU"},{"@type":"Organization","@id":"https:\/\/continent.lv\/#organization","name":"Continent.lv","url":"https:\/\/continent.lv\/","logo":{"@type":"ImageObject","inLanguage":"ru-RU","@id":"https:\/\/continent.lv\/#\/schema\/logo\/image\/","url":"https:\/\/continent.lv\/wp-content\/uploads\/2026\/05\/logo_continent_5nwv-jh.jpg","contentUrl":"https:\/\/continent.lv\/wp-content\/uploads\/2026\/05\/logo_continent_5nwv-jh.jpg","width":221,"height":50,"caption":"Continent.lv"},"image":{"@id":"https:\/\/continent.lv\/#\/schema\/logo\/image\/"}}]}},"_links":{"self":[{"href":"https:\/\/continent.lv\/ru\/wp-json\/wp\/v2\/product\/31088","targetHints":{"allow":["GET"]}}],"collection":[{"href":"https:\/\/continent.lv\/ru\/wp-json\/wp\/v2\/product"}],"about":[{"href":"https:\/\/continent.lv\/ru\/wp-json\/wp\/v2\/types\/product"}],"replies":[{"embeddable":true,"href":"https:\/\/continent.lv\/ru\/wp-json\/wp\/v2\/comments?post=31088"}],"wp:featuredmedia":[{"embeddable":true,"href":"https:\/\/continent.lv\/ru\/wp-json\/wp\/v2\/media\/31085"}],"wp:attachment":[{"href":"https:\/\/continent.lv\/ru\/wp-json\/wp\/v2\/media?parent=31088"}],"wp:term":[{"taxonomy":"product_brand","embeddable":true,"href":"https:\/\/continent.lv\/ru\/wp-json\/wp\/v2\/product_brand?post=31088"},{"taxonomy":"product_cat","embeddable":true,"href":"https:\/\/continent.lv\/ru\/wp-json\/wp\/v2\/product_cat?post=31088"},{"taxonomy":"product_tag","embeddable":true,"href":"https:\/\/continent.lv\/ru\/wp-json\/wp\/v2\/product_tag?post=31088"}],"curies":[{"name":"wp","href":"https:\/\/api.w.org\/{rel}","templated":true}]}}