{"id":30860,"date":"2026-05-01T00:58:10","date_gmt":"2026-05-01T00:58:10","guid":{"rendered":"https:\/\/continent.lv\/product\/samsung-nv7b4535yak-u3\/"},"modified":"2026-05-01T00:58:10","modified_gmt":"2026-05-01T00:58:10","slug":"samsung-nv7b4535yak-u3","status":"publish","type":"product","link":"https:\/\/continent.lv\/ru\/product\/samsung-nv7b4535yak-u3\/","title":{"rendered":"Samsung NV7B4535YAK\/U3"},"content":{"rendered":"<br \/>\n<table style=\"width:100%;border-collapse:collapse;font-size:14px\">\n<tr>\n<td colspan=\"2\" style=\"padding:10px;font-weight:bold;background:#efefef\">\u041e\u0441\u043d\u043e\u0432\u043d\u0430\u044f \u0438\u043d\u0444\u043e\u0440\u043c\u0430\u0446\u0438\u044f<\/td>\n<\/tr>\n<tr style=\"background:#f7f7f7\">\n<td style=\"padding:8px;border-bottom:1px solid #e5e5e5;width:45%;font-weight:600\">\u0422\u043e\u0440\u0433\u043e\u0432\u0430\u044f \u043c\u0430\u0440\u043a\u0430<\/td>\n<td style=\"padding:8px;border-bottom:1px solid #e5e5e5\">Samsung<\/td>\n<\/tr>\n<tr style=\"background:#ffffff\">\n<td style=\"padding:8px;border-bottom:1px solid #e5e5e5;width:45%;font-weight:600\">EAN<\/td>\n<td style=\"padding:8px;border-bottom:1px solid #e5e5e5\">8806094337310<\/td>\n<\/tr>\n<tr style=\"background:#f7f7f7\">\n<td style=\"padding:8px;border-bottom:1px solid #e5e5e5;width:45%;font-weight:600\">\u0426\u0432\u0435\u0442<\/td>\n<td style=\"padding:8px;border-bottom:1px solid #e5e5e5\">\u0427\u0435\u0440\u043d\u044b\u0439<\/td>\n<\/tr>\n<tr>\n<td colspan=\"2\" style=\"padding:10px;font-weight:bold;background:#efefef\">\u042d\u043d\u0435\u0440\u0433\u043e\u043f\u043e\u0442\u0440\u0435\u0431\u043b\u0435\u043d\u0438\u0435<\/td>\n<\/tr>\n<tr style=\"background:#ffffff\">\n<td style=\"padding:8px;border-bottom:1px solid #e5e5e5;width:45%;font-weight:600\">\u041a\u043b\u0430\u0441\u0441 \u044d\u043d\u0435\u0440\u0433\u043e\u044d\u0444\u0444\u0435\u043a\u0442\u0438\u0432\u043d\u043e\u0441\u0442\u0438<\/td>\n<td style=\"padding:8px;border-bottom:1px solid #e5e5e5\">A+<\/td>\n<\/tr>\n<tr>\n<td colspan=\"2\" style=\"padding:10px;font-weight:bold;background:#efefef\">\u0401\u043c\u043a\u043e\u0441\u0442\u044c<\/td>\n<\/tr>\n<tr style=\"background:#f7f7f7\">\n<td style=\"padding:8px;border-bottom:1px solid #e5e5e5;width:45%;font-weight:600\">\u041e\u0431\u044a\u0435\u043c \u0434\u0443\u0445\u043e\u0432\u043a\u0438<\/td>\n<td style=\"padding:8px;border-bottom:1px solid #e5e5e5\">76 \u043b<\/td>\n<\/tr>\n<tr>\n<td colspan=\"2\" style=\"padding:10px;font-weight:bold;background:#efefef\">\u0420\u0430\u0437\u043c\u0435\u0440\u044b, \u0432\u0435\u0441<\/td>\n<\/tr>\n<tr style=\"background:#ffffff\">\n<td style=\"padding:8px;border-bottom:1px solid #e5e5e5;width:45%;font-weight:600\">\u0412\u0435\u0441<\/td>\n<td style=\"padding:8px;border-bottom:1px solid #e5e5e5\">43.3 \u043a\u0433<\/td>\n<\/tr>\n<tr style=\"background:#f7f7f7\">\n<td style=\"padding:8px;border-bottom:1px solid #e5e5e5;width:45%;font-weight:600\">\u0412\u0435\u0441 \u0441 \u0443\u043f\u0430\u043a\u043e\u0432\u043a\u043e\u0439<\/td>\n<td style=\"padding:8px;border-bottom:1px solid #e5e5e5\">48.2 \u043a\u0433<\/td>\n<\/tr>\n<tr>\n<td colspan=\"2\" style=\"padding:10px;font-weight:bold;background:#efefef\">\u0423\u043f\u0440\u0430\u0432\u043b\u0435\u043d\u0438\u0435<\/td>\n<\/tr>\n<tr style=\"background:#ffffff\">\n<td style=\"padding:8px;border-bottom:1px solid #e5e5e5;width:45%;font-weight:600\">\u0422\u0435\u043b\u0435\u0441\u043a\u043e\u043f\u0438\u0447\u0435\u0441\u043a\u0438\u0435 \u043d\u0430\u043f\u0440\u0430\u0432\u043b\u044f\u044e\u0449\u0438\u0435<\/td>\n<td style=\"padding:8px;border-bottom:1px solid #e5e5e5\">\u0415\u0441\u0442\u044c<\/td>\n<\/tr>\n<tr>\n<td colspan=\"2\" style=\"padding:10px;font-weight:bold;background:#efefef\">\u0414\u043e\u043f\u043e\u043b\u043d\u0438\u0442\u0435\u043b\u044c\u043d\u044b\u0435 \u043f\u0430\u0440\u0430\u043c\u0435\u0442\u0440\u044b<\/td>\n<\/tr>\n<tr style=\"background:#f7f7f7\">\n<td style=\"padding:8px;border-bottom:1px solid #e5e5e5;width:45%;font-weight:600\">\u0422\u0438\u043f \u0434\u0443\u0445\u043e\u0432\u043a\u0438<\/td>\n<td style=\"padding:8px;border-bottom:1px solid #e5e5e5\">Elektriska<\/td>\n<\/tr>\n<tr style=\"background:#ffffff\">\n<td style=\"padding:8px;border-bottom:1px solid #e5e5e5;width:45%;font-weight:600\">\u0414\u043e\u043f\u043e\u043b\u043d\u0438\u0442\u0435\u043b\u044c\u043d\u0430\u044f \u0438\u043d\u0444\u043e\u0440\u043c\u0430\u0446\u0438\u044f<\/td>\n<td style=\"padding:8px;border-bottom:1px solid #e5e5e5\">\u042d\u043b\u0435\u043a\u0442\u0440\u0438\u0447\u0435\u0441\u043a\u0430\u044f \u0434\u0443\u0445\u043e\u0432\u043a\u0430 \u0441 Dual Cook Flex, Air Sous Vide<\/td>\n<\/tr>\n<tr style=\"background:#f7f7f7\">\n<td style=\"padding:8px;border-bottom:1px solid #e5e5e5;width:45%;font-weight:600\">\u041e\u0431\u0449\u0430\u044f \u043c\u043e\u0449\u043d\u043e\u0441\u0442\u044c<\/td>\n<td style=\"padding:8px;border-bottom:1px solid #e5e5e5\">4 \u043a\u0412\u0442<\/td>\n<\/tr>\n<tr style=\"background:#ffffff\">\n<td style=\"padding:8px;border-bottom:1px solid #e5e5e5;width:45%;font-weight:600\">\u041f\u043e\u0434\u0441\u0432\u0435\u0442\u043a\u0430 \u0434\u0443\u0445\u043e\u0432\u043a\u0438<\/td>\n<td style=\"padding:8px;border-bottom:1px solid #e5e5e5\">\u0415\u0441\u0442\u044c<\/td>\n<\/tr>\n<tr style=\"background:#f7f7f7\">\n<td style=\"padding:8px;border-bottom:1px solid #e5e5e5;width:45%;font-weight:600\">Wi-Fi<\/td>\n<td style=\"padding:8px;border-bottom:1px solid #e5e5e5\">\u0415\u0441\u0442\u044c<\/td>\n<\/tr>\n<tr style=\"background:#ffffff\">\n<td style=\"padding:8px;border-bottom:1px solid #e5e5e5;width:45%;font-weight:600\">\u0422\u0430\u0439\u043c\u0435\u0440<\/td>\n<td style=\"padding:8px;border-bottom:1px solid #e5e5e5\">\u0415\u0441\u0442\u044c<\/td>\n<\/tr>\n<tr style=\"background:#f7f7f7\">\n<td style=\"padding:8px;border-bottom:1px solid #e5e5e5;width:45%;font-weight:600\">\u0410\u043a\u0441\u0435\u0441\u0441\u0443\u0430\u0440\u044b<\/td>\n<td style=\"padding:8px;border-bottom:1px solid #e5e5e5\">1 \u043f\u0440\u043e\u0442\u0438\u0432\u0435\u043d\u044c, 1 \u0440\u0435\u0448\u0435\u0442\u043a\u0430, \u0442\u0435\u0440\u043c\u043e\u0437\u043e\u043d\u0434<\/td>\n<\/tr>\n<tr style=\"background:#ffffff\">\n<td style=\"padding:8px;border-bottom:1px solid #e5e5e5;width:45%;font-weight:600\">\u0420\u0430\u0437\u043c\u0435\u0440\u044b \u043c\u043c (\u0412x\u0428x\u0413)<\/td>\n<td style=\"padding:8px;border-bottom:1px solid #e5e5e5\">596x595x570<\/td>\n<\/tr>\n<tr style=\"background:#f7f7f7\">\n<td style=\"padding:8px;border-bottom:1px solid #e5e5e5;width:45%;font-weight:600\">\u041a\u043e\u043d\u0432\u0435\u043a\u0446\u0438\u044f<\/td>\n<td style=\"padding:8px;border-bottom:1px solid #e5e5e5\">\u0414\u0430<\/td>\n<\/tr>\n<tr style=\"background:#ffffff\">\n<td style=\"padding:8px;border-bottom:1px solid #e5e5e5;width:45%;font-weight:600\">\u0420\u0435\u0436\u0438\u043c\u044b<\/td>\n<td style=\"padding:8px;border-bottom:1px solid #e5e5e5\">11<\/td>\n<\/tr>\n<tr style=\"background:#f7f7f7\">\n<td style=\"padding:8px;border-bottom:1px solid #e5e5e5;width:45%;font-weight:600\">\u0413\u0440\u0438\u043b\u044c \u0434\u043b\u044f \u0434\u0443\u0445\u043e\u0432\u043a\u0438<\/td>\n<td style=\"padding:8px;border-bottom:1px solid #e5e5e5\">\u0415\u0441\u0442\u044c<\/td>\n<\/tr>\n<tr style=\"background:#ffffff\">\n<td style=\"padding:8px;border-bottom:1px solid #e5e5e5;width:45%;font-weight:600\">\u0424\u0443\u043d\u043a\u0446\u0438\u044f \u043e\u0447\u0438\u0441\u0442\u043a\u0438 \u0434\u0443\u0445\u043e\u0432\u043a\u0438<\/td>\n<td style=\"padding:8px;border-bottom:1px solid #e5e5e5\">\u041f\u0438\u0440\u043e\u043b\u0438\u0442\u0438\u0447\u0435\u0441\u043a\u0430\u044f<\/td>\n<\/tr>\n<\/table>","protected":false},"excerpt":{"rendered":"<p>Pamatinform\u0101cija Pre\u010du z\u012bme Samsung EAN 8806094337310 Kr\u0101sa Melna Ener\u0123ijas pat\u0113ri\u0146\u0161 Energoefektivit\u0101tes klase A+ Ietilp\u012bba Cepe\u0161kr\u0101sns tilpums 76 l Izm\u0113ri, svars Svars 43.3 kg Svars ar iepakojumu 48.2 kg Vad\u012bba Teleskopisk\u0101s vadotnes Ir Papildus parametri Cepe\u0161kr\u0101sns veids Elektriska Papildu inform\u0101cija Elektrisk\u0101 cepe\u0161kr\u0101sns ar Dual Cook Flex, Air Sous Vide Kop\u0113j\u0101 jauda 4 kW Cepe\u0161kr\u0101sns apgaismo\u0161ana Ir [&hellip;]<\/p>\n","protected":false},"featured_media":30854,"comment_status":"open","ping_status":"closed","template":"","meta":{"_joinchat":[]},"product_brand":[139],"product_cat":[266],"product_tag":[],"class_list":{"0":"post-30860","1":"product","2":"type-product","3":"status-publish","4":"has-post-thumbnail","6":"product_brand-samsung","7":"product_cat-iebuvejama-sadzives-tehnika-iebuvejamas-cepeskrasnis","9":"first","10":"instock","11":"shipping-taxable","12":"purchasable","13":"product-type-simple"},"yoast_head":"<!-- This site is optimized with the Yoast SEO plugin v27.5 - https:\/\/yoast.com\/product\/yoast-seo-wordpress\/ -->\n<title>Samsung NV7B4535YAK\/U3 - Continent.lv<\/title>\n<meta name=\"robots\" content=\"index, follow, max-snippet:-1, max-image-preview:large, max-video-preview:-1\" \/>\n<link rel=\"canonical\" href=\"https:\/\/continent.lv\/ru\/product\/samsung-nv7b4535yak-u3\/\" \/>\n<meta property=\"og:locale\" content=\"ru_RU\" \/>\n<meta property=\"og:type\" content=\"article\" \/>\n<meta property=\"og:title\" content=\"Samsung NV7B4535YAK\/U3 - Continent.lv\" \/>\n<meta property=\"og:description\" content=\"Pamatinform\u0101cija Pre\u010du z\u012bme Samsung EAN 8806094337310 Kr\u0101sa Melna Ener\u0123ijas pat\u0113ri\u0146\u0161 Energoefektivit\u0101tes klase A+ Ietilp\u012bba Cepe\u0161kr\u0101sns tilpums 76 l Izm\u0113ri, svars Svars 43.3 kg Svars ar iepakojumu 48.2 kg Vad\u012bba Teleskopisk\u0101s vadotnes Ir Papildus parametri Cepe\u0161kr\u0101sns veids Elektriska Papildu inform\u0101cija Elektrisk\u0101 cepe\u0161kr\u0101sns ar Dual Cook Flex, Air Sous Vide Kop\u0113j\u0101 jauda 4 kW Cepe\u0161kr\u0101sns apgaismo\u0161ana Ir [&hellip;]\" \/>\n<meta property=\"og:url\" content=\"https:\/\/continent.lv\/ru\/product\/samsung-nv7b4535yak-u3\/\" \/>\n<meta property=\"og:site_name\" content=\"Continent.lv\" \/>\n<meta property=\"og:image\" content=\"https:\/\/continent.lv\/wp-content\/uploads\/2026\/05\/Samsung_NV7B4535YAK.jpeg\" \/>\n\t<meta property=\"og:image:width\" content=\"1024\" \/>\n\t<meta property=\"og:image:height\" content=\"818\" \/>\n\t<meta property=\"og:image:type\" content=\"image\/jpeg\" \/>\n<meta name=\"twitter:card\" content=\"summary_large_image\" \/>\n<meta name=\"twitter:label1\" content=\"\u041f\u0440\u0438\u043c\u0435\u0440\u043d\u043e\u0435 \u0432\u0440\u0435\u043c\u044f \u0434\u043b\u044f \u0447\u0442\u0435\u043d\u0438\u044f\" \/>\n\t<meta name=\"twitter:data1\" content=\"1 \u043c\u0438\u043d\u0443\u0442\u0430\" \/>\n<script type=\"application\/ld+json\" class=\"yoast-schema-graph\">{\"@context\":\"https:\\\/\\\/schema.org\",\"@graph\":[{\"@type\":\"WebPage\",\"@id\":\"https:\\\/\\\/continent.lv\\\/product\\\/samsung-nv7b4535yak-u3\\\/\",\"url\":\"https:\\\/\\\/continent.lv\\\/product\\\/samsung-nv7b4535yak-u3\\\/\",\"name\":\"Samsung NV7B4535YAK\\\/U3 - Continent.lv\",\"isPartOf\":{\"@id\":\"https:\\\/\\\/continent.lv\\\/#website\"},\"primaryImageOfPage\":{\"@id\":\"https:\\\/\\\/continent.lv\\\/product\\\/samsung-nv7b4535yak-u3\\\/#primaryimage\"},\"image\":{\"@id\":\"https:\\\/\\\/continent.lv\\\/product\\\/samsung-nv7b4535yak-u3\\\/#primaryimage\"},\"thumbnailUrl\":\"https:\\\/\\\/continent.lv\\\/wp-content\\\/uploads\\\/2026\\\/05\\\/Samsung_NV7B4535YAK.jpeg\",\"datePublished\":\"2026-05-01T00:58:10+00:00\",\"breadcrumb\":{\"@id\":\"https:\\\/\\\/continent.lv\\\/product\\\/samsung-nv7b4535yak-u3\\\/#breadcrumb\"},\"inLanguage\":\"ru-RU\",\"potentialAction\":[{\"@type\":\"ReadAction\",\"target\":[\"https:\\\/\\\/continent.lv\\\/product\\\/samsung-nv7b4535yak-u3\\\/\"]}]},{\"@type\":\"ImageObject\",\"inLanguage\":\"ru-RU\",\"@id\":\"https:\\\/\\\/continent.lv\\\/product\\\/samsung-nv7b4535yak-u3\\\/#primaryimage\",\"url\":\"https:\\\/\\\/continent.lv\\\/wp-content\\\/uploads\\\/2026\\\/05\\\/Samsung_NV7B4535YAK.jpeg\",\"contentUrl\":\"https:\\\/\\\/continent.lv\\\/wp-content\\\/uploads\\\/2026\\\/05\\\/Samsung_NV7B4535YAK.jpeg\",\"width\":1024,\"height\":818},{\"@type\":\"BreadcrumbList\",\"@id\":\"https:\\\/\\\/continent.lv\\\/product\\\/samsung-nv7b4535yak-u3\\\/#breadcrumb\",\"itemListElement\":[{\"@type\":\"ListItem\",\"position\":1,\"name\":\"Home\",\"item\":\"https:\\\/\\\/continent.lv\\\/\"},{\"@type\":\"ListItem\",\"position\":2,\"name\":\"Veikals\",\"item\":\"https:\\\/\\\/continent.lv\\\/shop\\\/\"},{\"@type\":\"ListItem\",\"position\":3,\"name\":\"Samsung NV7B4535YAK\\\/U3\"}]},{\"@type\":\"WebSite\",\"@id\":\"https:\\\/\\\/continent.lv\\\/#website\",\"url\":\"https:\\\/\\\/continent.lv\\\/\",\"name\":\"Continent.lv\",\"description\":\"Sadz\u012bves pre\u010du internetveikals\",\"publisher\":{\"@id\":\"https:\\\/\\\/continent.lv\\\/#organization\"},\"potentialAction\":[{\"@type\":\"SearchAction\",\"target\":{\"@type\":\"EntryPoint\",\"urlTemplate\":\"https:\\\/\\\/continent.lv\\\/?s={search_term_string}\"},\"query-input\":{\"@type\":\"PropertyValueSpecification\",\"valueRequired\":true,\"valueName\":\"search_term_string\"}}],\"inLanguage\":\"ru-RU\"},{\"@type\":\"Organization\",\"@id\":\"https:\\\/\\\/continent.lv\\\/#organization\",\"name\":\"Continent.lv\",\"url\":\"https:\\\/\\\/continent.lv\\\/\",\"logo\":{\"@type\":\"ImageObject\",\"inLanguage\":\"ru-RU\",\"@id\":\"https:\\\/\\\/continent.lv\\\/#\\\/schema\\\/logo\\\/image\\\/\",\"url\":\"https:\\\/\\\/continent.lv\\\/wp-content\\\/uploads\\\/2026\\\/05\\\/logo_continent_5nwv-jh.jpg\",\"contentUrl\":\"https:\\\/\\\/continent.lv\\\/wp-content\\\/uploads\\\/2026\\\/05\\\/logo_continent_5nwv-jh.jpg\",\"width\":221,\"height\":50,\"caption\":\"Continent.lv\"},\"image\":{\"@id\":\"https:\\\/\\\/continent.lv\\\/#\\\/schema\\\/logo\\\/image\\\/\"}}]}<\/script>\n<!-- \/ Yoast SEO plugin. -->","yoast_head_json":{"title":"Samsung NV7B4535YAK\/U3 - Continent.lv","robots":{"index":"index","follow":"follow","max-snippet":"max-snippet:-1","max-image-preview":"max-image-preview:large","max-video-preview":"max-video-preview:-1"},"canonical":"https:\/\/continent.lv\/ru\/product\/samsung-nv7b4535yak-u3\/","og_locale":"ru_RU","og_type":"article","og_title":"Samsung NV7B4535YAK\/U3 - Continent.lv","og_description":"Pamatinform\u0101cija Pre\u010du z\u012bme Samsung EAN 8806094337310 Kr\u0101sa Melna Ener\u0123ijas pat\u0113ri\u0146\u0161 Energoefektivit\u0101tes klase A+ Ietilp\u012bba Cepe\u0161kr\u0101sns tilpums 76 l Izm\u0113ri, svars Svars 43.3 kg Svars ar iepakojumu 48.2 kg Vad\u012bba Teleskopisk\u0101s vadotnes Ir Papildus parametri Cepe\u0161kr\u0101sns veids Elektriska Papildu inform\u0101cija Elektrisk\u0101 cepe\u0161kr\u0101sns ar Dual Cook Flex, Air Sous Vide Kop\u0113j\u0101 jauda 4 kW Cepe\u0161kr\u0101sns apgaismo\u0161ana Ir [&hellip;]","og_url":"https:\/\/continent.lv\/ru\/product\/samsung-nv7b4535yak-u3\/","og_site_name":"Continent.lv","og_image":[{"width":1024,"height":818,"url":"https:\/\/continent.lv\/wp-content\/uploads\/2026\/05\/Samsung_NV7B4535YAK.jpeg","type":"image\/jpeg"}],"twitter_card":"summary_large_image","twitter_misc":{"\u041f\u0440\u0438\u043c\u0435\u0440\u043d\u043e\u0435 \u0432\u0440\u0435\u043c\u044f \u0434\u043b\u044f \u0447\u0442\u0435\u043d\u0438\u044f":"1 \u043c\u0438\u043d\u0443\u0442\u0430"},"schema":{"@context":"https:\/\/schema.org","@graph":[{"@type":"WebPage","@id":"https:\/\/continent.lv\/product\/samsung-nv7b4535yak-u3\/","url":"https:\/\/continent.lv\/product\/samsung-nv7b4535yak-u3\/","name":"Samsung NV7B4535YAK\/U3 - Continent.lv","isPartOf":{"@id":"https:\/\/continent.lv\/#website"},"primaryImageOfPage":{"@id":"https:\/\/continent.lv\/product\/samsung-nv7b4535yak-u3\/#primaryimage"},"image":{"@id":"https:\/\/continent.lv\/product\/samsung-nv7b4535yak-u3\/#primaryimage"},"thumbnailUrl":"https:\/\/continent.lv\/wp-content\/uploads\/2026\/05\/Samsung_NV7B4535YAK.jpeg","datePublished":"2026-05-01T00:58:10+00:00","breadcrumb":{"@id":"https:\/\/continent.lv\/product\/samsung-nv7b4535yak-u3\/#breadcrumb"},"inLanguage":"ru-RU","potentialAction":[{"@type":"ReadAction","target":["https:\/\/continent.lv\/product\/samsung-nv7b4535yak-u3\/"]}]},{"@type":"ImageObject","inLanguage":"ru-RU","@id":"https:\/\/continent.lv\/product\/samsung-nv7b4535yak-u3\/#primaryimage","url":"https:\/\/continent.lv\/wp-content\/uploads\/2026\/05\/Samsung_NV7B4535YAK.jpeg","contentUrl":"https:\/\/continent.lv\/wp-content\/uploads\/2026\/05\/Samsung_NV7B4535YAK.jpeg","width":1024,"height":818},{"@type":"BreadcrumbList","@id":"https:\/\/continent.lv\/product\/samsung-nv7b4535yak-u3\/#breadcrumb","itemListElement":[{"@type":"ListItem","position":1,"name":"Home","item":"https:\/\/continent.lv\/"},{"@type":"ListItem","position":2,"name":"Veikals","item":"https:\/\/continent.lv\/shop\/"},{"@type":"ListItem","position":3,"name":"Samsung NV7B4535YAK\/U3"}]},{"@type":"WebSite","@id":"https:\/\/continent.lv\/#website","url":"https:\/\/continent.lv\/","name":"Continent.lv","description":"Sadz\u012bves pre\u010du internetveikals","publisher":{"@id":"https:\/\/continent.lv\/#organization"},"potentialAction":[{"@type":"SearchAction","target":{"@type":"EntryPoint","urlTemplate":"https:\/\/continent.lv\/?s={search_term_string}"},"query-input":{"@type":"PropertyValueSpecification","valueRequired":true,"valueName":"search_term_string"}}],"inLanguage":"ru-RU"},{"@type":"Organization","@id":"https:\/\/continent.lv\/#organization","name":"Continent.lv","url":"https:\/\/continent.lv\/","logo":{"@type":"ImageObject","inLanguage":"ru-RU","@id":"https:\/\/continent.lv\/#\/schema\/logo\/image\/","url":"https:\/\/continent.lv\/wp-content\/uploads\/2026\/05\/logo_continent_5nwv-jh.jpg","contentUrl":"https:\/\/continent.lv\/wp-content\/uploads\/2026\/05\/logo_continent_5nwv-jh.jpg","width":221,"height":50,"caption":"Continent.lv"},"image":{"@id":"https:\/\/continent.lv\/#\/schema\/logo\/image\/"}}]}},"_links":{"self":[{"href":"https:\/\/continent.lv\/ru\/wp-json\/wp\/v2\/product\/30860","targetHints":{"allow":["GET"]}}],"collection":[{"href":"https:\/\/continent.lv\/ru\/wp-json\/wp\/v2\/product"}],"about":[{"href":"https:\/\/continent.lv\/ru\/wp-json\/wp\/v2\/types\/product"}],"replies":[{"embeddable":true,"href":"https:\/\/continent.lv\/ru\/wp-json\/wp\/v2\/comments?post=30860"}],"wp:featuredmedia":[{"embeddable":true,"href":"https:\/\/continent.lv\/ru\/wp-json\/wp\/v2\/media\/30854"}],"wp:attachment":[{"href":"https:\/\/continent.lv\/ru\/wp-json\/wp\/v2\/media?parent=30860"}],"wp:term":[{"taxonomy":"product_brand","embeddable":true,"href":"https:\/\/continent.lv\/ru\/wp-json\/wp\/v2\/product_brand?post=30860"},{"taxonomy":"product_cat","embeddable":true,"href":"https:\/\/continent.lv\/ru\/wp-json\/wp\/v2\/product_cat?post=30860"},{"taxonomy":"product_tag","embeddable":true,"href":"https:\/\/continent.lv\/ru\/wp-json\/wp\/v2\/product_tag?post=30860"}],"curies":[{"name":"wp","href":"https:\/\/api.w.org\/{rel}","templated":true}]}}