{"id":30632,"date":"2026-05-01T00:51:59","date_gmt":"2026-05-01T00:51:59","guid":{"rendered":"https:\/\/continent.lv\/product\/electrolux-eod5c71x\/"},"modified":"2026-05-01T00:51:59","modified_gmt":"2026-05-01T00:51:59","slug":"electrolux-eod5c71x","status":"publish","type":"product","link":"https:\/\/continent.lv\/ru\/product\/electrolux-eod5c71x\/","title":{"rendered":"ELECTROLUX EOD5C71X"},"content":{"rendered":"<p>\u0411\u0440\u0435\u043d\u0434 Electrolux<\/p>\n<p>\u041a\u043e\u0434 \u043f\u0440\u043e\u0434\u0443\u043a\u0442\u0430 949499350<br \/>\u0421\u0435\u0440\u0438\u044f PRO<br \/>\u0422\u0438\u043f \u0434\u0443\u0445\u043e\u0432\u043a\u0438 \u042d\u043b\u0435\u043a\u0442\u0440\u0438\u0447\u0435\u0441\u043a\u0430\u044f \u0441 \u043a\u043e\u043d\u0432\u0435\u043a\u0446\u0438\u0435\u0439 \u0438 \u0444\u0443\u043d\u043a\u0446\u0438\u0435\u0439 \u043f\u0430\u0440\u0430<br \/>\u041a\u043b\u0430\u0441\u0441 \u044d\u043d\u0435\u0440\u0433\u043e\u044d\u0444\u0444\u0435\u043a\u0442\u0438\u0432\u043d\u043e\u0441\u0442\u0438\u00a0<br \/>\u0426\u0432\u0435\u0442 \u041d\u0435\u0440\u0436\u0430\u0432\u0435\u044e\u0449\u0430\u044f \u0441\u0442\u0430\u043b\u044c\/\u0427\u0451\u0440\u043d\u043e\u0435 \u0441\u0442\u0435\u043a\u043b\u043e<br \/>\u041e\u0431\u044a\u0435\u043c \u0434\u0443\u0445\u043e\u0432\u043a\u0438 72 \u043b<br \/>\u041c\u043e\u0449\u043d\u043e\u0441\u0442\u044c 2.99 \u043a\u0412\u0442<br \/>EAN 7332543665495<br \/>\u0412\u0435\u0441 32.2 \u043a\u0433<br \/>\u0412\u0435\u0441 \u0441 \u0443\u043f\u0430\u043a\u043e\u0432\u043a\u043e\u0439 33.2 \u043a\u0433<br \/>\u0414\u0440\u0443\u0433\u0438\u0435 \u043f\u0430\u0440\u0430\u043c\u0435\u0442\u0440\u044b<br \/>\u0413\u0440\u0438\u043b\u044c \u0434\u0443\u0445\u043e\u0432\u043a\u0438 \u0415\u0441\u0442\u044c<br \/>\u041a\u043e\u043d\u0432\u0435\u043a\u0446\u0438\u044f <br \/>\u0424\u0443\u043d\u043a\u0446\u0438\u044f \u043e\u0447\u0438\u0441\u0442\u043a\u0438 \u0434\u0443\u0445\u043e\u0432\u043a\u0438 \u041a\u0430\u0442\u0430\u043b\u0438\u0442\u0438\u0447\u0435\u0441\u043a\u0430\u044f<br \/>\u041f\u043e\u0434\u0441\u0432\u0435\u0442\u043a\u0430 \u0434\u0443\u0445\u043e\u0432\u043a\u0438 \u0413\u0430\u043b\u043e\u0433\u0435\u043d\u043d\u0430\u044f<br \/>\u0422\u0430\u0439\u043c\u0435\u0440 \u0415\u0441\u0442\u044c<br \/>\u0420\u0435\u0436\u0438\u043c\u044b 10<br \/>\u0420\u0430\u0437\u043c\u0435\u0440\u044b \u043c\u043c (\u0412x\u0428x\u0413) 594x595x548<br \/>\u041a\u043e\u043c\u043f\u043b\u0435\u043a\u0442\u0430\u0446\u0438\u044f 1 \u043f\u0440\u043e\u0442\u0438\u0432\u0435\u043d\u044c, 1 \u0440\u0435\u0448\u0451\u0442\u043a\u0430, 1 \u043a\u0430\u043f\u043b\u0435\u0443\u043b\u043e\u0432\u0438\u0442\u0435\u043b\u044c<br \/>\u0422\u0435\u043b\u0435\u0441\u043a\u043e\u043f\u0438\u0447\u0435\u0441\u043a\u0438\u0435 \u043d\u0430\u043f\u0440\u0430\u0432\u043b\u044f\u044e\u0449\u0438\u0435 1 \u0443\u0440\u043e\u0432\u0435\u043d\u044c<br \/>Papildus inform\u0101cija VelvetClosing\u00ae \u2013 maiga durvju aizv\u0113r\u0161an\u0101s. Iegremd\u0113jami regulatori. Termozonde.<\/p><\/p>","protected":false},"excerpt":{"rendered":"<p>Pre\u010du z\u012bme Electrolux Produkta kods 949499350S\u0113rija PROCepe\u0161kr\u0101sns veids Elektriska ar konvekciju un tvaika funkcijuEnergoefektivit\u0101tes klase\u00a0Kr\u0101sa Ner\u016bs\u0113jo\u0161\u0101 t\u0113rauda\/Melns stiklsCepe\u0161kr\u0101sns tilpums 72 lKop\u0113j\u0101 jauda 2.99 kWEAN 7332543665495Svars 32.2 kgSvars ar iepakojumu 33.2 kgCiti parametriGrils cepe\u0161kr\u0101snij IrKonvekcija Cepe\u0161kr\u0101sns t\u012br\u012b\u0161anas funkcija Katal\u012btisk\u0101Cepe\u0161kr\u0101sns apgaismo\u0161ana Halog\u0113nsTaimeris IrRe\u017e\u012bmi 10Izm\u0113ri mm (AxPxDz) 594x595x548Piederumi 1 cepe\u0161panna, 1 re\u017e\u0123is, 1 pilienu uztver\u0161anas pannaTeleskopisk\u0101s vadotnes 1 [&hellip;]<\/p>\n","protected":false},"featured_media":30630,"comment_status":"open","ping_status":"closed","template":"","meta":{"_joinchat":[]},"product_brand":[265],"product_cat":[266],"product_tag":[],"class_list":{"0":"post-30632","1":"product","2":"type-product","3":"status-publish","4":"has-post-thumbnail","6":"product_brand-electrolux","7":"product_cat-iebuvejama-sadzives-tehnika-iebuvejamas-cepeskrasnis","9":"first","10":"instock","11":"shipping-taxable","12":"purchasable","13":"product-type-simple"},"yoast_head":"<!-- This site is optimized with the Yoast SEO plugin v27.5 - https:\/\/yoast.com\/product\/yoast-seo-wordpress\/ -->\n<title>ELECTROLUX EOD5C71X - Continent.lv<\/title>\n<meta name=\"robots\" content=\"index, follow, max-snippet:-1, max-image-preview:large, max-video-preview:-1\" \/>\n<link rel=\"canonical\" href=\"https:\/\/continent.lv\/ru\/product\/electrolux-eod5c71x\/\" \/>\n<meta property=\"og:locale\" content=\"ru_RU\" \/>\n<meta property=\"og:type\" content=\"article\" \/>\n<meta property=\"og:title\" content=\"ELECTROLUX EOD5C71X - Continent.lv\" \/>\n<meta property=\"og:description\" content=\"Pre\u010du z\u012bme Electrolux Produkta kods 949499350S\u0113rija PROCepe\u0161kr\u0101sns veids Elektriska ar konvekciju un tvaika funkcijuEnergoefektivit\u0101tes klase\u00a0Kr\u0101sa Ner\u016bs\u0113jo\u0161\u0101 t\u0113rauda\/Melns stiklsCepe\u0161kr\u0101sns tilpums 72 lKop\u0113j\u0101 jauda 2.99 kWEAN 7332543665495Svars 32.2 kgSvars ar iepakojumu 33.2 kgCiti parametriGrils cepe\u0161kr\u0101snij IrKonvekcija Cepe\u0161kr\u0101sns t\u012br\u012b\u0161anas funkcija Katal\u012btisk\u0101Cepe\u0161kr\u0101sns apgaismo\u0161ana Halog\u0113nsTaimeris IrRe\u017e\u012bmi 10Izm\u0113ri mm (AxPxDz) 594x595x548Piederumi 1 cepe\u0161panna, 1 re\u017e\u0123is, 1 pilienu uztver\u0161anas pannaTeleskopisk\u0101s vadotnes 1 [&hellip;]\" \/>\n<meta property=\"og:url\" content=\"https:\/\/continent.lv\/ru\/product\/electrolux-eod5c71x\/\" \/>\n<meta property=\"og:site_name\" content=\"Continent.lv\" \/>\n<meta property=\"og:image\" content=\"https:\/\/continent.lv\/wp-content\/uploads\/2026\/05\/EOD5C71X.png\" \/>\n\t<meta property=\"og:image:width\" content=\"280\" \/>\n\t<meta property=\"og:image:height\" content=\"244\" \/>\n\t<meta property=\"og:image:type\" content=\"image\/png\" \/>\n<meta name=\"twitter:card\" content=\"summary_large_image\" \/>\n<script type=\"application\/ld+json\" class=\"yoast-schema-graph\">{\"@context\":\"https:\\\/\\\/schema.org\",\"@graph\":[{\"@type\":\"WebPage\",\"@id\":\"https:\\\/\\\/continent.lv\\\/product\\\/electrolux-eod5c71x\\\/\",\"url\":\"https:\\\/\\\/continent.lv\\\/product\\\/electrolux-eod5c71x\\\/\",\"name\":\"ELECTROLUX EOD5C71X - Continent.lv\",\"isPartOf\":{\"@id\":\"https:\\\/\\\/continent.lv\\\/#website\"},\"primaryImageOfPage\":{\"@id\":\"https:\\\/\\\/continent.lv\\\/product\\\/electrolux-eod5c71x\\\/#primaryimage\"},\"image\":{\"@id\":\"https:\\\/\\\/continent.lv\\\/product\\\/electrolux-eod5c71x\\\/#primaryimage\"},\"thumbnailUrl\":\"https:\\\/\\\/continent.lv\\\/wp-content\\\/uploads\\\/2026\\\/05\\\/EOD5C71X.png\",\"datePublished\":\"2026-05-01T00:51:59+00:00\",\"breadcrumb\":{\"@id\":\"https:\\\/\\\/continent.lv\\\/product\\\/electrolux-eod5c71x\\\/#breadcrumb\"},\"inLanguage\":\"ru-RU\",\"potentialAction\":[{\"@type\":\"ReadAction\",\"target\":[\"https:\\\/\\\/continent.lv\\\/product\\\/electrolux-eod5c71x\\\/\"]}]},{\"@type\":\"ImageObject\",\"inLanguage\":\"ru-RU\",\"@id\":\"https:\\\/\\\/continent.lv\\\/product\\\/electrolux-eod5c71x\\\/#primaryimage\",\"url\":\"https:\\\/\\\/continent.lv\\\/wp-content\\\/uploads\\\/2026\\\/05\\\/EOD5C71X.png\",\"contentUrl\":\"https:\\\/\\\/continent.lv\\\/wp-content\\\/uploads\\\/2026\\\/05\\\/EOD5C71X.png\",\"width\":280,\"height\":244},{\"@type\":\"BreadcrumbList\",\"@id\":\"https:\\\/\\\/continent.lv\\\/product\\\/electrolux-eod5c71x\\\/#breadcrumb\",\"itemListElement\":[{\"@type\":\"ListItem\",\"position\":1,\"name\":\"Home\",\"item\":\"https:\\\/\\\/continent.lv\\\/\"},{\"@type\":\"ListItem\",\"position\":2,\"name\":\"Veikals\",\"item\":\"https:\\\/\\\/continent.lv\\\/shop\\\/\"},{\"@type\":\"ListItem\",\"position\":3,\"name\":\"ELECTROLUX EOD5C71X\"}]},{\"@type\":\"WebSite\",\"@id\":\"https:\\\/\\\/continent.lv\\\/#website\",\"url\":\"https:\\\/\\\/continent.lv\\\/\",\"name\":\"Continent.lv\",\"description\":\"Sadz\u012bves pre\u010du internetveikals\",\"publisher\":{\"@id\":\"https:\\\/\\\/continent.lv\\\/#organization\"},\"potentialAction\":[{\"@type\":\"SearchAction\",\"target\":{\"@type\":\"EntryPoint\",\"urlTemplate\":\"https:\\\/\\\/continent.lv\\\/?s={search_term_string}\"},\"query-input\":{\"@type\":\"PropertyValueSpecification\",\"valueRequired\":true,\"valueName\":\"search_term_string\"}}],\"inLanguage\":\"ru-RU\"},{\"@type\":\"Organization\",\"@id\":\"https:\\\/\\\/continent.lv\\\/#organization\",\"name\":\"Continent.lv\",\"url\":\"https:\\\/\\\/continent.lv\\\/\",\"logo\":{\"@type\":\"ImageObject\",\"inLanguage\":\"ru-RU\",\"@id\":\"https:\\\/\\\/continent.lv\\\/#\\\/schema\\\/logo\\\/image\\\/\",\"url\":\"https:\\\/\\\/continent.lv\\\/wp-content\\\/uploads\\\/2026\\\/05\\\/logo_continent_5nwv-jh.jpg\",\"contentUrl\":\"https:\\\/\\\/continent.lv\\\/wp-content\\\/uploads\\\/2026\\\/05\\\/logo_continent_5nwv-jh.jpg\",\"width\":221,\"height\":50,\"caption\":\"Continent.lv\"},\"image\":{\"@id\":\"https:\\\/\\\/continent.lv\\\/#\\\/schema\\\/logo\\\/image\\\/\"}}]}<\/script>\n<!-- \/ Yoast SEO plugin. -->","yoast_head_json":{"title":"ELECTROLUX EOD5C71X - Continent.lv","robots":{"index":"index","follow":"follow","max-snippet":"max-snippet:-1","max-image-preview":"max-image-preview:large","max-video-preview":"max-video-preview:-1"},"canonical":"https:\/\/continent.lv\/ru\/product\/electrolux-eod5c71x\/","og_locale":"ru_RU","og_type":"article","og_title":"ELECTROLUX EOD5C71X - Continent.lv","og_description":"Pre\u010du z\u012bme Electrolux Produkta kods 949499350S\u0113rija PROCepe\u0161kr\u0101sns veids Elektriska ar konvekciju un tvaika funkcijuEnergoefektivit\u0101tes klase\u00a0Kr\u0101sa Ner\u016bs\u0113jo\u0161\u0101 t\u0113rauda\/Melns stiklsCepe\u0161kr\u0101sns tilpums 72 lKop\u0113j\u0101 jauda 2.99 kWEAN 7332543665495Svars 32.2 kgSvars ar iepakojumu 33.2 kgCiti parametriGrils cepe\u0161kr\u0101snij IrKonvekcija Cepe\u0161kr\u0101sns t\u012br\u012b\u0161anas funkcija Katal\u012btisk\u0101Cepe\u0161kr\u0101sns apgaismo\u0161ana Halog\u0113nsTaimeris IrRe\u017e\u012bmi 10Izm\u0113ri mm (AxPxDz) 594x595x548Piederumi 1 cepe\u0161panna, 1 re\u017e\u0123is, 1 pilienu uztver\u0161anas pannaTeleskopisk\u0101s vadotnes 1 [&hellip;]","og_url":"https:\/\/continent.lv\/ru\/product\/electrolux-eod5c71x\/","og_site_name":"Continent.lv","og_image":[{"width":280,"height":244,"url":"https:\/\/continent.lv\/wp-content\/uploads\/2026\/05\/EOD5C71X.png","type":"image\/png"}],"twitter_card":"summary_large_image","schema":{"@context":"https:\/\/schema.org","@graph":[{"@type":"WebPage","@id":"https:\/\/continent.lv\/product\/electrolux-eod5c71x\/","url":"https:\/\/continent.lv\/product\/electrolux-eod5c71x\/","name":"ELECTROLUX EOD5C71X - Continent.lv","isPartOf":{"@id":"https:\/\/continent.lv\/#website"},"primaryImageOfPage":{"@id":"https:\/\/continent.lv\/product\/electrolux-eod5c71x\/#primaryimage"},"image":{"@id":"https:\/\/continent.lv\/product\/electrolux-eod5c71x\/#primaryimage"},"thumbnailUrl":"https:\/\/continent.lv\/wp-content\/uploads\/2026\/05\/EOD5C71X.png","datePublished":"2026-05-01T00:51:59+00:00","breadcrumb":{"@id":"https:\/\/continent.lv\/product\/electrolux-eod5c71x\/#breadcrumb"},"inLanguage":"ru-RU","potentialAction":[{"@type":"ReadAction","target":["https:\/\/continent.lv\/product\/electrolux-eod5c71x\/"]}]},{"@type":"ImageObject","inLanguage":"ru-RU","@id":"https:\/\/continent.lv\/product\/electrolux-eod5c71x\/#primaryimage","url":"https:\/\/continent.lv\/wp-content\/uploads\/2026\/05\/EOD5C71X.png","contentUrl":"https:\/\/continent.lv\/wp-content\/uploads\/2026\/05\/EOD5C71X.png","width":280,"height":244},{"@type":"BreadcrumbList","@id":"https:\/\/continent.lv\/product\/electrolux-eod5c71x\/#breadcrumb","itemListElement":[{"@type":"ListItem","position":1,"name":"Home","item":"https:\/\/continent.lv\/"},{"@type":"ListItem","position":2,"name":"Veikals","item":"https:\/\/continent.lv\/shop\/"},{"@type":"ListItem","position":3,"name":"ELECTROLUX EOD5C71X"}]},{"@type":"WebSite","@id":"https:\/\/continent.lv\/#website","url":"https:\/\/continent.lv\/","name":"Continent.lv","description":"Sadz\u012bves pre\u010du internetveikals","publisher":{"@id":"https:\/\/continent.lv\/#organization"},"potentialAction":[{"@type":"SearchAction","target":{"@type":"EntryPoint","urlTemplate":"https:\/\/continent.lv\/?s={search_term_string}"},"query-input":{"@type":"PropertyValueSpecification","valueRequired":true,"valueName":"search_term_string"}}],"inLanguage":"ru-RU"},{"@type":"Organization","@id":"https:\/\/continent.lv\/#organization","name":"Continent.lv","url":"https:\/\/continent.lv\/","logo":{"@type":"ImageObject","inLanguage":"ru-RU","@id":"https:\/\/continent.lv\/#\/schema\/logo\/image\/","url":"https:\/\/continent.lv\/wp-content\/uploads\/2026\/05\/logo_continent_5nwv-jh.jpg","contentUrl":"https:\/\/continent.lv\/wp-content\/uploads\/2026\/05\/logo_continent_5nwv-jh.jpg","width":221,"height":50,"caption":"Continent.lv"},"image":{"@id":"https:\/\/continent.lv\/#\/schema\/logo\/image\/"}}]}},"_links":{"self":[{"href":"https:\/\/continent.lv\/ru\/wp-json\/wp\/v2\/product\/30632","targetHints":{"allow":["GET"]}}],"collection":[{"href":"https:\/\/continent.lv\/ru\/wp-json\/wp\/v2\/product"}],"about":[{"href":"https:\/\/continent.lv\/ru\/wp-json\/wp\/v2\/types\/product"}],"replies":[{"embeddable":true,"href":"https:\/\/continent.lv\/ru\/wp-json\/wp\/v2\/comments?post=30632"}],"wp:featuredmedia":[{"embeddable":true,"href":"https:\/\/continent.lv\/ru\/wp-json\/wp\/v2\/media\/30630"}],"wp:attachment":[{"href":"https:\/\/continent.lv\/ru\/wp-json\/wp\/v2\/media?parent=30632"}],"wp:term":[{"taxonomy":"product_brand","embeddable":true,"href":"https:\/\/continent.lv\/ru\/wp-json\/wp\/v2\/product_brand?post=30632"},{"taxonomy":"product_cat","embeddable":true,"href":"https:\/\/continent.lv\/ru\/wp-json\/wp\/v2\/product_cat?post=30632"},{"taxonomy":"product_tag","embeddable":true,"href":"https:\/\/continent.lv\/ru\/wp-json\/wp\/v2\/product_tag?post=30632"}],"curies":[{"name":"wp","href":"https:\/\/api.w.org\/{rel}","templated":true}]}}