{"id":30513,"date":"2026-05-01T00:49:00","date_gmt":"2026-05-01T00:49:00","guid":{"rendered":"https:\/\/continent.lv\/product\/liebherr-cnd-5703cnd5703-no-frost-201-5cm\/"},"modified":"2026-05-01T00:49:00","modified_gmt":"2026-05-01T00:49:00","slug":"liebherr-cnd-5703cnd5703-no-frost-201-5cm","status":"publish","type":"product","link":"https:\/\/continent.lv\/ru\/product\/liebherr-cnd-5703cnd5703-no-frost-201-5cm\/","title":{"rendered":"Liebherr CNd 5703(CND5703) No Frost 201.5\u0441\u043c"},"content":{"rendered":"<\/p>\n<p class=\"translation-block\"><p><\/p><p>\u041f\u0440\u043e\u0438\u0437\u0432\u043e\u0434\u0438\u0442\u0435\u043b\u044c Liebherr<br>\u041c\u044b \u0441\u0442\u0440\u043e\u0438\u043c Nevien\u0101<br>\u0421\u043e\u0432\u0435\u0442\u044b \u043f\u043e \u0438\u0441\u043f\u043e\u043b\u044c\u0437\u043e\u0432\u0430\u043d\u0438\u044e \u0445\u043e\u043b\u043e\u0434\u0438\u043b\u044c\u043d\u0438\u043a\u0430 \u0412\u0435\u0440\u0445\u043d\u044f\u044f \u043c\u043e\u0440\u043e\u0437\u0438\u043b\u044c\u043d\u0430\u044f \u043a\u0430\u043c\u0435\u0440\u0430<br>\u041a\u043e\u043b\u0438\u0447\u0435\u0441\u0442\u0432\u043e \u0434\u0432\u0435\u0440\u0435\u0439 2<br>\u0415\u0441\u0442\u044c \u0434\u0438\u0441\u043f\u043b\u0435\u0439<br>\u042d\u043d\u0435\u0440\u0433\u043e\u044d\u0444\u0444\u0435\u043a\u0442\u0438\u0432\u043d\u043e\u0441\u0442\u044c<br>\u041a\u043b\u0430\u0441\u0441 \u044d\u043b\u0435\u043a\u0442\u0440\u043e\u043f\u043e\u0442\u0440\u0435\u0431\u043b\u0435\u043d\u0438\u044f D<br>\u041e\u0436\u0438\u0434\u0430\u0435\u043c\u043e\u0435 \u044d\u043d\u0435\u0440\u0433\u043e\u043f\u043e\u0442\u0440\u0435\u0431\u043b\u0435\u043d\u0438\u0435 \u0432 \u0433\u043e\u0434 (\u043a\u0412\u0442\u22c5\u0447) 203<br>\u041e\u0431\u044a\u0435\u043c<br>\u041e\u0431\u0449\u0438\u0439 \u043f\u043e\u043b\u0435\u0437\u043d\u044b\u0439 \u043e\u0431\u044a\u0435\u043c (\u043b) 371<br>\u041e\u0431\u044a\u0435\u043c \u0445\u043e\u043b\u043e\u0434\u0438\u043b\u044c\u043d\u043e\u0439 \u043a\u0430\u043c\u0435\u0440\u044b (\u043b) 268<br>\u041e\u0431\u044a\u0435\u043c \u043c\u043e\u0440\u043e\u0437\u0438\u043b\u044c\u043d\u043e\u0439 \u043a\u0430\u043c\u0435\u0440\u044b (\u043b) 103<br>\u0414\u0440\u0443\u0433\u0438\u0435 \u0444\u0443\u043d\u043a\u0446\u0438\u0438 \u0438 \u0445\u0430\u0440\u0430\u043a\u0442\u0435\u0440\u0438\u0441\u0442\u0438\u043a\u0438<br>\u041c\u043e\u0449\u043d\u043e\u0441\u0442\u044c \u0437\u0430\u043c\u043e\u0440\u0430\u0436\u0438\u0432\u0430\u043d\u0438\u044f (\u043a\u0433\/\u0441\u0443\u0442\u043a\u0438) 10<br>\u0418\u043d\u0434\u0438\u043a\u0430\u0442\u043e\u0440 \u043e\u0442\u043a\u0440\u044b\u0442\u0438\u044f \u0434\u0432\u0435\u0440\u0435\u0439<br>\u041a\u043e\u043d\u0447\u0438\u043a\u0438 \u0441\u0442\u0435\u043a\u043b\u044f\u043d\u043d\u044b\u0445 \u043f\u043e\u043b\u043e\u043a<br>\u0423\u0440\u043e\u0432\u0435\u043d\u044c \u0448\u0443\u043c\u0430 (\u0434\u0411) 36<br>\u0412\u043e\u0437\u043c\u043e\u0436\u043d\u043e\u0441\u0442\u044c \u0443\u0441\u0442\u0430\u043d\u043e\u0432\u043a\u0438 \u0434\u0432\u0435\u0440\u0435\u0439 \u0434\u0432\u0443\u0441\u0442\u043e\u0440\u043e\u043d\u043d\u044f\u044f \u041d\u0435\u0442<br>\u0421\u043e\u0432\u0435\u0442\u044b \u043f\u043e \u0441\u0435\u043d\u0441\u043e\u0440\u043d\u043e\u043c\u0443 \u0443\u043f\u0440\u0430\u0432\u043b\u0435\u043d\u0438\u044e<br>\u041a\u043b\u0438\u043c\u0430\u0442\u0438\u0447\u0435\u0441\u043a\u0438\u0439 \u043a\u043b\u0430\u0441\u0441 SN<br>\u0422<br>\u0420\u0430\u0441\u043f\u043e\u043b\u043e\u0436\u0435\u043d\u0438\u0435 \u043c\u043e\u0440\u043e\u0437\u0438\u043b\u044c\u043d\u043e\u0439 \u043a\u0430\u043c\u0435\u0440\u044b \u0412\u043d\u0438\u0437\u0443<br>\u042f\u0440\u043a\u043e-\u0431\u0435\u043b\u044b\u0439<br>\u0421\u0438\u0441\u0442\u0435\u043c\u0430 \u0440\u0430\u0437\u043c\u043e\u0440\u0430\u0436\u0438\u0432\u0430\u043d\u0438\u044f<br>\u0421\u0438\u0441\u0442\u0435\u043c\u0430 \u0440\u0430\u0437\u043c\u043e\u0440\u0430\u0436\u0438\u0432\u0430\u043d\u0438\u044f \u0410\u0432\u0442\u043e\u043c\u0430\u0442\u0438\u0447\u0435\u0441\u043a\u0430\u044f<br>\u0410\u0432\u0442\u043e\u043c\u0430\u0442\u0438\u0447\u0435\u0441\u043a\u0430\u044f \u0440\u0430\u0437\u043c\u043e\u0440\u043e\u0437\u043a\u0430 \u043c\u043e\u0440\u043e\u0437\u0438\u043b\u044c\u043d\u043e\u0439 \u043a\u0430\u043c\u0435\u0440\u044b<br>\u0411\u044b\u0441\u0442\u0440\u0430\u044f \u0437\u0430\u043c\u043e\u0440\u043e\u0437\u043a\u0430 I<br>\u041d\u0435\u0442 Frost \u0415\u0441\u0442\u044c<br>\u0420\u0430\u0437\u043c\u0435\u0440\u044b \u0438 \u0432\u0435\u0441<br>\u0413\u043b\u0443\u0431\u0438\u043d\u0430 (\u043c\u043c) 675<br>\u0428\u0438\u0440\u0438\u043d\u0430 (\u043c\u043c) 597<br>\u0412\u044b\u0441\u043e\u0442\u0430 (\u043c\u043c) 2015<br>\u0412\u0435\u0441 (\u043a\u0433) 74<br>\u0412\u0435\u0441<br>\u0412\u0435\u0441 \u0431\u0440\u0443\u0442\u0442\u043e (\u043a\u0433) 76<br><br><\/p><\/p>","protected":false},"excerpt":{"rendered":"<p>Ra\u017eot\u0101js LiebherrM\u0113s b\u016bv\u0113jam Nevien\u0101Padomi ledusskapja lieto\u0161anai Sald\u0113tavas apak\u0161da\u013caDurvju skaits 2IR displejsEnergoefektivit\u0101teElektr\u012bbas klase DParedzamais ener\u0123ijas pat\u0113ri\u0146\u0161 gad\u0101 (kWh) 203Ska\u013cumsKop\u0113jais lietder\u012bgais apjoms (l) 371Ledusskapja tilpums (l) 268Sald\u0113tavas tilpums (l) 103Citas funkcijas un funkcijasSald\u0113\u0161anas jauda (kg\/dien\u0101) 10IR durvju atv\u0113r\u0161anas indikatorsStikla plauktu galiTrok\u0161\u0146a l\u012bmenis (dB) 36Divvirzienu durvju uzst\u0101d\u012b\u0161anas iesp\u0113ja NrSk\u0101rienvad\u012bbas padomiKlimata klase SNTSald\u0113tavas atra\u0161an\u0101s vieta Apak\u0161\u0101Pikanti baltsAtkaus\u0113\u0161anas sist\u0113maAtkaus\u0113\u0161anas sist\u0113ma [&hellip;]<\/p>\n","protected":false},"featured_media":30507,"comment_status":"open","ping_status":"closed","template":"","meta":{"_joinchat":[]},"product_brand":[290],"product_cat":[272],"product_tag":[],"class_list":{"0":"post-30513","1":"product","2":"type-product","3":"status-publish","4":"has-post-thumbnail","6":"product_brand-liebherr","7":"product_cat-sadzives-tehnika-ledusskapji","9":"first","10":"instock","11":"shipping-taxable","12":"purchasable","13":"product-type-simple"},"yoast_head":"<!-- This site is optimized with the Yoast SEO plugin v27.5 - https:\/\/yoast.com\/product\/yoast-seo-wordpress\/ -->\n<title>Liebherr CNd 5703(CND5703) No Frost 201.5cm - Continent.lv<\/title>\n<meta name=\"robots\" content=\"index, follow, max-snippet:-1, max-image-preview:large, max-video-preview:-1\" \/>\n<link rel=\"canonical\" href=\"https:\/\/continent.lv\/ru\/product\/liebherr-cnd-5703cnd5703-no-frost-201-5cm\/\" \/>\n<meta property=\"og:locale\" content=\"ru_RU\" \/>\n<meta property=\"og:type\" content=\"article\" \/>\n<meta property=\"og:title\" content=\"Liebherr CNd 5703(CND5703) No Frost 201.5cm - Continent.lv\" \/>\n<meta property=\"og:description\" content=\"Ra\u017eot\u0101js LiebherrM\u0113s b\u016bv\u0113jam Nevien\u0101Padomi ledusskapja lieto\u0161anai Sald\u0113tavas apak\u0161da\u013caDurvju skaits 2IR displejsEnergoefektivit\u0101teElektr\u012bbas klase DParedzamais ener\u0123ijas pat\u0113ri\u0146\u0161 gad\u0101 (kWh) 203Ska\u013cumsKop\u0113jais lietder\u012bgais apjoms (l) 371Ledusskapja tilpums (l) 268Sald\u0113tavas tilpums (l) 103Citas funkcijas un funkcijasSald\u0113\u0161anas jauda (kg\/dien\u0101) 10IR durvju atv\u0113r\u0161anas indikatorsStikla plauktu galiTrok\u0161\u0146a l\u012bmenis (dB) 36Divvirzienu durvju uzst\u0101d\u012b\u0161anas iesp\u0113ja NrSk\u0101rienvad\u012bbas padomiKlimata klase SNTSald\u0113tavas atra\u0161an\u0101s vieta Apak\u0161\u0101Pikanti baltsAtkaus\u0113\u0161anas sist\u0113maAtkaus\u0113\u0161anas sist\u0113ma [&hellip;]\" \/>\n<meta property=\"og:url\" content=\"https:\/\/continent.lv\/ru\/product\/liebherr-cnd-5703cnd5703-no-frost-201-5cm\/\" \/>\n<meta property=\"og:site_name\" content=\"Continent.lv\" \/>\n<meta property=\"og:image\" content=\"https:\/\/continent.lv\/wp-content\/uploads\/2026\/05\/Liebherr_CNd_57031.jpg\" \/>\n\t<meta property=\"og:image:width\" content=\"325\" \/>\n\t<meta property=\"og:image:height\" content=\"1063\" \/>\n\t<meta property=\"og:image:type\" content=\"image\/jpeg\" \/>\n<meta name=\"twitter:card\" content=\"summary_large_image\" \/>\n<meta name=\"twitter:label1\" content=\"\u041f\u0440\u0438\u043c\u0435\u0440\u043d\u043e\u0435 \u0432\u0440\u0435\u043c\u044f \u0434\u043b\u044f \u0447\u0442\u0435\u043d\u0438\u044f\" \/>\n\t<meta name=\"twitter:data1\" content=\"1 \u043c\u0438\u043d\u0443\u0442\u0430\" \/>\n<script type=\"application\/ld+json\" class=\"yoast-schema-graph\">{\"@context\":\"https:\\\/\\\/schema.org\",\"@graph\":[{\"@type\":\"WebPage\",\"@id\":\"https:\\\/\\\/continent.lv\\\/product\\\/liebherr-cnd-5703cnd5703-no-frost-201-5cm\\\/\",\"url\":\"https:\\\/\\\/continent.lv\\\/product\\\/liebherr-cnd-5703cnd5703-no-frost-201-5cm\\\/\",\"name\":\"Liebherr CNd 5703(CND5703) No Frost 201.5cm - Continent.lv\",\"isPartOf\":{\"@id\":\"https:\\\/\\\/continent.lv\\\/#website\"},\"primaryImageOfPage\":{\"@id\":\"https:\\\/\\\/continent.lv\\\/product\\\/liebherr-cnd-5703cnd5703-no-frost-201-5cm\\\/#primaryimage\"},\"image\":{\"@id\":\"https:\\\/\\\/continent.lv\\\/product\\\/liebherr-cnd-5703cnd5703-no-frost-201-5cm\\\/#primaryimage\"},\"thumbnailUrl\":\"https:\\\/\\\/continent.lv\\\/wp-content\\\/uploads\\\/2026\\\/05\\\/Liebherr_CNd_57031.jpg\",\"datePublished\":\"2026-05-01T00:49:00+00:00\",\"breadcrumb\":{\"@id\":\"https:\\\/\\\/continent.lv\\\/product\\\/liebherr-cnd-5703cnd5703-no-frost-201-5cm\\\/#breadcrumb\"},\"inLanguage\":\"ru-RU\",\"potentialAction\":[{\"@type\":\"ReadAction\",\"target\":[\"https:\\\/\\\/continent.lv\\\/product\\\/liebherr-cnd-5703cnd5703-no-frost-201-5cm\\\/\"]}]},{\"@type\":\"ImageObject\",\"inLanguage\":\"ru-RU\",\"@id\":\"https:\\\/\\\/continent.lv\\\/product\\\/liebherr-cnd-5703cnd5703-no-frost-201-5cm\\\/#primaryimage\",\"url\":\"https:\\\/\\\/continent.lv\\\/wp-content\\\/uploads\\\/2026\\\/05\\\/Liebherr_CNd_57031.jpg\",\"contentUrl\":\"https:\\\/\\\/continent.lv\\\/wp-content\\\/uploads\\\/2026\\\/05\\\/Liebherr_CNd_57031.jpg\",\"width\":325,\"height\":1063},{\"@type\":\"BreadcrumbList\",\"@id\":\"https:\\\/\\\/continent.lv\\\/product\\\/liebherr-cnd-5703cnd5703-no-frost-201-5cm\\\/#breadcrumb\",\"itemListElement\":[{\"@type\":\"ListItem\",\"position\":1,\"name\":\"Home\",\"item\":\"https:\\\/\\\/continent.lv\\\/\"},{\"@type\":\"ListItem\",\"position\":2,\"name\":\"Veikals\",\"item\":\"https:\\\/\\\/continent.lv\\\/shop\\\/\"},{\"@type\":\"ListItem\",\"position\":3,\"name\":\"Liebherr CNd 5703(CND5703) No Frost 201.5cm\"}]},{\"@type\":\"WebSite\",\"@id\":\"https:\\\/\\\/continent.lv\\\/#website\",\"url\":\"https:\\\/\\\/continent.lv\\\/\",\"name\":\"Continent.lv\",\"description\":\"Sadz\u012bves pre\u010du internetveikals\",\"publisher\":{\"@id\":\"https:\\\/\\\/continent.lv\\\/#organization\"},\"potentialAction\":[{\"@type\":\"SearchAction\",\"target\":{\"@type\":\"EntryPoint\",\"urlTemplate\":\"https:\\\/\\\/continent.lv\\\/?s={search_term_string}\"},\"query-input\":{\"@type\":\"PropertyValueSpecification\",\"valueRequired\":true,\"valueName\":\"search_term_string\"}}],\"inLanguage\":\"ru-RU\"},{\"@type\":\"Organization\",\"@id\":\"https:\\\/\\\/continent.lv\\\/#organization\",\"name\":\"Continent.lv\",\"url\":\"https:\\\/\\\/continent.lv\\\/\",\"logo\":{\"@type\":\"ImageObject\",\"inLanguage\":\"ru-RU\",\"@id\":\"https:\\\/\\\/continent.lv\\\/#\\\/schema\\\/logo\\\/image\\\/\",\"url\":\"https:\\\/\\\/continent.lv\\\/wp-content\\\/uploads\\\/2026\\\/05\\\/logo_continent_5nwv-jh.jpg\",\"contentUrl\":\"https:\\\/\\\/continent.lv\\\/wp-content\\\/uploads\\\/2026\\\/05\\\/logo_continent_5nwv-jh.jpg\",\"width\":221,\"height\":50,\"caption\":\"Continent.lv\"},\"image\":{\"@id\":\"https:\\\/\\\/continent.lv\\\/#\\\/schema\\\/logo\\\/image\\\/\"}}]}<\/script>\n<!-- \/ Yoast SEO plugin. -->","yoast_head_json":{"title":"Liebherr CNd 5703(CND5703) No Frost 201.5cm - Continent.lv","robots":{"index":"index","follow":"follow","max-snippet":"max-snippet:-1","max-image-preview":"max-image-preview:large","max-video-preview":"max-video-preview:-1"},"canonical":"https:\/\/continent.lv\/ru\/product\/liebherr-cnd-5703cnd5703-no-frost-201-5cm\/","og_locale":"ru_RU","og_type":"article","og_title":"Liebherr CNd 5703(CND5703) No Frost 201.5cm - Continent.lv","og_description":"Ra\u017eot\u0101js LiebherrM\u0113s b\u016bv\u0113jam Nevien\u0101Padomi ledusskapja lieto\u0161anai Sald\u0113tavas apak\u0161da\u013caDurvju skaits 2IR displejsEnergoefektivit\u0101teElektr\u012bbas klase DParedzamais ener\u0123ijas pat\u0113ri\u0146\u0161 gad\u0101 (kWh) 203Ska\u013cumsKop\u0113jais lietder\u012bgais apjoms (l) 371Ledusskapja tilpums (l) 268Sald\u0113tavas tilpums (l) 103Citas funkcijas un funkcijasSald\u0113\u0161anas jauda (kg\/dien\u0101) 10IR durvju atv\u0113r\u0161anas indikatorsStikla plauktu galiTrok\u0161\u0146a l\u012bmenis (dB) 36Divvirzienu durvju uzst\u0101d\u012b\u0161anas iesp\u0113ja NrSk\u0101rienvad\u012bbas padomiKlimata klase SNTSald\u0113tavas atra\u0161an\u0101s vieta Apak\u0161\u0101Pikanti baltsAtkaus\u0113\u0161anas sist\u0113maAtkaus\u0113\u0161anas sist\u0113ma [&hellip;]","og_url":"https:\/\/continent.lv\/ru\/product\/liebherr-cnd-5703cnd5703-no-frost-201-5cm\/","og_site_name":"Continent.lv","og_image":[{"width":325,"height":1063,"url":"https:\/\/continent.lv\/wp-content\/uploads\/2026\/05\/Liebherr_CNd_57031.jpg","type":"image\/jpeg"}],"twitter_card":"summary_large_image","twitter_misc":{"\u041f\u0440\u0438\u043c\u0435\u0440\u043d\u043e\u0435 \u0432\u0440\u0435\u043c\u044f \u0434\u043b\u044f \u0447\u0442\u0435\u043d\u0438\u044f":"1 \u043c\u0438\u043d\u0443\u0442\u0430"},"schema":{"@context":"https:\/\/schema.org","@graph":[{"@type":"WebPage","@id":"https:\/\/continent.lv\/product\/liebherr-cnd-5703cnd5703-no-frost-201-5cm\/","url":"https:\/\/continent.lv\/product\/liebherr-cnd-5703cnd5703-no-frost-201-5cm\/","name":"Liebherr CNd 5703(CND5703) No Frost 201.5cm - Continent.lv","isPartOf":{"@id":"https:\/\/continent.lv\/#website"},"primaryImageOfPage":{"@id":"https:\/\/continent.lv\/product\/liebherr-cnd-5703cnd5703-no-frost-201-5cm\/#primaryimage"},"image":{"@id":"https:\/\/continent.lv\/product\/liebherr-cnd-5703cnd5703-no-frost-201-5cm\/#primaryimage"},"thumbnailUrl":"https:\/\/continent.lv\/wp-content\/uploads\/2026\/05\/Liebherr_CNd_57031.jpg","datePublished":"2026-05-01T00:49:00+00:00","breadcrumb":{"@id":"https:\/\/continent.lv\/product\/liebherr-cnd-5703cnd5703-no-frost-201-5cm\/#breadcrumb"},"inLanguage":"ru-RU","potentialAction":[{"@type":"ReadAction","target":["https:\/\/continent.lv\/product\/liebherr-cnd-5703cnd5703-no-frost-201-5cm\/"]}]},{"@type":"ImageObject","inLanguage":"ru-RU","@id":"https:\/\/continent.lv\/product\/liebherr-cnd-5703cnd5703-no-frost-201-5cm\/#primaryimage","url":"https:\/\/continent.lv\/wp-content\/uploads\/2026\/05\/Liebherr_CNd_57031.jpg","contentUrl":"https:\/\/continent.lv\/wp-content\/uploads\/2026\/05\/Liebherr_CNd_57031.jpg","width":325,"height":1063},{"@type":"BreadcrumbList","@id":"https:\/\/continent.lv\/product\/liebherr-cnd-5703cnd5703-no-frost-201-5cm\/#breadcrumb","itemListElement":[{"@type":"ListItem","position":1,"name":"Home","item":"https:\/\/continent.lv\/"},{"@type":"ListItem","position":2,"name":"Veikals","item":"https:\/\/continent.lv\/shop\/"},{"@type":"ListItem","position":3,"name":"Liebherr CNd 5703(CND5703) No Frost 201.5cm"}]},{"@type":"WebSite","@id":"https:\/\/continent.lv\/#website","url":"https:\/\/continent.lv\/","name":"Continent.lv","description":"Sadz\u012bves pre\u010du internetveikals","publisher":{"@id":"https:\/\/continent.lv\/#organization"},"potentialAction":[{"@type":"SearchAction","target":{"@type":"EntryPoint","urlTemplate":"https:\/\/continent.lv\/?s={search_term_string}"},"query-input":{"@type":"PropertyValueSpecification","valueRequired":true,"valueName":"search_term_string"}}],"inLanguage":"ru-RU"},{"@type":"Organization","@id":"https:\/\/continent.lv\/#organization","name":"Continent.lv","url":"https:\/\/continent.lv\/","logo":{"@type":"ImageObject","inLanguage":"ru-RU","@id":"https:\/\/continent.lv\/#\/schema\/logo\/image\/","url":"https:\/\/continent.lv\/wp-content\/uploads\/2026\/05\/logo_continent_5nwv-jh.jpg","contentUrl":"https:\/\/continent.lv\/wp-content\/uploads\/2026\/05\/logo_continent_5nwv-jh.jpg","width":221,"height":50,"caption":"Continent.lv"},"image":{"@id":"https:\/\/continent.lv\/#\/schema\/logo\/image\/"}}]}},"_links":{"self":[{"href":"https:\/\/continent.lv\/ru\/wp-json\/wp\/v2\/product\/30513","targetHints":{"allow":["GET"]}}],"collection":[{"href":"https:\/\/continent.lv\/ru\/wp-json\/wp\/v2\/product"}],"about":[{"href":"https:\/\/continent.lv\/ru\/wp-json\/wp\/v2\/types\/product"}],"replies":[{"embeddable":true,"href":"https:\/\/continent.lv\/ru\/wp-json\/wp\/v2\/comments?post=30513"}],"wp:featuredmedia":[{"embeddable":true,"href":"https:\/\/continent.lv\/ru\/wp-json\/wp\/v2\/media\/30507"}],"wp:attachment":[{"href":"https:\/\/continent.lv\/ru\/wp-json\/wp\/v2\/media?parent=30513"}],"wp:term":[{"taxonomy":"product_brand","embeddable":true,"href":"https:\/\/continent.lv\/ru\/wp-json\/wp\/v2\/product_brand?post=30513"},{"taxonomy":"product_cat","embeddable":true,"href":"https:\/\/continent.lv\/ru\/wp-json\/wp\/v2\/product_cat?post=30513"},{"taxonomy":"product_tag","embeddable":true,"href":"https:\/\/continent.lv\/ru\/wp-json\/wp\/v2\/product_tag?post=30513"}],"curies":[{"name":"wp","href":"https:\/\/api.w.org\/{rel}","templated":true}]}}