{"id":30069,"date":"2026-05-01T00:37:26","date_gmt":"2026-05-01T00:37:26","guid":{"rendered":"https:\/\/continent.lv\/product\/bosch-pcp6a5b90-pcp-6a5b90\/"},"modified":"2026-05-01T00:37:26","modified_gmt":"2026-05-01T00:37:26","slug":"bosch-pcp6a5b90-pcp-6a5b90","status":"publish","type":"product","link":"https:\/\/continent.lv\/ru\/product\/bosch-pcp6a5b90-pcp-6a5b90\/","title":{"rendered":"BOSCH PCP6A5B90 (PCP 6A5B90)"},"content":{"rendered":"<\/p>\n<p>Ieb\u016bv\u0113jama neatkar\u012bga g\u0101zes virsma, 5,3\u00d758,2\u00d752 cm, 4 deg\u013ci (1-lieljaudas, divi standarta jaudas, 1 ekonomisks). Ner\u016bs\u0113jo\u0161\u0101 t\u0113rauda kr\u0101s\u0101. 2 gadu garantija.<\/p>\n<p>     \u043c\u0435\u0445\u0430\u043d\u0438\u0447\u0435\u0441\u043a\u0438\u0435 \u043f\u043e\u0432\u043e\u0440\u043e\u0442\u043d\u044b\u0435 \u043f\u0435\u0440\u0435\u043a\u043b\u044e\u0447\u0430\u0442\u0435\u043b\u0438<br \/>     \u0430\u0432\u0442\u043e\u043c\u0430\u0442\u0438\u0447\u0435\u0441\u043a\u0438\u0439 \u044d\u043b\u0435\u043a\u0442\u0440\u0438\u0447\u0435\u0441\u043a\u0438\u0439 \u043f\u043e\u0434\u0436\u0438\u0433<br \/>     g\u0101zes kontrole<br \/>     \u0447\u0443\u0433\u0443\u043d\u043d\u0430\u044f \u0440\u0435\u0448\u0435\u0442\u043a\u0430<br \/>     \u043c\u043e\u0449\u043d\u043e\u0441\u0442\u044c \u043a\u043e\u043d\u0444\u043e\u0440\u043e\u043a<br \/>     2 \u043a\u043e\u043d\u0444\u043e\u0440\u043a\u0438 \u043f\u043e 1,75 \u043a\u0412\u0442<br \/>     priek\u0161\u0101 pa labi \u2013 1 kW<br \/>     aizmugur\u0113 pa labi \u2013 3 kW<br \/>     \u0444\u043e\u0440\u0441\u0443\u043d\u043a\u0438 \u0434\u043b\u044f \u0431\u0430\u043b\u043b\u043e\u043d\u043d\u043e\u0433\u043e \u0433\u0430\u0437\u0430 \u0432 \u043a\u043e\u043c\u043f\u043b\u0435\u043a\u0442\u0435<br \/>     \u043a\u0430\u0431\u0435\u043b\u044c 1 \u043c \u0441 \u0432\u0438\u043b\u043a\u043e\u0439<\/p>","protected":false},"excerpt":{"rendered":"<p>Ieb\u016bv\u0113jama neatkar\u012bga g\u0101zes virsma, 5,3\u00d758,2\u00d752 cm, 4 deg\u013ci (1-lieljaudas, divi standarta jaudas, 1 ekonomisks). Ner\u016bs\u0113jo\u0161\u0101 t\u0113rauda kr\u0101s\u0101. 2 gadu garantija. meh\u0101nisk\u0101s, rot\u0101cijas sl\u0113d\u017ei autom\u0101tisk\u0101 elektrisk\u0101 aizdedze g\u0101zes kontrole \u010duguna grils deg\u013cu jauda 2 deg\u013ci 1.75 kW priek\u0161\u0101 pa labi \u2013 1 kW aizmugur\u0113 pa labi \u2013 3 kW sprauslas balonu g\u0101zei komplekt\u0101 1 m kabelis [&hellip;]<\/p>\n","protected":false},"featured_media":30068,"comment_status":"open","ping_status":"closed","template":"","meta":{"_joinchat":[]},"product_brand":[281],"product_cat":[268],"product_tag":[],"class_list":{"0":"post-30069","1":"product","2":"type-product","3":"status-publish","4":"has-post-thumbnail","6":"product_brand-bosch","7":"product_cat-iebuvejama-sadzives-tehnika-iebuvejamas-gazes-plits-virsmas","9":"first","10":"instock","11":"shipping-taxable","12":"purchasable","13":"product-type-simple"},"yoast_head":"<!-- This site is optimized with the Yoast SEO plugin v27.5 - https:\/\/yoast.com\/product\/yoast-seo-wordpress\/ -->\n<title>BOSCH PCP6A5B90 (PCP 6A5B90) - Continent.lv<\/title>\n<meta name=\"robots\" content=\"index, follow, max-snippet:-1, max-image-preview:large, max-video-preview:-1\" \/>\n<link rel=\"canonical\" href=\"https:\/\/continent.lv\/ru\/product\/bosch-pcp6a5b90-pcp-6a5b90\/\" \/>\n<meta property=\"og:locale\" content=\"ru_RU\" \/>\n<meta property=\"og:type\" content=\"article\" \/>\n<meta property=\"og:title\" content=\"BOSCH PCP6A5B90 (PCP 6A5B90) - Continent.lv\" \/>\n<meta property=\"og:description\" content=\"Ieb\u016bv\u0113jama neatkar\u012bga g\u0101zes virsma, 5,3\u00d758,2\u00d752 cm, 4 deg\u013ci (1-lieljaudas, divi standarta jaudas, 1 ekonomisks). Ner\u016bs\u0113jo\u0161\u0101 t\u0113rauda kr\u0101s\u0101. 2 gadu garantija. meh\u0101nisk\u0101s, rot\u0101cijas sl\u0113d\u017ei autom\u0101tisk\u0101 elektrisk\u0101 aizdedze g\u0101zes kontrole \u010duguna grils deg\u013cu jauda 2 deg\u013ci 1.75 kW priek\u0161\u0101 pa labi \u2013 1 kW aizmugur\u0113 pa labi \u2013 3 kW sprauslas balonu g\u0101zei komplekt\u0101 1 m kabelis [&hellip;]\" \/>\n<meta property=\"og:url\" content=\"https:\/\/continent.lv\/ru\/product\/bosch-pcp6a5b90-pcp-6a5b90\/\" \/>\n<meta property=\"og:site_name\" content=\"Continent.lv\" \/>\n<meta property=\"og:image\" content=\"https:\/\/continent.lv\/wp-content\/uploads\/2026\/05\/PCP_6A5B90.jpg\" \/>\n\t<meta property=\"og:image:width\" content=\"280\" \/>\n\t<meta property=\"og:image:height\" content=\"354\" \/>\n\t<meta property=\"og:image:type\" content=\"image\/jpeg\" \/>\n<meta name=\"twitter:card\" content=\"summary_large_image\" \/>\n<script type=\"application\/ld+json\" class=\"yoast-schema-graph\">{\"@context\":\"https:\\\/\\\/schema.org\",\"@graph\":[{\"@type\":\"WebPage\",\"@id\":\"https:\\\/\\\/continent.lv\\\/product\\\/bosch-pcp6a5b90-pcp-6a5b90\\\/\",\"url\":\"https:\\\/\\\/continent.lv\\\/product\\\/bosch-pcp6a5b90-pcp-6a5b90\\\/\",\"name\":\"BOSCH PCP6A5B90 (PCP 6A5B90) - Continent.lv\",\"isPartOf\":{\"@id\":\"https:\\\/\\\/continent.lv\\\/#website\"},\"primaryImageOfPage\":{\"@id\":\"https:\\\/\\\/continent.lv\\\/product\\\/bosch-pcp6a5b90-pcp-6a5b90\\\/#primaryimage\"},\"image\":{\"@id\":\"https:\\\/\\\/continent.lv\\\/product\\\/bosch-pcp6a5b90-pcp-6a5b90\\\/#primaryimage\"},\"thumbnailUrl\":\"https:\\\/\\\/continent.lv\\\/wp-content\\\/uploads\\\/2026\\\/05\\\/PCP_6A5B90.jpg\",\"datePublished\":\"2026-05-01T00:37:26+00:00\",\"breadcrumb\":{\"@id\":\"https:\\\/\\\/continent.lv\\\/product\\\/bosch-pcp6a5b90-pcp-6a5b90\\\/#breadcrumb\"},\"inLanguage\":\"ru-RU\",\"potentialAction\":[{\"@type\":\"ReadAction\",\"target\":[\"https:\\\/\\\/continent.lv\\\/product\\\/bosch-pcp6a5b90-pcp-6a5b90\\\/\"]}]},{\"@type\":\"ImageObject\",\"inLanguage\":\"ru-RU\",\"@id\":\"https:\\\/\\\/continent.lv\\\/product\\\/bosch-pcp6a5b90-pcp-6a5b90\\\/#primaryimage\",\"url\":\"https:\\\/\\\/continent.lv\\\/wp-content\\\/uploads\\\/2026\\\/05\\\/PCP_6A5B90.jpg\",\"contentUrl\":\"https:\\\/\\\/continent.lv\\\/wp-content\\\/uploads\\\/2026\\\/05\\\/PCP_6A5B90.jpg\",\"width\":280,\"height\":354},{\"@type\":\"BreadcrumbList\",\"@id\":\"https:\\\/\\\/continent.lv\\\/product\\\/bosch-pcp6a5b90-pcp-6a5b90\\\/#breadcrumb\",\"itemListElement\":[{\"@type\":\"ListItem\",\"position\":1,\"name\":\"Home\",\"item\":\"https:\\\/\\\/continent.lv\\\/\"},{\"@type\":\"ListItem\",\"position\":2,\"name\":\"Veikals\",\"item\":\"https:\\\/\\\/continent.lv\\\/shop\\\/\"},{\"@type\":\"ListItem\",\"position\":3,\"name\":\"BOSCH PCP6A5B90 (PCP 6A5B90)\"}]},{\"@type\":\"WebSite\",\"@id\":\"https:\\\/\\\/continent.lv\\\/#website\",\"url\":\"https:\\\/\\\/continent.lv\\\/\",\"name\":\"Continent.lv\",\"description\":\"Sadz\u012bves pre\u010du internetveikals\",\"publisher\":{\"@id\":\"https:\\\/\\\/continent.lv\\\/#organization\"},\"potentialAction\":[{\"@type\":\"SearchAction\",\"target\":{\"@type\":\"EntryPoint\",\"urlTemplate\":\"https:\\\/\\\/continent.lv\\\/?s={search_term_string}\"},\"query-input\":{\"@type\":\"PropertyValueSpecification\",\"valueRequired\":true,\"valueName\":\"search_term_string\"}}],\"inLanguage\":\"ru-RU\"},{\"@type\":\"Organization\",\"@id\":\"https:\\\/\\\/continent.lv\\\/#organization\",\"name\":\"Continent.lv\",\"url\":\"https:\\\/\\\/continent.lv\\\/\",\"logo\":{\"@type\":\"ImageObject\",\"inLanguage\":\"ru-RU\",\"@id\":\"https:\\\/\\\/continent.lv\\\/#\\\/schema\\\/logo\\\/image\\\/\",\"url\":\"https:\\\/\\\/continent.lv\\\/wp-content\\\/uploads\\\/2026\\\/05\\\/logo_continent_5nwv-jh.jpg\",\"contentUrl\":\"https:\\\/\\\/continent.lv\\\/wp-content\\\/uploads\\\/2026\\\/05\\\/logo_continent_5nwv-jh.jpg\",\"width\":221,\"height\":50,\"caption\":\"Continent.lv\"},\"image\":{\"@id\":\"https:\\\/\\\/continent.lv\\\/#\\\/schema\\\/logo\\\/image\\\/\"}}]}<\/script>\n<!-- \/ Yoast SEO plugin. -->","yoast_head_json":{"title":"BOSCH PCP6A5B90 (PCP 6A5B90) - Continent.lv","robots":{"index":"index","follow":"follow","max-snippet":"max-snippet:-1","max-image-preview":"max-image-preview:large","max-video-preview":"max-video-preview:-1"},"canonical":"https:\/\/continent.lv\/ru\/product\/bosch-pcp6a5b90-pcp-6a5b90\/","og_locale":"ru_RU","og_type":"article","og_title":"BOSCH PCP6A5B90 (PCP 6A5B90) - Continent.lv","og_description":"Ieb\u016bv\u0113jama neatkar\u012bga g\u0101zes virsma, 5,3\u00d758,2\u00d752 cm, 4 deg\u013ci (1-lieljaudas, divi standarta jaudas, 1 ekonomisks). Ner\u016bs\u0113jo\u0161\u0101 t\u0113rauda kr\u0101s\u0101. 2 gadu garantija. meh\u0101nisk\u0101s, rot\u0101cijas sl\u0113d\u017ei autom\u0101tisk\u0101 elektrisk\u0101 aizdedze g\u0101zes kontrole \u010duguna grils deg\u013cu jauda 2 deg\u013ci 1.75 kW priek\u0161\u0101 pa labi \u2013 1 kW aizmugur\u0113 pa labi \u2013 3 kW sprauslas balonu g\u0101zei komplekt\u0101 1 m kabelis [&hellip;]","og_url":"https:\/\/continent.lv\/ru\/product\/bosch-pcp6a5b90-pcp-6a5b90\/","og_site_name":"Continent.lv","og_image":[{"width":280,"height":354,"url":"https:\/\/continent.lv\/wp-content\/uploads\/2026\/05\/PCP_6A5B90.jpg","type":"image\/jpeg"}],"twitter_card":"summary_large_image","schema":{"@context":"https:\/\/schema.org","@graph":[{"@type":"WebPage","@id":"https:\/\/continent.lv\/product\/bosch-pcp6a5b90-pcp-6a5b90\/","url":"https:\/\/continent.lv\/product\/bosch-pcp6a5b90-pcp-6a5b90\/","name":"BOSCH PCP6A5B90 (PCP 6A5B90) - Continent.lv","isPartOf":{"@id":"https:\/\/continent.lv\/#website"},"primaryImageOfPage":{"@id":"https:\/\/continent.lv\/product\/bosch-pcp6a5b90-pcp-6a5b90\/#primaryimage"},"image":{"@id":"https:\/\/continent.lv\/product\/bosch-pcp6a5b90-pcp-6a5b90\/#primaryimage"},"thumbnailUrl":"https:\/\/continent.lv\/wp-content\/uploads\/2026\/05\/PCP_6A5B90.jpg","datePublished":"2026-05-01T00:37:26+00:00","breadcrumb":{"@id":"https:\/\/continent.lv\/product\/bosch-pcp6a5b90-pcp-6a5b90\/#breadcrumb"},"inLanguage":"ru-RU","potentialAction":[{"@type":"ReadAction","target":["https:\/\/continent.lv\/product\/bosch-pcp6a5b90-pcp-6a5b90\/"]}]},{"@type":"ImageObject","inLanguage":"ru-RU","@id":"https:\/\/continent.lv\/product\/bosch-pcp6a5b90-pcp-6a5b90\/#primaryimage","url":"https:\/\/continent.lv\/wp-content\/uploads\/2026\/05\/PCP_6A5B90.jpg","contentUrl":"https:\/\/continent.lv\/wp-content\/uploads\/2026\/05\/PCP_6A5B90.jpg","width":280,"height":354},{"@type":"BreadcrumbList","@id":"https:\/\/continent.lv\/product\/bosch-pcp6a5b90-pcp-6a5b90\/#breadcrumb","itemListElement":[{"@type":"ListItem","position":1,"name":"Home","item":"https:\/\/continent.lv\/"},{"@type":"ListItem","position":2,"name":"Veikals","item":"https:\/\/continent.lv\/shop\/"},{"@type":"ListItem","position":3,"name":"BOSCH PCP6A5B90 (PCP 6A5B90)"}]},{"@type":"WebSite","@id":"https:\/\/continent.lv\/#website","url":"https:\/\/continent.lv\/","name":"Continent.lv","description":"Sadz\u012bves pre\u010du internetveikals","publisher":{"@id":"https:\/\/continent.lv\/#organization"},"potentialAction":[{"@type":"SearchAction","target":{"@type":"EntryPoint","urlTemplate":"https:\/\/continent.lv\/?s={search_term_string}"},"query-input":{"@type":"PropertyValueSpecification","valueRequired":true,"valueName":"search_term_string"}}],"inLanguage":"ru-RU"},{"@type":"Organization","@id":"https:\/\/continent.lv\/#organization","name":"Continent.lv","url":"https:\/\/continent.lv\/","logo":{"@type":"ImageObject","inLanguage":"ru-RU","@id":"https:\/\/continent.lv\/#\/schema\/logo\/image\/","url":"https:\/\/continent.lv\/wp-content\/uploads\/2026\/05\/logo_continent_5nwv-jh.jpg","contentUrl":"https:\/\/continent.lv\/wp-content\/uploads\/2026\/05\/logo_continent_5nwv-jh.jpg","width":221,"height":50,"caption":"Continent.lv"},"image":{"@id":"https:\/\/continent.lv\/#\/schema\/logo\/image\/"}}]}},"_links":{"self":[{"href":"https:\/\/continent.lv\/ru\/wp-json\/wp\/v2\/product\/30069","targetHints":{"allow":["GET"]}}],"collection":[{"href":"https:\/\/continent.lv\/ru\/wp-json\/wp\/v2\/product"}],"about":[{"href":"https:\/\/continent.lv\/ru\/wp-json\/wp\/v2\/types\/product"}],"replies":[{"embeddable":true,"href":"https:\/\/continent.lv\/ru\/wp-json\/wp\/v2\/comments?post=30069"}],"wp:featuredmedia":[{"embeddable":true,"href":"https:\/\/continent.lv\/ru\/wp-json\/wp\/v2\/media\/30068"}],"wp:attachment":[{"href":"https:\/\/continent.lv\/ru\/wp-json\/wp\/v2\/media?parent=30069"}],"wp:term":[{"taxonomy":"product_brand","embeddable":true,"href":"https:\/\/continent.lv\/ru\/wp-json\/wp\/v2\/product_brand?post=30069"},{"taxonomy":"product_cat","embeddable":true,"href":"https:\/\/continent.lv\/ru\/wp-json\/wp\/v2\/product_cat?post=30069"},{"taxonomy":"product_tag","embeddable":true,"href":"https:\/\/continent.lv\/ru\/wp-json\/wp\/v2\/product_tag?post=30069"}],"curies":[{"name":"wp","href":"https:\/\/api.w.org\/{rel}","templated":true}]}}