{"id":30015,"date":"2026-05-01T00:36:18","date_gmt":"2026-05-01T00:36:18","guid":{"rendered":"https:\/\/continent.lv\/product\/candy-cmch-302-el-n-292l\/"},"modified":"2026-05-01T00:36:18","modified_gmt":"2026-05-01T00:36:18","slug":"candy-cmch-302-el-n-292l","status":"publish","type":"product","link":"https:\/\/continent.lv\/ru\/product\/candy-cmch-302-el-n-292l\/","title":{"rendered":"Candy CMCH 302 EL\/N 292L"},"content":{"rendered":"<\/p>\n<p class=\"translation-block\"><p><\/p><p>\u041f\u0440\u043e\u0438\u0437\u0432\u043e\u0434\u0438\u0442\u0435\u043b\u044c Candy<br>\u0411\u0435\u043b\u044b\u0439 \u0446\u0432\u0435\u0442<br>EAN 8059019030258<br>\u041a\u043b\u0430\u0441\u0441 \u044d\u043d\u0435\u0440\u0433\u043e\u044d\u0444\u0444\u0435\u043a\u0442\u0438\u0432\u043d\u043e\u0441\u0442\u0438 F<br>\u0413\u043e\u0434\u043e\u0432\u043e\u0435 \u044d\u043d\u0435\u0440\u0433\u043e\u043f\u043e\u0442\u0440\u0435\u0431\u043b\u0435\u043d\u0438\u0435 286 \u043a\u0412\u0442\u00b7\u0447<br>\u041e\u0431\u044a\u0435\u043c<br>\u041e\u0431\u044a\u0435\u043c \u043c\u043e\u0440\u043e\u0437\u0438\u043b\u044c\u043d\u043e\u0439 \u043a\u0430\u043c\u0435\u0440\u044b 292 \u043b<br>\u0423\u0440\u043e\u0432\u0435\u043d\u044c \u0448\u0443\u043c\u0430<br>\u0423\u0440\u043e\u0432\u0435\u043d\u044c \u0448\u0443\u043c\u0430 41 \u0434\u0411<br>\u0410\u043a\u0443\u0441\u0442\u0438\u0447\u0435\u0441\u043a\u0438\u0439 \u043a\u043b\u0430\u0441\u0441 \u0448\u0443\u043c\u0430 C<br>\u0420\u0430\u0437\u043c\u0435\u0440\u044b, \u0432\u0435\u0441<br>\u0412\u044b\u0441\u043e\u0442\u0430 83,5 \u0441\u043c<br>\u0428\u0438\u0440\u0438\u043d\u0430 105,5 \u0441\u043c<br>\u0413\u043b\u0443\u0431\u0438\u043d\u0430 73,5 \u0441\u043c<br>\u0412\u0435\u0441 (\u0431\u0435\u0437 \u0443\u043f\u0430\u043a\u043e\u0432\u043a\u0438) 49 \u043a\u0433<br>\u0411\u0420\u0423\u0422\u0422\u041e \u0432\u0435\u0441 (\u0432\u0435\u0441 \u0441 \u0443\u043f\u0430\u043a\u043e\u0432\u043a\u043e\u0439) 54 \u043a\u0433<br>\u0423\u043f\u0440\u0430\u0432\u043b\u0435\u043d\u0438\u0435<br>\u042d\u043b\u0435\u043a\u0442\u0440\u043e\u043d\u043d\u044b\u0439 \u0434\u0438\u0441\u043f\u043b\u0435\u0439 \u0414\u0430<br>\u0422\u0438\u043f \u0443\u043f\u0440\u0430\u0432\u043b\u0435\u043d\u0438\u044f \u042d\u043b\u0435\u043a\u0442\u0440\u043e\u043d\u043d\u044b\u0439<br>\u0414\u043e\u043f\u043e\u043b\u043d\u0438\u0442\u0435\u043b\u044c\u043d\u044b\u0435 \u0445\u0430\u0440\u0430\u043a\u0442\u0435\u0440\u0438\u0441\u0442\u0438\u043a\u0438<br>\u041c\u043e\u0449\u043d\u043e\u0441\u0442\u044c \u0437\u0430\u043c\u043e\u0440\u043e\u0437\u043a\u0438 \u043a\u0433\/24\u0447 14<br>\u041a\u043b\u0430\u0441\u0441 \u043c\u043e\u0440\u043e\u0437\u0438\u043b\u044c\u043d\u043e\u0439 \u043a\u0430\u043c\u0435\u0440\u044b ****<br>\u041a\u043b\u0438\u043c\u0430\u0442\u0438\u0447\u0435\u0441\u043a\u0438\u0439 \u043a\u043b\u0430\u0441\u0441 SN-T<br>\u0412\u0440\u0435\u043c\u044f \u0441\u043e\u0445\u0440\u0430\u043d\u0435\u043d\u0438\u044f \u0442\u0435\u043c\u043f\u0435\u0440\u0430\u0442\u0443\u0440\u044b \u043f\u0440\u0438 \u0432\u044b\u043a\u043b\u044e\u0447\u0435\u043d\u0438\u0438 \u044d\u043b\u0435\u043a\u0442\u0440\u043e\u044d\u043d\u0435\u0440\u0433\u0438\u0438 (\u0447) 32<\/p><\/p>","protected":false},"excerpt":{"rendered":"<p>Ra\u017eot\u0101js CandyBalta kr\u0101saEAN 8059019030258F ener\u0123ijas klaseEner\u0123ijas pat\u0113ri\u0146\u0161 gad\u0101 286 kWhApjomsSald\u0113tavas tilpums 292 lSka\u013cuma l\u012bmenisTrok\u0161\u0146a l\u012bmenis 41 dBAkustisk\u0101 trok\u0161\u0146a klase CIzm\u0113ri, svarsAugstums 83,5 cmPlatums 105,5 cmDzi\u013cums 73,5 cmSvars (bez iepakojuma) 49 kgBRUTO svars (iepakojuma svars) 54 kgKontroleElektroniskais displejs J\u0101Vad\u012bbas veids ElektroniskaPapildu iesp\u0113jasSald\u0113\u0161anas jauda kg\/24h 14Sald\u0113tavas klase ****Klimata klase SN-TTemperat\u016bras saglab\u0101\u0161anas laiks, kad tas ir izsl\u0113gts. elektroen. [&hellip;]<\/p>\n","protected":false},"featured_media":30010,"comment_status":"open","ping_status":"closed","template":"","meta":{"_joinchat":[]},"product_brand":[267],"product_cat":[289],"product_tag":[],"class_list":{"0":"post-30015","1":"product","2":"type-product","3":"status-publish","4":"has-post-thumbnail","6":"product_brand-candy","7":"product_cat-sadzives-tehnika-saldetavas","9":"first","10":"instock","11":"shipping-taxable","12":"purchasable","13":"product-type-simple"},"yoast_head":"<!-- This site is optimized with the Yoast SEO plugin v27.5 - https:\/\/yoast.com\/product\/yoast-seo-wordpress\/ -->\n<title>Candy CMCH 302 EL\/N 292L - Continent.lv<\/title>\n<meta name=\"robots\" content=\"index, follow, max-snippet:-1, max-image-preview:large, max-video-preview:-1\" \/>\n<link rel=\"canonical\" href=\"https:\/\/continent.lv\/ru\/product\/candy-cmch-302-el-n-292l\/\" \/>\n<meta property=\"og:locale\" content=\"ru_RU\" \/>\n<meta property=\"og:type\" content=\"article\" \/>\n<meta property=\"og:title\" content=\"Candy CMCH 302 EL\/N 292L - Continent.lv\" \/>\n<meta property=\"og:description\" content=\"Ra\u017eot\u0101js CandyBalta kr\u0101saEAN 8059019030258F ener\u0123ijas klaseEner\u0123ijas pat\u0113ri\u0146\u0161 gad\u0101 286 kWhApjomsSald\u0113tavas tilpums 292 lSka\u013cuma l\u012bmenisTrok\u0161\u0146a l\u012bmenis 41 dBAkustisk\u0101 trok\u0161\u0146a klase CIzm\u0113ri, svarsAugstums 83,5 cmPlatums 105,5 cmDzi\u013cums 73,5 cmSvars (bez iepakojuma) 49 kgBRUTO svars (iepakojuma svars) 54 kgKontroleElektroniskais displejs J\u0101Vad\u012bbas veids ElektroniskaPapildu iesp\u0113jasSald\u0113\u0161anas jauda kg\/24h 14Sald\u0113tavas klase ****Klimata klase SN-TTemperat\u016bras saglab\u0101\u0161anas laiks, kad tas ir izsl\u0113gts. elektroen. [&hellip;]\" \/>\n<meta property=\"og:url\" content=\"https:\/\/continent.lv\/ru\/product\/candy-cmch-302-el-n-292l\/\" \/>\n<meta property=\"og:site_name\" content=\"Continent.lv\" \/>\n<meta property=\"og:image\" content=\"https:\/\/continent.lv\/wp-content\/uploads\/2026\/05\/Candy_CMCH_302_1.jpeg\" \/>\n\t<meta property=\"og:image:width\" content=\"1000\" \/>\n\t<meta property=\"og:image:height\" content=\"889\" \/>\n\t<meta property=\"og:image:type\" content=\"image\/jpeg\" \/>\n<meta name=\"twitter:card\" content=\"summary_large_image\" \/>\n<script type=\"application\/ld+json\" class=\"yoast-schema-graph\">{\"@context\":\"https:\\\/\\\/schema.org\",\"@graph\":[{\"@type\":\"WebPage\",\"@id\":\"https:\\\/\\\/continent.lv\\\/product\\\/candy-cmch-302-el-n-292l\\\/\",\"url\":\"https:\\\/\\\/continent.lv\\\/product\\\/candy-cmch-302-el-n-292l\\\/\",\"name\":\"Candy CMCH 302 EL\\\/N 292L - Continent.lv\",\"isPartOf\":{\"@id\":\"https:\\\/\\\/continent.lv\\\/#website\"},\"primaryImageOfPage\":{\"@id\":\"https:\\\/\\\/continent.lv\\\/product\\\/candy-cmch-302-el-n-292l\\\/#primaryimage\"},\"image\":{\"@id\":\"https:\\\/\\\/continent.lv\\\/product\\\/candy-cmch-302-el-n-292l\\\/#primaryimage\"},\"thumbnailUrl\":\"https:\\\/\\\/continent.lv\\\/wp-content\\\/uploads\\\/2026\\\/05\\\/Candy_CMCH_302_1.jpeg\",\"datePublished\":\"2026-05-01T00:36:18+00:00\",\"breadcrumb\":{\"@id\":\"https:\\\/\\\/continent.lv\\\/product\\\/candy-cmch-302-el-n-292l\\\/#breadcrumb\"},\"inLanguage\":\"ru-RU\",\"potentialAction\":[{\"@type\":\"ReadAction\",\"target\":[\"https:\\\/\\\/continent.lv\\\/product\\\/candy-cmch-302-el-n-292l\\\/\"]}]},{\"@type\":\"ImageObject\",\"inLanguage\":\"ru-RU\",\"@id\":\"https:\\\/\\\/continent.lv\\\/product\\\/candy-cmch-302-el-n-292l\\\/#primaryimage\",\"url\":\"https:\\\/\\\/continent.lv\\\/wp-content\\\/uploads\\\/2026\\\/05\\\/Candy_CMCH_302_1.jpeg\",\"contentUrl\":\"https:\\\/\\\/continent.lv\\\/wp-content\\\/uploads\\\/2026\\\/05\\\/Candy_CMCH_302_1.jpeg\",\"width\":1000,\"height\":889},{\"@type\":\"BreadcrumbList\",\"@id\":\"https:\\\/\\\/continent.lv\\\/product\\\/candy-cmch-302-el-n-292l\\\/#breadcrumb\",\"itemListElement\":[{\"@type\":\"ListItem\",\"position\":1,\"name\":\"Home\",\"item\":\"https:\\\/\\\/continent.lv\\\/\"},{\"@type\":\"ListItem\",\"position\":2,\"name\":\"Veikals\",\"item\":\"https:\\\/\\\/continent.lv\\\/shop\\\/\"},{\"@type\":\"ListItem\",\"position\":3,\"name\":\"Candy CMCH 302 EL\\\/N 292L\"}]},{\"@type\":\"WebSite\",\"@id\":\"https:\\\/\\\/continent.lv\\\/#website\",\"url\":\"https:\\\/\\\/continent.lv\\\/\",\"name\":\"Continent.lv\",\"description\":\"Sadz\u012bves pre\u010du internetveikals\",\"publisher\":{\"@id\":\"https:\\\/\\\/continent.lv\\\/#organization\"},\"potentialAction\":[{\"@type\":\"SearchAction\",\"target\":{\"@type\":\"EntryPoint\",\"urlTemplate\":\"https:\\\/\\\/continent.lv\\\/?s={search_term_string}\"},\"query-input\":{\"@type\":\"PropertyValueSpecification\",\"valueRequired\":true,\"valueName\":\"search_term_string\"}}],\"inLanguage\":\"ru-RU\"},{\"@type\":\"Organization\",\"@id\":\"https:\\\/\\\/continent.lv\\\/#organization\",\"name\":\"Continent.lv\",\"url\":\"https:\\\/\\\/continent.lv\\\/\",\"logo\":{\"@type\":\"ImageObject\",\"inLanguage\":\"ru-RU\",\"@id\":\"https:\\\/\\\/continent.lv\\\/#\\\/schema\\\/logo\\\/image\\\/\",\"url\":\"https:\\\/\\\/continent.lv\\\/wp-content\\\/uploads\\\/2026\\\/05\\\/logo_continent_5nwv-jh.jpg\",\"contentUrl\":\"https:\\\/\\\/continent.lv\\\/wp-content\\\/uploads\\\/2026\\\/05\\\/logo_continent_5nwv-jh.jpg\",\"width\":221,\"height\":50,\"caption\":\"Continent.lv\"},\"image\":{\"@id\":\"https:\\\/\\\/continent.lv\\\/#\\\/schema\\\/logo\\\/image\\\/\"}}]}<\/script>\n<!-- \/ Yoast SEO plugin. -->","yoast_head_json":{"title":"Candy CMCH 302 EL\/N 292L - Continent.lv","robots":{"index":"index","follow":"follow","max-snippet":"max-snippet:-1","max-image-preview":"max-image-preview:large","max-video-preview":"max-video-preview:-1"},"canonical":"https:\/\/continent.lv\/ru\/product\/candy-cmch-302-el-n-292l\/","og_locale":"ru_RU","og_type":"article","og_title":"Candy CMCH 302 EL\/N 292L - Continent.lv","og_description":"Ra\u017eot\u0101js CandyBalta kr\u0101saEAN 8059019030258F ener\u0123ijas klaseEner\u0123ijas pat\u0113ri\u0146\u0161 gad\u0101 286 kWhApjomsSald\u0113tavas tilpums 292 lSka\u013cuma l\u012bmenisTrok\u0161\u0146a l\u012bmenis 41 dBAkustisk\u0101 trok\u0161\u0146a klase CIzm\u0113ri, svarsAugstums 83,5 cmPlatums 105,5 cmDzi\u013cums 73,5 cmSvars (bez iepakojuma) 49 kgBRUTO svars (iepakojuma svars) 54 kgKontroleElektroniskais displejs J\u0101Vad\u012bbas veids ElektroniskaPapildu iesp\u0113jasSald\u0113\u0161anas jauda kg\/24h 14Sald\u0113tavas klase ****Klimata klase SN-TTemperat\u016bras saglab\u0101\u0161anas laiks, kad tas ir izsl\u0113gts. elektroen. [&hellip;]","og_url":"https:\/\/continent.lv\/ru\/product\/candy-cmch-302-el-n-292l\/","og_site_name":"Continent.lv","og_image":[{"width":1000,"height":889,"url":"https:\/\/continent.lv\/wp-content\/uploads\/2026\/05\/Candy_CMCH_302_1.jpeg","type":"image\/jpeg"}],"twitter_card":"summary_large_image","schema":{"@context":"https:\/\/schema.org","@graph":[{"@type":"WebPage","@id":"https:\/\/continent.lv\/product\/candy-cmch-302-el-n-292l\/","url":"https:\/\/continent.lv\/product\/candy-cmch-302-el-n-292l\/","name":"Candy CMCH 302 EL\/N 292L - Continent.lv","isPartOf":{"@id":"https:\/\/continent.lv\/#website"},"primaryImageOfPage":{"@id":"https:\/\/continent.lv\/product\/candy-cmch-302-el-n-292l\/#primaryimage"},"image":{"@id":"https:\/\/continent.lv\/product\/candy-cmch-302-el-n-292l\/#primaryimage"},"thumbnailUrl":"https:\/\/continent.lv\/wp-content\/uploads\/2026\/05\/Candy_CMCH_302_1.jpeg","datePublished":"2026-05-01T00:36:18+00:00","breadcrumb":{"@id":"https:\/\/continent.lv\/product\/candy-cmch-302-el-n-292l\/#breadcrumb"},"inLanguage":"ru-RU","potentialAction":[{"@type":"ReadAction","target":["https:\/\/continent.lv\/product\/candy-cmch-302-el-n-292l\/"]}]},{"@type":"ImageObject","inLanguage":"ru-RU","@id":"https:\/\/continent.lv\/product\/candy-cmch-302-el-n-292l\/#primaryimage","url":"https:\/\/continent.lv\/wp-content\/uploads\/2026\/05\/Candy_CMCH_302_1.jpeg","contentUrl":"https:\/\/continent.lv\/wp-content\/uploads\/2026\/05\/Candy_CMCH_302_1.jpeg","width":1000,"height":889},{"@type":"BreadcrumbList","@id":"https:\/\/continent.lv\/product\/candy-cmch-302-el-n-292l\/#breadcrumb","itemListElement":[{"@type":"ListItem","position":1,"name":"Home","item":"https:\/\/continent.lv\/"},{"@type":"ListItem","position":2,"name":"Veikals","item":"https:\/\/continent.lv\/shop\/"},{"@type":"ListItem","position":3,"name":"Candy CMCH 302 EL\/N 292L"}]},{"@type":"WebSite","@id":"https:\/\/continent.lv\/#website","url":"https:\/\/continent.lv\/","name":"Continent.lv","description":"Sadz\u012bves pre\u010du internetveikals","publisher":{"@id":"https:\/\/continent.lv\/#organization"},"potentialAction":[{"@type":"SearchAction","target":{"@type":"EntryPoint","urlTemplate":"https:\/\/continent.lv\/?s={search_term_string}"},"query-input":{"@type":"PropertyValueSpecification","valueRequired":true,"valueName":"search_term_string"}}],"inLanguage":"ru-RU"},{"@type":"Organization","@id":"https:\/\/continent.lv\/#organization","name":"Continent.lv","url":"https:\/\/continent.lv\/","logo":{"@type":"ImageObject","inLanguage":"ru-RU","@id":"https:\/\/continent.lv\/#\/schema\/logo\/image\/","url":"https:\/\/continent.lv\/wp-content\/uploads\/2026\/05\/logo_continent_5nwv-jh.jpg","contentUrl":"https:\/\/continent.lv\/wp-content\/uploads\/2026\/05\/logo_continent_5nwv-jh.jpg","width":221,"height":50,"caption":"Continent.lv"},"image":{"@id":"https:\/\/continent.lv\/#\/schema\/logo\/image\/"}}]}},"_links":{"self":[{"href":"https:\/\/continent.lv\/ru\/wp-json\/wp\/v2\/product\/30015","targetHints":{"allow":["GET"]}}],"collection":[{"href":"https:\/\/continent.lv\/ru\/wp-json\/wp\/v2\/product"}],"about":[{"href":"https:\/\/continent.lv\/ru\/wp-json\/wp\/v2\/types\/product"}],"replies":[{"embeddable":true,"href":"https:\/\/continent.lv\/ru\/wp-json\/wp\/v2\/comments?post=30015"}],"wp:featuredmedia":[{"embeddable":true,"href":"https:\/\/continent.lv\/ru\/wp-json\/wp\/v2\/media\/30010"}],"wp:attachment":[{"href":"https:\/\/continent.lv\/ru\/wp-json\/wp\/v2\/media?parent=30015"}],"wp:term":[{"taxonomy":"product_brand","embeddable":true,"href":"https:\/\/continent.lv\/ru\/wp-json\/wp\/v2\/product_brand?post=30015"},{"taxonomy":"product_cat","embeddable":true,"href":"https:\/\/continent.lv\/ru\/wp-json\/wp\/v2\/product_cat?post=30015"},{"taxonomy":"product_tag","embeddable":true,"href":"https:\/\/continent.lv\/ru\/wp-json\/wp\/v2\/product_tag?post=30015"}],"curies":[{"name":"wp","href":"https:\/\/api.w.org\/{rel}","templated":true}]}}