{"id":29815,"date":"2026-05-01T00:30:16","date_gmt":"2026-05-01T00:30:16","guid":{"rendered":"https:\/\/continent.lv\/product\/candy-chae2032fchae-2032f\/"},"modified":"2026-05-01T00:30:16","modified_gmt":"2026-05-01T00:30:16","slug":"candy-chae2032fchae-2032f","status":"publish","type":"product","link":"https:\/\/continent.lv\/ru\/product\/candy-chae2032fchae-2032f\/","title":{"rendered":"Candy CHAE2032F(CHAE 2032F)"},"content":{"rendered":"<p>\u00a0\u041c\u043e\u0440\u043e\u0437\u0438\u043b\u044c\u043d\u0438\u043a<\/p>\n<p>\u0422\u0438\u043f \u043f\u043e\u043b\u043e\u043a: 1 \u043a\u043e\u0440\u0437\u0438\u043d\u0430<br \/>\u041e\u0431\u0449\u0438\u0439 \u043e\u0431\u044a\u0435\u043c, \u043d\u0435\u0442\u0442\u043e (L) 198<br \/>\u041c\u0435\u0442\u043e\u0434 \u0440\u0430\u0437\u043c\u043e\u0440\u043e\u0437\u043a\u0438 \u0421\u0442\u0430\u0442\u0438\u0447\u0435\u0441\u043a\u0438\u0439<br \/>\u041c\u043e\u0449\u043d\u043e\u0441\u0442\u044c \u0437\u0430\u043c\u043e\u0440\u0430\u0436\u0438\u0432\u0430\u043d\u0438\u044f (\u043a\u0433\/24\u0447) 18<br \/>\u0410\u0432\u0442\u043e\u043d\u043e\u043c\u043d\u043e\u0435 \u043f\u043e\u0434\u0434\u0435\u0440\u0436\u0430\u043d\u0438\u0435 \u0442\u0435\u043c\u043f\u0435\u0440\u0430\u0442\u0443\u0440\u044b (\u0447) 26<br \/>Balta kr\u0101sa<br \/>\u0423\u0440\u043e\u0432\u0435\u043d\u044c \u0448\u0443\u043c\u0430 (\u0434\u0411) 40<br \/>\u041a\u043b\u0430\u0441\u0441 \u044d\u043d\u0435\u0440\u0433\u043e\u044d\u0444\u0444\u0435\u043a\u0442\u0438\u0432\u043d\u043e\u0441\u0442\u0438 F<br \/>\u041f\u043e\u0442\u0440\u0435\u0431\u043b\u0435\u043d\u0438\u0435 \u044d\u043d\u0435\u0440\u0433\u0438\u0438 \u0432 \u0433\u043e\u0434 (\u043a\u0412\u0442\u0447) 248<br \/>\u041e\u0431\u044a\u0435\u043c \u043c\u043e\u0440\u043e\u0437\u0438\u043b\u044c\u043d\u043e\u0439 \u043a\u0430\u043c\u0435\u0440\u044b, \u043d\u0435\u0442\u0442\u043e (L) 198<br \/>\u041a\u043b\u0438\u043c\u0430\u0442\u0438\u0447\u0435\u0441\u043a\u0438\u0439 \u043a\u043b\u0430\u0441\u0441: SN (\u043e\u0442 +10 \u0434\u043e +32\u00b0\u0421)<br \/>\u041a\u043b\u0438\u043c\u0430\u0442\u0438\u0447\u0435\u0441\u043a\u0438\u0439 \u043a\u043b\u0430\u0441\u0441 \u043c\u043e\u0440\u043e\u0437\u0438\u043b\u044c\u043d\u043e\u0439 \u043a\u0430\u043c\u0435\u0440\u044b: t**** (\u0434\u043e -24\u00b0\u0421)<br \/>\u0423\u0440\u043e\u0432\u0435\u043d\u044c \u0448\u0443\u043c\u0430 (\u043a\u043b\u0430\u0441\u0441 C).<br \/>\u0420\u0430\u0437\u043c\u043e\u0440\u043e\u0437\u043a\u0430 \u043c\u043e\u0440\u043e\u0437\u0438\u043b\u044c\u043d\u043e\u0439 \u043a\u0430\u043c\u0435\u0440\u044b: \u0440\u0443\u0447\u043d\u0430\u044f<br \/>\u0422\u0438\u043f \u0443\u043f\u0440\u0430\u0432\u043b\u0435\u043d\u0438\u044f: \u044d\u043b\u0435\u043a\u0442\u0440\u043e\u043d\u043d\u044b\u0439<br \/>\u0414\u0438\u0441\u043f\u043b\u0435\u0439: \u0434\u0430<br \/>\u0411\u044b\u0441\u0442\u0440\u0430\u044f \u0437\u0430\u043c\u043e\u0440\u043e\u0437\u043a\u0430: \u0434\u0430<br \/>\u0421\u0438\u0433\u043d\u0430\u043b\u0438\u0437\u0430\u0446\u0438\u044f \u0438\u0437\u043c\u0435\u043d\u0435\u043d\u0438\u044f \u0442\u0435\u043c\u043f\u0435\u0440\u0430\u0442\u0443\u0440\u044b: \u0434\u0430<br \/>Termostats: elektronisks<br \/>\u041e\u0442\u0434\u0435\u043b\u0435\u043d\u0438\u044f \u043c\u043e\u0440\u043e\u0437\u0438\u043b\u044c\u043d\u0438\u043a\u0430: 1<br \/>\u0420\u0430\u0437\u043c\u0435\u0440\u044b<br \/>\u0412\u044b\u0441\u043e\u0442\u0430 (\u0441\u043c) 84,5<br \/>\u0428\u0438\u0440\u0438\u043d\u0430 (\u0441\u043c) 94<br \/>\u0413\u043b\u0443\u0431\u0438\u043d\u0430 (\u0441\u043c) 55<br \/>\u0412\u0435\u0441 (\u043a\u0433) 35<br \/>\u0412\u0435\u0441 \u0431\u0440\u0443\u0442\u0442\u043e (\u0432 \u0443\u043f\u0430\u043a\u043e\u0432\u043a\u0435, \u043a\u0433) 38,5<\/p>","protected":false},"excerpt":{"rendered":"<p>\u00a0Sald\u0113tava Plauktu veids: 1 grozsKop\u0113jais apjoms, neto (L) 198Atkaus\u0113\u0161anas metode StatiskaSald\u0113\u0161anas jauda (kg\/24h) 18Autonom\u0101 temperat\u016bras uzglab\u0101\u0161ana (H) 26Balta kr\u0101saTrok\u0161\u0146a l\u012bmenis (dB) 40Energoefektivit\u0101tes klase FEner\u0123ijas pat\u0113ri\u0146\u0161 gad\u0101 (KWh) 248Sald\u0113tavas tilpums, Netto (L) 198Klimata klase: SN (no +10 l\u012bdz +32\u00b0\u0421)Sald\u0113tavas klimata klase: t**** (l\u012bdz -24C)Trok\u0161\u0146a l\u012bmenis (C klase).Sald\u0113tavas atkaus\u0113\u0161ana: manu\u0101laVad\u012bbas veids: elektronisksDisplejs: j\u0101\u0100tr\u0101 sasald\u0113\u0161ana: J\u0101Temperat\u016bras mai\u0146as trauksme: [&hellip;]<\/p>\n","protected":false},"featured_media":29813,"comment_status":"open","ping_status":"closed","template":"","meta":{"_joinchat":[]},"product_brand":[267],"product_cat":[289],"product_tag":[],"class_list":{"0":"post-29815","1":"product","2":"type-product","3":"status-publish","4":"has-post-thumbnail","6":"product_brand-candy","7":"product_cat-sadzives-tehnika-saldetavas","9":"first","10":"instock","11":"shipping-taxable","12":"purchasable","13":"product-type-simple"},"yoast_head":"<!-- This site is optimized with the Yoast SEO plugin v27.5 - https:\/\/yoast.com\/product\/yoast-seo-wordpress\/ -->\n<title>Candy CHAE2032F(CHAE 2032F) - Continent.lv<\/title>\n<meta name=\"robots\" content=\"index, follow, max-snippet:-1, max-image-preview:large, max-video-preview:-1\" \/>\n<link rel=\"canonical\" href=\"https:\/\/continent.lv\/ru\/product\/candy-chae2032fchae-2032f\/\" \/>\n<meta property=\"og:locale\" content=\"ru_RU\" \/>\n<meta property=\"og:type\" content=\"article\" \/>\n<meta property=\"og:title\" content=\"Candy CHAE2032F(CHAE 2032F) - Continent.lv\" \/>\n<meta property=\"og:description\" content=\"\u00a0Sald\u0113tava Plauktu veids: 1 grozsKop\u0113jais apjoms, neto (L) 198Atkaus\u0113\u0161anas metode StatiskaSald\u0113\u0161anas jauda (kg\/24h) 18Autonom\u0101 temperat\u016bras uzglab\u0101\u0161ana (H) 26Balta kr\u0101saTrok\u0161\u0146a l\u012bmenis (dB) 40Energoefektivit\u0101tes klase FEner\u0123ijas pat\u0113ri\u0146\u0161 gad\u0101 (KWh) 248Sald\u0113tavas tilpums, Netto (L) 198Klimata klase: SN (no +10 l\u012bdz +32\u00b0\u0421)Sald\u0113tavas klimata klase: t**** (l\u012bdz -24C)Trok\u0161\u0146a l\u012bmenis (C klase).Sald\u0113tavas atkaus\u0113\u0161ana: manu\u0101laVad\u012bbas veids: elektronisksDisplejs: j\u0101\u0100tr\u0101 sasald\u0113\u0161ana: J\u0101Temperat\u016bras mai\u0146as trauksme: [&hellip;]\" \/>\n<meta property=\"og:url\" content=\"https:\/\/continent.lv\/ru\/product\/candy-chae2032fchae-2032f\/\" \/>\n<meta property=\"og:site_name\" content=\"Continent.lv\" \/>\n<meta property=\"og:image\" content=\"https:\/\/continent.lv\/wp-content\/uploads\/2026\/05\/Candy_CHAE2032F.jpg\" \/>\n\t<meta property=\"og:image:width\" content=\"330\" \/>\n\t<meta property=\"og:image:height\" content=\"500\" \/>\n\t<meta property=\"og:image:type\" content=\"image\/jpeg\" \/>\n<meta name=\"twitter:card\" content=\"summary_large_image\" \/>\n<meta name=\"twitter:label1\" content=\"\u041f\u0440\u0438\u043c\u0435\u0440\u043d\u043e\u0435 \u0432\u0440\u0435\u043c\u044f \u0434\u043b\u044f \u0447\u0442\u0435\u043d\u0438\u044f\" \/>\n\t<meta name=\"twitter:data1\" content=\"1 \u043c\u0438\u043d\u0443\u0442\u0430\" \/>\n<script type=\"application\/ld+json\" class=\"yoast-schema-graph\">{\"@context\":\"https:\\\/\\\/schema.org\",\"@graph\":[{\"@type\":\"WebPage\",\"@id\":\"https:\\\/\\\/continent.lv\\\/product\\\/candy-chae2032fchae-2032f\\\/\",\"url\":\"https:\\\/\\\/continent.lv\\\/product\\\/candy-chae2032fchae-2032f\\\/\",\"name\":\"Candy CHAE2032F(CHAE 2032F) - Continent.lv\",\"isPartOf\":{\"@id\":\"https:\\\/\\\/continent.lv\\\/#website\"},\"primaryImageOfPage\":{\"@id\":\"https:\\\/\\\/continent.lv\\\/product\\\/candy-chae2032fchae-2032f\\\/#primaryimage\"},\"image\":{\"@id\":\"https:\\\/\\\/continent.lv\\\/product\\\/candy-chae2032fchae-2032f\\\/#primaryimage\"},\"thumbnailUrl\":\"https:\\\/\\\/continent.lv\\\/wp-content\\\/uploads\\\/2026\\\/05\\\/Candy_CHAE2032F.jpg\",\"datePublished\":\"2026-05-01T00:30:16+00:00\",\"breadcrumb\":{\"@id\":\"https:\\\/\\\/continent.lv\\\/product\\\/candy-chae2032fchae-2032f\\\/#breadcrumb\"},\"inLanguage\":\"ru-RU\",\"potentialAction\":[{\"@type\":\"ReadAction\",\"target\":[\"https:\\\/\\\/continent.lv\\\/product\\\/candy-chae2032fchae-2032f\\\/\"]}]},{\"@type\":\"ImageObject\",\"inLanguage\":\"ru-RU\",\"@id\":\"https:\\\/\\\/continent.lv\\\/product\\\/candy-chae2032fchae-2032f\\\/#primaryimage\",\"url\":\"https:\\\/\\\/continent.lv\\\/wp-content\\\/uploads\\\/2026\\\/05\\\/Candy_CHAE2032F.jpg\",\"contentUrl\":\"https:\\\/\\\/continent.lv\\\/wp-content\\\/uploads\\\/2026\\\/05\\\/Candy_CHAE2032F.jpg\",\"width\":330,\"height\":500},{\"@type\":\"BreadcrumbList\",\"@id\":\"https:\\\/\\\/continent.lv\\\/product\\\/candy-chae2032fchae-2032f\\\/#breadcrumb\",\"itemListElement\":[{\"@type\":\"ListItem\",\"position\":1,\"name\":\"Home\",\"item\":\"https:\\\/\\\/continent.lv\\\/\"},{\"@type\":\"ListItem\",\"position\":2,\"name\":\"Veikals\",\"item\":\"https:\\\/\\\/continent.lv\\\/shop\\\/\"},{\"@type\":\"ListItem\",\"position\":3,\"name\":\"Candy CHAE2032F(CHAE 2032F)\"}]},{\"@type\":\"WebSite\",\"@id\":\"https:\\\/\\\/continent.lv\\\/#website\",\"url\":\"https:\\\/\\\/continent.lv\\\/\",\"name\":\"Continent.lv\",\"description\":\"Sadz\u012bves pre\u010du internetveikals\",\"publisher\":{\"@id\":\"https:\\\/\\\/continent.lv\\\/#organization\"},\"potentialAction\":[{\"@type\":\"SearchAction\",\"target\":{\"@type\":\"EntryPoint\",\"urlTemplate\":\"https:\\\/\\\/continent.lv\\\/?s={search_term_string}\"},\"query-input\":{\"@type\":\"PropertyValueSpecification\",\"valueRequired\":true,\"valueName\":\"search_term_string\"}}],\"inLanguage\":\"ru-RU\"},{\"@type\":\"Organization\",\"@id\":\"https:\\\/\\\/continent.lv\\\/#organization\",\"name\":\"Continent.lv\",\"url\":\"https:\\\/\\\/continent.lv\\\/\",\"logo\":{\"@type\":\"ImageObject\",\"inLanguage\":\"ru-RU\",\"@id\":\"https:\\\/\\\/continent.lv\\\/#\\\/schema\\\/logo\\\/image\\\/\",\"url\":\"https:\\\/\\\/continent.lv\\\/wp-content\\\/uploads\\\/2026\\\/05\\\/logo_continent_5nwv-jh.jpg\",\"contentUrl\":\"https:\\\/\\\/continent.lv\\\/wp-content\\\/uploads\\\/2026\\\/05\\\/logo_continent_5nwv-jh.jpg\",\"width\":221,\"height\":50,\"caption\":\"Continent.lv\"},\"image\":{\"@id\":\"https:\\\/\\\/continent.lv\\\/#\\\/schema\\\/logo\\\/image\\\/\"}}]}<\/script>\n<!-- \/ Yoast SEO plugin. -->","yoast_head_json":{"title":"Candy CHAE2032F(CHAE 2032F) - Continent.lv","robots":{"index":"index","follow":"follow","max-snippet":"max-snippet:-1","max-image-preview":"max-image-preview:large","max-video-preview":"max-video-preview:-1"},"canonical":"https:\/\/continent.lv\/ru\/product\/candy-chae2032fchae-2032f\/","og_locale":"ru_RU","og_type":"article","og_title":"Candy CHAE2032F(CHAE 2032F) - Continent.lv","og_description":"\u00a0Sald\u0113tava Plauktu veids: 1 grozsKop\u0113jais apjoms, neto (L) 198Atkaus\u0113\u0161anas metode StatiskaSald\u0113\u0161anas jauda (kg\/24h) 18Autonom\u0101 temperat\u016bras uzglab\u0101\u0161ana (H) 26Balta kr\u0101saTrok\u0161\u0146a l\u012bmenis (dB) 40Energoefektivit\u0101tes klase FEner\u0123ijas pat\u0113ri\u0146\u0161 gad\u0101 (KWh) 248Sald\u0113tavas tilpums, Netto (L) 198Klimata klase: SN (no +10 l\u012bdz +32\u00b0\u0421)Sald\u0113tavas klimata klase: t**** (l\u012bdz -24C)Trok\u0161\u0146a l\u012bmenis (C klase).Sald\u0113tavas atkaus\u0113\u0161ana: manu\u0101laVad\u012bbas veids: elektronisksDisplejs: j\u0101\u0100tr\u0101 sasald\u0113\u0161ana: J\u0101Temperat\u016bras mai\u0146as trauksme: [&hellip;]","og_url":"https:\/\/continent.lv\/ru\/product\/candy-chae2032fchae-2032f\/","og_site_name":"Continent.lv","og_image":[{"width":330,"height":500,"url":"https:\/\/continent.lv\/wp-content\/uploads\/2026\/05\/Candy_CHAE2032F.jpg","type":"image\/jpeg"}],"twitter_card":"summary_large_image","twitter_misc":{"\u041f\u0440\u0438\u043c\u0435\u0440\u043d\u043e\u0435 \u0432\u0440\u0435\u043c\u044f \u0434\u043b\u044f \u0447\u0442\u0435\u043d\u0438\u044f":"1 \u043c\u0438\u043d\u0443\u0442\u0430"},"schema":{"@context":"https:\/\/schema.org","@graph":[{"@type":"WebPage","@id":"https:\/\/continent.lv\/product\/candy-chae2032fchae-2032f\/","url":"https:\/\/continent.lv\/product\/candy-chae2032fchae-2032f\/","name":"Candy CHAE2032F(CHAE 2032F) - Continent.lv","isPartOf":{"@id":"https:\/\/continent.lv\/#website"},"primaryImageOfPage":{"@id":"https:\/\/continent.lv\/product\/candy-chae2032fchae-2032f\/#primaryimage"},"image":{"@id":"https:\/\/continent.lv\/product\/candy-chae2032fchae-2032f\/#primaryimage"},"thumbnailUrl":"https:\/\/continent.lv\/wp-content\/uploads\/2026\/05\/Candy_CHAE2032F.jpg","datePublished":"2026-05-01T00:30:16+00:00","breadcrumb":{"@id":"https:\/\/continent.lv\/product\/candy-chae2032fchae-2032f\/#breadcrumb"},"inLanguage":"ru-RU","potentialAction":[{"@type":"ReadAction","target":["https:\/\/continent.lv\/product\/candy-chae2032fchae-2032f\/"]}]},{"@type":"ImageObject","inLanguage":"ru-RU","@id":"https:\/\/continent.lv\/product\/candy-chae2032fchae-2032f\/#primaryimage","url":"https:\/\/continent.lv\/wp-content\/uploads\/2026\/05\/Candy_CHAE2032F.jpg","contentUrl":"https:\/\/continent.lv\/wp-content\/uploads\/2026\/05\/Candy_CHAE2032F.jpg","width":330,"height":500},{"@type":"BreadcrumbList","@id":"https:\/\/continent.lv\/product\/candy-chae2032fchae-2032f\/#breadcrumb","itemListElement":[{"@type":"ListItem","position":1,"name":"Home","item":"https:\/\/continent.lv\/"},{"@type":"ListItem","position":2,"name":"Veikals","item":"https:\/\/continent.lv\/shop\/"},{"@type":"ListItem","position":3,"name":"Candy CHAE2032F(CHAE 2032F)"}]},{"@type":"WebSite","@id":"https:\/\/continent.lv\/#website","url":"https:\/\/continent.lv\/","name":"Continent.lv","description":"Sadz\u012bves pre\u010du internetveikals","publisher":{"@id":"https:\/\/continent.lv\/#organization"},"potentialAction":[{"@type":"SearchAction","target":{"@type":"EntryPoint","urlTemplate":"https:\/\/continent.lv\/?s={search_term_string}"},"query-input":{"@type":"PropertyValueSpecification","valueRequired":true,"valueName":"search_term_string"}}],"inLanguage":"ru-RU"},{"@type":"Organization","@id":"https:\/\/continent.lv\/#organization","name":"Continent.lv","url":"https:\/\/continent.lv\/","logo":{"@type":"ImageObject","inLanguage":"ru-RU","@id":"https:\/\/continent.lv\/#\/schema\/logo\/image\/","url":"https:\/\/continent.lv\/wp-content\/uploads\/2026\/05\/logo_continent_5nwv-jh.jpg","contentUrl":"https:\/\/continent.lv\/wp-content\/uploads\/2026\/05\/logo_continent_5nwv-jh.jpg","width":221,"height":50,"caption":"Continent.lv"},"image":{"@id":"https:\/\/continent.lv\/#\/schema\/logo\/image\/"}}]}},"_links":{"self":[{"href":"https:\/\/continent.lv\/ru\/wp-json\/wp\/v2\/product\/29815","targetHints":{"allow":["GET"]}}],"collection":[{"href":"https:\/\/continent.lv\/ru\/wp-json\/wp\/v2\/product"}],"about":[{"href":"https:\/\/continent.lv\/ru\/wp-json\/wp\/v2\/types\/product"}],"replies":[{"embeddable":true,"href":"https:\/\/continent.lv\/ru\/wp-json\/wp\/v2\/comments?post=29815"}],"wp:featuredmedia":[{"embeddable":true,"href":"https:\/\/continent.lv\/ru\/wp-json\/wp\/v2\/media\/29813"}],"wp:attachment":[{"href":"https:\/\/continent.lv\/ru\/wp-json\/wp\/v2\/media?parent=29815"}],"wp:term":[{"taxonomy":"product_brand","embeddable":true,"href":"https:\/\/continent.lv\/ru\/wp-json\/wp\/v2\/product_brand?post=29815"},{"taxonomy":"product_cat","embeddable":true,"href":"https:\/\/continent.lv\/ru\/wp-json\/wp\/v2\/product_cat?post=29815"},{"taxonomy":"product_tag","embeddable":true,"href":"https:\/\/continent.lv\/ru\/wp-json\/wp\/v2\/product_tag?post=29815"}],"curies":[{"name":"wp","href":"https:\/\/api.w.org\/{rel}","templated":true}]}}