{"id":29707,"date":"2026-05-01T00:27:10","date_gmt":"2026-05-01T00:27:10","guid":{"rendered":"https:\/\/continent.lv\/product\/haier-hcr3818enmm\/"},"modified":"2026-05-01T00:27:10","modified_gmt":"2026-05-01T00:27:10","slug":"haier-hcr3818enmm","status":"publish","type":"product","link":"https:\/\/continent.lv\/ru\/product\/haier-hcr3818enmm\/","title":{"rendered":"Haier HCR3818ENMM"},"content":{"rendered":"<p>Pre\u010du z\u012bme\u00a0 \u00a0 Haier<\/p>\n<p>\u00a0 \u00a0 Iek\u0101rtas tips\u00a0 \u00a0 Br\u012bvst\u0101vo\u0161s<br \/>\u00a0 \u00a0 Ledusskapja veids\u00a0 \u00a0 Side-by-side<br \/>\u00a0 \u00a0 No frost\u00a0 \u00a0 Ir<br \/>\u00a0 \u00a0 Kr\u0101sa\u00a0 \u00a0 Ner\u016bs\u0113jo\u0161a t\u0113rauda<br \/>\u00a0 \u00a0 EAN\u00a0 \u00a0 6901018083198<br \/>\u041d\u043e\u0432\u0430\u044f \u044d\u043d\u0435\u0440\u0433\u0435\u0442\u0438\u0447\u0435\u0441\u043a\u0430\u044f \u043c\u0430\u0440\u043a\u0438\u0440\u043e\u0432\u043a\u0430 \u0441 2021 \u0433\u043e\u0434\u0430<br \/>\u00a0 \u00a0 Energoefektivit\u0101tes klase\u00a0 \u00a0 E<br \/>\u00a0 \u00a0 Elektroener\u0123ijas pat\u0113ri\u0146\u0161 gad\u0101\u00a0 \u00a0 290 kWh<br \/>\u0401\u043c\u043a\u043e\u0441\u0442\u044c<br \/>\u00a0 \u00a0 Kop\u0113jais tilpums\u00a0 \u00a0 467 l<br \/>\u00a0 \u00a0 Svaigo p\u0101rtikas produktu nodal\u012bjuma tilpums\u00a0 \u00a0 311 l<br \/>\u00a0 \u00a0 Sald\u0113to p\u0101rtikas produktu nodal\u012bjuma tilpums\u00a0 \u00a0 156 l<br \/>\u0423\u0440\u043e\u0432\u0435\u043d\u044c \u0448\u0443\u043c\u0430<br \/>\u00a0 \u00a0 Trok\u0161\u0146a l\u012bmenis\u00a0 \u00a0 35 dB<br \/>\u00a0 \u00a0 Akustisk\u0101 trok\u0161\u0146a emisijas klase\u00a0 \u00a0 B<br \/>\u0420\u0430\u0437\u043c\u0435\u0440\u044b, \u0432\u0435\u0441<br \/>\u00a0 \u00a0 Augstums\u00a0 \u00a0 181.5 cm<br \/>\u00a0 \u00a0 Platums\u00a0 \u00a0 83.3 cm<br \/>\u00a0 \u00a0 Dzi\u013cums\u00a0 \u00a0 65 cm<br \/>\u00a0 \u00a0 Svars\u00a0 \u00a0 85 kg<br \/>\u00a0 \u00a0 Svars ar iepakojumu\u00a0 \u00a0 95 kg<br \/>\u0423\u043f\u0440\u0430\u0432\u043b\u0435\u043d\u0438\u0435<br \/>\u00a0 \u00a0 Elektroniskais displejs\u00a0 \u00a0 Ir<br \/>\u00a0 \u00a0 Vad\u012bba\u00a0 \u00a0 Sk\u0101rienvad\u012bba<br \/>\u0424\u0443\u043d\u043a\u0446\u0438\u0438<br \/>\u00a0 \u00a0 \u0100tr\u0101 atdzes\u0113\u0161ana\u00a0 \u00a0 Ir<br \/>\u00a0 \u00a0 \u0100tr\u0101 sasald\u0113\u0161ana\u00a0 \u00a0 Ir<br \/>\u00a0 \u00a0 Br\u012bvdienu re\u017e\u012bms\u00a0 \u00a0 Ir<br \/>\u0414\u0440\u0443\u0433\u0438\u0435 \u043f\u0430\u0440\u0430\u043c\u0435\u0442\u0440\u044b<br \/>\u00a0 \u00a0 Durvju skaits\u00a0 \u00a0 4<br \/>\u00a0 \u00a0 Durvju rokturis\u00a0 \u00a0 Integr\u0113ts<br \/>\u00a0 \u00a0 Plauktu veids\u00a0 \u00a0 R\u016bd\u012bta stikla<br \/>\u00a0 \u00a0 Sasald\u0113\u0161anas jauda kg\/24h\u00a0 \u00a0 10<br \/>\u00a0 \u00a0 Sald\u0113tavas klases apz\u012bm\u0113jums\u00a0 \u00a0 ****<br \/>\u00a0 \u00a0 Aukstuma saglab\u0101\u0161ana str\u0101vas zuduma gad\u012bjum\u0101 (h)\u00a0 \u00a0 10<br \/>\u00a0 \u00a0 Klimata klase\u00a0 \u00a0 SN-T<\/p><\/p>","protected":false},"excerpt":{"rendered":"<p>Pre\u010du z\u012bme\u00a0 \u00a0 Haier \u00a0 \u00a0 Iek\u0101rtas tips\u00a0 \u00a0 Br\u012bvst\u0101vo\u0161s\u00a0 \u00a0 Ledusskapja veids\u00a0 \u00a0 Side-by-side\u00a0 \u00a0 No frost\u00a0 \u00a0 Ir\u00a0 \u00a0 Kr\u0101sa\u00a0 \u00a0 Ner\u016bs\u0113jo\u0161a t\u0113rauda\u00a0 \u00a0 EAN\u00a0 \u00a0 6901018083198Jaunais energomar\u0137\u0113jums no 2021.gada\u00a0 \u00a0 Energoefektivit\u0101tes klase\u00a0 \u00a0 E\u00a0 \u00a0 Elektroener\u0123ijas pat\u0113ri\u0146\u0161 gad\u0101\u00a0 \u00a0 290 kWhIetilp\u012bba\u00a0 \u00a0 Kop\u0113jais tilpums\u00a0 \u00a0 467 l\u00a0 \u00a0 Svaigo p\u0101rtikas produktu nodal\u012bjuma [&hellip;]<\/p>\n","protected":false},"featured_media":29699,"comment_status":"open","ping_status":"closed","template":"","meta":{"_joinchat":[]},"product_brand":[],"product_cat":[272],"product_tag":[],"class_list":{"0":"post-29707","1":"product","2":"type-product","3":"status-publish","4":"has-post-thumbnail","6":"product_cat-sadzives-tehnika-ledusskapji","8":"first","9":"instock","10":"shipping-taxable","11":"purchasable","12":"product-type-simple"},"yoast_head":"<!-- This site is optimized with the Yoast SEO plugin v27.5 - https:\/\/yoast.com\/product\/yoast-seo-wordpress\/ -->\n<title>Haier HCR3818ENMM - Continent.lv<\/title>\n<meta name=\"robots\" content=\"index, follow, max-snippet:-1, max-image-preview:large, max-video-preview:-1\" \/>\n<link rel=\"canonical\" href=\"https:\/\/continent.lv\/ru\/product\/haier-hcr3818enmm\/\" \/>\n<meta property=\"og:locale\" content=\"ru_RU\" \/>\n<meta property=\"og:type\" content=\"article\" \/>\n<meta property=\"og:title\" content=\"Haier HCR3818ENMM - Continent.lv\" \/>\n<meta property=\"og:description\" content=\"Pre\u010du z\u012bme\u00a0 \u00a0 Haier \u00a0 \u00a0 Iek\u0101rtas tips\u00a0 \u00a0 Br\u012bvst\u0101vo\u0161s\u00a0 \u00a0 Ledusskapja veids\u00a0 \u00a0 Side-by-side\u00a0 \u00a0 No frost\u00a0 \u00a0 Ir\u00a0 \u00a0 Kr\u0101sa\u00a0 \u00a0 Ner\u016bs\u0113jo\u0161a t\u0113rauda\u00a0 \u00a0 EAN\u00a0 \u00a0 6901018083198Jaunais energomar\u0137\u0113jums no 2021.gada\u00a0 \u00a0 Energoefektivit\u0101tes klase\u00a0 \u00a0 E\u00a0 \u00a0 Elektroener\u0123ijas pat\u0113ri\u0146\u0161 gad\u0101\u00a0 \u00a0 290 kWhIetilp\u012bba\u00a0 \u00a0 Kop\u0113jais tilpums\u00a0 \u00a0 467 l\u00a0 \u00a0 Svaigo p\u0101rtikas produktu nodal\u012bjuma [&hellip;]\" \/>\n<meta property=\"og:url\" content=\"https:\/\/continent.lv\/ru\/product\/haier-hcr3818enmm\/\" \/>\n<meta property=\"og:site_name\" content=\"Continent.lv\" \/>\n<meta property=\"og:image\" content=\"https:\/\/continent.lv\/wp-content\/uploads\/2026\/05\/21_3q3h-x6.jpeg\" \/>\n\t<meta property=\"og:image:width\" content=\"483\" \/>\n\t<meta property=\"og:image:height\" content=\"1024\" \/>\n\t<meta property=\"og:image:type\" content=\"image\/jpeg\" \/>\n<meta name=\"twitter:card\" content=\"summary_large_image\" \/>\n<meta name=\"twitter:label1\" content=\"\u041f\u0440\u0438\u043c\u0435\u0440\u043d\u043e\u0435 \u0432\u0440\u0435\u043c\u044f \u0434\u043b\u044f \u0447\u0442\u0435\u043d\u0438\u044f\" \/>\n\t<meta name=\"twitter:data1\" content=\"1 \u043c\u0438\u043d\u0443\u0442\u0430\" \/>\n<script type=\"application\/ld+json\" class=\"yoast-schema-graph\">{\"@context\":\"https:\\\/\\\/schema.org\",\"@graph\":[{\"@type\":\"WebPage\",\"@id\":\"https:\\\/\\\/continent.lv\\\/product\\\/haier-hcr3818enmm\\\/\",\"url\":\"https:\\\/\\\/continent.lv\\\/product\\\/haier-hcr3818enmm\\\/\",\"name\":\"Haier HCR3818ENMM - Continent.lv\",\"isPartOf\":{\"@id\":\"https:\\\/\\\/continent.lv\\\/#website\"},\"primaryImageOfPage\":{\"@id\":\"https:\\\/\\\/continent.lv\\\/product\\\/haier-hcr3818enmm\\\/#primaryimage\"},\"image\":{\"@id\":\"https:\\\/\\\/continent.lv\\\/product\\\/haier-hcr3818enmm\\\/#primaryimage\"},\"thumbnailUrl\":\"https:\\\/\\\/continent.lv\\\/wp-content\\\/uploads\\\/2026\\\/05\\\/21_3q3h-x6.jpeg\",\"datePublished\":\"2026-05-01T00:27:10+00:00\",\"breadcrumb\":{\"@id\":\"https:\\\/\\\/continent.lv\\\/product\\\/haier-hcr3818enmm\\\/#breadcrumb\"},\"inLanguage\":\"ru-RU\",\"potentialAction\":[{\"@type\":\"ReadAction\",\"target\":[\"https:\\\/\\\/continent.lv\\\/product\\\/haier-hcr3818enmm\\\/\"]}]},{\"@type\":\"ImageObject\",\"inLanguage\":\"ru-RU\",\"@id\":\"https:\\\/\\\/continent.lv\\\/product\\\/haier-hcr3818enmm\\\/#primaryimage\",\"url\":\"https:\\\/\\\/continent.lv\\\/wp-content\\\/uploads\\\/2026\\\/05\\\/21_3q3h-x6.jpeg\",\"contentUrl\":\"https:\\\/\\\/continent.lv\\\/wp-content\\\/uploads\\\/2026\\\/05\\\/21_3q3h-x6.jpeg\",\"width\":483,\"height\":1024},{\"@type\":\"BreadcrumbList\",\"@id\":\"https:\\\/\\\/continent.lv\\\/product\\\/haier-hcr3818enmm\\\/#breadcrumb\",\"itemListElement\":[{\"@type\":\"ListItem\",\"position\":1,\"name\":\"Home\",\"item\":\"https:\\\/\\\/continent.lv\\\/\"},{\"@type\":\"ListItem\",\"position\":2,\"name\":\"Veikals\",\"item\":\"https:\\\/\\\/continent.lv\\\/shop\\\/\"},{\"@type\":\"ListItem\",\"position\":3,\"name\":\"Haier HCR3818ENMM\"}]},{\"@type\":\"WebSite\",\"@id\":\"https:\\\/\\\/continent.lv\\\/#website\",\"url\":\"https:\\\/\\\/continent.lv\\\/\",\"name\":\"Continent.lv\",\"description\":\"Sadz\u012bves pre\u010du internetveikals\",\"publisher\":{\"@id\":\"https:\\\/\\\/continent.lv\\\/#organization\"},\"potentialAction\":[{\"@type\":\"SearchAction\",\"target\":{\"@type\":\"EntryPoint\",\"urlTemplate\":\"https:\\\/\\\/continent.lv\\\/?s={search_term_string}\"},\"query-input\":{\"@type\":\"PropertyValueSpecification\",\"valueRequired\":true,\"valueName\":\"search_term_string\"}}],\"inLanguage\":\"ru-RU\"},{\"@type\":\"Organization\",\"@id\":\"https:\\\/\\\/continent.lv\\\/#organization\",\"name\":\"Continent.lv\",\"url\":\"https:\\\/\\\/continent.lv\\\/\",\"logo\":{\"@type\":\"ImageObject\",\"inLanguage\":\"ru-RU\",\"@id\":\"https:\\\/\\\/continent.lv\\\/#\\\/schema\\\/logo\\\/image\\\/\",\"url\":\"https:\\\/\\\/continent.lv\\\/wp-content\\\/uploads\\\/2026\\\/05\\\/logo_continent_5nwv-jh.jpg\",\"contentUrl\":\"https:\\\/\\\/continent.lv\\\/wp-content\\\/uploads\\\/2026\\\/05\\\/logo_continent_5nwv-jh.jpg\",\"width\":221,\"height\":50,\"caption\":\"Continent.lv\"},\"image\":{\"@id\":\"https:\\\/\\\/continent.lv\\\/#\\\/schema\\\/logo\\\/image\\\/\"}}]}<\/script>\n<!-- \/ Yoast SEO plugin. -->","yoast_head_json":{"title":"Haier HCR3818ENMM - Continent.lv","robots":{"index":"index","follow":"follow","max-snippet":"max-snippet:-1","max-image-preview":"max-image-preview:large","max-video-preview":"max-video-preview:-1"},"canonical":"https:\/\/continent.lv\/ru\/product\/haier-hcr3818enmm\/","og_locale":"ru_RU","og_type":"article","og_title":"Haier HCR3818ENMM - Continent.lv","og_description":"Pre\u010du z\u012bme\u00a0 \u00a0 Haier \u00a0 \u00a0 Iek\u0101rtas tips\u00a0 \u00a0 Br\u012bvst\u0101vo\u0161s\u00a0 \u00a0 Ledusskapja veids\u00a0 \u00a0 Side-by-side\u00a0 \u00a0 No frost\u00a0 \u00a0 Ir\u00a0 \u00a0 Kr\u0101sa\u00a0 \u00a0 Ner\u016bs\u0113jo\u0161a t\u0113rauda\u00a0 \u00a0 EAN\u00a0 \u00a0 6901018083198Jaunais energomar\u0137\u0113jums no 2021.gada\u00a0 \u00a0 Energoefektivit\u0101tes klase\u00a0 \u00a0 E\u00a0 \u00a0 Elektroener\u0123ijas pat\u0113ri\u0146\u0161 gad\u0101\u00a0 \u00a0 290 kWhIetilp\u012bba\u00a0 \u00a0 Kop\u0113jais tilpums\u00a0 \u00a0 467 l\u00a0 \u00a0 Svaigo p\u0101rtikas produktu nodal\u012bjuma [&hellip;]","og_url":"https:\/\/continent.lv\/ru\/product\/haier-hcr3818enmm\/","og_site_name":"Continent.lv","og_image":[{"width":483,"height":1024,"url":"https:\/\/continent.lv\/wp-content\/uploads\/2026\/05\/21_3q3h-x6.jpeg","type":"image\/jpeg"}],"twitter_card":"summary_large_image","twitter_misc":{"\u041f\u0440\u0438\u043c\u0435\u0440\u043d\u043e\u0435 \u0432\u0440\u0435\u043c\u044f \u0434\u043b\u044f \u0447\u0442\u0435\u043d\u0438\u044f":"1 \u043c\u0438\u043d\u0443\u0442\u0430"},"schema":{"@context":"https:\/\/schema.org","@graph":[{"@type":"WebPage","@id":"https:\/\/continent.lv\/product\/haier-hcr3818enmm\/","url":"https:\/\/continent.lv\/product\/haier-hcr3818enmm\/","name":"Haier HCR3818ENMM - Continent.lv","isPartOf":{"@id":"https:\/\/continent.lv\/#website"},"primaryImageOfPage":{"@id":"https:\/\/continent.lv\/product\/haier-hcr3818enmm\/#primaryimage"},"image":{"@id":"https:\/\/continent.lv\/product\/haier-hcr3818enmm\/#primaryimage"},"thumbnailUrl":"https:\/\/continent.lv\/wp-content\/uploads\/2026\/05\/21_3q3h-x6.jpeg","datePublished":"2026-05-01T00:27:10+00:00","breadcrumb":{"@id":"https:\/\/continent.lv\/product\/haier-hcr3818enmm\/#breadcrumb"},"inLanguage":"ru-RU","potentialAction":[{"@type":"ReadAction","target":["https:\/\/continent.lv\/product\/haier-hcr3818enmm\/"]}]},{"@type":"ImageObject","inLanguage":"ru-RU","@id":"https:\/\/continent.lv\/product\/haier-hcr3818enmm\/#primaryimage","url":"https:\/\/continent.lv\/wp-content\/uploads\/2026\/05\/21_3q3h-x6.jpeg","contentUrl":"https:\/\/continent.lv\/wp-content\/uploads\/2026\/05\/21_3q3h-x6.jpeg","width":483,"height":1024},{"@type":"BreadcrumbList","@id":"https:\/\/continent.lv\/product\/haier-hcr3818enmm\/#breadcrumb","itemListElement":[{"@type":"ListItem","position":1,"name":"Home","item":"https:\/\/continent.lv\/"},{"@type":"ListItem","position":2,"name":"Veikals","item":"https:\/\/continent.lv\/shop\/"},{"@type":"ListItem","position":3,"name":"Haier HCR3818ENMM"}]},{"@type":"WebSite","@id":"https:\/\/continent.lv\/#website","url":"https:\/\/continent.lv\/","name":"Continent.lv","description":"Sadz\u012bves pre\u010du internetveikals","publisher":{"@id":"https:\/\/continent.lv\/#organization"},"potentialAction":[{"@type":"SearchAction","target":{"@type":"EntryPoint","urlTemplate":"https:\/\/continent.lv\/?s={search_term_string}"},"query-input":{"@type":"PropertyValueSpecification","valueRequired":true,"valueName":"search_term_string"}}],"inLanguage":"ru-RU"},{"@type":"Organization","@id":"https:\/\/continent.lv\/#organization","name":"Continent.lv","url":"https:\/\/continent.lv\/","logo":{"@type":"ImageObject","inLanguage":"ru-RU","@id":"https:\/\/continent.lv\/#\/schema\/logo\/image\/","url":"https:\/\/continent.lv\/wp-content\/uploads\/2026\/05\/logo_continent_5nwv-jh.jpg","contentUrl":"https:\/\/continent.lv\/wp-content\/uploads\/2026\/05\/logo_continent_5nwv-jh.jpg","width":221,"height":50,"caption":"Continent.lv"},"image":{"@id":"https:\/\/continent.lv\/#\/schema\/logo\/image\/"}}]}},"_links":{"self":[{"href":"https:\/\/continent.lv\/ru\/wp-json\/wp\/v2\/product\/29707","targetHints":{"allow":["GET"]}}],"collection":[{"href":"https:\/\/continent.lv\/ru\/wp-json\/wp\/v2\/product"}],"about":[{"href":"https:\/\/continent.lv\/ru\/wp-json\/wp\/v2\/types\/product"}],"replies":[{"embeddable":true,"href":"https:\/\/continent.lv\/ru\/wp-json\/wp\/v2\/comments?post=29707"}],"wp:featuredmedia":[{"embeddable":true,"href":"https:\/\/continent.lv\/ru\/wp-json\/wp\/v2\/media\/29699"}],"wp:attachment":[{"href":"https:\/\/continent.lv\/ru\/wp-json\/wp\/v2\/media?parent=29707"}],"wp:term":[{"taxonomy":"product_brand","embeddable":true,"href":"https:\/\/continent.lv\/ru\/wp-json\/wp\/v2\/product_brand?post=29707"},{"taxonomy":"product_cat","embeddable":true,"href":"https:\/\/continent.lv\/ru\/wp-json\/wp\/v2\/product_cat?post=29707"},{"taxonomy":"product_tag","embeddable":true,"href":"https:\/\/continent.lv\/ru\/wp-json\/wp\/v2\/product_tag?post=29707"}],"curies":[{"name":"wp","href":"https:\/\/api.w.org\/{rel}","templated":true}]}}