{"id":29658,"date":"2026-05-01T00:26:18","date_gmt":"2026-05-01T00:26:18","guid":{"rendered":"https:\/\/continent.lv\/product\/electrolux-encmusp9s-188-4cm-iebuvejams\/"},"modified":"2026-05-01T00:26:18","modified_gmt":"2026-05-01T00:26:18","slug":"electrolux-encmusp9s-188-4cm-iebuvejams","status":"publish","type":"product","link":"https:\/\/continent.lv\/ru\/product\/electrolux-encmusp9s-188-4cm-iebuvejams\/","title":{"rendered":"Electrolux ENCMUSP9S 188.4 \u0441\u043c \u0412\u0441\u0442\u0440\u0430\u0438\u0432\u0430\u0435\u043c\u044b\u0439!"},"content":{"rendered":"<\/p>\n<p>\u0422\u0438\u043f \u043f\u0440\u043e\u0434\u0443\u043a\u0442\u0430 \u0425\u043e\u043b\u043e\u0434\u0438\u043b\u044c\u043d\u0438\u043a\u0438<br \/>\u0422\u0438\u043f \u0445\u043e\u043b\u043e\u0434\u0438\u043b\u044c\u043d\u0438\u043a\u0430 \u041c\u043e\u0440\u043e\u0437\u0438\u043b\u044c\u043d\u0430\u044f \u043a\u0430\u043c\u0435\u0440\u0430 \u0441\u043d\u0438\u0437\u0443<br \/>\u0411\u0440\u0435\u043d\u0434 Electrolux<br \/>\u041a\u043e\u043b\u043b\u0435\u043a\u0446\u0438\u044f \u00abTwinTech\u00bb<br \/>\u0420\u0430\u0437\u043c\u0435\u0440\u044b \u0438 \u0432\u0435\u0441<br \/>\u0412\u044b\u0441\u043e\u0442\u0430 188.4 \u0441\u043c<br \/>\u0428\u0438\u0440\u0438\u043d\u0430 54.6 \u0441\u043c<br \/>\u0413\u043b\u0443\u0431\u0438\u043d\u0430 54.9 \u0441\u043c<br \/>\u0412\u0435\u0441 64 \u043a\u0433<br \/>\u042d\u043d\u0435\u0440\u0433\u043e\u043f\u043e\u0442\u0440\u0435\u0431\u043b\u0435\u043d\u0438\u0435<br \/>\u041a\u043b\u0430\u0441\u0441 \u044d\u043d\u0435\u0440\u0433\u043e\u044d\u0444\u0444\u0435\u043a\u0442\u0438\u0432\u043d\u043e\u0441\u0442\u0438 E<br \/>\u0413\u043e\u0434\u043e\u0432\u043e\u0435 \u043f\u043e\u0442\u0440\u0435\u0431\u043b\u0435\u043d\u0438\u0435 \u044d\u043d\u0435\u0440\u0433\u0438\u0438 215 \u043a\u0412\u0442\u00b7\u0447<br \/>\u041a\u0430\u043c\u0435\u0440\u0430 \u0445\u043e\u043b\u043e\u0434\u0438\u043b\u044c\u043d\u0438\u043a\u0430<br \/>\u041e\u0431\u0449\u0438\u0439 \u043e\u0431\u044a\u0435\u043c \u0445\u043e\u043b\u043e\u0434\u0438\u043b\u044c\u043d\u0438\u043a\u0430 207 \u043b<br \/>\u041a\u043e\u043b\u0438\u0447\u0435\u0441\u0442\u0432\u043e \u043f\u043e\u043b\u043e\u043a 3<br \/>\u041c\u0430\u0442\u0435\u0440\u0438\u0430\u043b \u043f\u043e\u043b\u043e\u043a \u0417\u0430\u043a\u0430\u043b\u0435\u043d\u043d\u043e\u0435 \u0441\u0442\u0435\u043a\u043b\u043e<br \/>\u041e\u0442\u0434\u0435\u043b\u0435\u043d\u0438\u0435 \u0434\u043b\u044f \u043e\u0432\u043e\u0449\u0435\u0439 \u0438 \u0444\u0440\u0443\u043a\u0442\u043e\u0432 \u0414\u0430<br \/>\u0421 \u043f\u043e\u0434\u0441\u0432\u0435\u0442\u043a\u043e\u0439 \u0414\u0430<br \/>\u0422\u0438\u043f \u043f\u043e\u0434\u0441\u0432\u0435\u0442\u043a\u0438 Luna<br \/>\u041a\u0430\u043c\u0435\u0440\u0430 \u043c\u043e\u0440\u043e\u0437\u0438\u043b\u044c\u043d\u0438\u043a\u0430<br \/>\u041e\u0431\u0449\u0438\u0439 \u043e\u0431\u044a\u0435\u043c \u043c\u043e\u0440\u043e\u0437\u0438\u043b\u044c\u043d\u043e\u0439 \u043a\u0430\u043c\u0435\u0440\u044b 62 \u043b<br \/>\u041a\u043e\u043b\u0438\u0447\u0435\u0441\u0442\u0432\u043e \u0437\u0432\u0435\u0437\u0434 \u043d\u0430 \u043c\u043e\u0440\u043e\u0437\u0438\u043b\u044c\u043d\u0438\u043a\u0435 4<br \/>\u041a\u043e\u043b\u0438\u0447\u0435\u0441\u0442\u0432\u043e \u043c\u043e\u0440\u043e\u0437\u0438\u043b\u044c\u043d\u044b\u0445 \u044f\u0449\u0438\u043a\u043e\u0432 3<br \/>\u0421\u0438\u0441\u0442\u0435\u043c\u0430 \u0440\u0430\u0437\u043c\u043e\u0440\u0430\u0436\u0438\u0432\u0430\u043d\u0438\u044f \u0438 \u0437\u0430\u043c\u043e\u0440\u043e\u0437\u043a\u0438<br \/>\u0422\u0435\u0440\u043c\u043e\u0441\u0442\u0430\u0442 \u0414\u0430<br \/>\u0422\u0438\u043f \u0442\u0435\u0440\u043c\u043e\u0441\u0442\u0430\u0442\u0430 \u042d\u043b\u0435\u043a\u0442\u0440\u043e\u043d\u043d\u044b\u0439<br \/>\u041a\u043e\u043b\u0438\u0447\u0435\u0441\u0442\u0432\u043e \u043a\u043e\u043c\u043f\u0440\u0435\u0441\u0441\u043e\u0440\u043e\u0432 1<br \/>Ledusskapja darba temperat\u016bra 2 \u2013 8 \u00b0C<br \/>\u0417\u043e\u043d\u0430 \u0431\u043b\u0438\u0437\u043a\u0430\u044f \u043a 0 \u00b0C \u0414\u0430<br \/>\u0410\u0432\u0442\u043e\u043c\u0430\u0442\u0438\u0447\u0435\u0441\u043a\u0430\u044f \u0440\u0430\u0437\u043c\u043e\u0440\u043e\u0437\u043a\u0430 \u0414\u0430<br \/>\u0421\u0438\u0441\u0442\u0435\u043c\u0430 \u0437\u0430\u043c\u043e\u0440\u043e\u0437\u043a\u0438 \u043c\u043e\u0440\u043e\u0437\u0438\u043b\u044c\u043d\u0438\u043a\u0430 No Frost<br \/>Sald\u0113tavas darb\u012bbas temperat\u016bra -24 \u2013 -15 \u00b0C<br \/>\u041c\u043e\u0449\u043d\u043e\u0441\u0442\u044c \u0437\u0430\u043c\u043e\u0440\u043e\u0437\u043a\u0438, \u043a\u0433\/24\u0447 5<br \/>\u0411\u044b\u0441\u0442\u0440\u0430\u044f \u0437\u0430\u043c\u043e\u0440\u043e\u0437\u043a\u0430 \u0414\u0430<br \/>\u0412\u0440\u0435\u043c\u044f \u0441\u043e\u0445\u0440\u0430\u043d\u0435\u043d\u0438\u044f \u0445\u043b\u0430\u0434\u0430 \u043f\u0440\u0438 \u043e\u0442\u043a\u043b\u044e\u0447\u0435\u043d\u0438\u0438 \u043f\u0438\u0442\u0430\u043d\u0438\u044f 10 \u0447<br \/>\u0410\u0432\u0442\u043e\u043c\u0430\u0442\u0438\u0447\u0435\u0441\u043a\u0430\u044f \u0440\u0430\u0437\u043c\u043e\u0440\u043e\u0437\u043a\u0430 \u043c\u043e\u0440\u043e\u0437\u0438\u043b\u044c\u043d\u0438\u043a\u0430 \u0414\u0430<br \/>\u0423\u043f\u0440\u0430\u0432\u043b\u0435\u043d\u0438\u0435<br \/>\u0412\u043e\u0437\u043c\u043e\u0436\u043d\u043e\u0441\u0442\u044c \u0441\u043c\u0435\u043d\u044b \u043d\u0430\u043f\u0440\u0430\u0432\u043b\u0435\u043d\u0438\u044f \u043e\u0442\u043a\u0440\u044b\u0432\u0430\u043d\u0438\u044f \u0434\u0432\u0435\u0440\u0438 \u0414\u0430<br \/>\u0423\u043f\u0440\u0430\u0432\u043b\u0435\u043d\u0438\u0435 \u042d\u043b\u0435\u043a\u0442\u0440\u043e\u043d\u043d\u043e\u0435, \u0441\u0435\u043d\u0441\u043e\u0440\u043d\u043e\u0435<br \/>\u042d\u043a\u0440\u0430\u043d \u0414\u0430<br \/>\u0424\u0443\u043d\u043a\u0446\u0438\u044f \u0434\u0435\u0442\u0441\u043a\u043e\u0439 \u0431\u043b\u043e\u043a\u0438\u0440\u043e\u0432\u043a\u0438 \u041d\u0435\u0442<br \/>\u0414\u043e\u043f\u043e\u043b\u043d\u0438\u0442\u0435\u043b\u044c\u043d\u043e<br \/>\u041a\u043b\u0438\u043c\u0430\u0442\u0438\u0447\u0435\u0441\u043a\u0438\u0439 \u043a\u043b\u0430\u0441\u0441 SN\/N\/ST\/T<br \/>\u041a\u043b\u0430\u0441\u0441 \u0443\u0440\u043e\u0432\u043d\u044f \u0448\u0443\u043c\u0430 C<br \/>\u0423\u0440\u043e\u0432\u0435\u043d\u044c \u0448\u0443\u043c\u0430 37 \u0434\u0411<br \/>\u0422\u0438\u043f \u0443\u0441\u0442\u0430\u043d\u043e\u0432\u043a\u0438 \u0412\u0441\u0442\u0440\u0430\u0438\u0432\u0430\u0435\u043c\u044b\u0439<br \/>\u0412\u043e\u0434\u044f\u043d\u044b\u0435 \u0438 \u043b\u044c\u0434\u043e\u0432\u044b\u0435 \u0431\u043b\u043e\u043a\u0438 \u041d\u0435\u0442<br \/>\u0414\u0440\u0443\u0433\u0438\u0435 \u0444\u0443\u043d\u043a\u0446\u0438\u0438 \u041a\u043e\u043d\u0442\u0440\u043e\u043b\u044c \u0442\u0435\u043c\u043f\u0435\u0440\u0430\u0442\u0443\u0440\u044b, \u0444\u0443\u043d\u043a\u0446\u0438\u044f Extra Freeze, \u043f\u0440\u0435\u0434\u0443\u043f\u0440\u0435\u0436\u0434\u0435\u043d\u0438\u0435 \u043e \u0432\u044b\u0441\u043e\u043a\u043e\u0439 \u0442\u0435\u043c\u043f\u0435\u0440\u0430\u0442\u0443\u0440\u0435, \u0441\u0438\u0433\u043d\u0430\u043b\u0438\u0437\u0430\u0446\u0438\u044f \u043e\u0442\u043a\u0440\u044b\u0442\u043e\u0439 \u0434\u0432\u0435\u0440\u0438, \u044f\u0449\u0438\u043a ExtraChill, \u044f\u0449\u0438\u043a \u0434\u043b\u044f \u043e\u0432\u043e\u0449\u0435\u0439, \u0432\u0435\u043d\u0442\u0438\u043b\u044f\u0442\u043e\u0440 MultiFlow, CustomFlex.<\/p>\n<p>Papildus inform\u0101cija \u201cTwinTech\u00ae No Frost\u201d ledusskapim un sald\u0113tavai ir uzlabota dubult\u0101 dzes\u0113\u0161anas sist\u0113ma. \u0160\u012b tehnolo\u0123ija pasarg\u0101 sald\u0113tavu no sasal\u0161anas un ledusskapi no optim\u0101la mitruma, k\u0101 ar\u012b nov\u0113r\u0161 p\u0101rtikas produktu iz\u017e\u016b\u0161anu. 70 % iek\u0161puses ir izgatavoti no p\u0101rstr\u0101d\u0101tas plastmasas.* MultiSpace ledusskapis ir augst\u0101ks nek\u0101 parast\u0101s konstrukcijas ledusskapji, kas nodro\u0161ina vair\u0101k vietas produktu uzglab\u0101\u0161anai. Pla\u0161ais uzglab\u0101\u0161anas risin\u0101jumu kl\u0101sts \u013cauj piel\u0101got telpu sav\u0101m vajadz\u012bb\u0101m \u2013 lai nodro\u0161in\u0101tu liel\u0101ku elast\u012bbu un k\u0101rt\u012bbu. \u201cMultiFlow\u201d tehnolo\u0123ija pal\u012bdz uztur\u0113t vien\u0101du temperat\u016bru visos plauktos, t\u0101p\u0113c j\u016bsu p\u0101rtika ilg\u0101k saglab\u0101jas svaiga. T\u0101 ar\u012b uztur optim\u0101lu mitrumu un nov\u0113r\u0161 produktu iz\u017e\u016b\u0161anu. Ledusskapis ar CustomFlex\u00ae \u2013 tagad varat izk\u0101rtot durvju plauktus sev piem\u0113rot\u0101 veid\u0101. Izveidojiet sev v\u0113lamo durvju dizainu, viegli p\u0101rk\u0101rtojot vai b\u012bdot plauktus sev piem\u0113rot\u0101 poz\u012bcij\u0101. * Iek\u0161pus\u0113 izmantot\u0101 rHIPS plastmasa ir izgatavota, izmantojot l\u012bdz pat 70 % p\u0101rstr\u0101d\u0101tas plastmasas, kas ir 13 % no ledusskapja plastmasas.<\/p>","protected":false},"excerpt":{"rendered":"<p>Produkta veids LedusskapjiLedusskapja veids Sald\u0113tava apak\u0161\u0101Z\u012bmols ElectroluxKolekcija \u201eTwinTech\u201cIzm\u0113ri un svarsAugstums 188.4 cmPlatums 54.6 cmDzi\u013cums 54.9 cmSvars 64 kgEner\u0123ijas pat\u0113ri\u0146\u0161Energoefektivit\u0101tes klase EGada ener\u0123ijas pat\u0113ri\u0146\u0161 215 kWhLedusskapja kameraKop\u0113jais ledusskapja tilpums 207 lPlauktu skaits 3Plauktu materi\u0101ls R\u016bd\u012btais stiklsD\u0101rze\u0146u un aug\u013cu nodal\u012bjums J\u0101Ar apgaismojumu J\u0101Apgaismojuma tips LunaSald\u0113tavas kameraKop\u0113jais sald\u0113tavas tilpums 62 lSald\u0113tavas zvaig\u017e\u0146u skaits 4Sald\u0113\u0161anas atvilkt\u0146u skaits 3Atsald\u0113\u0161anas un [&hellip;]<\/p>\n","protected":false},"featured_media":29652,"comment_status":"open","ping_status":"closed","template":"","meta":{"_joinchat":[]},"product_brand":[265],"product_cat":[296],"product_tag":[],"class_list":{"0":"post-29658","1":"product","2":"type-product","3":"status-publish","4":"has-post-thumbnail","6":"product_brand-electrolux","7":"product_cat-iebuvejama-sadzives-tehnika-iebuvejamie-ledusskapji","9":"first","10":"instock","11":"shipping-taxable","12":"purchasable","13":"product-type-simple"},"yoast_head":"<!-- This site is optimized with the Yoast SEO plugin v27.5 - https:\/\/yoast.com\/product\/yoast-seo-wordpress\/ -->\n<title>Electrolux ENCMUSP9S 188.4cm Ieb\u016bv\u0113jams! - Continent.lv<\/title>\n<meta name=\"robots\" content=\"index, follow, max-snippet:-1, max-image-preview:large, max-video-preview:-1\" \/>\n<link rel=\"canonical\" href=\"https:\/\/continent.lv\/ru\/product\/electrolux-encmusp9s-188-4cm-iebuvejams\/\" \/>\n<meta property=\"og:locale\" content=\"ru_RU\" \/>\n<meta property=\"og:type\" content=\"article\" \/>\n<meta property=\"og:title\" content=\"Electrolux ENCMUSP9S 188.4cm Ieb\u016bv\u0113jams! - Continent.lv\" \/>\n<meta property=\"og:description\" content=\"Produkta veids LedusskapjiLedusskapja veids Sald\u0113tava apak\u0161\u0101Z\u012bmols ElectroluxKolekcija \u201eTwinTech\u201cIzm\u0113ri un svarsAugstums 188.4 cmPlatums 54.6 cmDzi\u013cums 54.9 cmSvars 64 kgEner\u0123ijas pat\u0113ri\u0146\u0161Energoefektivit\u0101tes klase EGada ener\u0123ijas pat\u0113ri\u0146\u0161 215 kWhLedusskapja kameraKop\u0113jais ledusskapja tilpums 207 lPlauktu skaits 3Plauktu materi\u0101ls R\u016bd\u012btais stiklsD\u0101rze\u0146u un aug\u013cu nodal\u012bjums J\u0101Ar apgaismojumu J\u0101Apgaismojuma tips LunaSald\u0113tavas kameraKop\u0113jais sald\u0113tavas tilpums 62 lSald\u0113tavas zvaig\u017e\u0146u skaits 4Sald\u0113\u0161anas atvilkt\u0146u skaits 3Atsald\u0113\u0161anas un [&hellip;]\" \/>\n<meta property=\"og:url\" content=\"https:\/\/continent.lv\/ru\/product\/electrolux-encmusp9s-188-4cm-iebuvejams\/\" \/>\n<meta property=\"og:site_name\" content=\"Continent.lv\" \/>\n<meta property=\"og:image\" content=\"https:\/\/continent.lv\/wp-content\/uploads\/2026\/05\/ENCMUSP9S.webp\" \/>\n\t<meta property=\"og:image:width\" content=\"2000\" \/>\n\t<meta property=\"og:image:height\" content=\"2000\" \/>\n\t<meta property=\"og:image:type\" content=\"image\/webp\" \/>\n<meta name=\"twitter:card\" content=\"summary_large_image\" \/>\n<meta name=\"twitter:label1\" content=\"\u041f\u0440\u0438\u043c\u0435\u0440\u043d\u043e\u0435 \u0432\u0440\u0435\u043c\u044f \u0434\u043b\u044f \u0447\u0442\u0435\u043d\u0438\u044f\" \/>\n\t<meta name=\"twitter:data1\" content=\"2 \u043c\u0438\u043d\u0443\u0442\u044b\" \/>\n<script type=\"application\/ld+json\" class=\"yoast-schema-graph\">{\"@context\":\"https:\\\/\\\/schema.org\",\"@graph\":[{\"@type\":\"WebPage\",\"@id\":\"https:\\\/\\\/continent.lv\\\/product\\\/electrolux-encmusp9s-188-4cm-iebuvejams\\\/\",\"url\":\"https:\\\/\\\/continent.lv\\\/product\\\/electrolux-encmusp9s-188-4cm-iebuvejams\\\/\",\"name\":\"Electrolux ENCMUSP9S 188.4cm Ieb\u016bv\u0113jams! - Continent.lv\",\"isPartOf\":{\"@id\":\"https:\\\/\\\/continent.lv\\\/#website\"},\"primaryImageOfPage\":{\"@id\":\"https:\\\/\\\/continent.lv\\\/product\\\/electrolux-encmusp9s-188-4cm-iebuvejams\\\/#primaryimage\"},\"image\":{\"@id\":\"https:\\\/\\\/continent.lv\\\/product\\\/electrolux-encmusp9s-188-4cm-iebuvejams\\\/#primaryimage\"},\"thumbnailUrl\":\"https:\\\/\\\/continent.lv\\\/wp-content\\\/uploads\\\/2026\\\/05\\\/ENCMUSP9S.webp\",\"datePublished\":\"2026-05-01T00:26:18+00:00\",\"breadcrumb\":{\"@id\":\"https:\\\/\\\/continent.lv\\\/product\\\/electrolux-encmusp9s-188-4cm-iebuvejams\\\/#breadcrumb\"},\"inLanguage\":\"ru-RU\",\"potentialAction\":[{\"@type\":\"ReadAction\",\"target\":[\"https:\\\/\\\/continent.lv\\\/product\\\/electrolux-encmusp9s-188-4cm-iebuvejams\\\/\"]}]},{\"@type\":\"ImageObject\",\"inLanguage\":\"ru-RU\",\"@id\":\"https:\\\/\\\/continent.lv\\\/product\\\/electrolux-encmusp9s-188-4cm-iebuvejams\\\/#primaryimage\",\"url\":\"https:\\\/\\\/continent.lv\\\/wp-content\\\/uploads\\\/2026\\\/05\\\/ENCMUSP9S.webp\",\"contentUrl\":\"https:\\\/\\\/continent.lv\\\/wp-content\\\/uploads\\\/2026\\\/05\\\/ENCMUSP9S.webp\",\"width\":2000,\"height\":2000},{\"@type\":\"BreadcrumbList\",\"@id\":\"https:\\\/\\\/continent.lv\\\/product\\\/electrolux-encmusp9s-188-4cm-iebuvejams\\\/#breadcrumb\",\"itemListElement\":[{\"@type\":\"ListItem\",\"position\":1,\"name\":\"Home\",\"item\":\"https:\\\/\\\/continent.lv\\\/\"},{\"@type\":\"ListItem\",\"position\":2,\"name\":\"Veikals\",\"item\":\"https:\\\/\\\/continent.lv\\\/shop\\\/\"},{\"@type\":\"ListItem\",\"position\":3,\"name\":\"Electrolux ENCMUSP9S 188.4cm Ieb\u016bv\u0113jams!\"}]},{\"@type\":\"WebSite\",\"@id\":\"https:\\\/\\\/continent.lv\\\/#website\",\"url\":\"https:\\\/\\\/continent.lv\\\/\",\"name\":\"Continent.lv\",\"description\":\"Sadz\u012bves pre\u010du internetveikals\",\"publisher\":{\"@id\":\"https:\\\/\\\/continent.lv\\\/#organization\"},\"potentialAction\":[{\"@type\":\"SearchAction\",\"target\":{\"@type\":\"EntryPoint\",\"urlTemplate\":\"https:\\\/\\\/continent.lv\\\/?s={search_term_string}\"},\"query-input\":{\"@type\":\"PropertyValueSpecification\",\"valueRequired\":true,\"valueName\":\"search_term_string\"}}],\"inLanguage\":\"ru-RU\"},{\"@type\":\"Organization\",\"@id\":\"https:\\\/\\\/continent.lv\\\/#organization\",\"name\":\"Continent.lv\",\"url\":\"https:\\\/\\\/continent.lv\\\/\",\"logo\":{\"@type\":\"ImageObject\",\"inLanguage\":\"ru-RU\",\"@id\":\"https:\\\/\\\/continent.lv\\\/#\\\/schema\\\/logo\\\/image\\\/\",\"url\":\"https:\\\/\\\/continent.lv\\\/wp-content\\\/uploads\\\/2026\\\/05\\\/logo_continent_5nwv-jh.jpg\",\"contentUrl\":\"https:\\\/\\\/continent.lv\\\/wp-content\\\/uploads\\\/2026\\\/05\\\/logo_continent_5nwv-jh.jpg\",\"width\":221,\"height\":50,\"caption\":\"Continent.lv\"},\"image\":{\"@id\":\"https:\\\/\\\/continent.lv\\\/#\\\/schema\\\/logo\\\/image\\\/\"}}]}<\/script>\n<!-- \/ Yoast SEO plugin. -->","yoast_head_json":{"title":"Electrolux ENCMUSP9S 188.4cm Ieb\u016bv\u0113jams! - Continent.lv","robots":{"index":"index","follow":"follow","max-snippet":"max-snippet:-1","max-image-preview":"max-image-preview:large","max-video-preview":"max-video-preview:-1"},"canonical":"https:\/\/continent.lv\/ru\/product\/electrolux-encmusp9s-188-4cm-iebuvejams\/","og_locale":"ru_RU","og_type":"article","og_title":"Electrolux ENCMUSP9S 188.4cm Ieb\u016bv\u0113jams! - Continent.lv","og_description":"Produkta veids LedusskapjiLedusskapja veids Sald\u0113tava apak\u0161\u0101Z\u012bmols ElectroluxKolekcija \u201eTwinTech\u201cIzm\u0113ri un svarsAugstums 188.4 cmPlatums 54.6 cmDzi\u013cums 54.9 cmSvars 64 kgEner\u0123ijas pat\u0113ri\u0146\u0161Energoefektivit\u0101tes klase EGada ener\u0123ijas pat\u0113ri\u0146\u0161 215 kWhLedusskapja kameraKop\u0113jais ledusskapja tilpums 207 lPlauktu skaits 3Plauktu materi\u0101ls R\u016bd\u012btais stiklsD\u0101rze\u0146u un aug\u013cu nodal\u012bjums J\u0101Ar apgaismojumu J\u0101Apgaismojuma tips LunaSald\u0113tavas kameraKop\u0113jais sald\u0113tavas tilpums 62 lSald\u0113tavas zvaig\u017e\u0146u skaits 4Sald\u0113\u0161anas atvilkt\u0146u skaits 3Atsald\u0113\u0161anas un [&hellip;]","og_url":"https:\/\/continent.lv\/ru\/product\/electrolux-encmusp9s-188-4cm-iebuvejams\/","og_site_name":"Continent.lv","og_image":[{"width":2000,"height":2000,"url":"https:\/\/continent.lv\/wp-content\/uploads\/2026\/05\/ENCMUSP9S.webp","type":"image\/webp"}],"twitter_card":"summary_large_image","twitter_misc":{"\u041f\u0440\u0438\u043c\u0435\u0440\u043d\u043e\u0435 \u0432\u0440\u0435\u043c\u044f \u0434\u043b\u044f \u0447\u0442\u0435\u043d\u0438\u044f":"2 \u043c\u0438\u043d\u0443\u0442\u044b"},"schema":{"@context":"https:\/\/schema.org","@graph":[{"@type":"WebPage","@id":"https:\/\/continent.lv\/product\/electrolux-encmusp9s-188-4cm-iebuvejams\/","url":"https:\/\/continent.lv\/product\/electrolux-encmusp9s-188-4cm-iebuvejams\/","name":"Electrolux ENCMUSP9S 188.4cm Ieb\u016bv\u0113jams! - Continent.lv","isPartOf":{"@id":"https:\/\/continent.lv\/#website"},"primaryImageOfPage":{"@id":"https:\/\/continent.lv\/product\/electrolux-encmusp9s-188-4cm-iebuvejams\/#primaryimage"},"image":{"@id":"https:\/\/continent.lv\/product\/electrolux-encmusp9s-188-4cm-iebuvejams\/#primaryimage"},"thumbnailUrl":"https:\/\/continent.lv\/wp-content\/uploads\/2026\/05\/ENCMUSP9S.webp","datePublished":"2026-05-01T00:26:18+00:00","breadcrumb":{"@id":"https:\/\/continent.lv\/product\/electrolux-encmusp9s-188-4cm-iebuvejams\/#breadcrumb"},"inLanguage":"ru-RU","potentialAction":[{"@type":"ReadAction","target":["https:\/\/continent.lv\/product\/electrolux-encmusp9s-188-4cm-iebuvejams\/"]}]},{"@type":"ImageObject","inLanguage":"ru-RU","@id":"https:\/\/continent.lv\/product\/electrolux-encmusp9s-188-4cm-iebuvejams\/#primaryimage","url":"https:\/\/continent.lv\/wp-content\/uploads\/2026\/05\/ENCMUSP9S.webp","contentUrl":"https:\/\/continent.lv\/wp-content\/uploads\/2026\/05\/ENCMUSP9S.webp","width":2000,"height":2000},{"@type":"BreadcrumbList","@id":"https:\/\/continent.lv\/product\/electrolux-encmusp9s-188-4cm-iebuvejams\/#breadcrumb","itemListElement":[{"@type":"ListItem","position":1,"name":"Home","item":"https:\/\/continent.lv\/"},{"@type":"ListItem","position":2,"name":"Veikals","item":"https:\/\/continent.lv\/shop\/"},{"@type":"ListItem","position":3,"name":"Electrolux ENCMUSP9S 188.4cm Ieb\u016bv\u0113jams!"}]},{"@type":"WebSite","@id":"https:\/\/continent.lv\/#website","url":"https:\/\/continent.lv\/","name":"Continent.lv","description":"Sadz\u012bves pre\u010du internetveikals","publisher":{"@id":"https:\/\/continent.lv\/#organization"},"potentialAction":[{"@type":"SearchAction","target":{"@type":"EntryPoint","urlTemplate":"https:\/\/continent.lv\/?s={search_term_string}"},"query-input":{"@type":"PropertyValueSpecification","valueRequired":true,"valueName":"search_term_string"}}],"inLanguage":"ru-RU"},{"@type":"Organization","@id":"https:\/\/continent.lv\/#organization","name":"Continent.lv","url":"https:\/\/continent.lv\/","logo":{"@type":"ImageObject","inLanguage":"ru-RU","@id":"https:\/\/continent.lv\/#\/schema\/logo\/image\/","url":"https:\/\/continent.lv\/wp-content\/uploads\/2026\/05\/logo_continent_5nwv-jh.jpg","contentUrl":"https:\/\/continent.lv\/wp-content\/uploads\/2026\/05\/logo_continent_5nwv-jh.jpg","width":221,"height":50,"caption":"Continent.lv"},"image":{"@id":"https:\/\/continent.lv\/#\/schema\/logo\/image\/"}}]}},"_links":{"self":[{"href":"https:\/\/continent.lv\/ru\/wp-json\/wp\/v2\/product\/29658","targetHints":{"allow":["GET"]}}],"collection":[{"href":"https:\/\/continent.lv\/ru\/wp-json\/wp\/v2\/product"}],"about":[{"href":"https:\/\/continent.lv\/ru\/wp-json\/wp\/v2\/types\/product"}],"replies":[{"embeddable":true,"href":"https:\/\/continent.lv\/ru\/wp-json\/wp\/v2\/comments?post=29658"}],"wp:featuredmedia":[{"embeddable":true,"href":"https:\/\/continent.lv\/ru\/wp-json\/wp\/v2\/media\/29652"}],"wp:attachment":[{"href":"https:\/\/continent.lv\/ru\/wp-json\/wp\/v2\/media?parent=29658"}],"wp:term":[{"taxonomy":"product_brand","embeddable":true,"href":"https:\/\/continent.lv\/ru\/wp-json\/wp\/v2\/product_brand?post=29658"},{"taxonomy":"product_cat","embeddable":true,"href":"https:\/\/continent.lv\/ru\/wp-json\/wp\/v2\/product_cat?post=29658"},{"taxonomy":"product_tag","embeddable":true,"href":"https:\/\/continent.lv\/ru\/wp-json\/wp\/v2\/product_tag?post=29658"}],"curies":[{"name":"wp","href":"https:\/\/api.w.org\/{rel}","templated":true}]}}