{"id":29551,"date":"2026-05-01T00:24:01","date_gmt":"2026-05-01T00:24:01","guid":{"rendered":"https:\/\/continent.lv\/product\/geko-g80576-960-w\/"},"modified":"2026-05-01T00:24:01","modified_gmt":"2026-05-01T00:24:01","slug":"geko-g80576-960-w","status":"publish","type":"product","link":"https:\/\/continent.lv\/ru\/product\/geko-g80576-960-w\/","title":{"rendered":"Geko G80576 960 \u0412\u0442"},"content":{"rendered":"<p class=\"translation-block\"><p><span class=\"HwtZe\" lang=\"lv\"><span class=\"jCAhz ChMk0b\"><span class=\"ryNqvb\">\u041f\u0440\u043e\u0438\u0437\u0432\u043e\u0434\u0438\u0442\u0435\u043b\u044c<br>\u041d\u0430\u0437\u0432\u0430\u043d\u0438\u0435 \u043f\u0440\u043e\u0438\u0437\u0432\u043e\u0434\u0438\u0442\u0435\u043b\u044f: GEKO<br>\u041f\u0440\u043e\u0434\u0443\u043a\u0442<br>\u041a\u043e\u0434 \u043f\u0440\u043e\u0438\u0437\u0432\u043e\u0434\u0438\u0442\u0435\u043b\u044f: G80576<br>EAN5901477173820<br>\u041e\u0441\u043d\u043e\u0432\u043d\u0430\u044f \u0438\u043d\u0444\u043e\u0440\u043c\u0430\u0446\u0438\u044f<br>\u041c\u043e\u0434\u0435\u043b\u044c: G80576<br>\u0422\u0438\u043f: \u042d\u043b\u0435\u043a\u0442\u0440\u0438\u0447\u0435\u0441\u043a\u0438\u0435 \u0438\u043d\u0444\u0440\u0430\u043a\u0440\u0430\u0441\u043d\u044b\u0435 \u043e\u0431\u043e\u0433\u0440\u0435\u0432\u0430\u0442\u0435\u043b\u0438<br>\u0426\u0432\u0435\u0442: \u0411\u0435\u043b\u044b\u0439<br>\u0422\u0435\u0445\u043d\u0438\u0447\u0435\u0441\u043a\u0438\u0435 \u0445\u0430\u0440\u0430\u043a\u0442\u0435\u0440\u0438\u0441\u0442\u0438\u043a\u0438: \u041c\u0430\u043a\u0441\u0438\u043c\u0430\u043b\u044c\u043d\u0430\u044f \u043c\u043e\u0449\u043d\u043e\u0441\u0442\u044c: 960 \u0412\u0442<br>\u041c\u0438\u043d\u0438\u043c\u0430\u043b\u044c\u043d\u0430\u044f \u043c\u043e\u0449\u043d\u043e\u0441\u0442\u044c: \u041d\u0435\u0442 \u0434\u0430\u043d\u043d\u044b\u0445<br>\u0424\u0443\u043d\u043a\u0446\u0438\u0438: \u0421 \u0442\u0430\u0439\u043c\u0435\u0440\u043e\u043c<br>\u0411\u0435\u0437 \u0442\u0435\u0440\u043c\u043e\u0441\u0442\u0430\u0442\u0430<br>\u041a\u043e\u043b\u0438\u0447\u0435\u0441\u0442\u0432\u043e \u0443\u0440\u043e\u0432\u043d\u0435\u0439 \u043c\u043e\u0449\u043d\u043e\u0441\u0442\u0438: \u041d\u0435\u0442 \u0434\u0430\u043d\u043d\u044b\u0445<br>\u041d\u0430\u0441\u0442\u0435\u043d\u043d\u043e\u0435 \u043a\u0440\u0435\u043f\u043b\u0435\u043d\u0438\u0435<br>\u0411\u0435\u0437 \u043a\u043e\u043b\u0435\u0441<br>\u041f\u0443\u043b\u044c\u0442 \u0434\u0438\u0441\u0442\u0430\u043d\u0446\u0438\u043e\u043d\u043d\u043e\u0433\u043e \u0443\u043f\u0440\u0430\u0432\u043b\u0435\u043d\u0438\u044f: \u0421 \u043f\u0443\u043b\u044c\u0442\u043e\u043c \u0434\u0438\u0441\u0442\u0430\u043d\u0446\u0438\u043e\u043d\u043d\u043e\u0433\u043e \u0443\u043f\u0440\u0430\u0432\u043b\u0435\u043d\u0438\u044f<br>\u0412\u0435\u043d\u0442\u0438\u043b\u044f\u0442\u043e\u0440: \u0411\u0435\u0437 \u0432\u0435\u043d\u0442\u0438\u043b\u044f\u0442\u043e\u0440\u0430<br>\u0423\u043f\u0440\u0430\u0432\u043b\u0435\u043d\u0438\u0435 \u0447\u0435\u0440\u0435\u0437 \u043f\u0440\u0438\u043b\u043e\u0436\u0435\u043d\u0438\u0435: \u0414\u0430<br>\u0424\u0438\u0437\u0438\u0447\u0435\u0441\u043a\u0438\u0435 \u043f\u0430\u0440\u0430\u043c\u0435\u0442\u0440\u044b<br>\u0428\u0438\u0440\u0438\u043d\u0430: 120 \u0441\u043c<br>\u0412\u044b\u0441\u043e\u0442\u0430: 80 \u0441\u043c<br>\u0413\u043b\u0443\u0431\u0438\u043d\u0430: 20 \u0441\u043c<br>\u0412\u0435\u0441: 7,8 \u043a\u0433<\/span><\/span><\/span><span class=\"ZSCsVd\"><\/span><span class=\"LdhArd\" aria-expanded=\"true\"><\/span><span><\/span><span><\/span><span><\/span><span><\/span><span><\/span><span><\/span><span class=\"HQQHBe\"><span><\/span><br><\/span><span class=\"HQQHBe\"><\/span><span class=\"mZD5Ae\"><span><\/span><\/span><span class=\"mZD5Ae\"><br><\/span><br><a href=\"https:\/\/translate.google.com\/history\" class=\"mqNsCe\" data-probe-id=\"translation_history_footer_button\"><br><\/a><a href=\"https:\/\/translate.google.com\/saved\" class=\"mqNsCe\" data-probe-id=\"saved_translations_footer_button\"><br><\/a><br><\/p><pre><\/pre><p><span class=\"MIHGm VMyXr\"><span class=\"TMgxcd\"><\/span><\/span><\/p><p><span class=\"MMvswb\"><span class=\"OLCwg\"><\/span><\/span><span><\/span><span><\/span><\/p><p><span><\/span><span><\/span><br><span><\/span><\/p><\/p>\n<pre><\/pre>\n<p><span class=\"MIHGm VMyXr\"><span class=\"TMgxcd\"><\/span><\/span><\/p>\n<p><span class=\"MMvswb\"><span class=\"OLCwg\"><\/span><\/span><span><\/span><span><\/span><\/p>\n<p><span><\/span><span><\/span><br \/><span><\/span><\/p>","protected":false},"excerpt":{"rendered":"<p class=\"translation-block\"><p><span class=\"HwtZe\" lang=\"lv\"><span class=\"jCAhz ChMk0b\"><span class=\"ryNqvb\">\u041f\u0440\u043e\u0438\u0437\u0432\u043e\u0434\u0438\u0442\u0435\u043b\u044c<br>\u041d\u0430\u0437\u0432\u0430\u043d\u0438\u0435 \u043f\u0440\u043e\u0438\u0437\u0432\u043e\u0434\u0438\u0442\u0435\u043b\u044f: GEKO<br>\u041f\u0440\u043e\u0434\u0443\u043a\u0442<br>\u041a\u043e\u0434 \u043f\u0440\u043e\u0438\u0437\u0432\u043e\u0434\u0438\u0442\u0435\u043b\u044f: G80576<br>EAN5901477173820<br>\u041e\u0441\u043d\u043e\u0432\u043d\u0430\u044f \u0438\u043d\u0444\u043e\u0440\u043c\u0430\u0446\u0438\u044f<br>\u041c\u043e\u0434\u0435\u043b\u044c: G80576<br>\u0422\u0438\u043f: \u042d\u043b\u0435\u043a\u0442\u0440\u0438\u0447\u0435\u0441\u043a\u0438\u0435 \u0438\u043d\u0444\u0440\u0430\u043a\u0440\u0430\u0441\u043d\u044b\u0435 \u043e\u0431\u043e\u0433\u0440\u0435\u0432\u0430\u0442\u0435\u043b\u0438<br>\u0426\u0432\u0435\u0442: \u0411\u0435\u043b\u044b\u0439<br>\u0422\u0435\u0445\u043d\u0438\u0447\u0435\u0441\u043a\u0438\u0435 \u0445\u0430\u0440\u0430\u043a\u0442\u0435\u0440\u0438\u0441\u0442\u0438\u043a\u0438: \u041c\u0430\u043a\u0441\u0438\u043c\u0430\u043b\u044c\u043d\u0430\u044f \u043c\u043e\u0449\u043d\u043e\u0441\u0442\u044c: 960 \u0412\u0442<br>\u041c\u0438\u043d\u0438\u043c\u0430\u043b\u044c\u043d\u0430\u044f \u043c\u043e\u0449\u043d\u043e\u0441\u0442\u044c: \u041d\u0435\u0442 \u0434\u0430\u043d\u043d\u044b\u0445<br>\u0424\u0443\u043d\u043a\u0446\u0438\u0438: \u0421 \u0442\u0430\u0439\u043c\u0435\u0440\u043e\u043c<br>\u0411\u0435\u0437 \u0442\u0435\u0440\u043c\u043e\u0441\u0442\u0430\u0442\u0430<br>\u041a\u043e\u043b\u0438\u0447\u0435\u0441\u0442\u0432\u043e \u0443\u0440\u043e\u0432\u043d\u0435\u0439 \u043c\u043e\u0449\u043d\u043e\u0441\u0442\u0438: \u041d\u0435\u0442 \u0434\u0430\u043d\u043d\u044b\u0445<br>\u041d\u0430\u0441\u0442\u0435\u043d\u043d\u043e\u0435 \u043a\u0440\u0435\u043f\u043b\u0435\u043d\u0438\u0435<br>\u0411\u0435\u0437 \u043a\u043e\u043b\u0435\u0441<br>\u041f\u0443\u043b\u044c\u0442 \u0434\u0438\u0441\u0442\u0430\u043d\u0446\u0438\u043e\u043d\u043d\u043e\u0433\u043e \u0443\u043f\u0440\u0430\u0432\u043b\u0435\u043d\u0438\u044f: \u0421 \u043f\u0443\u043b\u044c\u0442\u043e\u043c \u0434\u0438\u0441\u0442\u0430\u043d\u0446\u0438\u043e\u043d\u043d\u043e\u0433\u043e \u0443\u043f\u0440\u0430\u0432\u043b\u0435\u043d\u0438\u044f<br>\u0412\u0435\u043d\u0442\u0438\u043b\u044f\u0442\u043e\u0440: \u0411\u0435\u0437 \u0432\u0435\u043d\u0442\u0438\u043b\u044f\u0442\u043e\u0440\u0430<br>\u0423\u043f\u0440\u0430\u0432\u043b\u0435\u043d\u0438\u0435 \u0447\u0435\u0440\u0435\u0437 \u043f\u0440\u0438\u043b\u043e\u0436\u0435\u043d\u0438\u0435: \u0414\u0430<br>\u0424\u0438\u0437\u0438\u0447\u0435\u0441\u043a\u0438\u0435 \u043f\u0430\u0440\u0430\u043c\u0435\u0442\u0440\u044b<br>\u0428\u0438\u0440\u0438\u043d\u0430: 120 \u0441\u043c<br>\u0412\u044b\u0441\u043e\u0442\u0430: 80 \u0441\u043c<br>\u0413\u043b\u0443\u0431\u0438\u043d\u0430: 20 \u0441\u043c<br>\u0412\u0435\u0441: 7,8 \u043a\u0433<\/span><\/span><\/span><span class=\"ZSCsVd\"><\/span><span class=\"LdhArd\" aria-expanded=\"true\"><\/span><span><\/span><span><\/span><span><\/span><span><\/span><span><\/span><span><\/span><span class=\"HQQHBe\"><span><\/span><br><\/span><span class=\"HQQHBe\"><\/span><span class=\"mZD5Ae\"><span><\/span><\/span><span class=\"mZD5Ae\"><br><\/span><br><a href=\"https:\/\/translate.google.com\/history\" class=\"mqNsCe\" data-probe-id=\"translation_history_footer_button\"><br><\/a><a href=\"https:\/\/translate.google.com\/saved\" class=\"mqNsCe\" data-probe-id=\"saved_translations_footer_button\"><br><\/a><br><\/p><pre><\/pre><p><span class=\"MIHGm VMyXr\"><span class=\"TMgxcd\"><\/span><\/span><\/p><p><span class=\"MMvswb\"><span class=\"OLCwg\"><\/span><\/span><span><\/span><span><\/span><\/p><p><span><\/span><span><\/span><br><span><\/span><\/p><\/p>","protected":false},"featured_media":29545,"comment_status":"open","ping_status":"closed","template":"","meta":{"_joinchat":[]},"product_brand":[],"product_cat":[288],"product_tag":[],"class_list":{"0":"post-29551","1":"product","2":"type-product","3":"status-publish","4":"has-post-thumbnail","6":"product_cat-siltumtehnika-silditaji-ar-gaisu-sildelementu","8":"first","9":"instock","10":"shipping-taxable","11":"purchasable","12":"product-type-simple"},"yoast_head":"<!-- This site is optimized with the Yoast SEO plugin v27.5 - https:\/\/yoast.com\/product\/yoast-seo-wordpress\/ -->\n<title>Geko G80576 960 W - Continent.lv<\/title>\n<meta name=\"robots\" content=\"index, follow, max-snippet:-1, max-image-preview:large, max-video-preview:-1\" \/>\n<link rel=\"canonical\" href=\"https:\/\/continent.lv\/ru\/product\/geko-g80576-960-w\/\" \/>\n<meta property=\"og:locale\" content=\"ru_RU\" \/>\n<meta property=\"og:type\" content=\"article\" \/>\n<meta property=\"og:title\" content=\"Geko G80576 960 W - Continent.lv\" \/>\n<meta property=\"og:description\" content=\"Ra\u017eot\u0101jsRa\u017eot\u0101ja nosaukums: GEKOProduktsRa\u017eot\u0101ja kods: G80576EAN5901477173820Pamatinform\u0101cijaModelis: G80576Tips: Elektriskie starojuma sild\u012bt\u0101jiKr\u0101sa: BaltaTehnisk\u0101s specifik\u0101cijas: Maksim\u0101l\u0101 jauda: 960 WMinim\u0101l\u0101 jauda: Nav datuFunkcijas: Ar taimeriBez termostataJaudas l\u012bme\u0146u skaits: Nav datuPie sienas stiprin\u0101msRite\u0146i: Bez rite\u0146iemT\u0101lvad\u012bbas pults: Ar t\u0101lvad\u012bbas pultiVentilators: Bez ventilatoraLietotnes vad\u012bba: J\u0101Fiziskie parametriPlatums: 120 cmAugstums: 80 cmDzi\u013cums: 20 cmSvars: 7,8 kg\" \/>\n<meta property=\"og:url\" content=\"https:\/\/continent.lv\/ru\/product\/geko-g80576-960-w\/\" \/>\n<meta property=\"og:site_name\" content=\"Continent.lv\" \/>\n<meta property=\"og:image\" content=\"https:\/\/continent.lv\/wp-content\/uploads\/2026\/05\/21_i9gn-2j.jpeg\" \/>\n\t<meta property=\"og:image:width\" content=\"1555\" \/>\n\t<meta property=\"og:image:height\" content=\"1024\" \/>\n\t<meta property=\"og:image:type\" content=\"image\/jpeg\" \/>\n<meta name=\"twitter:card\" content=\"summary_large_image\" \/>\n<script type=\"application\/ld+json\" class=\"yoast-schema-graph\">{\"@context\":\"https:\\\/\\\/schema.org\",\"@graph\":[{\"@type\":\"WebPage\",\"@id\":\"https:\\\/\\\/continent.lv\\\/product\\\/geko-g80576-960-w\\\/\",\"url\":\"https:\\\/\\\/continent.lv\\\/product\\\/geko-g80576-960-w\\\/\",\"name\":\"Geko G80576 960 W - Continent.lv\",\"isPartOf\":{\"@id\":\"https:\\\/\\\/continent.lv\\\/#website\"},\"primaryImageOfPage\":{\"@id\":\"https:\\\/\\\/continent.lv\\\/product\\\/geko-g80576-960-w\\\/#primaryimage\"},\"image\":{\"@id\":\"https:\\\/\\\/continent.lv\\\/product\\\/geko-g80576-960-w\\\/#primaryimage\"},\"thumbnailUrl\":\"https:\\\/\\\/continent.lv\\\/wp-content\\\/uploads\\\/2026\\\/05\\\/21_i9gn-2j.jpeg\",\"datePublished\":\"2026-05-01T00:24:01+00:00\",\"breadcrumb\":{\"@id\":\"https:\\\/\\\/continent.lv\\\/product\\\/geko-g80576-960-w\\\/#breadcrumb\"},\"inLanguage\":\"ru-RU\",\"potentialAction\":[{\"@type\":\"ReadAction\",\"target\":[\"https:\\\/\\\/continent.lv\\\/product\\\/geko-g80576-960-w\\\/\"]}]},{\"@type\":\"ImageObject\",\"inLanguage\":\"ru-RU\",\"@id\":\"https:\\\/\\\/continent.lv\\\/product\\\/geko-g80576-960-w\\\/#primaryimage\",\"url\":\"https:\\\/\\\/continent.lv\\\/wp-content\\\/uploads\\\/2026\\\/05\\\/21_i9gn-2j.jpeg\",\"contentUrl\":\"https:\\\/\\\/continent.lv\\\/wp-content\\\/uploads\\\/2026\\\/05\\\/21_i9gn-2j.jpeg\",\"width\":1555,\"height\":1024},{\"@type\":\"BreadcrumbList\",\"@id\":\"https:\\\/\\\/continent.lv\\\/product\\\/geko-g80576-960-w\\\/#breadcrumb\",\"itemListElement\":[{\"@type\":\"ListItem\",\"position\":1,\"name\":\"Home\",\"item\":\"https:\\\/\\\/continent.lv\\\/\"},{\"@type\":\"ListItem\",\"position\":2,\"name\":\"Veikals\",\"item\":\"https:\\\/\\\/continent.lv\\\/shop\\\/\"},{\"@type\":\"ListItem\",\"position\":3,\"name\":\"Geko G80576 960 W\"}]},{\"@type\":\"WebSite\",\"@id\":\"https:\\\/\\\/continent.lv\\\/#website\",\"url\":\"https:\\\/\\\/continent.lv\\\/\",\"name\":\"Continent.lv\",\"description\":\"Sadz\u012bves pre\u010du internetveikals\",\"publisher\":{\"@id\":\"https:\\\/\\\/continent.lv\\\/#organization\"},\"potentialAction\":[{\"@type\":\"SearchAction\",\"target\":{\"@type\":\"EntryPoint\",\"urlTemplate\":\"https:\\\/\\\/continent.lv\\\/?s={search_term_string}\"},\"query-input\":{\"@type\":\"PropertyValueSpecification\",\"valueRequired\":true,\"valueName\":\"search_term_string\"}}],\"inLanguage\":\"ru-RU\"},{\"@type\":\"Organization\",\"@id\":\"https:\\\/\\\/continent.lv\\\/#organization\",\"name\":\"Continent.lv\",\"url\":\"https:\\\/\\\/continent.lv\\\/\",\"logo\":{\"@type\":\"ImageObject\",\"inLanguage\":\"ru-RU\",\"@id\":\"https:\\\/\\\/continent.lv\\\/#\\\/schema\\\/logo\\\/image\\\/\",\"url\":\"https:\\\/\\\/continent.lv\\\/wp-content\\\/uploads\\\/2026\\\/05\\\/logo_continent_5nwv-jh.jpg\",\"contentUrl\":\"https:\\\/\\\/continent.lv\\\/wp-content\\\/uploads\\\/2026\\\/05\\\/logo_continent_5nwv-jh.jpg\",\"width\":221,\"height\":50,\"caption\":\"Continent.lv\"},\"image\":{\"@id\":\"https:\\\/\\\/continent.lv\\\/#\\\/schema\\\/logo\\\/image\\\/\"}}]}<\/script>\n<!-- \/ Yoast SEO plugin. -->","yoast_head_json":{"title":"Geko G80576 960 W - Continent.lv","robots":{"index":"index","follow":"follow","max-snippet":"max-snippet:-1","max-image-preview":"max-image-preview:large","max-video-preview":"max-video-preview:-1"},"canonical":"https:\/\/continent.lv\/ru\/product\/geko-g80576-960-w\/","og_locale":"ru_RU","og_type":"article","og_title":"Geko G80576 960 W - Continent.lv","og_description":"Ra\u017eot\u0101jsRa\u017eot\u0101ja nosaukums: GEKOProduktsRa\u017eot\u0101ja kods: G80576EAN5901477173820Pamatinform\u0101cijaModelis: G80576Tips: Elektriskie starojuma sild\u012bt\u0101jiKr\u0101sa: BaltaTehnisk\u0101s specifik\u0101cijas: Maksim\u0101l\u0101 jauda: 960 WMinim\u0101l\u0101 jauda: Nav datuFunkcijas: Ar taimeriBez termostataJaudas l\u012bme\u0146u skaits: Nav datuPie sienas stiprin\u0101msRite\u0146i: Bez rite\u0146iemT\u0101lvad\u012bbas pults: Ar t\u0101lvad\u012bbas pultiVentilators: Bez ventilatoraLietotnes vad\u012bba: J\u0101Fiziskie parametriPlatums: 120 cmAugstums: 80 cmDzi\u013cums: 20 cmSvars: 7,8 kg","og_url":"https:\/\/continent.lv\/ru\/product\/geko-g80576-960-w\/","og_site_name":"Continent.lv","og_image":[{"width":1555,"height":1024,"url":"https:\/\/continent.lv\/wp-content\/uploads\/2026\/05\/21_i9gn-2j.jpeg","type":"image\/jpeg"}],"twitter_card":"summary_large_image","schema":{"@context":"https:\/\/schema.org","@graph":[{"@type":"WebPage","@id":"https:\/\/continent.lv\/product\/geko-g80576-960-w\/","url":"https:\/\/continent.lv\/product\/geko-g80576-960-w\/","name":"Geko G80576 960 W - Continent.lv","isPartOf":{"@id":"https:\/\/continent.lv\/#website"},"primaryImageOfPage":{"@id":"https:\/\/continent.lv\/product\/geko-g80576-960-w\/#primaryimage"},"image":{"@id":"https:\/\/continent.lv\/product\/geko-g80576-960-w\/#primaryimage"},"thumbnailUrl":"https:\/\/continent.lv\/wp-content\/uploads\/2026\/05\/21_i9gn-2j.jpeg","datePublished":"2026-05-01T00:24:01+00:00","breadcrumb":{"@id":"https:\/\/continent.lv\/product\/geko-g80576-960-w\/#breadcrumb"},"inLanguage":"ru-RU","potentialAction":[{"@type":"ReadAction","target":["https:\/\/continent.lv\/product\/geko-g80576-960-w\/"]}]},{"@type":"ImageObject","inLanguage":"ru-RU","@id":"https:\/\/continent.lv\/product\/geko-g80576-960-w\/#primaryimage","url":"https:\/\/continent.lv\/wp-content\/uploads\/2026\/05\/21_i9gn-2j.jpeg","contentUrl":"https:\/\/continent.lv\/wp-content\/uploads\/2026\/05\/21_i9gn-2j.jpeg","width":1555,"height":1024},{"@type":"BreadcrumbList","@id":"https:\/\/continent.lv\/product\/geko-g80576-960-w\/#breadcrumb","itemListElement":[{"@type":"ListItem","position":1,"name":"Home","item":"https:\/\/continent.lv\/"},{"@type":"ListItem","position":2,"name":"Veikals","item":"https:\/\/continent.lv\/shop\/"},{"@type":"ListItem","position":3,"name":"Geko G80576 960 W"}]},{"@type":"WebSite","@id":"https:\/\/continent.lv\/#website","url":"https:\/\/continent.lv\/","name":"Continent.lv","description":"Sadz\u012bves pre\u010du internetveikals","publisher":{"@id":"https:\/\/continent.lv\/#organization"},"potentialAction":[{"@type":"SearchAction","target":{"@type":"EntryPoint","urlTemplate":"https:\/\/continent.lv\/?s={search_term_string}"},"query-input":{"@type":"PropertyValueSpecification","valueRequired":true,"valueName":"search_term_string"}}],"inLanguage":"ru-RU"},{"@type":"Organization","@id":"https:\/\/continent.lv\/#organization","name":"Continent.lv","url":"https:\/\/continent.lv\/","logo":{"@type":"ImageObject","inLanguage":"ru-RU","@id":"https:\/\/continent.lv\/#\/schema\/logo\/image\/","url":"https:\/\/continent.lv\/wp-content\/uploads\/2026\/05\/logo_continent_5nwv-jh.jpg","contentUrl":"https:\/\/continent.lv\/wp-content\/uploads\/2026\/05\/logo_continent_5nwv-jh.jpg","width":221,"height":50,"caption":"Continent.lv"},"image":{"@id":"https:\/\/continent.lv\/#\/schema\/logo\/image\/"}}]}},"_links":{"self":[{"href":"https:\/\/continent.lv\/ru\/wp-json\/wp\/v2\/product\/29551","targetHints":{"allow":["GET"]}}],"collection":[{"href":"https:\/\/continent.lv\/ru\/wp-json\/wp\/v2\/product"}],"about":[{"href":"https:\/\/continent.lv\/ru\/wp-json\/wp\/v2\/types\/product"}],"replies":[{"embeddable":true,"href":"https:\/\/continent.lv\/ru\/wp-json\/wp\/v2\/comments?post=29551"}],"wp:featuredmedia":[{"embeddable":true,"href":"https:\/\/continent.lv\/ru\/wp-json\/wp\/v2\/media\/29545"}],"wp:attachment":[{"href":"https:\/\/continent.lv\/ru\/wp-json\/wp\/v2\/media?parent=29551"}],"wp:term":[{"taxonomy":"product_brand","embeddable":true,"href":"https:\/\/continent.lv\/ru\/wp-json\/wp\/v2\/product_brand?post=29551"},{"taxonomy":"product_cat","embeddable":true,"href":"https:\/\/continent.lv\/ru\/wp-json\/wp\/v2\/product_cat?post=29551"},{"taxonomy":"product_tag","embeddable":true,"href":"https:\/\/continent.lv\/ru\/wp-json\/wp\/v2\/product_tag?post=29551"}],"curies":[{"name":"wp","href":"https:\/\/api.w.org\/{rel}","templated":true}]}}