{"id":29504,"date":"2026-05-01T00:22:41","date_gmt":"2026-05-01T00:22:41","guid":{"rendered":"https:\/\/continent.lv\/product\/barkan-e410-b-32-90\/"},"modified":"2026-05-01T00:22:41","modified_gmt":"2026-05-01T00:22:41","slug":"barkan-e410-b-32-90","status":"publish","type":"product","link":"https:\/\/continent.lv\/ru\/product\/barkan-e410-b-32-90\/","title":{"rendered":"BARKAN E410+.B 32\"-90\""},"content":{"rendered":"<p><\/p>\n<p>\u041f\u0440\u043e\u0438\u0437\u0432\u043e\u0434\u0438\u0442\u0435\u043b\u044c Barkan<\/p>\n<p>\u041c\u0438\u043d\u0438\u043c\u0430\u043b\u044c\u043d\u0430\u044f \u0434\u0438\u0430\u0433\u043e\u043d\u0430\u043b\u044c \u044d\u043a\u0440\u0430\u043d\u0430 32<br \/>\u041c\u0430\u043a\u0441\u0438\u043c\u0430\u043b\u044c\u043d\u0430\u044f \u0434\u0438\u0430\u0433\u043e\u043d\u0430\u043b\u044c \u044d\u043a\u0440\u0430\u043d\u0430 90<br \/>\u0422\u0438\u043f \u041d\u0430\u0441\u0442\u0435\u043d\u043d\u043e\u0435 \u043a\u0440\u0435\u043f\u043b\u0435\u043d\u0438\u0435 \u0441 \u0440\u0435\u0433\u0443\u043b\u0438\u0440\u0443\u0435\u043c\u044b\u043c \u043d\u0430\u043a\u043b\u043e\u043d\u043e\u043c<br \/>\u041c\u0430\u043a\u0441\u0438\u043c\u0430\u043b\u044c\u043d\u044b\u0439 \u0432\u0435\u0441, \u043a\u0433 60<br \/>\u0420\u0430\u0441\u0441\u0442\u043e\u044f\u043d\u0438\u0435 \u043e\u0442 \u0441\u0442\u0435\u043d\u044b, \u0441\u043c 8.1<br \/>\u0412\u0435\u0441<br \/>\u0412\u0435\u0441 \u0431\u0440\u0443\u0442\u0442\u043e (\u043a\u0433) 10<\/p>\n<p><strong><\/strong><\/p>","protected":false},"excerpt":{"rendered":"<p>Ra\u017eot\u0101js Barkan Minim\u0101l\u0101 ekr\u0101na diagon\u0101le 32Maksim\u0101l\u0101 ekr\u0101na diagon\u0101le 90Tips Sienas stiprin\u0101jums ar main\u0101mu sl\u012bpumuMaksim\u0101lais svars, kg 60Att\u0101lums no sienas, cm 8.1SvarsBruto svars (kg) 10<\/p>","protected":false},"featured_media":29502,"comment_status":"open","ping_status":"closed","template":"","meta":{"_joinchat":[]},"product_brand":[],"product_cat":[326],"product_tag":[],"class_list":{"0":"post-29504","1":"product","2":"type-product","3":"status-publish","4":"has-post-thumbnail","6":"product_cat-tv-foto-video-audio-televizori-un-aksesuari-televizoru-kronsteini","8":"first","9":"instock","10":"shipping-taxable","11":"purchasable","12":"product-type-simple"},"yoast_head":"<!-- This site is optimized with the Yoast SEO plugin v27.5 - https:\/\/yoast.com\/product\/yoast-seo-wordpress\/ -->\n<title>BARKAN E410+.B 32&quot;-90&quot; - Continent.lv<\/title>\n<meta name=\"robots\" content=\"index, follow, max-snippet:-1, max-image-preview:large, max-video-preview:-1\" \/>\n<link rel=\"canonical\" href=\"https:\/\/continent.lv\/ru\/product\/barkan-e410-b-32-90\/\" \/>\n<meta property=\"og:locale\" content=\"ru_RU\" \/>\n<meta property=\"og:type\" content=\"article\" \/>\n<meta property=\"og:title\" content=\"BARKAN E410+.B 32&quot;-90&quot; - Continent.lv\" \/>\n<meta property=\"og:description\" content=\"Ra\u017eot\u0101js Barkan Minim\u0101l\u0101 ekr\u0101na diagon\u0101le 32Maksim\u0101l\u0101 ekr\u0101na diagon\u0101le 90Tips Sienas stiprin\u0101jums ar main\u0101mu sl\u012bpumuMaksim\u0101lais svars, kg 60Att\u0101lums no sienas, cm 8.1SvarsBruto svars (kg) 10\" \/>\n<meta property=\"og:url\" content=\"https:\/\/continent.lv\/ru\/product\/barkan-e410-b-32-90\/\" \/>\n<meta property=\"og:site_name\" content=\"Continent.lv\" \/>\n<meta property=\"og:image\" content=\"https:\/\/continent.lv\/wp-content\/uploads\/2026\/05\/E_410_B-1.jpg\" \/>\n\t<meta property=\"og:image:width\" content=\"280\" \/>\n\t<meta property=\"og:image:height\" content=\"280\" \/>\n\t<meta property=\"og:image:type\" content=\"image\/jpeg\" \/>\n<meta name=\"twitter:card\" content=\"summary_large_image\" \/>\n<script type=\"application\/ld+json\" class=\"yoast-schema-graph\">{\"@context\":\"https:\\\/\\\/schema.org\",\"@graph\":[{\"@type\":\"WebPage\",\"@id\":\"https:\\\/\\\/continent.lv\\\/product\\\/barkan-e410-b-32-90\\\/\",\"url\":\"https:\\\/\\\/continent.lv\\\/product\\\/barkan-e410-b-32-90\\\/\",\"name\":\"BARKAN E410+.B 32\\\"-90\\\" - Continent.lv\",\"isPartOf\":{\"@id\":\"https:\\\/\\\/continent.lv\\\/#website\"},\"primaryImageOfPage\":{\"@id\":\"https:\\\/\\\/continent.lv\\\/product\\\/barkan-e410-b-32-90\\\/#primaryimage\"},\"image\":{\"@id\":\"https:\\\/\\\/continent.lv\\\/product\\\/barkan-e410-b-32-90\\\/#primaryimage\"},\"thumbnailUrl\":\"https:\\\/\\\/continent.lv\\\/wp-content\\\/uploads\\\/2026\\\/05\\\/E_410_B-1.jpg\",\"datePublished\":\"2026-05-01T00:22:41+00:00\",\"breadcrumb\":{\"@id\":\"https:\\\/\\\/continent.lv\\\/product\\\/barkan-e410-b-32-90\\\/#breadcrumb\"},\"inLanguage\":\"ru-RU\",\"potentialAction\":[{\"@type\":\"ReadAction\",\"target\":[\"https:\\\/\\\/continent.lv\\\/product\\\/barkan-e410-b-32-90\\\/\"]}]},{\"@type\":\"ImageObject\",\"inLanguage\":\"ru-RU\",\"@id\":\"https:\\\/\\\/continent.lv\\\/product\\\/barkan-e410-b-32-90\\\/#primaryimage\",\"url\":\"https:\\\/\\\/continent.lv\\\/wp-content\\\/uploads\\\/2026\\\/05\\\/E_410_B-1.jpg\",\"contentUrl\":\"https:\\\/\\\/continent.lv\\\/wp-content\\\/uploads\\\/2026\\\/05\\\/E_410_B-1.jpg\",\"width\":280,\"height\":280},{\"@type\":\"BreadcrumbList\",\"@id\":\"https:\\\/\\\/continent.lv\\\/product\\\/barkan-e410-b-32-90\\\/#breadcrumb\",\"itemListElement\":[{\"@type\":\"ListItem\",\"position\":1,\"name\":\"Home\",\"item\":\"https:\\\/\\\/continent.lv\\\/\"},{\"@type\":\"ListItem\",\"position\":2,\"name\":\"Veikals\",\"item\":\"https:\\\/\\\/continent.lv\\\/shop\\\/\"},{\"@type\":\"ListItem\",\"position\":3,\"name\":\"BARKAN E410+.B 32&#8243;-90&#8243;\"}]},{\"@type\":\"WebSite\",\"@id\":\"https:\\\/\\\/continent.lv\\\/#website\",\"url\":\"https:\\\/\\\/continent.lv\\\/\",\"name\":\"Continent.lv\",\"description\":\"Sadz\u012bves pre\u010du internetveikals\",\"publisher\":{\"@id\":\"https:\\\/\\\/continent.lv\\\/#organization\"},\"potentialAction\":[{\"@type\":\"SearchAction\",\"target\":{\"@type\":\"EntryPoint\",\"urlTemplate\":\"https:\\\/\\\/continent.lv\\\/?s={search_term_string}\"},\"query-input\":{\"@type\":\"PropertyValueSpecification\",\"valueRequired\":true,\"valueName\":\"search_term_string\"}}],\"inLanguage\":\"ru-RU\"},{\"@type\":\"Organization\",\"@id\":\"https:\\\/\\\/continent.lv\\\/#organization\",\"name\":\"Continent.lv\",\"url\":\"https:\\\/\\\/continent.lv\\\/\",\"logo\":{\"@type\":\"ImageObject\",\"inLanguage\":\"ru-RU\",\"@id\":\"https:\\\/\\\/continent.lv\\\/#\\\/schema\\\/logo\\\/image\\\/\",\"url\":\"https:\\\/\\\/continent.lv\\\/wp-content\\\/uploads\\\/2026\\\/05\\\/logo_continent_5nwv-jh.jpg\",\"contentUrl\":\"https:\\\/\\\/continent.lv\\\/wp-content\\\/uploads\\\/2026\\\/05\\\/logo_continent_5nwv-jh.jpg\",\"width\":221,\"height\":50,\"caption\":\"Continent.lv\"},\"image\":{\"@id\":\"https:\\\/\\\/continent.lv\\\/#\\\/schema\\\/logo\\\/image\\\/\"}}]}<\/script>\n<!-- \/ Yoast SEO plugin. -->","yoast_head_json":{"title":"BARKAN E410+.B 32\"-90\" - Continent.lv","robots":{"index":"index","follow":"follow","max-snippet":"max-snippet:-1","max-image-preview":"max-image-preview:large","max-video-preview":"max-video-preview:-1"},"canonical":"https:\/\/continent.lv\/ru\/product\/barkan-e410-b-32-90\/","og_locale":"ru_RU","og_type":"article","og_title":"BARKAN E410+.B 32\"-90\" - Continent.lv","og_description":"Ra\u017eot\u0101js Barkan Minim\u0101l\u0101 ekr\u0101na diagon\u0101le 32Maksim\u0101l\u0101 ekr\u0101na diagon\u0101le 90Tips Sienas stiprin\u0101jums ar main\u0101mu sl\u012bpumuMaksim\u0101lais svars, kg 60Att\u0101lums no sienas, cm 8.1SvarsBruto svars (kg) 10","og_url":"https:\/\/continent.lv\/ru\/product\/barkan-e410-b-32-90\/","og_site_name":"Continent.lv","og_image":[{"width":280,"height":280,"url":"https:\/\/continent.lv\/wp-content\/uploads\/2026\/05\/E_410_B-1.jpg","type":"image\/jpeg"}],"twitter_card":"summary_large_image","schema":{"@context":"https:\/\/schema.org","@graph":[{"@type":"WebPage","@id":"https:\/\/continent.lv\/product\/barkan-e410-b-32-90\/","url":"https:\/\/continent.lv\/product\/barkan-e410-b-32-90\/","name":"BARKAN E410+.B 32\"-90\" - Continent.lv","isPartOf":{"@id":"https:\/\/continent.lv\/#website"},"primaryImageOfPage":{"@id":"https:\/\/continent.lv\/product\/barkan-e410-b-32-90\/#primaryimage"},"image":{"@id":"https:\/\/continent.lv\/product\/barkan-e410-b-32-90\/#primaryimage"},"thumbnailUrl":"https:\/\/continent.lv\/wp-content\/uploads\/2026\/05\/E_410_B-1.jpg","datePublished":"2026-05-01T00:22:41+00:00","breadcrumb":{"@id":"https:\/\/continent.lv\/product\/barkan-e410-b-32-90\/#breadcrumb"},"inLanguage":"ru-RU","potentialAction":[{"@type":"ReadAction","target":["https:\/\/continent.lv\/product\/barkan-e410-b-32-90\/"]}]},{"@type":"ImageObject","inLanguage":"ru-RU","@id":"https:\/\/continent.lv\/product\/barkan-e410-b-32-90\/#primaryimage","url":"https:\/\/continent.lv\/wp-content\/uploads\/2026\/05\/E_410_B-1.jpg","contentUrl":"https:\/\/continent.lv\/wp-content\/uploads\/2026\/05\/E_410_B-1.jpg","width":280,"height":280},{"@type":"BreadcrumbList","@id":"https:\/\/continent.lv\/product\/barkan-e410-b-32-90\/#breadcrumb","itemListElement":[{"@type":"ListItem","position":1,"name":"Home","item":"https:\/\/continent.lv\/"},{"@type":"ListItem","position":2,"name":"Veikals","item":"https:\/\/continent.lv\/shop\/"},{"@type":"ListItem","position":3,"name":"BARKAN E410+.B 32&#8243;-90&#8243;"}]},{"@type":"WebSite","@id":"https:\/\/continent.lv\/#website","url":"https:\/\/continent.lv\/","name":"Continent.lv","description":"Sadz\u012bves pre\u010du internetveikals","publisher":{"@id":"https:\/\/continent.lv\/#organization"},"potentialAction":[{"@type":"SearchAction","target":{"@type":"EntryPoint","urlTemplate":"https:\/\/continent.lv\/?s={search_term_string}"},"query-input":{"@type":"PropertyValueSpecification","valueRequired":true,"valueName":"search_term_string"}}],"inLanguage":"ru-RU"},{"@type":"Organization","@id":"https:\/\/continent.lv\/#organization","name":"Continent.lv","url":"https:\/\/continent.lv\/","logo":{"@type":"ImageObject","inLanguage":"ru-RU","@id":"https:\/\/continent.lv\/#\/schema\/logo\/image\/","url":"https:\/\/continent.lv\/wp-content\/uploads\/2026\/05\/logo_continent_5nwv-jh.jpg","contentUrl":"https:\/\/continent.lv\/wp-content\/uploads\/2026\/05\/logo_continent_5nwv-jh.jpg","width":221,"height":50,"caption":"Continent.lv"},"image":{"@id":"https:\/\/continent.lv\/#\/schema\/logo\/image\/"}}]}},"_links":{"self":[{"href":"https:\/\/continent.lv\/ru\/wp-json\/wp\/v2\/product\/29504","targetHints":{"allow":["GET"]}}],"collection":[{"href":"https:\/\/continent.lv\/ru\/wp-json\/wp\/v2\/product"}],"about":[{"href":"https:\/\/continent.lv\/ru\/wp-json\/wp\/v2\/types\/product"}],"replies":[{"embeddable":true,"href":"https:\/\/continent.lv\/ru\/wp-json\/wp\/v2\/comments?post=29504"}],"wp:featuredmedia":[{"embeddable":true,"href":"https:\/\/continent.lv\/ru\/wp-json\/wp\/v2\/media\/29502"}],"wp:attachment":[{"href":"https:\/\/continent.lv\/ru\/wp-json\/wp\/v2\/media?parent=29504"}],"wp:term":[{"taxonomy":"product_brand","embeddable":true,"href":"https:\/\/continent.lv\/ru\/wp-json\/wp\/v2\/product_brand?post=29504"},{"taxonomy":"product_cat","embeddable":true,"href":"https:\/\/continent.lv\/ru\/wp-json\/wp\/v2\/product_cat?post=29504"},{"taxonomy":"product_tag","embeddable":true,"href":"https:\/\/continent.lv\/ru\/wp-json\/wp\/v2\/product_tag?post=29504"}],"curies":[{"name":"wp","href":"https:\/\/api.w.org\/{rel}","templated":true}]}}