{"id":29441,"date":"2026-05-01T00:21:37","date_gmt":"2026-05-01T00:21:37","guid":{"rendered":"https:\/\/continent.lv\/product\/whirlpool-wfc3c33fx-60cm-wfc-3c33-fx\/"},"modified":"2026-05-01T00:21:37","modified_gmt":"2026-05-01T00:21:37","slug":"whirlpool-wfc3c33fx-60cm-wfc-3c33-fx","status":"publish","type":"product","link":"https:\/\/continent.lv\/ru\/product\/whirlpool-wfc3c33fx-60cm-wfc-3c33-fx\/","title":{"rendered":"Whirlpool WFC3C33FX 60 \u0441\u043c (WFC 3C33 FX)"},"content":{"rendered":"<p><\/p>\n<p>\u0411\u0440\u0435\u043d\u0434 Whirlpool<\/p>\n<p>\u041a\u043e\u0434 \u043f\u0440\u043e\u0434\u0443\u043a\u0442\u0430 859991613530<br \/>\u0420\u0430\u0437\u043c\u0435\u0440 60 \u0441\u043c \u0448\u0438\u0440\u0438\u043d\u0430<br \/>\u0426\u0432\u0435\u0442 \u041d\u0435\u0440\u0436\u0430\u0432\u0435\u044e\u0449\u0430\u044f \u0441\u0442\u0430\u043b\u044c<br \/>EAN 8003437612800<br \/>\u041d\u043e\u0432\u0430\u044f \u044d\u043d\u0435\u0440\u0433\u0435\u0442\u0438\u0447\u0435\u0441\u043a\u0430\u044f \u043c\u0430\u0440\u043a\u0438\u0440\u043e\u0432\u043a\u0430 \u0441 2021 \u0433\u043e\u0434\u0430<br \/>\u041a\u043b\u0430\u0441\u0441 \u044d\u043d\u0435\u0440\u0433\u043e\u044d\u0444\u0444\u0435\u043a\u0442\u0438\u0432\u043d\u043e\u0441\u0442\u0438 (2021) D<br \/>\u041f\u043e\u0442\u0440\u0435\u0431\u043b\u0435\u043d\u0438\u0435 \u044d\u043b\u0435\u043a\u0442\u0440\u043e\u044d\u043d\u0435\u0440\u0433\u0438\u0438 \u0437\u0430 100 \u0446\u0438\u043a\u043b\u043e\u0432 \u0441\u0442\u0438\u0440\u043a\u0438 85 \u043a\u0412\u0442\u00b7\u0447<br \/>\u041a\u043e\u043b\u0438\u0447\u0435\u0441\u0442\u0432\u043e \u043a\u043e\u043c\u043f\u043b\u0435\u043a\u0442\u043e\u0432 \u043f\u043e\u0441\u0443\u0434\u044b 14<br \/>\u041f\u043e\u0442\u0440\u0435\u0431\u043b\u0435\u043d\u0438\u0435 \u0432\u043e\u0434\u044b \u0437\u0430 \u0446\u0438\u043a\u043b 9,5 \u043b<br \/>\u0414\u043b\u0438\u0442\u0435\u043b\u044c\u043d\u043e\u0441\u0442\u044c \u044d\u043a\u043e\u043d\u043e\u043c\u0438\u0447\u043d\u043e\u0439 \u043f\u0440\u043e\u0433\u0440\u0430\u043c\u043c\u044b (\u0447\u0430\u0441\u044b : \u043c\u0438\u043d\u0443\u0442\u044b) 3:10<br \/>\u0423\u0440\u043e\u0432\u0435\u043d\u044c \u0448\u0443\u043c\u0430 43 \u0434\u0411<br \/>\u041a\u043b\u0430\u0441\u0441 \u0430\u043a\u0443\u0441\u0442\u0438\u0447\u0435\u0441\u043a\u043e\u0439 \u044d\u043c\u0438\u0441\u0441\u0438\u0438 \u0448\u0443\u043c\u0430 B<br \/>\u0420\u0430\u0437\u043c\u0435\u0440\u044b, \u0432\u0435\u0441<br \/>\u0412\u044b\u0441\u043e\u0442\u0430 85 \u0441\u043c<br \/>\u0428\u0438\u0440\u0438\u043d\u0430 60 \u0441\u043c<br \/>\u0413\u043b\u0443\u0431\u0438\u043d\u0430 59 \u0441\u043c<br \/>\u0412\u0435\u0441 47 \u043a\u0433<br \/>\u0412\u0435\u0441 \u0441 \u0443\u043f\u0430\u043a\u043e\u0432\u043a\u043e\u0439 49 \u043a\u0433<br \/>\u0423\u043f\u0440\u0430\u0432\u043b\u0435\u043d\u0438\u0435<br \/>\u0423\u043f\u0440\u0430\u0432\u043b\u0435\u043d\u0438\u0435 \u042d\u043b\u0435\u043a\u0442\u0440\u043e\u043d\u043d\u043e\u0435<br \/>\u0414\u0440\u0443\u0433\u0438\u0435 \u043f\u0430\u0440\u0430\u043c\u0435\u0442\u0440\u044b<br \/>\u041a\u043e\u043b\u0438\u0447\u0435\u0441\u0442\u0432\u043e \u043f\u0440\u043e\u0433\u0440\u0430\u043c\u043c 8<br \/>\u041a\u043e\u043b\u0438\u0447\u0435\u0441\u0442\u0432\u043e \u0442\u0435\u043c\u043f\u0435\u0440\u0430\u0442\u0443\u0440 4<br \/>\u0422\u0430\u0439\u043c\u0435\u0440 \u043e\u0442\u043b\u043e\u0436\u0435\u043d\u043d\u043e\u0433\u043e \u0441\u0442\u0430\u0440\u0442\u0430 \u0415\u0441\u0442\u044c<br \/>\u0418\u043d\u0434\u0438\u043a\u0430\u0442\u043e\u0440 \u0441\u043e\u043b\u0438 \u0438 \u043e\u043f\u043e\u043b\u0430\u0441\u043a\u0438\u0432\u0430\u0442\u0435\u043b\u044f \u0415\u0441\u0442\u044c<\/p>\n<div><\/div>","protected":false},"excerpt":{"rendered":"<p>Pre\u010du z\u012bme Whirlpool Produkta kods 859991613530Izm\u0113rs 60 cm platumsKr\u0101sa Ner\u016bs\u0113jo\u0161a t\u0113raudaEAN 8003437612800Jaunais energomar\u0137\u0113jums no 2021.gadaEnergoefektivit\u0101tes klase (2021) DElektroener\u0123ijas pat\u0113ri\u0146\u0161 100 mazg\u0101\u0161anas ciklos 85 kWhTrauku komplektu skaits 14\u016adens pat\u0113ri\u0146\u0161 vien\u0101 mazg\u0101\u0161anas cikl\u0101 9.5 lEkonomisk\u0101s programmas ilgums (stundas : min\u016btes) 3:10Trok\u0161\u0146a l\u012bmenis 43 dBAkustisk\u0101 trok\u0161\u0146a emisijas klase BIzm\u0113ri, svarsAugstums 85 cmPlatums 60 cmDzi\u013cums 59 cmSvars 47 kgSvars [&hellip;]<\/p>\n","protected":false},"featured_media":29439,"comment_status":"open","ping_status":"closed","template":"","meta":{"_joinchat":[]},"product_brand":[286],"product_cat":[324],"product_tag":[],"class_list":{"0":"post-29441","1":"product","2":"type-product","3":"status-publish","4":"has-post-thumbnail","6":"product_brand-whirlpool","7":"product_cat-sadzives-tehnika-trauku-masinas","9":"first","10":"instock","11":"shipping-taxable","12":"purchasable","13":"product-type-simple"},"yoast_head":"<!-- This site is optimized with the Yoast SEO plugin v27.5 - https:\/\/yoast.com\/product\/yoast-seo-wordpress\/ -->\n<title>Whirlpool WFC3C33FX 60cm (WFC 3C33 FX) - Continent.lv<\/title>\n<meta name=\"robots\" content=\"index, follow, max-snippet:-1, max-image-preview:large, max-video-preview:-1\" \/>\n<link rel=\"canonical\" href=\"https:\/\/continent.lv\/ru\/product\/whirlpool-wfc3c33fx-60cm-wfc-3c33-fx\/\" \/>\n<meta property=\"og:locale\" content=\"ru_RU\" \/>\n<meta property=\"og:type\" content=\"article\" \/>\n<meta property=\"og:title\" content=\"Whirlpool WFC3C33FX 60cm (WFC 3C33 FX) - Continent.lv\" \/>\n<meta property=\"og:description\" content=\"Pre\u010du z\u012bme Whirlpool Produkta kods 859991613530Izm\u0113rs 60 cm platumsKr\u0101sa Ner\u016bs\u0113jo\u0161a t\u0113raudaEAN 8003437612800Jaunais energomar\u0137\u0113jums no 2021.gadaEnergoefektivit\u0101tes klase (2021) DElektroener\u0123ijas pat\u0113ri\u0146\u0161 100 mazg\u0101\u0161anas ciklos 85 kWhTrauku komplektu skaits 14\u016adens pat\u0113ri\u0146\u0161 vien\u0101 mazg\u0101\u0161anas cikl\u0101 9.5 lEkonomisk\u0101s programmas ilgums (stundas : min\u016btes) 3:10Trok\u0161\u0146a l\u012bmenis 43 dBAkustisk\u0101 trok\u0161\u0146a emisijas klase BIzm\u0113ri, svarsAugstums 85 cmPlatums 60 cmDzi\u013cums 59 cmSvars 47 kgSvars [&hellip;]\" \/>\n<meta property=\"og:url\" content=\"https:\/\/continent.lv\/ru\/product\/whirlpool-wfc3c33fx-60cm-wfc-3c33-fx\/\" \/>\n<meta property=\"og:site_name\" content=\"Continent.lv\" \/>\n<meta property=\"og:image\" content=\"https:\/\/continent.lv\/wp-content\/uploads\/2026\/05\/WFC3C33FX.jpeg\" \/>\n\t<meta property=\"og:image:width\" content=\"280\" \/>\n\t<meta property=\"og:image:height\" content=\"317\" \/>\n\t<meta property=\"og:image:type\" content=\"image\/jpeg\" \/>\n<meta name=\"twitter:card\" content=\"summary_large_image\" \/>\n<script type=\"application\/ld+json\" class=\"yoast-schema-graph\">{\"@context\":\"https:\\\/\\\/schema.org\",\"@graph\":[{\"@type\":\"WebPage\",\"@id\":\"https:\\\/\\\/continent.lv\\\/product\\\/whirlpool-wfc3c33fx-60cm-wfc-3c33-fx\\\/\",\"url\":\"https:\\\/\\\/continent.lv\\\/product\\\/whirlpool-wfc3c33fx-60cm-wfc-3c33-fx\\\/\",\"name\":\"Whirlpool WFC3C33FX 60cm (WFC 3C33 FX) - Continent.lv\",\"isPartOf\":{\"@id\":\"https:\\\/\\\/continent.lv\\\/#website\"},\"primaryImageOfPage\":{\"@id\":\"https:\\\/\\\/continent.lv\\\/product\\\/whirlpool-wfc3c33fx-60cm-wfc-3c33-fx\\\/#primaryimage\"},\"image\":{\"@id\":\"https:\\\/\\\/continent.lv\\\/product\\\/whirlpool-wfc3c33fx-60cm-wfc-3c33-fx\\\/#primaryimage\"},\"thumbnailUrl\":\"https:\\\/\\\/continent.lv\\\/wp-content\\\/uploads\\\/2026\\\/05\\\/WFC3C33FX.jpeg\",\"datePublished\":\"2026-05-01T00:21:37+00:00\",\"breadcrumb\":{\"@id\":\"https:\\\/\\\/continent.lv\\\/product\\\/whirlpool-wfc3c33fx-60cm-wfc-3c33-fx\\\/#breadcrumb\"},\"inLanguage\":\"ru-RU\",\"potentialAction\":[{\"@type\":\"ReadAction\",\"target\":[\"https:\\\/\\\/continent.lv\\\/product\\\/whirlpool-wfc3c33fx-60cm-wfc-3c33-fx\\\/\"]}]},{\"@type\":\"ImageObject\",\"inLanguage\":\"ru-RU\",\"@id\":\"https:\\\/\\\/continent.lv\\\/product\\\/whirlpool-wfc3c33fx-60cm-wfc-3c33-fx\\\/#primaryimage\",\"url\":\"https:\\\/\\\/continent.lv\\\/wp-content\\\/uploads\\\/2026\\\/05\\\/WFC3C33FX.jpeg\",\"contentUrl\":\"https:\\\/\\\/continent.lv\\\/wp-content\\\/uploads\\\/2026\\\/05\\\/WFC3C33FX.jpeg\",\"width\":280,\"height\":317},{\"@type\":\"BreadcrumbList\",\"@id\":\"https:\\\/\\\/continent.lv\\\/product\\\/whirlpool-wfc3c33fx-60cm-wfc-3c33-fx\\\/#breadcrumb\",\"itemListElement\":[{\"@type\":\"ListItem\",\"position\":1,\"name\":\"Home\",\"item\":\"https:\\\/\\\/continent.lv\\\/\"},{\"@type\":\"ListItem\",\"position\":2,\"name\":\"Veikals\",\"item\":\"https:\\\/\\\/continent.lv\\\/shop\\\/\"},{\"@type\":\"ListItem\",\"position\":3,\"name\":\"Whirlpool WFC3C33FX 60cm (WFC 3C33 FX)\"}]},{\"@type\":\"WebSite\",\"@id\":\"https:\\\/\\\/continent.lv\\\/#website\",\"url\":\"https:\\\/\\\/continent.lv\\\/\",\"name\":\"Continent.lv\",\"description\":\"Sadz\u012bves pre\u010du internetveikals\",\"publisher\":{\"@id\":\"https:\\\/\\\/continent.lv\\\/#organization\"},\"potentialAction\":[{\"@type\":\"SearchAction\",\"target\":{\"@type\":\"EntryPoint\",\"urlTemplate\":\"https:\\\/\\\/continent.lv\\\/?s={search_term_string}\"},\"query-input\":{\"@type\":\"PropertyValueSpecification\",\"valueRequired\":true,\"valueName\":\"search_term_string\"}}],\"inLanguage\":\"ru-RU\"},{\"@type\":\"Organization\",\"@id\":\"https:\\\/\\\/continent.lv\\\/#organization\",\"name\":\"Continent.lv\",\"url\":\"https:\\\/\\\/continent.lv\\\/\",\"logo\":{\"@type\":\"ImageObject\",\"inLanguage\":\"ru-RU\",\"@id\":\"https:\\\/\\\/continent.lv\\\/#\\\/schema\\\/logo\\\/image\\\/\",\"url\":\"https:\\\/\\\/continent.lv\\\/wp-content\\\/uploads\\\/2026\\\/05\\\/logo_continent_5nwv-jh.jpg\",\"contentUrl\":\"https:\\\/\\\/continent.lv\\\/wp-content\\\/uploads\\\/2026\\\/05\\\/logo_continent_5nwv-jh.jpg\",\"width\":221,\"height\":50,\"caption\":\"Continent.lv\"},\"image\":{\"@id\":\"https:\\\/\\\/continent.lv\\\/#\\\/schema\\\/logo\\\/image\\\/\"}}]}<\/script>\n<!-- \/ Yoast SEO plugin. -->","yoast_head_json":{"title":"Whirlpool WFC3C33FX 60cm (WFC 3C33 FX) - Continent.lv","robots":{"index":"index","follow":"follow","max-snippet":"max-snippet:-1","max-image-preview":"max-image-preview:large","max-video-preview":"max-video-preview:-1"},"canonical":"https:\/\/continent.lv\/ru\/product\/whirlpool-wfc3c33fx-60cm-wfc-3c33-fx\/","og_locale":"ru_RU","og_type":"article","og_title":"Whirlpool WFC3C33FX 60cm (WFC 3C33 FX) - Continent.lv","og_description":"Pre\u010du z\u012bme Whirlpool Produkta kods 859991613530Izm\u0113rs 60 cm platumsKr\u0101sa Ner\u016bs\u0113jo\u0161a t\u0113raudaEAN 8003437612800Jaunais energomar\u0137\u0113jums no 2021.gadaEnergoefektivit\u0101tes klase (2021) DElektroener\u0123ijas pat\u0113ri\u0146\u0161 100 mazg\u0101\u0161anas ciklos 85 kWhTrauku komplektu skaits 14\u016adens pat\u0113ri\u0146\u0161 vien\u0101 mazg\u0101\u0161anas cikl\u0101 9.5 lEkonomisk\u0101s programmas ilgums (stundas : min\u016btes) 3:10Trok\u0161\u0146a l\u012bmenis 43 dBAkustisk\u0101 trok\u0161\u0146a emisijas klase BIzm\u0113ri, svarsAugstums 85 cmPlatums 60 cmDzi\u013cums 59 cmSvars 47 kgSvars [&hellip;]","og_url":"https:\/\/continent.lv\/ru\/product\/whirlpool-wfc3c33fx-60cm-wfc-3c33-fx\/","og_site_name":"Continent.lv","og_image":[{"width":280,"height":317,"url":"https:\/\/continent.lv\/wp-content\/uploads\/2026\/05\/WFC3C33FX.jpeg","type":"image\/jpeg"}],"twitter_card":"summary_large_image","schema":{"@context":"https:\/\/schema.org","@graph":[{"@type":"WebPage","@id":"https:\/\/continent.lv\/product\/whirlpool-wfc3c33fx-60cm-wfc-3c33-fx\/","url":"https:\/\/continent.lv\/product\/whirlpool-wfc3c33fx-60cm-wfc-3c33-fx\/","name":"Whirlpool WFC3C33FX 60cm (WFC 3C33 FX) - Continent.lv","isPartOf":{"@id":"https:\/\/continent.lv\/#website"},"primaryImageOfPage":{"@id":"https:\/\/continent.lv\/product\/whirlpool-wfc3c33fx-60cm-wfc-3c33-fx\/#primaryimage"},"image":{"@id":"https:\/\/continent.lv\/product\/whirlpool-wfc3c33fx-60cm-wfc-3c33-fx\/#primaryimage"},"thumbnailUrl":"https:\/\/continent.lv\/wp-content\/uploads\/2026\/05\/WFC3C33FX.jpeg","datePublished":"2026-05-01T00:21:37+00:00","breadcrumb":{"@id":"https:\/\/continent.lv\/product\/whirlpool-wfc3c33fx-60cm-wfc-3c33-fx\/#breadcrumb"},"inLanguage":"ru-RU","potentialAction":[{"@type":"ReadAction","target":["https:\/\/continent.lv\/product\/whirlpool-wfc3c33fx-60cm-wfc-3c33-fx\/"]}]},{"@type":"ImageObject","inLanguage":"ru-RU","@id":"https:\/\/continent.lv\/product\/whirlpool-wfc3c33fx-60cm-wfc-3c33-fx\/#primaryimage","url":"https:\/\/continent.lv\/wp-content\/uploads\/2026\/05\/WFC3C33FX.jpeg","contentUrl":"https:\/\/continent.lv\/wp-content\/uploads\/2026\/05\/WFC3C33FX.jpeg","width":280,"height":317},{"@type":"BreadcrumbList","@id":"https:\/\/continent.lv\/product\/whirlpool-wfc3c33fx-60cm-wfc-3c33-fx\/#breadcrumb","itemListElement":[{"@type":"ListItem","position":1,"name":"Home","item":"https:\/\/continent.lv\/"},{"@type":"ListItem","position":2,"name":"Veikals","item":"https:\/\/continent.lv\/shop\/"},{"@type":"ListItem","position":3,"name":"Whirlpool WFC3C33FX 60cm (WFC 3C33 FX)"}]},{"@type":"WebSite","@id":"https:\/\/continent.lv\/#website","url":"https:\/\/continent.lv\/","name":"Continent.lv","description":"Sadz\u012bves pre\u010du internetveikals","publisher":{"@id":"https:\/\/continent.lv\/#organization"},"potentialAction":[{"@type":"SearchAction","target":{"@type":"EntryPoint","urlTemplate":"https:\/\/continent.lv\/?s={search_term_string}"},"query-input":{"@type":"PropertyValueSpecification","valueRequired":true,"valueName":"search_term_string"}}],"inLanguage":"ru-RU"},{"@type":"Organization","@id":"https:\/\/continent.lv\/#organization","name":"Continent.lv","url":"https:\/\/continent.lv\/","logo":{"@type":"ImageObject","inLanguage":"ru-RU","@id":"https:\/\/continent.lv\/#\/schema\/logo\/image\/","url":"https:\/\/continent.lv\/wp-content\/uploads\/2026\/05\/logo_continent_5nwv-jh.jpg","contentUrl":"https:\/\/continent.lv\/wp-content\/uploads\/2026\/05\/logo_continent_5nwv-jh.jpg","width":221,"height":50,"caption":"Continent.lv"},"image":{"@id":"https:\/\/continent.lv\/#\/schema\/logo\/image\/"}}]}},"_links":{"self":[{"href":"https:\/\/continent.lv\/ru\/wp-json\/wp\/v2\/product\/29441","targetHints":{"allow":["GET"]}}],"collection":[{"href":"https:\/\/continent.lv\/ru\/wp-json\/wp\/v2\/product"}],"about":[{"href":"https:\/\/continent.lv\/ru\/wp-json\/wp\/v2\/types\/product"}],"replies":[{"embeddable":true,"href":"https:\/\/continent.lv\/ru\/wp-json\/wp\/v2\/comments?post=29441"}],"wp:featuredmedia":[{"embeddable":true,"href":"https:\/\/continent.lv\/ru\/wp-json\/wp\/v2\/media\/29439"}],"wp:attachment":[{"href":"https:\/\/continent.lv\/ru\/wp-json\/wp\/v2\/media?parent=29441"}],"wp:term":[{"taxonomy":"product_brand","embeddable":true,"href":"https:\/\/continent.lv\/ru\/wp-json\/wp\/v2\/product_brand?post=29441"},{"taxonomy":"product_cat","embeddable":true,"href":"https:\/\/continent.lv\/ru\/wp-json\/wp\/v2\/product_cat?post=29441"},{"taxonomy":"product_tag","embeddable":true,"href":"https:\/\/continent.lv\/ru\/wp-json\/wp\/v2\/product_tag?post=29441"}],"curies":[{"name":"wp","href":"https:\/\/api.w.org\/{rel}","templated":true}]}}