{"id":29298,"date":"2026-05-01T00:18:24","date_gmt":"2026-05-01T00:18:24","guid":{"rendered":"https:\/\/continent.lv\/product\/gorenje-gv16d5-60cm\/"},"modified":"2026-05-01T00:18:24","modified_gmt":"2026-05-01T00:18:24","slug":"gorenje-gv16d5-60cm","status":"publish","type":"product","link":"https:\/\/continent.lv\/ru\/product\/gorenje-gv16d5-60cm\/","title":{"rendered":"Gorenje GV16D5 60 \u0441\u043c"},"content":{"rendered":"<p><\/p>\n<p>Produkta veids\u00a0 \u00a0 \u00a0Trauku ma\u0161\u012bnas<\/p>\n<p>Z\u012bmols\u00a0 \u00a0 \u00a0Gorenje<br \/>Modelis\u00a0 \u00a0 \u00a0GV16D5<br \/>Trauku mazg\u0101jam\u0101s ma\u0161\u012bnas tips\u00a0 \u00a0 \u00a0Ieb\u016bv\u0113jams<br \/>Platums\u00a0 \u00a0 \u00a059.8 cm<br \/>Dzi\u013cums\u00a0 \u00a0 \u00a055.5 cm<br \/>Augstums\u00a0 \u00a0 \u00a081.6 cm<br \/>Svars\u00a0 \u00a0 \u00a031.5 kg<br \/>Panelis komplekt\u0101\u00a0 \u00a0 \u00a0N\u0113<br \/>Trauku mazg\u0101jam\u0101 ma\u0161\u012bna ar apdari\u00a0 \u00a0 \u00a0N\u0113<br \/>\u042d\u043d\u0435\u0440\u0433\u043e\u043f\u043e\u0442\u0440\u0435\u0431\u043b\u0435\u043d\u0438\u0435 \u0438 \u0440\u0430\u0441\u0445\u043e\u0434 \u0432\u043e\u0434\u044b<br \/>Trauku skaits komplekt\u0101\u00a0 \u00a0 16<br \/>Energoefektivit\u0101tes klase\u00a0 \u00a0 D<br \/>Energoefektivit\u0101tes kla\u0161u skala\u00a0 \u00a0 \u00a0A \u2013 G<br \/>\u016adens pat\u0113ri\u0146\u0161 cikl\u0101\u00a0 \u00a0 \u00a010.9 l<br \/>Trok\u0161\u0146a klase\u00a0 \u00a0 \u00a0B<br \/>Programmas \u201ceco\u201d ener\u0123ijas pat\u0113ri\u0146\u0161 (EPEC) uz 100 cikliem\u00a0 \u00a0 \u00a085 kWh<br \/>Programmas \u201ceco\u201d trauku skaits komplekt\u0101\u00a0 \u00a0 \u00a016<br \/>Programmas \u201ceco\u201d ilgums\u00a0 \u00a0 \u00a0175 min<br \/>Ener\u0123ijas pat\u0113ri\u0146\u0161 vien\u0101 cikl\u0101\u00a0 \u00a0 \u00a00.85 kWh<br \/>\u0423\u043f\u0440\u0430\u0432\u043b\u0435\u043d\u0438\u0435<br \/>Ekr\u0101ns\u00a0 \u00a0 J\u0101<br \/>Vad\u012bba\u00a0 \u00a0 Elektroniska<br \/>\u041f\u0440\u043e\u0433\u0440\u0430\u043c\u043c\u044b \u0438 \u0444\u0443\u043d\u043a\u0446\u0438\u0438<br \/>Programmu skaits\u00a0 \u00a0 6<br \/>Indikatori\u00a0 \u00a0 Skalo\u0161anas indikators, S\u0101ls indikators<br \/>Darbar\u012bku atvilktnes\u00a0 \u00a0 \u00a0J\u0101<br \/>Programma starta atlik\u0161anai\u00a0 \u00a0 J\u0101<br \/>Aizsardz\u012bba pret \u016bdens nopl\u016bdi\u00a0 \u00a0 J\u0101<br \/>Regul\u0113jams augstums\u00a0 \u00a0 \u00a0J\u0101<br \/>\u0414\u043e\u043f\u043e\u043b\u043d\u0438\u0442\u0435\u043b\u044c\u043d\u043e<br \/>Trok\u0161\u0146a l\u012bmenis\u00a0 \u00a0 44 dB\u00a0<\/p><\/p>","protected":false},"excerpt":{"rendered":"<p>Produkta veids\u00a0 \u00a0 \u00a0Trauku ma\u0161\u012bnas Z\u012bmols\u00a0 \u00a0 \u00a0GorenjeModelis\u00a0 \u00a0 \u00a0GV16D5Trauku mazg\u0101jam\u0101s ma\u0161\u012bnas tips\u00a0 \u00a0 \u00a0Ieb\u016bv\u0113jamsPlatums\u00a0 \u00a0 \u00a059.8 cmDzi\u013cums\u00a0 \u00a0 \u00a055.5 cmAugstums\u00a0 \u00a0 \u00a081.6 cmSvars\u00a0 \u00a0 \u00a031.5 kgPanelis komplekt\u0101\u00a0 \u00a0 \u00a0N\u0113Trauku mazg\u0101jam\u0101 ma\u0161\u012bna ar apdari\u00a0 \u00a0 \u00a0N\u0113Ener\u0123ijas un \u016bdens pat\u0113ri\u0146\u0161Trauku skaits komplekt\u0101\u00a0 \u00a0 16Energoefektivit\u0101tes klase\u00a0 \u00a0 DEnergoefektivit\u0101tes kla\u0161u skala\u00a0 \u00a0 \u00a0A \u2013 G\u016adens pat\u0113ri\u0146\u0161 cikl\u0101\u00a0 \u00a0 [&hellip;]<\/p>\n","protected":false},"featured_media":29289,"comment_status":"open","ping_status":"closed","template":"","meta":{"_joinchat":[]},"product_brand":[271],"product_cat":[280],"product_tag":[],"class_list":{"0":"post-29298","1":"product","2":"type-product","3":"status-publish","4":"has-post-thumbnail","6":"product_brand-gorenje","7":"product_cat-iebuvejama-sadzives-tehnika-iebuvejamas-trauku-mazgajamas-masinas","9":"first","10":"instock","11":"shipping-taxable","12":"purchasable","13":"product-type-simple"},"yoast_head":"<!-- This site is optimized with the Yoast SEO plugin v27.5 - https:\/\/yoast.com\/product\/yoast-seo-wordpress\/ -->\n<title>Gorenje GV16D5 60cm - Continent.lv<\/title>\n<meta name=\"robots\" content=\"index, follow, max-snippet:-1, max-image-preview:large, max-video-preview:-1\" \/>\n<link rel=\"canonical\" href=\"https:\/\/continent.lv\/ru\/product\/gorenje-gv16d5-60cm\/\" \/>\n<meta property=\"og:locale\" content=\"ru_RU\" \/>\n<meta property=\"og:type\" content=\"article\" \/>\n<meta property=\"og:title\" content=\"Gorenje GV16D5 60cm - Continent.lv\" \/>\n<meta property=\"og:description\" content=\"Produkta veids\u00a0 \u00a0 \u00a0Trauku ma\u0161\u012bnas Z\u012bmols\u00a0 \u00a0 \u00a0GorenjeModelis\u00a0 \u00a0 \u00a0GV16D5Trauku mazg\u0101jam\u0101s ma\u0161\u012bnas tips\u00a0 \u00a0 \u00a0Ieb\u016bv\u0113jamsPlatums\u00a0 \u00a0 \u00a059.8 cmDzi\u013cums\u00a0 \u00a0 \u00a055.5 cmAugstums\u00a0 \u00a0 \u00a081.6 cmSvars\u00a0 \u00a0 \u00a031.5 kgPanelis komplekt\u0101\u00a0 \u00a0 \u00a0N\u0113Trauku mazg\u0101jam\u0101 ma\u0161\u012bna ar apdari\u00a0 \u00a0 \u00a0N\u0113Ener\u0123ijas un \u016bdens pat\u0113ri\u0146\u0161Trauku skaits komplekt\u0101\u00a0 \u00a0 16Energoefektivit\u0101tes klase\u00a0 \u00a0 DEnergoefektivit\u0101tes kla\u0161u skala\u00a0 \u00a0 \u00a0A \u2013 G\u016adens pat\u0113ri\u0146\u0161 cikl\u0101\u00a0 \u00a0 [&hellip;]\" \/>\n<meta property=\"og:url\" content=\"https:\/\/continent.lv\/ru\/product\/gorenje-gv16d5-60cm\/\" \/>\n<meta property=\"og:site_name\" content=\"Continent.lv\" \/>\n<meta property=\"og:image\" content=\"https:\/\/continent.lv\/wp-content\/uploads\/2026\/05\/31_n7b6-yz.png\" \/>\n\t<meta property=\"og:image:width\" content=\"2000\" \/>\n\t<meta property=\"og:image:height\" content=\"2000\" \/>\n\t<meta property=\"og:image:type\" content=\"image\/png\" \/>\n<meta name=\"twitter:card\" content=\"summary_large_image\" \/>\n<meta name=\"twitter:label1\" content=\"\u041f\u0440\u0438\u043c\u0435\u0440\u043d\u043e\u0435 \u0432\u0440\u0435\u043c\u044f \u0434\u043b\u044f \u0447\u0442\u0435\u043d\u0438\u044f\" \/>\n\t<meta name=\"twitter:data1\" content=\"1 \u043c\u0438\u043d\u0443\u0442\u0430\" \/>\n<script type=\"application\/ld+json\" class=\"yoast-schema-graph\">{\"@context\":\"https:\\\/\\\/schema.org\",\"@graph\":[{\"@type\":\"WebPage\",\"@id\":\"https:\\\/\\\/continent.lv\\\/product\\\/gorenje-gv16d5-60cm\\\/\",\"url\":\"https:\\\/\\\/continent.lv\\\/product\\\/gorenje-gv16d5-60cm\\\/\",\"name\":\"Gorenje GV16D5 60cm - Continent.lv\",\"isPartOf\":{\"@id\":\"https:\\\/\\\/continent.lv\\\/#website\"},\"primaryImageOfPage\":{\"@id\":\"https:\\\/\\\/continent.lv\\\/product\\\/gorenje-gv16d5-60cm\\\/#primaryimage\"},\"image\":{\"@id\":\"https:\\\/\\\/continent.lv\\\/product\\\/gorenje-gv16d5-60cm\\\/#primaryimage\"},\"thumbnailUrl\":\"https:\\\/\\\/continent.lv\\\/wp-content\\\/uploads\\\/2026\\\/05\\\/31_n7b6-yz.png\",\"datePublished\":\"2026-05-01T00:18:24+00:00\",\"breadcrumb\":{\"@id\":\"https:\\\/\\\/continent.lv\\\/product\\\/gorenje-gv16d5-60cm\\\/#breadcrumb\"},\"inLanguage\":\"ru-RU\",\"potentialAction\":[{\"@type\":\"ReadAction\",\"target\":[\"https:\\\/\\\/continent.lv\\\/product\\\/gorenje-gv16d5-60cm\\\/\"]}]},{\"@type\":\"ImageObject\",\"inLanguage\":\"ru-RU\",\"@id\":\"https:\\\/\\\/continent.lv\\\/product\\\/gorenje-gv16d5-60cm\\\/#primaryimage\",\"url\":\"https:\\\/\\\/continent.lv\\\/wp-content\\\/uploads\\\/2026\\\/05\\\/31_n7b6-yz.png\",\"contentUrl\":\"https:\\\/\\\/continent.lv\\\/wp-content\\\/uploads\\\/2026\\\/05\\\/31_n7b6-yz.png\",\"width\":2000,\"height\":2000},{\"@type\":\"BreadcrumbList\",\"@id\":\"https:\\\/\\\/continent.lv\\\/product\\\/gorenje-gv16d5-60cm\\\/#breadcrumb\",\"itemListElement\":[{\"@type\":\"ListItem\",\"position\":1,\"name\":\"Home\",\"item\":\"https:\\\/\\\/continent.lv\\\/\"},{\"@type\":\"ListItem\",\"position\":2,\"name\":\"Veikals\",\"item\":\"https:\\\/\\\/continent.lv\\\/shop\\\/\"},{\"@type\":\"ListItem\",\"position\":3,\"name\":\"Gorenje GV16D5 60cm\"}]},{\"@type\":\"WebSite\",\"@id\":\"https:\\\/\\\/continent.lv\\\/#website\",\"url\":\"https:\\\/\\\/continent.lv\\\/\",\"name\":\"Continent.lv\",\"description\":\"Sadz\u012bves pre\u010du internetveikals\",\"publisher\":{\"@id\":\"https:\\\/\\\/continent.lv\\\/#organization\"},\"potentialAction\":[{\"@type\":\"SearchAction\",\"target\":{\"@type\":\"EntryPoint\",\"urlTemplate\":\"https:\\\/\\\/continent.lv\\\/?s={search_term_string}\"},\"query-input\":{\"@type\":\"PropertyValueSpecification\",\"valueRequired\":true,\"valueName\":\"search_term_string\"}}],\"inLanguage\":\"ru-RU\"},{\"@type\":\"Organization\",\"@id\":\"https:\\\/\\\/continent.lv\\\/#organization\",\"name\":\"Continent.lv\",\"url\":\"https:\\\/\\\/continent.lv\\\/\",\"logo\":{\"@type\":\"ImageObject\",\"inLanguage\":\"ru-RU\",\"@id\":\"https:\\\/\\\/continent.lv\\\/#\\\/schema\\\/logo\\\/image\\\/\",\"url\":\"https:\\\/\\\/continent.lv\\\/wp-content\\\/uploads\\\/2026\\\/05\\\/logo_continent_5nwv-jh.jpg\",\"contentUrl\":\"https:\\\/\\\/continent.lv\\\/wp-content\\\/uploads\\\/2026\\\/05\\\/logo_continent_5nwv-jh.jpg\",\"width\":221,\"height\":50,\"caption\":\"Continent.lv\"},\"image\":{\"@id\":\"https:\\\/\\\/continent.lv\\\/#\\\/schema\\\/logo\\\/image\\\/\"}}]}<\/script>\n<!-- \/ Yoast SEO plugin. -->","yoast_head_json":{"title":"Gorenje GV16D5 60cm - Continent.lv","robots":{"index":"index","follow":"follow","max-snippet":"max-snippet:-1","max-image-preview":"max-image-preview:large","max-video-preview":"max-video-preview:-1"},"canonical":"https:\/\/continent.lv\/ru\/product\/gorenje-gv16d5-60cm\/","og_locale":"ru_RU","og_type":"article","og_title":"Gorenje GV16D5 60cm - Continent.lv","og_description":"Produkta veids\u00a0 \u00a0 \u00a0Trauku ma\u0161\u012bnas Z\u012bmols\u00a0 \u00a0 \u00a0GorenjeModelis\u00a0 \u00a0 \u00a0GV16D5Trauku mazg\u0101jam\u0101s ma\u0161\u012bnas tips\u00a0 \u00a0 \u00a0Ieb\u016bv\u0113jamsPlatums\u00a0 \u00a0 \u00a059.8 cmDzi\u013cums\u00a0 \u00a0 \u00a055.5 cmAugstums\u00a0 \u00a0 \u00a081.6 cmSvars\u00a0 \u00a0 \u00a031.5 kgPanelis komplekt\u0101\u00a0 \u00a0 \u00a0N\u0113Trauku mazg\u0101jam\u0101 ma\u0161\u012bna ar apdari\u00a0 \u00a0 \u00a0N\u0113Ener\u0123ijas un \u016bdens pat\u0113ri\u0146\u0161Trauku skaits komplekt\u0101\u00a0 \u00a0 16Energoefektivit\u0101tes klase\u00a0 \u00a0 DEnergoefektivit\u0101tes kla\u0161u skala\u00a0 \u00a0 \u00a0A \u2013 G\u016adens pat\u0113ri\u0146\u0161 cikl\u0101\u00a0 \u00a0 [&hellip;]","og_url":"https:\/\/continent.lv\/ru\/product\/gorenje-gv16d5-60cm\/","og_site_name":"Continent.lv","og_image":[{"width":2000,"height":2000,"url":"https:\/\/continent.lv\/wp-content\/uploads\/2026\/05\/31_n7b6-yz.png","type":"image\/png"}],"twitter_card":"summary_large_image","twitter_misc":{"\u041f\u0440\u0438\u043c\u0435\u0440\u043d\u043e\u0435 \u0432\u0440\u0435\u043c\u044f \u0434\u043b\u044f \u0447\u0442\u0435\u043d\u0438\u044f":"1 \u043c\u0438\u043d\u0443\u0442\u0430"},"schema":{"@context":"https:\/\/schema.org","@graph":[{"@type":"WebPage","@id":"https:\/\/continent.lv\/product\/gorenje-gv16d5-60cm\/","url":"https:\/\/continent.lv\/product\/gorenje-gv16d5-60cm\/","name":"Gorenje GV16D5 60cm - Continent.lv","isPartOf":{"@id":"https:\/\/continent.lv\/#website"},"primaryImageOfPage":{"@id":"https:\/\/continent.lv\/product\/gorenje-gv16d5-60cm\/#primaryimage"},"image":{"@id":"https:\/\/continent.lv\/product\/gorenje-gv16d5-60cm\/#primaryimage"},"thumbnailUrl":"https:\/\/continent.lv\/wp-content\/uploads\/2026\/05\/31_n7b6-yz.png","datePublished":"2026-05-01T00:18:24+00:00","breadcrumb":{"@id":"https:\/\/continent.lv\/product\/gorenje-gv16d5-60cm\/#breadcrumb"},"inLanguage":"ru-RU","potentialAction":[{"@type":"ReadAction","target":["https:\/\/continent.lv\/product\/gorenje-gv16d5-60cm\/"]}]},{"@type":"ImageObject","inLanguage":"ru-RU","@id":"https:\/\/continent.lv\/product\/gorenje-gv16d5-60cm\/#primaryimage","url":"https:\/\/continent.lv\/wp-content\/uploads\/2026\/05\/31_n7b6-yz.png","contentUrl":"https:\/\/continent.lv\/wp-content\/uploads\/2026\/05\/31_n7b6-yz.png","width":2000,"height":2000},{"@type":"BreadcrumbList","@id":"https:\/\/continent.lv\/product\/gorenje-gv16d5-60cm\/#breadcrumb","itemListElement":[{"@type":"ListItem","position":1,"name":"Home","item":"https:\/\/continent.lv\/"},{"@type":"ListItem","position":2,"name":"Veikals","item":"https:\/\/continent.lv\/shop\/"},{"@type":"ListItem","position":3,"name":"Gorenje GV16D5 60cm"}]},{"@type":"WebSite","@id":"https:\/\/continent.lv\/#website","url":"https:\/\/continent.lv\/","name":"Continent.lv","description":"Sadz\u012bves pre\u010du internetveikals","publisher":{"@id":"https:\/\/continent.lv\/#organization"},"potentialAction":[{"@type":"SearchAction","target":{"@type":"EntryPoint","urlTemplate":"https:\/\/continent.lv\/?s={search_term_string}"},"query-input":{"@type":"PropertyValueSpecification","valueRequired":true,"valueName":"search_term_string"}}],"inLanguage":"ru-RU"},{"@type":"Organization","@id":"https:\/\/continent.lv\/#organization","name":"Continent.lv","url":"https:\/\/continent.lv\/","logo":{"@type":"ImageObject","inLanguage":"ru-RU","@id":"https:\/\/continent.lv\/#\/schema\/logo\/image\/","url":"https:\/\/continent.lv\/wp-content\/uploads\/2026\/05\/logo_continent_5nwv-jh.jpg","contentUrl":"https:\/\/continent.lv\/wp-content\/uploads\/2026\/05\/logo_continent_5nwv-jh.jpg","width":221,"height":50,"caption":"Continent.lv"},"image":{"@id":"https:\/\/continent.lv\/#\/schema\/logo\/image\/"}}]}},"_links":{"self":[{"href":"https:\/\/continent.lv\/ru\/wp-json\/wp\/v2\/product\/29298","targetHints":{"allow":["GET"]}}],"collection":[{"href":"https:\/\/continent.lv\/ru\/wp-json\/wp\/v2\/product"}],"about":[{"href":"https:\/\/continent.lv\/ru\/wp-json\/wp\/v2\/types\/product"}],"replies":[{"embeddable":true,"href":"https:\/\/continent.lv\/ru\/wp-json\/wp\/v2\/comments?post=29298"}],"wp:featuredmedia":[{"embeddable":true,"href":"https:\/\/continent.lv\/ru\/wp-json\/wp\/v2\/media\/29289"}],"wp:attachment":[{"href":"https:\/\/continent.lv\/ru\/wp-json\/wp\/v2\/media?parent=29298"}],"wp:term":[{"taxonomy":"product_brand","embeddable":true,"href":"https:\/\/continent.lv\/ru\/wp-json\/wp\/v2\/product_brand?post=29298"},{"taxonomy":"product_cat","embeddable":true,"href":"https:\/\/continent.lv\/ru\/wp-json\/wp\/v2\/product_cat?post=29298"},{"taxonomy":"product_tag","embeddable":true,"href":"https:\/\/continent.lv\/ru\/wp-json\/wp\/v2\/product_tag?post=29298"}],"curies":[{"name":"wp","href":"https:\/\/api.w.org\/{rel}","templated":true}]}}