{"id":29137,"date":"2026-05-01T00:14:45","date_gmt":"2026-05-01T00:14:45","guid":{"rendered":"https:\/\/continent.lv\/product\/sony-k55xr55b-55-mini-led-google-tv\/"},"modified":"2026-05-01T00:14:45","modified_gmt":"2026-05-01T00:14:45","slug":"sony-k55xr55b-55-mini-led-google-tv","status":"publish","type":"product","link":"https:\/\/continent.lv\/ru\/product\/sony-k55xr55b-55-mini-led-google-tv\/","title":{"rendered":"Sony K55XR55B 55\" Mini LED Google TV"},"content":{"rendered":"<p>S\u0113rija:\u00a0 \u00a0 Sony Bravia XR\u00a0\u00a0<\/p>\n<p>Televizora tips:\u00a0 \u00a0 Mini LED\u00a0\u00a0<br \/>\u042d\u043a\u0440\u0430\u043d<br \/>Ekr\u0101na tips:\u00a0 \u00a0 Plakans (Flat)\u00a0 \u00a0<br \/>Ekr\u0101na izm\u0113rs (cm):\u00a0 \u00a0 139 cm\u00a0 \u00a0<br \/>Diagon\u0101le coll\u0101s:\u00a0 \u00a0 55\u2033\u00a0\u00a0<br \/>Atjauno\u0161anas frekvence:\u00a0 \u00a0 120 Hz\u00a0\u00a0<br \/>Ekr\u0101na iz\u0161\u0137irtsp\u0113ja:\u00a0 \u00a0 Ultra HD 4K (3840 x 2160)\u00a0\u00a0<br \/>High dynamic range (HDR):\u00a0 \u00a0 HDR10, HLG, Dolby Vision, XR Clear Image, XR Backlight Master Drive\u00a0 \u00a0<br \/>Micro Dimming:\u00a0 \u00a0 Ir, Local\u00a0 \u00a0<br \/>Picture-In-Picture:\u00a0 \u00a0 Viens uztv\u0113r\u0113js\u00a0 \u00a0<br \/>Apgaismojuma tehnolo\u0123ija:\u00a0 \u00a0 Nav\u00a0 \u00a0<br \/>Ambilight:\u00a0 \u00a0 Nav\u00a0 \u00a0<br \/>Apgaismojums:\u00a0 \u00a0 Mini LED\u00a0\u00a0<br \/>Att\u0113la procesors:\u00a0 \u00a0 XR 4K Upscalling, Dynamic Contrast Enhancer, XR TRILUMINOS PRO, XR Contrast Booster 10, VRR\u00a0 \u00a0<br \/>\u0424\u0443\u043d\u043a\u0446\u0438\u0438 Smart TV<br \/>Procesors:\u00a0 \u00a0 Cognitive Processor XR\u00a0 \u00a0<br \/>Smart TV tehnolo\u0123ija:\u00a0 \u00a0 Ir\u00a0\u00a0<br \/>Oper\u0113t\u0101jsist\u0113ma:\u00a0 \u00a0 GoogleTV (ATV 12.0)\u00a0 \u00a0<br \/>Miracast tehnolo\u0123ija:\u00a0 \u00a0 Ir, Airplay2\u00a0\u00a0<br \/>\u0423\u043f\u0440\u0430\u0432\u043b\u0435\u043d\u0438\u0435<br \/>T\u0101lvad\u012bbas pults:\u00a0 \u00a0 Standarta t\u0101lvad\u012bbas pults + Smart pults (Ieb\u016bv\u0113ts mikrofons)\u00a0 \u00a0<br \/>Vad\u012bba ar viedier\u012b\u010du pal\u012bdz\u012bbu:\u00a0 \u00a0 Ir\u00a0 \u00a0<br \/>Smart Remote Control:\u00a0 \u00a0 Ir komplekt\u0101 RMF-TX820U\u00a0 \u00a0<br \/>Balss vad\u012bba:\u00a0 \u00a0 Ir iesp\u0113ja lietot ar pulti\u00a0 \u00a0<br \/>\u0411\u0435\u0441\u043f\u0440\u043e\u0432\u043e\u0434\u043d\u044b\u0435 \u043f\u043e\u0434\u043a\u043b\u044e\u0447\u0435\u043d\u0438\u044f<br \/>Wi-Fi:\u00a0 \u00a0 Ir, ieb\u016bv\u0113ts\u00a0 \u00a0<br \/>Bluetooth:\u00a0 \u00a0 Ir\u00a0\u00a0<br \/>Bezvadu peles un tastat\u016bras piesl\u0113g\u0161ana:\u00a0 \u00a0 Ir\u00a0 \u00a0<br \/>\u041f\u043e\u0434\u043a\u043b\u044e\u0447\u0435\u043d\u0438\u044f<br \/>HDMI:\u00a0 \u00a0 4 (2.1 versija)\u00a0\u00a0<br \/>USB:\u00a0 \u00a0 2 (USB 2.0)\u00a0\u00a0<br \/>Audio sign\u0101la digit\u0101l\u0101 izeja:\u00a0 \u00a0 Optisk\u0101\u00a0 \u00a0<br \/>\u0426\u0438\u0444\u0440\u043e\u0432\u043e\u0439 \u0441\u0438\u0433\u043d\u0430\u043b<br \/>T\u016bneris:\u00a0 \u00a0 DVB-T \/ C \/ S2 \/ T2\u00a0 \u00a0<br \/>Video ierakst\u012b\u0161anas iesp\u0113ja:\u00a0 \u00a0 Ir\u00a0 \u00a0<br \/>\u0417\u0432\u0443\u043a<br \/>Ska\u0146as sist\u0113ma:\u00a0 \u00a0 DTS Digital Surround, Dolby Audio, Dolby Atmos, Acoustic Center Sync, Vertical Surround Engine, S-Force Front Surround, Voice Zoom 3\u00a0 \u00a0<br \/>Ska\u0146as jauda:\u00a0 \u00a0 10 W x 4\u00a0 \u00a0<br \/>\u041e\u0431\u0449\u0438\u0435 \u043f\u0430\u0440\u0430\u043c\u0435\u0442\u0440\u044b<br \/>Ener\u0123ijas pat\u0113ri\u0146a klase:\u00a0 \u00a0 E\u00a0\u00a0<br \/>Energopat\u0113ri\u0146\u0161 (1000 stundas):\u00a0 \u00a0 57 kWh\u00a0 \u00a0<br \/>VESA izm\u0113rs:\u00a0 \u00a0 300 x 300 mm\u00a0\u00a0<br \/>Stiprin\u0101jums komplekt\u0101:\u00a0 \u00a0 Nav\u00a0 \u00a0<br \/>Dizains:\u00a0 \u00a0 Flush Surface, 2way stand position\u00a0 \u00a0<br \/>Kr\u0101sa:\u00a0 \u00a0 Melna\u00a0 \u00a0<br \/>\u0420\u0430\u0437\u043c\u0435\u0440\u044b \u0438 \u0432\u0435\u0441<br \/>Izm\u0113ri bez stat\u012bva (PxAxD):\u00a0 \u00a0 1228 x 709 x 57 mm\u00a0 \u00a0<br \/>Izm\u0113ri kop\u0101 ar stat\u012bvu (PxAxD):\u00a0 \u00a0 1228 x 739 x 210 mm\u00a0 \u00a0<br \/>Svars bez stat\u012bva:\u00a0 \u00a0 17,7 kg\u00a0 \u00a0<br \/>Svars ar stat\u012bvu:\u00a0 \u00a0 18,8 kg\u00a0 \u00a0<\/p><\/p>","protected":false},"excerpt":{"rendered":"<p>S\u0113rija:\u00a0 \u00a0 Sony Bravia XR\u00a0\u00a0 Televizora tips:\u00a0 \u00a0 Mini LED\u00a0\u00a0Ekr\u0101nsEkr\u0101na tips:\u00a0 \u00a0 Plakans (Flat)\u00a0 \u00a0Ekr\u0101na izm\u0113rs (cm):\u00a0 \u00a0 139 cm\u00a0 \u00a0Diagon\u0101le coll\u0101s:\u00a0 \u00a0 55\u2033\u00a0\u00a0Atjauno\u0161anas frekvence:\u00a0 \u00a0 120 Hz\u00a0\u00a0Ekr\u0101na iz\u0161\u0137irtsp\u0113ja:\u00a0 \u00a0 Ultra HD 4K (3840 x 2160)\u00a0\u00a0High dynamic range (HDR):\u00a0 \u00a0 HDR10, HLG, Dolby Vision, XR Clear Image, XR Backlight Master Drive\u00a0 \u00a0Micro Dimming:\u00a0 \u00a0 Ir, [&hellip;]<\/p>\n","protected":false},"featured_media":29129,"comment_status":"open","ping_status":"closed","template":"","meta":{"_joinchat":[]},"product_brand":[],"product_cat":[294],"product_tag":[],"class_list":{"0":"post-29137","1":"product","2":"type-product","3":"status-publish","4":"has-post-thumbnail","6":"product_cat-tv-foto-video-audio-televizori-un-aksesuari-led-televizori","8":"first","9":"instock","10":"shipping-taxable","11":"purchasable","12":"product-type-simple"},"yoast_head":"<!-- This site is optimized with the Yoast SEO plugin v27.5 - https:\/\/yoast.com\/product\/yoast-seo-wordpress\/ -->\n<title>Sony K55XR55B 55&#039;&#039; Mini LED Google TV - Continent.lv<\/title>\n<meta name=\"robots\" content=\"index, follow, max-snippet:-1, max-image-preview:large, max-video-preview:-1\" \/>\n<link rel=\"canonical\" href=\"https:\/\/continent.lv\/ru\/product\/sony-k55xr55b-55-mini-led-google-tv\/\" \/>\n<meta property=\"og:locale\" content=\"ru_RU\" \/>\n<meta property=\"og:type\" content=\"article\" \/>\n<meta property=\"og:title\" content=\"Sony K55XR55B 55&#039;&#039; Mini LED Google TV - Continent.lv\" \/>\n<meta property=\"og:description\" content=\"S\u0113rija:\u00a0 \u00a0 Sony Bravia XR\u00a0\u00a0 Televizora tips:\u00a0 \u00a0 Mini LED\u00a0\u00a0Ekr\u0101nsEkr\u0101na tips:\u00a0 \u00a0 Plakans (Flat)\u00a0 \u00a0Ekr\u0101na izm\u0113rs (cm):\u00a0 \u00a0 139 cm\u00a0 \u00a0Diagon\u0101le coll\u0101s:\u00a0 \u00a0 55\u2033\u00a0\u00a0Atjauno\u0161anas frekvence:\u00a0 \u00a0 120 Hz\u00a0\u00a0Ekr\u0101na iz\u0161\u0137irtsp\u0113ja:\u00a0 \u00a0 Ultra HD 4K (3840 x 2160)\u00a0\u00a0High dynamic range (HDR):\u00a0 \u00a0 HDR10, HLG, Dolby Vision, XR Clear Image, XR Backlight Master Drive\u00a0 \u00a0Micro Dimming:\u00a0 \u00a0 Ir, [&hellip;]\" \/>\n<meta property=\"og:url\" content=\"https:\/\/continent.lv\/ru\/product\/sony-k55xr55b-55-mini-led-google-tv\/\" \/>\n<meta property=\"og:site_name\" content=\"Continent.lv\" \/>\n<meta property=\"og:image\" content=\"https:\/\/continent.lv\/wp-content\/uploads\/2026\/05\/21_4xkc-bv.jpeg\" \/>\n\t<meta property=\"og:image:width\" content=\"1920\" \/>\n\t<meta property=\"og:image:height\" content=\"1172\" \/>\n\t<meta property=\"og:image:type\" content=\"image\/jpeg\" \/>\n<meta name=\"twitter:card\" content=\"summary_large_image\" \/>\n<meta name=\"twitter:label1\" content=\"\u041f\u0440\u0438\u043c\u0435\u0440\u043d\u043e\u0435 \u0432\u0440\u0435\u043c\u044f \u0434\u043b\u044f \u0447\u0442\u0435\u043d\u0438\u044f\" \/>\n\t<meta name=\"twitter:data1\" content=\"2 \u043c\u0438\u043d\u0443\u0442\u044b\" \/>\n<script type=\"application\/ld+json\" class=\"yoast-schema-graph\">{\"@context\":\"https:\\\/\\\/schema.org\",\"@graph\":[{\"@type\":\"WebPage\",\"@id\":\"https:\\\/\\\/continent.lv\\\/product\\\/sony-k55xr55b-55-mini-led-google-tv\\\/\",\"url\":\"https:\\\/\\\/continent.lv\\\/product\\\/sony-k55xr55b-55-mini-led-google-tv\\\/\",\"name\":\"Sony K55XR55B 55'' Mini LED Google TV - Continent.lv\",\"isPartOf\":{\"@id\":\"https:\\\/\\\/continent.lv\\\/#website\"},\"primaryImageOfPage\":{\"@id\":\"https:\\\/\\\/continent.lv\\\/product\\\/sony-k55xr55b-55-mini-led-google-tv\\\/#primaryimage\"},\"image\":{\"@id\":\"https:\\\/\\\/continent.lv\\\/product\\\/sony-k55xr55b-55-mini-led-google-tv\\\/#primaryimage\"},\"thumbnailUrl\":\"https:\\\/\\\/continent.lv\\\/wp-content\\\/uploads\\\/2026\\\/05\\\/21_4xkc-bv.jpeg\",\"datePublished\":\"2026-05-01T00:14:45+00:00\",\"breadcrumb\":{\"@id\":\"https:\\\/\\\/continent.lv\\\/product\\\/sony-k55xr55b-55-mini-led-google-tv\\\/#breadcrumb\"},\"inLanguage\":\"ru-RU\",\"potentialAction\":[{\"@type\":\"ReadAction\",\"target\":[\"https:\\\/\\\/continent.lv\\\/product\\\/sony-k55xr55b-55-mini-led-google-tv\\\/\"]}]},{\"@type\":\"ImageObject\",\"inLanguage\":\"ru-RU\",\"@id\":\"https:\\\/\\\/continent.lv\\\/product\\\/sony-k55xr55b-55-mini-led-google-tv\\\/#primaryimage\",\"url\":\"https:\\\/\\\/continent.lv\\\/wp-content\\\/uploads\\\/2026\\\/05\\\/21_4xkc-bv.jpeg\",\"contentUrl\":\"https:\\\/\\\/continent.lv\\\/wp-content\\\/uploads\\\/2026\\\/05\\\/21_4xkc-bv.jpeg\",\"width\":1920,\"height\":1172},{\"@type\":\"BreadcrumbList\",\"@id\":\"https:\\\/\\\/continent.lv\\\/product\\\/sony-k55xr55b-55-mini-led-google-tv\\\/#breadcrumb\",\"itemListElement\":[{\"@type\":\"ListItem\",\"position\":1,\"name\":\"Home\",\"item\":\"https:\\\/\\\/continent.lv\\\/\"},{\"@type\":\"ListItem\",\"position\":2,\"name\":\"Veikals\",\"item\":\"https:\\\/\\\/continent.lv\\\/shop\\\/\"},{\"@type\":\"ListItem\",\"position\":3,\"name\":\"Sony K55XR55B 55&#8221; Mini LED Google TV\"}]},{\"@type\":\"WebSite\",\"@id\":\"https:\\\/\\\/continent.lv\\\/#website\",\"url\":\"https:\\\/\\\/continent.lv\\\/\",\"name\":\"Continent.lv\",\"description\":\"Sadz\u012bves pre\u010du internetveikals\",\"publisher\":{\"@id\":\"https:\\\/\\\/continent.lv\\\/#organization\"},\"potentialAction\":[{\"@type\":\"SearchAction\",\"target\":{\"@type\":\"EntryPoint\",\"urlTemplate\":\"https:\\\/\\\/continent.lv\\\/?s={search_term_string}\"},\"query-input\":{\"@type\":\"PropertyValueSpecification\",\"valueRequired\":true,\"valueName\":\"search_term_string\"}}],\"inLanguage\":\"ru-RU\"},{\"@type\":\"Organization\",\"@id\":\"https:\\\/\\\/continent.lv\\\/#organization\",\"name\":\"Continent.lv\",\"url\":\"https:\\\/\\\/continent.lv\\\/\",\"logo\":{\"@type\":\"ImageObject\",\"inLanguage\":\"ru-RU\",\"@id\":\"https:\\\/\\\/continent.lv\\\/#\\\/schema\\\/logo\\\/image\\\/\",\"url\":\"https:\\\/\\\/continent.lv\\\/wp-content\\\/uploads\\\/2026\\\/05\\\/logo_continent_5nwv-jh.jpg\",\"contentUrl\":\"https:\\\/\\\/continent.lv\\\/wp-content\\\/uploads\\\/2026\\\/05\\\/logo_continent_5nwv-jh.jpg\",\"width\":221,\"height\":50,\"caption\":\"Continent.lv\"},\"image\":{\"@id\":\"https:\\\/\\\/continent.lv\\\/#\\\/schema\\\/logo\\\/image\\\/\"}}]}<\/script>\n<!-- \/ Yoast SEO plugin. -->","yoast_head_json":{"title":"Sony K55XR55B 55'' Mini LED Google TV - Continent.lv","robots":{"index":"index","follow":"follow","max-snippet":"max-snippet:-1","max-image-preview":"max-image-preview:large","max-video-preview":"max-video-preview:-1"},"canonical":"https:\/\/continent.lv\/ru\/product\/sony-k55xr55b-55-mini-led-google-tv\/","og_locale":"ru_RU","og_type":"article","og_title":"Sony K55XR55B 55'' Mini LED Google TV - Continent.lv","og_description":"S\u0113rija:\u00a0 \u00a0 Sony Bravia XR\u00a0\u00a0 Televizora tips:\u00a0 \u00a0 Mini LED\u00a0\u00a0Ekr\u0101nsEkr\u0101na tips:\u00a0 \u00a0 Plakans (Flat)\u00a0 \u00a0Ekr\u0101na izm\u0113rs (cm):\u00a0 \u00a0 139 cm\u00a0 \u00a0Diagon\u0101le coll\u0101s:\u00a0 \u00a0 55\u2033\u00a0\u00a0Atjauno\u0161anas frekvence:\u00a0 \u00a0 120 Hz\u00a0\u00a0Ekr\u0101na iz\u0161\u0137irtsp\u0113ja:\u00a0 \u00a0 Ultra HD 4K (3840 x 2160)\u00a0\u00a0High dynamic range (HDR):\u00a0 \u00a0 HDR10, HLG, Dolby Vision, XR Clear Image, XR Backlight Master Drive\u00a0 \u00a0Micro Dimming:\u00a0 \u00a0 Ir, [&hellip;]","og_url":"https:\/\/continent.lv\/ru\/product\/sony-k55xr55b-55-mini-led-google-tv\/","og_site_name":"Continent.lv","og_image":[{"width":1920,"height":1172,"url":"https:\/\/continent.lv\/wp-content\/uploads\/2026\/05\/21_4xkc-bv.jpeg","type":"image\/jpeg"}],"twitter_card":"summary_large_image","twitter_misc":{"\u041f\u0440\u0438\u043c\u0435\u0440\u043d\u043e\u0435 \u0432\u0440\u0435\u043c\u044f \u0434\u043b\u044f \u0447\u0442\u0435\u043d\u0438\u044f":"2 \u043c\u0438\u043d\u0443\u0442\u044b"},"schema":{"@context":"https:\/\/schema.org","@graph":[{"@type":"WebPage","@id":"https:\/\/continent.lv\/product\/sony-k55xr55b-55-mini-led-google-tv\/","url":"https:\/\/continent.lv\/product\/sony-k55xr55b-55-mini-led-google-tv\/","name":"Sony K55XR55B 55'' Mini LED Google TV - Continent.lv","isPartOf":{"@id":"https:\/\/continent.lv\/#website"},"primaryImageOfPage":{"@id":"https:\/\/continent.lv\/product\/sony-k55xr55b-55-mini-led-google-tv\/#primaryimage"},"image":{"@id":"https:\/\/continent.lv\/product\/sony-k55xr55b-55-mini-led-google-tv\/#primaryimage"},"thumbnailUrl":"https:\/\/continent.lv\/wp-content\/uploads\/2026\/05\/21_4xkc-bv.jpeg","datePublished":"2026-05-01T00:14:45+00:00","breadcrumb":{"@id":"https:\/\/continent.lv\/product\/sony-k55xr55b-55-mini-led-google-tv\/#breadcrumb"},"inLanguage":"ru-RU","potentialAction":[{"@type":"ReadAction","target":["https:\/\/continent.lv\/product\/sony-k55xr55b-55-mini-led-google-tv\/"]}]},{"@type":"ImageObject","inLanguage":"ru-RU","@id":"https:\/\/continent.lv\/product\/sony-k55xr55b-55-mini-led-google-tv\/#primaryimage","url":"https:\/\/continent.lv\/wp-content\/uploads\/2026\/05\/21_4xkc-bv.jpeg","contentUrl":"https:\/\/continent.lv\/wp-content\/uploads\/2026\/05\/21_4xkc-bv.jpeg","width":1920,"height":1172},{"@type":"BreadcrumbList","@id":"https:\/\/continent.lv\/product\/sony-k55xr55b-55-mini-led-google-tv\/#breadcrumb","itemListElement":[{"@type":"ListItem","position":1,"name":"Home","item":"https:\/\/continent.lv\/"},{"@type":"ListItem","position":2,"name":"Veikals","item":"https:\/\/continent.lv\/shop\/"},{"@type":"ListItem","position":3,"name":"Sony K55XR55B 55&#8221; Mini LED Google TV"}]},{"@type":"WebSite","@id":"https:\/\/continent.lv\/#website","url":"https:\/\/continent.lv\/","name":"Continent.lv","description":"Sadz\u012bves pre\u010du internetveikals","publisher":{"@id":"https:\/\/continent.lv\/#organization"},"potentialAction":[{"@type":"SearchAction","target":{"@type":"EntryPoint","urlTemplate":"https:\/\/continent.lv\/?s={search_term_string}"},"query-input":{"@type":"PropertyValueSpecification","valueRequired":true,"valueName":"search_term_string"}}],"inLanguage":"ru-RU"},{"@type":"Organization","@id":"https:\/\/continent.lv\/#organization","name":"Continent.lv","url":"https:\/\/continent.lv\/","logo":{"@type":"ImageObject","inLanguage":"ru-RU","@id":"https:\/\/continent.lv\/#\/schema\/logo\/image\/","url":"https:\/\/continent.lv\/wp-content\/uploads\/2026\/05\/logo_continent_5nwv-jh.jpg","contentUrl":"https:\/\/continent.lv\/wp-content\/uploads\/2026\/05\/logo_continent_5nwv-jh.jpg","width":221,"height":50,"caption":"Continent.lv"},"image":{"@id":"https:\/\/continent.lv\/#\/schema\/logo\/image\/"}}]}},"_links":{"self":[{"href":"https:\/\/continent.lv\/ru\/wp-json\/wp\/v2\/product\/29137","targetHints":{"allow":["GET"]}}],"collection":[{"href":"https:\/\/continent.lv\/ru\/wp-json\/wp\/v2\/product"}],"about":[{"href":"https:\/\/continent.lv\/ru\/wp-json\/wp\/v2\/types\/product"}],"replies":[{"embeddable":true,"href":"https:\/\/continent.lv\/ru\/wp-json\/wp\/v2\/comments?post=29137"}],"wp:featuredmedia":[{"embeddable":true,"href":"https:\/\/continent.lv\/ru\/wp-json\/wp\/v2\/media\/29129"}],"wp:attachment":[{"href":"https:\/\/continent.lv\/ru\/wp-json\/wp\/v2\/media?parent=29137"}],"wp:term":[{"taxonomy":"product_brand","embeddable":true,"href":"https:\/\/continent.lv\/ru\/wp-json\/wp\/v2\/product_brand?post=29137"},{"taxonomy":"product_cat","embeddable":true,"href":"https:\/\/continent.lv\/ru\/wp-json\/wp\/v2\/product_cat?post=29137"},{"taxonomy":"product_tag","embeddable":true,"href":"https:\/\/continent.lv\/ru\/wp-json\/wp\/v2\/product_tag?post=29137"}],"curies":[{"name":"wp","href":"https:\/\/api.w.org\/{rel}","templated":true}]}}