{"id":28871,"date":"2026-05-01T00:07:51","date_gmt":"2026-05-01T00:07:51","guid":{"rendered":"https:\/\/continent.lv\/product\/delonghi-delonghi-esam420-80-tb\/"},"modified":"2026-05-01T00:07:51","modified_gmt":"2026-05-01T00:07:51","slug":"delonghi-delonghi-esam420-80-tb","status":"publish","type":"product","link":"https:\/\/continent.lv\/ru\/product\/delonghi-delonghi-esam420-80-tb\/","title":{"rendered":"Delonghi De'Longhi ESAM420.80.TB"},"content":{"rendered":"<p class=\"translation-block\"><p>\u0414\u0430\u0432\u043b\u0435\u043d\u0438\u0435 (\u0431\u0430\u0440) 15<br>\u0412\u0435\u0441 (\u043a\u0433) 11,5<br>\u0412\u043e\u0437\u043c\u043e\u0436\u043d\u043e\u0441\u0442\u044c \u0438\u0441\u043f\u043e\u043b\u044c\u0437\u043e\u0432\u0430\u0442\u044c \u043c\u043e\u043b\u043e\u0442\u044b\u0439 \u043a\u043e\u0444\u0435 +<br>\u0416\u041a-\u0434\u0438\u0441\u043f\u043b\u0435\u0439<br>\u041c\u043e\u0449\u043d\u043e\u0441\u0442\u044c (\u0412\u0442) 1350<br>\u041e\u0431\u044a\u0435\u043c \u043a\u043e\u043d\u0442\u0435\u0439\u043d\u0435\u0440\u0430 \u0434\u043b\u044f \u043a\u043e\u0444\u0435 (\u0433) 250<br>\u041e\u0431\u044a\u0435\u043c \u0432\u043e\u0434\u044f\u043d\u043e\u0433\u043e \u0440\u0435\u0437\u0435\u0440\u0432\u0443\u0430\u0440\u0430 (\u043b) 1,4<br>\u0420\u0430\u0437\u043c\u0435\u0440\u044b (\u0412\u0445\u0428\u0445\u0413) \u0441\u043c 40 x 42,5 x 28,1<br>\u041a\u043e\u043d\u0442\u0435\u0439\u043d\u0435\u0440 \u0434\u043b\u044f \u043c\u043e\u043b\u043e\u043a\u0430 (\u043b) 0,6<br>\u0422\u0438\u043f \u043a\u043e\u0444\u0435\u043c\u0430\u0448\u0438\u043d\u044b \u0410\u0432\u0442\u043e\u043c\u0430\u0442\u0438\u0447\u0435\u0441\u043a\u0430\u044f \u044d\u0441\u043f\u0440\u0435\u0441\u0441\u043e<br>\u0427\u0435\u0440\u043d\u044b\u0439 \u0446\u0432\u0435\u0442<\/p><\/p>","protected":false},"excerpt":{"rendered":"<p class=\"translation-block\"><p>\u0414\u0430\u0432\u043b\u0435\u043d\u0438\u0435 (\u0431\u0430\u0440) 15<br>\u0412\u0435\u0441 (\u043a\u0433) 11,5<br>\u0412\u043e\u0437\u043c\u043e\u0436\u043d\u043e\u0441\u0442\u044c \u0438\u0441\u043f\u043e\u043b\u044c\u0437\u043e\u0432\u0430\u0442\u044c \u043c\u043e\u043b\u043e\u0442\u044b\u0439 \u043a\u043e\u0444\u0435 +<br>\u0416\u041a-\u0434\u0438\u0441\u043f\u043b\u0435\u0439<br>\u041c\u043e\u0449\u043d\u043e\u0441\u0442\u044c (\u0412\u0442) 1350<br>\u041e\u0431\u044a\u0435\u043c \u043a\u043e\u043d\u0442\u0435\u0439\u043d\u0435\u0440\u0430 \u0434\u043b\u044f \u043a\u043e\u0444\u0435 (\u0433) 250<br>\u041e\u0431\u044a\u0435\u043c \u0432\u043e\u0434\u044f\u043d\u043e\u0433\u043e \u0440\u0435\u0437\u0435\u0440\u0432\u0443\u0430\u0440\u0430 (\u043b) 1,4<br>\u0420\u0430\u0437\u043c\u0435\u0440\u044b (\u0412\u0445\u0428\u0445\u0413) \u0441\u043c 40 x 42,5 x 28,1<br>\u041a\u043e\u043d\u0442\u0435\u0439\u043d\u0435\u0440 \u0434\u043b\u044f \u043c\u043e\u043b\u043e\u043a\u0430 (\u043b) 0,6<br>\u0422\u0438\u043f \u043a\u043e\u0444\u0435\u043c\u0430\u0448\u0438\u043d\u044b \u0410\u0432\u0442\u043e\u043c\u0430\u0442\u0438\u0447\u0435\u0441\u043a\u0430\u044f \u044d\u0441\u043f\u0440\u0435\u0441\u0441\u043e<br>\u0427\u0435\u0440\u043d\u044b\u0439 \u0446\u0432\u0435\u0442<\/p><\/p>","protected":false},"featured_media":28866,"comment_status":"open","ping_status":"closed","template":"","meta":{"_joinchat":[]},"product_brand":[],"product_cat":[314],"product_tag":[],"class_list":{"0":"post-28871","1":"product","2":"type-product","3":"status-publish","4":"has-post-thumbnail","6":"product_cat-maza-sadzives-tehnika-kafijas-automati","8":"first","9":"instock","10":"shipping-taxable","11":"purchasable","12":"product-type-simple"},"yoast_head":"<!-- This site is optimized with the Yoast SEO plugin v27.5 - https:\/\/yoast.com\/product\/yoast-seo-wordpress\/ -->\n<title>Delonghi De&#039;Longhi ESAM420.80.TB - Continent.lv<\/title>\n<meta name=\"robots\" content=\"index, follow, max-snippet:-1, max-image-preview:large, max-video-preview:-1\" \/>\n<link rel=\"canonical\" href=\"https:\/\/continent.lv\/ru\/product\/delonghi-delonghi-esam420-80-tb\/\" \/>\n<meta property=\"og:locale\" content=\"ru_RU\" \/>\n<meta property=\"og:type\" content=\"article\" \/>\n<meta property=\"og:title\" content=\"Delonghi De&#039;Longhi ESAM420.80.TB - Continent.lv\" \/>\n<meta property=\"og:description\" content=\"Spiediens (bar) 15Svars (kg) 11,5Iesp\u0113ja izmantot maltu kafiju +LCD displejsJauda (W) 1350Kafijas tvertnes tilpums (g) 250\u016adens tvertnes tilpums (L) 1.4Izm\u0113ri (HxWxD) cm 40 x 42,5 x 28,1Piena tvertne (L) 0,6Kafijas autom\u0101ta tips Espresso automaticMelna kr\u0101sa\" \/>\n<meta property=\"og:url\" content=\"https:\/\/continent.lv\/ru\/product\/delonghi-delonghi-esam420-80-tb\/\" \/>\n<meta property=\"og:site_name\" content=\"Continent.lv\" \/>\n<meta property=\"og:image\" content=\"https:\/\/continent.lv\/wp-content\/uploads\/2026\/05\/cc2-966b6a01-348682.jpg\" \/>\n\t<meta property=\"og:image:width\" content=\"280\" \/>\n\t<meta property=\"og:image:height\" content=\"210\" \/>\n\t<meta property=\"og:image:type\" content=\"image\/jpeg\" \/>\n<meta name=\"twitter:card\" content=\"summary_large_image\" \/>\n<script type=\"application\/ld+json\" class=\"yoast-schema-graph\">{\"@context\":\"https:\\\/\\\/schema.org\",\"@graph\":[{\"@type\":\"WebPage\",\"@id\":\"https:\\\/\\\/continent.lv\\\/product\\\/delonghi-delonghi-esam420-80-tb\\\/\",\"url\":\"https:\\\/\\\/continent.lv\\\/product\\\/delonghi-delonghi-esam420-80-tb\\\/\",\"name\":\"Delonghi De'Longhi ESAM420.80.TB - Continent.lv\",\"isPartOf\":{\"@id\":\"https:\\\/\\\/continent.lv\\\/#website\"},\"primaryImageOfPage\":{\"@id\":\"https:\\\/\\\/continent.lv\\\/product\\\/delonghi-delonghi-esam420-80-tb\\\/#primaryimage\"},\"image\":{\"@id\":\"https:\\\/\\\/continent.lv\\\/product\\\/delonghi-delonghi-esam420-80-tb\\\/#primaryimage\"},\"thumbnailUrl\":\"https:\\\/\\\/continent.lv\\\/wp-content\\\/uploads\\\/2026\\\/05\\\/cc2-966b6a01-348682.jpg\",\"datePublished\":\"2026-05-01T00:07:51+00:00\",\"breadcrumb\":{\"@id\":\"https:\\\/\\\/continent.lv\\\/product\\\/delonghi-delonghi-esam420-80-tb\\\/#breadcrumb\"},\"inLanguage\":\"ru-RU\",\"potentialAction\":[{\"@type\":\"ReadAction\",\"target\":[\"https:\\\/\\\/continent.lv\\\/product\\\/delonghi-delonghi-esam420-80-tb\\\/\"]}]},{\"@type\":\"ImageObject\",\"inLanguage\":\"ru-RU\",\"@id\":\"https:\\\/\\\/continent.lv\\\/product\\\/delonghi-delonghi-esam420-80-tb\\\/#primaryimage\",\"url\":\"https:\\\/\\\/continent.lv\\\/wp-content\\\/uploads\\\/2026\\\/05\\\/cc2-966b6a01-348682.jpg\",\"contentUrl\":\"https:\\\/\\\/continent.lv\\\/wp-content\\\/uploads\\\/2026\\\/05\\\/cc2-966b6a01-348682.jpg\",\"width\":280,\"height\":210},{\"@type\":\"BreadcrumbList\",\"@id\":\"https:\\\/\\\/continent.lv\\\/product\\\/delonghi-delonghi-esam420-80-tb\\\/#breadcrumb\",\"itemListElement\":[{\"@type\":\"ListItem\",\"position\":1,\"name\":\"Home\",\"item\":\"https:\\\/\\\/continent.lv\\\/\"},{\"@type\":\"ListItem\",\"position\":2,\"name\":\"Veikals\",\"item\":\"https:\\\/\\\/continent.lv\\\/shop\\\/\"},{\"@type\":\"ListItem\",\"position\":3,\"name\":\"Delonghi De&#8217;Longhi ESAM420.80.TB\"}]},{\"@type\":\"WebSite\",\"@id\":\"https:\\\/\\\/continent.lv\\\/#website\",\"url\":\"https:\\\/\\\/continent.lv\\\/\",\"name\":\"Continent.lv\",\"description\":\"Sadz\u012bves pre\u010du internetveikals\",\"publisher\":{\"@id\":\"https:\\\/\\\/continent.lv\\\/#organization\"},\"potentialAction\":[{\"@type\":\"SearchAction\",\"target\":{\"@type\":\"EntryPoint\",\"urlTemplate\":\"https:\\\/\\\/continent.lv\\\/?s={search_term_string}\"},\"query-input\":{\"@type\":\"PropertyValueSpecification\",\"valueRequired\":true,\"valueName\":\"search_term_string\"}}],\"inLanguage\":\"ru-RU\"},{\"@type\":\"Organization\",\"@id\":\"https:\\\/\\\/continent.lv\\\/#organization\",\"name\":\"Continent.lv\",\"url\":\"https:\\\/\\\/continent.lv\\\/\",\"logo\":{\"@type\":\"ImageObject\",\"inLanguage\":\"ru-RU\",\"@id\":\"https:\\\/\\\/continent.lv\\\/#\\\/schema\\\/logo\\\/image\\\/\",\"url\":\"https:\\\/\\\/continent.lv\\\/wp-content\\\/uploads\\\/2026\\\/05\\\/logo_continent_5nwv-jh.jpg\",\"contentUrl\":\"https:\\\/\\\/continent.lv\\\/wp-content\\\/uploads\\\/2026\\\/05\\\/logo_continent_5nwv-jh.jpg\",\"width\":221,\"height\":50,\"caption\":\"Continent.lv\"},\"image\":{\"@id\":\"https:\\\/\\\/continent.lv\\\/#\\\/schema\\\/logo\\\/image\\\/\"}}]}<\/script>\n<!-- \/ Yoast SEO plugin. -->","yoast_head_json":{"title":"Delonghi De'Longhi ESAM420.80.TB - Continent.lv","robots":{"index":"index","follow":"follow","max-snippet":"max-snippet:-1","max-image-preview":"max-image-preview:large","max-video-preview":"max-video-preview:-1"},"canonical":"https:\/\/continent.lv\/ru\/product\/delonghi-delonghi-esam420-80-tb\/","og_locale":"ru_RU","og_type":"article","og_title":"Delonghi De'Longhi ESAM420.80.TB - Continent.lv","og_description":"Spiediens (bar) 15Svars (kg) 11,5Iesp\u0113ja izmantot maltu kafiju +LCD displejsJauda (W) 1350Kafijas tvertnes tilpums (g) 250\u016adens tvertnes tilpums (L) 1.4Izm\u0113ri (HxWxD) cm 40 x 42,5 x 28,1Piena tvertne (L) 0,6Kafijas autom\u0101ta tips Espresso automaticMelna kr\u0101sa","og_url":"https:\/\/continent.lv\/ru\/product\/delonghi-delonghi-esam420-80-tb\/","og_site_name":"Continent.lv","og_image":[{"width":280,"height":210,"url":"https:\/\/continent.lv\/wp-content\/uploads\/2026\/05\/cc2-966b6a01-348682.jpg","type":"image\/jpeg"}],"twitter_card":"summary_large_image","schema":{"@context":"https:\/\/schema.org","@graph":[{"@type":"WebPage","@id":"https:\/\/continent.lv\/product\/delonghi-delonghi-esam420-80-tb\/","url":"https:\/\/continent.lv\/product\/delonghi-delonghi-esam420-80-tb\/","name":"Delonghi De'Longhi ESAM420.80.TB - Continent.lv","isPartOf":{"@id":"https:\/\/continent.lv\/#website"},"primaryImageOfPage":{"@id":"https:\/\/continent.lv\/product\/delonghi-delonghi-esam420-80-tb\/#primaryimage"},"image":{"@id":"https:\/\/continent.lv\/product\/delonghi-delonghi-esam420-80-tb\/#primaryimage"},"thumbnailUrl":"https:\/\/continent.lv\/wp-content\/uploads\/2026\/05\/cc2-966b6a01-348682.jpg","datePublished":"2026-05-01T00:07:51+00:00","breadcrumb":{"@id":"https:\/\/continent.lv\/product\/delonghi-delonghi-esam420-80-tb\/#breadcrumb"},"inLanguage":"ru-RU","potentialAction":[{"@type":"ReadAction","target":["https:\/\/continent.lv\/product\/delonghi-delonghi-esam420-80-tb\/"]}]},{"@type":"ImageObject","inLanguage":"ru-RU","@id":"https:\/\/continent.lv\/product\/delonghi-delonghi-esam420-80-tb\/#primaryimage","url":"https:\/\/continent.lv\/wp-content\/uploads\/2026\/05\/cc2-966b6a01-348682.jpg","contentUrl":"https:\/\/continent.lv\/wp-content\/uploads\/2026\/05\/cc2-966b6a01-348682.jpg","width":280,"height":210},{"@type":"BreadcrumbList","@id":"https:\/\/continent.lv\/product\/delonghi-delonghi-esam420-80-tb\/#breadcrumb","itemListElement":[{"@type":"ListItem","position":1,"name":"Home","item":"https:\/\/continent.lv\/"},{"@type":"ListItem","position":2,"name":"Veikals","item":"https:\/\/continent.lv\/shop\/"},{"@type":"ListItem","position":3,"name":"Delonghi De&#8217;Longhi ESAM420.80.TB"}]},{"@type":"WebSite","@id":"https:\/\/continent.lv\/#website","url":"https:\/\/continent.lv\/","name":"Continent.lv","description":"Sadz\u012bves pre\u010du internetveikals","publisher":{"@id":"https:\/\/continent.lv\/#organization"},"potentialAction":[{"@type":"SearchAction","target":{"@type":"EntryPoint","urlTemplate":"https:\/\/continent.lv\/?s={search_term_string}"},"query-input":{"@type":"PropertyValueSpecification","valueRequired":true,"valueName":"search_term_string"}}],"inLanguage":"ru-RU"},{"@type":"Organization","@id":"https:\/\/continent.lv\/#organization","name":"Continent.lv","url":"https:\/\/continent.lv\/","logo":{"@type":"ImageObject","inLanguage":"ru-RU","@id":"https:\/\/continent.lv\/#\/schema\/logo\/image\/","url":"https:\/\/continent.lv\/wp-content\/uploads\/2026\/05\/logo_continent_5nwv-jh.jpg","contentUrl":"https:\/\/continent.lv\/wp-content\/uploads\/2026\/05\/logo_continent_5nwv-jh.jpg","width":221,"height":50,"caption":"Continent.lv"},"image":{"@id":"https:\/\/continent.lv\/#\/schema\/logo\/image\/"}}]}},"_links":{"self":[{"href":"https:\/\/continent.lv\/ru\/wp-json\/wp\/v2\/product\/28871","targetHints":{"allow":["GET"]}}],"collection":[{"href":"https:\/\/continent.lv\/ru\/wp-json\/wp\/v2\/product"}],"about":[{"href":"https:\/\/continent.lv\/ru\/wp-json\/wp\/v2\/types\/product"}],"replies":[{"embeddable":true,"href":"https:\/\/continent.lv\/ru\/wp-json\/wp\/v2\/comments?post=28871"}],"wp:featuredmedia":[{"embeddable":true,"href":"https:\/\/continent.lv\/ru\/wp-json\/wp\/v2\/media\/28866"}],"wp:attachment":[{"href":"https:\/\/continent.lv\/ru\/wp-json\/wp\/v2\/media?parent=28871"}],"wp:term":[{"taxonomy":"product_brand","embeddable":true,"href":"https:\/\/continent.lv\/ru\/wp-json\/wp\/v2\/product_brand?post=28871"},{"taxonomy":"product_cat","embeddable":true,"href":"https:\/\/continent.lv\/ru\/wp-json\/wp\/v2\/product_cat?post=28871"},{"taxonomy":"product_tag","embeddable":true,"href":"https:\/\/continent.lv\/ru\/wp-json\/wp\/v2\/product_tag?post=28871"}],"curies":[{"name":"wp","href":"https:\/\/api.w.org\/{rel}","templated":true}]}}