{"id":28366,"date":"2026-04-30T23:56:25","date_gmt":"2026-04-30T23:56:25","guid":{"rendered":"https:\/\/continent.lv\/product\/philips-hd9880-90\/"},"modified":"2026-04-30T23:56:25","modified_gmt":"2026-04-30T23:56:25","slug":"philips-hd9880-90","status":"publish","type":"product","link":"https:\/\/continent.lv\/ru\/product\/philips-hd9880-90\/","title":{"rendered":"Philips HD9880\/90"},"content":{"rendered":"<p class=\"translation-block\"><p><span class=\"HwtZe\" lang=\"lv\"><span class=\"jCAhz ChMk0b\"><span class=\"ryNqvb\">\u041c\u043e\u0449\u043d\u043e\u0441\u0442\u044c: 2200 \u0412\u0442<br>\u041e\u0431\u044a\u0435\u043c: 8,3 \u043b<br>\u041a\u043e\u043d\u0442\u0440\u043e\u043b\u044c \u0442\u0435\u043c\u043f\u0435\u0440\u0430\u0442\u0443\u0440\u044b: \u0414\u0430<br>\u0411\u0440\u0435\u043d\u0434: Philips<br>\u041a\u043e\u0434 \u043f\u0440\u043e\u0438\u0437\u0432\u043e\u0434\u0438\u0442\u0435\u043b\u044f: HD9880\/90<br>EAN: 8720389015373<br>\u041e\u0441\u043d\u043e\u0432\u043d\u0430\u044f \u0438\u043d\u0444\u043e\u0440\u043c\u0430\u0446\u0438\u044f<br>\u041c\u043e\u0449\u043d\u043e\u0441\u0442\u044c: 2200 \u0412\u0442<br>\u041e\u0431\u044a\u0435\u043c: 8,3 \u043b<br>\u041a\u043e\u043d\u0442\u0440\u043e\u043b\u044c \u0442\u0435\u043c\u043f\u0435\u0440\u0430\u0442\u0443\u0440\u044b: \u0414\u0430<br>\u0426\u0432\u0435\u0442: \u0427\u0435\u0440\u043d\u044b\u0439<br>\u0424\u0443\u043d\u043a\u0446\u0438\u0438: \u0412\u0440\u0430\u0449\u0430\u044e\u0449\u0430\u044f\u0441\u044f \u043a\u043e\u0440\u0437\u0438\u043d\u0430: \u041d\u0435\u0442<br>\u041a\u043e\u043b\u0438\u0447\u0435\u0441\u0442\u0432\u043e \u043e\u0442\u0434\u0435\u043b\u0435\u043d\u0438\u0439: \u041e\u0434\u043d\u043e \u043e\u0442\u0434\u0435\u043b\u0435\u043d\u0438\u0435<br>\u0416\u0430\u0440\u043a\u0430: \u0414\u0430<br>\u0420\u0430\u0437\u043c\u043e\u0440\u0430\u0436\u0438\u0432\u0430\u043d\u0438\u0435: \u0414\u0430<\/span><\/span><\/span><\/p><\/p>","protected":false},"excerpt":{"rendered":"<p class=\"translation-block\"><p><span class=\"HwtZe\" lang=\"lv\"><span class=\"jCAhz ChMk0b\"><span class=\"ryNqvb\">\u041c\u043e\u0449\u043d\u043e\u0441\u0442\u044c: 2200 \u0412\u0442<br>\u041e\u0431\u044a\u0435\u043c: 8,3 \u043b<br>\u041a\u043e\u043d\u0442\u0440\u043e\u043b\u044c \u0442\u0435\u043c\u043f\u0435\u0440\u0430\u0442\u0443\u0440\u044b: \u0414\u0430<br>\u0411\u0440\u0435\u043d\u0434: Philips<br>\u041a\u043e\u0434 \u043f\u0440\u043e\u0438\u0437\u0432\u043e\u0434\u0438\u0442\u0435\u043b\u044f: HD9880\/90<br>EAN: 8720389015373<br>\u041e\u0441\u043d\u043e\u0432\u043d\u0430\u044f \u0438\u043d\u0444\u043e\u0440\u043c\u0430\u0446\u0438\u044f<br>\u041c\u043e\u0449\u043d\u043e\u0441\u0442\u044c: 2200 \u0412\u0442<br>\u041e\u0431\u044a\u0435\u043c: 8,3 \u043b<br>\u041a\u043e\u043d\u0442\u0440\u043e\u043b\u044c \u0442\u0435\u043c\u043f\u0435\u0440\u0430\u0442\u0443\u0440\u044b: \u0414\u0430<br>\u0426\u0432\u0435\u0442: \u0427\u0435\u0440\u043d\u044b\u0439<br>\u0424\u0443\u043d\u043a\u0446\u0438\u0438: \u0412\u0440\u0430\u0449\u0430\u044e\u0449\u0430\u044f\u0441\u044f \u043a\u043e\u0440\u0437\u0438\u043d\u0430: \u041d\u0435\u0442<br>\u041a\u043e\u043b\u0438\u0447\u0435\u0441\u0442\u0432\u043e \u043e\u0442\u0434\u0435\u043b\u0435\u043d\u0438\u0439: \u041e\u0434\u043d\u043e \u043e\u0442\u0434\u0435\u043b\u0435\u043d\u0438\u0435<br>\u0416\u0430\u0440\u043a\u0430: \u0414\u0430<br>\u0420\u0430\u0437\u043c\u043e\u0440\u0430\u0436\u0438\u0432\u0430\u043d\u0438\u0435: \u0414\u0430<\/span><\/span><\/span><\/p><\/p>","protected":false},"featured_media":28361,"comment_status":"open","ping_status":"closed","template":"","meta":{"_joinchat":[]},"product_brand":[307],"product_cat":[349],"product_tag":[],"class_list":{"0":"post-28366","1":"product","2":"type-product","3":"status-publish","4":"has-post-thumbnail","6":"product_brand-philips","7":"product_cat-maza-sadzives-tehnika-aerogrili-karsta-gaisa-friteri-taukvares-katli","9":"first","10":"instock","11":"shipping-taxable","12":"purchasable","13":"product-type-simple"},"yoast_head":"<!-- This site is optimized with the Yoast SEO plugin v27.5 - https:\/\/yoast.com\/product\/yoast-seo-wordpress\/ -->\n<title>Philips HD9880\/90 - Continent.lv<\/title>\n<meta name=\"robots\" content=\"index, follow, max-snippet:-1, max-image-preview:large, max-video-preview:-1\" \/>\n<link rel=\"canonical\" href=\"https:\/\/continent.lv\/ru\/product\/philips-hd9880-90\/\" \/>\n<meta property=\"og:locale\" content=\"ru_RU\" \/>\n<meta property=\"og:type\" content=\"article\" \/>\n<meta property=\"og:title\" content=\"Philips HD9880\/90 - Continent.lv\" \/>\n<meta property=\"og:description\" content=\"Jauda: 2200 WTilpums: 8,3 lTemperat\u016bras kontrole: J\u0101Z\u012bmols: PhilipsRa\u017eot\u0101ja kods: HD9880\/90EAN: 8720389015373Pamatinform\u0101cijaJauda: 2200 WTilpums: 8,3 lTemperat\u016bras kontrole: J\u0101Kr\u0101sa: MelnaFunkcijas: Rot\u0113jo\u0161s grozs: N\u0113Nodal\u012bjumu skaits: Viens nodal\u012bjumsCep\u0161ana: J\u0101Atkaus\u0113\u0161ana: J\u0101\" \/>\n<meta property=\"og:url\" content=\"https:\/\/continent.lv\/ru\/product\/philips-hd9880-90\/\" \/>\n<meta property=\"og:site_name\" content=\"Continent.lv\" \/>\n<meta property=\"og:image\" content=\"https:\/\/continent.lv\/wp-content\/uploads\/2026\/04\/21_c3mp-z2.jpeg\" \/>\n\t<meta property=\"og:image:width\" content=\"658\" \/>\n\t<meta property=\"og:image:height\" content=\"669\" \/>\n\t<meta property=\"og:image:type\" content=\"image\/jpeg\" \/>\n<meta name=\"twitter:card\" content=\"summary_large_image\" \/>\n<script type=\"application\/ld+json\" class=\"yoast-schema-graph\">{\"@context\":\"https:\\\/\\\/schema.org\",\"@graph\":[{\"@type\":\"WebPage\",\"@id\":\"https:\\\/\\\/continent.lv\\\/product\\\/philips-hd9880-90\\\/\",\"url\":\"https:\\\/\\\/continent.lv\\\/product\\\/philips-hd9880-90\\\/\",\"name\":\"Philips HD9880\\\/90 - Continent.lv\",\"isPartOf\":{\"@id\":\"https:\\\/\\\/continent.lv\\\/#website\"},\"primaryImageOfPage\":{\"@id\":\"https:\\\/\\\/continent.lv\\\/product\\\/philips-hd9880-90\\\/#primaryimage\"},\"image\":{\"@id\":\"https:\\\/\\\/continent.lv\\\/product\\\/philips-hd9880-90\\\/#primaryimage\"},\"thumbnailUrl\":\"https:\\\/\\\/continent.lv\\\/wp-content\\\/uploads\\\/2026\\\/04\\\/21_c3mp-z2.jpeg\",\"datePublished\":\"2026-04-30T23:56:25+00:00\",\"breadcrumb\":{\"@id\":\"https:\\\/\\\/continent.lv\\\/product\\\/philips-hd9880-90\\\/#breadcrumb\"},\"inLanguage\":\"ru-RU\",\"potentialAction\":[{\"@type\":\"ReadAction\",\"target\":[\"https:\\\/\\\/continent.lv\\\/product\\\/philips-hd9880-90\\\/\"]}]},{\"@type\":\"ImageObject\",\"inLanguage\":\"ru-RU\",\"@id\":\"https:\\\/\\\/continent.lv\\\/product\\\/philips-hd9880-90\\\/#primaryimage\",\"url\":\"https:\\\/\\\/continent.lv\\\/wp-content\\\/uploads\\\/2026\\\/04\\\/21_c3mp-z2.jpeg\",\"contentUrl\":\"https:\\\/\\\/continent.lv\\\/wp-content\\\/uploads\\\/2026\\\/04\\\/21_c3mp-z2.jpeg\",\"width\":658,\"height\":669},{\"@type\":\"BreadcrumbList\",\"@id\":\"https:\\\/\\\/continent.lv\\\/product\\\/philips-hd9880-90\\\/#breadcrumb\",\"itemListElement\":[{\"@type\":\"ListItem\",\"position\":1,\"name\":\"Home\",\"item\":\"https:\\\/\\\/continent.lv\\\/\"},{\"@type\":\"ListItem\",\"position\":2,\"name\":\"Veikals\",\"item\":\"https:\\\/\\\/continent.lv\\\/shop\\\/\"},{\"@type\":\"ListItem\",\"position\":3,\"name\":\"Philips HD9880\\\/90\"}]},{\"@type\":\"WebSite\",\"@id\":\"https:\\\/\\\/continent.lv\\\/#website\",\"url\":\"https:\\\/\\\/continent.lv\\\/\",\"name\":\"Continent.lv\",\"description\":\"Sadz\u012bves pre\u010du internetveikals\",\"publisher\":{\"@id\":\"https:\\\/\\\/continent.lv\\\/#organization\"},\"potentialAction\":[{\"@type\":\"SearchAction\",\"target\":{\"@type\":\"EntryPoint\",\"urlTemplate\":\"https:\\\/\\\/continent.lv\\\/?s={search_term_string}\"},\"query-input\":{\"@type\":\"PropertyValueSpecification\",\"valueRequired\":true,\"valueName\":\"search_term_string\"}}],\"inLanguage\":\"ru-RU\"},{\"@type\":\"Organization\",\"@id\":\"https:\\\/\\\/continent.lv\\\/#organization\",\"name\":\"Continent.lv\",\"url\":\"https:\\\/\\\/continent.lv\\\/\",\"logo\":{\"@type\":\"ImageObject\",\"inLanguage\":\"ru-RU\",\"@id\":\"https:\\\/\\\/continent.lv\\\/#\\\/schema\\\/logo\\\/image\\\/\",\"url\":\"https:\\\/\\\/continent.lv\\\/wp-content\\\/uploads\\\/2026\\\/05\\\/logo_continent_5nwv-jh.jpg\",\"contentUrl\":\"https:\\\/\\\/continent.lv\\\/wp-content\\\/uploads\\\/2026\\\/05\\\/logo_continent_5nwv-jh.jpg\",\"width\":221,\"height\":50,\"caption\":\"Continent.lv\"},\"image\":{\"@id\":\"https:\\\/\\\/continent.lv\\\/#\\\/schema\\\/logo\\\/image\\\/\"}}]}<\/script>\n<!-- \/ Yoast SEO plugin. -->","yoast_head_json":{"title":"Philips HD9880\/90 - Continent.lv","robots":{"index":"index","follow":"follow","max-snippet":"max-snippet:-1","max-image-preview":"max-image-preview:large","max-video-preview":"max-video-preview:-1"},"canonical":"https:\/\/continent.lv\/ru\/product\/philips-hd9880-90\/","og_locale":"ru_RU","og_type":"article","og_title":"Philips HD9880\/90 - Continent.lv","og_description":"Jauda: 2200 WTilpums: 8,3 lTemperat\u016bras kontrole: J\u0101Z\u012bmols: PhilipsRa\u017eot\u0101ja kods: HD9880\/90EAN: 8720389015373Pamatinform\u0101cijaJauda: 2200 WTilpums: 8,3 lTemperat\u016bras kontrole: J\u0101Kr\u0101sa: MelnaFunkcijas: Rot\u0113jo\u0161s grozs: N\u0113Nodal\u012bjumu skaits: Viens nodal\u012bjumsCep\u0161ana: J\u0101Atkaus\u0113\u0161ana: J\u0101","og_url":"https:\/\/continent.lv\/ru\/product\/philips-hd9880-90\/","og_site_name":"Continent.lv","og_image":[{"width":658,"height":669,"url":"https:\/\/continent.lv\/wp-content\/uploads\/2026\/04\/21_c3mp-z2.jpeg","type":"image\/jpeg"}],"twitter_card":"summary_large_image","schema":{"@context":"https:\/\/schema.org","@graph":[{"@type":"WebPage","@id":"https:\/\/continent.lv\/product\/philips-hd9880-90\/","url":"https:\/\/continent.lv\/product\/philips-hd9880-90\/","name":"Philips HD9880\/90 - Continent.lv","isPartOf":{"@id":"https:\/\/continent.lv\/#website"},"primaryImageOfPage":{"@id":"https:\/\/continent.lv\/product\/philips-hd9880-90\/#primaryimage"},"image":{"@id":"https:\/\/continent.lv\/product\/philips-hd9880-90\/#primaryimage"},"thumbnailUrl":"https:\/\/continent.lv\/wp-content\/uploads\/2026\/04\/21_c3mp-z2.jpeg","datePublished":"2026-04-30T23:56:25+00:00","breadcrumb":{"@id":"https:\/\/continent.lv\/product\/philips-hd9880-90\/#breadcrumb"},"inLanguage":"ru-RU","potentialAction":[{"@type":"ReadAction","target":["https:\/\/continent.lv\/product\/philips-hd9880-90\/"]}]},{"@type":"ImageObject","inLanguage":"ru-RU","@id":"https:\/\/continent.lv\/product\/philips-hd9880-90\/#primaryimage","url":"https:\/\/continent.lv\/wp-content\/uploads\/2026\/04\/21_c3mp-z2.jpeg","contentUrl":"https:\/\/continent.lv\/wp-content\/uploads\/2026\/04\/21_c3mp-z2.jpeg","width":658,"height":669},{"@type":"BreadcrumbList","@id":"https:\/\/continent.lv\/product\/philips-hd9880-90\/#breadcrumb","itemListElement":[{"@type":"ListItem","position":1,"name":"Home","item":"https:\/\/continent.lv\/"},{"@type":"ListItem","position":2,"name":"Veikals","item":"https:\/\/continent.lv\/shop\/"},{"@type":"ListItem","position":3,"name":"Philips HD9880\/90"}]},{"@type":"WebSite","@id":"https:\/\/continent.lv\/#website","url":"https:\/\/continent.lv\/","name":"Continent.lv","description":"Sadz\u012bves pre\u010du internetveikals","publisher":{"@id":"https:\/\/continent.lv\/#organization"},"potentialAction":[{"@type":"SearchAction","target":{"@type":"EntryPoint","urlTemplate":"https:\/\/continent.lv\/?s={search_term_string}"},"query-input":{"@type":"PropertyValueSpecification","valueRequired":true,"valueName":"search_term_string"}}],"inLanguage":"ru-RU"},{"@type":"Organization","@id":"https:\/\/continent.lv\/#organization","name":"Continent.lv","url":"https:\/\/continent.lv\/","logo":{"@type":"ImageObject","inLanguage":"ru-RU","@id":"https:\/\/continent.lv\/#\/schema\/logo\/image\/","url":"https:\/\/continent.lv\/wp-content\/uploads\/2026\/05\/logo_continent_5nwv-jh.jpg","contentUrl":"https:\/\/continent.lv\/wp-content\/uploads\/2026\/05\/logo_continent_5nwv-jh.jpg","width":221,"height":50,"caption":"Continent.lv"},"image":{"@id":"https:\/\/continent.lv\/#\/schema\/logo\/image\/"}}]}},"_links":{"self":[{"href":"https:\/\/continent.lv\/ru\/wp-json\/wp\/v2\/product\/28366","targetHints":{"allow":["GET"]}}],"collection":[{"href":"https:\/\/continent.lv\/ru\/wp-json\/wp\/v2\/product"}],"about":[{"href":"https:\/\/continent.lv\/ru\/wp-json\/wp\/v2\/types\/product"}],"replies":[{"embeddable":true,"href":"https:\/\/continent.lv\/ru\/wp-json\/wp\/v2\/comments?post=28366"}],"wp:featuredmedia":[{"embeddable":true,"href":"https:\/\/continent.lv\/ru\/wp-json\/wp\/v2\/media\/28361"}],"wp:attachment":[{"href":"https:\/\/continent.lv\/ru\/wp-json\/wp\/v2\/media?parent=28366"}],"wp:term":[{"taxonomy":"product_brand","embeddable":true,"href":"https:\/\/continent.lv\/ru\/wp-json\/wp\/v2\/product_brand?post=28366"},{"taxonomy":"product_cat","embeddable":true,"href":"https:\/\/continent.lv\/ru\/wp-json\/wp\/v2\/product_cat?post=28366"},{"taxonomy":"product_tag","embeddable":true,"href":"https:\/\/continent.lv\/ru\/wp-json\/wp\/v2\/product_tag?post=28366"}],"curies":[{"name":"wp","href":"https:\/\/api.w.org\/{rel}","templated":true}]}}