{"id":28195,"date":"2026-04-30T23:52:17","date_gmt":"2026-04-30T23:52:17","guid":{"rendered":"https:\/\/continent.lv\/product\/electrolux-wq6140og\/"},"modified":"2026-04-30T23:52:17","modified_gmt":"2026-04-30T23:52:17","slug":"electrolux-wq6140og","status":"publish","type":"product","link":"https:\/\/continent.lv\/ru\/product\/electrolux-wq6140og\/","title":{"rendered":"Electrolux WQ6140OG"},"content":{"rendered":"<\/p>\n<p>\u041f\u0440\u043e\u0438\u0437\u0432\u043e\u0434\u0438\u0442\u0435\u043b\u044c Electrolux<br \/>\u0422\u0438\u043f \u043f\u044b\u043b\u0435\u0441\u043e\u0441\u0430 \u0420\u0443\u0447\u043d\u043e\u0439 \u0431\u0435\u0441\u043f\u0440\u043e\u0432\u043e\u0434\u043d\u043e\u0439<br \/>\u0422\u0438\u043f \u0441\u0443\u0445\u043e\u0433\u043e \u043c\u0443\u0441\u043e\u0440\u0430<br \/>\u0417\u0435\u043b\u0435\u043d\u044b\u0439 \u0446\u0432\u0435\u0442<br \/>\u041f\u0438\u0442\u0430\u043d\u0438\u0435: \u0410\u043a\u043a\u0443\u043c\u0443\u043b\u044f\u0442\u043e\u0440<br \/>\u0422\u0438\u043f \u0430\u043a\u043a\u0443\u043c\u0443\u043b\u044f\u0442\u043e\u0440\u0430 Li-Ion<br \/>\u041d\u0430\u043f\u0440\u044f\u0436\u0435\u043d\u0438\u0435 \u0430\u043a\u043a\u0443\u043c\u0443\u043b\u044f\u0442\u043e\u0440\u0430 (\u0412) 18<br \/>\u0412\u0440\u0435\u043c\u044f \u0437\u0430\u0440\u044f\u0434\u043a\u0438 (\u0447) 4.5<br \/>Darb\u012bbas laiks (min.) Pie zem\u0101k\u0101 jaudas l\u012bme\u0146a \u2013 45 min. Augst\u0101kaj\u0101 jaudas l\u012bmen\u012b \u2013 10 min.<br \/>\u0420\u0430\u0437\u043c\u0435\u0440\u044b, \u0441\u043c 1105x140x255<br \/>\u0412\u0435\u0441 (\u0431\u0435\u0437 \u0443\u043f\u0430\u043a\u043e\u0432\u043a\u0438) 3,1 \u043a\u0433<br \/>\u0412\u0435\u0441 \u0431\u0440\u0443\u0442\u0442\u043e (\u0432\u0435\u0441 \u0443\u043f\u0430\u043a\u043e\u0432\u043a\u0438) 4,2 \u043a\u0433<br \/>\u0414\u043e\u043f\u043e\u043b\u043d\u0438\u0442\u0435\u043b\u044c\u043d\u044b\u0435 \u0444\u0443\u043d\u043a\u0446\u0438\u0438<br \/>\u0422\u0438\u043f \u0444\u0438\u043b\u044c\u0442\u0440\u0430 \u0421\u044a\u0435\u043c\u043d\u044b\u0439 \u0438 \u043c\u043e\u044e\u0449\u0438\u0439\u0441\u044f<br \/>\u041e\u0431\u044a\u0451\u043c \u043f\u044b\u043b\u0435\u0441\u0431\u043e\u0440\u043d\u0438\u043a\u0430: 0,3 \u043b<br \/>\u0423\u0440\u043e\u0432\u0435\u043d\u044c \u0448\u0443\u043c\u0430 79 \u0434\u0411<\/p>","protected":false},"excerpt":{"rendered":"<p>Ra\u017eot\u0101js ElectroluxPutek\u013cs\u016bc\u0113ja tips Manu\u0101lais bezvaduSausie atkritumu veidsZa\u013c\u0101 kr\u0101saBaro\u0161anas sist\u0113ma AkumulatorsAkumulatora tips Li-IonAkumulatora spriegums (V) 18Uzl\u0101des laiks (h) 4.5Darb\u012bbas laiks (min.) Pie zem\u0101k\u0101 jaudas l\u012bme\u0146a \u2013 45 min. Augst\u0101kaj\u0101 jaudas l\u012bmen\u012b \u2013 10 min.Izm\u0113ri, cm 1105x140x255Svars (bez iepakojuma) 3,1 kgBRUTO svars (iepakojuma svars) 4,2 kgPapildu iesp\u0113jasFiltra veids Mazg\u0101jamsPutek\u013cu tvertnes tilpums 0,3 lTrok\u0161\u0146a l\u012bmenis 79 dB<\/p>","protected":false},"featured_media":28187,"comment_status":"open","ping_status":"closed","template":"","meta":{"_joinchat":[]},"product_brand":[265],"product_cat":[282],"product_tag":[],"class_list":{"0":"post-28195","1":"product","2":"type-product","3":"status-publish","4":"has-post-thumbnail","6":"product_brand-electrolux","7":"product_cat-sadzives-tehnika-puteklu-suceji","9":"first","10":"instock","11":"shipping-taxable","12":"purchasable","13":"product-type-simple"},"yoast_head":"<!-- This site is optimized with the Yoast SEO plugin v27.5 - https:\/\/yoast.com\/product\/yoast-seo-wordpress\/ -->\n<title>Electrolux WQ6140OG - Continent.lv<\/title>\n<meta name=\"robots\" content=\"index, follow, max-snippet:-1, max-image-preview:large, max-video-preview:-1\" \/>\n<link rel=\"canonical\" href=\"https:\/\/continent.lv\/ru\/product\/electrolux-wq6140og\/\" \/>\n<meta property=\"og:locale\" content=\"ru_RU\" \/>\n<meta property=\"og:type\" content=\"article\" \/>\n<meta property=\"og:title\" content=\"Electrolux WQ6140OG - Continent.lv\" \/>\n<meta property=\"og:description\" content=\"Ra\u017eot\u0101js ElectroluxPutek\u013cs\u016bc\u0113ja tips Manu\u0101lais bezvaduSausie atkritumu veidsZa\u013c\u0101 kr\u0101saBaro\u0161anas sist\u0113ma AkumulatorsAkumulatora tips Li-IonAkumulatora spriegums (V) 18Uzl\u0101des laiks (h) 4.5Darb\u012bbas laiks (min.) Pie zem\u0101k\u0101 jaudas l\u012bme\u0146a \u2013 45 min. Augst\u0101kaj\u0101 jaudas l\u012bmen\u012b \u2013 10 min.Izm\u0113ri, cm 1105x140x255Svars (bez iepakojuma) 3,1 kgBRUTO svars (iepakojuma svars) 4,2 kgPapildu iesp\u0113jasFiltra veids Mazg\u0101jamsPutek\u013cu tvertnes tilpums 0,3 lTrok\u0161\u0146a l\u012bmenis 79 dB\" \/>\n<meta property=\"og:url\" content=\"https:\/\/continent.lv\/ru\/product\/electrolux-wq6140og\/\" \/>\n<meta property=\"og:site_name\" content=\"Continent.lv\" \/>\n<meta property=\"og:image\" content=\"https:\/\/continent.lv\/wp-content\/uploads\/2026\/04\/WQ61-40OG.jpg\" \/>\n\t<meta property=\"og:image:width\" content=\"1200\" \/>\n\t<meta property=\"og:image:height\" content=\"1372\" \/>\n\t<meta property=\"og:image:type\" content=\"image\/jpeg\" \/>\n<meta name=\"twitter:card\" content=\"summary_large_image\" \/>\n<script type=\"application\/ld+json\" class=\"yoast-schema-graph\">{\"@context\":\"https:\\\/\\\/schema.org\",\"@graph\":[{\"@type\":\"WebPage\",\"@id\":\"https:\\\/\\\/continent.lv\\\/product\\\/electrolux-wq6140og\\\/\",\"url\":\"https:\\\/\\\/continent.lv\\\/product\\\/electrolux-wq6140og\\\/\",\"name\":\"Electrolux WQ6140OG - Continent.lv\",\"isPartOf\":{\"@id\":\"https:\\\/\\\/continent.lv\\\/#website\"},\"primaryImageOfPage\":{\"@id\":\"https:\\\/\\\/continent.lv\\\/product\\\/electrolux-wq6140og\\\/#primaryimage\"},\"image\":{\"@id\":\"https:\\\/\\\/continent.lv\\\/product\\\/electrolux-wq6140og\\\/#primaryimage\"},\"thumbnailUrl\":\"https:\\\/\\\/continent.lv\\\/wp-content\\\/uploads\\\/2026\\\/04\\\/WQ61-40OG.jpg\",\"datePublished\":\"2026-04-30T23:52:17+00:00\",\"breadcrumb\":{\"@id\":\"https:\\\/\\\/continent.lv\\\/product\\\/electrolux-wq6140og\\\/#breadcrumb\"},\"inLanguage\":\"ru-RU\",\"potentialAction\":[{\"@type\":\"ReadAction\",\"target\":[\"https:\\\/\\\/continent.lv\\\/product\\\/electrolux-wq6140og\\\/\"]}]},{\"@type\":\"ImageObject\",\"inLanguage\":\"ru-RU\",\"@id\":\"https:\\\/\\\/continent.lv\\\/product\\\/electrolux-wq6140og\\\/#primaryimage\",\"url\":\"https:\\\/\\\/continent.lv\\\/wp-content\\\/uploads\\\/2026\\\/04\\\/WQ61-40OG.jpg\",\"contentUrl\":\"https:\\\/\\\/continent.lv\\\/wp-content\\\/uploads\\\/2026\\\/04\\\/WQ61-40OG.jpg\",\"width\":1200,\"height\":1372},{\"@type\":\"BreadcrumbList\",\"@id\":\"https:\\\/\\\/continent.lv\\\/product\\\/electrolux-wq6140og\\\/#breadcrumb\",\"itemListElement\":[{\"@type\":\"ListItem\",\"position\":1,\"name\":\"Home\",\"item\":\"https:\\\/\\\/continent.lv\\\/\"},{\"@type\":\"ListItem\",\"position\":2,\"name\":\"Veikals\",\"item\":\"https:\\\/\\\/continent.lv\\\/shop\\\/\"},{\"@type\":\"ListItem\",\"position\":3,\"name\":\"Electrolux WQ6140OG\"}]},{\"@type\":\"WebSite\",\"@id\":\"https:\\\/\\\/continent.lv\\\/#website\",\"url\":\"https:\\\/\\\/continent.lv\\\/\",\"name\":\"Continent.lv\",\"description\":\"Sadz\u012bves pre\u010du internetveikals\",\"publisher\":{\"@id\":\"https:\\\/\\\/continent.lv\\\/#organization\"},\"potentialAction\":[{\"@type\":\"SearchAction\",\"target\":{\"@type\":\"EntryPoint\",\"urlTemplate\":\"https:\\\/\\\/continent.lv\\\/?s={search_term_string}\"},\"query-input\":{\"@type\":\"PropertyValueSpecification\",\"valueRequired\":true,\"valueName\":\"search_term_string\"}}],\"inLanguage\":\"ru-RU\"},{\"@type\":\"Organization\",\"@id\":\"https:\\\/\\\/continent.lv\\\/#organization\",\"name\":\"Continent.lv\",\"url\":\"https:\\\/\\\/continent.lv\\\/\",\"logo\":{\"@type\":\"ImageObject\",\"inLanguage\":\"ru-RU\",\"@id\":\"https:\\\/\\\/continent.lv\\\/#\\\/schema\\\/logo\\\/image\\\/\",\"url\":\"https:\\\/\\\/continent.lv\\\/wp-content\\\/uploads\\\/2026\\\/05\\\/logo_continent_5nwv-jh.jpg\",\"contentUrl\":\"https:\\\/\\\/continent.lv\\\/wp-content\\\/uploads\\\/2026\\\/05\\\/logo_continent_5nwv-jh.jpg\",\"width\":221,\"height\":50,\"caption\":\"Continent.lv\"},\"image\":{\"@id\":\"https:\\\/\\\/continent.lv\\\/#\\\/schema\\\/logo\\\/image\\\/\"}}]}<\/script>\n<!-- \/ Yoast SEO plugin. -->","yoast_head_json":{"title":"Electrolux WQ6140OG - Continent.lv","robots":{"index":"index","follow":"follow","max-snippet":"max-snippet:-1","max-image-preview":"max-image-preview:large","max-video-preview":"max-video-preview:-1"},"canonical":"https:\/\/continent.lv\/ru\/product\/electrolux-wq6140og\/","og_locale":"ru_RU","og_type":"article","og_title":"Electrolux WQ6140OG - Continent.lv","og_description":"Ra\u017eot\u0101js ElectroluxPutek\u013cs\u016bc\u0113ja tips Manu\u0101lais bezvaduSausie atkritumu veidsZa\u013c\u0101 kr\u0101saBaro\u0161anas sist\u0113ma AkumulatorsAkumulatora tips Li-IonAkumulatora spriegums (V) 18Uzl\u0101des laiks (h) 4.5Darb\u012bbas laiks (min.) Pie zem\u0101k\u0101 jaudas l\u012bme\u0146a \u2013 45 min. Augst\u0101kaj\u0101 jaudas l\u012bmen\u012b \u2013 10 min.Izm\u0113ri, cm 1105x140x255Svars (bez iepakojuma) 3,1 kgBRUTO svars (iepakojuma svars) 4,2 kgPapildu iesp\u0113jasFiltra veids Mazg\u0101jamsPutek\u013cu tvertnes tilpums 0,3 lTrok\u0161\u0146a l\u012bmenis 79 dB","og_url":"https:\/\/continent.lv\/ru\/product\/electrolux-wq6140og\/","og_site_name":"Continent.lv","og_image":[{"width":1200,"height":1372,"url":"https:\/\/continent.lv\/wp-content\/uploads\/2026\/04\/WQ61-40OG.jpg","type":"image\/jpeg"}],"twitter_card":"summary_large_image","schema":{"@context":"https:\/\/schema.org","@graph":[{"@type":"WebPage","@id":"https:\/\/continent.lv\/product\/electrolux-wq6140og\/","url":"https:\/\/continent.lv\/product\/electrolux-wq6140og\/","name":"Electrolux WQ6140OG - Continent.lv","isPartOf":{"@id":"https:\/\/continent.lv\/#website"},"primaryImageOfPage":{"@id":"https:\/\/continent.lv\/product\/electrolux-wq6140og\/#primaryimage"},"image":{"@id":"https:\/\/continent.lv\/product\/electrolux-wq6140og\/#primaryimage"},"thumbnailUrl":"https:\/\/continent.lv\/wp-content\/uploads\/2026\/04\/WQ61-40OG.jpg","datePublished":"2026-04-30T23:52:17+00:00","breadcrumb":{"@id":"https:\/\/continent.lv\/product\/electrolux-wq6140og\/#breadcrumb"},"inLanguage":"ru-RU","potentialAction":[{"@type":"ReadAction","target":["https:\/\/continent.lv\/product\/electrolux-wq6140og\/"]}]},{"@type":"ImageObject","inLanguage":"ru-RU","@id":"https:\/\/continent.lv\/product\/electrolux-wq6140og\/#primaryimage","url":"https:\/\/continent.lv\/wp-content\/uploads\/2026\/04\/WQ61-40OG.jpg","contentUrl":"https:\/\/continent.lv\/wp-content\/uploads\/2026\/04\/WQ61-40OG.jpg","width":1200,"height":1372},{"@type":"BreadcrumbList","@id":"https:\/\/continent.lv\/product\/electrolux-wq6140og\/#breadcrumb","itemListElement":[{"@type":"ListItem","position":1,"name":"Home","item":"https:\/\/continent.lv\/"},{"@type":"ListItem","position":2,"name":"Veikals","item":"https:\/\/continent.lv\/shop\/"},{"@type":"ListItem","position":3,"name":"Electrolux WQ6140OG"}]},{"@type":"WebSite","@id":"https:\/\/continent.lv\/#website","url":"https:\/\/continent.lv\/","name":"Continent.lv","description":"Sadz\u012bves pre\u010du internetveikals","publisher":{"@id":"https:\/\/continent.lv\/#organization"},"potentialAction":[{"@type":"SearchAction","target":{"@type":"EntryPoint","urlTemplate":"https:\/\/continent.lv\/?s={search_term_string}"},"query-input":{"@type":"PropertyValueSpecification","valueRequired":true,"valueName":"search_term_string"}}],"inLanguage":"ru-RU"},{"@type":"Organization","@id":"https:\/\/continent.lv\/#organization","name":"Continent.lv","url":"https:\/\/continent.lv\/","logo":{"@type":"ImageObject","inLanguage":"ru-RU","@id":"https:\/\/continent.lv\/#\/schema\/logo\/image\/","url":"https:\/\/continent.lv\/wp-content\/uploads\/2026\/05\/logo_continent_5nwv-jh.jpg","contentUrl":"https:\/\/continent.lv\/wp-content\/uploads\/2026\/05\/logo_continent_5nwv-jh.jpg","width":221,"height":50,"caption":"Continent.lv"},"image":{"@id":"https:\/\/continent.lv\/#\/schema\/logo\/image\/"}}]}},"_links":{"self":[{"href":"https:\/\/continent.lv\/ru\/wp-json\/wp\/v2\/product\/28195","targetHints":{"allow":["GET"]}}],"collection":[{"href":"https:\/\/continent.lv\/ru\/wp-json\/wp\/v2\/product"}],"about":[{"href":"https:\/\/continent.lv\/ru\/wp-json\/wp\/v2\/types\/product"}],"replies":[{"embeddable":true,"href":"https:\/\/continent.lv\/ru\/wp-json\/wp\/v2\/comments?post=28195"}],"wp:featuredmedia":[{"embeddable":true,"href":"https:\/\/continent.lv\/ru\/wp-json\/wp\/v2\/media\/28187"}],"wp:attachment":[{"href":"https:\/\/continent.lv\/ru\/wp-json\/wp\/v2\/media?parent=28195"}],"wp:term":[{"taxonomy":"product_brand","embeddable":true,"href":"https:\/\/continent.lv\/ru\/wp-json\/wp\/v2\/product_brand?post=28195"},{"taxonomy":"product_cat","embeddable":true,"href":"https:\/\/continent.lv\/ru\/wp-json\/wp\/v2\/product_cat?post=28195"},{"taxonomy":"product_tag","embeddable":true,"href":"https:\/\/continent.lv\/ru\/wp-json\/wp\/v2\/product_tag?post=28195"}],"curies":[{"name":"wp","href":"https:\/\/api.w.org\/{rel}","templated":true}]}}