{"id":28149,"date":"2026-04-30T23:50:21","date_gmt":"2026-04-30T23:50:21","guid":{"rendered":"https:\/\/continent.lv\/product\/gorenje-vcea11cmbk\/"},"modified":"2026-04-30T23:50:21","modified_gmt":"2026-04-30T23:50:21","slug":"gorenje-vcea11cmbk","status":"publish","type":"product","link":"https:\/\/continent.lv\/ru\/product\/gorenje-vcea11cmbk\/","title":{"rendered":"Gorenje VCEA11CMBK"},"content":{"rendered":"<p>    \u0421\u0435\u0440\u0438\u044f COMPACT MIDI<br \/>    \u0421 \u043c\u0435\u0448\u043a\u043e\u043c<br \/>    \u041a\u043b\u0430\u0441\u0441 \u044d\u043d\u0435\u0440\u0433\u043e\u043f\u043e\u0442\u0440\u0435\u0431\u043b\u0435\u043d\u0438\u044f: A<br \/>    \u0412\u0445\u043e\u0434\u043d\u0430\u044f \u043c\u043e\u0449\u043d\u043e\u0441\u0442\u044c: 800 W<br \/>    \u041a\u043e\u043b\u0438\u0447\u0435\u0441\u0442\u0432\u043e \u0432\u0438\u043b\u043e\u043a: 1<br \/>    \u0423\u043d\u0438\u0432\u0435\u0440\u0441\u0430\u043b\u044c\u043d\u0430\u044f \u0449\u0435\u0442\u043a\u0430<br \/>    \u041f\u043e\u0442\u043e\u043a \u0432\u043e\u0437\u0434\u0443\u0445\u0430: 28,3 \u043b\/\u0441<br \/>    \u041e\u0431\u044a\u0435\u043c \u043c\u0435\u0448\u043a\u0430: 2 \u043b<br \/>    \u0422\u0438\u043f \u0442\u0440\u0443\u0431\u043a\u0438: \u0422\u0435\u043b\u0435\u0441\u043a\u043e\u043f\u0438\u0447\u0435\u0441\u043a\u0430\u044f<br \/>    \u0414\u0438\u0430\u043c\u0435\u0442\u0440 \u0442\u0440\u0443\u0431\u043a\u0438: 32 \u043c\u043c<br \/>    \u0414\u043b\u0438\u043d\u0430 \u0442\u0440\u0443\u0431\u043a\u0438: 80 \u0441\u043c<br \/>    \u041c\u0430\u0442\u0435\u0440\u0438\u0430\u043b \u0442\u0440\u0443\u0431\u043a\u0438: \u043c\u0435\u0442\u0430\u043b\u043b\u0438\u0447\u0435\u0441\u043a\u0430\u044f \u0442\u0440\u0443\u0431\u043a\u0430<br \/>    \u041a\u043e\u043b\u0438\u0447\u0435\u0441\u0442\u0432\u043e \u043c\u0438\u043a\u0440\u043e\u0444\u0438\u043b\u044c\u0442\u0440\u043e\u0432 \u0432 \u0443\u043f\u0430\u043a\u043e\u0432\u043a\u0435: 1<br \/>    1 HEPA \u0444\u0438\u043b\u044c\u0442\u0440<br \/>    \u0414\u043b\u0438\u043d\u043d\u044b\u0439 \u0448\u043d\u0443\u0440, \u0448\u043b\u0430\u043d\u0433 \u0438 \u0442\u0440\u0443\u0431\u043a\u0430: 7 \u043c<br \/>    \u041a\u043e\u043b\u0438\u0447\u0435\u0441\u0442\u0432\u043e \u043a\u043e\u043b\u0435\u0441: 3<br \/>    \u0420\u0435\u0437\u0438\u043d\u043e\u0432\u044b\u0435 \u043d\u043e\u0436\u043a\u0438<br \/>    Kr\u0101sa: melna<br \/>    \u0414\u043b\u0438\u043d\u0430 \u0448\u043d\u0443\u0440\u0430: 5 \u043c<br \/>    \u0420\u0430\u0437\u043c\u0435\u0440\u044b (\u0412x\u0428x\u0413): 38 \u00d7 20,5 \u00d7 27,5 \u0441\u043c<br \/>    \u0420\u0430\u0437\u043c\u0435\u0440\u044b \u0443\u043f\u0430\u043a\u043e\u0432\u043a\u0438 (\u0412x\u0428x\u0413): 44 \u00d7 28 \u00d7 32 \u0441\u043c<br \/>    \u0412\u0435\u0441 \u043d\u0435\u0442\u0442\u043e: 3,7 \u043a\u0433<br \/>    \u0412\u0435\u0441 \u0431\u0440\u0443\u0442\u0442\u043e: 6,1 \u043a\u0433<\/p>\n<p>    \u0413\u0430\u0440\u0430\u043d\u0442\u0438\u044f 2 \u0433\u043e\u0434\u0430<\/p>","protected":false},"excerpt":{"rendered":"<p>COMPACT MIDI s\u0113rija Ar maisi\u0146u Ener\u0123ijas klase: A Ieejas jauda: 800 W Spraud\u0146u skaits: 1 Univers\u0101l\u0101 birste Gaisa pl\u016bsma: 28,3 L \/ s Maisi\u0146a apjoms: 2 l Cauru\u013cu tips: Teleskopisks Caurules diametrs: 32 mm Cauru\u013cu garums: 80 cm Caurules materi\u0101ls: met\u0101la caurule Mikrofiltra maisi\u0146u skaits iepakojum\u0101: 1 1 HEPA filtrs Pla\u0161s diapazons (kabelis, \u0161\u013c\u016btene un [&hellip;]<\/p>\n","protected":false},"featured_media":28148,"comment_status":"open","ping_status":"closed","template":"","meta":{"_joinchat":[]},"product_brand":[271],"product_cat":[282],"product_tag":[],"class_list":{"0":"post-28149","1":"product","2":"type-product","3":"status-publish","4":"has-post-thumbnail","6":"product_brand-gorenje","7":"product_cat-sadzives-tehnika-puteklu-suceji","9":"first","10":"instock","11":"shipping-taxable","12":"purchasable","13":"product-type-simple"},"yoast_head":"<!-- This site is optimized with the Yoast SEO plugin v27.5 - https:\/\/yoast.com\/product\/yoast-seo-wordpress\/ -->\n<title>Gorenje VCEA11CMBK - Continent.lv<\/title>\n<meta name=\"robots\" content=\"index, follow, max-snippet:-1, max-image-preview:large, max-video-preview:-1\" \/>\n<link rel=\"canonical\" href=\"https:\/\/continent.lv\/ru\/product\/gorenje-vcea11cmbk\/\" \/>\n<meta property=\"og:locale\" content=\"ru_RU\" \/>\n<meta property=\"og:type\" content=\"article\" \/>\n<meta property=\"og:title\" content=\"Gorenje VCEA11CMBK - Continent.lv\" \/>\n<meta property=\"og:description\" content=\"COMPACT MIDI s\u0113rija Ar maisi\u0146u Ener\u0123ijas klase: A Ieejas jauda: 800 W Spraud\u0146u skaits: 1 Univers\u0101l\u0101 birste Gaisa pl\u016bsma: 28,3 L \/ s Maisi\u0146a apjoms: 2 l Cauru\u013cu tips: Teleskopisks Caurules diametrs: 32 mm Cauru\u013cu garums: 80 cm Caurules materi\u0101ls: met\u0101la caurule Mikrofiltra maisi\u0146u skaits iepakojum\u0101: 1 1 HEPA filtrs Pla\u0161s diapazons (kabelis, \u0161\u013c\u016btene un [&hellip;]\" \/>\n<meta property=\"og:url\" content=\"https:\/\/continent.lv\/ru\/product\/gorenje-vcea11cmbk\/\" \/>\n<meta property=\"og:site_name\" content=\"Continent.lv\" \/>\n<meta property=\"og:image\" content=\"https:\/\/continent.lv\/wp-content\/uploads\/2026\/04\/VCEA11CMBK.jpg\" \/>\n\t<meta property=\"og:image:width\" content=\"280\" \/>\n\t<meta property=\"og:image:height\" content=\"186\" \/>\n\t<meta property=\"og:image:type\" content=\"image\/jpeg\" \/>\n<meta name=\"twitter:card\" content=\"summary_large_image\" \/>\n<script type=\"application\/ld+json\" class=\"yoast-schema-graph\">{\"@context\":\"https:\\\/\\\/schema.org\",\"@graph\":[{\"@type\":\"WebPage\",\"@id\":\"https:\\\/\\\/continent.lv\\\/product\\\/gorenje-vcea11cmbk\\\/\",\"url\":\"https:\\\/\\\/continent.lv\\\/product\\\/gorenje-vcea11cmbk\\\/\",\"name\":\"Gorenje VCEA11CMBK - Continent.lv\",\"isPartOf\":{\"@id\":\"https:\\\/\\\/continent.lv\\\/#website\"},\"primaryImageOfPage\":{\"@id\":\"https:\\\/\\\/continent.lv\\\/product\\\/gorenje-vcea11cmbk\\\/#primaryimage\"},\"image\":{\"@id\":\"https:\\\/\\\/continent.lv\\\/product\\\/gorenje-vcea11cmbk\\\/#primaryimage\"},\"thumbnailUrl\":\"https:\\\/\\\/continent.lv\\\/wp-content\\\/uploads\\\/2026\\\/04\\\/VCEA11CMBK.jpg\",\"datePublished\":\"2026-04-30T23:50:21+00:00\",\"breadcrumb\":{\"@id\":\"https:\\\/\\\/continent.lv\\\/product\\\/gorenje-vcea11cmbk\\\/#breadcrumb\"},\"inLanguage\":\"ru-RU\",\"potentialAction\":[{\"@type\":\"ReadAction\",\"target\":[\"https:\\\/\\\/continent.lv\\\/product\\\/gorenje-vcea11cmbk\\\/\"]}]},{\"@type\":\"ImageObject\",\"inLanguage\":\"ru-RU\",\"@id\":\"https:\\\/\\\/continent.lv\\\/product\\\/gorenje-vcea11cmbk\\\/#primaryimage\",\"url\":\"https:\\\/\\\/continent.lv\\\/wp-content\\\/uploads\\\/2026\\\/04\\\/VCEA11CMBK.jpg\",\"contentUrl\":\"https:\\\/\\\/continent.lv\\\/wp-content\\\/uploads\\\/2026\\\/04\\\/VCEA11CMBK.jpg\",\"width\":280,\"height\":186},{\"@type\":\"BreadcrumbList\",\"@id\":\"https:\\\/\\\/continent.lv\\\/product\\\/gorenje-vcea11cmbk\\\/#breadcrumb\",\"itemListElement\":[{\"@type\":\"ListItem\",\"position\":1,\"name\":\"Home\",\"item\":\"https:\\\/\\\/continent.lv\\\/\"},{\"@type\":\"ListItem\",\"position\":2,\"name\":\"Veikals\",\"item\":\"https:\\\/\\\/continent.lv\\\/shop\\\/\"},{\"@type\":\"ListItem\",\"position\":3,\"name\":\"Gorenje VCEA11CMBK\"}]},{\"@type\":\"WebSite\",\"@id\":\"https:\\\/\\\/continent.lv\\\/#website\",\"url\":\"https:\\\/\\\/continent.lv\\\/\",\"name\":\"Continent.lv\",\"description\":\"Sadz\u012bves pre\u010du internetveikals\",\"publisher\":{\"@id\":\"https:\\\/\\\/continent.lv\\\/#organization\"},\"potentialAction\":[{\"@type\":\"SearchAction\",\"target\":{\"@type\":\"EntryPoint\",\"urlTemplate\":\"https:\\\/\\\/continent.lv\\\/?s={search_term_string}\"},\"query-input\":{\"@type\":\"PropertyValueSpecification\",\"valueRequired\":true,\"valueName\":\"search_term_string\"}}],\"inLanguage\":\"ru-RU\"},{\"@type\":\"Organization\",\"@id\":\"https:\\\/\\\/continent.lv\\\/#organization\",\"name\":\"Continent.lv\",\"url\":\"https:\\\/\\\/continent.lv\\\/\",\"logo\":{\"@type\":\"ImageObject\",\"inLanguage\":\"ru-RU\",\"@id\":\"https:\\\/\\\/continent.lv\\\/#\\\/schema\\\/logo\\\/image\\\/\",\"url\":\"https:\\\/\\\/continent.lv\\\/wp-content\\\/uploads\\\/2026\\\/05\\\/logo_continent_5nwv-jh.jpg\",\"contentUrl\":\"https:\\\/\\\/continent.lv\\\/wp-content\\\/uploads\\\/2026\\\/05\\\/logo_continent_5nwv-jh.jpg\",\"width\":221,\"height\":50,\"caption\":\"Continent.lv\"},\"image\":{\"@id\":\"https:\\\/\\\/continent.lv\\\/#\\\/schema\\\/logo\\\/image\\\/\"}}]}<\/script>\n<!-- \/ Yoast SEO plugin. -->","yoast_head_json":{"title":"Gorenje VCEA11CMBK - Continent.lv","robots":{"index":"index","follow":"follow","max-snippet":"max-snippet:-1","max-image-preview":"max-image-preview:large","max-video-preview":"max-video-preview:-1"},"canonical":"https:\/\/continent.lv\/ru\/product\/gorenje-vcea11cmbk\/","og_locale":"ru_RU","og_type":"article","og_title":"Gorenje VCEA11CMBK - Continent.lv","og_description":"COMPACT MIDI s\u0113rija Ar maisi\u0146u Ener\u0123ijas klase: A Ieejas jauda: 800 W Spraud\u0146u skaits: 1 Univers\u0101l\u0101 birste Gaisa pl\u016bsma: 28,3 L \/ s Maisi\u0146a apjoms: 2 l Cauru\u013cu tips: Teleskopisks Caurules diametrs: 32 mm Cauru\u013cu garums: 80 cm Caurules materi\u0101ls: met\u0101la caurule Mikrofiltra maisi\u0146u skaits iepakojum\u0101: 1 1 HEPA filtrs Pla\u0161s diapazons (kabelis, \u0161\u013c\u016btene un [&hellip;]","og_url":"https:\/\/continent.lv\/ru\/product\/gorenje-vcea11cmbk\/","og_site_name":"Continent.lv","og_image":[{"width":280,"height":186,"url":"https:\/\/continent.lv\/wp-content\/uploads\/2026\/04\/VCEA11CMBK.jpg","type":"image\/jpeg"}],"twitter_card":"summary_large_image","schema":{"@context":"https:\/\/schema.org","@graph":[{"@type":"WebPage","@id":"https:\/\/continent.lv\/product\/gorenje-vcea11cmbk\/","url":"https:\/\/continent.lv\/product\/gorenje-vcea11cmbk\/","name":"Gorenje VCEA11CMBK - Continent.lv","isPartOf":{"@id":"https:\/\/continent.lv\/#website"},"primaryImageOfPage":{"@id":"https:\/\/continent.lv\/product\/gorenje-vcea11cmbk\/#primaryimage"},"image":{"@id":"https:\/\/continent.lv\/product\/gorenje-vcea11cmbk\/#primaryimage"},"thumbnailUrl":"https:\/\/continent.lv\/wp-content\/uploads\/2026\/04\/VCEA11CMBK.jpg","datePublished":"2026-04-30T23:50:21+00:00","breadcrumb":{"@id":"https:\/\/continent.lv\/product\/gorenje-vcea11cmbk\/#breadcrumb"},"inLanguage":"ru-RU","potentialAction":[{"@type":"ReadAction","target":["https:\/\/continent.lv\/product\/gorenje-vcea11cmbk\/"]}]},{"@type":"ImageObject","inLanguage":"ru-RU","@id":"https:\/\/continent.lv\/product\/gorenje-vcea11cmbk\/#primaryimage","url":"https:\/\/continent.lv\/wp-content\/uploads\/2026\/04\/VCEA11CMBK.jpg","contentUrl":"https:\/\/continent.lv\/wp-content\/uploads\/2026\/04\/VCEA11CMBK.jpg","width":280,"height":186},{"@type":"BreadcrumbList","@id":"https:\/\/continent.lv\/product\/gorenje-vcea11cmbk\/#breadcrumb","itemListElement":[{"@type":"ListItem","position":1,"name":"Home","item":"https:\/\/continent.lv\/"},{"@type":"ListItem","position":2,"name":"Veikals","item":"https:\/\/continent.lv\/shop\/"},{"@type":"ListItem","position":3,"name":"Gorenje VCEA11CMBK"}]},{"@type":"WebSite","@id":"https:\/\/continent.lv\/#website","url":"https:\/\/continent.lv\/","name":"Continent.lv","description":"Sadz\u012bves pre\u010du internetveikals","publisher":{"@id":"https:\/\/continent.lv\/#organization"},"potentialAction":[{"@type":"SearchAction","target":{"@type":"EntryPoint","urlTemplate":"https:\/\/continent.lv\/?s={search_term_string}"},"query-input":{"@type":"PropertyValueSpecification","valueRequired":true,"valueName":"search_term_string"}}],"inLanguage":"ru-RU"},{"@type":"Organization","@id":"https:\/\/continent.lv\/#organization","name":"Continent.lv","url":"https:\/\/continent.lv\/","logo":{"@type":"ImageObject","inLanguage":"ru-RU","@id":"https:\/\/continent.lv\/#\/schema\/logo\/image\/","url":"https:\/\/continent.lv\/wp-content\/uploads\/2026\/05\/logo_continent_5nwv-jh.jpg","contentUrl":"https:\/\/continent.lv\/wp-content\/uploads\/2026\/05\/logo_continent_5nwv-jh.jpg","width":221,"height":50,"caption":"Continent.lv"},"image":{"@id":"https:\/\/continent.lv\/#\/schema\/logo\/image\/"}}]}},"_links":{"self":[{"href":"https:\/\/continent.lv\/ru\/wp-json\/wp\/v2\/product\/28149","targetHints":{"allow":["GET"]}}],"collection":[{"href":"https:\/\/continent.lv\/ru\/wp-json\/wp\/v2\/product"}],"about":[{"href":"https:\/\/continent.lv\/ru\/wp-json\/wp\/v2\/types\/product"}],"replies":[{"embeddable":true,"href":"https:\/\/continent.lv\/ru\/wp-json\/wp\/v2\/comments?post=28149"}],"wp:featuredmedia":[{"embeddable":true,"href":"https:\/\/continent.lv\/ru\/wp-json\/wp\/v2\/media\/28148"}],"wp:attachment":[{"href":"https:\/\/continent.lv\/ru\/wp-json\/wp\/v2\/media?parent=28149"}],"wp:term":[{"taxonomy":"product_brand","embeddable":true,"href":"https:\/\/continent.lv\/ru\/wp-json\/wp\/v2\/product_brand?post=28149"},{"taxonomy":"product_cat","embeddable":true,"href":"https:\/\/continent.lv\/ru\/wp-json\/wp\/v2\/product_cat?post=28149"},{"taxonomy":"product_tag","embeddable":true,"href":"https:\/\/continent.lv\/ru\/wp-json\/wp\/v2\/product_tag?post=28149"}],"curies":[{"name":"wp","href":"https:\/\/api.w.org\/{rel}","templated":true}]}}