{"id":27995,"date":"2026-04-30T23:46:11","date_gmt":"2026-04-30T23:46:11","guid":{"rendered":"https:\/\/continent.lv\/product\/bosch-bel554ms0\/"},"modified":"2026-04-30T23:46:11","modified_gmt":"2026-04-30T23:46:11","slug":"bosch-bel554ms0","status":"publish","type":"product","link":"https:\/\/continent.lv\/ru\/product\/bosch-bel554ms0\/","title":{"rendered":"Bosch BEL554MS0"},"content":{"rendered":"<p class=\"translation-block\"><p>\u041c\u043e\u0449\u043d\u043e\u0441\u0442\u044c 900 \u0412\u0442<br>\u041e\u0431\u044a\u0435\u043c 25 \u043b<br>\u0423\u043f\u0440\u0430\u0432\u043b\u0435\u043d\u0438\u0435 \u0421\u0435\u043d\u0441\u043e\u0440\u043d\u043e\u0435<br>\u0423\u0440\u043e\u0432\u043d\u0438 \u043c\u043e\u0449\u043d\u043e\u0441\u0442\u0438 5<br>\u0413\u0440\u0438\u043b\u044c \u0414\u0430<br>\u041c\u043e\u0449\u043d\u043e\u0441\u0442\u044c \u0433\u0440\u0438\u043b\u044f 1200 \u0412\u0442<br>\u041a\u043e\u043d\u0432\u0435\u043a\u0446\u0438\u044f \u0414\u0430<br>\u0424\u0443\u043d\u043a\u0446\u0438\u0438 \u043c\u0438\u043a\u0440\u043e\u0432\u043e\u043b\u043d\u043e\u0432\u043e\u0439 \u043f\u0435\u0447\u0438 \u0412\u043d\u0443\u0442\u0440\u0435\u043d\u043d\u0435\u0435 \u043e\u0441\u0432\u0435\u0449\u0435\u043d\u0438\u0435<br>\u041a\u043e\u043b\u0438\u0447\u0435\u0441\u0442\u0432\u043e \u0430\u0432\u0442\u043e\u043c\u0430\u0442\u0438\u0447\u0435\u0441\u043a\u0438\u0445 \u043f\u0440\u043e\u0433\u0440\u0430\u043c\u043c 8<br>\u0414\u0438\u0441\u043f\u043b\u0435\u0439 \u0414\u0430<br>\u0427\u0430\u0441\u044b \u0414\u0430<br>\u041e\u0442\u043a\u0440\u044b\u0432\u0430\u043d\u0438\u0435 \u0434\u0432\u0435\u0440\u0446\u044b \u041a\u043d\u043e\u043f\u043a\u0430 \u043e\u0442\u043a\u0440\u044b\u0442\u0438\u044f<br>\u0410\u0432\u0442\u043e\u0440\u0430\u0437\u043c\u043e\u0440\u043e\u0437\u043a\u0430 \u0414\u0430<br>\u0426\u0432\u0435\u0442 \u043a\u043e\u0440\u043f\u0443\u0441\u0430 \u041d\u0435\u0440\u0436\u0430\u0432\u0435\u044e\u0449\u0430\u044f \u0441\u0442\u0430\u043b\u044c<br>\u0412\u0435\u0441 19 \u043a\u0433<br>\u0412\u044b\u0441\u043e\u0442\u0430 382 \u043c\u043c<br>\u0414\u043b\u0438\u043d\u0430 388 \u043c\u043c<br>\u0428\u0438\u0440\u0438\u043d\u0430 594 \u043c\u043c<\/p><\/p>","protected":false},"excerpt":{"rendered":"<p class=\"translation-block\"><p>\u041c\u043e\u0449\u043d\u043e\u0441\u0442\u044c 900 \u0412\u0442<br>\u041e\u0431\u044a\u0435\u043c 25 \u043b<br>\u0423\u043f\u0440\u0430\u0432\u043b\u0435\u043d\u0438\u0435 \u0421\u0435\u043d\u0441\u043e\u0440\u043d\u043e\u0435<br>\u0423\u0440\u043e\u0432\u043d\u0438 \u043c\u043e\u0449\u043d\u043e\u0441\u0442\u0438 5<br>\u0413\u0440\u0438\u043b\u044c \u0414\u0430<br>\u041c\u043e\u0449\u043d\u043e\u0441\u0442\u044c \u0433\u0440\u0438\u043b\u044f 1200 \u0412\u0442<br>\u041a\u043e\u043d\u0432\u0435\u043a\u0446\u0438\u044f \u0414\u0430<br>\u0424\u0443\u043d\u043a\u0446\u0438\u0438 \u043c\u0438\u043a\u0440\u043e\u0432\u043e\u043b\u043d\u043e\u0432\u043e\u0439 \u043f\u0435\u0447\u0438 \u0412\u043d\u0443\u0442\u0440\u0435\u043d\u043d\u0435\u0435 \u043e\u0441\u0432\u0435\u0449\u0435\u043d\u0438\u0435<br>\u041a\u043e\u043b\u0438\u0447\u0435\u0441\u0442\u0432\u043e \u0430\u0432\u0442\u043e\u043c\u0430\u0442\u0438\u0447\u0435\u0441\u043a\u0438\u0445 \u043f\u0440\u043e\u0433\u0440\u0430\u043c\u043c 8<br>\u0414\u0438\u0441\u043f\u043b\u0435\u0439 \u0414\u0430<br>\u0427\u0430\u0441\u044b \u0414\u0430<br>\u041e\u0442\u043a\u0440\u044b\u0432\u0430\u043d\u0438\u0435 \u0434\u0432\u0435\u0440\u0446\u044b \u041a\u043d\u043e\u043f\u043a\u0430 \u043e\u0442\u043a\u0440\u044b\u0442\u0438\u044f<br>\u0410\u0432\u0442\u043e\u0440\u0430\u0437\u043c\u043e\u0440\u043e\u0437\u043a\u0430 \u0414\u0430<br>\u0426\u0432\u0435\u0442 \u043a\u043e\u0440\u043f\u0443\u0441\u0430 \u041d\u0435\u0440\u0436\u0430\u0432\u0435\u044e\u0449\u0430\u044f \u0441\u0442\u0430\u043b\u044c<br>\u0412\u0435\u0441 19 \u043a\u0433<br>\u0412\u044b\u0441\u043e\u0442\u0430 382 \u043c\u043c<br>\u0414\u043b\u0438\u043d\u0430 388 \u043c\u043c<br>\u0428\u0438\u0440\u0438\u043d\u0430 594 \u043c\u043c<\/p><\/p>","protected":false},"featured_media":27993,"comment_status":"open","ping_status":"closed","template":"","meta":{"_joinchat":[]},"product_brand":[281],"product_cat":[321],"product_tag":[],"class_list":{"0":"post-27995","1":"product","2":"type-product","3":"status-publish","4":"has-post-thumbnail","6":"product_brand-bosch","7":"product_cat-iebuvejama-sadzives-tehnika-iebuvejamas-mikrovilnu-krasnis","9":"first","10":"instock","11":"shipping-taxable","12":"purchasable","13":"product-type-simple"},"yoast_head":"<!-- This site is optimized with the Yoast SEO plugin v27.5 - https:\/\/yoast.com\/product\/yoast-seo-wordpress\/ -->\n<title>Bosch BEL554MS0 - Continent.lv<\/title>\n<meta name=\"robots\" content=\"index, follow, max-snippet:-1, max-image-preview:large, max-video-preview:-1\" \/>\n<link rel=\"canonical\" href=\"https:\/\/continent.lv\/ru\/product\/bosch-bel554ms0\/\" \/>\n<meta property=\"og:locale\" content=\"ru_RU\" \/>\n<meta property=\"og:type\" content=\"article\" \/>\n<meta property=\"og:title\" content=\"Bosch BEL554MS0 - Continent.lv\" \/>\n<meta property=\"og:description\" content=\"Jauda 900 WTilpums 25 lVad\u012bba SensoruJaudas l\u012bme\u0146i 5Grils J\u0101Grila jauda 1200 WKonvekcija J\u0101Mikrovi\u013c\u0146u kr\u0101sns funkcijas Iek\u0161\u0113js apgaismojumsAutom\u0101tisko programmu skaits 8Displejs J\u0101Pulkstenis J\u0101Durvju atv\u0113r\u0161ana Atv\u0113r\u0161anas pogaAutom\u0101tisk\u0101 atkaus\u0113\u0161ana J\u0101Korpusa kr\u0101sa Ner\u016bs\u0113jo\u0161ais t\u0113raudsSvars 19 kgAugstums 382 mmGarums 388 mmPlatums 594 mm\" \/>\n<meta property=\"og:url\" content=\"https:\/\/continent.lv\/ru\/product\/bosch-bel554ms0\/\" \/>\n<meta property=\"og:site_name\" content=\"Continent.lv\" \/>\n<meta property=\"og:image\" content=\"https:\/\/continent.lv\/wp-content\/uploads\/2026\/04\/BEL554MS0.jpg\" \/>\n\t<meta property=\"og:image:width\" content=\"280\" \/>\n\t<meta property=\"og:image:height\" content=\"157\" \/>\n\t<meta property=\"og:image:type\" content=\"image\/jpeg\" \/>\n<meta name=\"twitter:card\" content=\"summary_large_image\" \/>\n<script type=\"application\/ld+json\" class=\"yoast-schema-graph\">{\"@context\":\"https:\\\/\\\/schema.org\",\"@graph\":[{\"@type\":\"WebPage\",\"@id\":\"https:\\\/\\\/continent.lv\\\/product\\\/bosch-bel554ms0\\\/\",\"url\":\"https:\\\/\\\/continent.lv\\\/product\\\/bosch-bel554ms0\\\/\",\"name\":\"Bosch BEL554MS0 - Continent.lv\",\"isPartOf\":{\"@id\":\"https:\\\/\\\/continent.lv\\\/#website\"},\"primaryImageOfPage\":{\"@id\":\"https:\\\/\\\/continent.lv\\\/product\\\/bosch-bel554ms0\\\/#primaryimage\"},\"image\":{\"@id\":\"https:\\\/\\\/continent.lv\\\/product\\\/bosch-bel554ms0\\\/#primaryimage\"},\"thumbnailUrl\":\"https:\\\/\\\/continent.lv\\\/wp-content\\\/uploads\\\/2026\\\/04\\\/BEL554MS0.jpg\",\"datePublished\":\"2026-04-30T23:46:11+00:00\",\"breadcrumb\":{\"@id\":\"https:\\\/\\\/continent.lv\\\/product\\\/bosch-bel554ms0\\\/#breadcrumb\"},\"inLanguage\":\"ru-RU\",\"potentialAction\":[{\"@type\":\"ReadAction\",\"target\":[\"https:\\\/\\\/continent.lv\\\/product\\\/bosch-bel554ms0\\\/\"]}]},{\"@type\":\"ImageObject\",\"inLanguage\":\"ru-RU\",\"@id\":\"https:\\\/\\\/continent.lv\\\/product\\\/bosch-bel554ms0\\\/#primaryimage\",\"url\":\"https:\\\/\\\/continent.lv\\\/wp-content\\\/uploads\\\/2026\\\/04\\\/BEL554MS0.jpg\",\"contentUrl\":\"https:\\\/\\\/continent.lv\\\/wp-content\\\/uploads\\\/2026\\\/04\\\/BEL554MS0.jpg\",\"width\":280,\"height\":157},{\"@type\":\"BreadcrumbList\",\"@id\":\"https:\\\/\\\/continent.lv\\\/product\\\/bosch-bel554ms0\\\/#breadcrumb\",\"itemListElement\":[{\"@type\":\"ListItem\",\"position\":1,\"name\":\"Home\",\"item\":\"https:\\\/\\\/continent.lv\\\/\"},{\"@type\":\"ListItem\",\"position\":2,\"name\":\"Veikals\",\"item\":\"https:\\\/\\\/continent.lv\\\/shop\\\/\"},{\"@type\":\"ListItem\",\"position\":3,\"name\":\"Bosch BEL554MS0\"}]},{\"@type\":\"WebSite\",\"@id\":\"https:\\\/\\\/continent.lv\\\/#website\",\"url\":\"https:\\\/\\\/continent.lv\\\/\",\"name\":\"Continent.lv\",\"description\":\"Sadz\u012bves pre\u010du internetveikals\",\"publisher\":{\"@id\":\"https:\\\/\\\/continent.lv\\\/#organization\"},\"potentialAction\":[{\"@type\":\"SearchAction\",\"target\":{\"@type\":\"EntryPoint\",\"urlTemplate\":\"https:\\\/\\\/continent.lv\\\/?s={search_term_string}\"},\"query-input\":{\"@type\":\"PropertyValueSpecification\",\"valueRequired\":true,\"valueName\":\"search_term_string\"}}],\"inLanguage\":\"ru-RU\"},{\"@type\":\"Organization\",\"@id\":\"https:\\\/\\\/continent.lv\\\/#organization\",\"name\":\"Continent.lv\",\"url\":\"https:\\\/\\\/continent.lv\\\/\",\"logo\":{\"@type\":\"ImageObject\",\"inLanguage\":\"ru-RU\",\"@id\":\"https:\\\/\\\/continent.lv\\\/#\\\/schema\\\/logo\\\/image\\\/\",\"url\":\"https:\\\/\\\/continent.lv\\\/wp-content\\\/uploads\\\/2026\\\/05\\\/logo_continent_5nwv-jh.jpg\",\"contentUrl\":\"https:\\\/\\\/continent.lv\\\/wp-content\\\/uploads\\\/2026\\\/05\\\/logo_continent_5nwv-jh.jpg\",\"width\":221,\"height\":50,\"caption\":\"Continent.lv\"},\"image\":{\"@id\":\"https:\\\/\\\/continent.lv\\\/#\\\/schema\\\/logo\\\/image\\\/\"}}]}<\/script>\n<!-- \/ Yoast SEO plugin. -->","yoast_head_json":{"title":"Bosch BEL554MS0 - Continent.lv","robots":{"index":"index","follow":"follow","max-snippet":"max-snippet:-1","max-image-preview":"max-image-preview:large","max-video-preview":"max-video-preview:-1"},"canonical":"https:\/\/continent.lv\/ru\/product\/bosch-bel554ms0\/","og_locale":"ru_RU","og_type":"article","og_title":"Bosch BEL554MS0 - Continent.lv","og_description":"Jauda 900 WTilpums 25 lVad\u012bba SensoruJaudas l\u012bme\u0146i 5Grils J\u0101Grila jauda 1200 WKonvekcija J\u0101Mikrovi\u013c\u0146u kr\u0101sns funkcijas Iek\u0161\u0113js apgaismojumsAutom\u0101tisko programmu skaits 8Displejs J\u0101Pulkstenis J\u0101Durvju atv\u0113r\u0161ana Atv\u0113r\u0161anas pogaAutom\u0101tisk\u0101 atkaus\u0113\u0161ana J\u0101Korpusa kr\u0101sa Ner\u016bs\u0113jo\u0161ais t\u0113raudsSvars 19 kgAugstums 382 mmGarums 388 mmPlatums 594 mm","og_url":"https:\/\/continent.lv\/ru\/product\/bosch-bel554ms0\/","og_site_name":"Continent.lv","og_image":[{"width":280,"height":157,"url":"https:\/\/continent.lv\/wp-content\/uploads\/2026\/04\/BEL554MS0.jpg","type":"image\/jpeg"}],"twitter_card":"summary_large_image","schema":{"@context":"https:\/\/schema.org","@graph":[{"@type":"WebPage","@id":"https:\/\/continent.lv\/product\/bosch-bel554ms0\/","url":"https:\/\/continent.lv\/product\/bosch-bel554ms0\/","name":"Bosch BEL554MS0 - Continent.lv","isPartOf":{"@id":"https:\/\/continent.lv\/#website"},"primaryImageOfPage":{"@id":"https:\/\/continent.lv\/product\/bosch-bel554ms0\/#primaryimage"},"image":{"@id":"https:\/\/continent.lv\/product\/bosch-bel554ms0\/#primaryimage"},"thumbnailUrl":"https:\/\/continent.lv\/wp-content\/uploads\/2026\/04\/BEL554MS0.jpg","datePublished":"2026-04-30T23:46:11+00:00","breadcrumb":{"@id":"https:\/\/continent.lv\/product\/bosch-bel554ms0\/#breadcrumb"},"inLanguage":"ru-RU","potentialAction":[{"@type":"ReadAction","target":["https:\/\/continent.lv\/product\/bosch-bel554ms0\/"]}]},{"@type":"ImageObject","inLanguage":"ru-RU","@id":"https:\/\/continent.lv\/product\/bosch-bel554ms0\/#primaryimage","url":"https:\/\/continent.lv\/wp-content\/uploads\/2026\/04\/BEL554MS0.jpg","contentUrl":"https:\/\/continent.lv\/wp-content\/uploads\/2026\/04\/BEL554MS0.jpg","width":280,"height":157},{"@type":"BreadcrumbList","@id":"https:\/\/continent.lv\/product\/bosch-bel554ms0\/#breadcrumb","itemListElement":[{"@type":"ListItem","position":1,"name":"Home","item":"https:\/\/continent.lv\/"},{"@type":"ListItem","position":2,"name":"Veikals","item":"https:\/\/continent.lv\/shop\/"},{"@type":"ListItem","position":3,"name":"Bosch BEL554MS0"}]},{"@type":"WebSite","@id":"https:\/\/continent.lv\/#website","url":"https:\/\/continent.lv\/","name":"Continent.lv","description":"Sadz\u012bves pre\u010du internetveikals","publisher":{"@id":"https:\/\/continent.lv\/#organization"},"potentialAction":[{"@type":"SearchAction","target":{"@type":"EntryPoint","urlTemplate":"https:\/\/continent.lv\/?s={search_term_string}"},"query-input":{"@type":"PropertyValueSpecification","valueRequired":true,"valueName":"search_term_string"}}],"inLanguage":"ru-RU"},{"@type":"Organization","@id":"https:\/\/continent.lv\/#organization","name":"Continent.lv","url":"https:\/\/continent.lv\/","logo":{"@type":"ImageObject","inLanguage":"ru-RU","@id":"https:\/\/continent.lv\/#\/schema\/logo\/image\/","url":"https:\/\/continent.lv\/wp-content\/uploads\/2026\/05\/logo_continent_5nwv-jh.jpg","contentUrl":"https:\/\/continent.lv\/wp-content\/uploads\/2026\/05\/logo_continent_5nwv-jh.jpg","width":221,"height":50,"caption":"Continent.lv"},"image":{"@id":"https:\/\/continent.lv\/#\/schema\/logo\/image\/"}}]}},"_links":{"self":[{"href":"https:\/\/continent.lv\/ru\/wp-json\/wp\/v2\/product\/27995","targetHints":{"allow":["GET"]}}],"collection":[{"href":"https:\/\/continent.lv\/ru\/wp-json\/wp\/v2\/product"}],"about":[{"href":"https:\/\/continent.lv\/ru\/wp-json\/wp\/v2\/types\/product"}],"replies":[{"embeddable":true,"href":"https:\/\/continent.lv\/ru\/wp-json\/wp\/v2\/comments?post=27995"}],"wp:featuredmedia":[{"embeddable":true,"href":"https:\/\/continent.lv\/ru\/wp-json\/wp\/v2\/media\/27993"}],"wp:attachment":[{"href":"https:\/\/continent.lv\/ru\/wp-json\/wp\/v2\/media?parent=27995"}],"wp:term":[{"taxonomy":"product_brand","embeddable":true,"href":"https:\/\/continent.lv\/ru\/wp-json\/wp\/v2\/product_brand?post=27995"},{"taxonomy":"product_cat","embeddable":true,"href":"https:\/\/continent.lv\/ru\/wp-json\/wp\/v2\/product_cat?post=27995"},{"taxonomy":"product_tag","embeddable":true,"href":"https:\/\/continent.lv\/ru\/wp-json\/wp\/v2\/product_tag?post=27995"}],"curies":[{"name":"wp","href":"https:\/\/api.w.org\/{rel}","templated":true}]}}