{"id":27992,"date":"2026-04-30T23:46:08","date_gmt":"2026-04-30T23:46:08","guid":{"rendered":"https:\/\/continent.lv\/product\/russell-hobbs-20412-70\/"},"modified":"2026-04-30T23:46:08","modified_gmt":"2026-04-30T23:46:08","slug":"russell-hobbs-20412-70","status":"publish","type":"product","link":"https:\/\/continent.lv\/ru\/product\/russell-hobbs-20412-70\/","title":{"rendered":"Russell Hobbs 20412-70"},"content":{"rendered":"<table class=\"attribute\">\n<tbody>\n<tr>\n<td>Ra\u017eot\u0101js<\/td>\n<td>Russell Hobbs<\/td>\n<\/tr>\n<tr>\n<td>\u0423\u043f\u0440\u0430\u0432\u043b\u0435\u043d\u0438\u0435<\/td>\n<td>Mehanisk\u0101<\/td>\n<\/tr>\n<tr>\n<td>\u041c\u043e\u0449\u043d\u043e\u0441\u0442\u044c, \u0412\u0442<\/td>\n<td>2400<\/td>\n<\/tr>\n<tr>\n<td>\u041e\u0431\u044a\u0435\u043c (\u043b\u0438\u0442\u0440\u044b)<\/td>\n<td>1.7<\/td>\n<\/tr>\n<tr>\n<td>\u041d\u0430\u0433\u0440\u0435\u0432\u0430\u0442\u0435\u043b\u044c\u043d\u044b\u0439 \u044d\u043b\u0435\u043c\u0435\u043d\u0442<\/td>\n<td>\u0414\u0438\u0441\u043a<\/td>\n<\/tr>\n<tr>\n<td>\u041e\u0441\u043d\u043e\u0432\u0430\u043d\u0438\u0435 \u0441 \u043f\u043e\u0432\u043e\u0440\u043e\u0442\u043e\u043c \u043d\u0430 360 \u0433\u0440\u0430\u0434\u0443\u0441\u043e\u0432<\/td>\n<td>\u0414\u0430<\/td>\n<\/tr>\n<tr>\n<td>\u016adens l\u012bme\u0146a indikators<\/td>\n<td>\u0414\u0430<\/td>\n<\/tr>\n<tr>\n<td>\u0432\u043e\u0434\u044f\u043d\u043e\u0439 \u0444\u0438\u043b\u044c\u0442\u0440<\/td>\n<td>\u0414\u0430<\/td>\n<\/tr>\n<tr>\n<td>\u0418\u043d\u0434\u0438\u043a\u0430\u0442\u043e\u0440 \u0440\u0430\u0431\u043e\u0442\u044b<\/td>\n<td>\u0414\u0430<\/td>\n<\/tr>\n<tr>\n<td>\u0410\u0432\u0442\u043e\u043c\u0430\u0442\u0438\u0447\u0435\u0441\u043a\u043e\u0435 \u0432\u044b\u043a\u043b\u044e\u0447\u0435\u043d\u0438\u0435<\/td>\n<td>\u0414\u0430<\/td>\n<\/tr>\n<tr>\n<td>\u0424\u0443\u043d\u043a\u0446\u0438\u0438 \u0431\u0435\u0437\u043e\u043f\u0430\u0441\u043d\u043e\u0441\u0442\u0438<\/td>\n<td>\u0417\u0430\u0449\u0438\u0442\u0430 \u043e\u0442 \u043f\u0435\u0440\u0435\u0433\u0440\u0435\u0432\u0430<\/td>\n<\/tr>\n<tr>\n<td>\u041c\u0430\u0442\u0435\u0440\u0438\u0430\u043b<\/td>\n<td>Ner\u016bs\u0113jo\u0161\u0101 t\u0113rauda<\/td>\n<\/tr>\n<tr>\n<td>\u0426\u0432\u0435\u0442<\/td>\n<td>\u041a\u0440\u0430\u0441\u043d\u044b\u0439<\/td>\n<\/tr>\n<tr>\n<td>\u0413\u0430\u0440\u0430\u043d\u0442\u0438\u044f, \u0433\u043e\u0434\u044b<\/td>\n<td>2<\/td>\n<\/tr>\n<\/tbody>\n<\/table>","protected":false},"excerpt":{"rendered":"<p>Ra\u017eot\u0101js Russell Hobbs Vad\u012bba Mehanisk\u0101 Jauda, W 2400 Tilpums (litri) 1.7 Sild\u012b\u0161anas elements Disks Paliknis ar 360 gr\u0101du pagriezienu J\u0101 \u016adens l\u012bme\u0146a indikators J\u0101 \u016adens filtrs J\u0101 Darb\u012bbas indikators J\u0101 Autom\u0101tisk\u0101 izsl\u0113g\u0161an\u0101s J\u0101 Dro\u0161\u012bbas funkcijas Aizsardz\u012bba pret p\u0101rkar\u0161anu Materi\u0101ls Ner\u016bs\u0113jo\u0161\u0101 t\u0113rauda Kr\u0101sa Sarkana Garantija, gadi 2<\/p>","protected":false},"featured_media":27991,"comment_status":"open","ping_status":"closed","template":"","meta":{"_joinchat":[]},"product_brand":[360],"product_cat":[333],"product_tag":[],"class_list":{"0":"post-27992","1":"product","2":"type-product","3":"status-publish","4":"has-post-thumbnail","6":"product_brand-russell-hobbs","7":"product_cat-maza-sadzives-tehnika-elektriskas-tejkannas","9":"first","10":"instock","11":"shipping-taxable","12":"purchasable","13":"product-type-simple"},"yoast_head":"<!-- This site is optimized with the Yoast SEO plugin v27.5 - https:\/\/yoast.com\/product\/yoast-seo-wordpress\/ -->\n<title>Russell Hobbs 20412-70 - Continent.lv<\/title>\n<meta name=\"robots\" content=\"index, follow, max-snippet:-1, max-image-preview:large, max-video-preview:-1\" \/>\n<link rel=\"canonical\" href=\"https:\/\/continent.lv\/ru\/product\/russell-hobbs-20412-70\/\" \/>\n<meta property=\"og:locale\" content=\"ru_RU\" \/>\n<meta property=\"og:type\" content=\"article\" \/>\n<meta property=\"og:title\" content=\"Russell Hobbs 20412-70 - Continent.lv\" \/>\n<meta property=\"og:description\" content=\"Ra\u017eot\u0101js Russell Hobbs Vad\u012bba Mehanisk\u0101 Jauda, W 2400 Tilpums (litri) 1.7 Sild\u012b\u0161anas elements Disks Paliknis ar 360 gr\u0101du pagriezienu J\u0101 \u016adens l\u012bme\u0146a indikators J\u0101 \u016adens filtrs J\u0101 Darb\u012bbas indikators J\u0101 Autom\u0101tisk\u0101 izsl\u0113g\u0161an\u0101s J\u0101 Dro\u0161\u012bbas funkcijas Aizsardz\u012bba pret p\u0101rkar\u0161anu Materi\u0101ls Ner\u016bs\u0113jo\u0161\u0101 t\u0113rauda Kr\u0101sa Sarkana Garantija, gadi 2\" \/>\n<meta property=\"og:url\" content=\"https:\/\/continent.lv\/ru\/product\/russell-hobbs-20412-70\/\" \/>\n<meta property=\"og:site_name\" content=\"Continent.lv\" \/>\n<meta property=\"og:image\" content=\"https:\/\/continent.lv\/wp-content\/uploads\/2026\/04\/Russell_Hobbs_20412-70.png\" \/>\n\t<meta property=\"og:image:width\" content=\"280\" \/>\n\t<meta property=\"og:image:height\" content=\"280\" \/>\n\t<meta property=\"og:image:type\" content=\"image\/png\" \/>\n<meta name=\"twitter:card\" content=\"summary_large_image\" \/>\n<script type=\"application\/ld+json\" class=\"yoast-schema-graph\">{\"@context\":\"https:\\\/\\\/schema.org\",\"@graph\":[{\"@type\":\"WebPage\",\"@id\":\"https:\\\/\\\/continent.lv\\\/product\\\/russell-hobbs-20412-70\\\/\",\"url\":\"https:\\\/\\\/continent.lv\\\/product\\\/russell-hobbs-20412-70\\\/\",\"name\":\"Russell Hobbs 20412-70 - Continent.lv\",\"isPartOf\":{\"@id\":\"https:\\\/\\\/continent.lv\\\/#website\"},\"primaryImageOfPage\":{\"@id\":\"https:\\\/\\\/continent.lv\\\/product\\\/russell-hobbs-20412-70\\\/#primaryimage\"},\"image\":{\"@id\":\"https:\\\/\\\/continent.lv\\\/product\\\/russell-hobbs-20412-70\\\/#primaryimage\"},\"thumbnailUrl\":\"https:\\\/\\\/continent.lv\\\/wp-content\\\/uploads\\\/2026\\\/04\\\/Russell_Hobbs_20412-70.png\",\"datePublished\":\"2026-04-30T23:46:08+00:00\",\"breadcrumb\":{\"@id\":\"https:\\\/\\\/continent.lv\\\/product\\\/russell-hobbs-20412-70\\\/#breadcrumb\"},\"inLanguage\":\"ru-RU\",\"potentialAction\":[{\"@type\":\"ReadAction\",\"target\":[\"https:\\\/\\\/continent.lv\\\/product\\\/russell-hobbs-20412-70\\\/\"]}]},{\"@type\":\"ImageObject\",\"inLanguage\":\"ru-RU\",\"@id\":\"https:\\\/\\\/continent.lv\\\/product\\\/russell-hobbs-20412-70\\\/#primaryimage\",\"url\":\"https:\\\/\\\/continent.lv\\\/wp-content\\\/uploads\\\/2026\\\/04\\\/Russell_Hobbs_20412-70.png\",\"contentUrl\":\"https:\\\/\\\/continent.lv\\\/wp-content\\\/uploads\\\/2026\\\/04\\\/Russell_Hobbs_20412-70.png\",\"width\":280,\"height\":280},{\"@type\":\"BreadcrumbList\",\"@id\":\"https:\\\/\\\/continent.lv\\\/product\\\/russell-hobbs-20412-70\\\/#breadcrumb\",\"itemListElement\":[{\"@type\":\"ListItem\",\"position\":1,\"name\":\"Home\",\"item\":\"https:\\\/\\\/continent.lv\\\/\"},{\"@type\":\"ListItem\",\"position\":2,\"name\":\"Veikals\",\"item\":\"https:\\\/\\\/continent.lv\\\/shop\\\/\"},{\"@type\":\"ListItem\",\"position\":3,\"name\":\"Russell Hobbs 20412-70\"}]},{\"@type\":\"WebSite\",\"@id\":\"https:\\\/\\\/continent.lv\\\/#website\",\"url\":\"https:\\\/\\\/continent.lv\\\/\",\"name\":\"Continent.lv\",\"description\":\"Sadz\u012bves pre\u010du internetveikals\",\"publisher\":{\"@id\":\"https:\\\/\\\/continent.lv\\\/#organization\"},\"potentialAction\":[{\"@type\":\"SearchAction\",\"target\":{\"@type\":\"EntryPoint\",\"urlTemplate\":\"https:\\\/\\\/continent.lv\\\/?s={search_term_string}\"},\"query-input\":{\"@type\":\"PropertyValueSpecification\",\"valueRequired\":true,\"valueName\":\"search_term_string\"}}],\"inLanguage\":\"ru-RU\"},{\"@type\":\"Organization\",\"@id\":\"https:\\\/\\\/continent.lv\\\/#organization\",\"name\":\"Continent.lv\",\"url\":\"https:\\\/\\\/continent.lv\\\/\",\"logo\":{\"@type\":\"ImageObject\",\"inLanguage\":\"ru-RU\",\"@id\":\"https:\\\/\\\/continent.lv\\\/#\\\/schema\\\/logo\\\/image\\\/\",\"url\":\"https:\\\/\\\/continent.lv\\\/wp-content\\\/uploads\\\/2026\\\/05\\\/logo_continent_5nwv-jh.jpg\",\"contentUrl\":\"https:\\\/\\\/continent.lv\\\/wp-content\\\/uploads\\\/2026\\\/05\\\/logo_continent_5nwv-jh.jpg\",\"width\":221,\"height\":50,\"caption\":\"Continent.lv\"},\"image\":{\"@id\":\"https:\\\/\\\/continent.lv\\\/#\\\/schema\\\/logo\\\/image\\\/\"}}]}<\/script>\n<!-- \/ Yoast SEO plugin. -->","yoast_head_json":{"title":"Russell Hobbs 20412-70 - Continent.lv","robots":{"index":"index","follow":"follow","max-snippet":"max-snippet:-1","max-image-preview":"max-image-preview:large","max-video-preview":"max-video-preview:-1"},"canonical":"https:\/\/continent.lv\/ru\/product\/russell-hobbs-20412-70\/","og_locale":"ru_RU","og_type":"article","og_title":"Russell Hobbs 20412-70 - Continent.lv","og_description":"Ra\u017eot\u0101js Russell Hobbs Vad\u012bba Mehanisk\u0101 Jauda, W 2400 Tilpums (litri) 1.7 Sild\u012b\u0161anas elements Disks Paliknis ar 360 gr\u0101du pagriezienu J\u0101 \u016adens l\u012bme\u0146a indikators J\u0101 \u016adens filtrs J\u0101 Darb\u012bbas indikators J\u0101 Autom\u0101tisk\u0101 izsl\u0113g\u0161an\u0101s J\u0101 Dro\u0161\u012bbas funkcijas Aizsardz\u012bba pret p\u0101rkar\u0161anu Materi\u0101ls Ner\u016bs\u0113jo\u0161\u0101 t\u0113rauda Kr\u0101sa Sarkana Garantija, gadi 2","og_url":"https:\/\/continent.lv\/ru\/product\/russell-hobbs-20412-70\/","og_site_name":"Continent.lv","og_image":[{"width":280,"height":280,"url":"https:\/\/continent.lv\/wp-content\/uploads\/2026\/04\/Russell_Hobbs_20412-70.png","type":"image\/png"}],"twitter_card":"summary_large_image","schema":{"@context":"https:\/\/schema.org","@graph":[{"@type":"WebPage","@id":"https:\/\/continent.lv\/product\/russell-hobbs-20412-70\/","url":"https:\/\/continent.lv\/product\/russell-hobbs-20412-70\/","name":"Russell Hobbs 20412-70 - Continent.lv","isPartOf":{"@id":"https:\/\/continent.lv\/#website"},"primaryImageOfPage":{"@id":"https:\/\/continent.lv\/product\/russell-hobbs-20412-70\/#primaryimage"},"image":{"@id":"https:\/\/continent.lv\/product\/russell-hobbs-20412-70\/#primaryimage"},"thumbnailUrl":"https:\/\/continent.lv\/wp-content\/uploads\/2026\/04\/Russell_Hobbs_20412-70.png","datePublished":"2026-04-30T23:46:08+00:00","breadcrumb":{"@id":"https:\/\/continent.lv\/product\/russell-hobbs-20412-70\/#breadcrumb"},"inLanguage":"ru-RU","potentialAction":[{"@type":"ReadAction","target":["https:\/\/continent.lv\/product\/russell-hobbs-20412-70\/"]}]},{"@type":"ImageObject","inLanguage":"ru-RU","@id":"https:\/\/continent.lv\/product\/russell-hobbs-20412-70\/#primaryimage","url":"https:\/\/continent.lv\/wp-content\/uploads\/2026\/04\/Russell_Hobbs_20412-70.png","contentUrl":"https:\/\/continent.lv\/wp-content\/uploads\/2026\/04\/Russell_Hobbs_20412-70.png","width":280,"height":280},{"@type":"BreadcrumbList","@id":"https:\/\/continent.lv\/product\/russell-hobbs-20412-70\/#breadcrumb","itemListElement":[{"@type":"ListItem","position":1,"name":"Home","item":"https:\/\/continent.lv\/"},{"@type":"ListItem","position":2,"name":"Veikals","item":"https:\/\/continent.lv\/shop\/"},{"@type":"ListItem","position":3,"name":"Russell Hobbs 20412-70"}]},{"@type":"WebSite","@id":"https:\/\/continent.lv\/#website","url":"https:\/\/continent.lv\/","name":"Continent.lv","description":"Sadz\u012bves pre\u010du internetveikals","publisher":{"@id":"https:\/\/continent.lv\/#organization"},"potentialAction":[{"@type":"SearchAction","target":{"@type":"EntryPoint","urlTemplate":"https:\/\/continent.lv\/?s={search_term_string}"},"query-input":{"@type":"PropertyValueSpecification","valueRequired":true,"valueName":"search_term_string"}}],"inLanguage":"ru-RU"},{"@type":"Organization","@id":"https:\/\/continent.lv\/#organization","name":"Continent.lv","url":"https:\/\/continent.lv\/","logo":{"@type":"ImageObject","inLanguage":"ru-RU","@id":"https:\/\/continent.lv\/#\/schema\/logo\/image\/","url":"https:\/\/continent.lv\/wp-content\/uploads\/2026\/05\/logo_continent_5nwv-jh.jpg","contentUrl":"https:\/\/continent.lv\/wp-content\/uploads\/2026\/05\/logo_continent_5nwv-jh.jpg","width":221,"height":50,"caption":"Continent.lv"},"image":{"@id":"https:\/\/continent.lv\/#\/schema\/logo\/image\/"}}]}},"_links":{"self":[{"href":"https:\/\/continent.lv\/ru\/wp-json\/wp\/v2\/product\/27992","targetHints":{"allow":["GET"]}}],"collection":[{"href":"https:\/\/continent.lv\/ru\/wp-json\/wp\/v2\/product"}],"about":[{"href":"https:\/\/continent.lv\/ru\/wp-json\/wp\/v2\/types\/product"}],"replies":[{"embeddable":true,"href":"https:\/\/continent.lv\/ru\/wp-json\/wp\/v2\/comments?post=27992"}],"wp:featuredmedia":[{"embeddable":true,"href":"https:\/\/continent.lv\/ru\/wp-json\/wp\/v2\/media\/27991"}],"wp:attachment":[{"href":"https:\/\/continent.lv\/ru\/wp-json\/wp\/v2\/media?parent=27992"}],"wp:term":[{"taxonomy":"product_brand","embeddable":true,"href":"https:\/\/continent.lv\/ru\/wp-json\/wp\/v2\/product_brand?post=27992"},{"taxonomy":"product_cat","embeddable":true,"href":"https:\/\/continent.lv\/ru\/wp-json\/wp\/v2\/product_cat?post=27992"},{"taxonomy":"product_tag","embeddable":true,"href":"https:\/\/continent.lv\/ru\/wp-json\/wp\/v2\/product_tag?post=27992"}],"curies":[{"name":"wp","href":"https:\/\/api.w.org\/{rel}","templated":true}]}}