{"id":27938,"date":"2026-04-30T23:44:39","date_gmt":"2026-04-30T23:44:39","guid":{"rendered":"https:\/\/continent.lv\/product\/samsung-vc07m21a0vg-sb\/"},"modified":"2026-04-30T23:44:39","modified_gmt":"2026-04-30T23:44:39","slug":"samsung-vc07m21a0vg-sb","status":"publish","type":"product","link":"https:\/\/continent.lv\/ru\/product\/samsung-vc07m21a0vg-sb\/","title":{"rendered":"SAMSUNG VC07M21A0VG\/SB"},"content":{"rendered":"<p class=\"translation-block\"><p>\u0411\u0440\u0435\u043d\u0434 Samsung<br>\u0426\u0432\u0435\u0442 \u0421\u0435\u0440\u044b\u0439<br>\u0422\u0438\u043f \u043f\u044b\u043b\u0435\u0441\u043e\u0441\u0430 \u041a\u043e\u043d\u0442\u0435\u0439\u043d\u0435\u0440\u043d\u044b\u0439, \u0446\u0438\u043a\u043b\u043e\u043d\u043d\u043e\u0433\u043e \u0442\u0438\u043f\u0430<br>\u041a\u043b\u0430\u0441\u0441 \u044d\u043d\u0435\u0440\u0433\u043e\u044d\u0444\u0444\u0435\u043a\u0442\u0438\u0432\u043d\u043e\u0441\u0442\u0438 A<br>\u0413\u043e\u0434\u043e\u0432\u043e\u0435 \u043f\u043e\u0442\u0440\u0435\u0431\u043b\u0435\u043d\u0438\u0435 \u044d\u043d\u0435\u0440\u0433\u0438\u0438 (\u043a\u0412\u0442\u0447) 28<br>\u041a\u043b\u0430\u0441\u0441 \u0443\u0431\u043e\u0440\u043a\u0438 \u043a\u043e\u0432\u0440\u043e\u0432 D<br>\u041a\u043b\u0430\u0441\u0441 \u0443\u0431\u043e\u0440\u043a\u0438 \u0442\u0432\u0435\u0440\u0434\u044b\u0445 \u043f\u043e\u043a\u0440\u044b\u0442\u0438\u0439 A<br>\u041a\u043b\u0430\u0441\u0441 \u043f\u043e\u0432\u0442\u043e\u0440\u043d\u043e\u0433\u043e \u0432\u044b\u0431\u0440\u043e\u0441\u0430 \u043f\u044b\u043b\u0438 D<br>\u041a\u043e\u043d\u0442\u0435\u0439\u043d\u0435\u0440 \u0434\u043b\u044f \u043f\u044b\u043b\u0438 (\u043b) 1.5<br>\u041f\u043e\u0442\u0440\u0435\u0431\u043b\u044f\u0435\u043c\u0430\u044f \u043c\u043e\u0449\u043d\u043e\u0441\u0442\u044c (IEC) (\u0412\u0442) 650<br>\u041c\u0430\u043a\u0441\u0438\u043c\u0430\u043b\u044c\u043d\u0430\u044f \u043c\u043e\u0449\u043d\u043e\u0441\u0442\u044c (\u0412\u0442) 700<br>\u041c\u043e\u0449\u043d\u043e\u0441\u0442\u044c \u0432\u0441\u0430\u0441\u044b\u0432\u0430\u043d\u0438\u044f (\u0412\u0442) 180<br>\u0414\u043b\u0438\u043d\u0430 \u0448\u043d\u0443\u0440\u0430 (\u043c) 6<br>\u0420\u0430\u0431\u043e\u0447\u0438\u0439 \u0440\u0430\u0434\u0438\u0443\u0441 (\u043c) 9<br>\u041a\u043e\u043c\u043f\u043b\u0435\u043a\u0442\u0430\u0446\u0438\u044f \u0423\u043d\u0438\u0432\u0435\u0440\u0441\u0430\u043b\u044c\u043d\u0430\u044f \u043d\u0430\u0441\u0430\u0434\u043a\u0430 \u0434\u043b\u044f \u043f\u043e\u043b\u0430, \u0434\u043e\u043f\u043e\u043b\u043d\u0438\u0442\u0435\u043b\u044c\u043d\u0430\u044f \u0449\u0435\u0442\u043a\u0430 (HB-300), \u043d\u0430\u0441\u0430\u0434\u043a\u0430 2 \u0432 1<br>\u0420\u0430\u0437\u043c\u0435\u0440\u044b (\u043c\u043c) (\u0428x\u0412x\u0413) 272 x 243 x 398<br>\u0423\u0440\u043e\u0432\u0435\u043d\u044c \u0448\u0443\u043c\u0430 (\u0434\u0411) 80<br>\u0412\u0435\u0441, \u043a\u0433 4.4<br>\u0422\u0438\u043f \u043c\u0443\u0441\u043e\u0440\u0430 \u0421\u0443\u0445\u043e\u0439<br><br><\/p><\/p>","protected":false},"excerpt":{"rendered":"<p>Pre\u010du z\u012bme SamsungKr\u0101sa Pel\u0113kaPutek\u013cs\u016bc\u0113ja tips Ar konteineru, ciklona tipaEnergoefektivit\u0101tes klase AGada ener\u0123ijas pat\u0113ri\u0146\u0161 (kWh) 28Pakl\u0101ju t\u012br\u012b\u0161anas klase DCieto gr\u012bdas segumu t\u012br\u012b\u0161anas klase APutek\u013cu atk\u0101rtotas emisijas klase DPutek\u013cu sav\u0101k\u0161anas tvertne (l) 1.5Ieejas jauda (IEC) (W) 650Maksim\u0101l\u0101 jauda (W) 700S\u016bk\u0161anas jauda (W) 180Vada garums (m) 6Darb\u012bbas r\u0101diuss (m) 9Komplekt\u0101 Univers\u0101l\u0101 gr\u012bdas birste, papildu birste (HB-300), uzgalis 2 [&hellip;]<\/p>\n","protected":false},"featured_media":27937,"comment_status":"open","ping_status":"closed","template":"","meta":{"_joinchat":[]},"product_brand":[139],"product_cat":[282],"product_tag":[],"class_list":{"0":"post-27938","1":"product","2":"type-product","3":"status-publish","4":"has-post-thumbnail","6":"product_brand-samsung","7":"product_cat-sadzives-tehnika-puteklu-suceji","9":"first","10":"instock","11":"shipping-taxable","12":"purchasable","13":"product-type-simple"},"yoast_head":"<!-- This site is optimized with the Yoast SEO plugin v27.5 - https:\/\/yoast.com\/product\/yoast-seo-wordpress\/ -->\n<title>SAMSUNG VC07M21A0VG\/SB - Continent.lv<\/title>\n<meta name=\"robots\" content=\"index, follow, max-snippet:-1, max-image-preview:large, max-video-preview:-1\" \/>\n<link rel=\"canonical\" href=\"https:\/\/continent.lv\/ru\/product\/samsung-vc07m21a0vg-sb\/\" \/>\n<meta property=\"og:locale\" content=\"ru_RU\" \/>\n<meta property=\"og:type\" content=\"article\" \/>\n<meta property=\"og:title\" content=\"SAMSUNG VC07M21A0VG\/SB - Continent.lv\" \/>\n<meta property=\"og:description\" content=\"Pre\u010du z\u012bme SamsungKr\u0101sa Pel\u0113kaPutek\u013cs\u016bc\u0113ja tips Ar konteineru, ciklona tipaEnergoefektivit\u0101tes klase AGada ener\u0123ijas pat\u0113ri\u0146\u0161 (kWh) 28Pakl\u0101ju t\u012br\u012b\u0161anas klase DCieto gr\u012bdas segumu t\u012br\u012b\u0161anas klase APutek\u013cu atk\u0101rtotas emisijas klase DPutek\u013cu sav\u0101k\u0161anas tvertne (l) 1.5Ieejas jauda (IEC) (W) 650Maksim\u0101l\u0101 jauda (W) 700S\u016bk\u0161anas jauda (W) 180Vada garums (m) 6Darb\u012bbas r\u0101diuss (m) 9Komplekt\u0101 Univers\u0101l\u0101 gr\u012bdas birste, papildu birste (HB-300), uzgalis 2 [&hellip;]\" \/>\n<meta property=\"og:url\" content=\"https:\/\/continent.lv\/ru\/product\/samsung-vc07m21a0vg-sb\/\" \/>\n<meta property=\"og:site_name\" content=\"Continent.lv\" \/>\n<meta property=\"og:image\" content=\"https:\/\/continent.lv\/wp-content\/uploads\/2026\/04\/VC07M21A0VG.jpg\" \/>\n\t<meta property=\"og:image:width\" content=\"280\" \/>\n\t<meta property=\"og:image:height\" content=\"214\" \/>\n\t<meta property=\"og:image:type\" content=\"image\/jpeg\" \/>\n<meta name=\"twitter:card\" content=\"summary_large_image\" \/>\n<script type=\"application\/ld+json\" class=\"yoast-schema-graph\">{\"@context\":\"https:\\\/\\\/schema.org\",\"@graph\":[{\"@type\":\"WebPage\",\"@id\":\"https:\\\/\\\/continent.lv\\\/product\\\/samsung-vc07m21a0vg-sb\\\/\",\"url\":\"https:\\\/\\\/continent.lv\\\/product\\\/samsung-vc07m21a0vg-sb\\\/\",\"name\":\"SAMSUNG VC07M21A0VG\\\/SB - Continent.lv\",\"isPartOf\":{\"@id\":\"https:\\\/\\\/continent.lv\\\/#website\"},\"primaryImageOfPage\":{\"@id\":\"https:\\\/\\\/continent.lv\\\/product\\\/samsung-vc07m21a0vg-sb\\\/#primaryimage\"},\"image\":{\"@id\":\"https:\\\/\\\/continent.lv\\\/product\\\/samsung-vc07m21a0vg-sb\\\/#primaryimage\"},\"thumbnailUrl\":\"https:\\\/\\\/continent.lv\\\/wp-content\\\/uploads\\\/2026\\\/04\\\/VC07M21A0VG.jpg\",\"datePublished\":\"2026-04-30T23:44:39+00:00\",\"breadcrumb\":{\"@id\":\"https:\\\/\\\/continent.lv\\\/product\\\/samsung-vc07m21a0vg-sb\\\/#breadcrumb\"},\"inLanguage\":\"ru-RU\",\"potentialAction\":[{\"@type\":\"ReadAction\",\"target\":[\"https:\\\/\\\/continent.lv\\\/product\\\/samsung-vc07m21a0vg-sb\\\/\"]}]},{\"@type\":\"ImageObject\",\"inLanguage\":\"ru-RU\",\"@id\":\"https:\\\/\\\/continent.lv\\\/product\\\/samsung-vc07m21a0vg-sb\\\/#primaryimage\",\"url\":\"https:\\\/\\\/continent.lv\\\/wp-content\\\/uploads\\\/2026\\\/04\\\/VC07M21A0VG.jpg\",\"contentUrl\":\"https:\\\/\\\/continent.lv\\\/wp-content\\\/uploads\\\/2026\\\/04\\\/VC07M21A0VG.jpg\",\"width\":280,\"height\":214},{\"@type\":\"BreadcrumbList\",\"@id\":\"https:\\\/\\\/continent.lv\\\/product\\\/samsung-vc07m21a0vg-sb\\\/#breadcrumb\",\"itemListElement\":[{\"@type\":\"ListItem\",\"position\":1,\"name\":\"Home\",\"item\":\"https:\\\/\\\/continent.lv\\\/\"},{\"@type\":\"ListItem\",\"position\":2,\"name\":\"Veikals\",\"item\":\"https:\\\/\\\/continent.lv\\\/shop\\\/\"},{\"@type\":\"ListItem\",\"position\":3,\"name\":\"SAMSUNG VC07M21A0VG\\\/SB\"}]},{\"@type\":\"WebSite\",\"@id\":\"https:\\\/\\\/continent.lv\\\/#website\",\"url\":\"https:\\\/\\\/continent.lv\\\/\",\"name\":\"Continent.lv\",\"description\":\"Sadz\u012bves pre\u010du internetveikals\",\"publisher\":{\"@id\":\"https:\\\/\\\/continent.lv\\\/#organization\"},\"potentialAction\":[{\"@type\":\"SearchAction\",\"target\":{\"@type\":\"EntryPoint\",\"urlTemplate\":\"https:\\\/\\\/continent.lv\\\/?s={search_term_string}\"},\"query-input\":{\"@type\":\"PropertyValueSpecification\",\"valueRequired\":true,\"valueName\":\"search_term_string\"}}],\"inLanguage\":\"ru-RU\"},{\"@type\":\"Organization\",\"@id\":\"https:\\\/\\\/continent.lv\\\/#organization\",\"name\":\"Continent.lv\",\"url\":\"https:\\\/\\\/continent.lv\\\/\",\"logo\":{\"@type\":\"ImageObject\",\"inLanguage\":\"ru-RU\",\"@id\":\"https:\\\/\\\/continent.lv\\\/#\\\/schema\\\/logo\\\/image\\\/\",\"url\":\"https:\\\/\\\/continent.lv\\\/wp-content\\\/uploads\\\/2026\\\/05\\\/logo_continent_5nwv-jh.jpg\",\"contentUrl\":\"https:\\\/\\\/continent.lv\\\/wp-content\\\/uploads\\\/2026\\\/05\\\/logo_continent_5nwv-jh.jpg\",\"width\":221,\"height\":50,\"caption\":\"Continent.lv\"},\"image\":{\"@id\":\"https:\\\/\\\/continent.lv\\\/#\\\/schema\\\/logo\\\/image\\\/\"}}]}<\/script>\n<!-- \/ Yoast SEO plugin. -->","yoast_head_json":{"title":"SAMSUNG VC07M21A0VG\/SB - Continent.lv","robots":{"index":"index","follow":"follow","max-snippet":"max-snippet:-1","max-image-preview":"max-image-preview:large","max-video-preview":"max-video-preview:-1"},"canonical":"https:\/\/continent.lv\/ru\/product\/samsung-vc07m21a0vg-sb\/","og_locale":"ru_RU","og_type":"article","og_title":"SAMSUNG VC07M21A0VG\/SB - Continent.lv","og_description":"Pre\u010du z\u012bme SamsungKr\u0101sa Pel\u0113kaPutek\u013cs\u016bc\u0113ja tips Ar konteineru, ciklona tipaEnergoefektivit\u0101tes klase AGada ener\u0123ijas pat\u0113ri\u0146\u0161 (kWh) 28Pakl\u0101ju t\u012br\u012b\u0161anas klase DCieto gr\u012bdas segumu t\u012br\u012b\u0161anas klase APutek\u013cu atk\u0101rtotas emisijas klase DPutek\u013cu sav\u0101k\u0161anas tvertne (l) 1.5Ieejas jauda (IEC) (W) 650Maksim\u0101l\u0101 jauda (W) 700S\u016bk\u0161anas jauda (W) 180Vada garums (m) 6Darb\u012bbas r\u0101diuss (m) 9Komplekt\u0101 Univers\u0101l\u0101 gr\u012bdas birste, papildu birste (HB-300), uzgalis 2 [&hellip;]","og_url":"https:\/\/continent.lv\/ru\/product\/samsung-vc07m21a0vg-sb\/","og_site_name":"Continent.lv","og_image":[{"width":280,"height":214,"url":"https:\/\/continent.lv\/wp-content\/uploads\/2026\/04\/VC07M21A0VG.jpg","type":"image\/jpeg"}],"twitter_card":"summary_large_image","schema":{"@context":"https:\/\/schema.org","@graph":[{"@type":"WebPage","@id":"https:\/\/continent.lv\/product\/samsung-vc07m21a0vg-sb\/","url":"https:\/\/continent.lv\/product\/samsung-vc07m21a0vg-sb\/","name":"SAMSUNG VC07M21A0VG\/SB - Continent.lv","isPartOf":{"@id":"https:\/\/continent.lv\/#website"},"primaryImageOfPage":{"@id":"https:\/\/continent.lv\/product\/samsung-vc07m21a0vg-sb\/#primaryimage"},"image":{"@id":"https:\/\/continent.lv\/product\/samsung-vc07m21a0vg-sb\/#primaryimage"},"thumbnailUrl":"https:\/\/continent.lv\/wp-content\/uploads\/2026\/04\/VC07M21A0VG.jpg","datePublished":"2026-04-30T23:44:39+00:00","breadcrumb":{"@id":"https:\/\/continent.lv\/product\/samsung-vc07m21a0vg-sb\/#breadcrumb"},"inLanguage":"ru-RU","potentialAction":[{"@type":"ReadAction","target":["https:\/\/continent.lv\/product\/samsung-vc07m21a0vg-sb\/"]}]},{"@type":"ImageObject","inLanguage":"ru-RU","@id":"https:\/\/continent.lv\/product\/samsung-vc07m21a0vg-sb\/#primaryimage","url":"https:\/\/continent.lv\/wp-content\/uploads\/2026\/04\/VC07M21A0VG.jpg","contentUrl":"https:\/\/continent.lv\/wp-content\/uploads\/2026\/04\/VC07M21A0VG.jpg","width":280,"height":214},{"@type":"BreadcrumbList","@id":"https:\/\/continent.lv\/product\/samsung-vc07m21a0vg-sb\/#breadcrumb","itemListElement":[{"@type":"ListItem","position":1,"name":"Home","item":"https:\/\/continent.lv\/"},{"@type":"ListItem","position":2,"name":"Veikals","item":"https:\/\/continent.lv\/shop\/"},{"@type":"ListItem","position":3,"name":"SAMSUNG VC07M21A0VG\/SB"}]},{"@type":"WebSite","@id":"https:\/\/continent.lv\/#website","url":"https:\/\/continent.lv\/","name":"Continent.lv","description":"Sadz\u012bves pre\u010du internetveikals","publisher":{"@id":"https:\/\/continent.lv\/#organization"},"potentialAction":[{"@type":"SearchAction","target":{"@type":"EntryPoint","urlTemplate":"https:\/\/continent.lv\/?s={search_term_string}"},"query-input":{"@type":"PropertyValueSpecification","valueRequired":true,"valueName":"search_term_string"}}],"inLanguage":"ru-RU"},{"@type":"Organization","@id":"https:\/\/continent.lv\/#organization","name":"Continent.lv","url":"https:\/\/continent.lv\/","logo":{"@type":"ImageObject","inLanguage":"ru-RU","@id":"https:\/\/continent.lv\/#\/schema\/logo\/image\/","url":"https:\/\/continent.lv\/wp-content\/uploads\/2026\/05\/logo_continent_5nwv-jh.jpg","contentUrl":"https:\/\/continent.lv\/wp-content\/uploads\/2026\/05\/logo_continent_5nwv-jh.jpg","width":221,"height":50,"caption":"Continent.lv"},"image":{"@id":"https:\/\/continent.lv\/#\/schema\/logo\/image\/"}}]}},"_links":{"self":[{"href":"https:\/\/continent.lv\/ru\/wp-json\/wp\/v2\/product\/27938","targetHints":{"allow":["GET"]}}],"collection":[{"href":"https:\/\/continent.lv\/ru\/wp-json\/wp\/v2\/product"}],"about":[{"href":"https:\/\/continent.lv\/ru\/wp-json\/wp\/v2\/types\/product"}],"replies":[{"embeddable":true,"href":"https:\/\/continent.lv\/ru\/wp-json\/wp\/v2\/comments?post=27938"}],"wp:featuredmedia":[{"embeddable":true,"href":"https:\/\/continent.lv\/ru\/wp-json\/wp\/v2\/media\/27937"}],"wp:attachment":[{"href":"https:\/\/continent.lv\/ru\/wp-json\/wp\/v2\/media?parent=27938"}],"wp:term":[{"taxonomy":"product_brand","embeddable":true,"href":"https:\/\/continent.lv\/ru\/wp-json\/wp\/v2\/product_brand?post=27938"},{"taxonomy":"product_cat","embeddable":true,"href":"https:\/\/continent.lv\/ru\/wp-json\/wp\/v2\/product_cat?post=27938"},{"taxonomy":"product_tag","embeddable":true,"href":"https:\/\/continent.lv\/ru\/wp-json\/wp\/v2\/product_tag?post=27938"}],"curies":[{"name":"wp","href":"https:\/\/api.w.org\/{rel}","templated":true}]}}