{"id":27777,"date":"2026-04-30T23:40:47","date_gmt":"2026-04-30T23:40:47","guid":{"rendered":"https:\/\/continent.lv\/product\/electrolux-eat7700\/"},"modified":"2026-04-30T23:40:47","modified_gmt":"2026-04-30T23:40:47","slug":"electrolux-eat7700","status":"publish","type":"product","link":"https:\/\/continent.lv\/ru\/product\/electrolux-eat7700\/","title":{"rendered":"Electrolux EAT7700"},"content":{"rendered":"<p class=\"translation-block\"><p>\u041c\u043e\u0449\u043d\u043e\u0441\u0442\u044c 850 \u0412\u0442<br>\u041a\u043e\u043b\u0438\u0447\u0435\u0441\u0442\u0432\u043e \u043e\u0442\u0434\u0435\u043b\u0435\u043d\u0438\u0439 2<br>\u0410\u0432\u0442\u043e\u043c\u0430\u0442\u0438\u0447\u0435\u0441\u043a\u043e\u0435 \u043e\u0442\u043a\u043b\u044e\u0447\u0435\u043d\u0438\u0435 \u0414\u0430<br>\u041a\u043d\u043e\u043f\u043a\u0430 \u0441\u0442\u043e\u043f \u0414\u0430<br>\u0420\u0435\u0433\u0443\u043b\u044f\u0442\u043e\u0440 \u0443\u0440\u043e\u0432\u043d\u044f \u043f\u043e\u0434\u0436\u0430\u0440\u0438\u0432\u0430\u043d\u0438\u044f \u0414\u0430<br>\u0426\u0432\u0435\u0442 \u043a\u043e\u0440\u043f\u0443\u0441\u0430 \u0421\u0435\u0440\u0435\u0431\u0440\u0438\u0441\u0442\u044b\u0439<br>\u0412\u0435\u0441 1.35 \u043a\u0433<br>\u0412\u044b\u0441\u043e\u0442\u0430 219 \u043c\u043c<br>\u0413\u043b\u0443\u0431\u0438\u043d\u0430 262 \u043c\u043c<br>\u0428\u0438\u0440\u0438\u043d\u0430 181 \u043c\u043c<br>\u0413\u0430\u0440\u0430\u043d\u0442\u0438\u0439\u043d\u044b\u0439 \u0441\u0440\u043e\u043a 24 \u043c\u0435\u0441\u044f\u0446\u0430<\/p><\/p>","protected":false},"excerpt":{"rendered":"<p class=\"translation-block\"><p>\u041c\u043e\u0449\u043d\u043e\u0441\u0442\u044c 850 \u0412\u0442<br>\u041a\u043e\u043b\u0438\u0447\u0435\u0441\u0442\u0432\u043e \u043e\u0442\u0434\u0435\u043b\u0435\u043d\u0438\u0439 2<br>\u0410\u0432\u0442\u043e\u043c\u0430\u0442\u0438\u0447\u0435\u0441\u043a\u043e\u0435 \u043e\u0442\u043a\u043b\u044e\u0447\u0435\u043d\u0438\u0435 \u0414\u0430<br>\u041a\u043d\u043e\u043f\u043a\u0430 \u0441\u0442\u043e\u043f \u0414\u0430<br>\u0420\u0435\u0433\u0443\u043b\u044f\u0442\u043e\u0440 \u0443\u0440\u043e\u0432\u043d\u044f \u043f\u043e\u0434\u0436\u0430\u0440\u0438\u0432\u0430\u043d\u0438\u044f \u0414\u0430<br>\u0426\u0432\u0435\u0442 \u043a\u043e\u0440\u043f\u0443\u0441\u0430 \u0421\u0435\u0440\u0435\u0431\u0440\u0438\u0441\u0442\u044b\u0439<br>\u0412\u0435\u0441 1.35 \u043a\u0433<br>\u0412\u044b\u0441\u043e\u0442\u0430 219 \u043c\u043c<br>\u0413\u043b\u0443\u0431\u0438\u043d\u0430 262 \u043c\u043c<br>\u0428\u0438\u0440\u0438\u043d\u0430 181 \u043c\u043c<br>\u0413\u0430\u0440\u0430\u043d\u0442\u0438\u0439\u043d\u044b\u0439 \u0441\u0440\u043e\u043a 24 \u043c\u0435\u0441\u044f\u0446\u0430<\/p><\/p>","protected":false},"featured_media":27776,"comment_status":"open","ping_status":"closed","template":"","meta":{"_joinchat":[]},"product_brand":[265],"product_cat":[323],"product_tag":[],"class_list":{"0":"post-27777","1":"product","2":"type-product","3":"status-publish","4":"has-post-thumbnail","6":"product_brand-electrolux","7":"product_cat-maza-sadzives-tehnika-tosteri-un-vafelu-pannas","9":"first","10":"instock","11":"shipping-taxable","12":"purchasable","13":"product-type-simple"},"yoast_head":"<!-- This site is optimized with the Yoast SEO plugin v27.5 - https:\/\/yoast.com\/product\/yoast-seo-wordpress\/ -->\n<title>Electrolux EAT7700 - Continent.lv<\/title>\n<meta name=\"robots\" content=\"index, follow, max-snippet:-1, max-image-preview:large, max-video-preview:-1\" \/>\n<link rel=\"canonical\" href=\"https:\/\/continent.lv\/ru\/product\/electrolux-eat7700\/\" \/>\n<meta property=\"og:locale\" content=\"ru_RU\" \/>\n<meta property=\"og:type\" content=\"article\" \/>\n<meta property=\"og:title\" content=\"Electrolux EAT7700 - Continent.lv\" \/>\n<meta property=\"og:description\" content=\"Jauda 850 WNodal\u012bjumu skaits 2Autom\u0101tisk\u0101 izsl\u0113g\u0161an\u0101s J\u0101Stop poga J\u0101Grauzd\u0113\u0161anas l\u012bme\u0146a regul\u0101tors J\u0101Korpusa kr\u0101sa SudrabaSvars 1.35 kgAugstums 219 mmDzi\u013cums 262 mmPlatums 181 mmGarantijas termi\u0146\u0161 24 m\u0113ne\u0161i\" \/>\n<meta property=\"og:url\" content=\"https:\/\/continent.lv\/ru\/product\/electrolux-eat7700\/\" \/>\n<meta property=\"og:site_name\" content=\"Continent.lv\" \/>\n<meta property=\"og:image\" content=\"https:\/\/continent.lv\/wp-content\/uploads\/2026\/04\/EAT7700.jpeg\" \/>\n\t<meta property=\"og:image:width\" content=\"280\" \/>\n\t<meta property=\"og:image:height\" content=\"280\" \/>\n\t<meta property=\"og:image:type\" content=\"image\/jpeg\" \/>\n<meta name=\"twitter:card\" content=\"summary_large_image\" \/>\n<script type=\"application\/ld+json\" class=\"yoast-schema-graph\">{\"@context\":\"https:\\\/\\\/schema.org\",\"@graph\":[{\"@type\":\"WebPage\",\"@id\":\"https:\\\/\\\/continent.lv\\\/product\\\/electrolux-eat7700\\\/\",\"url\":\"https:\\\/\\\/continent.lv\\\/product\\\/electrolux-eat7700\\\/\",\"name\":\"Electrolux EAT7700 - Continent.lv\",\"isPartOf\":{\"@id\":\"https:\\\/\\\/continent.lv\\\/#website\"},\"primaryImageOfPage\":{\"@id\":\"https:\\\/\\\/continent.lv\\\/product\\\/electrolux-eat7700\\\/#primaryimage\"},\"image\":{\"@id\":\"https:\\\/\\\/continent.lv\\\/product\\\/electrolux-eat7700\\\/#primaryimage\"},\"thumbnailUrl\":\"https:\\\/\\\/continent.lv\\\/wp-content\\\/uploads\\\/2026\\\/04\\\/EAT7700.jpeg\",\"datePublished\":\"2026-04-30T23:40:47+00:00\",\"breadcrumb\":{\"@id\":\"https:\\\/\\\/continent.lv\\\/product\\\/electrolux-eat7700\\\/#breadcrumb\"},\"inLanguage\":\"ru-RU\",\"potentialAction\":[{\"@type\":\"ReadAction\",\"target\":[\"https:\\\/\\\/continent.lv\\\/product\\\/electrolux-eat7700\\\/\"]}]},{\"@type\":\"ImageObject\",\"inLanguage\":\"ru-RU\",\"@id\":\"https:\\\/\\\/continent.lv\\\/product\\\/electrolux-eat7700\\\/#primaryimage\",\"url\":\"https:\\\/\\\/continent.lv\\\/wp-content\\\/uploads\\\/2026\\\/04\\\/EAT7700.jpeg\",\"contentUrl\":\"https:\\\/\\\/continent.lv\\\/wp-content\\\/uploads\\\/2026\\\/04\\\/EAT7700.jpeg\",\"width\":280,\"height\":280},{\"@type\":\"BreadcrumbList\",\"@id\":\"https:\\\/\\\/continent.lv\\\/product\\\/electrolux-eat7700\\\/#breadcrumb\",\"itemListElement\":[{\"@type\":\"ListItem\",\"position\":1,\"name\":\"Home\",\"item\":\"https:\\\/\\\/continent.lv\\\/\"},{\"@type\":\"ListItem\",\"position\":2,\"name\":\"Veikals\",\"item\":\"https:\\\/\\\/continent.lv\\\/shop\\\/\"},{\"@type\":\"ListItem\",\"position\":3,\"name\":\"Electrolux EAT7700\"}]},{\"@type\":\"WebSite\",\"@id\":\"https:\\\/\\\/continent.lv\\\/#website\",\"url\":\"https:\\\/\\\/continent.lv\\\/\",\"name\":\"Continent.lv\",\"description\":\"Sadz\u012bves pre\u010du internetveikals\",\"publisher\":{\"@id\":\"https:\\\/\\\/continent.lv\\\/#organization\"},\"potentialAction\":[{\"@type\":\"SearchAction\",\"target\":{\"@type\":\"EntryPoint\",\"urlTemplate\":\"https:\\\/\\\/continent.lv\\\/?s={search_term_string}\"},\"query-input\":{\"@type\":\"PropertyValueSpecification\",\"valueRequired\":true,\"valueName\":\"search_term_string\"}}],\"inLanguage\":\"ru-RU\"},{\"@type\":\"Organization\",\"@id\":\"https:\\\/\\\/continent.lv\\\/#organization\",\"name\":\"Continent.lv\",\"url\":\"https:\\\/\\\/continent.lv\\\/\",\"logo\":{\"@type\":\"ImageObject\",\"inLanguage\":\"ru-RU\",\"@id\":\"https:\\\/\\\/continent.lv\\\/#\\\/schema\\\/logo\\\/image\\\/\",\"url\":\"https:\\\/\\\/continent.lv\\\/wp-content\\\/uploads\\\/2026\\\/05\\\/logo_continent_5nwv-jh.jpg\",\"contentUrl\":\"https:\\\/\\\/continent.lv\\\/wp-content\\\/uploads\\\/2026\\\/05\\\/logo_continent_5nwv-jh.jpg\",\"width\":221,\"height\":50,\"caption\":\"Continent.lv\"},\"image\":{\"@id\":\"https:\\\/\\\/continent.lv\\\/#\\\/schema\\\/logo\\\/image\\\/\"}}]}<\/script>\n<!-- \/ Yoast SEO plugin. -->","yoast_head_json":{"title":"Electrolux EAT7700 - Continent.lv","robots":{"index":"index","follow":"follow","max-snippet":"max-snippet:-1","max-image-preview":"max-image-preview:large","max-video-preview":"max-video-preview:-1"},"canonical":"https:\/\/continent.lv\/ru\/product\/electrolux-eat7700\/","og_locale":"ru_RU","og_type":"article","og_title":"Electrolux EAT7700 - Continent.lv","og_description":"Jauda 850 WNodal\u012bjumu skaits 2Autom\u0101tisk\u0101 izsl\u0113g\u0161an\u0101s J\u0101Stop poga J\u0101Grauzd\u0113\u0161anas l\u012bme\u0146a regul\u0101tors J\u0101Korpusa kr\u0101sa SudrabaSvars 1.35 kgAugstums 219 mmDzi\u013cums 262 mmPlatums 181 mmGarantijas termi\u0146\u0161 24 m\u0113ne\u0161i","og_url":"https:\/\/continent.lv\/ru\/product\/electrolux-eat7700\/","og_site_name":"Continent.lv","og_image":[{"width":280,"height":280,"url":"https:\/\/continent.lv\/wp-content\/uploads\/2026\/04\/EAT7700.jpeg","type":"image\/jpeg"}],"twitter_card":"summary_large_image","schema":{"@context":"https:\/\/schema.org","@graph":[{"@type":"WebPage","@id":"https:\/\/continent.lv\/product\/electrolux-eat7700\/","url":"https:\/\/continent.lv\/product\/electrolux-eat7700\/","name":"Electrolux EAT7700 - Continent.lv","isPartOf":{"@id":"https:\/\/continent.lv\/#website"},"primaryImageOfPage":{"@id":"https:\/\/continent.lv\/product\/electrolux-eat7700\/#primaryimage"},"image":{"@id":"https:\/\/continent.lv\/product\/electrolux-eat7700\/#primaryimage"},"thumbnailUrl":"https:\/\/continent.lv\/wp-content\/uploads\/2026\/04\/EAT7700.jpeg","datePublished":"2026-04-30T23:40:47+00:00","breadcrumb":{"@id":"https:\/\/continent.lv\/product\/electrolux-eat7700\/#breadcrumb"},"inLanguage":"ru-RU","potentialAction":[{"@type":"ReadAction","target":["https:\/\/continent.lv\/product\/electrolux-eat7700\/"]}]},{"@type":"ImageObject","inLanguage":"ru-RU","@id":"https:\/\/continent.lv\/product\/electrolux-eat7700\/#primaryimage","url":"https:\/\/continent.lv\/wp-content\/uploads\/2026\/04\/EAT7700.jpeg","contentUrl":"https:\/\/continent.lv\/wp-content\/uploads\/2026\/04\/EAT7700.jpeg","width":280,"height":280},{"@type":"BreadcrumbList","@id":"https:\/\/continent.lv\/product\/electrolux-eat7700\/#breadcrumb","itemListElement":[{"@type":"ListItem","position":1,"name":"Home","item":"https:\/\/continent.lv\/"},{"@type":"ListItem","position":2,"name":"Veikals","item":"https:\/\/continent.lv\/shop\/"},{"@type":"ListItem","position":3,"name":"Electrolux EAT7700"}]},{"@type":"WebSite","@id":"https:\/\/continent.lv\/#website","url":"https:\/\/continent.lv\/","name":"Continent.lv","description":"Sadz\u012bves pre\u010du internetveikals","publisher":{"@id":"https:\/\/continent.lv\/#organization"},"potentialAction":[{"@type":"SearchAction","target":{"@type":"EntryPoint","urlTemplate":"https:\/\/continent.lv\/?s={search_term_string}"},"query-input":{"@type":"PropertyValueSpecification","valueRequired":true,"valueName":"search_term_string"}}],"inLanguage":"ru-RU"},{"@type":"Organization","@id":"https:\/\/continent.lv\/#organization","name":"Continent.lv","url":"https:\/\/continent.lv\/","logo":{"@type":"ImageObject","inLanguage":"ru-RU","@id":"https:\/\/continent.lv\/#\/schema\/logo\/image\/","url":"https:\/\/continent.lv\/wp-content\/uploads\/2026\/05\/logo_continent_5nwv-jh.jpg","contentUrl":"https:\/\/continent.lv\/wp-content\/uploads\/2026\/05\/logo_continent_5nwv-jh.jpg","width":221,"height":50,"caption":"Continent.lv"},"image":{"@id":"https:\/\/continent.lv\/#\/schema\/logo\/image\/"}}]}},"_links":{"self":[{"href":"https:\/\/continent.lv\/ru\/wp-json\/wp\/v2\/product\/27777","targetHints":{"allow":["GET"]}}],"collection":[{"href":"https:\/\/continent.lv\/ru\/wp-json\/wp\/v2\/product"}],"about":[{"href":"https:\/\/continent.lv\/ru\/wp-json\/wp\/v2\/types\/product"}],"replies":[{"embeddable":true,"href":"https:\/\/continent.lv\/ru\/wp-json\/wp\/v2\/comments?post=27777"}],"wp:featuredmedia":[{"embeddable":true,"href":"https:\/\/continent.lv\/ru\/wp-json\/wp\/v2\/media\/27776"}],"wp:attachment":[{"href":"https:\/\/continent.lv\/ru\/wp-json\/wp\/v2\/media?parent=27777"}],"wp:term":[{"taxonomy":"product_brand","embeddable":true,"href":"https:\/\/continent.lv\/ru\/wp-json\/wp\/v2\/product_brand?post=27777"},{"taxonomy":"product_cat","embeddable":true,"href":"https:\/\/continent.lv\/ru\/wp-json\/wp\/v2\/product_cat?post=27777"},{"taxonomy":"product_tag","embeddable":true,"href":"https:\/\/continent.lv\/ru\/wp-json\/wp\/v2\/product_tag?post=27777"}],"curies":[{"name":"wp","href":"https:\/\/api.w.org\/{rel}","templated":true}]}}