{"id":27590,"date":"2026-04-30T23:36:23","date_gmt":"2026-04-30T23:36:23","guid":{"rendered":"https:\/\/continent.lv\/product\/samsung-vc07m2110sr-sb\/"},"modified":"2026-04-30T23:36:23","modified_gmt":"2026-04-30T23:36:23","slug":"samsung-vc07m2110sr-sb","status":"publish","type":"product","link":"https:\/\/continent.lv\/ru\/product\/samsung-vc07m2110sr-sb\/","title":{"rendered":"Samsung VC07M2110SR\/SB"},"content":{"rendered":"<p>\u041e\u0431\u0449\u0438\u0435 \u043f\u0430\u0440\u0430\u043c\u0435\u0442\u0440\u044b<\/p>\n<table>\n<tbody>\n<tr class=\"grey-line\">\n<td><span class=\"param_name\">Ra\u017eot\u0101js<\/span><\/td>\n<td>Samsung<\/td>\n<\/tr>\n<tr>\n<td><span class=\"param_name\">\u0421\u043e\u0432\u0435\u0442\u044b<\/span><\/td>\n<td>\u0421\u0443\u0445\u0430\u044f \u0443\u0431\u043e\u0440\u043a\u0430<\/td>\n<\/tr>\n<tr class=\"grey-line\">\n<td><span class=\"param_name\">\u041c\u043e\u0449\u043d\u043e\u0441\u0442\u044c \u043c\u043e\u0442\u043e\u0440\u0430 (\u0412\u0442)<\/span><\/td>\n<td>700<\/td>\n<\/tr>\n<tr>\n<td><span class=\"param_name\">\u041c\u043e\u0449\u043d\u043e\u0441\u0442\u044c \u0432\u0441\u0430\u0441\u044b\u0432\u0430\u043d\u0438\u044f (\u0412\u0442)<\/span><\/td>\n<td>180<\/td>\n<\/tr>\n<tr class=\"grey-line\">\n<td><span class=\"param_name\">\u041e\u0431\u044a\u0451\u043c \u043f\u044b\u043b\u0435\u0441\u0431\u043e\u0440\u043d\u0438\u043a\u0430 (\u043b)<\/span><\/td>\n<td>1,5<\/td>\n<\/tr>\n<tr>\n<td><span class=\"param_name\">\u0422\u0438\u043f \u0441\u0431\u043e\u0440\u0430 \u043f\u044b\u043b\u0438<\/span><\/td>\n<td>\u041a\u043e\u043d\u0442\u0435\u0439\u043d\u0435\u0440<\/td>\n<\/tr>\n<tr class=\"grey-line\">\n<td><span class=\"param_name\">\u0422\u0435\u043b\u0435\u0441\u043a\u043e\u043f\u0438\u0447\u0435\u0441\u043a\u0430\u044f \u0442\u0440\u0443\u0431\u0430<\/span><\/td>\n<td>\u0415\u0441\u0442\u044c<\/td>\n<\/tr>\n<tr>\n<td><span class=\"param_name\">\u0422\u0438\u043f \u0444\u0438\u043b\u044c\u0442\u0440\u0430<\/span><\/td>\n<td>HEPA<\/td>\n<\/tr>\n<tr class=\"grey-line\">\n<td><span class=\"param_name\">Uzga\u013ci<\/span><\/td>\n<td>\u0414\u043b\u044f \u043f\u043e\u043b\u0430 \u0438 \u043a\u043e\u0432\u0440\u043e\u0432<br \/>\u0429\u0435\u043b\u0435\u0432\u0430\u044f \u043d\u0430\u0441\u0430\u0434\u043a\u0430<\/td>\n<\/tr>\n<\/tbody>\n<\/table>\n<h4>\u0413\u0430\u0440\u0430\u043d\u0442\u0438\u044f<\/h4>\n<table>\n<tbody>\n<tr class=\"grey-line\">\n<td><span class=\"param_name\">\u0413\u0430\u0440\u0430\u043d\u0442\u0438\u044f<\/span> <span class=\"param_help\"> <\/span><\/td>\n<td>2 \u0433\u043e\u0434\u0430<\/td>\n<\/tr>\n<\/tbody>\n<\/table>","protected":false},"excerpt":{"rendered":"<p>Kop\u0113jie parametri Ra\u017eot\u0101js Samsung Tips Saus\u0101 t\u012br\u012b\u0161ana Motora jauda (W) 700 S\u016bk\u0161anas jauda (W) 180 Putek\u013cu v\u0101c\u0113ja tilpums (l) 1,5 Putek\u013cu sav\u0101k\u0161anas veids Konteineris Teliskopiska caurule Ir Filtra tips HEPA Uzga\u013ci Gr\u012bdai un pakl\u0101jiemUzgalis spraug\u0101m Garantija Garantija 2 gadi<\/p>","protected":false},"featured_media":27589,"comment_status":"open","ping_status":"closed","template":"","meta":{"_joinchat":[]},"product_brand":[139],"product_cat":[282],"product_tag":[],"class_list":{"0":"post-27590","1":"product","2":"type-product","3":"status-publish","4":"has-post-thumbnail","6":"product_brand-samsung","7":"product_cat-sadzives-tehnika-puteklu-suceji","9":"first","10":"instock","11":"shipping-taxable","12":"purchasable","13":"product-type-simple"},"yoast_head":"<!-- This site is optimized with the Yoast SEO plugin v27.5 - https:\/\/yoast.com\/product\/yoast-seo-wordpress\/ -->\n<title>Samsung VC07M2110SR\/SB - Continent.lv<\/title>\n<meta name=\"robots\" content=\"index, follow, max-snippet:-1, max-image-preview:large, max-video-preview:-1\" \/>\n<link rel=\"canonical\" href=\"https:\/\/continent.lv\/ru\/product\/samsung-vc07m2110sr-sb\/\" \/>\n<meta property=\"og:locale\" content=\"ru_RU\" \/>\n<meta property=\"og:type\" content=\"article\" \/>\n<meta property=\"og:title\" content=\"Samsung VC07M2110SR\/SB - Continent.lv\" \/>\n<meta property=\"og:description\" content=\"Kop\u0113jie parametri Ra\u017eot\u0101js Samsung Tips Saus\u0101 t\u012br\u012b\u0161ana Motora jauda (W) 700 S\u016bk\u0161anas jauda (W) 180 Putek\u013cu v\u0101c\u0113ja tilpums (l) 1,5 Putek\u013cu sav\u0101k\u0161anas veids Konteineris Teliskopiska caurule Ir Filtra tips HEPA Uzga\u013ci Gr\u012bdai un pakl\u0101jiemUzgalis spraug\u0101m Garantija Garantija 2 gadi\" \/>\n<meta property=\"og:url\" content=\"https:\/\/continent.lv\/ru\/product\/samsung-vc07m2110sr-sb\/\" \/>\n<meta property=\"og:site_name\" content=\"Continent.lv\" \/>\n<meta property=\"og:image\" content=\"https:\/\/continent.lv\/wp-content\/uploads\/2026\/04\/VC07M2110SR.jpg\" \/>\n\t<meta property=\"og:image:width\" content=\"280\" \/>\n\t<meta property=\"og:image:height\" content=\"409\" \/>\n\t<meta property=\"og:image:type\" content=\"image\/jpeg\" \/>\n<meta name=\"twitter:card\" content=\"summary_large_image\" \/>\n<script type=\"application\/ld+json\" class=\"yoast-schema-graph\">{\"@context\":\"https:\\\/\\\/schema.org\",\"@graph\":[{\"@type\":\"WebPage\",\"@id\":\"https:\\\/\\\/continent.lv\\\/product\\\/samsung-vc07m2110sr-sb\\\/\",\"url\":\"https:\\\/\\\/continent.lv\\\/product\\\/samsung-vc07m2110sr-sb\\\/\",\"name\":\"Samsung VC07M2110SR\\\/SB - Continent.lv\",\"isPartOf\":{\"@id\":\"https:\\\/\\\/continent.lv\\\/#website\"},\"primaryImageOfPage\":{\"@id\":\"https:\\\/\\\/continent.lv\\\/product\\\/samsung-vc07m2110sr-sb\\\/#primaryimage\"},\"image\":{\"@id\":\"https:\\\/\\\/continent.lv\\\/product\\\/samsung-vc07m2110sr-sb\\\/#primaryimage\"},\"thumbnailUrl\":\"https:\\\/\\\/continent.lv\\\/wp-content\\\/uploads\\\/2026\\\/04\\\/VC07M2110SR.jpg\",\"datePublished\":\"2026-04-30T23:36:23+00:00\",\"breadcrumb\":{\"@id\":\"https:\\\/\\\/continent.lv\\\/product\\\/samsung-vc07m2110sr-sb\\\/#breadcrumb\"},\"inLanguage\":\"ru-RU\",\"potentialAction\":[{\"@type\":\"ReadAction\",\"target\":[\"https:\\\/\\\/continent.lv\\\/product\\\/samsung-vc07m2110sr-sb\\\/\"]}]},{\"@type\":\"ImageObject\",\"inLanguage\":\"ru-RU\",\"@id\":\"https:\\\/\\\/continent.lv\\\/product\\\/samsung-vc07m2110sr-sb\\\/#primaryimage\",\"url\":\"https:\\\/\\\/continent.lv\\\/wp-content\\\/uploads\\\/2026\\\/04\\\/VC07M2110SR.jpg\",\"contentUrl\":\"https:\\\/\\\/continent.lv\\\/wp-content\\\/uploads\\\/2026\\\/04\\\/VC07M2110SR.jpg\",\"width\":280,\"height\":409},{\"@type\":\"BreadcrumbList\",\"@id\":\"https:\\\/\\\/continent.lv\\\/product\\\/samsung-vc07m2110sr-sb\\\/#breadcrumb\",\"itemListElement\":[{\"@type\":\"ListItem\",\"position\":1,\"name\":\"Home\",\"item\":\"https:\\\/\\\/continent.lv\\\/\"},{\"@type\":\"ListItem\",\"position\":2,\"name\":\"Veikals\",\"item\":\"https:\\\/\\\/continent.lv\\\/shop\\\/\"},{\"@type\":\"ListItem\",\"position\":3,\"name\":\"Samsung VC07M2110SR\\\/SB\"}]},{\"@type\":\"WebSite\",\"@id\":\"https:\\\/\\\/continent.lv\\\/#website\",\"url\":\"https:\\\/\\\/continent.lv\\\/\",\"name\":\"Continent.lv\",\"description\":\"Sadz\u012bves pre\u010du internetveikals\",\"publisher\":{\"@id\":\"https:\\\/\\\/continent.lv\\\/#organization\"},\"potentialAction\":[{\"@type\":\"SearchAction\",\"target\":{\"@type\":\"EntryPoint\",\"urlTemplate\":\"https:\\\/\\\/continent.lv\\\/?s={search_term_string}\"},\"query-input\":{\"@type\":\"PropertyValueSpecification\",\"valueRequired\":true,\"valueName\":\"search_term_string\"}}],\"inLanguage\":\"ru-RU\"},{\"@type\":\"Organization\",\"@id\":\"https:\\\/\\\/continent.lv\\\/#organization\",\"name\":\"Continent.lv\",\"url\":\"https:\\\/\\\/continent.lv\\\/\",\"logo\":{\"@type\":\"ImageObject\",\"inLanguage\":\"ru-RU\",\"@id\":\"https:\\\/\\\/continent.lv\\\/#\\\/schema\\\/logo\\\/image\\\/\",\"url\":\"https:\\\/\\\/continent.lv\\\/wp-content\\\/uploads\\\/2026\\\/05\\\/logo_continent_5nwv-jh.jpg\",\"contentUrl\":\"https:\\\/\\\/continent.lv\\\/wp-content\\\/uploads\\\/2026\\\/05\\\/logo_continent_5nwv-jh.jpg\",\"width\":221,\"height\":50,\"caption\":\"Continent.lv\"},\"image\":{\"@id\":\"https:\\\/\\\/continent.lv\\\/#\\\/schema\\\/logo\\\/image\\\/\"}}]}<\/script>\n<!-- \/ Yoast SEO plugin. -->","yoast_head_json":{"title":"Samsung VC07M2110SR\/SB - Continent.lv","robots":{"index":"index","follow":"follow","max-snippet":"max-snippet:-1","max-image-preview":"max-image-preview:large","max-video-preview":"max-video-preview:-1"},"canonical":"https:\/\/continent.lv\/ru\/product\/samsung-vc07m2110sr-sb\/","og_locale":"ru_RU","og_type":"article","og_title":"Samsung VC07M2110SR\/SB - Continent.lv","og_description":"Kop\u0113jie parametri Ra\u017eot\u0101js Samsung Tips Saus\u0101 t\u012br\u012b\u0161ana Motora jauda (W) 700 S\u016bk\u0161anas jauda (W) 180 Putek\u013cu v\u0101c\u0113ja tilpums (l) 1,5 Putek\u013cu sav\u0101k\u0161anas veids Konteineris Teliskopiska caurule Ir Filtra tips HEPA Uzga\u013ci Gr\u012bdai un pakl\u0101jiemUzgalis spraug\u0101m Garantija Garantija 2 gadi","og_url":"https:\/\/continent.lv\/ru\/product\/samsung-vc07m2110sr-sb\/","og_site_name":"Continent.lv","og_image":[{"width":280,"height":409,"url":"https:\/\/continent.lv\/wp-content\/uploads\/2026\/04\/VC07M2110SR.jpg","type":"image\/jpeg"}],"twitter_card":"summary_large_image","schema":{"@context":"https:\/\/schema.org","@graph":[{"@type":"WebPage","@id":"https:\/\/continent.lv\/product\/samsung-vc07m2110sr-sb\/","url":"https:\/\/continent.lv\/product\/samsung-vc07m2110sr-sb\/","name":"Samsung VC07M2110SR\/SB - Continent.lv","isPartOf":{"@id":"https:\/\/continent.lv\/#website"},"primaryImageOfPage":{"@id":"https:\/\/continent.lv\/product\/samsung-vc07m2110sr-sb\/#primaryimage"},"image":{"@id":"https:\/\/continent.lv\/product\/samsung-vc07m2110sr-sb\/#primaryimage"},"thumbnailUrl":"https:\/\/continent.lv\/wp-content\/uploads\/2026\/04\/VC07M2110SR.jpg","datePublished":"2026-04-30T23:36:23+00:00","breadcrumb":{"@id":"https:\/\/continent.lv\/product\/samsung-vc07m2110sr-sb\/#breadcrumb"},"inLanguage":"ru-RU","potentialAction":[{"@type":"ReadAction","target":["https:\/\/continent.lv\/product\/samsung-vc07m2110sr-sb\/"]}]},{"@type":"ImageObject","inLanguage":"ru-RU","@id":"https:\/\/continent.lv\/product\/samsung-vc07m2110sr-sb\/#primaryimage","url":"https:\/\/continent.lv\/wp-content\/uploads\/2026\/04\/VC07M2110SR.jpg","contentUrl":"https:\/\/continent.lv\/wp-content\/uploads\/2026\/04\/VC07M2110SR.jpg","width":280,"height":409},{"@type":"BreadcrumbList","@id":"https:\/\/continent.lv\/product\/samsung-vc07m2110sr-sb\/#breadcrumb","itemListElement":[{"@type":"ListItem","position":1,"name":"Home","item":"https:\/\/continent.lv\/"},{"@type":"ListItem","position":2,"name":"Veikals","item":"https:\/\/continent.lv\/shop\/"},{"@type":"ListItem","position":3,"name":"Samsung VC07M2110SR\/SB"}]},{"@type":"WebSite","@id":"https:\/\/continent.lv\/#website","url":"https:\/\/continent.lv\/","name":"Continent.lv","description":"Sadz\u012bves pre\u010du internetveikals","publisher":{"@id":"https:\/\/continent.lv\/#organization"},"potentialAction":[{"@type":"SearchAction","target":{"@type":"EntryPoint","urlTemplate":"https:\/\/continent.lv\/?s={search_term_string}"},"query-input":{"@type":"PropertyValueSpecification","valueRequired":true,"valueName":"search_term_string"}}],"inLanguage":"ru-RU"},{"@type":"Organization","@id":"https:\/\/continent.lv\/#organization","name":"Continent.lv","url":"https:\/\/continent.lv\/","logo":{"@type":"ImageObject","inLanguage":"ru-RU","@id":"https:\/\/continent.lv\/#\/schema\/logo\/image\/","url":"https:\/\/continent.lv\/wp-content\/uploads\/2026\/05\/logo_continent_5nwv-jh.jpg","contentUrl":"https:\/\/continent.lv\/wp-content\/uploads\/2026\/05\/logo_continent_5nwv-jh.jpg","width":221,"height":50,"caption":"Continent.lv"},"image":{"@id":"https:\/\/continent.lv\/#\/schema\/logo\/image\/"}}]}},"_links":{"self":[{"href":"https:\/\/continent.lv\/ru\/wp-json\/wp\/v2\/product\/27590","targetHints":{"allow":["GET"]}}],"collection":[{"href":"https:\/\/continent.lv\/ru\/wp-json\/wp\/v2\/product"}],"about":[{"href":"https:\/\/continent.lv\/ru\/wp-json\/wp\/v2\/types\/product"}],"replies":[{"embeddable":true,"href":"https:\/\/continent.lv\/ru\/wp-json\/wp\/v2\/comments?post=27590"}],"wp:featuredmedia":[{"embeddable":true,"href":"https:\/\/continent.lv\/ru\/wp-json\/wp\/v2\/media\/27589"}],"wp:attachment":[{"href":"https:\/\/continent.lv\/ru\/wp-json\/wp\/v2\/media?parent=27590"}],"wp:term":[{"taxonomy":"product_brand","embeddable":true,"href":"https:\/\/continent.lv\/ru\/wp-json\/wp\/v2\/product_brand?post=27590"},{"taxonomy":"product_cat","embeddable":true,"href":"https:\/\/continent.lv\/ru\/wp-json\/wp\/v2\/product_cat?post=27590"},{"taxonomy":"product_tag","embeddable":true,"href":"https:\/\/continent.lv\/ru\/wp-json\/wp\/v2\/product_tag?post=27590"}],"curies":[{"name":"wp","href":"https:\/\/api.w.org\/{rel}","templated":true}]}}