{"id":27465,"date":"2026-04-30T23:32:37","date_gmt":"2026-04-30T23:32:37","guid":{"rendered":"https:\/\/continent.lv\/product\/caso-master-e2\/"},"modified":"2026-04-30T23:32:37","modified_gmt":"2026-04-30T23:32:37","slug":"caso-master-e2","status":"publish","type":"product","link":"https:\/\/continent.lv\/ru\/product\/caso-master-e2\/","title":{"rendered":"Caso Master E2"},"content":{"rendered":"<p>\u00a0\u00a0\u00a0 Pre\u010du z\u012bme\u00a0\u00a0\u00a0 Caso<\/p>\n<p>\u00a0\u00a0\u00a0 Tips\u00a0\u00a0\u00a0 Indukcijas<br \/>\u00a0\u00a0\u00a0 Kr\u0101sa\u00a0\u00a0\u00a0 Melna<br \/>\u00a0\u00a0\u00a0 Sildri\u0146\u0137u skaits\u00a0\u00a0\u00a0 2<br \/>\u00a0\u00a0\u00a0 EAN\u00a0\u00a0\u00a0 4038437030419<br \/>\u0423\u043f\u0440\u0430\u0432\u043b\u0435\u043d\u0438\u0435<br \/>\u00a0\u00a0\u00a0 Vad\u012bba\u00a0\u00a0\u00a0 Sk\u0101rienvad\u012bba<br \/>\u0420\u0430\u0437\u043c\u0435\u0440\u044b \u0438 \u0432\u0435\u0441<br \/>\u00a0\u00a0\u00a0 Izm\u0113ri, cm\u00a0\u00a0\u00a0 29<br \/>\u00a0\u00a0\u00a0 Svars\u00a0\u00a0\u00a0 5.25 kg<br \/>\u0414\u0440\u0443\u0433\u0438\u0435 \u043f\u0430\u0440\u0430\u043c\u0435\u0442\u0440\u044b<br \/>\u00a0\u00a0\u00a0 Apmale\u00a0\u00a0\u00a0 Nav<br \/>\u00a0\u00a0\u00a0 \u0417\u0430\u0449\u0438\u0442\u0430 \u0434\u0435\u0442\u0441\u043a\u043e\u0439 \u0431\u0435\u0437\u043e\u043f\u0430\u0441\u043d\u043e\u0441\u0442\u0438\u00a0\u00a0 \u00a0<br \/>\u00a0\u00a0\u00a0 Kop\u0113j\u0101 jauda\u00a0\u00a0\u00a0 3.5 kW<\/p><\/p>","protected":false},"excerpt":{"rendered":"<p>\u00a0\u00a0\u00a0 Pre\u010du z\u012bme\u00a0\u00a0\u00a0 Caso \u00a0\u00a0\u00a0 Tips\u00a0\u00a0\u00a0 Indukcijas\u00a0\u00a0\u00a0 Kr\u0101sa\u00a0\u00a0\u00a0 Melna\u00a0\u00a0\u00a0 Sildri\u0146\u0137u skaits\u00a0\u00a0\u00a0 2\u00a0\u00a0\u00a0 EAN\u00a0\u00a0\u00a0 4038437030419Vad\u012bba\u00a0\u00a0\u00a0 Vad\u012bba\u00a0\u00a0\u00a0 Sk\u0101rienvad\u012bbaIzm\u0113rs, svars\u00a0\u00a0\u00a0 Izm\u0113ri, cm\u00a0\u00a0\u00a0 29\u00a0\u00a0\u00a0 Svars\u00a0\u00a0\u00a0 5.25 kgCiti parametri\u00a0\u00a0\u00a0 Apmale\u00a0\u00a0\u00a0 Nav\u00a0\u00a0\u00a0 B\u0113rnu dro\u0161\u012bbas aizsardz\u012bba\u00a0\u00a0 \u00a0\u00a0\u00a0\u00a0 Kop\u0113j\u0101 jauda\u00a0\u00a0\u00a0 3.5 kW<\/p>","protected":false},"featured_media":27463,"comment_status":"open","ping_status":"closed","template":"","meta":{"_joinchat":[]},"product_brand":[],"product_cat":[264],"product_tag":[],"class_list":{"0":"post-27465","1":"product","2":"type-product","3":"status-publish","4":"has-post-thumbnail","6":"product_cat-iebuvejama-sadzives-tehnika-iebuvejamas-elektriskas-plits-virsmas","8":"first","9":"instock","10":"shipping-taxable","11":"purchasable","12":"product-type-simple"},"yoast_head":"<!-- This site is optimized with the Yoast SEO plugin v27.5 - https:\/\/yoast.com\/product\/yoast-seo-wordpress\/ -->\n<title>Caso Master E2 - Continent.lv<\/title>\n<meta name=\"robots\" content=\"index, follow, max-snippet:-1, max-image-preview:large, max-video-preview:-1\" \/>\n<link rel=\"canonical\" href=\"https:\/\/continent.lv\/ru\/product\/caso-master-e2\/\" \/>\n<meta property=\"og:locale\" content=\"ru_RU\" \/>\n<meta property=\"og:type\" content=\"article\" \/>\n<meta property=\"og:title\" content=\"Caso Master E2 - Continent.lv\" \/>\n<meta property=\"og:description\" content=\"\u00a0\u00a0\u00a0 Pre\u010du z\u012bme\u00a0\u00a0\u00a0 Caso \u00a0\u00a0\u00a0 Tips\u00a0\u00a0\u00a0 Indukcijas\u00a0\u00a0\u00a0 Kr\u0101sa\u00a0\u00a0\u00a0 Melna\u00a0\u00a0\u00a0 Sildri\u0146\u0137u skaits\u00a0\u00a0\u00a0 2\u00a0\u00a0\u00a0 EAN\u00a0\u00a0\u00a0 4038437030419Vad\u012bba\u00a0\u00a0\u00a0 Vad\u012bba\u00a0\u00a0\u00a0 Sk\u0101rienvad\u012bbaIzm\u0113rs, svars\u00a0\u00a0\u00a0 Izm\u0113ri, cm\u00a0\u00a0\u00a0 29\u00a0\u00a0\u00a0 Svars\u00a0\u00a0\u00a0 5.25 kgCiti parametri\u00a0\u00a0\u00a0 Apmale\u00a0\u00a0\u00a0 Nav\u00a0\u00a0\u00a0 B\u0113rnu dro\u0161\u012bbas aizsardz\u012bba\u00a0\u00a0 \u00a0\u00a0\u00a0\u00a0 Kop\u0113j\u0101 jauda\u00a0\u00a0\u00a0 3.5 kW\" \/>\n<meta property=\"og:url\" content=\"https:\/\/continent.lv\/ru\/product\/caso-master-e2\/\" \/>\n<meta property=\"og:site_name\" content=\"Continent.lv\" \/>\n<meta property=\"og:image\" content=\"https:\/\/continent.lv\/wp-content\/uploads\/2026\/04\/21_a9zg-gv.jpeg\" \/>\n\t<meta property=\"og:image:width\" content=\"576\" \/>\n\t<meta property=\"og:image:height\" content=\"472\" \/>\n\t<meta property=\"og:image:type\" content=\"image\/jpeg\" \/>\n<meta name=\"twitter:card\" content=\"summary_large_image\" \/>\n<meta name=\"twitter:label1\" content=\"\u041f\u0440\u0438\u043c\u0435\u0440\u043d\u043e\u0435 \u0432\u0440\u0435\u043c\u044f \u0434\u043b\u044f \u0447\u0442\u0435\u043d\u0438\u044f\" \/>\n\t<meta name=\"twitter:data1\" content=\"1 \u043c\u0438\u043d\u0443\u0442\u0430\" \/>\n<script type=\"application\/ld+json\" class=\"yoast-schema-graph\">{\"@context\":\"https:\\\/\\\/schema.org\",\"@graph\":[{\"@type\":\"WebPage\",\"@id\":\"https:\\\/\\\/continent.lv\\\/product\\\/caso-master-e2\\\/\",\"url\":\"https:\\\/\\\/continent.lv\\\/product\\\/caso-master-e2\\\/\",\"name\":\"Caso Master E2 - Continent.lv\",\"isPartOf\":{\"@id\":\"https:\\\/\\\/continent.lv\\\/#website\"},\"primaryImageOfPage\":{\"@id\":\"https:\\\/\\\/continent.lv\\\/product\\\/caso-master-e2\\\/#primaryimage\"},\"image\":{\"@id\":\"https:\\\/\\\/continent.lv\\\/product\\\/caso-master-e2\\\/#primaryimage\"},\"thumbnailUrl\":\"https:\\\/\\\/continent.lv\\\/wp-content\\\/uploads\\\/2026\\\/04\\\/21_a9zg-gv.jpeg\",\"datePublished\":\"2026-04-30T23:32:37+00:00\",\"breadcrumb\":{\"@id\":\"https:\\\/\\\/continent.lv\\\/product\\\/caso-master-e2\\\/#breadcrumb\"},\"inLanguage\":\"ru-RU\",\"potentialAction\":[{\"@type\":\"ReadAction\",\"target\":[\"https:\\\/\\\/continent.lv\\\/product\\\/caso-master-e2\\\/\"]}]},{\"@type\":\"ImageObject\",\"inLanguage\":\"ru-RU\",\"@id\":\"https:\\\/\\\/continent.lv\\\/product\\\/caso-master-e2\\\/#primaryimage\",\"url\":\"https:\\\/\\\/continent.lv\\\/wp-content\\\/uploads\\\/2026\\\/04\\\/21_a9zg-gv.jpeg\",\"contentUrl\":\"https:\\\/\\\/continent.lv\\\/wp-content\\\/uploads\\\/2026\\\/04\\\/21_a9zg-gv.jpeg\",\"width\":576,\"height\":472},{\"@type\":\"BreadcrumbList\",\"@id\":\"https:\\\/\\\/continent.lv\\\/product\\\/caso-master-e2\\\/#breadcrumb\",\"itemListElement\":[{\"@type\":\"ListItem\",\"position\":1,\"name\":\"Home\",\"item\":\"https:\\\/\\\/continent.lv\\\/\"},{\"@type\":\"ListItem\",\"position\":2,\"name\":\"Veikals\",\"item\":\"https:\\\/\\\/continent.lv\\\/shop\\\/\"},{\"@type\":\"ListItem\",\"position\":3,\"name\":\"Caso Master E2\"}]},{\"@type\":\"WebSite\",\"@id\":\"https:\\\/\\\/continent.lv\\\/#website\",\"url\":\"https:\\\/\\\/continent.lv\\\/\",\"name\":\"Continent.lv\",\"description\":\"Sadz\u012bves pre\u010du internetveikals\",\"publisher\":{\"@id\":\"https:\\\/\\\/continent.lv\\\/#organization\"},\"potentialAction\":[{\"@type\":\"SearchAction\",\"target\":{\"@type\":\"EntryPoint\",\"urlTemplate\":\"https:\\\/\\\/continent.lv\\\/?s={search_term_string}\"},\"query-input\":{\"@type\":\"PropertyValueSpecification\",\"valueRequired\":true,\"valueName\":\"search_term_string\"}}],\"inLanguage\":\"ru-RU\"},{\"@type\":\"Organization\",\"@id\":\"https:\\\/\\\/continent.lv\\\/#organization\",\"name\":\"Continent.lv\",\"url\":\"https:\\\/\\\/continent.lv\\\/\",\"logo\":{\"@type\":\"ImageObject\",\"inLanguage\":\"ru-RU\",\"@id\":\"https:\\\/\\\/continent.lv\\\/#\\\/schema\\\/logo\\\/image\\\/\",\"url\":\"https:\\\/\\\/continent.lv\\\/wp-content\\\/uploads\\\/2026\\\/05\\\/logo_continent_5nwv-jh.jpg\",\"contentUrl\":\"https:\\\/\\\/continent.lv\\\/wp-content\\\/uploads\\\/2026\\\/05\\\/logo_continent_5nwv-jh.jpg\",\"width\":221,\"height\":50,\"caption\":\"Continent.lv\"},\"image\":{\"@id\":\"https:\\\/\\\/continent.lv\\\/#\\\/schema\\\/logo\\\/image\\\/\"}}]}<\/script>\n<!-- \/ Yoast SEO plugin. -->","yoast_head_json":{"title":"Caso Master E2 - Continent.lv","robots":{"index":"index","follow":"follow","max-snippet":"max-snippet:-1","max-image-preview":"max-image-preview:large","max-video-preview":"max-video-preview:-1"},"canonical":"https:\/\/continent.lv\/ru\/product\/caso-master-e2\/","og_locale":"ru_RU","og_type":"article","og_title":"Caso Master E2 - Continent.lv","og_description":"\u00a0\u00a0\u00a0 Pre\u010du z\u012bme\u00a0\u00a0\u00a0 Caso \u00a0\u00a0\u00a0 Tips\u00a0\u00a0\u00a0 Indukcijas\u00a0\u00a0\u00a0 Kr\u0101sa\u00a0\u00a0\u00a0 Melna\u00a0\u00a0\u00a0 Sildri\u0146\u0137u skaits\u00a0\u00a0\u00a0 2\u00a0\u00a0\u00a0 EAN\u00a0\u00a0\u00a0 4038437030419Vad\u012bba\u00a0\u00a0\u00a0 Vad\u012bba\u00a0\u00a0\u00a0 Sk\u0101rienvad\u012bbaIzm\u0113rs, svars\u00a0\u00a0\u00a0 Izm\u0113ri, cm\u00a0\u00a0\u00a0 29\u00a0\u00a0\u00a0 Svars\u00a0\u00a0\u00a0 5.25 kgCiti parametri\u00a0\u00a0\u00a0 Apmale\u00a0\u00a0\u00a0 Nav\u00a0\u00a0\u00a0 B\u0113rnu dro\u0161\u012bbas aizsardz\u012bba\u00a0\u00a0 \u00a0\u00a0\u00a0\u00a0 Kop\u0113j\u0101 jauda\u00a0\u00a0\u00a0 3.5 kW","og_url":"https:\/\/continent.lv\/ru\/product\/caso-master-e2\/","og_site_name":"Continent.lv","og_image":[{"width":576,"height":472,"url":"https:\/\/continent.lv\/wp-content\/uploads\/2026\/04\/21_a9zg-gv.jpeg","type":"image\/jpeg"}],"twitter_card":"summary_large_image","twitter_misc":{"\u041f\u0440\u0438\u043c\u0435\u0440\u043d\u043e\u0435 \u0432\u0440\u0435\u043c\u044f \u0434\u043b\u044f \u0447\u0442\u0435\u043d\u0438\u044f":"1 \u043c\u0438\u043d\u0443\u0442\u0430"},"schema":{"@context":"https:\/\/schema.org","@graph":[{"@type":"WebPage","@id":"https:\/\/continent.lv\/product\/caso-master-e2\/","url":"https:\/\/continent.lv\/product\/caso-master-e2\/","name":"Caso Master E2 - Continent.lv","isPartOf":{"@id":"https:\/\/continent.lv\/#website"},"primaryImageOfPage":{"@id":"https:\/\/continent.lv\/product\/caso-master-e2\/#primaryimage"},"image":{"@id":"https:\/\/continent.lv\/product\/caso-master-e2\/#primaryimage"},"thumbnailUrl":"https:\/\/continent.lv\/wp-content\/uploads\/2026\/04\/21_a9zg-gv.jpeg","datePublished":"2026-04-30T23:32:37+00:00","breadcrumb":{"@id":"https:\/\/continent.lv\/product\/caso-master-e2\/#breadcrumb"},"inLanguage":"ru-RU","potentialAction":[{"@type":"ReadAction","target":["https:\/\/continent.lv\/product\/caso-master-e2\/"]}]},{"@type":"ImageObject","inLanguage":"ru-RU","@id":"https:\/\/continent.lv\/product\/caso-master-e2\/#primaryimage","url":"https:\/\/continent.lv\/wp-content\/uploads\/2026\/04\/21_a9zg-gv.jpeg","contentUrl":"https:\/\/continent.lv\/wp-content\/uploads\/2026\/04\/21_a9zg-gv.jpeg","width":576,"height":472},{"@type":"BreadcrumbList","@id":"https:\/\/continent.lv\/product\/caso-master-e2\/#breadcrumb","itemListElement":[{"@type":"ListItem","position":1,"name":"Home","item":"https:\/\/continent.lv\/"},{"@type":"ListItem","position":2,"name":"Veikals","item":"https:\/\/continent.lv\/shop\/"},{"@type":"ListItem","position":3,"name":"Caso Master E2"}]},{"@type":"WebSite","@id":"https:\/\/continent.lv\/#website","url":"https:\/\/continent.lv\/","name":"Continent.lv","description":"Sadz\u012bves pre\u010du internetveikals","publisher":{"@id":"https:\/\/continent.lv\/#organization"},"potentialAction":[{"@type":"SearchAction","target":{"@type":"EntryPoint","urlTemplate":"https:\/\/continent.lv\/?s={search_term_string}"},"query-input":{"@type":"PropertyValueSpecification","valueRequired":true,"valueName":"search_term_string"}}],"inLanguage":"ru-RU"},{"@type":"Organization","@id":"https:\/\/continent.lv\/#organization","name":"Continent.lv","url":"https:\/\/continent.lv\/","logo":{"@type":"ImageObject","inLanguage":"ru-RU","@id":"https:\/\/continent.lv\/#\/schema\/logo\/image\/","url":"https:\/\/continent.lv\/wp-content\/uploads\/2026\/05\/logo_continent_5nwv-jh.jpg","contentUrl":"https:\/\/continent.lv\/wp-content\/uploads\/2026\/05\/logo_continent_5nwv-jh.jpg","width":221,"height":50,"caption":"Continent.lv"},"image":{"@id":"https:\/\/continent.lv\/#\/schema\/logo\/image\/"}}]}},"_links":{"self":[{"href":"https:\/\/continent.lv\/ru\/wp-json\/wp\/v2\/product\/27465","targetHints":{"allow":["GET"]}}],"collection":[{"href":"https:\/\/continent.lv\/ru\/wp-json\/wp\/v2\/product"}],"about":[{"href":"https:\/\/continent.lv\/ru\/wp-json\/wp\/v2\/types\/product"}],"replies":[{"embeddable":true,"href":"https:\/\/continent.lv\/ru\/wp-json\/wp\/v2\/comments?post=27465"}],"wp:featuredmedia":[{"embeddable":true,"href":"https:\/\/continent.lv\/ru\/wp-json\/wp\/v2\/media\/27463"}],"wp:attachment":[{"href":"https:\/\/continent.lv\/ru\/wp-json\/wp\/v2\/media?parent=27465"}],"wp:term":[{"taxonomy":"product_brand","embeddable":true,"href":"https:\/\/continent.lv\/ru\/wp-json\/wp\/v2\/product_brand?post=27465"},{"taxonomy":"product_cat","embeddable":true,"href":"https:\/\/continent.lv\/ru\/wp-json\/wp\/v2\/product_cat?post=27465"},{"taxonomy":"product_tag","embeddable":true,"href":"https:\/\/continent.lv\/ru\/wp-json\/wp\/v2\/product_tag?post=27465"}],"curies":[{"name":"wp","href":"https:\/\/api.w.org\/{rel}","templated":true}]}}