{"id":27425,"date":"2026-04-30T23:31:35","date_gmt":"2026-04-30T23:31:35","guid":{"rendered":"https:\/\/continent.lv\/product\/barkan-2400-b-26-39-tv-kronsteins\/"},"modified":"2026-04-30T23:31:35","modified_gmt":"2026-04-30T23:31:35","slug":"barkan-2400-b-26-39-tv-kronsteins","status":"publish","type":"product","link":"https:\/\/continent.lv\/ru\/product\/barkan-2400-b-26-39-tv-kronsteins\/","title":{"rendered":"BARKAN 2400.B \u043a\u0440\u043e\u043d\u0448\u0442\u0435\u0439\u043d \u0434\u043b\u044f \u0422\u0412 26\"-39\""},"content":{"rendered":"<p><strong><em>\u0422\u041e\u0412\u0410\u0420 \u0412 \u041d\u0410\u041b\u0418\u0427\u0418\u0418!<\/em><\/strong><\/p>\n<p>B\u012bd\u0101ms no sienas:     J\u0101<br \/>TV ekr\u0101niem l\u012bdz :     26\u2033 \u2013 39\u2033<br \/>Pie\u013caujam\u0101 slodze l\u012bdz:     25 kg<br \/>Minim\u0101lais att\u0101lums no sienas:     5.9 cm<br \/>Maksim\u0101lais att\u0101lums no sienas:     44.5 cm<\/p>","protected":false},"excerpt":{"rendered":"<p>IR UZ VIETAS! B\u012bd\u0101ms no sienas: J\u0101TV ekr\u0101niem l\u012bdz : 26\u2033 \u2013 39\u2033Pie\u013caujam\u0101 slodze l\u012bdz: 25 kgMinim\u0101lais att\u0101lums no sienas: 5.9 cmMaksim\u0101lais att\u0101lums no sienas: 44.5 cm<\/p>","protected":false},"featured_media":27423,"comment_status":"open","ping_status":"closed","template":"","meta":{"_joinchat":[]},"product_brand":[],"product_cat":[326],"product_tag":[],"class_list":{"0":"post-27425","1":"product","2":"type-product","3":"status-publish","4":"has-post-thumbnail","6":"product_cat-tv-foto-video-audio-televizori-un-aksesuari-televizoru-kronsteini","8":"first","9":"instock","10":"shipping-taxable","11":"purchasable","12":"product-type-simple"},"yoast_head":"<!-- This site is optimized with the Yoast SEO plugin v27.5 - https:\/\/yoast.com\/product\/yoast-seo-wordpress\/ -->\n<title>BARKAN 2400.B 26&quot;-39&quot; TV kron\u0161teins - Continent.lv<\/title>\n<meta name=\"robots\" content=\"index, follow, max-snippet:-1, max-image-preview:large, max-video-preview:-1\" \/>\n<link rel=\"canonical\" href=\"https:\/\/continent.lv\/ru\/product\/barkan-2400-b-26-39-tv-kronsteins\/\" \/>\n<meta property=\"og:locale\" content=\"ru_RU\" \/>\n<meta property=\"og:type\" content=\"article\" \/>\n<meta property=\"og:title\" content=\"BARKAN 2400.B 26&quot;-39&quot; TV kron\u0161teins - Continent.lv\" \/>\n<meta property=\"og:description\" content=\"IR UZ VIETAS! B\u012bd\u0101ms no sienas: J\u0101TV ekr\u0101niem l\u012bdz : 26\u2033 \u2013 39\u2033Pie\u013caujam\u0101 slodze l\u012bdz: 25 kgMinim\u0101lais att\u0101lums no sienas: 5.9 cmMaksim\u0101lais att\u0101lums no sienas: 44.5 cm\" \/>\n<meta property=\"og:url\" content=\"https:\/\/continent.lv\/ru\/product\/barkan-2400-b-26-39-tv-kronsteins\/\" \/>\n<meta property=\"og:site_name\" content=\"Continent.lv\" \/>\n<meta property=\"og:image\" content=\"https:\/\/continent.lv\/wp-content\/uploads\/2026\/04\/2400.B.jpg\" \/>\n\t<meta property=\"og:image:width\" content=\"280\" \/>\n\t<meta property=\"og:image:height\" content=\"280\" \/>\n\t<meta property=\"og:image:type\" content=\"image\/jpeg\" \/>\n<meta name=\"twitter:card\" content=\"summary_large_image\" \/>\n<script type=\"application\/ld+json\" class=\"yoast-schema-graph\">{\"@context\":\"https:\\\/\\\/schema.org\",\"@graph\":[{\"@type\":\"WebPage\",\"@id\":\"https:\\\/\\\/continent.lv\\\/product\\\/barkan-2400-b-26-39-tv-kronsteins\\\/\",\"url\":\"https:\\\/\\\/continent.lv\\\/product\\\/barkan-2400-b-26-39-tv-kronsteins\\\/\",\"name\":\"BARKAN 2400.B 26\\\"-39\\\" TV kron\u0161teins - Continent.lv\",\"isPartOf\":{\"@id\":\"https:\\\/\\\/continent.lv\\\/#website\"},\"primaryImageOfPage\":{\"@id\":\"https:\\\/\\\/continent.lv\\\/product\\\/barkan-2400-b-26-39-tv-kronsteins\\\/#primaryimage\"},\"image\":{\"@id\":\"https:\\\/\\\/continent.lv\\\/product\\\/barkan-2400-b-26-39-tv-kronsteins\\\/#primaryimage\"},\"thumbnailUrl\":\"https:\\\/\\\/continent.lv\\\/wp-content\\\/uploads\\\/2026\\\/04\\\/2400.B.jpg\",\"datePublished\":\"2026-04-30T23:31:35+00:00\",\"breadcrumb\":{\"@id\":\"https:\\\/\\\/continent.lv\\\/product\\\/barkan-2400-b-26-39-tv-kronsteins\\\/#breadcrumb\"},\"inLanguage\":\"ru-RU\",\"potentialAction\":[{\"@type\":\"ReadAction\",\"target\":[\"https:\\\/\\\/continent.lv\\\/product\\\/barkan-2400-b-26-39-tv-kronsteins\\\/\"]}]},{\"@type\":\"ImageObject\",\"inLanguage\":\"ru-RU\",\"@id\":\"https:\\\/\\\/continent.lv\\\/product\\\/barkan-2400-b-26-39-tv-kronsteins\\\/#primaryimage\",\"url\":\"https:\\\/\\\/continent.lv\\\/wp-content\\\/uploads\\\/2026\\\/04\\\/2400.B.jpg\",\"contentUrl\":\"https:\\\/\\\/continent.lv\\\/wp-content\\\/uploads\\\/2026\\\/04\\\/2400.B.jpg\",\"width\":280,\"height\":280},{\"@type\":\"BreadcrumbList\",\"@id\":\"https:\\\/\\\/continent.lv\\\/product\\\/barkan-2400-b-26-39-tv-kronsteins\\\/#breadcrumb\",\"itemListElement\":[{\"@type\":\"ListItem\",\"position\":1,\"name\":\"Home\",\"item\":\"https:\\\/\\\/continent.lv\\\/\"},{\"@type\":\"ListItem\",\"position\":2,\"name\":\"Veikals\",\"item\":\"https:\\\/\\\/continent.lv\\\/shop\\\/\"},{\"@type\":\"ListItem\",\"position\":3,\"name\":\"BARKAN 2400.B 26&#8243;-39&#8243; TV kron\u0161teins\"}]},{\"@type\":\"WebSite\",\"@id\":\"https:\\\/\\\/continent.lv\\\/#website\",\"url\":\"https:\\\/\\\/continent.lv\\\/\",\"name\":\"Continent.lv\",\"description\":\"Sadz\u012bves pre\u010du internetveikals\",\"publisher\":{\"@id\":\"https:\\\/\\\/continent.lv\\\/#organization\"},\"potentialAction\":[{\"@type\":\"SearchAction\",\"target\":{\"@type\":\"EntryPoint\",\"urlTemplate\":\"https:\\\/\\\/continent.lv\\\/?s={search_term_string}\"},\"query-input\":{\"@type\":\"PropertyValueSpecification\",\"valueRequired\":true,\"valueName\":\"search_term_string\"}}],\"inLanguage\":\"ru-RU\"},{\"@type\":\"Organization\",\"@id\":\"https:\\\/\\\/continent.lv\\\/#organization\",\"name\":\"Continent.lv\",\"url\":\"https:\\\/\\\/continent.lv\\\/\",\"logo\":{\"@type\":\"ImageObject\",\"inLanguage\":\"ru-RU\",\"@id\":\"https:\\\/\\\/continent.lv\\\/#\\\/schema\\\/logo\\\/image\\\/\",\"url\":\"https:\\\/\\\/continent.lv\\\/wp-content\\\/uploads\\\/2026\\\/05\\\/logo_continent_5nwv-jh.jpg\",\"contentUrl\":\"https:\\\/\\\/continent.lv\\\/wp-content\\\/uploads\\\/2026\\\/05\\\/logo_continent_5nwv-jh.jpg\",\"width\":221,\"height\":50,\"caption\":\"Continent.lv\"},\"image\":{\"@id\":\"https:\\\/\\\/continent.lv\\\/#\\\/schema\\\/logo\\\/image\\\/\"}}]}<\/script>\n<!-- \/ Yoast SEO plugin. -->","yoast_head_json":{"title":"BARKAN 2400.B 26\"-39\" TV kron\u0161teins - Continent.lv","robots":{"index":"index","follow":"follow","max-snippet":"max-snippet:-1","max-image-preview":"max-image-preview:large","max-video-preview":"max-video-preview:-1"},"canonical":"https:\/\/continent.lv\/ru\/product\/barkan-2400-b-26-39-tv-kronsteins\/","og_locale":"ru_RU","og_type":"article","og_title":"BARKAN 2400.B 26\"-39\" TV kron\u0161teins - Continent.lv","og_description":"IR UZ VIETAS! B\u012bd\u0101ms no sienas: J\u0101TV ekr\u0101niem l\u012bdz : 26\u2033 \u2013 39\u2033Pie\u013caujam\u0101 slodze l\u012bdz: 25 kgMinim\u0101lais att\u0101lums no sienas: 5.9 cmMaksim\u0101lais att\u0101lums no sienas: 44.5 cm","og_url":"https:\/\/continent.lv\/ru\/product\/barkan-2400-b-26-39-tv-kronsteins\/","og_site_name":"Continent.lv","og_image":[{"width":280,"height":280,"url":"https:\/\/continent.lv\/wp-content\/uploads\/2026\/04\/2400.B.jpg","type":"image\/jpeg"}],"twitter_card":"summary_large_image","schema":{"@context":"https:\/\/schema.org","@graph":[{"@type":"WebPage","@id":"https:\/\/continent.lv\/product\/barkan-2400-b-26-39-tv-kronsteins\/","url":"https:\/\/continent.lv\/product\/barkan-2400-b-26-39-tv-kronsteins\/","name":"BARKAN 2400.B 26\"-39\" TV kron\u0161teins - Continent.lv","isPartOf":{"@id":"https:\/\/continent.lv\/#website"},"primaryImageOfPage":{"@id":"https:\/\/continent.lv\/product\/barkan-2400-b-26-39-tv-kronsteins\/#primaryimage"},"image":{"@id":"https:\/\/continent.lv\/product\/barkan-2400-b-26-39-tv-kronsteins\/#primaryimage"},"thumbnailUrl":"https:\/\/continent.lv\/wp-content\/uploads\/2026\/04\/2400.B.jpg","datePublished":"2026-04-30T23:31:35+00:00","breadcrumb":{"@id":"https:\/\/continent.lv\/product\/barkan-2400-b-26-39-tv-kronsteins\/#breadcrumb"},"inLanguage":"ru-RU","potentialAction":[{"@type":"ReadAction","target":["https:\/\/continent.lv\/product\/barkan-2400-b-26-39-tv-kronsteins\/"]}]},{"@type":"ImageObject","inLanguage":"ru-RU","@id":"https:\/\/continent.lv\/product\/barkan-2400-b-26-39-tv-kronsteins\/#primaryimage","url":"https:\/\/continent.lv\/wp-content\/uploads\/2026\/04\/2400.B.jpg","contentUrl":"https:\/\/continent.lv\/wp-content\/uploads\/2026\/04\/2400.B.jpg","width":280,"height":280},{"@type":"BreadcrumbList","@id":"https:\/\/continent.lv\/product\/barkan-2400-b-26-39-tv-kronsteins\/#breadcrumb","itemListElement":[{"@type":"ListItem","position":1,"name":"Home","item":"https:\/\/continent.lv\/"},{"@type":"ListItem","position":2,"name":"Veikals","item":"https:\/\/continent.lv\/shop\/"},{"@type":"ListItem","position":3,"name":"BARKAN 2400.B 26&#8243;-39&#8243; TV kron\u0161teins"}]},{"@type":"WebSite","@id":"https:\/\/continent.lv\/#website","url":"https:\/\/continent.lv\/","name":"Continent.lv","description":"Sadz\u012bves pre\u010du internetveikals","publisher":{"@id":"https:\/\/continent.lv\/#organization"},"potentialAction":[{"@type":"SearchAction","target":{"@type":"EntryPoint","urlTemplate":"https:\/\/continent.lv\/?s={search_term_string}"},"query-input":{"@type":"PropertyValueSpecification","valueRequired":true,"valueName":"search_term_string"}}],"inLanguage":"ru-RU"},{"@type":"Organization","@id":"https:\/\/continent.lv\/#organization","name":"Continent.lv","url":"https:\/\/continent.lv\/","logo":{"@type":"ImageObject","inLanguage":"ru-RU","@id":"https:\/\/continent.lv\/#\/schema\/logo\/image\/","url":"https:\/\/continent.lv\/wp-content\/uploads\/2026\/05\/logo_continent_5nwv-jh.jpg","contentUrl":"https:\/\/continent.lv\/wp-content\/uploads\/2026\/05\/logo_continent_5nwv-jh.jpg","width":221,"height":50,"caption":"Continent.lv"},"image":{"@id":"https:\/\/continent.lv\/#\/schema\/logo\/image\/"}}]}},"_links":{"self":[{"href":"https:\/\/continent.lv\/ru\/wp-json\/wp\/v2\/product\/27425","targetHints":{"allow":["GET"]}}],"collection":[{"href":"https:\/\/continent.lv\/ru\/wp-json\/wp\/v2\/product"}],"about":[{"href":"https:\/\/continent.lv\/ru\/wp-json\/wp\/v2\/types\/product"}],"replies":[{"embeddable":true,"href":"https:\/\/continent.lv\/ru\/wp-json\/wp\/v2\/comments?post=27425"}],"wp:featuredmedia":[{"embeddable":true,"href":"https:\/\/continent.lv\/ru\/wp-json\/wp\/v2\/media\/27423"}],"wp:attachment":[{"href":"https:\/\/continent.lv\/ru\/wp-json\/wp\/v2\/media?parent=27425"}],"wp:term":[{"taxonomy":"product_brand","embeddable":true,"href":"https:\/\/continent.lv\/ru\/wp-json\/wp\/v2\/product_brand?post=27425"},{"taxonomy":"product_cat","embeddable":true,"href":"https:\/\/continent.lv\/ru\/wp-json\/wp\/v2\/product_cat?post=27425"},{"taxonomy":"product_tag","embeddable":true,"href":"https:\/\/continent.lv\/ru\/wp-json\/wp\/v2\/product_tag?post=27425"}],"curies":[{"name":"wp","href":"https:\/\/api.w.org\/{rel}","templated":true}]}}