{"id":27410,"date":"2026-04-30T23:31:16","date_gmt":"2026-04-30T23:31:16","guid":{"rendered":"https:\/\/continent.lv\/product\/kenwood-mg510-meat-grinder-mg-510\/"},"modified":"2026-04-30T23:31:16","modified_gmt":"2026-04-30T23:31:16","slug":"kenwood-mg510-meat-grinder-mg-510","status":"publish","type":"product","link":"https:\/\/continent.lv\/ru\/product\/kenwood-mg510-meat-grinder-mg-510\/","title":{"rendered":"\u041c\u044f\u0441\u043e\u0440\u0443\u0431\u043a\u0430 Kenwood MG510. (MG 510)"},"content":{"rendered":"<\/p>\n<p><span style=\"font-family: Arial, sans-serif;font-size: 14px;font-weight: bold\"><br \/><\/span><\/p>\n<p><span style=\"font-family: Arial, sans-serif;font-size: 14px;font-weight: bold\">\u041e\u0441\u043d\u043e\u0432\u043d\u044b\u0435 \u0445\u0430\u0440\u0430\u043a\u0442\u0435\u0440\u0438\u0441\u0442\u0438\u043a\u0438: \u043c\u044f\u0441\u043e\u0440\u0443\u0431\u043a\u0430 KENWOOD MG-510<\/span><\/p>\n<div class=\"product_inf_option_description_box\" style=\"width: 770px;font-family: Arial, sans-serif;font-size: 13px\">\n<div class=\"product_inf_options_box_desc_even_row\" style=\"padding: 5px;width: 350px;cursor: default\">\u041c\u043e\u0449\u043d\u043e\u0441\u0442\u044c \u043f\u0440\u0438 \u0431\u043b\u043e\u043a\u0438\u0440\u043e\u0432\u043a\u0435 \u0434\u0432\u0438\u0433\u0430\u0442\u0435\u043b\u044f:<\/div>\n<div class=\"product_inf_options_box_desc_even_row_val\" style=\"padding: 5px;width: 400px\">1600 W<\/div>\n<div class=\"product_inf_options_box_desc_odd_row\" style=\"padding: 5px;width: 350px;cursor: default\">\u041d\u043e\u043c\u0438\u043d\u0430\u043b\u044c\u043d\u0430\u044f \u043c\u043e\u0449\u043d\u043e\u0441\u0442\u044c:<\/div>\n<div class=\"product_inf_options_box_desc_odd_row_val\" style=\"padding: 5px;width: 400px\">450 W<\/div>\n<div class=\"product_inf_options_box_desc_even_row\" style=\"padding: 5px;width: 350px;cursor: default\">\u041f\u0440\u043e\u0438\u0437\u0432\u043e\u0434\u0438\u0442\u0435\u043b\u044c\u043d\u043e\u0441\u0442\u044c:<\/div>\n<div class=\"product_inf_options_box_desc_even_row_val\" style=\"padding: 5px;width: 400px\">2 \u043a\u0433\/\u043c\u0438\u043d<\/div>\n<div class=\"product_inf_options_box_desc_odd_row\" style=\"padding: 5px;width: 350px;cursor: default\">\u0424\u0443\u043d\u043a\u0446\u0438\u044f \u0440\u0435\u0432\u0435\u0440\u0441\u0430:<\/div>\n<div class=\"product_inf_options_box_desc_odd_row_val\" style=\"padding: 5px;width: 400px\">\u0415\u0441\u0442\u044c<\/div>\n<div class=\"product_inf_options_box_desc_even_row\" style=\"padding: 5px;width: 350px;cursor: default\">\u041c\u0430\u0442\u0435\u0440\u0438\u0430\u043b \u043a\u043e\u0440\u043f\u0443\u0441\u0430:<\/div>\n<div class=\"product_inf_options_box_desc_even_row_val\" style=\"padding: 5px;width: 400px\">\u041c\u0435\u0442\u0430\u043b\u043b<\/div>\n<\/div>","protected":false},"excerpt":{"rendered":"<p>Galven\u0101s \u012bpa\u0161\u012bbas: KENWOOD MG-510 ga\u013cas ma\u013cam\u0101 ma\u0161\u012bna Jauda motora blo\u0137\u0113\u0161anas laik\u0101: 1600 W Nomin\u0101l\u0101 jauda: 450 W Veiktsp\u0113ja: 2 kg\/min Reversa funkcija: Ir Korpusa materi\u0101ls: Met\u0101ls<\/p>","protected":false},"featured_media":27409,"comment_status":"open","ping_status":"closed","template":"","meta":{"_joinchat":[]},"product_brand":[],"product_cat":[361],"product_tag":[],"class_list":{"0":"post-27410","1":"product","2":"type-product","3":"status-publish","4":"has-post-thumbnail","6":"product_cat-maza-sadzives-tehnika-galas-masinas","8":"first","9":"instock","10":"shipping-taxable","11":"purchasable","12":"product-type-simple"},"yoast_head":"<!-- This site is optimized with the Yoast SEO plugin v27.5 - https:\/\/yoast.com\/product\/yoast-seo-wordpress\/ -->\n<title>Kenwood MG510 Meat Grinder. (MG 510) - Continent.lv<\/title>\n<meta name=\"robots\" content=\"index, follow, max-snippet:-1, max-image-preview:large, max-video-preview:-1\" \/>\n<link rel=\"canonical\" href=\"https:\/\/continent.lv\/ru\/product\/kenwood-mg510-meat-grinder-mg-510\/\" \/>\n<meta property=\"og:locale\" content=\"ru_RU\" \/>\n<meta property=\"og:type\" content=\"article\" \/>\n<meta property=\"og:title\" content=\"Kenwood MG510 Meat Grinder. (MG 510) - Continent.lv\" \/>\n<meta property=\"og:description\" content=\"Galven\u0101s \u012bpa\u0161\u012bbas: KENWOOD MG-510 ga\u013cas ma\u013cam\u0101 ma\u0161\u012bna Jauda motora blo\u0137\u0113\u0161anas laik\u0101: 1600 W Nomin\u0101l\u0101 jauda: 450 W Veiktsp\u0113ja: 2 kg\/min Reversa funkcija: Ir Korpusa materi\u0101ls: Met\u0101ls\" \/>\n<meta property=\"og:url\" content=\"https:\/\/continent.lv\/ru\/product\/kenwood-mg510-meat-grinder-mg-510\/\" \/>\n<meta property=\"og:site_name\" content=\"Continent.lv\" \/>\n<meta property=\"og:image\" content=\"https:\/\/continent.lv\/wp-content\/uploads\/2026\/04\/MG_510_Kenwood.jpg\" \/>\n\t<meta property=\"og:image:width\" content=\"280\" \/>\n\t<meta property=\"og:image:height\" content=\"280\" \/>\n\t<meta property=\"og:image:type\" content=\"image\/jpeg\" \/>\n<meta name=\"twitter:card\" content=\"summary_large_image\" \/>\n<script type=\"application\/ld+json\" class=\"yoast-schema-graph\">{\"@context\":\"https:\\\/\\\/schema.org\",\"@graph\":[{\"@type\":\"WebPage\",\"@id\":\"https:\\\/\\\/continent.lv\\\/product\\\/kenwood-mg510-meat-grinder-mg-510\\\/\",\"url\":\"https:\\\/\\\/continent.lv\\\/product\\\/kenwood-mg510-meat-grinder-mg-510\\\/\",\"name\":\"Kenwood MG510 Meat Grinder. (MG 510) - Continent.lv\",\"isPartOf\":{\"@id\":\"https:\\\/\\\/continent.lv\\\/#website\"},\"primaryImageOfPage\":{\"@id\":\"https:\\\/\\\/continent.lv\\\/product\\\/kenwood-mg510-meat-grinder-mg-510\\\/#primaryimage\"},\"image\":{\"@id\":\"https:\\\/\\\/continent.lv\\\/product\\\/kenwood-mg510-meat-grinder-mg-510\\\/#primaryimage\"},\"thumbnailUrl\":\"https:\\\/\\\/continent.lv\\\/wp-content\\\/uploads\\\/2026\\\/04\\\/MG_510_Kenwood.jpg\",\"datePublished\":\"2026-04-30T23:31:16+00:00\",\"breadcrumb\":{\"@id\":\"https:\\\/\\\/continent.lv\\\/product\\\/kenwood-mg510-meat-grinder-mg-510\\\/#breadcrumb\"},\"inLanguage\":\"ru-RU\",\"potentialAction\":[{\"@type\":\"ReadAction\",\"target\":[\"https:\\\/\\\/continent.lv\\\/product\\\/kenwood-mg510-meat-grinder-mg-510\\\/\"]}]},{\"@type\":\"ImageObject\",\"inLanguage\":\"ru-RU\",\"@id\":\"https:\\\/\\\/continent.lv\\\/product\\\/kenwood-mg510-meat-grinder-mg-510\\\/#primaryimage\",\"url\":\"https:\\\/\\\/continent.lv\\\/wp-content\\\/uploads\\\/2026\\\/04\\\/MG_510_Kenwood.jpg\",\"contentUrl\":\"https:\\\/\\\/continent.lv\\\/wp-content\\\/uploads\\\/2026\\\/04\\\/MG_510_Kenwood.jpg\",\"width\":280,\"height\":280},{\"@type\":\"BreadcrumbList\",\"@id\":\"https:\\\/\\\/continent.lv\\\/product\\\/kenwood-mg510-meat-grinder-mg-510\\\/#breadcrumb\",\"itemListElement\":[{\"@type\":\"ListItem\",\"position\":1,\"name\":\"Home\",\"item\":\"https:\\\/\\\/continent.lv\\\/\"},{\"@type\":\"ListItem\",\"position\":2,\"name\":\"Veikals\",\"item\":\"https:\\\/\\\/continent.lv\\\/shop\\\/\"},{\"@type\":\"ListItem\",\"position\":3,\"name\":\"Kenwood MG510 Meat Grinder. (MG 510)\"}]},{\"@type\":\"WebSite\",\"@id\":\"https:\\\/\\\/continent.lv\\\/#website\",\"url\":\"https:\\\/\\\/continent.lv\\\/\",\"name\":\"Continent.lv\",\"description\":\"Sadz\u012bves pre\u010du internetveikals\",\"publisher\":{\"@id\":\"https:\\\/\\\/continent.lv\\\/#organization\"},\"potentialAction\":[{\"@type\":\"SearchAction\",\"target\":{\"@type\":\"EntryPoint\",\"urlTemplate\":\"https:\\\/\\\/continent.lv\\\/?s={search_term_string}\"},\"query-input\":{\"@type\":\"PropertyValueSpecification\",\"valueRequired\":true,\"valueName\":\"search_term_string\"}}],\"inLanguage\":\"ru-RU\"},{\"@type\":\"Organization\",\"@id\":\"https:\\\/\\\/continent.lv\\\/#organization\",\"name\":\"Continent.lv\",\"url\":\"https:\\\/\\\/continent.lv\\\/\",\"logo\":{\"@type\":\"ImageObject\",\"inLanguage\":\"ru-RU\",\"@id\":\"https:\\\/\\\/continent.lv\\\/#\\\/schema\\\/logo\\\/image\\\/\",\"url\":\"https:\\\/\\\/continent.lv\\\/wp-content\\\/uploads\\\/2026\\\/05\\\/logo_continent_5nwv-jh.jpg\",\"contentUrl\":\"https:\\\/\\\/continent.lv\\\/wp-content\\\/uploads\\\/2026\\\/05\\\/logo_continent_5nwv-jh.jpg\",\"width\":221,\"height\":50,\"caption\":\"Continent.lv\"},\"image\":{\"@id\":\"https:\\\/\\\/continent.lv\\\/#\\\/schema\\\/logo\\\/image\\\/\"}}]}<\/script>\n<!-- \/ Yoast SEO plugin. -->","yoast_head_json":{"title":"Kenwood MG510 Meat Grinder. (MG 510) - Continent.lv","robots":{"index":"index","follow":"follow","max-snippet":"max-snippet:-1","max-image-preview":"max-image-preview:large","max-video-preview":"max-video-preview:-1"},"canonical":"https:\/\/continent.lv\/ru\/product\/kenwood-mg510-meat-grinder-mg-510\/","og_locale":"ru_RU","og_type":"article","og_title":"Kenwood MG510 Meat Grinder. (MG 510) - Continent.lv","og_description":"Galven\u0101s \u012bpa\u0161\u012bbas: KENWOOD MG-510 ga\u013cas ma\u013cam\u0101 ma\u0161\u012bna Jauda motora blo\u0137\u0113\u0161anas laik\u0101: 1600 W Nomin\u0101l\u0101 jauda: 450 W Veiktsp\u0113ja: 2 kg\/min Reversa funkcija: Ir Korpusa materi\u0101ls: Met\u0101ls","og_url":"https:\/\/continent.lv\/ru\/product\/kenwood-mg510-meat-grinder-mg-510\/","og_site_name":"Continent.lv","og_image":[{"width":280,"height":280,"url":"https:\/\/continent.lv\/wp-content\/uploads\/2026\/04\/MG_510_Kenwood.jpg","type":"image\/jpeg"}],"twitter_card":"summary_large_image","schema":{"@context":"https:\/\/schema.org","@graph":[{"@type":"WebPage","@id":"https:\/\/continent.lv\/product\/kenwood-mg510-meat-grinder-mg-510\/","url":"https:\/\/continent.lv\/product\/kenwood-mg510-meat-grinder-mg-510\/","name":"Kenwood MG510 Meat Grinder. (MG 510) - Continent.lv","isPartOf":{"@id":"https:\/\/continent.lv\/#website"},"primaryImageOfPage":{"@id":"https:\/\/continent.lv\/product\/kenwood-mg510-meat-grinder-mg-510\/#primaryimage"},"image":{"@id":"https:\/\/continent.lv\/product\/kenwood-mg510-meat-grinder-mg-510\/#primaryimage"},"thumbnailUrl":"https:\/\/continent.lv\/wp-content\/uploads\/2026\/04\/MG_510_Kenwood.jpg","datePublished":"2026-04-30T23:31:16+00:00","breadcrumb":{"@id":"https:\/\/continent.lv\/product\/kenwood-mg510-meat-grinder-mg-510\/#breadcrumb"},"inLanguage":"ru-RU","potentialAction":[{"@type":"ReadAction","target":["https:\/\/continent.lv\/product\/kenwood-mg510-meat-grinder-mg-510\/"]}]},{"@type":"ImageObject","inLanguage":"ru-RU","@id":"https:\/\/continent.lv\/product\/kenwood-mg510-meat-grinder-mg-510\/#primaryimage","url":"https:\/\/continent.lv\/wp-content\/uploads\/2026\/04\/MG_510_Kenwood.jpg","contentUrl":"https:\/\/continent.lv\/wp-content\/uploads\/2026\/04\/MG_510_Kenwood.jpg","width":280,"height":280},{"@type":"BreadcrumbList","@id":"https:\/\/continent.lv\/product\/kenwood-mg510-meat-grinder-mg-510\/#breadcrumb","itemListElement":[{"@type":"ListItem","position":1,"name":"Home","item":"https:\/\/continent.lv\/"},{"@type":"ListItem","position":2,"name":"Veikals","item":"https:\/\/continent.lv\/shop\/"},{"@type":"ListItem","position":3,"name":"Kenwood MG510 Meat Grinder. (MG 510)"}]},{"@type":"WebSite","@id":"https:\/\/continent.lv\/#website","url":"https:\/\/continent.lv\/","name":"Continent.lv","description":"Sadz\u012bves pre\u010du internetveikals","publisher":{"@id":"https:\/\/continent.lv\/#organization"},"potentialAction":[{"@type":"SearchAction","target":{"@type":"EntryPoint","urlTemplate":"https:\/\/continent.lv\/?s={search_term_string}"},"query-input":{"@type":"PropertyValueSpecification","valueRequired":true,"valueName":"search_term_string"}}],"inLanguage":"ru-RU"},{"@type":"Organization","@id":"https:\/\/continent.lv\/#organization","name":"Continent.lv","url":"https:\/\/continent.lv\/","logo":{"@type":"ImageObject","inLanguage":"ru-RU","@id":"https:\/\/continent.lv\/#\/schema\/logo\/image\/","url":"https:\/\/continent.lv\/wp-content\/uploads\/2026\/05\/logo_continent_5nwv-jh.jpg","contentUrl":"https:\/\/continent.lv\/wp-content\/uploads\/2026\/05\/logo_continent_5nwv-jh.jpg","width":221,"height":50,"caption":"Continent.lv"},"image":{"@id":"https:\/\/continent.lv\/#\/schema\/logo\/image\/"}}]}},"_links":{"self":[{"href":"https:\/\/continent.lv\/ru\/wp-json\/wp\/v2\/product\/27410","targetHints":{"allow":["GET"]}}],"collection":[{"href":"https:\/\/continent.lv\/ru\/wp-json\/wp\/v2\/product"}],"about":[{"href":"https:\/\/continent.lv\/ru\/wp-json\/wp\/v2\/types\/product"}],"replies":[{"embeddable":true,"href":"https:\/\/continent.lv\/ru\/wp-json\/wp\/v2\/comments?post=27410"}],"wp:featuredmedia":[{"embeddable":true,"href":"https:\/\/continent.lv\/ru\/wp-json\/wp\/v2\/media\/27409"}],"wp:attachment":[{"href":"https:\/\/continent.lv\/ru\/wp-json\/wp\/v2\/media?parent=27410"}],"wp:term":[{"taxonomy":"product_brand","embeddable":true,"href":"https:\/\/continent.lv\/ru\/wp-json\/wp\/v2\/product_brand?post=27410"},{"taxonomy":"product_cat","embeddable":true,"href":"https:\/\/continent.lv\/ru\/wp-json\/wp\/v2\/product_cat?post=27410"},{"taxonomy":"product_tag","embeddable":true,"href":"https:\/\/continent.lv\/ru\/wp-json\/wp\/v2\/product_tag?post=27410"}],"curies":[{"name":"wp","href":"https:\/\/api.w.org\/{rel}","templated":true}]}}