{"id":27329,"date":"2026-04-30T23:29:06","date_gmt":"2026-04-30T23:29:06","guid":{"rendered":"https:\/\/continent.lv\/product\/electrolux-ze-317-el\/"},"modified":"2026-04-30T23:29:06","modified_gmt":"2026-04-30T23:29:06","slug":"electrolux-ze-317-el","status":"publish","type":"product","link":"https:\/\/continent.lv\/ru\/product\/electrolux-ze-317-el\/","title":{"rendered":"ELECTROLUX ZE 317 EL"},"content":{"rendered":"<p class=\"translation-block\"><p>\u041c\u043e\u0449\u043d\u043e\u0441\u0442\u044c, \u0412\u0442 1800<br \/>\u041c\u043e\u0449\u043d\u043e\u0441\u0442\u044c \u0432\u0441\u0430\u0441\u044b\u0432\u0430\u043d\u0438\u044f (\u0412\u0442) 330<br \/>\u0423\u0440\u043e\u0432\u0435\u043d\u044c \u0448\u0443\u043c\u0430 \u0434\u0411 81<br \/>\u0422\u0438\u043f \u0443\u0431\u043e\u0440\u043a\u0438 \u0421\u0443\u0445\u0430\u044f<br \/>\u0422\u0438\u043f \u043f\u044b\u043b\u0435\u0441\u0431\u043e\u0440\u043d\u0438\u043a\u0430 \u041c\u0435\u0448\u043e\u043a<br \/>\u041e\u0431\u044a\u0435\u043c \u043f\u044b\u043b\u0435\u0441\u0431\u043e\u0440\u043d\u0438\u043a\u0430, \u043b 3.50<br \/>\u0420\u0430\u0434\u0438\u0443\u0441 \u0434\u0435\u0439\u0441\u0442\u0432\u0438\u044f 13<br \/>\u0426\u0432\u0435\u0442 \u043a\u043e\u0440\u043f\u0443\u0441\u0430 \u041e\u0440\u0430\u043d\u0436\u0435\u0432\u044b\u0439<br \/>\u0413\u0430\u0440\u0430\u043d\u0442\u0438\u044f 24 \u043c\u0435\u0441\u044f\u0446\u0430<\/p><\/p>","protected":false},"excerpt":{"rendered":"<p class=\"translation-block\"><p>\u041c\u043e\u0449\u043d\u043e\u0441\u0442\u044c, \u0412\u0442 1800<br \/>\u041c\u043e\u0449\u043d\u043e\u0441\u0442\u044c \u0432\u0441\u0430\u0441\u044b\u0432\u0430\u043d\u0438\u044f (\u0412\u0442) 330<br \/>\u0423\u0440\u043e\u0432\u0435\u043d\u044c \u0448\u0443\u043c\u0430 \u0434\u0411 81<br \/>\u0422\u0438\u043f \u0443\u0431\u043e\u0440\u043a\u0438 \u0421\u0443\u0445\u0430\u044f<br \/>\u0422\u0438\u043f \u043f\u044b\u043b\u0435\u0441\u0431\u043e\u0440\u043d\u0438\u043a\u0430 \u041c\u0435\u0448\u043e\u043a<br \/>\u041e\u0431\u044a\u0435\u043c \u043f\u044b\u043b\u0435\u0441\u0431\u043e\u0440\u043d\u0438\u043a\u0430, \u043b 3.50<br \/>\u0420\u0430\u0434\u0438\u0443\u0441 \u0434\u0435\u0439\u0441\u0442\u0432\u0438\u044f 13<br \/>\u0426\u0432\u0435\u0442 \u043a\u043e\u0440\u043f\u0443\u0441\u0430 \u041e\u0440\u0430\u043d\u0436\u0435\u0432\u044b\u0439<br \/>\u0413\u0430\u0440\u0430\u043d\u0442\u0438\u044f 24 \u043c\u0435\u0441\u044f\u0446\u0430<\/p><\/p>","protected":false},"featured_media":27328,"comment_status":"open","ping_status":"closed","template":"","meta":{"_joinchat":[]},"product_brand":[265],"product_cat":[282],"product_tag":[],"class_list":{"0":"post-27329","1":"product","2":"type-product","3":"status-publish","4":"has-post-thumbnail","6":"product_brand-electrolux","7":"product_cat-sadzives-tehnika-puteklu-suceji","9":"first","10":"instock","11":"shipping-taxable","12":"purchasable","13":"product-type-simple"},"yoast_head":"<!-- This site is optimized with the Yoast SEO plugin v27.5 - https:\/\/yoast.com\/product\/yoast-seo-wordpress\/ -->\n<title>ELECTROLUX ZE 317 EL - Continent.lv<\/title>\n<meta name=\"robots\" content=\"index, follow, max-snippet:-1, max-image-preview:large, max-video-preview:-1\" \/>\n<link rel=\"canonical\" href=\"https:\/\/continent.lv\/ru\/product\/electrolux-ze-317-el\/\" \/>\n<meta property=\"og:locale\" content=\"ru_RU\" \/>\n<meta property=\"og:type\" content=\"article\" \/>\n<meta property=\"og:title\" content=\"ELECTROLUX ZE 317 EL - Continent.lv\" \/>\n<meta property=\"og:description\" content=\"Jauda, W 1800S\u016bk\u0161anas jauda (W) 330Trok\u0161\u0146a l\u012bmenis dB 81T\u012br\u012b\u0161anas veids SausaPutek\u013cu v\u0101c\u0113ja veids MaissPutek\u013cu v\u0101c\u0113ja tilpums , l 3.50Darb\u012bbas r\u0101diuss 13Korpusa kr\u0101sa Oran\u017esGarantija 24 m\u0113ne\u0161i\" \/>\n<meta property=\"og:url\" content=\"https:\/\/continent.lv\/ru\/product\/electrolux-ze-317-el\/\" \/>\n<meta property=\"og:site_name\" content=\"Continent.lv\" \/>\n<meta property=\"og:image\" content=\"https:\/\/continent.lv\/wp-content\/uploads\/2026\/04\/ZE_317_EL.jpg\" \/>\n\t<meta property=\"og:image:width\" content=\"280\" \/>\n\t<meta property=\"og:image:height\" content=\"505\" \/>\n\t<meta property=\"og:image:type\" content=\"image\/jpeg\" \/>\n<meta name=\"twitter:card\" content=\"summary_large_image\" \/>\n<script type=\"application\/ld+json\" class=\"yoast-schema-graph\">{\"@context\":\"https:\\\/\\\/schema.org\",\"@graph\":[{\"@type\":\"WebPage\",\"@id\":\"https:\\\/\\\/continent.lv\\\/product\\\/electrolux-ze-317-el\\\/\",\"url\":\"https:\\\/\\\/continent.lv\\\/product\\\/electrolux-ze-317-el\\\/\",\"name\":\"ELECTROLUX ZE 317 EL - Continent.lv\",\"isPartOf\":{\"@id\":\"https:\\\/\\\/continent.lv\\\/#website\"},\"primaryImageOfPage\":{\"@id\":\"https:\\\/\\\/continent.lv\\\/product\\\/electrolux-ze-317-el\\\/#primaryimage\"},\"image\":{\"@id\":\"https:\\\/\\\/continent.lv\\\/product\\\/electrolux-ze-317-el\\\/#primaryimage\"},\"thumbnailUrl\":\"https:\\\/\\\/continent.lv\\\/wp-content\\\/uploads\\\/2026\\\/04\\\/ZE_317_EL.jpg\",\"datePublished\":\"2026-04-30T23:29:06+00:00\",\"breadcrumb\":{\"@id\":\"https:\\\/\\\/continent.lv\\\/product\\\/electrolux-ze-317-el\\\/#breadcrumb\"},\"inLanguage\":\"ru-RU\",\"potentialAction\":[{\"@type\":\"ReadAction\",\"target\":[\"https:\\\/\\\/continent.lv\\\/product\\\/electrolux-ze-317-el\\\/\"]}]},{\"@type\":\"ImageObject\",\"inLanguage\":\"ru-RU\",\"@id\":\"https:\\\/\\\/continent.lv\\\/product\\\/electrolux-ze-317-el\\\/#primaryimage\",\"url\":\"https:\\\/\\\/continent.lv\\\/wp-content\\\/uploads\\\/2026\\\/04\\\/ZE_317_EL.jpg\",\"contentUrl\":\"https:\\\/\\\/continent.lv\\\/wp-content\\\/uploads\\\/2026\\\/04\\\/ZE_317_EL.jpg\",\"width\":280,\"height\":505},{\"@type\":\"BreadcrumbList\",\"@id\":\"https:\\\/\\\/continent.lv\\\/product\\\/electrolux-ze-317-el\\\/#breadcrumb\",\"itemListElement\":[{\"@type\":\"ListItem\",\"position\":1,\"name\":\"Home\",\"item\":\"https:\\\/\\\/continent.lv\\\/\"},{\"@type\":\"ListItem\",\"position\":2,\"name\":\"Veikals\",\"item\":\"https:\\\/\\\/continent.lv\\\/shop\\\/\"},{\"@type\":\"ListItem\",\"position\":3,\"name\":\"ELECTROLUX ZE 317 EL\"}]},{\"@type\":\"WebSite\",\"@id\":\"https:\\\/\\\/continent.lv\\\/#website\",\"url\":\"https:\\\/\\\/continent.lv\\\/\",\"name\":\"Continent.lv\",\"description\":\"Sadz\u012bves pre\u010du internetveikals\",\"publisher\":{\"@id\":\"https:\\\/\\\/continent.lv\\\/#organization\"},\"potentialAction\":[{\"@type\":\"SearchAction\",\"target\":{\"@type\":\"EntryPoint\",\"urlTemplate\":\"https:\\\/\\\/continent.lv\\\/?s={search_term_string}\"},\"query-input\":{\"@type\":\"PropertyValueSpecification\",\"valueRequired\":true,\"valueName\":\"search_term_string\"}}],\"inLanguage\":\"ru-RU\"},{\"@type\":\"Organization\",\"@id\":\"https:\\\/\\\/continent.lv\\\/#organization\",\"name\":\"Continent.lv\",\"url\":\"https:\\\/\\\/continent.lv\\\/\",\"logo\":{\"@type\":\"ImageObject\",\"inLanguage\":\"ru-RU\",\"@id\":\"https:\\\/\\\/continent.lv\\\/#\\\/schema\\\/logo\\\/image\\\/\",\"url\":\"https:\\\/\\\/continent.lv\\\/wp-content\\\/uploads\\\/2026\\\/05\\\/logo_continent_5nwv-jh.jpg\",\"contentUrl\":\"https:\\\/\\\/continent.lv\\\/wp-content\\\/uploads\\\/2026\\\/05\\\/logo_continent_5nwv-jh.jpg\",\"width\":221,\"height\":50,\"caption\":\"Continent.lv\"},\"image\":{\"@id\":\"https:\\\/\\\/continent.lv\\\/#\\\/schema\\\/logo\\\/image\\\/\"}}]}<\/script>\n<!-- \/ Yoast SEO plugin. -->","yoast_head_json":{"title":"ELECTROLUX ZE 317 EL - Continent.lv","robots":{"index":"index","follow":"follow","max-snippet":"max-snippet:-1","max-image-preview":"max-image-preview:large","max-video-preview":"max-video-preview:-1"},"canonical":"https:\/\/continent.lv\/ru\/product\/electrolux-ze-317-el\/","og_locale":"ru_RU","og_type":"article","og_title":"ELECTROLUX ZE 317 EL - Continent.lv","og_description":"Jauda, W 1800S\u016bk\u0161anas jauda (W) 330Trok\u0161\u0146a l\u012bmenis dB 81T\u012br\u012b\u0161anas veids SausaPutek\u013cu v\u0101c\u0113ja veids MaissPutek\u013cu v\u0101c\u0113ja tilpums , l 3.50Darb\u012bbas r\u0101diuss 13Korpusa kr\u0101sa Oran\u017esGarantija 24 m\u0113ne\u0161i","og_url":"https:\/\/continent.lv\/ru\/product\/electrolux-ze-317-el\/","og_site_name":"Continent.lv","og_image":[{"width":280,"height":505,"url":"https:\/\/continent.lv\/wp-content\/uploads\/2026\/04\/ZE_317_EL.jpg","type":"image\/jpeg"}],"twitter_card":"summary_large_image","schema":{"@context":"https:\/\/schema.org","@graph":[{"@type":"WebPage","@id":"https:\/\/continent.lv\/product\/electrolux-ze-317-el\/","url":"https:\/\/continent.lv\/product\/electrolux-ze-317-el\/","name":"ELECTROLUX ZE 317 EL - Continent.lv","isPartOf":{"@id":"https:\/\/continent.lv\/#website"},"primaryImageOfPage":{"@id":"https:\/\/continent.lv\/product\/electrolux-ze-317-el\/#primaryimage"},"image":{"@id":"https:\/\/continent.lv\/product\/electrolux-ze-317-el\/#primaryimage"},"thumbnailUrl":"https:\/\/continent.lv\/wp-content\/uploads\/2026\/04\/ZE_317_EL.jpg","datePublished":"2026-04-30T23:29:06+00:00","breadcrumb":{"@id":"https:\/\/continent.lv\/product\/electrolux-ze-317-el\/#breadcrumb"},"inLanguage":"ru-RU","potentialAction":[{"@type":"ReadAction","target":["https:\/\/continent.lv\/product\/electrolux-ze-317-el\/"]}]},{"@type":"ImageObject","inLanguage":"ru-RU","@id":"https:\/\/continent.lv\/product\/electrolux-ze-317-el\/#primaryimage","url":"https:\/\/continent.lv\/wp-content\/uploads\/2026\/04\/ZE_317_EL.jpg","contentUrl":"https:\/\/continent.lv\/wp-content\/uploads\/2026\/04\/ZE_317_EL.jpg","width":280,"height":505},{"@type":"BreadcrumbList","@id":"https:\/\/continent.lv\/product\/electrolux-ze-317-el\/#breadcrumb","itemListElement":[{"@type":"ListItem","position":1,"name":"Home","item":"https:\/\/continent.lv\/"},{"@type":"ListItem","position":2,"name":"Veikals","item":"https:\/\/continent.lv\/shop\/"},{"@type":"ListItem","position":3,"name":"ELECTROLUX ZE 317 EL"}]},{"@type":"WebSite","@id":"https:\/\/continent.lv\/#website","url":"https:\/\/continent.lv\/","name":"Continent.lv","description":"Sadz\u012bves pre\u010du internetveikals","publisher":{"@id":"https:\/\/continent.lv\/#organization"},"potentialAction":[{"@type":"SearchAction","target":{"@type":"EntryPoint","urlTemplate":"https:\/\/continent.lv\/?s={search_term_string}"},"query-input":{"@type":"PropertyValueSpecification","valueRequired":true,"valueName":"search_term_string"}}],"inLanguage":"ru-RU"},{"@type":"Organization","@id":"https:\/\/continent.lv\/#organization","name":"Continent.lv","url":"https:\/\/continent.lv\/","logo":{"@type":"ImageObject","inLanguage":"ru-RU","@id":"https:\/\/continent.lv\/#\/schema\/logo\/image\/","url":"https:\/\/continent.lv\/wp-content\/uploads\/2026\/05\/logo_continent_5nwv-jh.jpg","contentUrl":"https:\/\/continent.lv\/wp-content\/uploads\/2026\/05\/logo_continent_5nwv-jh.jpg","width":221,"height":50,"caption":"Continent.lv"},"image":{"@id":"https:\/\/continent.lv\/#\/schema\/logo\/image\/"}}]}},"_links":{"self":[{"href":"https:\/\/continent.lv\/ru\/wp-json\/wp\/v2\/product\/27329","targetHints":{"allow":["GET"]}}],"collection":[{"href":"https:\/\/continent.lv\/ru\/wp-json\/wp\/v2\/product"}],"about":[{"href":"https:\/\/continent.lv\/ru\/wp-json\/wp\/v2\/types\/product"}],"replies":[{"embeddable":true,"href":"https:\/\/continent.lv\/ru\/wp-json\/wp\/v2\/comments?post=27329"}],"wp:featuredmedia":[{"embeddable":true,"href":"https:\/\/continent.lv\/ru\/wp-json\/wp\/v2\/media\/27328"}],"wp:attachment":[{"href":"https:\/\/continent.lv\/ru\/wp-json\/wp\/v2\/media?parent=27329"}],"wp:term":[{"taxonomy":"product_brand","embeddable":true,"href":"https:\/\/continent.lv\/ru\/wp-json\/wp\/v2\/product_brand?post=27329"},{"taxonomy":"product_cat","embeddable":true,"href":"https:\/\/continent.lv\/ru\/wp-json\/wp\/v2\/product_cat?post=27329"},{"taxonomy":"product_tag","embeddable":true,"href":"https:\/\/continent.lv\/ru\/wp-json\/wp\/v2\/product_tag?post=27329"}],"curies":[{"name":"wp","href":"https:\/\/api.w.org\/{rel}","templated":true}]}}