{"id":26708,"date":"2026-04-30T23:13:20","date_gmt":"2026-04-30T23:13:20","guid":{"rendered":"https:\/\/continent.lv\/product\/gorenje-bsa6747a04x\/"},"modified":"2026-04-30T23:13:20","modified_gmt":"2026-04-30T23:13:20","slug":"gorenje-bsa6747a04x","status":"publish","type":"product","link":"https:\/\/continent.lv\/ru\/product\/gorenje-bsa6747a04x\/","title":{"rendered":"Gorenje BSA6747A04X"},"content":{"rendered":"<p>\u0411\u0440\u0435\u043d\u0434 Gorenje<\/p>\n<p>\u0422\u0438\u043f \u0434\u0443\u0445\u043e\u0432\u043a\u0438 \u042d\u043b\u0435\u043a\u0442\u0440\u0438\u0447\u0435\u0441\u043a\u0430\u044f<br \/>\u041a\u043b\u0430\u0441\u0441 \u044d\u043d\u0435\u0440\u0433\u043e\u044d\u0444\u0444\u0435\u043a\u0442\u0438\u0432\u043d\u043e\u0441\u0442\u0438 A+<br \/>\u0426\u0432\u0435\u0442 \u041d\u0435\u0440\u0436\u0430\u0432\u0435\u044e\u0449\u0430\u044f \u0441\u0442\u0430\u043b\u044c<br \/>\u041e\u0431\u044a\u0435\u043c \u0434\u0443\u0445\u043e\u0432\u043a\u0438 77 \u043b<br \/>\u041e\u0431\u0449\u0430\u044f \u043c\u043e\u0449\u043d\u043e\u0441\u0442\u044c 3.5 \u043a\u0412\u0442<br \/>EAN 3838782512926<br \/>\u0412\u0435\u0441 32.4 \u043a\u0433<br \/>\u0412\u0435\u0441 \u0441 \u0443\u043f\u0430\u043a\u043e\u0432\u043a\u043e\u0439 34.4 \u043a\u0433<br \/>\u0414\u0440\u0443\u0433\u0438\u0435 \u043f\u0430\u0440\u0430\u043c\u0435\u0442\u0440\u044b<br \/>\u0420\u0430\u0437\u043c\u043e\u0440\u0430\u0436\u0438\u0432\u0430\u043d\u0438\u0435 \u0415\u0441\u0442\u044c<br \/>\u0413\u0440\u0438\u043b\u044c \u0434\u0443\u0445\u043e\u0432\u043a\u0438 \u0415\u0441\u0442\u044c<br \/>Konvekcija\u00a0 Ir<br \/>\u0424\u0443\u043d\u043a\u0446\u0438\u044f \u043e\u0447\u0438\u0441\u0442\u043a\u0438 \u0434\u0443\u0445\u043e\u0432\u043a\u0438 \u041a\u0430\u0442\u0430\u043b\u0438\u0442\u0438\u0447\u0435\u0441\u043a\u0430\u044f<br \/>\u041f\u043e\u0434\u0441\u0432\u0435\u0442\u043a\u0430 \u0434\u0443\u0445\u043e\u0432\u043a\u0438 \u0415\u0441\u0442\u044c<br \/>\u0422\u0430\u0439\u043c\u0435\u0440 \u0415\u0441\u0442\u044c<br \/>\u0420\u0435\u0436\u0438\u043c\u044b 22<br \/>\u0420\u0430\u0437\u043c\u0435\u0440\u044b \u043c\u043c (\u0412\u0445\u0428\u0445\u0413) 595x595x564<br \/>\u041a\u043e\u043c\u043f\u043b\u0435\u043a\u0442\u0430\u0446\u0438\u044f 3 \u043f\u0440\u043e\u0442\u0438\u0432\u043d\u044f, 1 \u0440\u0435\u0448\u0435\u0442\u043a\u0430, \u0442\u0435\u0440\u043c\u043e\u0449\u0443\u043f<br \/>\u0422\u0435\u043b\u0435\u0441\u043a\u043e\u043f\u0438\u0447\u0435\u0441\u043a\u0438\u0435 \u043d\u0430\u043f\u0440\u0430\u0432\u043b\u044f\u044e\u0449\u0438\u0435 2 \u0443\u0440\u043e\u0432\u043d\u044f<\/p>","protected":false},"excerpt":{"rendered":"<p>Pre\u010du z\u012bme Gorenje Cepe\u0161kr\u0101sns veids ElektriskaEnergoefektivit\u0101tes klase A+Kr\u0101sa Ner\u016bs\u0113jo\u0161a t\u0113raudaCepe\u0161kr\u0101sns tilpums 77 lKop\u0113j\u0101 jauda 3.5 kWEAN 3838782512926Svars 32.4 kgSvars ar iepakojumu 34.4 kgCiti parametriAtkaus\u0113\u0161ana IrGrils cepe\u0161kr\u0101snij IrKonvekcija\u00a0 IrCepe\u0161kr\u0101sns t\u012br\u012b\u0161anas funkcija Katal\u012btisk\u0101Cepe\u0161kr\u0101sns apgaismo\u0161ana IrTaimeris IrRe\u017e\u012bmi 22Izm\u0113ri mm (AxPxDz) 595x595x564Piederumi 3 cepe\u0161pannas, 1 re\u017e\u0123is, termozondeTeleskopisk\u0101s vadotnes 2 l\u012bme\u0146u<\/p>","protected":false},"featured_media":26703,"comment_status":"open","ping_status":"closed","template":"","meta":{"_joinchat":[]},"product_brand":[271],"product_cat":[266],"product_tag":[],"class_list":{"0":"post-26708","1":"product","2":"type-product","3":"status-publish","4":"has-post-thumbnail","6":"product_brand-gorenje","7":"product_cat-iebuvejama-sadzives-tehnika-iebuvejamas-cepeskrasnis","9":"first","10":"instock","11":"shipping-taxable","12":"purchasable","13":"product-type-simple"},"yoast_head":"<!-- This site is optimized with the Yoast SEO plugin v27.5 - https:\/\/yoast.com\/product\/yoast-seo-wordpress\/ -->\n<title>Gorenje BSA6747A04X - Continent.lv<\/title>\n<meta name=\"robots\" content=\"index, follow, max-snippet:-1, max-image-preview:large, max-video-preview:-1\" \/>\n<link rel=\"canonical\" href=\"https:\/\/continent.lv\/ru\/product\/gorenje-bsa6747a04x\/\" \/>\n<meta property=\"og:locale\" content=\"ru_RU\" \/>\n<meta property=\"og:type\" content=\"article\" \/>\n<meta property=\"og:title\" content=\"Gorenje BSA6747A04X - Continent.lv\" \/>\n<meta property=\"og:description\" content=\"Pre\u010du z\u012bme Gorenje Cepe\u0161kr\u0101sns veids ElektriskaEnergoefektivit\u0101tes klase A+Kr\u0101sa Ner\u016bs\u0113jo\u0161a t\u0113raudaCepe\u0161kr\u0101sns tilpums 77 lKop\u0113j\u0101 jauda 3.5 kWEAN 3838782512926Svars 32.4 kgSvars ar iepakojumu 34.4 kgCiti parametriAtkaus\u0113\u0161ana IrGrils cepe\u0161kr\u0101snij IrKonvekcija\u00a0 IrCepe\u0161kr\u0101sns t\u012br\u012b\u0161anas funkcija Katal\u012btisk\u0101Cepe\u0161kr\u0101sns apgaismo\u0161ana IrTaimeris IrRe\u017e\u012bmi 22Izm\u0113ri mm (AxPxDz) 595x595x564Piederumi 3 cepe\u0161pannas, 1 re\u017e\u0123is, termozondeTeleskopisk\u0101s vadotnes 2 l\u012bme\u0146u\" \/>\n<meta property=\"og:url\" content=\"https:\/\/continent.lv\/ru\/product\/gorenje-bsa6747a04x\/\" \/>\n<meta property=\"og:site_name\" content=\"Continent.lv\" \/>\n<meta property=\"og:image\" content=\"https:\/\/continent.lv\/wp-content\/uploads\/2026\/04\/Gorenje_BSA6747A04X.jpeg\" \/>\n\t<meta property=\"og:image:width\" content=\"1024\" \/>\n\t<meta property=\"og:image:height\" content=\"1024\" \/>\n\t<meta property=\"og:image:type\" content=\"image\/jpeg\" \/>\n<meta name=\"twitter:card\" content=\"summary_large_image\" \/>\n<script type=\"application\/ld+json\" class=\"yoast-schema-graph\">{\"@context\":\"https:\\\/\\\/schema.org\",\"@graph\":[{\"@type\":\"WebPage\",\"@id\":\"https:\\\/\\\/continent.lv\\\/product\\\/gorenje-bsa6747a04x\\\/\",\"url\":\"https:\\\/\\\/continent.lv\\\/product\\\/gorenje-bsa6747a04x\\\/\",\"name\":\"Gorenje BSA6747A04X - Continent.lv\",\"isPartOf\":{\"@id\":\"https:\\\/\\\/continent.lv\\\/#website\"},\"primaryImageOfPage\":{\"@id\":\"https:\\\/\\\/continent.lv\\\/product\\\/gorenje-bsa6747a04x\\\/#primaryimage\"},\"image\":{\"@id\":\"https:\\\/\\\/continent.lv\\\/product\\\/gorenje-bsa6747a04x\\\/#primaryimage\"},\"thumbnailUrl\":\"https:\\\/\\\/continent.lv\\\/wp-content\\\/uploads\\\/2026\\\/04\\\/Gorenje_BSA6747A04X.jpeg\",\"datePublished\":\"2026-04-30T23:13:20+00:00\",\"breadcrumb\":{\"@id\":\"https:\\\/\\\/continent.lv\\\/product\\\/gorenje-bsa6747a04x\\\/#breadcrumb\"},\"inLanguage\":\"ru-RU\",\"potentialAction\":[{\"@type\":\"ReadAction\",\"target\":[\"https:\\\/\\\/continent.lv\\\/product\\\/gorenje-bsa6747a04x\\\/\"]}]},{\"@type\":\"ImageObject\",\"inLanguage\":\"ru-RU\",\"@id\":\"https:\\\/\\\/continent.lv\\\/product\\\/gorenje-bsa6747a04x\\\/#primaryimage\",\"url\":\"https:\\\/\\\/continent.lv\\\/wp-content\\\/uploads\\\/2026\\\/04\\\/Gorenje_BSA6747A04X.jpeg\",\"contentUrl\":\"https:\\\/\\\/continent.lv\\\/wp-content\\\/uploads\\\/2026\\\/04\\\/Gorenje_BSA6747A04X.jpeg\",\"width\":1024,\"height\":1024},{\"@type\":\"BreadcrumbList\",\"@id\":\"https:\\\/\\\/continent.lv\\\/product\\\/gorenje-bsa6747a04x\\\/#breadcrumb\",\"itemListElement\":[{\"@type\":\"ListItem\",\"position\":1,\"name\":\"Home\",\"item\":\"https:\\\/\\\/continent.lv\\\/\"},{\"@type\":\"ListItem\",\"position\":2,\"name\":\"Veikals\",\"item\":\"https:\\\/\\\/continent.lv\\\/shop\\\/\"},{\"@type\":\"ListItem\",\"position\":3,\"name\":\"Gorenje BSA6747A04X\"}]},{\"@type\":\"WebSite\",\"@id\":\"https:\\\/\\\/continent.lv\\\/#website\",\"url\":\"https:\\\/\\\/continent.lv\\\/\",\"name\":\"Continent.lv\",\"description\":\"Sadz\u012bves pre\u010du internetveikals\",\"publisher\":{\"@id\":\"https:\\\/\\\/continent.lv\\\/#organization\"},\"potentialAction\":[{\"@type\":\"SearchAction\",\"target\":{\"@type\":\"EntryPoint\",\"urlTemplate\":\"https:\\\/\\\/continent.lv\\\/?s={search_term_string}\"},\"query-input\":{\"@type\":\"PropertyValueSpecification\",\"valueRequired\":true,\"valueName\":\"search_term_string\"}}],\"inLanguage\":\"ru-RU\"},{\"@type\":\"Organization\",\"@id\":\"https:\\\/\\\/continent.lv\\\/#organization\",\"name\":\"Continent.lv\",\"url\":\"https:\\\/\\\/continent.lv\\\/\",\"logo\":{\"@type\":\"ImageObject\",\"inLanguage\":\"ru-RU\",\"@id\":\"https:\\\/\\\/continent.lv\\\/#\\\/schema\\\/logo\\\/image\\\/\",\"url\":\"https:\\\/\\\/continent.lv\\\/wp-content\\\/uploads\\\/2026\\\/05\\\/logo_continent_5nwv-jh.jpg\",\"contentUrl\":\"https:\\\/\\\/continent.lv\\\/wp-content\\\/uploads\\\/2026\\\/05\\\/logo_continent_5nwv-jh.jpg\",\"width\":221,\"height\":50,\"caption\":\"Continent.lv\"},\"image\":{\"@id\":\"https:\\\/\\\/continent.lv\\\/#\\\/schema\\\/logo\\\/image\\\/\"}}]}<\/script>\n<!-- \/ Yoast SEO plugin. -->","yoast_head_json":{"title":"Gorenje BSA6747A04X - Continent.lv","robots":{"index":"index","follow":"follow","max-snippet":"max-snippet:-1","max-image-preview":"max-image-preview:large","max-video-preview":"max-video-preview:-1"},"canonical":"https:\/\/continent.lv\/ru\/product\/gorenje-bsa6747a04x\/","og_locale":"ru_RU","og_type":"article","og_title":"Gorenje BSA6747A04X - Continent.lv","og_description":"Pre\u010du z\u012bme Gorenje Cepe\u0161kr\u0101sns veids ElektriskaEnergoefektivit\u0101tes klase A+Kr\u0101sa Ner\u016bs\u0113jo\u0161a t\u0113raudaCepe\u0161kr\u0101sns tilpums 77 lKop\u0113j\u0101 jauda 3.5 kWEAN 3838782512926Svars 32.4 kgSvars ar iepakojumu 34.4 kgCiti parametriAtkaus\u0113\u0161ana IrGrils cepe\u0161kr\u0101snij IrKonvekcija\u00a0 IrCepe\u0161kr\u0101sns t\u012br\u012b\u0161anas funkcija Katal\u012btisk\u0101Cepe\u0161kr\u0101sns apgaismo\u0161ana IrTaimeris IrRe\u017e\u012bmi 22Izm\u0113ri mm (AxPxDz) 595x595x564Piederumi 3 cepe\u0161pannas, 1 re\u017e\u0123is, termozondeTeleskopisk\u0101s vadotnes 2 l\u012bme\u0146u","og_url":"https:\/\/continent.lv\/ru\/product\/gorenje-bsa6747a04x\/","og_site_name":"Continent.lv","og_image":[{"width":1024,"height":1024,"url":"https:\/\/continent.lv\/wp-content\/uploads\/2026\/04\/Gorenje_BSA6747A04X.jpeg","type":"image\/jpeg"}],"twitter_card":"summary_large_image","schema":{"@context":"https:\/\/schema.org","@graph":[{"@type":"WebPage","@id":"https:\/\/continent.lv\/product\/gorenje-bsa6747a04x\/","url":"https:\/\/continent.lv\/product\/gorenje-bsa6747a04x\/","name":"Gorenje BSA6747A04X - Continent.lv","isPartOf":{"@id":"https:\/\/continent.lv\/#website"},"primaryImageOfPage":{"@id":"https:\/\/continent.lv\/product\/gorenje-bsa6747a04x\/#primaryimage"},"image":{"@id":"https:\/\/continent.lv\/product\/gorenje-bsa6747a04x\/#primaryimage"},"thumbnailUrl":"https:\/\/continent.lv\/wp-content\/uploads\/2026\/04\/Gorenje_BSA6747A04X.jpeg","datePublished":"2026-04-30T23:13:20+00:00","breadcrumb":{"@id":"https:\/\/continent.lv\/product\/gorenje-bsa6747a04x\/#breadcrumb"},"inLanguage":"ru-RU","potentialAction":[{"@type":"ReadAction","target":["https:\/\/continent.lv\/product\/gorenje-bsa6747a04x\/"]}]},{"@type":"ImageObject","inLanguage":"ru-RU","@id":"https:\/\/continent.lv\/product\/gorenje-bsa6747a04x\/#primaryimage","url":"https:\/\/continent.lv\/wp-content\/uploads\/2026\/04\/Gorenje_BSA6747A04X.jpeg","contentUrl":"https:\/\/continent.lv\/wp-content\/uploads\/2026\/04\/Gorenje_BSA6747A04X.jpeg","width":1024,"height":1024},{"@type":"BreadcrumbList","@id":"https:\/\/continent.lv\/product\/gorenje-bsa6747a04x\/#breadcrumb","itemListElement":[{"@type":"ListItem","position":1,"name":"Home","item":"https:\/\/continent.lv\/"},{"@type":"ListItem","position":2,"name":"Veikals","item":"https:\/\/continent.lv\/shop\/"},{"@type":"ListItem","position":3,"name":"Gorenje BSA6747A04X"}]},{"@type":"WebSite","@id":"https:\/\/continent.lv\/#website","url":"https:\/\/continent.lv\/","name":"Continent.lv","description":"Sadz\u012bves pre\u010du internetveikals","publisher":{"@id":"https:\/\/continent.lv\/#organization"},"potentialAction":[{"@type":"SearchAction","target":{"@type":"EntryPoint","urlTemplate":"https:\/\/continent.lv\/?s={search_term_string}"},"query-input":{"@type":"PropertyValueSpecification","valueRequired":true,"valueName":"search_term_string"}}],"inLanguage":"ru-RU"},{"@type":"Organization","@id":"https:\/\/continent.lv\/#organization","name":"Continent.lv","url":"https:\/\/continent.lv\/","logo":{"@type":"ImageObject","inLanguage":"ru-RU","@id":"https:\/\/continent.lv\/#\/schema\/logo\/image\/","url":"https:\/\/continent.lv\/wp-content\/uploads\/2026\/05\/logo_continent_5nwv-jh.jpg","contentUrl":"https:\/\/continent.lv\/wp-content\/uploads\/2026\/05\/logo_continent_5nwv-jh.jpg","width":221,"height":50,"caption":"Continent.lv"},"image":{"@id":"https:\/\/continent.lv\/#\/schema\/logo\/image\/"}}]}},"_links":{"self":[{"href":"https:\/\/continent.lv\/ru\/wp-json\/wp\/v2\/product\/26708","targetHints":{"allow":["GET"]}}],"collection":[{"href":"https:\/\/continent.lv\/ru\/wp-json\/wp\/v2\/product"}],"about":[{"href":"https:\/\/continent.lv\/ru\/wp-json\/wp\/v2\/types\/product"}],"replies":[{"embeddable":true,"href":"https:\/\/continent.lv\/ru\/wp-json\/wp\/v2\/comments?post=26708"}],"wp:featuredmedia":[{"embeddable":true,"href":"https:\/\/continent.lv\/ru\/wp-json\/wp\/v2\/media\/26703"}],"wp:attachment":[{"href":"https:\/\/continent.lv\/ru\/wp-json\/wp\/v2\/media?parent=26708"}],"wp:term":[{"taxonomy":"product_brand","embeddable":true,"href":"https:\/\/continent.lv\/ru\/wp-json\/wp\/v2\/product_brand?post=26708"},{"taxonomy":"product_cat","embeddable":true,"href":"https:\/\/continent.lv\/ru\/wp-json\/wp\/v2\/product_cat?post=26708"},{"taxonomy":"product_tag","embeddable":true,"href":"https:\/\/continent.lv\/ru\/wp-json\/wp\/v2\/product_tag?post=26708"}],"curies":[{"name":"wp","href":"https:\/\/api.w.org\/{rel}","templated":true}]}}