{"id":26330,"date":"2026-04-30T23:02:58","date_gmt":"2026-04-30T23:02:58","guid":{"rendered":"https:\/\/continent.lv\/product\/de-longhi-ecam22-360b-espresso\/"},"modified":"2026-04-30T23:02:58","modified_gmt":"2026-04-30T23:02:58","slug":"de-longhi-ecam22-360b-espresso","status":"publish","type":"product","link":"https:\/\/continent.lv\/ru\/product\/de-longhi-ecam22-360b-espresso\/","title":{"rendered":"\u042d\u0441\u043f\u0440\u0435\u0441\u0441\u043e De Longhi ECAM22 360B"},"content":{"rendered":"<\/p>\n<p class=\"translation-block\"><p><\/p><p><span class=\"VIiyi\" lang=\"lv\"><span class=\"JLqJ4b ChMk0b\" data-language-for-alternatives=\"lv\" data-language-to-translate-into=\"ru\" data-phrase-index=\"0\" data-number-of-phrases=\"21\">\u041e\u0431\u044a\u0435\u043c \u0432\u043e\u0434\u044f\u043d\u043e\u0433\u043e \u0431\u0430\u043a\u0430 (\u043b) 1.8<\/span><span class=\"JLqJ4b\" data-language-for-alternatives=\"lv\" data-language-to-translate-into=\"ru\" data-phrase-index=\"1\" data-number-of-phrases=\"21\"><br><\/span><span class=\"JLqJ4b ChMk0b\" data-language-for-alternatives=\"lv\" data-language-to-translate-into=\"ru\" data-phrase-index=\"2\" data-number-of-phrases=\"21\">\u041a\u041e\u0424\u0415\u0419\u041d\u042b\u0415 \u0410\u0412\u0422\u041e\u041c\u0410\u0422\u042b<\/span><span class=\"JLqJ4b\" data-language-for-alternatives=\"lv\" data-language-to-translate-into=\"ru\" data-phrase-index=\"3\" data-number-of-phrases=\"21\"><br><\/span><span class=\"JLqJ4b ChMk0b\" data-language-for-alternatives=\"lv\" data-language-to-translate-into=\"ru\" data-phrase-index=\"4\" data-number-of-phrases=\"21\">\u0422\u0438\u043f \u043a\u043e\u0444\u0435\u043c\u0430\u0448\u0438\u043d\u044b \u044d\u0441\u043f\u0440\u0435\u0441\u0441\u043e<\/span><span class=\"JLqJ4b\" data-language-for-alternatives=\"lv\" data-language-to-translate-into=\"ru\" data-phrase-index=\"5\" data-number-of-phrases=\"21\"><br><\/span><span class=\"JLqJ4b ChMk0b\" data-language-for-alternatives=\"lv\" data-language-to-translate-into=\"ru\" data-phrase-index=\"6\" data-number-of-phrases=\"21\">\u0410\u0432\u0442\u043e\u043c\u0430\u0442\u0438\u0447\u0435\u0441\u043a\u0430\u044f<\/span><span class=\"JLqJ4b\" data-language-for-alternatives=\"lv\" data-language-to-translate-into=\"ru\" data-phrase-index=\"7\" data-number-of-phrases=\"21\"><br><\/span><span class=\"JLqJ4b ChMk0b\" data-language-for-alternatives=\"lv\" data-language-to-translate-into=\"ru\" data-phrase-index=\"8\" data-number-of-phrases=\"21\">\u041e\u0431\u044a\u0435\u043c \u043a\u043e\u043d\u0442\u0435\u0439\u043d\u0435\u0440\u0430 \u0434\u043b\u044f \u0437\u0435\u0440\u0435\u043d (\u0433) 250<\/span><span class=\"JLqJ4b\" data-language-for-alternatives=\"lv\" data-language-to-translate-into=\"ru\" data-phrase-index=\"9\" data-number-of-phrases=\"21\"><br><\/span><span class=\"JLqJ4b ChMk0b\" data-language-for-alternatives=\"lv\" data-language-to-translate-into=\"ru\" data-phrase-index=\"10\" data-number-of-phrases=\"21\">\u041c\u043e\u0449\u043d\u043e\u0441\u0442\u044c \u043d\u0430\u0441\u043e\u0441\u0430 (\u0431\u0430\u0440) 15<\/span><span class=\"JLqJ4b\" data-language-for-alternatives=\"lv\" data-language-to-translate-into=\"ru\" data-phrase-index=\"11\" data-number-of-phrases=\"21\"><br><\/span><span class=\"JLqJ4b ChMk0b\" data-language-for-alternatives=\"lv\" data-language-to-translate-into=\"ru\" data-phrase-index=\"12\" data-number-of-phrases=\"21\">\u0418\u043d\u0444\u043e\u0440\u043c\u0430\u0446\u0438\u044f<\/span><span class=\"JLqJ4b\" data-language-for-alternatives=\"lv\" data-language-to-translate-into=\"ru\" data-phrase-index=\"13\" data-number-of-phrases=\"21\"><br><\/span><span class=\"JLqJ4b ChMk0b\" data-language-for-alternatives=\"lv\" data-language-to-translate-into=\"ru\" data-phrase-index=\"14\" data-number-of-phrases=\"21\">\u041f\u0430\u043d\u0435\u043b\u044c \u0443\u043f\u0440\u0430\u0432\u043b\u0435\u043d\u0438\u044f<\/span><span class=\"JLqJ4b\" data-language-for-alternatives=\"lv\" data-language-to-translate-into=\"ru\" data-phrase-index=\"15\" data-number-of-phrases=\"21\"><br><\/span><span class=\"JLqJ4b ChMk0b\" data-language-for-alternatives=\"lv\" data-language-to-translate-into=\"ru\" data-phrase-index=\"16\" data-number-of-phrases=\"21\">\u042d\u043b\u0435\u043a\u0442\u0440\u043e\u043d\u043d\u0430\u044f<\/span><span class=\"JLqJ4b\" data-language-for-alternatives=\"lv\" data-language-to-translate-into=\"ru\" data-phrase-index=\"17\" data-number-of-phrases=\"21\"><br><\/span><span class=\"JLqJ4b ChMk0b\" data-language-for-alternatives=\"lv\" data-language-to-translate-into=\"ru\" data-phrase-index=\"18\" data-number-of-phrases=\"21\">\u0413\u0430\u0431\u0430\u0440\u0438\u0442\u044b (\u0412x\u0428x\u0413) \u0441\u043c 23,8 x 43 x 35,1<\/span><span class=\"JLqJ4b\" data-language-for-alternatives=\"lv\" data-language-to-translate-into=\"ru\" data-phrase-index=\"19\" data-number-of-phrases=\"21\"><br><\/span><span class=\"JLqJ4b ChMk0b\" data-language-for-alternatives=\"lv\" data-language-to-translate-into=\"ru\" data-phrase-index=\"20\" data-number-of-phrases=\"21\">\u041c\u043e\u0449\u043d\u043e\u0441\u0442\u044c (\u0412\u0442) 1450<\/span><\/span><\/p><p><\/p><\/p><\/p>","protected":false},"excerpt":{"rendered":"<p class=\"translation-block\"><p><\/p><p><span class=\"VIiyi\" lang=\"lv\"><span class=\"JLqJ4b ChMk0b\" data-language-for-alternatives=\"lv\" data-language-to-translate-into=\"ru\" data-phrase-index=\"0\" data-number-of-phrases=\"21\">\u041e\u0431\u044a\u0435\u043c \u0432\u043e\u0434\u044f\u043d\u043e\u0433\u043e \u0431\u0430\u043a\u0430 (\u043b) 1.8<\/span><span class=\"JLqJ4b\" data-language-for-alternatives=\"lv\" data-language-to-translate-into=\"ru\" data-phrase-index=\"1\" data-number-of-phrases=\"21\"><br><\/span><span class=\"JLqJ4b ChMk0b\" data-language-for-alternatives=\"lv\" data-language-to-translate-into=\"ru\" data-phrase-index=\"2\" data-number-of-phrases=\"21\">\u041a\u041e\u0424\u0415\u0419\u041d\u042b\u0415 \u0410\u0412\u0422\u041e\u041c\u0410\u0422\u042b<\/span><span class=\"JLqJ4b\" data-language-for-alternatives=\"lv\" data-language-to-translate-into=\"ru\" data-phrase-index=\"3\" data-number-of-phrases=\"21\"><br><\/span><span class=\"JLqJ4b ChMk0b\" data-language-for-alternatives=\"lv\" data-language-to-translate-into=\"ru\" data-phrase-index=\"4\" data-number-of-phrases=\"21\">\u0422\u0438\u043f \u043a\u043e\u0444\u0435\u043c\u0430\u0448\u0438\u043d\u044b \u044d\u0441\u043f\u0440\u0435\u0441\u0441\u043e<\/span><span class=\"JLqJ4b\" data-language-for-alternatives=\"lv\" data-language-to-translate-into=\"ru\" data-phrase-index=\"5\" data-number-of-phrases=\"21\"><br><\/span><span class=\"JLqJ4b ChMk0b\" data-language-for-alternatives=\"lv\" data-language-to-translate-into=\"ru\" data-phrase-index=\"6\" data-number-of-phrases=\"21\">\u0410\u0432\u0442\u043e\u043c\u0430\u0442\u0438\u0447\u0435\u0441\u043a\u0430\u044f<\/span><span class=\"JLqJ4b\" data-language-for-alternatives=\"lv\" data-language-to-translate-into=\"ru\" data-phrase-index=\"7\" data-number-of-phrases=\"21\"><br><\/span><span class=\"JLqJ4b ChMk0b\" data-language-for-alternatives=\"lv\" data-language-to-translate-into=\"ru\" data-phrase-index=\"8\" data-number-of-phrases=\"21\">\u041e\u0431\u044a\u0435\u043c \u043a\u043e\u043d\u0442\u0435\u0439\u043d\u0435\u0440\u0430 \u0434\u043b\u044f \u0437\u0435\u0440\u0435\u043d (\u0433) 250<\/span><span class=\"JLqJ4b\" data-language-for-alternatives=\"lv\" data-language-to-translate-into=\"ru\" data-phrase-index=\"9\" data-number-of-phrases=\"21\"><br><\/span><span class=\"JLqJ4b ChMk0b\" data-language-for-alternatives=\"lv\" data-language-to-translate-into=\"ru\" data-phrase-index=\"10\" data-number-of-phrases=\"21\">\u041c\u043e\u0449\u043d\u043e\u0441\u0442\u044c \u043d\u0430\u0441\u043e\u0441\u0430 (\u0431\u0430\u0440) 15<\/span><span class=\"JLqJ4b\" data-language-for-alternatives=\"lv\" data-language-to-translate-into=\"ru\" data-phrase-index=\"11\" data-number-of-phrases=\"21\"><br><\/span><span class=\"JLqJ4b ChMk0b\" data-language-for-alternatives=\"lv\" data-language-to-translate-into=\"ru\" data-phrase-index=\"12\" data-number-of-phrases=\"21\">\u0418\u043d\u0444\u043e\u0440\u043c\u0430\u0446\u0438\u044f<\/span><span class=\"JLqJ4b\" data-language-for-alternatives=\"lv\" data-language-to-translate-into=\"ru\" data-phrase-index=\"13\" data-number-of-phrases=\"21\"><br><\/span><span class=\"JLqJ4b ChMk0b\" data-language-for-alternatives=\"lv\" data-language-to-translate-into=\"ru\" data-phrase-index=\"14\" data-number-of-phrases=\"21\">\u041f\u0430\u043d\u0435\u043b\u044c \u0443\u043f\u0440\u0430\u0432\u043b\u0435\u043d\u0438\u044f<\/span><span class=\"JLqJ4b\" data-language-for-alternatives=\"lv\" data-language-to-translate-into=\"ru\" data-phrase-index=\"15\" data-number-of-phrases=\"21\"><br><\/span><span class=\"JLqJ4b ChMk0b\" data-language-for-alternatives=\"lv\" data-language-to-translate-into=\"ru\" data-phrase-index=\"16\" data-number-of-phrases=\"21\">\u042d\u043b\u0435\u043a\u0442\u0440\u043e\u043d\u043d\u0430\u044f<\/span><span class=\"JLqJ4b\" data-language-for-alternatives=\"lv\" data-language-to-translate-into=\"ru\" data-phrase-index=\"17\" data-number-of-phrases=\"21\"><br><\/span><span class=\"JLqJ4b ChMk0b\" data-language-for-alternatives=\"lv\" data-language-to-translate-into=\"ru\" data-phrase-index=\"18\" data-number-of-phrases=\"21\">\u0413\u0430\u0431\u0430\u0440\u0438\u0442\u044b (\u0412x\u0428x\u0413) \u0441\u043c 23,8 x 43 x 35,1<\/span><span class=\"JLqJ4b\" data-language-for-alternatives=\"lv\" data-language-to-translate-into=\"ru\" data-phrase-index=\"19\" data-number-of-phrases=\"21\"><br><\/span><span class=\"JLqJ4b ChMk0b\" data-language-for-alternatives=\"lv\" data-language-to-translate-into=\"ru\" data-phrase-index=\"20\" data-number-of-phrases=\"21\">\u041c\u043e\u0449\u043d\u043e\u0441\u0442\u044c (\u0412\u0442) 1450<\/span><\/span><\/p><p><\/p><\/p>","protected":false},"featured_media":26329,"comment_status":"open","ping_status":"closed","template":"","meta":{"_joinchat":[]},"product_brand":[],"product_cat":[314],"product_tag":[],"class_list":{"0":"post-26330","1":"product","2":"type-product","3":"status-publish","4":"has-post-thumbnail","6":"product_cat-maza-sadzives-tehnika-kafijas-automati","8":"first","9":"instock","10":"shipping-taxable","11":"purchasable","12":"product-type-simple"},"yoast_head":"<!-- This site is optimized with the Yoast SEO plugin v27.5 - https:\/\/yoast.com\/product\/yoast-seo-wordpress\/ -->\n<title>De Longhi ECAM22 360B Espresso - Continent.lv<\/title>\n<meta name=\"robots\" content=\"index, follow, max-snippet:-1, max-image-preview:large, max-video-preview:-1\" \/>\n<link rel=\"canonical\" href=\"https:\/\/continent.lv\/ru\/product\/de-longhi-ecam22-360b-espresso\/\" \/>\n<meta property=\"og:locale\" content=\"ru_RU\" \/>\n<meta property=\"og:type\" content=\"article\" \/>\n<meta property=\"og:title\" content=\"De Longhi ECAM22 360B Espresso - Continent.lv\" \/>\n<meta property=\"og:description\" content=\"\u016adens tvertnes tilpums (L) 1.8KAFIJAS AUTOM\u0100TIEspresso ma\u0161\u012bnas tipsAutoPupi\u0146u tvertnes tilpums (G) 250S\u016bk\u0146a jauda (stienis) 15Inform\u0101cijaVad\u012bbas panelisElektroonilineIzm\u0113ri (AxPxG) cm23,8 x 43 x 35,1Jauda (W) 1450\" \/>\n<meta property=\"og:url\" content=\"https:\/\/continent.lv\/ru\/product\/de-longhi-ecam22-360b-espresso\/\" \/>\n<meta property=\"og:site_name\" content=\"Continent.lv\" \/>\n<meta property=\"og:image\" content=\"https:\/\/continent.lv\/wp-content\/uploads\/2026\/04\/De_Longhi_ECAM22_360B_Espresso.jpg\" \/>\n\t<meta property=\"og:image:width\" content=\"1200\" \/>\n\t<meta property=\"og:image:height\" content=\"1372\" \/>\n\t<meta property=\"og:image:type\" content=\"image\/jpeg\" \/>\n<meta name=\"twitter:card\" content=\"summary_large_image\" \/>\n<script type=\"application\/ld+json\" class=\"yoast-schema-graph\">{\"@context\":\"https:\\\/\\\/schema.org\",\"@graph\":[{\"@type\":\"WebPage\",\"@id\":\"https:\\\/\\\/continent.lv\\\/product\\\/de-longhi-ecam22-360b-espresso\\\/\",\"url\":\"https:\\\/\\\/continent.lv\\\/product\\\/de-longhi-ecam22-360b-espresso\\\/\",\"name\":\"De Longhi ECAM22 360B Espresso - Continent.lv\",\"isPartOf\":{\"@id\":\"https:\\\/\\\/continent.lv\\\/#website\"},\"primaryImageOfPage\":{\"@id\":\"https:\\\/\\\/continent.lv\\\/product\\\/de-longhi-ecam22-360b-espresso\\\/#primaryimage\"},\"image\":{\"@id\":\"https:\\\/\\\/continent.lv\\\/product\\\/de-longhi-ecam22-360b-espresso\\\/#primaryimage\"},\"thumbnailUrl\":\"https:\\\/\\\/continent.lv\\\/wp-content\\\/uploads\\\/2026\\\/04\\\/De_Longhi_ECAM22_360B_Espresso.jpg\",\"datePublished\":\"2026-04-30T23:02:58+00:00\",\"breadcrumb\":{\"@id\":\"https:\\\/\\\/continent.lv\\\/product\\\/de-longhi-ecam22-360b-espresso\\\/#breadcrumb\"},\"inLanguage\":\"ru-RU\",\"potentialAction\":[{\"@type\":\"ReadAction\",\"target\":[\"https:\\\/\\\/continent.lv\\\/product\\\/de-longhi-ecam22-360b-espresso\\\/\"]}]},{\"@type\":\"ImageObject\",\"inLanguage\":\"ru-RU\",\"@id\":\"https:\\\/\\\/continent.lv\\\/product\\\/de-longhi-ecam22-360b-espresso\\\/#primaryimage\",\"url\":\"https:\\\/\\\/continent.lv\\\/wp-content\\\/uploads\\\/2026\\\/04\\\/De_Longhi_ECAM22_360B_Espresso.jpg\",\"contentUrl\":\"https:\\\/\\\/continent.lv\\\/wp-content\\\/uploads\\\/2026\\\/04\\\/De_Longhi_ECAM22_360B_Espresso.jpg\",\"width\":1200,\"height\":1372},{\"@type\":\"BreadcrumbList\",\"@id\":\"https:\\\/\\\/continent.lv\\\/product\\\/de-longhi-ecam22-360b-espresso\\\/#breadcrumb\",\"itemListElement\":[{\"@type\":\"ListItem\",\"position\":1,\"name\":\"Home\",\"item\":\"https:\\\/\\\/continent.lv\\\/\"},{\"@type\":\"ListItem\",\"position\":2,\"name\":\"Veikals\",\"item\":\"https:\\\/\\\/continent.lv\\\/shop\\\/\"},{\"@type\":\"ListItem\",\"position\":3,\"name\":\"De Longhi ECAM22 360B Espresso\"}]},{\"@type\":\"WebSite\",\"@id\":\"https:\\\/\\\/continent.lv\\\/#website\",\"url\":\"https:\\\/\\\/continent.lv\\\/\",\"name\":\"Continent.lv\",\"description\":\"Sadz\u012bves pre\u010du internetveikals\",\"publisher\":{\"@id\":\"https:\\\/\\\/continent.lv\\\/#organization\"},\"potentialAction\":[{\"@type\":\"SearchAction\",\"target\":{\"@type\":\"EntryPoint\",\"urlTemplate\":\"https:\\\/\\\/continent.lv\\\/?s={search_term_string}\"},\"query-input\":{\"@type\":\"PropertyValueSpecification\",\"valueRequired\":true,\"valueName\":\"search_term_string\"}}],\"inLanguage\":\"ru-RU\"},{\"@type\":\"Organization\",\"@id\":\"https:\\\/\\\/continent.lv\\\/#organization\",\"name\":\"Continent.lv\",\"url\":\"https:\\\/\\\/continent.lv\\\/\",\"logo\":{\"@type\":\"ImageObject\",\"inLanguage\":\"ru-RU\",\"@id\":\"https:\\\/\\\/continent.lv\\\/#\\\/schema\\\/logo\\\/image\\\/\",\"url\":\"https:\\\/\\\/continent.lv\\\/wp-content\\\/uploads\\\/2026\\\/05\\\/logo_continent_5nwv-jh.jpg\",\"contentUrl\":\"https:\\\/\\\/continent.lv\\\/wp-content\\\/uploads\\\/2026\\\/05\\\/logo_continent_5nwv-jh.jpg\",\"width\":221,\"height\":50,\"caption\":\"Continent.lv\"},\"image\":{\"@id\":\"https:\\\/\\\/continent.lv\\\/#\\\/schema\\\/logo\\\/image\\\/\"}}]}<\/script>\n<!-- \/ Yoast SEO plugin. -->","yoast_head_json":{"title":"De Longhi ECAM22 360B Espresso - Continent.lv","robots":{"index":"index","follow":"follow","max-snippet":"max-snippet:-1","max-image-preview":"max-image-preview:large","max-video-preview":"max-video-preview:-1"},"canonical":"https:\/\/continent.lv\/ru\/product\/de-longhi-ecam22-360b-espresso\/","og_locale":"ru_RU","og_type":"article","og_title":"De Longhi ECAM22 360B Espresso - Continent.lv","og_description":"\u016adens tvertnes tilpums (L) 1.8KAFIJAS AUTOM\u0100TIEspresso ma\u0161\u012bnas tipsAutoPupi\u0146u tvertnes tilpums (G) 250S\u016bk\u0146a jauda (stienis) 15Inform\u0101cijaVad\u012bbas panelisElektroonilineIzm\u0113ri (AxPxG) cm23,8 x 43 x 35,1Jauda (W) 1450","og_url":"https:\/\/continent.lv\/ru\/product\/de-longhi-ecam22-360b-espresso\/","og_site_name":"Continent.lv","og_image":[{"width":1200,"height":1372,"url":"https:\/\/continent.lv\/wp-content\/uploads\/2026\/04\/De_Longhi_ECAM22_360B_Espresso.jpg","type":"image\/jpeg"}],"twitter_card":"summary_large_image","schema":{"@context":"https:\/\/schema.org","@graph":[{"@type":"WebPage","@id":"https:\/\/continent.lv\/product\/de-longhi-ecam22-360b-espresso\/","url":"https:\/\/continent.lv\/product\/de-longhi-ecam22-360b-espresso\/","name":"De Longhi ECAM22 360B Espresso - Continent.lv","isPartOf":{"@id":"https:\/\/continent.lv\/#website"},"primaryImageOfPage":{"@id":"https:\/\/continent.lv\/product\/de-longhi-ecam22-360b-espresso\/#primaryimage"},"image":{"@id":"https:\/\/continent.lv\/product\/de-longhi-ecam22-360b-espresso\/#primaryimage"},"thumbnailUrl":"https:\/\/continent.lv\/wp-content\/uploads\/2026\/04\/De_Longhi_ECAM22_360B_Espresso.jpg","datePublished":"2026-04-30T23:02:58+00:00","breadcrumb":{"@id":"https:\/\/continent.lv\/product\/de-longhi-ecam22-360b-espresso\/#breadcrumb"},"inLanguage":"ru-RU","potentialAction":[{"@type":"ReadAction","target":["https:\/\/continent.lv\/product\/de-longhi-ecam22-360b-espresso\/"]}]},{"@type":"ImageObject","inLanguage":"ru-RU","@id":"https:\/\/continent.lv\/product\/de-longhi-ecam22-360b-espresso\/#primaryimage","url":"https:\/\/continent.lv\/wp-content\/uploads\/2026\/04\/De_Longhi_ECAM22_360B_Espresso.jpg","contentUrl":"https:\/\/continent.lv\/wp-content\/uploads\/2026\/04\/De_Longhi_ECAM22_360B_Espresso.jpg","width":1200,"height":1372},{"@type":"BreadcrumbList","@id":"https:\/\/continent.lv\/product\/de-longhi-ecam22-360b-espresso\/#breadcrumb","itemListElement":[{"@type":"ListItem","position":1,"name":"Home","item":"https:\/\/continent.lv\/"},{"@type":"ListItem","position":2,"name":"Veikals","item":"https:\/\/continent.lv\/shop\/"},{"@type":"ListItem","position":3,"name":"De Longhi ECAM22 360B Espresso"}]},{"@type":"WebSite","@id":"https:\/\/continent.lv\/#website","url":"https:\/\/continent.lv\/","name":"Continent.lv","description":"Sadz\u012bves pre\u010du internetveikals","publisher":{"@id":"https:\/\/continent.lv\/#organization"},"potentialAction":[{"@type":"SearchAction","target":{"@type":"EntryPoint","urlTemplate":"https:\/\/continent.lv\/?s={search_term_string}"},"query-input":{"@type":"PropertyValueSpecification","valueRequired":true,"valueName":"search_term_string"}}],"inLanguage":"ru-RU"},{"@type":"Organization","@id":"https:\/\/continent.lv\/#organization","name":"Continent.lv","url":"https:\/\/continent.lv\/","logo":{"@type":"ImageObject","inLanguage":"ru-RU","@id":"https:\/\/continent.lv\/#\/schema\/logo\/image\/","url":"https:\/\/continent.lv\/wp-content\/uploads\/2026\/05\/logo_continent_5nwv-jh.jpg","contentUrl":"https:\/\/continent.lv\/wp-content\/uploads\/2026\/05\/logo_continent_5nwv-jh.jpg","width":221,"height":50,"caption":"Continent.lv"},"image":{"@id":"https:\/\/continent.lv\/#\/schema\/logo\/image\/"}}]}},"_links":{"self":[{"href":"https:\/\/continent.lv\/ru\/wp-json\/wp\/v2\/product\/26330","targetHints":{"allow":["GET"]}}],"collection":[{"href":"https:\/\/continent.lv\/ru\/wp-json\/wp\/v2\/product"}],"about":[{"href":"https:\/\/continent.lv\/ru\/wp-json\/wp\/v2\/types\/product"}],"replies":[{"embeddable":true,"href":"https:\/\/continent.lv\/ru\/wp-json\/wp\/v2\/comments?post=26330"}],"wp:featuredmedia":[{"embeddable":true,"href":"https:\/\/continent.lv\/ru\/wp-json\/wp\/v2\/media\/26329"}],"wp:attachment":[{"href":"https:\/\/continent.lv\/ru\/wp-json\/wp\/v2\/media?parent=26330"}],"wp:term":[{"taxonomy":"product_brand","embeddable":true,"href":"https:\/\/continent.lv\/ru\/wp-json\/wp\/v2\/product_brand?post=26330"},{"taxonomy":"product_cat","embeddable":true,"href":"https:\/\/continent.lv\/ru\/wp-json\/wp\/v2\/product_cat?post=26330"},{"taxonomy":"product_tag","embeddable":true,"href":"https:\/\/continent.lv\/ru\/wp-json\/wp\/v2\/product_tag?post=26330"}],"curies":[{"name":"wp","href":"https:\/\/api.w.org\/{rel}","templated":true}]}}