{"id":26281,"date":"2026-04-30T23:01:45","date_gmt":"2026-04-30T23:01:45","guid":{"rendered":"https:\/\/continent.lv\/product\/eleyus-sla52wh-sla-l16-200-52wh\/"},"modified":"2026-04-30T23:01:45","modified_gmt":"2026-04-30T23:01:45","slug":"eleyus-sla52wh-sla-l16-200-52wh","status":"publish","type":"product","link":"https:\/\/continent.lv\/ru\/product\/eleyus-sla52wh-sla-l16-200-52wh\/","title":{"rendered":"Eleyus SLA52WH (SLA L16 200 52WH)"},"content":{"rendered":"<p>\u0422\u043e\u0440\u0433\u043e\u0432\u0430\u044f \u043c\u0430\u0440\u043a\u0430 Eleyus<\/p>\n<p>\u0422\u0438\u043f \u041f\u043e\u043b\u043d\u043e\u0441\u0442\u044c\u044e \u0432\u0441\u0442\u0440\u043e\u0435\u043d\u043d\u0430\u044f<br \/>\u0426\u0432\u0435\u0442 \u0411\u0435\u043b\u044b\u0439<br \/>\u041a\u043b\u0430\u0441\u0441 \u044d\u043d\u0435\u0440\u0433\u043e\u044d\u0444\u0444\u0435\u043a\u0442\u0438\u0432\u043d\u043e\u0441\u0442\u0438 A<br \/>\u041a\u043b\u0430\u0441\u0441 \u0433\u0438\u0434\u0440\u043e\u0434\u0438\u043d\u0430\u043c\u0438\u0447\u0435\u0441\u043a\u043e\u0439 \u044d\u0444\u0444\u0435\u043a\u0442\u0438\u0432\u043d\u043e\u0441\u0442\u0438 A<br \/>\u041a\u043b\u0430\u0441\u0441 \u044d\u0444\u0444\u0435\u043a\u0442\u0438\u0432\u043d\u043e\u0441\u0442\u0438 \u043e\u0441\u0432\u0435\u0449\u0435\u043d\u0438\u044f A<br \/>\u041a\u043b\u0430\u0441\u0441 \u044d\u0444\u0444\u0435\u043a\u0442\u0438\u0432\u043d\u043e\u0441\u0442\u0438 \u0444\u0438\u043b\u044c\u0442\u0440\u0430\u0446\u0438\u0438 \u0436\u0438\u0440\u0430 E<br \/>\u0420\u0430\u0437\u043c\u0435\u0440\u044b, \u0432\u0435\u0441<br \/>\u0412\u044b\u0441\u043e\u0442\u0430 24.5 \u0441\u043c<br \/>\u0428\u0438\u0440\u0438\u043d\u0430 52 \u0441\u043c<br \/>\u0413\u043b\u0443\u0431\u0438\u043d\u0430 29.5 \u0441\u043c<br \/>\u041f\u043e\u0434\u0445\u043e\u0434\u044f\u0449\u0430\u044f \u0448\u0438\u0440\u0438\u043d\u0430 \u0448\u043a\u0430\u0444\u0430 60 \u0441\u043c<br \/>\u041f\u0440\u043e\u0438\u0437\u0432\u043e\u0434\u0438\u0442\u0435\u043b\u044c\u043d\u043e\u0441\u0442\u044c<br \/>\u041c\u043e\u0449\u043d\u043e\u0441\u0442\u044c \u0432\u0441\u0430\u0441\u044b\u0432\u0430\u043d\u0438\u044f 258 \u043c\u00b3\/\u0447<br \/>\u041a\u043e\u043b\u0438\u0447\u0435\u0441\u0442\u0432\u043e \u043c\u043e\u0442\u043e\u0440\u043e\u0432 1<br \/>\u0423\u043f\u0440\u0430\u0432\u043b\u0435\u043d\u0438\u0435<br \/>\u0423\u043f\u0440\u0430\u0432\u043b\u0435\u043d\u0438\u0435 \u0421\u0435\u043d\u0441\u043e\u0440\u043d\u043e\u0435<br \/>\u041a\u043e\u043b\u0438\u0447\u0435\u0441\u0442\u0432\u043e \u0441\u043a\u043e\u0440\u043e\u0441\u0442\u0435\u0439 3<br \/>\u0414\u0440\u0443\u0433\u0438\u0435 \u043f\u0430\u0440\u0430\u043c\u0435\u0442\u0440\u044b<br \/>\u0423\u0440\u043e\u0432\u0435\u043d\u044c \u0448\u0443\u043c\u0430 (\u0434\u0411) 60<br \/>\u041e\u0441\u0432\u0435\u0449\u0435\u043d\u0438\u0435 2 x 3 \u0412\u0442, LED<br \/>\u0422\u0438\u043f \u0444\u0438\u043b\u044c\u0442\u0440\u0430 \u0410\u043b\u044e\u043c\u0438\u043d\u0438\u0435\u0432\u044b\u0439<br \/>\u041a\u043e\u043b\u0438\u0447\u0435\u0441\u0442\u0432\u043e \u043c\u043e\u044e\u0449\u0438\u0445\u0441\u044f \u043c\u0435\u0442\u0430\u043b\u043b\u0438\u0447\u0435\u0441\u043a\u0438\u0445 \u0444\u0438\u043b\u044c\u0442\u0440\u043e\u0432 1<\/p>","protected":false},"excerpt":{"rendered":"<p>Pre\u010du z\u012bme Eleyus Veids Piln\u012bb\u0101 ieb\u016bv\u0113jamsKr\u0101sa BaltaEnergoefektivit\u0101tes klase AHidrodinamisk\u0101s efektivit\u0101tes klase AApgaismojuma efektivit\u0101tes klase ATauku filtr\u0113\u0161anas efektivit\u0101tes klase EIzm\u0113ri, svarsAugstums 24.5 cmPlatums 52 cmDzi\u013cums 29.5 cmAtbilsto\u0161a skap\u012b\u0161a platums 60 cmVeiktsp\u0113jaNos\u016bk\u0161anas jauda 258 m\u00b3\/hMotoru skaits 1Vad\u012bbaVad\u012bba Sk\u0101rienvad\u012bba\u0100trumu skaits 3Citi parametriTrok\u0161\u0146a l\u012bmenis (dB) 60Apgaismojums 2 x 3 W, LEDFiltra veids Alum\u012bnijaMazg\u0101jamo met\u0101la filtru skaits 1<\/p>","protected":false},"featured_media":26275,"comment_status":"open","ping_status":"closed","template":"","meta":{"_joinchat":[]},"product_brand":[],"product_cat":[298],"product_tag":[],"class_list":{"0":"post-26281","1":"product","2":"type-product","3":"status-publish","4":"has-post-thumbnail","6":"product_cat-iebuvejama-sadzives-tehnika-iebuvejamie-tvaika-nosuceji","8":"first","9":"instock","10":"shipping-taxable","11":"purchasable","12":"product-type-simple"},"yoast_head":"<!-- This site is optimized with the Yoast SEO plugin v27.5 - https:\/\/yoast.com\/product\/yoast-seo-wordpress\/ -->\n<title>Eleyus SLA52WH (SLA L16 200 52WH) - Continent.lv<\/title>\n<meta name=\"robots\" content=\"index, follow, max-snippet:-1, max-image-preview:large, max-video-preview:-1\" \/>\n<link rel=\"canonical\" href=\"https:\/\/continent.lv\/ru\/product\/eleyus-sla52wh-sla-l16-200-52wh\/\" \/>\n<meta property=\"og:locale\" content=\"ru_RU\" \/>\n<meta property=\"og:type\" content=\"article\" \/>\n<meta property=\"og:title\" content=\"Eleyus SLA52WH (SLA L16 200 52WH) - Continent.lv\" \/>\n<meta property=\"og:description\" content=\"Pre\u010du z\u012bme Eleyus Veids Piln\u012bb\u0101 ieb\u016bv\u0113jamsKr\u0101sa BaltaEnergoefektivit\u0101tes klase AHidrodinamisk\u0101s efektivit\u0101tes klase AApgaismojuma efektivit\u0101tes klase ATauku filtr\u0113\u0161anas efektivit\u0101tes klase EIzm\u0113ri, svarsAugstums 24.5 cmPlatums 52 cmDzi\u013cums 29.5 cmAtbilsto\u0161a skap\u012b\u0161a platums 60 cmVeiktsp\u0113jaNos\u016bk\u0161anas jauda 258 m\u00b3\/hMotoru skaits 1Vad\u012bbaVad\u012bba Sk\u0101rienvad\u012bba\u0100trumu skaits 3Citi parametriTrok\u0161\u0146a l\u012bmenis (dB) 60Apgaismojums 2 x 3 W, LEDFiltra veids Alum\u012bnijaMazg\u0101jamo met\u0101la filtru skaits 1\" \/>\n<meta property=\"og:url\" content=\"https:\/\/continent.lv\/ru\/product\/eleyus-sla52wh-sla-l16-200-52wh\/\" \/>\n<meta property=\"og:site_name\" content=\"Continent.lv\" \/>\n<meta property=\"og:image\" content=\"https:\/\/continent.lv\/wp-content\/uploads\/2026\/04\/Eleyus_SLA_52_WH__SLA_L_16_200_52_WH.jpeg\" \/>\n\t<meta property=\"og:image:width\" content=\"1024\" \/>\n\t<meta property=\"og:image:height\" content=\"645\" \/>\n\t<meta property=\"og:image:type\" content=\"image\/jpeg\" \/>\n<meta name=\"twitter:card\" content=\"summary_large_image\" \/>\n<script type=\"application\/ld+json\" class=\"yoast-schema-graph\">{\"@context\":\"https:\\\/\\\/schema.org\",\"@graph\":[{\"@type\":\"WebPage\",\"@id\":\"https:\\\/\\\/continent.lv\\\/product\\\/eleyus-sla52wh-sla-l16-200-52wh\\\/\",\"url\":\"https:\\\/\\\/continent.lv\\\/product\\\/eleyus-sla52wh-sla-l16-200-52wh\\\/\",\"name\":\"Eleyus SLA52WH (SLA L16 200 52WH) - Continent.lv\",\"isPartOf\":{\"@id\":\"https:\\\/\\\/continent.lv\\\/#website\"},\"primaryImageOfPage\":{\"@id\":\"https:\\\/\\\/continent.lv\\\/product\\\/eleyus-sla52wh-sla-l16-200-52wh\\\/#primaryimage\"},\"image\":{\"@id\":\"https:\\\/\\\/continent.lv\\\/product\\\/eleyus-sla52wh-sla-l16-200-52wh\\\/#primaryimage\"},\"thumbnailUrl\":\"https:\\\/\\\/continent.lv\\\/wp-content\\\/uploads\\\/2026\\\/04\\\/Eleyus_SLA_52_WH__SLA_L_16_200_52_WH.jpeg\",\"datePublished\":\"2026-04-30T23:01:45+00:00\",\"breadcrumb\":{\"@id\":\"https:\\\/\\\/continent.lv\\\/product\\\/eleyus-sla52wh-sla-l16-200-52wh\\\/#breadcrumb\"},\"inLanguage\":\"ru-RU\",\"potentialAction\":[{\"@type\":\"ReadAction\",\"target\":[\"https:\\\/\\\/continent.lv\\\/product\\\/eleyus-sla52wh-sla-l16-200-52wh\\\/\"]}]},{\"@type\":\"ImageObject\",\"inLanguage\":\"ru-RU\",\"@id\":\"https:\\\/\\\/continent.lv\\\/product\\\/eleyus-sla52wh-sla-l16-200-52wh\\\/#primaryimage\",\"url\":\"https:\\\/\\\/continent.lv\\\/wp-content\\\/uploads\\\/2026\\\/04\\\/Eleyus_SLA_52_WH__SLA_L_16_200_52_WH.jpeg\",\"contentUrl\":\"https:\\\/\\\/continent.lv\\\/wp-content\\\/uploads\\\/2026\\\/04\\\/Eleyus_SLA_52_WH__SLA_L_16_200_52_WH.jpeg\",\"width\":1024,\"height\":645},{\"@type\":\"BreadcrumbList\",\"@id\":\"https:\\\/\\\/continent.lv\\\/product\\\/eleyus-sla52wh-sla-l16-200-52wh\\\/#breadcrumb\",\"itemListElement\":[{\"@type\":\"ListItem\",\"position\":1,\"name\":\"Home\",\"item\":\"https:\\\/\\\/continent.lv\\\/\"},{\"@type\":\"ListItem\",\"position\":2,\"name\":\"Veikals\",\"item\":\"https:\\\/\\\/continent.lv\\\/shop\\\/\"},{\"@type\":\"ListItem\",\"position\":3,\"name\":\"Eleyus SLA52WH (SLA L16 200 52WH)\"}]},{\"@type\":\"WebSite\",\"@id\":\"https:\\\/\\\/continent.lv\\\/#website\",\"url\":\"https:\\\/\\\/continent.lv\\\/\",\"name\":\"Continent.lv\",\"description\":\"Sadz\u012bves pre\u010du internetveikals\",\"publisher\":{\"@id\":\"https:\\\/\\\/continent.lv\\\/#organization\"},\"potentialAction\":[{\"@type\":\"SearchAction\",\"target\":{\"@type\":\"EntryPoint\",\"urlTemplate\":\"https:\\\/\\\/continent.lv\\\/?s={search_term_string}\"},\"query-input\":{\"@type\":\"PropertyValueSpecification\",\"valueRequired\":true,\"valueName\":\"search_term_string\"}}],\"inLanguage\":\"ru-RU\"},{\"@type\":\"Organization\",\"@id\":\"https:\\\/\\\/continent.lv\\\/#organization\",\"name\":\"Continent.lv\",\"url\":\"https:\\\/\\\/continent.lv\\\/\",\"logo\":{\"@type\":\"ImageObject\",\"inLanguage\":\"ru-RU\",\"@id\":\"https:\\\/\\\/continent.lv\\\/#\\\/schema\\\/logo\\\/image\\\/\",\"url\":\"https:\\\/\\\/continent.lv\\\/wp-content\\\/uploads\\\/2026\\\/05\\\/logo_continent_5nwv-jh.jpg\",\"contentUrl\":\"https:\\\/\\\/continent.lv\\\/wp-content\\\/uploads\\\/2026\\\/05\\\/logo_continent_5nwv-jh.jpg\",\"width\":221,\"height\":50,\"caption\":\"Continent.lv\"},\"image\":{\"@id\":\"https:\\\/\\\/continent.lv\\\/#\\\/schema\\\/logo\\\/image\\\/\"}}]}<\/script>\n<!-- \/ Yoast SEO plugin. -->","yoast_head_json":{"title":"Eleyus SLA52WH (SLA L16 200 52WH) - Continent.lv","robots":{"index":"index","follow":"follow","max-snippet":"max-snippet:-1","max-image-preview":"max-image-preview:large","max-video-preview":"max-video-preview:-1"},"canonical":"https:\/\/continent.lv\/ru\/product\/eleyus-sla52wh-sla-l16-200-52wh\/","og_locale":"ru_RU","og_type":"article","og_title":"Eleyus SLA52WH (SLA L16 200 52WH) - Continent.lv","og_description":"Pre\u010du z\u012bme Eleyus Veids Piln\u012bb\u0101 ieb\u016bv\u0113jamsKr\u0101sa BaltaEnergoefektivit\u0101tes klase AHidrodinamisk\u0101s efektivit\u0101tes klase AApgaismojuma efektivit\u0101tes klase ATauku filtr\u0113\u0161anas efektivit\u0101tes klase EIzm\u0113ri, svarsAugstums 24.5 cmPlatums 52 cmDzi\u013cums 29.5 cmAtbilsto\u0161a skap\u012b\u0161a platums 60 cmVeiktsp\u0113jaNos\u016bk\u0161anas jauda 258 m\u00b3\/hMotoru skaits 1Vad\u012bbaVad\u012bba Sk\u0101rienvad\u012bba\u0100trumu skaits 3Citi parametriTrok\u0161\u0146a l\u012bmenis (dB) 60Apgaismojums 2 x 3 W, LEDFiltra veids Alum\u012bnijaMazg\u0101jamo met\u0101la filtru skaits 1","og_url":"https:\/\/continent.lv\/ru\/product\/eleyus-sla52wh-sla-l16-200-52wh\/","og_site_name":"Continent.lv","og_image":[{"width":1024,"height":645,"url":"https:\/\/continent.lv\/wp-content\/uploads\/2026\/04\/Eleyus_SLA_52_WH__SLA_L_16_200_52_WH.jpeg","type":"image\/jpeg"}],"twitter_card":"summary_large_image","schema":{"@context":"https:\/\/schema.org","@graph":[{"@type":"WebPage","@id":"https:\/\/continent.lv\/product\/eleyus-sla52wh-sla-l16-200-52wh\/","url":"https:\/\/continent.lv\/product\/eleyus-sla52wh-sla-l16-200-52wh\/","name":"Eleyus SLA52WH (SLA L16 200 52WH) - Continent.lv","isPartOf":{"@id":"https:\/\/continent.lv\/#website"},"primaryImageOfPage":{"@id":"https:\/\/continent.lv\/product\/eleyus-sla52wh-sla-l16-200-52wh\/#primaryimage"},"image":{"@id":"https:\/\/continent.lv\/product\/eleyus-sla52wh-sla-l16-200-52wh\/#primaryimage"},"thumbnailUrl":"https:\/\/continent.lv\/wp-content\/uploads\/2026\/04\/Eleyus_SLA_52_WH__SLA_L_16_200_52_WH.jpeg","datePublished":"2026-04-30T23:01:45+00:00","breadcrumb":{"@id":"https:\/\/continent.lv\/product\/eleyus-sla52wh-sla-l16-200-52wh\/#breadcrumb"},"inLanguage":"ru-RU","potentialAction":[{"@type":"ReadAction","target":["https:\/\/continent.lv\/product\/eleyus-sla52wh-sla-l16-200-52wh\/"]}]},{"@type":"ImageObject","inLanguage":"ru-RU","@id":"https:\/\/continent.lv\/product\/eleyus-sla52wh-sla-l16-200-52wh\/#primaryimage","url":"https:\/\/continent.lv\/wp-content\/uploads\/2026\/04\/Eleyus_SLA_52_WH__SLA_L_16_200_52_WH.jpeg","contentUrl":"https:\/\/continent.lv\/wp-content\/uploads\/2026\/04\/Eleyus_SLA_52_WH__SLA_L_16_200_52_WH.jpeg","width":1024,"height":645},{"@type":"BreadcrumbList","@id":"https:\/\/continent.lv\/product\/eleyus-sla52wh-sla-l16-200-52wh\/#breadcrumb","itemListElement":[{"@type":"ListItem","position":1,"name":"Home","item":"https:\/\/continent.lv\/"},{"@type":"ListItem","position":2,"name":"Veikals","item":"https:\/\/continent.lv\/shop\/"},{"@type":"ListItem","position":3,"name":"Eleyus SLA52WH (SLA L16 200 52WH)"}]},{"@type":"WebSite","@id":"https:\/\/continent.lv\/#website","url":"https:\/\/continent.lv\/","name":"Continent.lv","description":"Sadz\u012bves pre\u010du internetveikals","publisher":{"@id":"https:\/\/continent.lv\/#organization"},"potentialAction":[{"@type":"SearchAction","target":{"@type":"EntryPoint","urlTemplate":"https:\/\/continent.lv\/?s={search_term_string}"},"query-input":{"@type":"PropertyValueSpecification","valueRequired":true,"valueName":"search_term_string"}}],"inLanguage":"ru-RU"},{"@type":"Organization","@id":"https:\/\/continent.lv\/#organization","name":"Continent.lv","url":"https:\/\/continent.lv\/","logo":{"@type":"ImageObject","inLanguage":"ru-RU","@id":"https:\/\/continent.lv\/#\/schema\/logo\/image\/","url":"https:\/\/continent.lv\/wp-content\/uploads\/2026\/05\/logo_continent_5nwv-jh.jpg","contentUrl":"https:\/\/continent.lv\/wp-content\/uploads\/2026\/05\/logo_continent_5nwv-jh.jpg","width":221,"height":50,"caption":"Continent.lv"},"image":{"@id":"https:\/\/continent.lv\/#\/schema\/logo\/image\/"}}]}},"_links":{"self":[{"href":"https:\/\/continent.lv\/ru\/wp-json\/wp\/v2\/product\/26281","targetHints":{"allow":["GET"]}}],"collection":[{"href":"https:\/\/continent.lv\/ru\/wp-json\/wp\/v2\/product"}],"about":[{"href":"https:\/\/continent.lv\/ru\/wp-json\/wp\/v2\/types\/product"}],"replies":[{"embeddable":true,"href":"https:\/\/continent.lv\/ru\/wp-json\/wp\/v2\/comments?post=26281"}],"wp:featuredmedia":[{"embeddable":true,"href":"https:\/\/continent.lv\/ru\/wp-json\/wp\/v2\/media\/26275"}],"wp:attachment":[{"href":"https:\/\/continent.lv\/ru\/wp-json\/wp\/v2\/media?parent=26281"}],"wp:term":[{"taxonomy":"product_brand","embeddable":true,"href":"https:\/\/continent.lv\/ru\/wp-json\/wp\/v2\/product_brand?post=26281"},{"taxonomy":"product_cat","embeddable":true,"href":"https:\/\/continent.lv\/ru\/wp-json\/wp\/v2\/product_cat?post=26281"},{"taxonomy":"product_tag","embeddable":true,"href":"https:\/\/continent.lv\/ru\/wp-json\/wp\/v2\/product_tag?post=26281"}],"curies":[{"name":"wp","href":"https:\/\/api.w.org\/{rel}","templated":true}]}}