{"id":26255,"date":"2026-04-30T23:01:05","date_gmt":"2026-04-30T23:01:05","guid":{"rendered":"https:\/\/continent.lv\/product\/eleyus-tls50bl700-tls-l14-150-50bl-700\/"},"modified":"2026-04-30T23:01:05","modified_gmt":"2026-04-30T23:01:05","slug":"eleyus-tls50bl700-tls-l14-150-50bl-700","status":"publish","type":"product","link":"https:\/\/continent.lv\/ru\/product\/eleyus-tls50bl700-tls-l14-150-50bl-700\/","title":{"rendered":"Eleyus TLS50BL700 (TLS L14 150 50BL 700)"},"content":{"rendered":"<p>\u0422\u0438\u043f \u0432\u044b\u0442\u044f\u0436\u043a\u0438:\u00a0<\/p>\n<p>\u0412\u0441\u0442\u0440\u0430\u0438\u0432\u0430\u0435\u043c\u044b\u0439\u00a0\u00a0<br \/>\u041a\u043e\u043b\u0438\u0447\u0435\u0441\u0442\u0432\u043e \u043c\u043e\u0442\u043e\u0440\u043e\u0432:\u00a0<br \/>1\u00a0\u00a0<br \/>\u041f\u0440\u043e\u0438\u0437\u0432\u043e\u0434\u0438\u0442\u0435\u043b\u044c\u043d\u043e\u0441\u0442\u044c:\u00a0<br \/>355 \u043c3\/\u0447\u00a0\u00a0<br \/>\u0422\u0438\u043f \u043e\u0441\u0432\u0435\u0449\u0435\u043d\u0438\u044f:\u00a0<br \/>LED \u043b\u0430\u043c\u043f\u044b, 2 x3 \u0412\u0442\u00a0\u00a0<br \/>\u0423\u0440\u043e\u0432\u0435\u043d\u044c \u0448\u0443\u043c\u0430:\u00a0<br \/>50 \u2013 62 dB\u00a0\u00a0<br \/>\u0422\u0438\u043f \u0436\u0438\u0440\u043e\u0432\u043e\u0433\u043e \u0444\u0438\u043b\u044c\u0442\u0440\u0430:\u00a0<br \/>\u041c\u043e\u044e\u0449\u0438\u0439\u0441\u044f \u0430\u043b\u044e\u043c\u0438\u043d\u0438\u0435\u0432\u044b\u0439\u00a0\u00a0<br \/>\u0426\u0432\u0435\u0442:<br \/>\u0427\u0435\u0440\u043d\u044b\u0439\u00a0\u00a0<br \/>UZST\u0100D\u012a\u0160ANA<br \/>\u0421\u043f\u043e\u0441\u043e\u0431 \u0443\u0441\u0442\u0430\u043d\u043e\u0432\u043a\u0438 \u0432\u044b\u0442\u044f\u0436\u043a\u0438:\u00a0<br \/>\u0412\u0441\u0442\u0440\u0430\u0438\u0432\u0430\u0435\u043c\u044b\u0439\u00a0\u00a0<br \/>\u0420\u0435\u0436\u0438\u043c \u043e\u0442\u0432\u043e\u0434\u0430 \u0432\u043e\u0437\u0434\u0443\u0445\u0430:\u00a0<br \/>\u0415\u0441\u0442\u044c\u00a0\u00a0<br \/>\u0420\u0435\u0436\u0438\u043c \u0440\u0435\u0446\u0438\u0440\u043a\u0443\u043b\u044f\u0446\u0438\u0438:\u00a0<br \/>\u0415\u0441\u0442\u044c\u00a0\u00a0<br \/>\u0423\u0433\u043e\u043b\u044c\u043d\u044b\u0439 \u0444\u0438\u043b\u044c\u0442\u0440:\u00a0<br \/>\u041f\u0440\u043e\u0434\u0430\u0451\u0442\u0441\u044f \u043e\u0442\u0434\u0435\u043b\u044c\u043d\u043e\u00a0\u00a0<br \/>\u041a\u043e\u0434 \u0443\u0433\u043e\u043b\u044c\u043d\u043e\u0433\u043e \u0444\u0438\u043b\u044c\u0442\u0440\u0430:\u00a0<br \/>501851\u00a0\u00a0<br \/>VAD\u012aBA<br \/>\u0423\u043f\u0440\u0430\u0432\u043b\u0435\u043d\u0438\u0435:\u00a0<br \/>Meh\u0101nisk\u0101\u00a0\u00a0<br \/>\u041a\u043e\u043b\u0438\u0447\u0435\u0441\u0442\u0432\u043e \u0441\u043a\u043e\u0440\u043e\u0441\u0442\u0435\u0439:\u00a0<br \/>3\u00a0\u00a0<br \/>IZM\u0112RI<br \/>\u0420\u0430\u0437\u043c\u0435\u0440\u044b (\u0412x\u0428x\u0413):<br \/>17,8 \u0445 59,6 \u0445 27,6-45,00 \u0441\u043c\u00a0<\/p>\n<p>\u0412\u0441\u0442\u0440\u0430\u0438\u0432\u0430\u0435\u043c\u0430\u044f \u0432\u044b\u0442\u044f\u0436\u043a\u0430 \u0434\u043b\u044f \u0441\u043e\u0432\u0440\u0435\u043c\u0435\u043d\u043d\u043e\u0439 \u043a\u0443\u0445\u043d\u0438<br \/>\u0412\u0441\u0442\u0440\u0430\u0438\u0432\u0430\u0435\u043c\u0430\u044f \u0432\u044b\u0442\u044f\u0436\u043a\u0430 Eleyus TLS L 14 150 60 BL \u2014 \u043e\u0442\u043b\u0438\u0447\u043d\u044b\u0439 \u0432\u044b\u0431\u043e\u0440 \u0434\u043b\u044f \u043a\u043e\u043c\u043f\u0430\u043a\u0442\u043d\u043e\u0439 \u043a\u0443\u0445\u043d\u0438, \u043e\u0444\u043e\u0440\u043c\u043b\u0435\u043d\u043d\u043e\u0439 \u0432 \u0435\u0434\u0438\u043d\u043e\u043c \u0430\u0440\u0445\u0438\u0442\u0435\u043a\u0442\u0443\u0440\u043d\u043e\u043c \u0441\u0442\u0438\u043b\u0435. \u0412\u0441\u0442\u0440\u0430\u0438\u0432\u0430\u0435\u043c\u0430\u044f \u0432\u044b\u0442\u044f\u0436\u043a\u0430 Eleyus TLS L 14 150 60 BL \u0430\u043a\u043a\u0443\u0440\u0430\u0442\u043d\u043e \u00ab\u0441\u043f\u0440\u044f\u0447\u0435\u0442\u0441\u044f\u00bb \u0432 \u043a\u0443\u0445\u043e\u043d\u043d\u044b\u0445 \u0448\u043a\u0430\u0444\u0430\u0445 \u043d\u0430\u0434 \u043f\u043b\u0438\u0442\u043e\u0439, \u0438\u0434\u0435\u0430\u043b\u044c\u043d\u043e \u0432\u043f\u0438\u0441\u044b\u0432\u0430\u044f\u0441\u044c \u0432 \u0438\u043d\u0442\u0435\u0440\u044c\u0435\u0440 \u043a\u0443\u0445\u043d\u0438.<\/p>\n<p>\u0413\u0430\u0440\u0430\u043d\u0442\u0438\u044f \u0447\u0438\u0441\u0442\u043e\u0433\u043e \u0432\u043e\u0437\u0434\u0443\u0445\u0430 \u043d\u0430 \u0432\u0430\u0448\u0435\u0439 \u043a\u0443\u0445\u043d\u0435<br \/>Eleyus TLS L 14 150 60 BL tvaika nos\u016bc\u0113js \u2013 t\u0101 ir svaiga gaisa garantija J\u016bsu virtuv\u0113. Tvaika nos\u016bc\u0113js vienas stundas laik\u0101 atbr\u012bvo no nepat\u012bkam\u0101m smak\u0101m gaisu 355 m\u00b3 plat\u012bb\u0101 jeb 15-20 m2 lielu telpu. Eleyus TLS L 14 150 60 BL tvaika nos\u016bc\u0113js str\u0101d\u0101 \u2013 vien ar 50 \u2013 62 dB ska\u013cumu (sal\u012bdzin\u0101jumam: cilv\u0113ka \u010dukstu ska\u013cums ir 50 dB). Efekt\u012bvai darb\u012bbai tam j\u0101b\u016bt 65-85 cm virs pl\u012bts virsmas.<\/p>\n<p>\u041c\u043e\u044e\u0449\u0438\u0439\u0441\u044f \u0444\u0438\u043b\u044c\u0442\u0440 \u0438\u0437 \u043b\u0435\u0433\u043a\u043e\u0433\u043e \u043c\u0435\u0442\u0430\u043b\u043b\u0430<br \/>\u0412\u044b\u0442\u044f\u0436\u043a\u0430 Eleyus TLS L 14 150 60 BL \u0438 \u0435\u0451 \u043c\u0435\u0445\u0430\u043d\u0438\u0437\u043c \u0437\u0430\u0449\u0438\u0449\u0435\u043d\u044b \u043e\u0442 \u043c\u0435\u043b\u043a\u0438\u0445 \u0436\u0438\u0440\u043e\u0432\u044b\u0445 \u0447\u0430\u0441\u0442\u0438\u0446, \u043f\u043e\u043f\u0430\u0434\u0430\u044e\u0449\u0438\u0445 \u0432 \u0432\u043e\u0437\u0434\u0443\u0445 \u043f\u0440\u0438 \u043f\u0440\u0438\u0433\u043e\u0442\u043e\u0432\u043b\u0435\u043d\u0438\u0438 \u043f\u0438\u0449\u0438. \u042d\u0442\u043e \u0434\u043e\u0441\u0442\u0438\u0433\u0430\u0435\u0442\u0441\u044f \u0441 \u043f\u043e\u043c\u043e\u0449\u044c\u044e \u0436\u0438\u0440\u043e\u0432\u043e\u0433\u043e \u0430\u043b\u044e\u043c\u0438\u043d\u0438\u0435\u0432\u043e\u0433\u043e \u0444\u0438\u043b\u044c\u0442\u0440\u0430. \u0422\u0430\u043a\u043e\u0439 \u0444\u0438\u043b\u044c\u0442\u0440 \u043b\u0435\u0433\u043a\u043e \u043e\u0447\u0438\u0449\u0430\u0435\u0442\u0441\u044f \u0441 \u043f\u043e\u043c\u043e\u0449\u044c\u044e \u0432\u043e\u0434\u044b \u0438 \u043c\u043e\u044e\u0449\u0435\u0433\u043e \u0441\u0440\u0435\u0434\u0441\u0442\u0432\u0430, \u0431\u043b\u0430\u0433\u043e\u0434\u0430\u0440\u044f \u0447\u0435\u043c\u0443 \u0432\u044b\u0442\u044f\u0436\u043a\u0430 \u043f\u0440\u043e\u0441\u043b\u0443\u0436\u0438\u0442 \u043c\u043d\u043e\u0433\u043e \u043b\u0435\u0442.<\/p>\n<p>\u0420\u0435\u0446\u0438\u0440\u043a\u0443\u043b\u044f\u0446\u0438\u044f \u0432\u043e\u0437\u0434\u0443\u0445\u0430<br \/>\u0412\u044b\u0442\u044f\u0436\u043a\u0430 Eleyus TLS L 14 150 60 BL \u043e\u0447\u0438\u0449\u0430\u0435\u0442 \u0432\u043e\u0437\u0434\u0443\u0445 \u043f\u0440\u0438 \u043f\u043e\u043c\u043e\u0449\u0438 \u0443\u0433\u043e\u043b\u044c\u043d\u043e\u0433\u043e \u0444\u0438\u043b\u044c\u0442\u0440\u0430: \u0432\u043e\u0437\u0434\u0443\u0445 \u0438\u0437 \u043f\u043e\u043c\u0435\u0449\u0435\u043d\u0438\u044f \u043f\u0440\u043e\u0445\u043e\u0434\u0438\u0442 \u0447\u0435\u0440\u0435\u0437 \u0443\u0433\u043e\u043b\u044c\u043d\u044b\u0439 \u0444\u0438\u043b\u044c\u0442\u0440, \u043a\u043e\u0442\u043e\u0440\u044b\u0439 \u0443\u0441\u0442\u0440\u0430\u043d\u044f\u0435\u0442 \u0434\u044b\u043c \u0438 \u043d\u0435\u043f\u0440\u0438\u044f\u0442\u043d\u044b\u0435 \u0437\u0430\u043f\u0430\u0445\u0438, \u0430 \u0437\u0430\u0442\u0435\u043c \u0441\u0432\u0435\u0436\u0438\u0439 \u0432\u043e\u0437\u0434\u0443\u0445 \u0432\u043e\u0437\u0432\u0440\u0430\u0449\u0430\u0435\u0442\u0441\u044f \u043e\u0431\u0440\u0430\u0442\u043d\u043e \u043d\u0430 \u043a\u0443\u0445\u043d\u044e. \u0422\u0430\u043a\u0430\u044f \u043a\u043e\u043d\u0441\u0442\u0440\u0443\u043a\u0446\u0438\u044f \u043e\u0442\u043b\u0438\u0447\u043d\u043e \u043f\u043e\u0434\u0445\u043e\u0434\u0438\u0442 \u0434\u043b\u044f \u043f\u043e\u043c\u0435\u0449\u0435\u043d\u0438\u0439 \u0431\u0435\u0437 \u0432\u0435\u043d\u0442\u0438\u043b\u044f\u0446\u0438\u0438 \u0438\u043b\u0438 \u0433\u0434\u0435 \u0435\u0451 \u043d\u0435\u0432\u043e\u0437\u043c\u043e\u0436\u043d\u043e \u043e\u0440\u0433\u0430\u043d\u0438\u0437\u043e\u0432\u0430\u0442\u044c. \u0412\u044b\u0442\u044f\u0436\u043a\u0430 \u0441 \u0440\u0435\u0436\u0438\u043c\u043e\u043c \u0440\u0435\u0446\u0438\u0440\u043a\u0443\u043b\u044f\u0446\u0438\u0438 \u2014 \u0433\u0430\u0440\u0430\u043d\u0442\u0438\u044f \u0447\u0438\u0441\u0442\u043e\u0433\u043e \u0432\u043e\u0437\u0434\u0443\u0445\u0430 \u0432\u0430\u0448\u0435\u0439 \u043a\u0443\u0445\u043d\u0438.<\/p>\n<p><\/p>","protected":false},"excerpt":{"rendered":"<p>Tvaika nos\u016bc\u0113ja veids:\u00a0 Ieb\u016bv\u0113jams\u00a0\u00a0Motoru skaits:\u00a01\u00a0\u00a0Gaisa caurpl\u016bsma:\u00a0355 m3\/st\u00a0\u00a0Apgaismojuma tips:\u00a0LED lampas, 2 x3 W\u00a0\u00a0Trok\u0161\u0146a l\u012bmenis:\u00a050 \u2013 62 dB\u00a0\u00a0Tauku filtra veids:\u00a0Mazg\u0101jams alum\u012bnija\u00a0\u00a0Kr\u0101sa:Melna\u00a0\u00a0UZST\u0100D\u012a\u0160ANATvaika nos\u016bc\u0113ja uzst\u0101d\u012b\u0161anas veids:\u00a0Ieb\u016bv\u0113jams\u00a0\u00a0Gaisa izvades re\u017e\u012bms:\u00a0Ir\u00a0\u00a0Recirkul\u0101cijas re\u017e\u012bms:\u00a0Ir\u00a0\u00a0Oglek\u013ca filtrs:\u00a0Ieg\u0101d\u0101jams atsevi\u0161\u0137i\u00a0\u00a0Oglek\u013ca filtra kods:\u00a0501851\u00a0\u00a0VAD\u012aBAVad\u012bba:\u00a0Meh\u0101nisk\u0101\u00a0\u00a0\u0100trumu skaits:\u00a03\u00a0\u00a0IZM\u0112RIIzm\u0113ri (AxPxDz):17,8 \u0445 59,6 \u0445 27,6-45,00 cm\u00a0 Ieb\u016bv\u0113jams tvaika nos\u016bc\u0113js m\u016bsdien\u012bgai virtuveiIeb\u016bv\u0113jamais Eleyus TLS L 14 150 60 BL tvaika nos\u016bc\u0113js ir lielisks risin\u0101jums kompaktai virtuvei, [&hellip;]<\/p>\n","protected":false},"featured_media":26250,"comment_status":"open","ping_status":"closed","template":"","meta":{"_joinchat":[]},"product_brand":[],"product_cat":[298],"product_tag":[],"class_list":{"0":"post-26255","1":"product","2":"type-product","3":"status-publish","4":"has-post-thumbnail","6":"product_cat-iebuvejama-sadzives-tehnika-iebuvejamie-tvaika-nosuceji","8":"first","9":"instock","10":"shipping-taxable","11":"purchasable","12":"product-type-simple"},"yoast_head":"<!-- This site is optimized with the Yoast SEO plugin v27.5 - https:\/\/yoast.com\/product\/yoast-seo-wordpress\/ -->\n<title>Eleyus TLS50BL700 (TLS L14 150 50BL 700) - Continent.lv<\/title>\n<meta name=\"robots\" content=\"index, follow, max-snippet:-1, max-image-preview:large, max-video-preview:-1\" \/>\n<link rel=\"canonical\" href=\"https:\/\/continent.lv\/ru\/product\/eleyus-tls50bl700-tls-l14-150-50bl-700\/\" \/>\n<meta property=\"og:locale\" content=\"ru_RU\" \/>\n<meta property=\"og:type\" content=\"article\" \/>\n<meta property=\"og:title\" content=\"Eleyus TLS50BL700 (TLS L14 150 50BL 700) - Continent.lv\" \/>\n<meta property=\"og:description\" content=\"Tvaika nos\u016bc\u0113ja veids:\u00a0 Ieb\u016bv\u0113jams\u00a0\u00a0Motoru skaits:\u00a01\u00a0\u00a0Gaisa caurpl\u016bsma:\u00a0355 m3\/st\u00a0\u00a0Apgaismojuma tips:\u00a0LED lampas, 2 x3 W\u00a0\u00a0Trok\u0161\u0146a l\u012bmenis:\u00a050 \u2013 62 dB\u00a0\u00a0Tauku filtra veids:\u00a0Mazg\u0101jams alum\u012bnija\u00a0\u00a0Kr\u0101sa:Melna\u00a0\u00a0UZST\u0100D\u012a\u0160ANATvaika nos\u016bc\u0113ja uzst\u0101d\u012b\u0161anas veids:\u00a0Ieb\u016bv\u0113jams\u00a0\u00a0Gaisa izvades re\u017e\u012bms:\u00a0Ir\u00a0\u00a0Recirkul\u0101cijas re\u017e\u012bms:\u00a0Ir\u00a0\u00a0Oglek\u013ca filtrs:\u00a0Ieg\u0101d\u0101jams atsevi\u0161\u0137i\u00a0\u00a0Oglek\u013ca filtra kods:\u00a0501851\u00a0\u00a0VAD\u012aBAVad\u012bba:\u00a0Meh\u0101nisk\u0101\u00a0\u00a0\u0100trumu skaits:\u00a03\u00a0\u00a0IZM\u0112RIIzm\u0113ri (AxPxDz):17,8 \u0445 59,6 \u0445 27,6-45,00 cm\u00a0 Ieb\u016bv\u0113jams tvaika nos\u016bc\u0113js m\u016bsdien\u012bgai virtuveiIeb\u016bv\u0113jamais Eleyus TLS L 14 150 60 BL tvaika nos\u016bc\u0113js ir lielisks risin\u0101jums kompaktai virtuvei, [&hellip;]\" \/>\n<meta property=\"og:url\" content=\"https:\/\/continent.lv\/ru\/product\/eleyus-tls50bl700-tls-l14-150-50bl-700\/\" \/>\n<meta property=\"og:site_name\" content=\"Continent.lv\" \/>\n<meta property=\"og:image\" content=\"https:\/\/continent.lv\/wp-content\/uploads\/2026\/04\/TLS_L14_150_60_BL.jpg\" \/>\n\t<meta property=\"og:image:width\" content=\"2379\" \/>\n\t<meta property=\"og:image:height\" content=\"904\" \/>\n\t<meta property=\"og:image:type\" content=\"image\/jpeg\" \/>\n<meta name=\"twitter:card\" content=\"summary_large_image\" \/>\n<meta name=\"twitter:label1\" content=\"\u041f\u0440\u0438\u043c\u0435\u0440\u043d\u043e\u0435 \u0432\u0440\u0435\u043c\u044f \u0434\u043b\u044f \u0447\u0442\u0435\u043d\u0438\u044f\" \/>\n\t<meta name=\"twitter:data1\" content=\"2 \u043c\u0438\u043d\u0443\u0442\u044b\" \/>\n<script type=\"application\/ld+json\" class=\"yoast-schema-graph\">{\"@context\":\"https:\\\/\\\/schema.org\",\"@graph\":[{\"@type\":\"WebPage\",\"@id\":\"https:\\\/\\\/continent.lv\\\/product\\\/eleyus-tls50bl700-tls-l14-150-50bl-700\\\/\",\"url\":\"https:\\\/\\\/continent.lv\\\/product\\\/eleyus-tls50bl700-tls-l14-150-50bl-700\\\/\",\"name\":\"Eleyus TLS50BL700 (TLS L14 150 50BL 700) - Continent.lv\",\"isPartOf\":{\"@id\":\"https:\\\/\\\/continent.lv\\\/#website\"},\"primaryImageOfPage\":{\"@id\":\"https:\\\/\\\/continent.lv\\\/product\\\/eleyus-tls50bl700-tls-l14-150-50bl-700\\\/#primaryimage\"},\"image\":{\"@id\":\"https:\\\/\\\/continent.lv\\\/product\\\/eleyus-tls50bl700-tls-l14-150-50bl-700\\\/#primaryimage\"},\"thumbnailUrl\":\"https:\\\/\\\/continent.lv\\\/wp-content\\\/uploads\\\/2026\\\/04\\\/TLS_L14_150_60_BL.jpg\",\"datePublished\":\"2026-04-30T23:01:05+00:00\",\"breadcrumb\":{\"@id\":\"https:\\\/\\\/continent.lv\\\/product\\\/eleyus-tls50bl700-tls-l14-150-50bl-700\\\/#breadcrumb\"},\"inLanguage\":\"ru-RU\",\"potentialAction\":[{\"@type\":\"ReadAction\",\"target\":[\"https:\\\/\\\/continent.lv\\\/product\\\/eleyus-tls50bl700-tls-l14-150-50bl-700\\\/\"]}]},{\"@type\":\"ImageObject\",\"inLanguage\":\"ru-RU\",\"@id\":\"https:\\\/\\\/continent.lv\\\/product\\\/eleyus-tls50bl700-tls-l14-150-50bl-700\\\/#primaryimage\",\"url\":\"https:\\\/\\\/continent.lv\\\/wp-content\\\/uploads\\\/2026\\\/04\\\/TLS_L14_150_60_BL.jpg\",\"contentUrl\":\"https:\\\/\\\/continent.lv\\\/wp-content\\\/uploads\\\/2026\\\/04\\\/TLS_L14_150_60_BL.jpg\",\"width\":2379,\"height\":904},{\"@type\":\"BreadcrumbList\",\"@id\":\"https:\\\/\\\/continent.lv\\\/product\\\/eleyus-tls50bl700-tls-l14-150-50bl-700\\\/#breadcrumb\",\"itemListElement\":[{\"@type\":\"ListItem\",\"position\":1,\"name\":\"Home\",\"item\":\"https:\\\/\\\/continent.lv\\\/\"},{\"@type\":\"ListItem\",\"position\":2,\"name\":\"Veikals\",\"item\":\"https:\\\/\\\/continent.lv\\\/shop\\\/\"},{\"@type\":\"ListItem\",\"position\":3,\"name\":\"Eleyus TLS50BL700 (TLS L14 150 50BL 700)\"}]},{\"@type\":\"WebSite\",\"@id\":\"https:\\\/\\\/continent.lv\\\/#website\",\"url\":\"https:\\\/\\\/continent.lv\\\/\",\"name\":\"Continent.lv\",\"description\":\"Sadz\u012bves pre\u010du internetveikals\",\"publisher\":{\"@id\":\"https:\\\/\\\/continent.lv\\\/#organization\"},\"potentialAction\":[{\"@type\":\"SearchAction\",\"target\":{\"@type\":\"EntryPoint\",\"urlTemplate\":\"https:\\\/\\\/continent.lv\\\/?s={search_term_string}\"},\"query-input\":{\"@type\":\"PropertyValueSpecification\",\"valueRequired\":true,\"valueName\":\"search_term_string\"}}],\"inLanguage\":\"ru-RU\"},{\"@type\":\"Organization\",\"@id\":\"https:\\\/\\\/continent.lv\\\/#organization\",\"name\":\"Continent.lv\",\"url\":\"https:\\\/\\\/continent.lv\\\/\",\"logo\":{\"@type\":\"ImageObject\",\"inLanguage\":\"ru-RU\",\"@id\":\"https:\\\/\\\/continent.lv\\\/#\\\/schema\\\/logo\\\/image\\\/\",\"url\":\"https:\\\/\\\/continent.lv\\\/wp-content\\\/uploads\\\/2026\\\/05\\\/logo_continent_5nwv-jh.jpg\",\"contentUrl\":\"https:\\\/\\\/continent.lv\\\/wp-content\\\/uploads\\\/2026\\\/05\\\/logo_continent_5nwv-jh.jpg\",\"width\":221,\"height\":50,\"caption\":\"Continent.lv\"},\"image\":{\"@id\":\"https:\\\/\\\/continent.lv\\\/#\\\/schema\\\/logo\\\/image\\\/\"}}]}<\/script>\n<!-- \/ Yoast SEO plugin. -->","yoast_head_json":{"title":"Eleyus TLS50BL700 (TLS L14 150 50BL 700) - Continent.lv","robots":{"index":"index","follow":"follow","max-snippet":"max-snippet:-1","max-image-preview":"max-image-preview:large","max-video-preview":"max-video-preview:-1"},"canonical":"https:\/\/continent.lv\/ru\/product\/eleyus-tls50bl700-tls-l14-150-50bl-700\/","og_locale":"ru_RU","og_type":"article","og_title":"Eleyus TLS50BL700 (TLS L14 150 50BL 700) - Continent.lv","og_description":"Tvaika nos\u016bc\u0113ja veids:\u00a0 Ieb\u016bv\u0113jams\u00a0\u00a0Motoru skaits:\u00a01\u00a0\u00a0Gaisa caurpl\u016bsma:\u00a0355 m3\/st\u00a0\u00a0Apgaismojuma tips:\u00a0LED lampas, 2 x3 W\u00a0\u00a0Trok\u0161\u0146a l\u012bmenis:\u00a050 \u2013 62 dB\u00a0\u00a0Tauku filtra veids:\u00a0Mazg\u0101jams alum\u012bnija\u00a0\u00a0Kr\u0101sa:Melna\u00a0\u00a0UZST\u0100D\u012a\u0160ANATvaika nos\u016bc\u0113ja uzst\u0101d\u012b\u0161anas veids:\u00a0Ieb\u016bv\u0113jams\u00a0\u00a0Gaisa izvades re\u017e\u012bms:\u00a0Ir\u00a0\u00a0Recirkul\u0101cijas re\u017e\u012bms:\u00a0Ir\u00a0\u00a0Oglek\u013ca filtrs:\u00a0Ieg\u0101d\u0101jams atsevi\u0161\u0137i\u00a0\u00a0Oglek\u013ca filtra kods:\u00a0501851\u00a0\u00a0VAD\u012aBAVad\u012bba:\u00a0Meh\u0101nisk\u0101\u00a0\u00a0\u0100trumu skaits:\u00a03\u00a0\u00a0IZM\u0112RIIzm\u0113ri (AxPxDz):17,8 \u0445 59,6 \u0445 27,6-45,00 cm\u00a0 Ieb\u016bv\u0113jams tvaika nos\u016bc\u0113js m\u016bsdien\u012bgai virtuveiIeb\u016bv\u0113jamais Eleyus TLS L 14 150 60 BL tvaika nos\u016bc\u0113js ir lielisks risin\u0101jums kompaktai virtuvei, [&hellip;]","og_url":"https:\/\/continent.lv\/ru\/product\/eleyus-tls50bl700-tls-l14-150-50bl-700\/","og_site_name":"Continent.lv","og_image":[{"width":2379,"height":904,"url":"https:\/\/continent.lv\/wp-content\/uploads\/2026\/04\/TLS_L14_150_60_BL.jpg","type":"image\/jpeg"}],"twitter_card":"summary_large_image","twitter_misc":{"\u041f\u0440\u0438\u043c\u0435\u0440\u043d\u043e\u0435 \u0432\u0440\u0435\u043c\u044f \u0434\u043b\u044f \u0447\u0442\u0435\u043d\u0438\u044f":"2 \u043c\u0438\u043d\u0443\u0442\u044b"},"schema":{"@context":"https:\/\/schema.org","@graph":[{"@type":"WebPage","@id":"https:\/\/continent.lv\/product\/eleyus-tls50bl700-tls-l14-150-50bl-700\/","url":"https:\/\/continent.lv\/product\/eleyus-tls50bl700-tls-l14-150-50bl-700\/","name":"Eleyus TLS50BL700 (TLS L14 150 50BL 700) - Continent.lv","isPartOf":{"@id":"https:\/\/continent.lv\/#website"},"primaryImageOfPage":{"@id":"https:\/\/continent.lv\/product\/eleyus-tls50bl700-tls-l14-150-50bl-700\/#primaryimage"},"image":{"@id":"https:\/\/continent.lv\/product\/eleyus-tls50bl700-tls-l14-150-50bl-700\/#primaryimage"},"thumbnailUrl":"https:\/\/continent.lv\/wp-content\/uploads\/2026\/04\/TLS_L14_150_60_BL.jpg","datePublished":"2026-04-30T23:01:05+00:00","breadcrumb":{"@id":"https:\/\/continent.lv\/product\/eleyus-tls50bl700-tls-l14-150-50bl-700\/#breadcrumb"},"inLanguage":"ru-RU","potentialAction":[{"@type":"ReadAction","target":["https:\/\/continent.lv\/product\/eleyus-tls50bl700-tls-l14-150-50bl-700\/"]}]},{"@type":"ImageObject","inLanguage":"ru-RU","@id":"https:\/\/continent.lv\/product\/eleyus-tls50bl700-tls-l14-150-50bl-700\/#primaryimage","url":"https:\/\/continent.lv\/wp-content\/uploads\/2026\/04\/TLS_L14_150_60_BL.jpg","contentUrl":"https:\/\/continent.lv\/wp-content\/uploads\/2026\/04\/TLS_L14_150_60_BL.jpg","width":2379,"height":904},{"@type":"BreadcrumbList","@id":"https:\/\/continent.lv\/product\/eleyus-tls50bl700-tls-l14-150-50bl-700\/#breadcrumb","itemListElement":[{"@type":"ListItem","position":1,"name":"Home","item":"https:\/\/continent.lv\/"},{"@type":"ListItem","position":2,"name":"Veikals","item":"https:\/\/continent.lv\/shop\/"},{"@type":"ListItem","position":3,"name":"Eleyus TLS50BL700 (TLS L14 150 50BL 700)"}]},{"@type":"WebSite","@id":"https:\/\/continent.lv\/#website","url":"https:\/\/continent.lv\/","name":"Continent.lv","description":"Sadz\u012bves pre\u010du internetveikals","publisher":{"@id":"https:\/\/continent.lv\/#organization"},"potentialAction":[{"@type":"SearchAction","target":{"@type":"EntryPoint","urlTemplate":"https:\/\/continent.lv\/?s={search_term_string}"},"query-input":{"@type":"PropertyValueSpecification","valueRequired":true,"valueName":"search_term_string"}}],"inLanguage":"ru-RU"},{"@type":"Organization","@id":"https:\/\/continent.lv\/#organization","name":"Continent.lv","url":"https:\/\/continent.lv\/","logo":{"@type":"ImageObject","inLanguage":"ru-RU","@id":"https:\/\/continent.lv\/#\/schema\/logo\/image\/","url":"https:\/\/continent.lv\/wp-content\/uploads\/2026\/05\/logo_continent_5nwv-jh.jpg","contentUrl":"https:\/\/continent.lv\/wp-content\/uploads\/2026\/05\/logo_continent_5nwv-jh.jpg","width":221,"height":50,"caption":"Continent.lv"},"image":{"@id":"https:\/\/continent.lv\/#\/schema\/logo\/image\/"}}]}},"_links":{"self":[{"href":"https:\/\/continent.lv\/ru\/wp-json\/wp\/v2\/product\/26255","targetHints":{"allow":["GET"]}}],"collection":[{"href":"https:\/\/continent.lv\/ru\/wp-json\/wp\/v2\/product"}],"about":[{"href":"https:\/\/continent.lv\/ru\/wp-json\/wp\/v2\/types\/product"}],"replies":[{"embeddable":true,"href":"https:\/\/continent.lv\/ru\/wp-json\/wp\/v2\/comments?post=26255"}],"wp:featuredmedia":[{"embeddable":true,"href":"https:\/\/continent.lv\/ru\/wp-json\/wp\/v2\/media\/26250"}],"wp:attachment":[{"href":"https:\/\/continent.lv\/ru\/wp-json\/wp\/v2\/media?parent=26255"}],"wp:term":[{"taxonomy":"product_brand","embeddable":true,"href":"https:\/\/continent.lv\/ru\/wp-json\/wp\/v2\/product_brand?post=26255"},{"taxonomy":"product_cat","embeddable":true,"href":"https:\/\/continent.lv\/ru\/wp-json\/wp\/v2\/product_cat?post=26255"},{"taxonomy":"product_tag","embeddable":true,"href":"https:\/\/continent.lv\/ru\/wp-json\/wp\/v2\/product_tag?post=26255"}],"curies":[{"name":"wp","href":"https:\/\/api.w.org\/{rel}","templated":true}]}}