{"id":26236,"date":"2026-04-30T23:00:28","date_gmt":"2026-04-30T23:00:28","guid":{"rendered":"https:\/\/continent.lv\/product\/aeg-te7pb63zab\/"},"modified":"2026-04-30T23:00:28","modified_gmt":"2026-04-30T23:00:28","slug":"aeg-te7pb63zab","status":"publish","type":"product","link":"https:\/\/continent.lv\/ru\/product\/aeg-te7pb63zab\/","title":{"rendered":"AEG TE7PB63ZAB"},"content":{"rendered":"<p> \u041e\u0431\u0449\u0438\u0435 \u043f\u0430\u0440\u0430\u043c\u0435\u0442\u0440\u044b<\/p>\n<p>Produkta veids\u00a0 \u00a0 \u00a0Cepe\u0161kr\u0101snis<br \/>Z\u012bmols\u00a0 \u00a0 \u00a0AEG<br \/>S\u0113rija\u00a0 \u00a0 \u00a07000 s\u0113rija<br \/>Kolekcija\u00a0 \u00a0 \u00a0MealAssist<br \/>Modelis\u00a0 \u00a0 \u00a0TE7PB63ZAB<br \/>Jauda\u00a0 \u00a0 3500 W<br \/>Ar apgaismojumu\u00a0 \u00a0 J\u0101<br \/>Kr\u0101sa\u00a0 \u00a0 \u00a0Melna<br \/>Stils\u00a0 \u00a0 \u00a0Moderns<br \/>Elektroapg\u0101de\u00a0 \u00a0 \u00a0Elektrisk\u0101 t\u012bkla<br \/>\u042d\u043d\u0435\u0440\u0433\u043e\u043f\u043e\u0442\u0440\u0435\u0431\u043b\u0435\u043d\u0438\u0435<br \/>Energoefektivit\u0101tes klase\u00a0 \u00a0 A++<br \/>Energoefektivit\u0101tes kla\u0161u skala\u00a0 \u00a0 \u00a0A+++ \u2013 D<br \/>Elektroener\u0123ijas pat\u0113ri\u0146\u0161, kWh\/h\u00a0 \u00a0 \u00a01.09<br \/>Ener\u0123ijas pat\u0113ri\u0146\u0161 ar ventilatoru, kWh\u00a0 \u00a0 \u00a00.52<br \/>\u0423\u043f\u0440\u0430\u0432\u043b\u0435\u043d\u0438\u0435<br \/>Ekr\u0101ns\u00a0 \u00a0 \u00a0J\u0101<br \/>Vad\u012bba\u00a0 \u00a0 Sensoru<br \/>Taimeris\u00a0 \u00a0 J\u0101<br \/>Temperat\u016bras regul\u0113\u0161ana\u00a0 \u00a0 \u00a0J\u0101<br \/>\u0424\u0443\u043d\u043a\u0446\u0438\u0438 \u0434\u0443\u0445\u043e\u0432\u043e\u0433\u043e \u0448\u043a\u0430\u0444\u0430<br \/>Cepe\u0161kr\u0101sns veids\u00a0 \u00a0 Elektrisk\u0101<br \/>Kr\u0101sns tilpums\u00a0 \u00a0 71 l<br \/>Cepe\u0161kr\u0101sns funkcijas\u00a0 \u00a0 \u00a0Saglab\u0101\u0161ana, Dehidrat\u0101cija, Pannas uzkars\u0113\u0161ana, Atsald\u0113t, Sacepums, L\u0113na gatavo\u0161ana, Uztur\u0113t siltumu, Cep\u0161ana ar mitrumu un ventilatoru, Grill, Turbo gril\u0113\u0161ana, Pilna ventilatora izmanto\u0161ana, Sald\u0113ti p\u0101rtikas produkti, Standarta\/tradicion\u0101l\u0101 \u0113diena gatavo\u0161ana, Picas iestat\u012bjums, Apak\u0161as kars\u0113\u0161ana, Maizes cep\u0161ana, M\u012bklas raudz\u0113\u0161ana<br \/>Cepe\u0161kr\u0101sns durvju stiklu skaits\u00a0 \u00a0 4<br \/>Cepe\u0161kr\u0101sns maksim\u0101l\u0101 temperat\u016bra\u00a0 \u00a0 300 \u00b0C<br \/>Grils\u00a0 \u00a0 J\u0101<br \/>Konvekcija\u00a0 \u00a0 N\u0113<br \/>Termostats\u00a0 \u00a0 \u00a0N\u0113<br \/>Cep\u0161anas termometrs\u00a0 \u00a0 J\u0101<br \/>\u0411\u0435\u0437\u043e\u043f\u0430\u0441\u043d\u043e\u0441\u0442\u044c<br \/>B\u0113rnu dro\u0161\u012bbas funkcija\u00a0 \u00a0 J\u0101<br \/>\u041a\u043e\u043c\u043f\u043b\u0435\u043a\u0442\u0430\u0446\u0438\u044f<br \/>Teleskopisk\u0101s vadotnes\u00a0 \u00a0 1 l\u012bme\u0146a<br \/>Cep\u0161anas palikt\u0146u skaits\u00a0 \u00a0 1<br \/>\u0420\u0430\u0437\u043c\u0435\u0440\u044b<br \/>Platums\u00a0 \u00a0 \u00a056 cm<br \/>Dzi\u013cums\u00a0 \u00a0 \u00a055 cm<br \/>Augstums\u00a0 \u00a0 \u00a059 cm<br \/>\u0414\u043e\u043f\u043e\u043b\u043d\u0438\u0442\u0435\u043b\u044c\u043d\u043e<br \/>Korpusa materi\u0101ls\u00a0 \u00a0 \u00a0Ner\u016bs\u0113jo\u0161ais t\u0113rauds, Stikls<br \/>T\u012br\u012b\u0161anas veids\u00a0 \u00a0 Pirol\u012bzes staru pa\u0161att\u012br\u012b\u0161an\u0101s sist\u0113ma<br \/>Re\u017e\u0123u skaits\u00a0 \u00a0 1<br \/>Piesl\u0113guma kabelis\u00a0 \u00a0 \u00a0J\u0101\u00a0<\/p><\/p>","protected":false},"excerpt":{"rendered":"<p>Kop\u0113jie parametri Produkta veids\u00a0 \u00a0 \u00a0Cepe\u0161kr\u0101snisZ\u012bmols\u00a0 \u00a0 \u00a0AEGS\u0113rija\u00a0 \u00a0 \u00a07000 s\u0113rijaKolekcija\u00a0 \u00a0 \u00a0MealAssistModelis\u00a0 \u00a0 \u00a0TE7PB63ZABJauda\u00a0 \u00a0 3500 WAr apgaismojumu\u00a0 \u00a0 J\u0101Kr\u0101sa\u00a0 \u00a0 \u00a0MelnaStils\u00a0 \u00a0 \u00a0ModernsElektroapg\u0101de\u00a0 \u00a0 \u00a0Elektrisk\u0101 t\u012bklaEner\u0123ijas pat\u0113ri\u0146\u0161Energoefektivit\u0101tes klase\u00a0 \u00a0 A++Energoefektivit\u0101tes kla\u0161u skala\u00a0 \u00a0 \u00a0A+++ \u2013 DElektroener\u0123ijas pat\u0113ri\u0146\u0161, kWh\/h\u00a0 \u00a0 \u00a01.09Ener\u0123ijas pat\u0113ri\u0146\u0161 ar ventilatoru, kWh\u00a0 \u00a0 \u00a00.52Vad\u012bbaEkr\u0101ns\u00a0 \u00a0 \u00a0J\u0101Vad\u012bba\u00a0 \u00a0 SensoruTaimeris\u00a0 \u00a0 J\u0101Temperat\u016bras regul\u0113\u0161ana\u00a0 [&hellip;]<\/p>\n","protected":false},"featured_media":26228,"comment_status":"open","ping_status":"closed","template":"","meta":{"_joinchat":[]},"product_brand":[262],"product_cat":[266],"product_tag":[],"class_list":{"0":"post-26236","1":"product","2":"type-product","3":"status-publish","4":"has-post-thumbnail","6":"product_brand-aeg","7":"product_cat-iebuvejama-sadzives-tehnika-iebuvejamas-cepeskrasnis","9":"first","10":"instock","11":"shipping-taxable","12":"purchasable","13":"product-type-simple"},"yoast_head":"<!-- This site is optimized with the Yoast SEO plugin v27.5 - https:\/\/yoast.com\/product\/yoast-seo-wordpress\/ -->\n<title>AEG TE7PB63ZAB - Continent.lv<\/title>\n<meta name=\"robots\" content=\"index, follow, max-snippet:-1, max-image-preview:large, max-video-preview:-1\" \/>\n<link rel=\"canonical\" href=\"https:\/\/continent.lv\/ru\/product\/aeg-te7pb63zab\/\" \/>\n<meta property=\"og:locale\" content=\"ru_RU\" \/>\n<meta property=\"og:type\" content=\"article\" \/>\n<meta property=\"og:title\" content=\"AEG TE7PB63ZAB - Continent.lv\" \/>\n<meta property=\"og:description\" content=\"Kop\u0113jie parametri Produkta veids\u00a0 \u00a0 \u00a0Cepe\u0161kr\u0101snisZ\u012bmols\u00a0 \u00a0 \u00a0AEGS\u0113rija\u00a0 \u00a0 \u00a07000 s\u0113rijaKolekcija\u00a0 \u00a0 \u00a0MealAssistModelis\u00a0 \u00a0 \u00a0TE7PB63ZABJauda\u00a0 \u00a0 3500 WAr apgaismojumu\u00a0 \u00a0 J\u0101Kr\u0101sa\u00a0 \u00a0 \u00a0MelnaStils\u00a0 \u00a0 \u00a0ModernsElektroapg\u0101de\u00a0 \u00a0 \u00a0Elektrisk\u0101 t\u012bklaEner\u0123ijas pat\u0113ri\u0146\u0161Energoefektivit\u0101tes klase\u00a0 \u00a0 A++Energoefektivit\u0101tes kla\u0161u skala\u00a0 \u00a0 \u00a0A+++ \u2013 DElektroener\u0123ijas pat\u0113ri\u0146\u0161, kWh\/h\u00a0 \u00a0 \u00a01.09Ener\u0123ijas pat\u0113ri\u0146\u0161 ar ventilatoru, kWh\u00a0 \u00a0 \u00a00.52Vad\u012bbaEkr\u0101ns\u00a0 \u00a0 \u00a0J\u0101Vad\u012bba\u00a0 \u00a0 SensoruTaimeris\u00a0 \u00a0 J\u0101Temperat\u016bras regul\u0113\u0161ana\u00a0 [&hellip;]\" \/>\n<meta property=\"og:url\" content=\"https:\/\/continent.lv\/ru\/product\/aeg-te7pb63zab\/\" \/>\n<meta property=\"og:site_name\" content=\"Continent.lv\" \/>\n<meta property=\"og:image\" content=\"https:\/\/continent.lv\/wp-content\/uploads\/2026\/04\/21_tfw0-u7.jpeg\" \/>\n\t<meta property=\"og:image:width\" content=\"2000\" \/>\n\t<meta property=\"og:image:height\" content=\"2000\" \/>\n\t<meta property=\"og:image:type\" content=\"image\/jpeg\" \/>\n<meta name=\"twitter:card\" content=\"summary_large_image\" \/>\n<meta name=\"twitter:label1\" content=\"\u041f\u0440\u0438\u043c\u0435\u0440\u043d\u043e\u0435 \u0432\u0440\u0435\u043c\u044f \u0434\u043b\u044f \u0447\u0442\u0435\u043d\u0438\u044f\" \/>\n\t<meta name=\"twitter:data1\" content=\"2 \u043c\u0438\u043d\u0443\u0442\u044b\" \/>\n<script type=\"application\/ld+json\" class=\"yoast-schema-graph\">{\"@context\":\"https:\\\/\\\/schema.org\",\"@graph\":[{\"@type\":\"WebPage\",\"@id\":\"https:\\\/\\\/continent.lv\\\/product\\\/aeg-te7pb63zab\\\/\",\"url\":\"https:\\\/\\\/continent.lv\\\/product\\\/aeg-te7pb63zab\\\/\",\"name\":\"AEG TE7PB63ZAB - Continent.lv\",\"isPartOf\":{\"@id\":\"https:\\\/\\\/continent.lv\\\/#website\"},\"primaryImageOfPage\":{\"@id\":\"https:\\\/\\\/continent.lv\\\/product\\\/aeg-te7pb63zab\\\/#primaryimage\"},\"image\":{\"@id\":\"https:\\\/\\\/continent.lv\\\/product\\\/aeg-te7pb63zab\\\/#primaryimage\"},\"thumbnailUrl\":\"https:\\\/\\\/continent.lv\\\/wp-content\\\/uploads\\\/2026\\\/04\\\/21_tfw0-u7.jpeg\",\"datePublished\":\"2026-04-30T23:00:28+00:00\",\"breadcrumb\":{\"@id\":\"https:\\\/\\\/continent.lv\\\/product\\\/aeg-te7pb63zab\\\/#breadcrumb\"},\"inLanguage\":\"ru-RU\",\"potentialAction\":[{\"@type\":\"ReadAction\",\"target\":[\"https:\\\/\\\/continent.lv\\\/product\\\/aeg-te7pb63zab\\\/\"]}]},{\"@type\":\"ImageObject\",\"inLanguage\":\"ru-RU\",\"@id\":\"https:\\\/\\\/continent.lv\\\/product\\\/aeg-te7pb63zab\\\/#primaryimage\",\"url\":\"https:\\\/\\\/continent.lv\\\/wp-content\\\/uploads\\\/2026\\\/04\\\/21_tfw0-u7.jpeg\",\"contentUrl\":\"https:\\\/\\\/continent.lv\\\/wp-content\\\/uploads\\\/2026\\\/04\\\/21_tfw0-u7.jpeg\",\"width\":2000,\"height\":2000},{\"@type\":\"BreadcrumbList\",\"@id\":\"https:\\\/\\\/continent.lv\\\/product\\\/aeg-te7pb63zab\\\/#breadcrumb\",\"itemListElement\":[{\"@type\":\"ListItem\",\"position\":1,\"name\":\"Home\",\"item\":\"https:\\\/\\\/continent.lv\\\/\"},{\"@type\":\"ListItem\",\"position\":2,\"name\":\"Veikals\",\"item\":\"https:\\\/\\\/continent.lv\\\/shop\\\/\"},{\"@type\":\"ListItem\",\"position\":3,\"name\":\"AEG TE7PB63ZAB\"}]},{\"@type\":\"WebSite\",\"@id\":\"https:\\\/\\\/continent.lv\\\/#website\",\"url\":\"https:\\\/\\\/continent.lv\\\/\",\"name\":\"Continent.lv\",\"description\":\"Sadz\u012bves pre\u010du internetveikals\",\"publisher\":{\"@id\":\"https:\\\/\\\/continent.lv\\\/#organization\"},\"potentialAction\":[{\"@type\":\"SearchAction\",\"target\":{\"@type\":\"EntryPoint\",\"urlTemplate\":\"https:\\\/\\\/continent.lv\\\/?s={search_term_string}\"},\"query-input\":{\"@type\":\"PropertyValueSpecification\",\"valueRequired\":true,\"valueName\":\"search_term_string\"}}],\"inLanguage\":\"ru-RU\"},{\"@type\":\"Organization\",\"@id\":\"https:\\\/\\\/continent.lv\\\/#organization\",\"name\":\"Continent.lv\",\"url\":\"https:\\\/\\\/continent.lv\\\/\",\"logo\":{\"@type\":\"ImageObject\",\"inLanguage\":\"ru-RU\",\"@id\":\"https:\\\/\\\/continent.lv\\\/#\\\/schema\\\/logo\\\/image\\\/\",\"url\":\"https:\\\/\\\/continent.lv\\\/wp-content\\\/uploads\\\/2026\\\/05\\\/logo_continent_5nwv-jh.jpg\",\"contentUrl\":\"https:\\\/\\\/continent.lv\\\/wp-content\\\/uploads\\\/2026\\\/05\\\/logo_continent_5nwv-jh.jpg\",\"width\":221,\"height\":50,\"caption\":\"Continent.lv\"},\"image\":{\"@id\":\"https:\\\/\\\/continent.lv\\\/#\\\/schema\\\/logo\\\/image\\\/\"}}]}<\/script>\n<!-- \/ Yoast SEO plugin. -->","yoast_head_json":{"title":"AEG TE7PB63ZAB - Continent.lv","robots":{"index":"index","follow":"follow","max-snippet":"max-snippet:-1","max-image-preview":"max-image-preview:large","max-video-preview":"max-video-preview:-1"},"canonical":"https:\/\/continent.lv\/ru\/product\/aeg-te7pb63zab\/","og_locale":"ru_RU","og_type":"article","og_title":"AEG TE7PB63ZAB - Continent.lv","og_description":"Kop\u0113jie parametri Produkta veids\u00a0 \u00a0 \u00a0Cepe\u0161kr\u0101snisZ\u012bmols\u00a0 \u00a0 \u00a0AEGS\u0113rija\u00a0 \u00a0 \u00a07000 s\u0113rijaKolekcija\u00a0 \u00a0 \u00a0MealAssistModelis\u00a0 \u00a0 \u00a0TE7PB63ZABJauda\u00a0 \u00a0 3500 WAr apgaismojumu\u00a0 \u00a0 J\u0101Kr\u0101sa\u00a0 \u00a0 \u00a0MelnaStils\u00a0 \u00a0 \u00a0ModernsElektroapg\u0101de\u00a0 \u00a0 \u00a0Elektrisk\u0101 t\u012bklaEner\u0123ijas pat\u0113ri\u0146\u0161Energoefektivit\u0101tes klase\u00a0 \u00a0 A++Energoefektivit\u0101tes kla\u0161u skala\u00a0 \u00a0 \u00a0A+++ \u2013 DElektroener\u0123ijas pat\u0113ri\u0146\u0161, kWh\/h\u00a0 \u00a0 \u00a01.09Ener\u0123ijas pat\u0113ri\u0146\u0161 ar ventilatoru, kWh\u00a0 \u00a0 \u00a00.52Vad\u012bbaEkr\u0101ns\u00a0 \u00a0 \u00a0J\u0101Vad\u012bba\u00a0 \u00a0 SensoruTaimeris\u00a0 \u00a0 J\u0101Temperat\u016bras regul\u0113\u0161ana\u00a0 [&hellip;]","og_url":"https:\/\/continent.lv\/ru\/product\/aeg-te7pb63zab\/","og_site_name":"Continent.lv","og_image":[{"width":2000,"height":2000,"url":"https:\/\/continent.lv\/wp-content\/uploads\/2026\/04\/21_tfw0-u7.jpeg","type":"image\/jpeg"}],"twitter_card":"summary_large_image","twitter_misc":{"\u041f\u0440\u0438\u043c\u0435\u0440\u043d\u043e\u0435 \u0432\u0440\u0435\u043c\u044f \u0434\u043b\u044f \u0447\u0442\u0435\u043d\u0438\u044f":"2 \u043c\u0438\u043d\u0443\u0442\u044b"},"schema":{"@context":"https:\/\/schema.org","@graph":[{"@type":"WebPage","@id":"https:\/\/continent.lv\/product\/aeg-te7pb63zab\/","url":"https:\/\/continent.lv\/product\/aeg-te7pb63zab\/","name":"AEG TE7PB63ZAB - Continent.lv","isPartOf":{"@id":"https:\/\/continent.lv\/#website"},"primaryImageOfPage":{"@id":"https:\/\/continent.lv\/product\/aeg-te7pb63zab\/#primaryimage"},"image":{"@id":"https:\/\/continent.lv\/product\/aeg-te7pb63zab\/#primaryimage"},"thumbnailUrl":"https:\/\/continent.lv\/wp-content\/uploads\/2026\/04\/21_tfw0-u7.jpeg","datePublished":"2026-04-30T23:00:28+00:00","breadcrumb":{"@id":"https:\/\/continent.lv\/product\/aeg-te7pb63zab\/#breadcrumb"},"inLanguage":"ru-RU","potentialAction":[{"@type":"ReadAction","target":["https:\/\/continent.lv\/product\/aeg-te7pb63zab\/"]}]},{"@type":"ImageObject","inLanguage":"ru-RU","@id":"https:\/\/continent.lv\/product\/aeg-te7pb63zab\/#primaryimage","url":"https:\/\/continent.lv\/wp-content\/uploads\/2026\/04\/21_tfw0-u7.jpeg","contentUrl":"https:\/\/continent.lv\/wp-content\/uploads\/2026\/04\/21_tfw0-u7.jpeg","width":2000,"height":2000},{"@type":"BreadcrumbList","@id":"https:\/\/continent.lv\/product\/aeg-te7pb63zab\/#breadcrumb","itemListElement":[{"@type":"ListItem","position":1,"name":"Home","item":"https:\/\/continent.lv\/"},{"@type":"ListItem","position":2,"name":"Veikals","item":"https:\/\/continent.lv\/shop\/"},{"@type":"ListItem","position":3,"name":"AEG TE7PB63ZAB"}]},{"@type":"WebSite","@id":"https:\/\/continent.lv\/#website","url":"https:\/\/continent.lv\/","name":"Continent.lv","description":"Sadz\u012bves pre\u010du internetveikals","publisher":{"@id":"https:\/\/continent.lv\/#organization"},"potentialAction":[{"@type":"SearchAction","target":{"@type":"EntryPoint","urlTemplate":"https:\/\/continent.lv\/?s={search_term_string}"},"query-input":{"@type":"PropertyValueSpecification","valueRequired":true,"valueName":"search_term_string"}}],"inLanguage":"ru-RU"},{"@type":"Organization","@id":"https:\/\/continent.lv\/#organization","name":"Continent.lv","url":"https:\/\/continent.lv\/","logo":{"@type":"ImageObject","inLanguage":"ru-RU","@id":"https:\/\/continent.lv\/#\/schema\/logo\/image\/","url":"https:\/\/continent.lv\/wp-content\/uploads\/2026\/05\/logo_continent_5nwv-jh.jpg","contentUrl":"https:\/\/continent.lv\/wp-content\/uploads\/2026\/05\/logo_continent_5nwv-jh.jpg","width":221,"height":50,"caption":"Continent.lv"},"image":{"@id":"https:\/\/continent.lv\/#\/schema\/logo\/image\/"}}]}},"_links":{"self":[{"href":"https:\/\/continent.lv\/ru\/wp-json\/wp\/v2\/product\/26236","targetHints":{"allow":["GET"]}}],"collection":[{"href":"https:\/\/continent.lv\/ru\/wp-json\/wp\/v2\/product"}],"about":[{"href":"https:\/\/continent.lv\/ru\/wp-json\/wp\/v2\/types\/product"}],"replies":[{"embeddable":true,"href":"https:\/\/continent.lv\/ru\/wp-json\/wp\/v2\/comments?post=26236"}],"wp:featuredmedia":[{"embeddable":true,"href":"https:\/\/continent.lv\/ru\/wp-json\/wp\/v2\/media\/26228"}],"wp:attachment":[{"href":"https:\/\/continent.lv\/ru\/wp-json\/wp\/v2\/media?parent=26236"}],"wp:term":[{"taxonomy":"product_brand","embeddable":true,"href":"https:\/\/continent.lv\/ru\/wp-json\/wp\/v2\/product_brand?post=26236"},{"taxonomy":"product_cat","embeddable":true,"href":"https:\/\/continent.lv\/ru\/wp-json\/wp\/v2\/product_cat?post=26236"},{"taxonomy":"product_tag","embeddable":true,"href":"https:\/\/continent.lv\/ru\/wp-json\/wp\/v2\/product_tag?post=26236"}],"curies":[{"name":"wp","href":"https:\/\/api.w.org\/{rel}","templated":true}]}}