{"id":26181,"date":"2026-04-30T22:58:47","date_gmt":"2026-04-30T22:58:47","guid":{"rendered":"https:\/\/continent.lv\/product\/al-ko-snowline-46-e-2000-w-46-cm\/"},"modified":"2026-04-30T22:58:47","modified_gmt":"2026-04-30T22:58:47","slug":"al-ko-snowline-46-e-2000-w-46-cm","status":"publish","type":"product","link":"https:\/\/continent.lv\/ru\/product\/al-ko-snowline-46-e-2000-w-46-cm\/","title":{"rendered":"AL-KO SnowLine 46 E, 2000 \u0412\u0442, 46 \u0441\u043c"},"content":{"rendered":"<p>Produkta veids\u00a0 \u00a0 \u00a0Elektriskie sniega p\u016bt\u0113ji<\/p>\n<p>Z\u012bmols\u00a0 \u00a0 \u00a0AL-KO<br \/>Modelis\u00a0 \u00a0 \u00a0SnowLine 46 E<br \/>Darba platums\u00a0 \u00a0 \u00a046 cm<br \/>Ekspluat\u0101cijas augstums\u00a0 \u00a0 \u00a030 cm<br \/>Svars\u00a0 \u00a0 \u00a015 kg<br \/>Kr\u0101sa\u00a0 \u00a0 \u00a0Melna, Sarkana<br \/>P\u016bt\u0113ja tips\u00a0 \u00a0 \u00a0Viena pak\u0101piena<br \/>Rite\u0146u skaits\u00a0 \u00a0 \u00a02<br \/>Jauda\u00a0 \u00a0 \u00a02000 W<br \/>Spriegums\u00a0 \u00a0 \u00a0220 V<br \/>\u0414\u043e\u043f\u043e\u043b\u043d\u0438\u0442\u0435\u043b\u044c\u043d\u0430\u044f \u0438\u043d\u0444\u043e\u0440\u043c\u0430\u0446\u0438\u044f\u00a0 \u00a0 \u00a0<\/p>\n<p>\u041c\u043e\u0449\u043d\u043e\u0441\u0442\u044c: 2000 \u0412\u0442.<\/p>\n<p>\u00a0\u041c\u0430\u043a\u0441\u0438\u043c\u0430\u043b\u044c\u043d\u0430\u044f \u0434\u0430\u043b\u044c\u043d\u043e\u0441\u0442\u044c \u0432\u044b\u0431\u0440\u043e\u0441\u0430 \u0441\u043d\u0435\u0433\u0430: 10 \u043c.\u00a0<\/p>\n<p>\u0420\u0435\u0433\u0443\u043b\u0438\u0440\u0443\u0435\u043c\u0430\u044f \u0440\u0443\u0447\u043a\u0430.<br \/>SnowLine 46 E \u0441 \u0442\u0438\u0445\u0438\u043c \u044d\u043b\u0435\u043a\u0442\u0440\u043e\u0434\u0432\u0438\u0433\u0430\u0442\u0435\u043b\u0435\u043c \u0432\u0441\u0435\u0433\u0434\u0430 \u0433\u043e\u0442\u043e\u0432 \u043f\u043e\u043c\u043e\u0447\u044c<\/p>\n<p>\u00a0\u0410 \u043a\u043e\u0433\u0434\u0430 \u0441\u043d\u0435\u0433\u0430 \u043d\u0435\u0442, \u0441\u043a\u043b\u0430\u0434\u043d\u0430\u044f \u0440\u0443\u0447\u043a\u0430 \u043e\u0437\u043d\u0430\u0447\u0430\u0435\u0442, \u0447\u0442\u043e \u043e\u043d \u0437\u0430\u043d\u0438\u043c\u0430\u0435\u0442 \u043c\u0430\u043b\u043e \u043c\u0435\u0441\u0442\u0430.<br \/>\u00a0 \u00a0 \u041c\u043e\u0449\u043d\u044b\u0439 \u044d\u043b\u0435\u043a\u0442\u0440\u043e\u0434\u0432\u0438\u0433\u0430\u0442\u0435\u043b\u044c 230 \u0412 \u0441 \u043c\u043e\u0449\u043d\u043e\u0441\u0442\u044c\u044e 2000 \u0412\u0442<br \/>\u00a0 \u00a0 \u041b\u0451\u0433\u043a\u0438\u0439: \u0432\u0441\u0435\u0433\u043e 14,5 \u043a\u0433; \u0434\u043b\u044f \u043f\u043b\u043e\u0449\u0430\u0434\u0435\u0439 \u0434\u043e 150 \u043c\u00b2<br \/>\u00a0 \u00a0 \u0420\u0430\u0431\u043e\u0447\u0430\u044f \u0448\u0438\u0440\u0438\u043d\u0430 46 \u0441\u043c, \u0432\u044b\u0441\u043e\u0442\u0430 \u0437\u0430\u0445\u0432\u0430\u0442\u0430 30 \u0441\u043c<br \/>\u00a0 \u00a0 \u041c\u0430\u043a\u0441\u0438\u043c\u0430\u043b\u044c\u043d\u0430\u044f \u0434\u0430\u043b\u044c\u043d\u043e\u0441\u0442\u044c \u0432\u044b\u0431\u0440\u043e\u0441\u0430 6 \u043c; \u0440\u0435\u0433\u0443\u043b\u0438\u0440\u043e\u0432\u043a\u0430 \u0432\u044b\u0431\u0440\u043e\u0441\u0430: \u0440\u0443\u0447\u043d\u0430\u044f, 190\u00b0<br \/>\u00a0 \u00a0 \u0422\u0435\u0445\u043d\u043e\u043b\u043e\u0433\u0438\u044f \u0442\u0440\u0430\u043d\u0441\u043f\u043e\u0440\u0442\u0438\u0440\u043e\u0432\u043a\u0438: \u043b\u043e\u043f\u0430\u0441\u0442\u044c, 1 \u0441\u0442\u0443\u043f\u0435\u043d\u044c<\/p><\/p>","protected":false},"excerpt":{"rendered":"<p>Produkta veids\u00a0 \u00a0 \u00a0Elektriskie sniega p\u016bt\u0113ji Z\u012bmols\u00a0 \u00a0 \u00a0AL-KOModelis\u00a0 \u00a0 \u00a0SnowLine 46 EDarba platums\u00a0 \u00a0 \u00a046 cmEkspluat\u0101cijas augstums\u00a0 \u00a0 \u00a030 cmSvars\u00a0 \u00a0 \u00a015 kgKr\u0101sa\u00a0 \u00a0 \u00a0Melna, SarkanaP\u016bt\u0113ja tips\u00a0 \u00a0 \u00a0Viena pak\u0101pienaRite\u0146u skaits\u00a0 \u00a0 \u00a02Jauda\u00a0 \u00a0 \u00a02000 WSpriegums\u00a0 \u00a0 \u00a0220 VPapildus inform\u0101cija\u00a0 \u00a0 \u00a0 Jauda: 2000 W. \u00a0Maksim\u0101lais sniega izme\u0161anas att\u0101lums: 10 m.\u00a0 Regul\u0113jams rokturis.SnowLine 46 [&hellip;]<\/p>\n","protected":false},"featured_media":26173,"comment_status":"open","ping_status":"closed","template":"","meta":{"_joinchat":[]},"product_brand":[],"product_cat":[300],"product_tag":[],"class_list":{"0":"post-26181","1":"product","2":"type-product","3":"status-publish","4":"has-post-thumbnail","6":"product_cat-darza-tehnika-sniega-puteji","8":"first","9":"instock","10":"shipping-taxable","11":"purchasable","12":"product-type-simple"},"yoast_head":"<!-- This site is optimized with the Yoast SEO plugin v27.5 - https:\/\/yoast.com\/product\/yoast-seo-wordpress\/ -->\n<title>AL-KO SnowLine 46 E, 2000 W, 46 cm - Continent.lv<\/title>\n<meta name=\"robots\" content=\"index, follow, max-snippet:-1, max-image-preview:large, max-video-preview:-1\" \/>\n<link rel=\"canonical\" href=\"https:\/\/continent.lv\/ru\/product\/al-ko-snowline-46-e-2000-w-46-cm\/\" \/>\n<meta property=\"og:locale\" content=\"ru_RU\" \/>\n<meta property=\"og:type\" content=\"article\" \/>\n<meta property=\"og:title\" content=\"AL-KO SnowLine 46 E, 2000 W, 46 cm - Continent.lv\" \/>\n<meta property=\"og:description\" content=\"Produkta veids\u00a0 \u00a0 \u00a0Elektriskie sniega p\u016bt\u0113ji Z\u012bmols\u00a0 \u00a0 \u00a0AL-KOModelis\u00a0 \u00a0 \u00a0SnowLine 46 EDarba platums\u00a0 \u00a0 \u00a046 cmEkspluat\u0101cijas augstums\u00a0 \u00a0 \u00a030 cmSvars\u00a0 \u00a0 \u00a015 kgKr\u0101sa\u00a0 \u00a0 \u00a0Melna, SarkanaP\u016bt\u0113ja tips\u00a0 \u00a0 \u00a0Viena pak\u0101pienaRite\u0146u skaits\u00a0 \u00a0 \u00a02Jauda\u00a0 \u00a0 \u00a02000 WSpriegums\u00a0 \u00a0 \u00a0220 VPapildus inform\u0101cija\u00a0 \u00a0 \u00a0 Jauda: 2000 W. \u00a0Maksim\u0101lais sniega izme\u0161anas att\u0101lums: 10 m.\u00a0 Regul\u0113jams rokturis.SnowLine 46 [&hellip;]\" \/>\n<meta property=\"og:url\" content=\"https:\/\/continent.lv\/ru\/product\/al-ko-snowline-46-e-2000-w-46-cm\/\" \/>\n<meta property=\"og:site_name\" content=\"Continent.lv\" \/>\n<meta property=\"og:image\" content=\"https:\/\/continent.lv\/wp-content\/uploads\/2026\/04\/21_opoq-3x.jpeg\" \/>\n\t<meta property=\"og:image:width\" content=\"778\" \/>\n\t<meta property=\"og:image:height\" content=\"937\" \/>\n\t<meta property=\"og:image:type\" content=\"image\/jpeg\" \/>\n<meta name=\"twitter:card\" content=\"summary_large_image\" \/>\n<meta name=\"twitter:label1\" content=\"\u041f\u0440\u0438\u043c\u0435\u0440\u043d\u043e\u0435 \u0432\u0440\u0435\u043c\u044f \u0434\u043b\u044f \u0447\u0442\u0435\u043d\u0438\u044f\" \/>\n\t<meta name=\"twitter:data1\" content=\"1 \u043c\u0438\u043d\u0443\u0442\u0430\" \/>\n<script type=\"application\/ld+json\" class=\"yoast-schema-graph\">{\"@context\":\"https:\\\/\\\/schema.org\",\"@graph\":[{\"@type\":\"WebPage\",\"@id\":\"https:\\\/\\\/continent.lv\\\/product\\\/al-ko-snowline-46-e-2000-w-46-cm\\\/\",\"url\":\"https:\\\/\\\/continent.lv\\\/product\\\/al-ko-snowline-46-e-2000-w-46-cm\\\/\",\"name\":\"AL-KO SnowLine 46 E, 2000 W, 46 cm - Continent.lv\",\"isPartOf\":{\"@id\":\"https:\\\/\\\/continent.lv\\\/#website\"},\"primaryImageOfPage\":{\"@id\":\"https:\\\/\\\/continent.lv\\\/product\\\/al-ko-snowline-46-e-2000-w-46-cm\\\/#primaryimage\"},\"image\":{\"@id\":\"https:\\\/\\\/continent.lv\\\/product\\\/al-ko-snowline-46-e-2000-w-46-cm\\\/#primaryimage\"},\"thumbnailUrl\":\"https:\\\/\\\/continent.lv\\\/wp-content\\\/uploads\\\/2026\\\/04\\\/21_opoq-3x.jpeg\",\"datePublished\":\"2026-04-30T22:58:47+00:00\",\"breadcrumb\":{\"@id\":\"https:\\\/\\\/continent.lv\\\/product\\\/al-ko-snowline-46-e-2000-w-46-cm\\\/#breadcrumb\"},\"inLanguage\":\"ru-RU\",\"potentialAction\":[{\"@type\":\"ReadAction\",\"target\":[\"https:\\\/\\\/continent.lv\\\/product\\\/al-ko-snowline-46-e-2000-w-46-cm\\\/\"]}]},{\"@type\":\"ImageObject\",\"inLanguage\":\"ru-RU\",\"@id\":\"https:\\\/\\\/continent.lv\\\/product\\\/al-ko-snowline-46-e-2000-w-46-cm\\\/#primaryimage\",\"url\":\"https:\\\/\\\/continent.lv\\\/wp-content\\\/uploads\\\/2026\\\/04\\\/21_opoq-3x.jpeg\",\"contentUrl\":\"https:\\\/\\\/continent.lv\\\/wp-content\\\/uploads\\\/2026\\\/04\\\/21_opoq-3x.jpeg\",\"width\":778,\"height\":937},{\"@type\":\"BreadcrumbList\",\"@id\":\"https:\\\/\\\/continent.lv\\\/product\\\/al-ko-snowline-46-e-2000-w-46-cm\\\/#breadcrumb\",\"itemListElement\":[{\"@type\":\"ListItem\",\"position\":1,\"name\":\"Home\",\"item\":\"https:\\\/\\\/continent.lv\\\/\"},{\"@type\":\"ListItem\",\"position\":2,\"name\":\"Veikals\",\"item\":\"https:\\\/\\\/continent.lv\\\/shop\\\/\"},{\"@type\":\"ListItem\",\"position\":3,\"name\":\"AL-KO SnowLine 46 E, 2000 W, 46 cm\"}]},{\"@type\":\"WebSite\",\"@id\":\"https:\\\/\\\/continent.lv\\\/#website\",\"url\":\"https:\\\/\\\/continent.lv\\\/\",\"name\":\"Continent.lv\",\"description\":\"Sadz\u012bves pre\u010du internetveikals\",\"publisher\":{\"@id\":\"https:\\\/\\\/continent.lv\\\/#organization\"},\"potentialAction\":[{\"@type\":\"SearchAction\",\"target\":{\"@type\":\"EntryPoint\",\"urlTemplate\":\"https:\\\/\\\/continent.lv\\\/?s={search_term_string}\"},\"query-input\":{\"@type\":\"PropertyValueSpecification\",\"valueRequired\":true,\"valueName\":\"search_term_string\"}}],\"inLanguage\":\"ru-RU\"},{\"@type\":\"Organization\",\"@id\":\"https:\\\/\\\/continent.lv\\\/#organization\",\"name\":\"Continent.lv\",\"url\":\"https:\\\/\\\/continent.lv\\\/\",\"logo\":{\"@type\":\"ImageObject\",\"inLanguage\":\"ru-RU\",\"@id\":\"https:\\\/\\\/continent.lv\\\/#\\\/schema\\\/logo\\\/image\\\/\",\"url\":\"https:\\\/\\\/continent.lv\\\/wp-content\\\/uploads\\\/2026\\\/05\\\/logo_continent_5nwv-jh.jpg\",\"contentUrl\":\"https:\\\/\\\/continent.lv\\\/wp-content\\\/uploads\\\/2026\\\/05\\\/logo_continent_5nwv-jh.jpg\",\"width\":221,\"height\":50,\"caption\":\"Continent.lv\"},\"image\":{\"@id\":\"https:\\\/\\\/continent.lv\\\/#\\\/schema\\\/logo\\\/image\\\/\"}}]}<\/script>\n<!-- \/ Yoast SEO plugin. -->","yoast_head_json":{"title":"AL-KO SnowLine 46 E, 2000 W, 46 cm - Continent.lv","robots":{"index":"index","follow":"follow","max-snippet":"max-snippet:-1","max-image-preview":"max-image-preview:large","max-video-preview":"max-video-preview:-1"},"canonical":"https:\/\/continent.lv\/ru\/product\/al-ko-snowline-46-e-2000-w-46-cm\/","og_locale":"ru_RU","og_type":"article","og_title":"AL-KO SnowLine 46 E, 2000 W, 46 cm - Continent.lv","og_description":"Produkta veids\u00a0 \u00a0 \u00a0Elektriskie sniega p\u016bt\u0113ji Z\u012bmols\u00a0 \u00a0 \u00a0AL-KOModelis\u00a0 \u00a0 \u00a0SnowLine 46 EDarba platums\u00a0 \u00a0 \u00a046 cmEkspluat\u0101cijas augstums\u00a0 \u00a0 \u00a030 cmSvars\u00a0 \u00a0 \u00a015 kgKr\u0101sa\u00a0 \u00a0 \u00a0Melna, SarkanaP\u016bt\u0113ja tips\u00a0 \u00a0 \u00a0Viena pak\u0101pienaRite\u0146u skaits\u00a0 \u00a0 \u00a02Jauda\u00a0 \u00a0 \u00a02000 WSpriegums\u00a0 \u00a0 \u00a0220 VPapildus inform\u0101cija\u00a0 \u00a0 \u00a0 Jauda: 2000 W. \u00a0Maksim\u0101lais sniega izme\u0161anas att\u0101lums: 10 m.\u00a0 Regul\u0113jams rokturis.SnowLine 46 [&hellip;]","og_url":"https:\/\/continent.lv\/ru\/product\/al-ko-snowline-46-e-2000-w-46-cm\/","og_site_name":"Continent.lv","og_image":[{"width":778,"height":937,"url":"https:\/\/continent.lv\/wp-content\/uploads\/2026\/04\/21_opoq-3x.jpeg","type":"image\/jpeg"}],"twitter_card":"summary_large_image","twitter_misc":{"\u041f\u0440\u0438\u043c\u0435\u0440\u043d\u043e\u0435 \u0432\u0440\u0435\u043c\u044f \u0434\u043b\u044f \u0447\u0442\u0435\u043d\u0438\u044f":"1 \u043c\u0438\u043d\u0443\u0442\u0430"},"schema":{"@context":"https:\/\/schema.org","@graph":[{"@type":"WebPage","@id":"https:\/\/continent.lv\/product\/al-ko-snowline-46-e-2000-w-46-cm\/","url":"https:\/\/continent.lv\/product\/al-ko-snowline-46-e-2000-w-46-cm\/","name":"AL-KO SnowLine 46 E, 2000 W, 46 cm - Continent.lv","isPartOf":{"@id":"https:\/\/continent.lv\/#website"},"primaryImageOfPage":{"@id":"https:\/\/continent.lv\/product\/al-ko-snowline-46-e-2000-w-46-cm\/#primaryimage"},"image":{"@id":"https:\/\/continent.lv\/product\/al-ko-snowline-46-e-2000-w-46-cm\/#primaryimage"},"thumbnailUrl":"https:\/\/continent.lv\/wp-content\/uploads\/2026\/04\/21_opoq-3x.jpeg","datePublished":"2026-04-30T22:58:47+00:00","breadcrumb":{"@id":"https:\/\/continent.lv\/product\/al-ko-snowline-46-e-2000-w-46-cm\/#breadcrumb"},"inLanguage":"ru-RU","potentialAction":[{"@type":"ReadAction","target":["https:\/\/continent.lv\/product\/al-ko-snowline-46-e-2000-w-46-cm\/"]}]},{"@type":"ImageObject","inLanguage":"ru-RU","@id":"https:\/\/continent.lv\/product\/al-ko-snowline-46-e-2000-w-46-cm\/#primaryimage","url":"https:\/\/continent.lv\/wp-content\/uploads\/2026\/04\/21_opoq-3x.jpeg","contentUrl":"https:\/\/continent.lv\/wp-content\/uploads\/2026\/04\/21_opoq-3x.jpeg","width":778,"height":937},{"@type":"BreadcrumbList","@id":"https:\/\/continent.lv\/product\/al-ko-snowline-46-e-2000-w-46-cm\/#breadcrumb","itemListElement":[{"@type":"ListItem","position":1,"name":"Home","item":"https:\/\/continent.lv\/"},{"@type":"ListItem","position":2,"name":"Veikals","item":"https:\/\/continent.lv\/shop\/"},{"@type":"ListItem","position":3,"name":"AL-KO SnowLine 46 E, 2000 W, 46 cm"}]},{"@type":"WebSite","@id":"https:\/\/continent.lv\/#website","url":"https:\/\/continent.lv\/","name":"Continent.lv","description":"Sadz\u012bves pre\u010du internetveikals","publisher":{"@id":"https:\/\/continent.lv\/#organization"},"potentialAction":[{"@type":"SearchAction","target":{"@type":"EntryPoint","urlTemplate":"https:\/\/continent.lv\/?s={search_term_string}"},"query-input":{"@type":"PropertyValueSpecification","valueRequired":true,"valueName":"search_term_string"}}],"inLanguage":"ru-RU"},{"@type":"Organization","@id":"https:\/\/continent.lv\/#organization","name":"Continent.lv","url":"https:\/\/continent.lv\/","logo":{"@type":"ImageObject","inLanguage":"ru-RU","@id":"https:\/\/continent.lv\/#\/schema\/logo\/image\/","url":"https:\/\/continent.lv\/wp-content\/uploads\/2026\/05\/logo_continent_5nwv-jh.jpg","contentUrl":"https:\/\/continent.lv\/wp-content\/uploads\/2026\/05\/logo_continent_5nwv-jh.jpg","width":221,"height":50,"caption":"Continent.lv"},"image":{"@id":"https:\/\/continent.lv\/#\/schema\/logo\/image\/"}}]}},"_links":{"self":[{"href":"https:\/\/continent.lv\/ru\/wp-json\/wp\/v2\/product\/26181","targetHints":{"allow":["GET"]}}],"collection":[{"href":"https:\/\/continent.lv\/ru\/wp-json\/wp\/v2\/product"}],"about":[{"href":"https:\/\/continent.lv\/ru\/wp-json\/wp\/v2\/types\/product"}],"replies":[{"embeddable":true,"href":"https:\/\/continent.lv\/ru\/wp-json\/wp\/v2\/comments?post=26181"}],"wp:featuredmedia":[{"embeddable":true,"href":"https:\/\/continent.lv\/ru\/wp-json\/wp\/v2\/media\/26173"}],"wp:attachment":[{"href":"https:\/\/continent.lv\/ru\/wp-json\/wp\/v2\/media?parent=26181"}],"wp:term":[{"taxonomy":"product_brand","embeddable":true,"href":"https:\/\/continent.lv\/ru\/wp-json\/wp\/v2\/product_brand?post=26181"},{"taxonomy":"product_cat","embeddable":true,"href":"https:\/\/continent.lv\/ru\/wp-json\/wp\/v2\/product_cat?post=26181"},{"taxonomy":"product_tag","embeddable":true,"href":"https:\/\/continent.lv\/ru\/wp-json\/wp\/v2\/product_tag?post=26181"}],"curies":[{"name":"wp","href":"https:\/\/api.w.org\/{rel}","templated":true}]}}