{"id":25841,"date":"2026-04-30T22:49:46","date_gmt":"2026-04-30T22:49:46","guid":{"rendered":"https:\/\/continent.lv\/product\/whirlpool-afb18401\/"},"modified":"2026-04-30T22:49:46","modified_gmt":"2026-04-30T22:49:46","slug":"whirlpool-afb18401","status":"publish","type":"product","link":"https:\/\/continent.lv\/ru\/product\/whirlpool-afb18401\/","title":{"rendered":"Whirlpool AFB18401"},"content":{"rendered":"<\/p>\n<p class=\"translation-block\"><p><\/p><p><\/p><p><span class=\"VIiyi\" lang=\"lv\"><span class=\"JLqJ4b\" data-language-for-alternatives=\"lv\" data-language-to-translate-into=\"ru\" data-phrase-index=\"0\" data-number-of-phrases=\"1\">\u0411\u0440\u0435\u043d\u0434 Whirlpool<br>\u041d\u0435\u0442 \u043e\u0431\u0440\u0430\u0437\u043e\u0432\u0430\u043d\u0438\u044f \u0438\u043d\u0435\u044f \u0414\u0430<br>\u041c\u0435\u0442\u043e\u0434 \u043a\u0440\u0435\u043f\u043b\u0435\u043d\u0438\u044f \u0444\u0430\u0441\u0430\u0434\u0430 \u0420\u0430\u0437\u0434\u0432\u0438\u0436\u043d\u044b\u0435 \u0434\u0432\u0435\u0440\u0438<br>EAN&nbsp;8003437046605<br>\u041a\u043b\u0430\u0441\u0441 \u044d\u043d\u0435\u0440\u0433\u043e\u044d\u0444\u0444\u0435\u043a\u0442\u0438\u0432\u043d\u043e\u0441\u0442\u0438 (2021) F<br>\u0413\u043e\u0434\u043e\u0432\u043e\u0435 \u044d\u043d\u0435\u0440\u0433\u043e\u043f\u043e\u0442\u0440\u0435\u0431\u043b\u0435\u043d\u0438\u0435 294 \u043a\u0412\u0442\u00b7\u0447<br>\u041e\u0431\u044a\u0435\u043c<br>\u041e\u0431\u044a\u0435\u043c \u043c\u043e\u0440\u043e\u0437\u0438\u043b\u044c\u043d\u043e\u0439 \u043a\u0430\u043c\u0435\u0440\u044b 209 \u043b<br>\u0423\u0440\u043e\u0432\u0435\u043d\u044c \u0448\u0443\u043c\u0430<br>\u0423\u0440\u043e\u0432\u0435\u043d\u044c \u0448\u0443\u043c\u0430 38 \u0434\u0411<br>\u041a\u043b\u0430\u0441\u0441 \u0430\u043a\u0443\u0441\u0442\u0438\u0447\u0435\u0441\u043a\u043e\u0433\u043e \u0448\u0443\u043c\u0430 C<br>\u0420\u0430\u0437\u043c\u0435\u0440\u044b, \u0432\u0435\u0441<br>\u0412\u044b\u0441\u043e\u0442\u0430 177 \u0441\u043c<br>\u0428\u0438\u0440\u0438\u043d\u0430 54 \u0441\u043c<br>\u0413\u043b\u0443\u0431\u0438\u043d\u0430 55 \u0441\u043c<br>\u0412\u0435\u0441 (\u0431\u0435\u0437 \u0443\u043f\u0430\u043a\u043e\u0432\u043a\u0438) 57 \u043a\u0433<br>\u0411\u0440\u0443\u0442\u0442\u043e \u0432\u0435\u0441 (\u0441 \u0443\u043f\u0430\u043a\u043e\u0432\u043a\u043e\u0439) 59 \u043a\u0433<br>\u0423\u043f\u0440\u0430\u0432\u043b\u0435\u043d\u0438\u0435<br>\u042d\u043b\u0435\u043a\u0442\u0440\u043e\u043d\u043d\u044b\u0439 \u0434\u0438\u0441\u043f\u043b\u0435\u0439 \u0414\u0430<br>\u0422\u0438\u043f \u0443\u043f\u0440\u0430\u0432\u043b\u0435\u043d\u0438\u044f \u042d\u043b\u0435\u043a\u0442\u0440\u043e\u043d\u043d\u044b\u0439<br>\u0414\u043e\u043f\u043e\u043b\u043d\u0438\u0442\u0435\u043b\u044c\u043d\u044b\u0435 \u0432\u043e\u0437\u043c\u043e\u0436\u043d\u043e\u0441\u0442\u0438<br>\u0412\u043e\u0437\u043c\u043e\u0436\u043d\u043e\u0441\u0442\u044c \u043f\u0435\u0440\u0435\u043d\u0430\u0432\u0435\u0448\u0438\u0432\u0430\u043d\u0438\u044f \u0434\u0432\u0435\u0440\u0435\u0439 \u0414\u0430<br>\u041c\u043e\u0449\u043d\u043e\u0441\u0442\u044c \u0437\u0430\u043c\u043e\u0440\u043e\u0437\u043a\u0438 \u043a\u0433 \/ 24\u0447 19<br>\u0412\u0440\u0435\u043c\u044f \u0441\u043e\u0445\u0440\u0430\u043d\u0435\u043d\u0438\u044f \u0442\u0435\u043c\u043f\u0435\u0440\u0430\u0442\u0443\u0440\u044b \u043f\u0440\u0438 \u043e\u0442\u043a\u043b\u044e\u0447\u0435\u043d\u043d\u043e\u043c \u043f\u0438\u0442\u0430\u043d\u0438\u0438 (\u0447) 23<br>\u041a\u043b\u0430\u0441\u0441 \u043c\u043e\u0440\u043e\u0437\u0438\u043b\u044c\u043d\u043e\u0439 \u043a\u0430\u043c\u0435\u0440\u044b ****<br>\u041a\u043b\u0438\u043c\u0430\u0442\u0438\u0447\u0435\u0441\u043a\u0438\u0439 \u043a\u043b\u0430\u0441\u0441 SN-T<br>\u0422\u0438\u043f \u043f\u043e\u043b\u043e\u043a \u0417\u0430\u043a\u0430\u043b\u0435\u043d\u043d\u043e\u0435 \u0441\u0442\u0435\u043a\u043b\u043e<br>\u041a\u043e\u043b\u0438\u0447\u0435\u0441\u0442\u0432\u043e \u0434\u0432\u0435\u0440\u0435\u0439 1<br>\u041a\u043e\u043b\u0438\u0447\u0435\u0441\u0442\u0432\u043e \u043a\u043e\u043c\u043f\u0440\u0435\u0441\u0441\u043e\u0440\u043e\u0432 1<\/span><\/span><\/p><p><\/p><\/p><\/p>","protected":false},"excerpt":{"rendered":"<p>Z\u012bmols WhirlpoolBez sala J\u0101Fas\u0101des stiprin\u0101juma metode B\u012bd\u0101m\u0101s durvisEAN\u00a08003437046605Energoefektivit\u0101tes klase (2021) FEner\u0123ijas pat\u0113ri\u0146\u0161 gad\u0101 294 kWhApjomsSald\u0113\u0161anas kameras tilpums 209 lSka\u013cuma l\u012bmenisTrok\u0161\u0146a l\u012bmenis 38 dBAkustisk\u0101 trok\u0161\u0146a klase CIzm\u0113ri, svarsAugstums 177 cmPlatums 54 cmDzi\u013cums 55 cmSvars (bez iepakojuma) 57 kgBRUTO svars (svars ar iepakojumu) 59 kgKontroleElektroniskais displejs J\u0101Vad\u012bbas veids ElektroniskaPapildu iesp\u0113jasIesp\u0113ja p\u0101rkarin\u0101t durvis J\u0101Sald\u0113\u0161anas jauda kg \/ 24h [&hellip;]<\/p>\n","protected":false},"featured_media":25837,"comment_status":"open","ping_status":"closed","template":"","meta":{"_joinchat":[]},"product_brand":[286],"product_cat":[295],"product_tag":[],"class_list":{"0":"post-25841","1":"product","2":"type-product","3":"status-publish","4":"has-post-thumbnail","6":"product_brand-whirlpool","7":"product_cat-iebuvejama-sadzives-tehnika-iebuvejamas-saldetavas","9":"first","10":"instock","11":"shipping-taxable","12":"purchasable","13":"product-type-simple"},"yoast_head":"<!-- This site is optimized with the Yoast SEO plugin v27.5 - https:\/\/yoast.com\/product\/yoast-seo-wordpress\/ -->\n<title>Whirlpool AFB18401 - Continent.lv<\/title>\n<meta name=\"robots\" content=\"index, follow, max-snippet:-1, max-image-preview:large, max-video-preview:-1\" \/>\n<link rel=\"canonical\" href=\"https:\/\/continent.lv\/ru\/product\/whirlpool-afb18401\/\" \/>\n<meta property=\"og:locale\" content=\"ru_RU\" \/>\n<meta property=\"og:type\" content=\"article\" \/>\n<meta property=\"og:title\" content=\"Whirlpool AFB18401 - Continent.lv\" \/>\n<meta property=\"og:description\" content=\"Z\u012bmols WhirlpoolBez sala J\u0101Fas\u0101des stiprin\u0101juma metode B\u012bd\u0101m\u0101s durvisEAN\u00a08003437046605Energoefektivit\u0101tes klase (2021) FEner\u0123ijas pat\u0113ri\u0146\u0161 gad\u0101 294 kWhApjomsSald\u0113\u0161anas kameras tilpums 209 lSka\u013cuma l\u012bmenisTrok\u0161\u0146a l\u012bmenis 38 dBAkustisk\u0101 trok\u0161\u0146a klase CIzm\u0113ri, svarsAugstums 177 cmPlatums 54 cmDzi\u013cums 55 cmSvars (bez iepakojuma) 57 kgBRUTO svars (svars ar iepakojumu) 59 kgKontroleElektroniskais displejs J\u0101Vad\u012bbas veids ElektroniskaPapildu iesp\u0113jasIesp\u0113ja p\u0101rkarin\u0101t durvis J\u0101Sald\u0113\u0161anas jauda kg \/ 24h [&hellip;]\" \/>\n<meta property=\"og:url\" content=\"https:\/\/continent.lv\/ru\/product\/whirlpool-afb18401\/\" \/>\n<meta property=\"og:site_name\" content=\"Continent.lv\" \/>\n<meta property=\"og:image\" content=\"https:\/\/continent.lv\/wp-content\/uploads\/2026\/04\/AFB_18401.jpg\" \/>\n\t<meta property=\"og:image:width\" content=\"1200\" \/>\n\t<meta property=\"og:image:height\" content=\"1372\" \/>\n\t<meta property=\"og:image:type\" content=\"image\/jpeg\" \/>\n<meta name=\"twitter:card\" content=\"summary_large_image\" \/>\n<script type=\"application\/ld+json\" class=\"yoast-schema-graph\">{\"@context\":\"https:\\\/\\\/schema.org\",\"@graph\":[{\"@type\":\"WebPage\",\"@id\":\"https:\\\/\\\/continent.lv\\\/product\\\/whirlpool-afb18401\\\/\",\"url\":\"https:\\\/\\\/continent.lv\\\/product\\\/whirlpool-afb18401\\\/\",\"name\":\"Whirlpool AFB18401 - Continent.lv\",\"isPartOf\":{\"@id\":\"https:\\\/\\\/continent.lv\\\/#website\"},\"primaryImageOfPage\":{\"@id\":\"https:\\\/\\\/continent.lv\\\/product\\\/whirlpool-afb18401\\\/#primaryimage\"},\"image\":{\"@id\":\"https:\\\/\\\/continent.lv\\\/product\\\/whirlpool-afb18401\\\/#primaryimage\"},\"thumbnailUrl\":\"https:\\\/\\\/continent.lv\\\/wp-content\\\/uploads\\\/2026\\\/04\\\/AFB_18401.jpg\",\"datePublished\":\"2026-04-30T22:49:46+00:00\",\"breadcrumb\":{\"@id\":\"https:\\\/\\\/continent.lv\\\/product\\\/whirlpool-afb18401\\\/#breadcrumb\"},\"inLanguage\":\"ru-RU\",\"potentialAction\":[{\"@type\":\"ReadAction\",\"target\":[\"https:\\\/\\\/continent.lv\\\/product\\\/whirlpool-afb18401\\\/\"]}]},{\"@type\":\"ImageObject\",\"inLanguage\":\"ru-RU\",\"@id\":\"https:\\\/\\\/continent.lv\\\/product\\\/whirlpool-afb18401\\\/#primaryimage\",\"url\":\"https:\\\/\\\/continent.lv\\\/wp-content\\\/uploads\\\/2026\\\/04\\\/AFB_18401.jpg\",\"contentUrl\":\"https:\\\/\\\/continent.lv\\\/wp-content\\\/uploads\\\/2026\\\/04\\\/AFB_18401.jpg\",\"width\":1200,\"height\":1372},{\"@type\":\"BreadcrumbList\",\"@id\":\"https:\\\/\\\/continent.lv\\\/product\\\/whirlpool-afb18401\\\/#breadcrumb\",\"itemListElement\":[{\"@type\":\"ListItem\",\"position\":1,\"name\":\"Home\",\"item\":\"https:\\\/\\\/continent.lv\\\/\"},{\"@type\":\"ListItem\",\"position\":2,\"name\":\"Veikals\",\"item\":\"https:\\\/\\\/continent.lv\\\/shop\\\/\"},{\"@type\":\"ListItem\",\"position\":3,\"name\":\"Whirlpool AFB18401\"}]},{\"@type\":\"WebSite\",\"@id\":\"https:\\\/\\\/continent.lv\\\/#website\",\"url\":\"https:\\\/\\\/continent.lv\\\/\",\"name\":\"Continent.lv\",\"description\":\"Sadz\u012bves pre\u010du internetveikals\",\"publisher\":{\"@id\":\"https:\\\/\\\/continent.lv\\\/#organization\"},\"potentialAction\":[{\"@type\":\"SearchAction\",\"target\":{\"@type\":\"EntryPoint\",\"urlTemplate\":\"https:\\\/\\\/continent.lv\\\/?s={search_term_string}\"},\"query-input\":{\"@type\":\"PropertyValueSpecification\",\"valueRequired\":true,\"valueName\":\"search_term_string\"}}],\"inLanguage\":\"ru-RU\"},{\"@type\":\"Organization\",\"@id\":\"https:\\\/\\\/continent.lv\\\/#organization\",\"name\":\"Continent.lv\",\"url\":\"https:\\\/\\\/continent.lv\\\/\",\"logo\":{\"@type\":\"ImageObject\",\"inLanguage\":\"ru-RU\",\"@id\":\"https:\\\/\\\/continent.lv\\\/#\\\/schema\\\/logo\\\/image\\\/\",\"url\":\"https:\\\/\\\/continent.lv\\\/wp-content\\\/uploads\\\/2026\\\/05\\\/logo_continent_5nwv-jh.jpg\",\"contentUrl\":\"https:\\\/\\\/continent.lv\\\/wp-content\\\/uploads\\\/2026\\\/05\\\/logo_continent_5nwv-jh.jpg\",\"width\":221,\"height\":50,\"caption\":\"Continent.lv\"},\"image\":{\"@id\":\"https:\\\/\\\/continent.lv\\\/#\\\/schema\\\/logo\\\/image\\\/\"}}]}<\/script>\n<!-- \/ Yoast SEO plugin. -->","yoast_head_json":{"title":"Whirlpool AFB18401 - Continent.lv","robots":{"index":"index","follow":"follow","max-snippet":"max-snippet:-1","max-image-preview":"max-image-preview:large","max-video-preview":"max-video-preview:-1"},"canonical":"https:\/\/continent.lv\/ru\/product\/whirlpool-afb18401\/","og_locale":"ru_RU","og_type":"article","og_title":"Whirlpool AFB18401 - Continent.lv","og_description":"Z\u012bmols WhirlpoolBez sala J\u0101Fas\u0101des stiprin\u0101juma metode B\u012bd\u0101m\u0101s durvisEAN\u00a08003437046605Energoefektivit\u0101tes klase (2021) FEner\u0123ijas pat\u0113ri\u0146\u0161 gad\u0101 294 kWhApjomsSald\u0113\u0161anas kameras tilpums 209 lSka\u013cuma l\u012bmenisTrok\u0161\u0146a l\u012bmenis 38 dBAkustisk\u0101 trok\u0161\u0146a klase CIzm\u0113ri, svarsAugstums 177 cmPlatums 54 cmDzi\u013cums 55 cmSvars (bez iepakojuma) 57 kgBRUTO svars (svars ar iepakojumu) 59 kgKontroleElektroniskais displejs J\u0101Vad\u012bbas veids ElektroniskaPapildu iesp\u0113jasIesp\u0113ja p\u0101rkarin\u0101t durvis J\u0101Sald\u0113\u0161anas jauda kg \/ 24h [&hellip;]","og_url":"https:\/\/continent.lv\/ru\/product\/whirlpool-afb18401\/","og_site_name":"Continent.lv","og_image":[{"width":1200,"height":1372,"url":"https:\/\/continent.lv\/wp-content\/uploads\/2026\/04\/AFB_18401.jpg","type":"image\/jpeg"}],"twitter_card":"summary_large_image","schema":{"@context":"https:\/\/schema.org","@graph":[{"@type":"WebPage","@id":"https:\/\/continent.lv\/product\/whirlpool-afb18401\/","url":"https:\/\/continent.lv\/product\/whirlpool-afb18401\/","name":"Whirlpool AFB18401 - Continent.lv","isPartOf":{"@id":"https:\/\/continent.lv\/#website"},"primaryImageOfPage":{"@id":"https:\/\/continent.lv\/product\/whirlpool-afb18401\/#primaryimage"},"image":{"@id":"https:\/\/continent.lv\/product\/whirlpool-afb18401\/#primaryimage"},"thumbnailUrl":"https:\/\/continent.lv\/wp-content\/uploads\/2026\/04\/AFB_18401.jpg","datePublished":"2026-04-30T22:49:46+00:00","breadcrumb":{"@id":"https:\/\/continent.lv\/product\/whirlpool-afb18401\/#breadcrumb"},"inLanguage":"ru-RU","potentialAction":[{"@type":"ReadAction","target":["https:\/\/continent.lv\/product\/whirlpool-afb18401\/"]}]},{"@type":"ImageObject","inLanguage":"ru-RU","@id":"https:\/\/continent.lv\/product\/whirlpool-afb18401\/#primaryimage","url":"https:\/\/continent.lv\/wp-content\/uploads\/2026\/04\/AFB_18401.jpg","contentUrl":"https:\/\/continent.lv\/wp-content\/uploads\/2026\/04\/AFB_18401.jpg","width":1200,"height":1372},{"@type":"BreadcrumbList","@id":"https:\/\/continent.lv\/product\/whirlpool-afb18401\/#breadcrumb","itemListElement":[{"@type":"ListItem","position":1,"name":"Home","item":"https:\/\/continent.lv\/"},{"@type":"ListItem","position":2,"name":"Veikals","item":"https:\/\/continent.lv\/shop\/"},{"@type":"ListItem","position":3,"name":"Whirlpool AFB18401"}]},{"@type":"WebSite","@id":"https:\/\/continent.lv\/#website","url":"https:\/\/continent.lv\/","name":"Continent.lv","description":"Sadz\u012bves pre\u010du internetveikals","publisher":{"@id":"https:\/\/continent.lv\/#organization"},"potentialAction":[{"@type":"SearchAction","target":{"@type":"EntryPoint","urlTemplate":"https:\/\/continent.lv\/?s={search_term_string}"},"query-input":{"@type":"PropertyValueSpecification","valueRequired":true,"valueName":"search_term_string"}}],"inLanguage":"ru-RU"},{"@type":"Organization","@id":"https:\/\/continent.lv\/#organization","name":"Continent.lv","url":"https:\/\/continent.lv\/","logo":{"@type":"ImageObject","inLanguage":"ru-RU","@id":"https:\/\/continent.lv\/#\/schema\/logo\/image\/","url":"https:\/\/continent.lv\/wp-content\/uploads\/2026\/05\/logo_continent_5nwv-jh.jpg","contentUrl":"https:\/\/continent.lv\/wp-content\/uploads\/2026\/05\/logo_continent_5nwv-jh.jpg","width":221,"height":50,"caption":"Continent.lv"},"image":{"@id":"https:\/\/continent.lv\/#\/schema\/logo\/image\/"}}]}},"_links":{"self":[{"href":"https:\/\/continent.lv\/ru\/wp-json\/wp\/v2\/product\/25841","targetHints":{"allow":["GET"]}}],"collection":[{"href":"https:\/\/continent.lv\/ru\/wp-json\/wp\/v2\/product"}],"about":[{"href":"https:\/\/continent.lv\/ru\/wp-json\/wp\/v2\/types\/product"}],"replies":[{"embeddable":true,"href":"https:\/\/continent.lv\/ru\/wp-json\/wp\/v2\/comments?post=25841"}],"wp:featuredmedia":[{"embeddable":true,"href":"https:\/\/continent.lv\/ru\/wp-json\/wp\/v2\/media\/25837"}],"wp:attachment":[{"href":"https:\/\/continent.lv\/ru\/wp-json\/wp\/v2\/media?parent=25841"}],"wp:term":[{"taxonomy":"product_brand","embeddable":true,"href":"https:\/\/continent.lv\/ru\/wp-json\/wp\/v2\/product_brand?post=25841"},{"taxonomy":"product_cat","embeddable":true,"href":"https:\/\/continent.lv\/ru\/wp-json\/wp\/v2\/product_cat?post=25841"},{"taxonomy":"product_tag","embeddable":true,"href":"https:\/\/continent.lv\/ru\/wp-json\/wp\/v2\/product_tag?post=25841"}],"curies":[{"name":"wp","href":"https:\/\/api.w.org\/{rel}","templated":true}]}}