{"id":25755,"date":"2026-04-30T22:47:29","date_gmt":"2026-04-30T22:47:29","guid":{"rendered":"https:\/\/continent.lv\/product\/electrolux-eip6446-indukcijas\/"},"modified":"2026-04-30T22:47:29","modified_gmt":"2026-04-30T22:47:29","slug":"electrolux-eip6446-indukcijas","status":"publish","type":"product","link":"https:\/\/continent.lv\/ru\/product\/electrolux-eip6446-indukcijas\/","title":{"rendered":"Electrolux EIP6446 \u0418\u043d\u0434\u0443\u043a\u0446\u0438\u043e\u043d\u043d\u0430\u044f!"},"content":{"rendered":"<p>\u0411\u0440\u0435\u043d\u0434 Electrolux<\/p>\n<p>\u0422\u0438\u043f \u0418\u043d\u0434\u0443\u043a\u0446\u0438\u043e\u043d\u043d\u0430\u044f<br \/>\u041f\u043e\u0432\u0435\u0440\u0445\u043d\u043e\u0441\u0442\u044c \u041a\u0435\u0440\u0430\u043c\u0438\u0447\u0435\u0441\u043a\u043e\u0435 \u0441\u0442\u0435\u043a\u043b\u043e<br \/>\u0426\u0432\u0435\u0442 \u0427\u0435\u0440\u043d\u044b\u0439<br \/>\u041a\u043e\u043b\u0438\u0447\u0435\u0441\u0442\u0432\u043e \u043a\u043e\u043d\u0444\u043e\u0440\u043e\u043a 4<br \/>EAN 7332543661657<br \/>\u0423\u043f\u0440\u0430\u0432\u043b\u0435\u043d\u0438\u0435<br \/>\u0423\u043f\u0440\u0430\u0432\u043b\u0435\u043d\u0438\u0435 \u0421\u0435\u043d\u0441\u043e\u0440\u043d\u043e\u0435<br \/>Vad\u012bbas panelis Sk\u0101rienj\u016bt\u012bgs<br \/>\u0420\u0430\u0437\u043c\u0435\u0440\u044b \u0438 \u0432\u0435\u0441<br \/>\u0420\u0430\u0437\u043c\u0435\u0440\u044b, \u0441\u043c 4.4 x 59 x 52<br \/>\u0412\u0435\u0441 11.6 \u043a\u0433<br \/>\u0414\u0440\u0443\u0433\u0438\u0435 \u043f\u0430\u0440\u0430\u043c\u0435\u0442\u0440\u044b<br \/>\u041e\u0431\u043e\u0434\u043e\u043a \u041d\u0435\u0442<br \/>\u0422\u0430\u0439\u043c\u0435\u0440 \u0415\u0441\u0442\u044c<br \/>\u0417\u0430\u0449\u0438\u0442\u0430 \u0434\u0435\u0442\u0441\u043a\u043e\u0439 \u0431\u0435\u0437\u043e\u043f\u0430\u0441\u043d\u043e\u0441\u0442\u0438 <br \/>\u041e\u0431\u0449\u0430\u044f \u043c\u043e\u0449\u043d\u043e\u0441\u0442\u044c 7.4 \u043a\u0412\u0442<br \/>\u0414\u043e\u043f\u043e\u043b\u043d\u0438\u0442\u0435\u043b\u044c\u043d\u044b\u0435 \u0444\u0443\u043d\u043a\u0446\u0438\u0438 Hob2Hood<br \/>\u00a0ePrevNext1234567891011<br \/>600 Pure Bridge \u0432\u0441\u0442\u0440\u043e\u0435\u043d\u043d\u0430\u044f \u0438\u043d\u0434\u0443\u043a\u0446\u0438\u043e\u043d\u043d\u0430\u044f \u0432\u0430\u0440\u043e\u0447\u043d\u0430\u044f \u043f\u0430\u043d\u0435\u043b\u044c 60 \u0441\u043c \u0441 Hob2Hood<br \/>\u0421\u043e\u0432\u0440\u0435\u043c\u0435\u043d\u043d\u0430\u044f \u0432\u0430\u0440\u043e\u0447\u043d\u0430\u044f \u043f\u043e\u0432\u0435\u0440\u0445\u043d\u043e\u0441\u0442\u044c, \u043a\u0440\u0430\u0441\u0438\u0432\u044b\u0439 \u0434\u0438\u0437\u0430\u0439\u043d<br \/>\u0412\u0430\u0440\u043e\u0447\u043d\u0430\u044f \u043f\u043e\u0432\u0435\u0440\u0445\u043d\u043e\u0441\u0442\u044c, \u043a\u043e\u0442\u043e\u0440\u0430\u044f \u0432 \u0432\u044b\u043a\u043b\u044e\u0447\u0435\u043d\u043d\u043e\u043c \u0441\u043e\u0441\u0442\u043e\u044f\u043d\u0438\u0438 \u0447\u0435\u0440\u043d\u0430\u044f \u0438 \u0431\u043b\u0435\u0441\u0442\u044f\u0449\u0430\u044f, \u043e\u0442\u043b\u0438\u0447\u043d\u043e \u0441\u043e\u0447\u0435\u0442\u0430\u0435\u0442\u0441\u044f \u0441 \u0440\u0430\u0431\u043e\u0447\u0435\u0439 \u043f\u043e\u0432\u0435\u0440\u0445\u043d\u043e\u0441\u0442\u044c\u044e. \u042d\u043b\u0435\u043c\u0435\u043d\u0442\u044b \u0443\u043f\u0440\u0430\u0432\u043b\u0435\u043d\u0438\u044f \u043f\u043e\u0432\u0435\u0440\u0445\u043d\u043e\u0441\u0442\u0438 \u0437\u0430\u0433\u043e\u0440\u0430\u044e\u0442\u0441\u044f \u043e\u0434\u043d\u0438\u043c \u043a\u0430\u0441\u0430\u043d\u0438\u0435\u043c, \u0434\u0435\u043c\u043e\u043d\u0441\u0442\u0440\u0438\u0440\u0443\u044f \u0438\u0437\u044f\u0449\u043d\u044b\u0439 \u0434\u0438\u0437\u0430\u0439\u043d \u0432 \u0432\u0438\u0434\u0435 \u043c\u0435\u043b\u044c\u043d\u0438\u0446 \u0432 \u0437\u043e\u043d\u0430\u0445 \u043f\u0440\u0438\u0433\u043e\u0442\u043e\u0432\u043b\u0435\u043d\u0438\u044f. \u041d\u0430\u0448\u0430 \u044d\u043b\u0435\u0433\u0430\u043d\u0442\u043d\u0430\u044f \u0432\u0430\u0440\u043e\u0447\u043d\u0430\u044f \u043f\u0430\u043d\u0435\u043b\u044c \u2014 \u043e\u0442\u043b\u0438\u0447\u043d\u043e\u0435 \u0434\u043e\u043f\u043e\u043b\u043d\u0435\u043d\u0438\u0435 \u043a \u0441\u043e\u0432\u0440\u0435\u043c\u0435\u043d\u043d\u043e\u0439 \u043a\u0443\u0445\u043d\u0435.\u00a0<\/p>\n<p>Hob2Hood\u00ae \u0434\u043b\u044f \u043d\u0435\u043f\u0440\u0435\u0432\u0437\u043e\u0439\u0434\u0435\u043d\u043d\u043e\u0433\u043e \u043a\u043e\u043c\u0444\u043e\u0440\u0442\u0430<br \/>\u0424\u0443\u043d\u043a\u0446\u0438\u044f Hob2Hood\u00ae \u0432 \u0431\u0435\u0441\u043f\u0440\u043e\u0432\u043e\u0434\u043d\u043e\u043c \u0440\u0435\u0436\u0438\u043c\u0435 \u0441\u043e\u0435\u0434\u0438\u043d\u044f\u0435\u0442 \u0432\u0430\u0440\u043e\u0447\u043d\u0443\u044e \u043f\u043e\u0432\u0435\u0440\u0445\u043d\u043e\u0441\u0442\u044c \u0441 \u0432\u044b\u0442\u044f\u0436\u043a\u043e\u0439. \u041d\u0430\u0447\u0438\u043d\u0430\u0439\u0442\u0435 \u0433\u043e\u0442\u043e\u0432\u0438\u0442\u044c, \u0438 \u0432\u044b\u0442\u044f\u0436\u043a\u0430 \u0430\u0432\u0442\u043e\u043c\u0430\u0442\u0438\u0447\u0435\u0441\u043a\u0438 \u043e\u0442\u0440\u0435\u0433\u0443\u043b\u0438\u0440\u0443\u0435\u0442 \u043d\u0430\u0441\u0442\u0440\u043e\u0439\u043a\u0438 \u0434\u043b\u044f \u043e\u043f\u0442\u0438\u043c\u0430\u043b\u044c\u043d\u043e\u0433\u043e \u043e\u0442\u0432\u043e\u0434\u0430 \u043f\u0430\u0440\u0430, \u043e\u0441\u043d\u043e\u0432\u044b\u0432\u0430\u044f\u0441\u044c \u043d\u0430 \u043f\u0430\u0440\u0430\u043c\u0435\u0442\u0440\u0430\u0445 \u043c\u043e\u0449\u043d\u043e\u0441\u0442\u0438 \u0432\u0430\u0440\u043e\u0447\u043d\u043e\u0439 \u043f\u0430\u043d\u0435\u043b\u0438. \u042d\u0442\u043e \u043e\u0431\u043b\u0435\u0433\u0447\u0430\u0435\u0442 \u0442\u044f\u0436\u0435\u043b\u0443\u044e \u0440\u0430\u0431\u043e\u0442\u0443, \u043f\u043e\u044d\u0442\u043e\u043c\u0443 \u0432\u044b\u00a0<br \/>\u0417\u043e\u043d\u044b \u043f\u0440\u0438\u0433\u043e\u0442\u043e\u0432\u043b\u0435\u043d\u0438\u044f \u0437\u0430\u0433\u043e\u0440\u0430\u044e\u0442\u0441\u044f \u0441 ActiveTouch<br \/>\u041a\u043e\u0433\u0434\u0430 \u0432\u044b \u0441\u0442\u0430\u0432\u0438\u0442\u0435 \u043a\u0430\u0441\u0442\u0440\u044e\u043b\u044e \u043d\u0430 \u0432\u0430\u0440\u043e\u0447\u043d\u0443\u044e \u043f\u043e\u0432\u0435\u0440\u0445\u043d\u043e\u0441\u0442\u044c, \u0441\u043e\u043e\u0442\u0432\u0435\u0442\u0441\u0442\u0432\u0443\u044e\u0449\u0438\u0439 \u0441\u0435\u043d\u0441\u043e\u0440 \u0443\u043f\u0440\u0430\u0432\u043b\u0435\u043d\u0438\u044f \u0430\u0432\u0442\u043e\u043c\u0430\u0442\u0438\u0447\u0435\u0441\u043a\u0438 \u0437\u0430\u0433\u043e\u0440\u0430\u0435\u0442\u0441\u044f. \u0422\u0430\u043a \u0432\u044b \u0441\u0440\u0430\u0437\u0443 \u0443\u0437\u043d\u0430\u0435\u0442\u0435, \u043a\u0430\u043a\u0438\u0435 \u044d\u043b\u0435\u043c\u0435\u043d\u0442\u044b \u0443\u043f\u0440\u0430\u0432\u043b\u0435\u043d\u0438\u044f \u0438\u0441\u043f\u043e\u043b\u044c\u0437\u043e\u0432\u0430\u0442\u044c \u0434\u043b\u044f \u0433\u043e\u0442\u043e\u0432\u043a\u0438. \u041f\u0440\u043e\u0441\u0442\u043e \u0432\u044b\u0431\u0435\u0440\u0438\u0442\u0435 \u0436\u0435\u043b\u0430\u0435\u043c\u0443\u044e \u0442\u0435\u043c\u043f\u0435\u0440\u0430\u0442\u0443\u0440\u0443 \u0434\u043b\u044f \u0432\u0430\u0448\u0435\u0433\u043e \u0431\u043b\u044e\u0434\u0430 \u043e\u0434\u043d\u0438\u043c \u043a\u0430\u0441\u0430\u043d\u0438\u0435\u043c \u043f\u0430\u043b\u044c\u0446\u0430, \u0438 \u0432\u044b \u0431\u044b\u0441\u0442\u0440\u043e \u043f\u043e\u043b\u0443\u0447\u0438\u0442\u0435 \u0432\u043a\u0443\u0441\u043d\u044b\u0435 \u0440\u0435\u0437\u0443\u043b\u044c\u0442\u0430\u0442\u044b.<\/p>\n<p>\u0418\u043d\u0434\u0438\u0432\u0438\u0434\u0443\u0430\u043b\u044c\u043d\u044b\u0439 \u0442\u0430\u0439\u043c\u0435\u0440 \u0434\u043b\u044f \u043a\u0430\u0436\u0434\u043e\u0439 \u0437\u043e\u043d\u044b<br \/>\u0413\u043e\u0442\u043e\u0432\u0438\u0442\u044c \u043d\u0435\u0441\u043a\u043e\u043b\u044c\u043a\u043e \u0431\u043b\u044e\u0434 \u043e\u0434\u043d\u043e\u0432\u0440\u0435\u043c\u0435\u043d\u043d\u043e \u043c\u043e\u0436\u0435\u0442 \u0431\u044b\u0442\u044c \u0441\u043b\u043e\u0436\u043d\u043e, \u043d\u043e \u0443\u0441\u0442\u0430\u043d\u043e\u0432\u043a\u0430 \u0442\u0430\u0439\u043c\u0435\u0440\u043e\u0432 \u043d\u0435 \u0434\u043e\u043b\u0436\u043d\u0430 \u0431\u044b\u0442\u044c \u0442\u0430\u043a\u043e\u0439. \u0423\u0441\u0442\u0430\u043d\u043e\u0432\u0438\u0442\u0435 \u0438\u043d\u0434\u0438\u0432\u0438\u0434\u0443\u0430\u043b\u044c\u043d\u044b\u0435 \u0442\u0430\u0439\u043c\u0435\u0440\u044b \u0434\u043b\u044f \u043a\u0430\u0436\u0434\u043e\u0439 \u0437\u043e\u043d\u044b \u043f\u0440\u0438\u0433\u043e\u0442\u043e\u0432\u043b\u0435\u043d\u0438\u044f, \u0438 \u043a\u043e\u0433\u0434\u0430 \u0432\u0440\u0435\u043c\u044f \u0438\u0441\u0442\u0435\u0447\u0451\u0442, \u043f\u043e\u0432\u0435\u0440\u0445\u043d\u043e\u0441\u0442\u044c \u0430\u0432\u0442\u043e\u043c\u0430\u0442\u0438\u0447\u0435\u0441\u043a\u0438 \u043e\u0442\u043a\u043b\u044e\u0447\u0438\u0442\u0441\u044f. \u0418\u043d\u0442\u0435\u043b\u043b\u0435\u043a\u0442\u0443\u0430\u043b\u044c\u043d\u0430\u044f \u043f\u043e\u043c\u043e\u0449\u044c \u043e\u0431\u0435\u0441\u043f\u0435\u0447\u0438\u0442 \u043b\u0451\u0433\u043a\u043e\u0441\u0442\u044c \u043f\u0440\u0438\u0433\u043e\u0442\u043e\u0432\u043b\u0435\u043d\u0438\u044f \u043a\u0430\u0436\u0434\u043e\u0433\u043e \u0431\u043b\u044e\u0434\u0430.<br \/>PrevNext123<br \/>\u0424\u0443\u043d\u043a\u0446\u0438\u0438<br \/>\u0422\u0438\u043f \u043f\u043e\u0432\u0435\u0440\u0445\u043d\u043e\u0441\u0442\u0438: \u0418\u043d\u0434\u0443\u043a\u0446\u0438\u044f<br \/>\u0412\u0430\u0440\u043e\u0447\u043d\u0430\u044f \u043f\u043e\u0432\u0435\u0440\u0445\u043d\u043e\u0441\u0442\u044c \u0441 \u043d\u0430\u043a\u043b\u043e\u043d\u043d\u043e\u0439 \u0440\u0430\u043c\u043a\u043e\u0439<br \/>\u041f\u043e\u0434\u0441\u0432\u0435\u0447\u0438\u0432\u0430\u0435\u043c\u044b\u0435 \u043a\u043d\u043e\u043f\u043a\u0438 \u0443\u043f\u0440\u0430\u0432\u043b\u0435\u043d\u0438\u044f<br \/>\u0418\u043d\u0434\u0443\u043a\u0446\u0438\u043e\u043d\u043d\u044b\u0435 \u0437\u043e\u043d\u044b \u0441 \u0444\u0443\u043d\u043a\u0446\u0438\u0435\u0439 \u0443\u0441\u0438\u043b\u0435\u043d\u0438\u044f \u043c\u043e\u0449\u043d\u043e\u0441\u0442\u0438<br \/>\u0420\u0430\u0441\u043f\u043e\u0437\u043d\u0430\u0432\u0430\u043d\u0438\u0435 \u043f\u043e\u0441\u0443\u0434\u044b<br \/>\u0424\u0443\u043d\u043a\u0446\u0438\u044f \u0431\u043b\u043e\u043a\u0438\u0440\u043e\u0432\u043a\u0438 \u043a\u043b\u0430\u0432\u0438\u0448<br \/>\u0417\u0430\u0449\u0438\u0442\u0430 \u043e\u0442 \u0434\u0435\u0442\u0435\u0439<br \/>\u0411\u0435\u0437\u043e\u043f\u0430\u0441\u043d\u043e\u0441\u0442\u044c \u043f\u043e\u0432\u0435\u0440\u0445\u043d\u043e\u0441\u0442\u0438: \u0430\u0432\u0442\u043e\u043c\u0430\u0442\u0438\u0447\u0435\u0441\u043a\u043e\u0435 \u043e\u0442\u043a\u043b\u044e\u0447\u0435\u043d\u0438\u0435<br \/>\u0417\u0432\u0443\u043a\u043e\u0432\u043e\u0439 \u0441\u0438\u0433\u043d\u0430\u043b \u0441 \u0432\u043e\u0437\u043c\u043e\u0436\u043d\u043e\u0441\u0442\u044c\u044e \u043e\u0442\u043a\u043b\u044e\u0447\u0435\u043d\u0438\u044f<br \/>EcoTimer\u2122<br \/>\u0424\u0443\u043d\u043a\u0446\u0438\u044f \u0442\u0430\u0439\u043c\u0435\u0440\u0430<br \/>\u0424\u0443\u043d\u043a\u0446\u0438\u044f CleverHeat\u2122<br \/>\u0425\u0430\u0440\u0430\u043a\u0442\u0435\u0440\u0438\u0441\u0442\u0438\u043a\u0438<br \/>\u0420\u0430\u0437\u043c\u0435\u0440\u044b \u0434\u043b\u044f \u0432\u0441\u0442\u0440\u0430\u0438\u0432\u0430\u043d\u0438\u044f \u0412x\u0428x\u0413, \u043c\u043c x560x490<br \/>P x D, mm 590\u00d7520<br \/>\u0426\u0432\u0435\u0442 \u0427\u0435\u0440\u043d\u044b\u0439<br \/>\u0422\u0438\u043f \u043f\u043e\u0432\u0435\u0440\u0445\u043d\u043e\u0441\u0442\u0438 \u0438\u043d\u0434\u0443\u043a\u0446\u0438\u043e\u043d\u043d\u0430\u044f<br \/>\u041f\u043e\u0434\u0441\u0442\u0430\u0432\u043a\u0438 \u0434\u043b\u044f \u043f\u043e\u0441\u0443\u0434\u044b \u043e\u0442\u0441\u0443\u0442\u0441\u0442\u0432\u0443\u044e\u0442<br \/>\u0414\u043b\u0438\u043d\u0430 \u0448\u043d\u0443\u0440\u0430 \u043f\u0438\u0442\u0430\u043d\u0438\u044f, \u043c 1.5<br \/>\u041e\u0431\u0449\u0430\u044f \u043c\u043e\u0449\u043d\u043e\u0441\u0442\u044c \u043f\u043e\u0434\u043a\u043b\u044e\u0447\u0435\u043d\u0438\u044f, \u0412\u0442 7350<br \/>\u0421\u0435\u0442\u0435\u0432\u043e\u0435 \u043d\u0430\u043f\u0440\u044f\u0436\u0435\u043d\u0438\u0435, \u0412 220-240\u0412\/400\u04122N<br \/>\u041d\u043e\u043c\u0435\u0440 \u043f\u0440\u043e\u0434\u0443\u043a\u0442\u0430 949 596 883<\/p>","protected":false},"excerpt":{"rendered":"<p>Pre\u010du z\u012bme Electrolux Tips IndukcijasVirsma Keramikas stiklaKr\u0101sa MelnaSildri\u0146\u0137u skaits 4EAN 7332543661657Vad\u012bbaVad\u012bba Sk\u0101rienvad\u012bbaVad\u012bbas panelis Sk\u0101rienj\u016bt\u012bgsIzm\u0113rs, svarsIzm\u0113ri, cm 4.4 x 59 x 52Svars 11.6 kgCiti parametriApmale NavTaimeris IrB\u0113rnu dro\u0161\u012bbas aizsardz\u012bba Kop\u0113j\u0101 jauda 7.4 kWPapildu funkcijas Hob2Hood\u00a0ePrevNext1234567891011600 Pure Bridge ieb\u016bv\u0113jama indukcijas pl\u012bts virsma 60 cm ar Hob2HoodModerna pl\u012bts virsma, skaists dizainsPl\u012bts virsma, kas izsl\u0113gt\u0101 st\u0101vokl\u012b ir melna un [&hellip;]<\/p>\n","protected":false},"featured_media":25752,"comment_status":"open","ping_status":"closed","template":"","meta":{"_joinchat":[]},"product_brand":[265],"product_cat":[264],"product_tag":[],"class_list":{"0":"post-25755","1":"product","2":"type-product","3":"status-publish","4":"has-post-thumbnail","6":"product_brand-electrolux","7":"product_cat-iebuvejama-sadzives-tehnika-iebuvejamas-elektriskas-plits-virsmas","9":"first","10":"instock","11":"shipping-taxable","12":"purchasable","13":"product-type-simple"},"yoast_head":"<!-- This site is optimized with the Yoast SEO plugin v27.5 - https:\/\/yoast.com\/product\/yoast-seo-wordpress\/ -->\n<title>Electrolux EIP6446 Indukcijas! - Continent.lv<\/title>\n<meta name=\"robots\" content=\"index, follow, max-snippet:-1, max-image-preview:large, max-video-preview:-1\" \/>\n<link rel=\"canonical\" href=\"https:\/\/continent.lv\/ru\/product\/electrolux-eip6446-indukcijas\/\" \/>\n<meta property=\"og:locale\" content=\"ru_RU\" \/>\n<meta property=\"og:type\" content=\"article\" \/>\n<meta property=\"og:title\" content=\"Electrolux EIP6446 Indukcijas! - Continent.lv\" \/>\n<meta property=\"og:description\" content=\"Pre\u010du z\u012bme Electrolux Tips IndukcijasVirsma Keramikas stiklaKr\u0101sa MelnaSildri\u0146\u0137u skaits 4EAN 7332543661657Vad\u012bbaVad\u012bba Sk\u0101rienvad\u012bbaVad\u012bbas panelis Sk\u0101rienj\u016bt\u012bgsIzm\u0113rs, svarsIzm\u0113ri, cm 4.4 x 59 x 52Svars 11.6 kgCiti parametriApmale NavTaimeris IrB\u0113rnu dro\u0161\u012bbas aizsardz\u012bba Kop\u0113j\u0101 jauda 7.4 kWPapildu funkcijas Hob2Hood\u00a0ePrevNext1234567891011600 Pure Bridge ieb\u016bv\u0113jama indukcijas pl\u012bts virsma 60 cm ar Hob2HoodModerna pl\u012bts virsma, skaists dizainsPl\u012bts virsma, kas izsl\u0113gt\u0101 st\u0101vokl\u012b ir melna un [&hellip;]\" \/>\n<meta property=\"og:url\" content=\"https:\/\/continent.lv\/ru\/product\/electrolux-eip6446-indukcijas\/\" \/>\n<meta property=\"og:site_name\" content=\"Continent.lv\" \/>\n<meta property=\"og:image\" content=\"https:\/\/continent.lv\/wp-content\/uploads\/2026\/04\/Electrolux_EIP6446.jpeg\" \/>\n\t<meta property=\"og:image:width\" content=\"700\" \/>\n\t<meta property=\"og:image:height\" content=\"700\" \/>\n\t<meta property=\"og:image:type\" content=\"image\/jpeg\" \/>\n<meta name=\"twitter:card\" content=\"summary_large_image\" \/>\n<meta name=\"twitter:label1\" content=\"\u041f\u0440\u0438\u043c\u0435\u0440\u043d\u043e\u0435 \u0432\u0440\u0435\u043c\u044f \u0434\u043b\u044f \u0447\u0442\u0435\u043d\u0438\u044f\" \/>\n\t<meta name=\"twitter:data1\" content=\"2 \u043c\u0438\u043d\u0443\u0442\u044b\" \/>\n<script type=\"application\/ld+json\" class=\"yoast-schema-graph\">{\"@context\":\"https:\\\/\\\/schema.org\",\"@graph\":[{\"@type\":\"WebPage\",\"@id\":\"https:\\\/\\\/continent.lv\\\/product\\\/electrolux-eip6446-indukcijas\\\/\",\"url\":\"https:\\\/\\\/continent.lv\\\/product\\\/electrolux-eip6446-indukcijas\\\/\",\"name\":\"Electrolux EIP6446 Indukcijas! - Continent.lv\",\"isPartOf\":{\"@id\":\"https:\\\/\\\/continent.lv\\\/#website\"},\"primaryImageOfPage\":{\"@id\":\"https:\\\/\\\/continent.lv\\\/product\\\/electrolux-eip6446-indukcijas\\\/#primaryimage\"},\"image\":{\"@id\":\"https:\\\/\\\/continent.lv\\\/product\\\/electrolux-eip6446-indukcijas\\\/#primaryimage\"},\"thumbnailUrl\":\"https:\\\/\\\/continent.lv\\\/wp-content\\\/uploads\\\/2026\\\/04\\\/Electrolux_EIP6446.jpeg\",\"datePublished\":\"2026-04-30T22:47:29+00:00\",\"breadcrumb\":{\"@id\":\"https:\\\/\\\/continent.lv\\\/product\\\/electrolux-eip6446-indukcijas\\\/#breadcrumb\"},\"inLanguage\":\"ru-RU\",\"potentialAction\":[{\"@type\":\"ReadAction\",\"target\":[\"https:\\\/\\\/continent.lv\\\/product\\\/electrolux-eip6446-indukcijas\\\/\"]}]},{\"@type\":\"ImageObject\",\"inLanguage\":\"ru-RU\",\"@id\":\"https:\\\/\\\/continent.lv\\\/product\\\/electrolux-eip6446-indukcijas\\\/#primaryimage\",\"url\":\"https:\\\/\\\/continent.lv\\\/wp-content\\\/uploads\\\/2026\\\/04\\\/Electrolux_EIP6446.jpeg\",\"contentUrl\":\"https:\\\/\\\/continent.lv\\\/wp-content\\\/uploads\\\/2026\\\/04\\\/Electrolux_EIP6446.jpeg\",\"width\":700,\"height\":700},{\"@type\":\"BreadcrumbList\",\"@id\":\"https:\\\/\\\/continent.lv\\\/product\\\/electrolux-eip6446-indukcijas\\\/#breadcrumb\",\"itemListElement\":[{\"@type\":\"ListItem\",\"position\":1,\"name\":\"Home\",\"item\":\"https:\\\/\\\/continent.lv\\\/\"},{\"@type\":\"ListItem\",\"position\":2,\"name\":\"Veikals\",\"item\":\"https:\\\/\\\/continent.lv\\\/shop\\\/\"},{\"@type\":\"ListItem\",\"position\":3,\"name\":\"Electrolux EIP6446 Indukcijas!\"}]},{\"@type\":\"WebSite\",\"@id\":\"https:\\\/\\\/continent.lv\\\/#website\",\"url\":\"https:\\\/\\\/continent.lv\\\/\",\"name\":\"Continent.lv\",\"description\":\"Sadz\u012bves pre\u010du internetveikals\",\"publisher\":{\"@id\":\"https:\\\/\\\/continent.lv\\\/#organization\"},\"potentialAction\":[{\"@type\":\"SearchAction\",\"target\":{\"@type\":\"EntryPoint\",\"urlTemplate\":\"https:\\\/\\\/continent.lv\\\/?s={search_term_string}\"},\"query-input\":{\"@type\":\"PropertyValueSpecification\",\"valueRequired\":true,\"valueName\":\"search_term_string\"}}],\"inLanguage\":\"ru-RU\"},{\"@type\":\"Organization\",\"@id\":\"https:\\\/\\\/continent.lv\\\/#organization\",\"name\":\"Continent.lv\",\"url\":\"https:\\\/\\\/continent.lv\\\/\",\"logo\":{\"@type\":\"ImageObject\",\"inLanguage\":\"ru-RU\",\"@id\":\"https:\\\/\\\/continent.lv\\\/#\\\/schema\\\/logo\\\/image\\\/\",\"url\":\"https:\\\/\\\/continent.lv\\\/wp-content\\\/uploads\\\/2026\\\/05\\\/logo_continent_5nwv-jh.jpg\",\"contentUrl\":\"https:\\\/\\\/continent.lv\\\/wp-content\\\/uploads\\\/2026\\\/05\\\/logo_continent_5nwv-jh.jpg\",\"width\":221,\"height\":50,\"caption\":\"Continent.lv\"},\"image\":{\"@id\":\"https:\\\/\\\/continent.lv\\\/#\\\/schema\\\/logo\\\/image\\\/\"}}]}<\/script>\n<!-- \/ Yoast SEO plugin. -->","yoast_head_json":{"title":"Electrolux EIP6446 Indukcijas! - Continent.lv","robots":{"index":"index","follow":"follow","max-snippet":"max-snippet:-1","max-image-preview":"max-image-preview:large","max-video-preview":"max-video-preview:-1"},"canonical":"https:\/\/continent.lv\/ru\/product\/electrolux-eip6446-indukcijas\/","og_locale":"ru_RU","og_type":"article","og_title":"Electrolux EIP6446 Indukcijas! - Continent.lv","og_description":"Pre\u010du z\u012bme Electrolux Tips IndukcijasVirsma Keramikas stiklaKr\u0101sa MelnaSildri\u0146\u0137u skaits 4EAN 7332543661657Vad\u012bbaVad\u012bba Sk\u0101rienvad\u012bbaVad\u012bbas panelis Sk\u0101rienj\u016bt\u012bgsIzm\u0113rs, svarsIzm\u0113ri, cm 4.4 x 59 x 52Svars 11.6 kgCiti parametriApmale NavTaimeris IrB\u0113rnu dro\u0161\u012bbas aizsardz\u012bba Kop\u0113j\u0101 jauda 7.4 kWPapildu funkcijas Hob2Hood\u00a0ePrevNext1234567891011600 Pure Bridge ieb\u016bv\u0113jama indukcijas pl\u012bts virsma 60 cm ar Hob2HoodModerna pl\u012bts virsma, skaists dizainsPl\u012bts virsma, kas izsl\u0113gt\u0101 st\u0101vokl\u012b ir melna un [&hellip;]","og_url":"https:\/\/continent.lv\/ru\/product\/electrolux-eip6446-indukcijas\/","og_site_name":"Continent.lv","og_image":[{"width":700,"height":700,"url":"https:\/\/continent.lv\/wp-content\/uploads\/2026\/04\/Electrolux_EIP6446.jpeg","type":"image\/jpeg"}],"twitter_card":"summary_large_image","twitter_misc":{"\u041f\u0440\u0438\u043c\u0435\u0440\u043d\u043e\u0435 \u0432\u0440\u0435\u043c\u044f \u0434\u043b\u044f \u0447\u0442\u0435\u043d\u0438\u044f":"2 \u043c\u0438\u043d\u0443\u0442\u044b"},"schema":{"@context":"https:\/\/schema.org","@graph":[{"@type":"WebPage","@id":"https:\/\/continent.lv\/product\/electrolux-eip6446-indukcijas\/","url":"https:\/\/continent.lv\/product\/electrolux-eip6446-indukcijas\/","name":"Electrolux EIP6446 Indukcijas! - Continent.lv","isPartOf":{"@id":"https:\/\/continent.lv\/#website"},"primaryImageOfPage":{"@id":"https:\/\/continent.lv\/product\/electrolux-eip6446-indukcijas\/#primaryimage"},"image":{"@id":"https:\/\/continent.lv\/product\/electrolux-eip6446-indukcijas\/#primaryimage"},"thumbnailUrl":"https:\/\/continent.lv\/wp-content\/uploads\/2026\/04\/Electrolux_EIP6446.jpeg","datePublished":"2026-04-30T22:47:29+00:00","breadcrumb":{"@id":"https:\/\/continent.lv\/product\/electrolux-eip6446-indukcijas\/#breadcrumb"},"inLanguage":"ru-RU","potentialAction":[{"@type":"ReadAction","target":["https:\/\/continent.lv\/product\/electrolux-eip6446-indukcijas\/"]}]},{"@type":"ImageObject","inLanguage":"ru-RU","@id":"https:\/\/continent.lv\/product\/electrolux-eip6446-indukcijas\/#primaryimage","url":"https:\/\/continent.lv\/wp-content\/uploads\/2026\/04\/Electrolux_EIP6446.jpeg","contentUrl":"https:\/\/continent.lv\/wp-content\/uploads\/2026\/04\/Electrolux_EIP6446.jpeg","width":700,"height":700},{"@type":"BreadcrumbList","@id":"https:\/\/continent.lv\/product\/electrolux-eip6446-indukcijas\/#breadcrumb","itemListElement":[{"@type":"ListItem","position":1,"name":"Home","item":"https:\/\/continent.lv\/"},{"@type":"ListItem","position":2,"name":"Veikals","item":"https:\/\/continent.lv\/shop\/"},{"@type":"ListItem","position":3,"name":"Electrolux EIP6446 Indukcijas!"}]},{"@type":"WebSite","@id":"https:\/\/continent.lv\/#website","url":"https:\/\/continent.lv\/","name":"Continent.lv","description":"Sadz\u012bves pre\u010du internetveikals","publisher":{"@id":"https:\/\/continent.lv\/#organization"},"potentialAction":[{"@type":"SearchAction","target":{"@type":"EntryPoint","urlTemplate":"https:\/\/continent.lv\/?s={search_term_string}"},"query-input":{"@type":"PropertyValueSpecification","valueRequired":true,"valueName":"search_term_string"}}],"inLanguage":"ru-RU"},{"@type":"Organization","@id":"https:\/\/continent.lv\/#organization","name":"Continent.lv","url":"https:\/\/continent.lv\/","logo":{"@type":"ImageObject","inLanguage":"ru-RU","@id":"https:\/\/continent.lv\/#\/schema\/logo\/image\/","url":"https:\/\/continent.lv\/wp-content\/uploads\/2026\/05\/logo_continent_5nwv-jh.jpg","contentUrl":"https:\/\/continent.lv\/wp-content\/uploads\/2026\/05\/logo_continent_5nwv-jh.jpg","width":221,"height":50,"caption":"Continent.lv"},"image":{"@id":"https:\/\/continent.lv\/#\/schema\/logo\/image\/"}}]}},"_links":{"self":[{"href":"https:\/\/continent.lv\/ru\/wp-json\/wp\/v2\/product\/25755","targetHints":{"allow":["GET"]}}],"collection":[{"href":"https:\/\/continent.lv\/ru\/wp-json\/wp\/v2\/product"}],"about":[{"href":"https:\/\/continent.lv\/ru\/wp-json\/wp\/v2\/types\/product"}],"replies":[{"embeddable":true,"href":"https:\/\/continent.lv\/ru\/wp-json\/wp\/v2\/comments?post=25755"}],"wp:featuredmedia":[{"embeddable":true,"href":"https:\/\/continent.lv\/ru\/wp-json\/wp\/v2\/media\/25752"}],"wp:attachment":[{"href":"https:\/\/continent.lv\/ru\/wp-json\/wp\/v2\/media?parent=25755"}],"wp:term":[{"taxonomy":"product_brand","embeddable":true,"href":"https:\/\/continent.lv\/ru\/wp-json\/wp\/v2\/product_brand?post=25755"},{"taxonomy":"product_cat","embeddable":true,"href":"https:\/\/continent.lv\/ru\/wp-json\/wp\/v2\/product_cat?post=25755"},{"taxonomy":"product_tag","embeddable":true,"href":"https:\/\/continent.lv\/ru\/wp-json\/wp\/v2\/product_tag?post=25755"}],"curies":[{"name":"wp","href":"https:\/\/api.w.org\/{rel}","templated":true}]}}