{"id":25597,"date":"2026-04-30T22:43:18","date_gmt":"2026-04-30T22:43:18","guid":{"rendered":"https:\/\/continent.lv\/product\/candy-cbw-27d1e-scbw27d1e-s\/"},"modified":"2026-04-30T22:43:18","modified_gmt":"2026-04-30T22:43:18","slug":"candy-cbw-27d1e-scbw27d1e-s","status":"publish","type":"product","link":"https:\/\/continent.lv\/ru\/product\/candy-cbw-27d1e-scbw27d1e-s\/","title":{"rendered":"Candy CBW 27D1E-S(CBW27D1E-S)"},"content":{"rendered":"<\/p>\n<p class=\"translation-block\"><p><\/p><p><span class=\"JLqJ4b ChMk0b\"><span class=\"Q4iAWc\">\u0414\u0438\u0441\u043f\u043b\u0435\u0439<\/span><\/span><span class=\"JLqJ4b\"><span class=\"Q4iAWc\"><br><\/span><\/span><span class=\"JLqJ4b ChMk0b\"><span class=\"Q4iAWc\">\u0431\u0435\u043b\u044b\u0439 \u0446\u0432\u0435\u0442<\/span><\/span><span class=\"JLqJ4b\"><span class=\"Q4iAWc\"><br><\/span><\/span><span class=\"JLqJ4b ChMk0b\"><span class=\"Q4iAWc\">\u042d\u043d\u0435\u0440\u0433\u0438\u044f<\/span><\/span><span class=\"JLqJ4b\"><span class=\"Q4iAWc\"><br><\/span><\/span><span class=\"JLqJ4b ChMk0b\"><span class=\"Q4iAWc\">\u0423\u0440\u043e\u0432\u0435\u043d\u044c \u0448\u0443\u043c\u0430 \u043f\u0440\u0438 \u043e\u0442\u0436\u0438\u043c\u0435 (\u0434\u0411)75<\/span><\/span><span class=\"JLqJ4b\"><span class=\"Q4iAWc\"><br><\/span><\/span><span class=\"JLqJ4b ChMk0b\"><span class=\"Q4iAWc\">\u0423\u0440\u043e\u0432\u0435\u043d\u044c \u0448\u0443\u043c\u0430 \u043f\u0440\u0438 \u043e\u0442\u0436\u0438\u043c\u0435 (\u043a\u043b\u0430\u0441\u0441 B).<\/span><\/span><span class=\"JLqJ4b\"><span class=\"Q4iAWc\"><br><\/span><\/span><span class=\"JLqJ4b ChMk0b\"><span class=\"Q4iAWc\">\u041a\u043b\u0430\u0441\u0441 \u044d\u043d\u0435\u0440\u0433\u043e\u044d\u0444\u0444\u0435\u043a\u0442\u0438\u0432\u043d\u043e\u0441\u0442\u0438 D<\/span><\/span><span class=\"JLqJ4b\"><span class=\"Q4iAWc\"><br><\/span><\/span><span class=\"JLqJ4b ChMk0b\"><span class=\"Q4iAWc\">\u041f\u043e\u0442\u0440\u0435\u0431\u043b\u0435\u043d\u0438\u0435 \u044d\u043d\u0435\u0440\u0433\u0438\u0438 \u043d\u0430 100 \u0446\u0438\u043a\u043b\u043e\u0432 \u0441\u0442\u0438\u0440\u043a\u0438 (\u043a\u0412\u0442\u0447)69<\/span><\/span><span class=\"JLqJ4b\"><span class=\"Q4iAWc\"><br><\/span><\/span><span class=\"JLqJ4b ChMk0b\"><span class=\"Q4iAWc\">\u0414\u043b\u0438\u0442\u0435\u043b\u044c\u043d\u043e\u0441\u0442\u044c \u044d\u043a\u043e \u043f\u0440\u043e\u0433\u0440\u0430\u043c\u043c\u044b (\u0447:\u043c\u0438\u043d)3:28<\/span><\/span><span class=\"JLqJ4b\"><span class=\"Q4iAWc\"><br><\/span><\/span><span class=\"JLqJ4b ChMk0b\"><span class=\"Q4iAWc\">\u041a\u043b\u0430\u0441\u0441 \u044d\u0444\u0444\u0435\u043a\u0442\u0438\u0432\u043d\u043e\u0441\u0442\u0438 \u043e\u0442\u0436\u0438\u043c\u0430 B<\/span><\/span><span class=\"JLqJ4b\"><span class=\"Q4iAWc\"><br><\/span><\/span><span class=\"JLqJ4b ChMk0b\"><span class=\"Q4iAWc\">\u041c\u0430\u043a\u0441\u0438\u043c\u0430\u043b\u044c\u043d\u0430\u044f \u0437\u0430\u0433\u0440\u0443\u0437\u043a\u0430 \u043f\u0440\u0438 \u0441\u0442\u0438\u0440\u043a\u0435 (\u043a\u0433)7<\/span><\/span><span class=\"JLqJ4b\"><span class=\"Q4iAWc\"><br><\/span><\/span><span class=\"JLqJ4b ChMk0b\"><span class=\"Q4iAWc\">\u041f\u043e\u0442\u0440\u0435\u0431\u043b\u0435\u043d\u0438\u0435 \u0432\u043e\u0434\u044b \u0437\u0430 1 \u0446\u0438\u043a\u043b \u0441\u0442\u0438\u0440\u043a\u0438 (\u043b)41<\/span><\/span><span class=\"JLqJ4b\"><span class=\"Q4iAWc\"><br><\/span><\/span><span class=\"JLqJ4b ChMk0b\"><span class=\"Q4iAWc\">\u0420\u0430\u0437\u043c\u0435\u0440\u044b<\/span><\/span><span class=\"JLqJ4b\"><span class=\"Q4iAWc\"><br><\/span><\/span><span class=\"JLqJ4b ChMk0b\"><span class=\"Q4iAWc\">\u0412\u044b\u0441\u043e\u0442\u0430 (\u0441\u043c)82<\/span><\/span><span class=\"JLqJ4b\"><span class=\"Q4iAWc\"><br><\/span><\/span><span class=\"JLqJ4b ChMk0b\"><span class=\"Q4iAWc\">\u0428\u0438\u0440\u0438\u043d\u0430 (\u0441\u043c)60<\/span><\/span><span class=\"JLqJ4b\"><span class=\"Q4iAWc\"><br><\/span><\/span><span class=\"JLqJ4b ChMk0b\"><span class=\"Q4iAWc\">\u0413\u043b\u0443\u0431\u0438\u043d\u0430 (\u0441\u043c)53<\/span><\/span><span class=\"JLqJ4b\"><span class=\"Q4iAWc\"><br><\/span><\/span><span class=\"JLqJ4b ChMk0b\"><span class=\"Q4iAWc\">\u0412\u0435\u0441 (\u043a\u0433)65,5<\/span><\/span><span class=\"JLqJ4b\"><span class=\"Q4iAWc\"><br><\/span><\/span><span class=\"JLqJ4b ChMk0b\"><span class=\"Q4iAWc\">\u0412\u0435\u0441 \u0431\u0440\u0443\u0442\u0442\u043e (\u043a\u0433)67.5<\/span><\/span><span class=\"JLqJ4b\"><span class=\"Q4iAWc\"><br><\/span><\/span><span class=\"JLqJ4b ChMk0b\"><span class=\"Q4iAWc\">\u0421\u0422\u0418\u0420\u0410\u041b\u042c\u041d\u042b\u0415 \u041c\u0410\u0428\u0418\u041d\u042b<\/span><\/span><span class=\"JLqJ4b\"><span class=\"Q4iAWc\"><br><\/span><\/span><span class=\"JLqJ4b ChMk0b\"><span class=\"Q4iAWc\">\u0422\u0438\u043f \u0441\u0442\u0438\u0440\u0430\u043b\u044c\u043d\u043e\u0439 \u043c\u0430\u0448\u0438\u043d\u044b: \u0444\u0440\u043e\u043d\u0442\u0430\u043b\u044c\u043d\u0430\u044f \u0437\u0430\u0433\u0440\u0443\u0437\u043a\u0430<\/span><\/span><span class=\"JLqJ4b\"><span class=\"Q4iAWc\"><br><\/span><\/span><span class=\"JLqJ4b ChMk0b\"><span class=\"Q4iAWc\">\u0421\u043a\u043e\u0440\u043e\u0441\u0442\u044c \u043e\u0442\u0436\u0438\u043c\u0430 (\u043e\u0431\/\u043c\u0438\u043d, \u043c\u0430\u043a\u0441.) 1200<\/span><\/span><span class=\"JLqJ4b\"><span class=\"Q4iAWc\"><br><\/span><\/span><span class=\"JLqJ4b ChMk0b\"><span class=\"Q4iAWc\">\u041a\u043e\u043b\u0438\u0447\u0435\u0441\u0442\u0432\u043e \u043f\u0440\u043e\u0433\u0440\u0430\u043c\u043c 16<\/span><\/span><\/p><p><\/p><\/p><\/p>","protected":false},"excerpt":{"rendered":"<p class=\"translation-block\"><p><\/p><p><span class=\"JLqJ4b ChMk0b\"><span class=\"Q4iAWc\">\u0414\u0438\u0441\u043f\u043b\u0435\u0439<\/span><\/span><span class=\"JLqJ4b\"><span class=\"Q4iAWc\"><br><\/span><\/span><span class=\"JLqJ4b ChMk0b\"><span class=\"Q4iAWc\">\u0431\u0435\u043b\u044b\u0439 \u0446\u0432\u0435\u0442<\/span><\/span><span class=\"JLqJ4b\"><span class=\"Q4iAWc\"><br><\/span><\/span><span class=\"JLqJ4b ChMk0b\"><span class=\"Q4iAWc\">\u042d\u043d\u0435\u0440\u0433\u0438\u044f<\/span><\/span><span class=\"JLqJ4b\"><span class=\"Q4iAWc\"><br><\/span><\/span><span class=\"JLqJ4b ChMk0b\"><span class=\"Q4iAWc\">\u0423\u0440\u043e\u0432\u0435\u043d\u044c \u0448\u0443\u043c\u0430 \u043f\u0440\u0438 \u043e\u0442\u0436\u0438\u043c\u0435 (\u0434\u0411)75<\/span><\/span><span class=\"JLqJ4b\"><span class=\"Q4iAWc\"><br><\/span><\/span><span class=\"JLqJ4b ChMk0b\"><span class=\"Q4iAWc\">\u0423\u0440\u043e\u0432\u0435\u043d\u044c \u0448\u0443\u043c\u0430 \u043f\u0440\u0438 \u043e\u0442\u0436\u0438\u043c\u0435 (\u043a\u043b\u0430\u0441\u0441 B).<\/span><\/span><span class=\"JLqJ4b\"><span class=\"Q4iAWc\"><br><\/span><\/span><span class=\"JLqJ4b ChMk0b\"><span class=\"Q4iAWc\">\u041a\u043b\u0430\u0441\u0441 \u044d\u043d\u0435\u0440\u0433\u043e\u044d\u0444\u0444\u0435\u043a\u0442\u0438\u0432\u043d\u043e\u0441\u0442\u0438 D<\/span><\/span><span class=\"JLqJ4b\"><span class=\"Q4iAWc\"><br><\/span><\/span><span class=\"JLqJ4b ChMk0b\"><span class=\"Q4iAWc\">\u041f\u043e\u0442\u0440\u0435\u0431\u043b\u0435\u043d\u0438\u0435 \u044d\u043d\u0435\u0440\u0433\u0438\u0438 \u043d\u0430 100 \u0446\u0438\u043a\u043b\u043e\u0432 \u0441\u0442\u0438\u0440\u043a\u0438 (\u043a\u0412\u0442\u0447)69<\/span><\/span><span class=\"JLqJ4b\"><span class=\"Q4iAWc\"><br><\/span><\/span><span class=\"JLqJ4b ChMk0b\"><span class=\"Q4iAWc\">\u0414\u043b\u0438\u0442\u0435\u043b\u044c\u043d\u043e\u0441\u0442\u044c \u044d\u043a\u043e \u043f\u0440\u043e\u0433\u0440\u0430\u043c\u043c\u044b (\u0447:\u043c\u0438\u043d)3:28<\/span><\/span><span class=\"JLqJ4b\"><span class=\"Q4iAWc\"><br><\/span><\/span><span class=\"JLqJ4b ChMk0b\"><span class=\"Q4iAWc\">\u041a\u043b\u0430\u0441\u0441 \u044d\u0444\u0444\u0435\u043a\u0442\u0438\u0432\u043d\u043e\u0441\u0442\u0438 \u043e\u0442\u0436\u0438\u043c\u0430 B<\/span><\/span><span class=\"JLqJ4b\"><span class=\"Q4iAWc\"><br><\/span><\/span><span class=\"JLqJ4b ChMk0b\"><span class=\"Q4iAWc\">\u041c\u0430\u043a\u0441\u0438\u043c\u0430\u043b\u044c\u043d\u0430\u044f \u0437\u0430\u0433\u0440\u0443\u0437\u043a\u0430 \u043f\u0440\u0438 \u0441\u0442\u0438\u0440\u043a\u0435 (\u043a\u0433)7<\/span><\/span><span class=\"JLqJ4b\"><span class=\"Q4iAWc\"><br><\/span><\/span><span class=\"JLqJ4b ChMk0b\"><span class=\"Q4iAWc\">\u041f\u043e\u0442\u0440\u0435\u0431\u043b\u0435\u043d\u0438\u0435 \u0432\u043e\u0434\u044b \u0437\u0430 1 \u0446\u0438\u043a\u043b \u0441\u0442\u0438\u0440\u043a\u0438 (\u043b)41<\/span><\/span><span class=\"JLqJ4b\"><span class=\"Q4iAWc\"><br><\/span><\/span><span class=\"JLqJ4b ChMk0b\"><span class=\"Q4iAWc\">\u0420\u0430\u0437\u043c\u0435\u0440\u044b<\/span><\/span><span class=\"JLqJ4b\"><span class=\"Q4iAWc\"><br><\/span><\/span><span class=\"JLqJ4b ChMk0b\"><span class=\"Q4iAWc\">\u0412\u044b\u0441\u043e\u0442\u0430 (\u0441\u043c)82<\/span><\/span><span class=\"JLqJ4b\"><span class=\"Q4iAWc\"><br><\/span><\/span><span class=\"JLqJ4b ChMk0b\"><span class=\"Q4iAWc\">\u0428\u0438\u0440\u0438\u043d\u0430 (\u0441\u043c)60<\/span><\/span><span class=\"JLqJ4b\"><span class=\"Q4iAWc\"><br><\/span><\/span><span class=\"JLqJ4b ChMk0b\"><span class=\"Q4iAWc\">\u0413\u043b\u0443\u0431\u0438\u043d\u0430 (\u0441\u043c)53<\/span><\/span><span class=\"JLqJ4b\"><span class=\"Q4iAWc\"><br><\/span><\/span><span class=\"JLqJ4b ChMk0b\"><span class=\"Q4iAWc\">\u0412\u0435\u0441 (\u043a\u0433)65,5<\/span><\/span><span class=\"JLqJ4b\"><span class=\"Q4iAWc\"><br><\/span><\/span><span class=\"JLqJ4b ChMk0b\"><span class=\"Q4iAWc\">\u0412\u0435\u0441 \u0431\u0440\u0443\u0442\u0442\u043e (\u043a\u0433)67.5<\/span><\/span><span class=\"JLqJ4b\"><span class=\"Q4iAWc\"><br><\/span><\/span><span class=\"JLqJ4b ChMk0b\"><span class=\"Q4iAWc\">\u0421\u0422\u0418\u0420\u0410\u041b\u042c\u041d\u042b\u0415 \u041c\u0410\u0428\u0418\u041d\u042b<\/span><\/span><span class=\"JLqJ4b\"><span class=\"Q4iAWc\"><br><\/span><\/span><span class=\"JLqJ4b ChMk0b\"><span class=\"Q4iAWc\">\u0422\u0438\u043f \u0441\u0442\u0438\u0440\u0430\u043b\u044c\u043d\u043e\u0439 \u043c\u0430\u0448\u0438\u043d\u044b: \u0444\u0440\u043e\u043d\u0442\u0430\u043b\u044c\u043d\u0430\u044f \u0437\u0430\u0433\u0440\u0443\u0437\u043a\u0430<\/span><\/span><span class=\"JLqJ4b\"><span class=\"Q4iAWc\"><br><\/span><\/span><span class=\"JLqJ4b ChMk0b\"><span class=\"Q4iAWc\">\u0421\u043a\u043e\u0440\u043e\u0441\u0442\u044c \u043e\u0442\u0436\u0438\u043c\u0430 (\u043e\u0431\/\u043c\u0438\u043d, \u043c\u0430\u043a\u0441.) 1200<\/span><\/span><span class=\"JLqJ4b\"><span class=\"Q4iAWc\"><br><\/span><\/span><span class=\"JLqJ4b ChMk0b\"><span class=\"Q4iAWc\">\u041a\u043e\u043b\u0438\u0447\u0435\u0441\u0442\u0432\u043e \u043f\u0440\u043e\u0433\u0440\u0430\u043c\u043c 16<\/span><\/span><\/p><p><\/p><\/p>","protected":false},"featured_media":25592,"comment_status":"open","ping_status":"closed","template":"","meta":{"_joinchat":[]},"product_brand":[267],"product_cat":[310],"product_tag":[],"class_list":{"0":"post-25597","1":"product","2":"type-product","3":"status-publish","4":"has-post-thumbnail","6":"product_brand-candy","7":"product_cat-iebuvejama-sadzives-tehnika-iebuvejamas-velas-masinas","9":"first","10":"instock","11":"shipping-taxable","12":"purchasable","13":"product-type-simple"},"yoast_head":"<!-- This site is optimized with the Yoast SEO plugin v27.5 - https:\/\/yoast.com\/product\/yoast-seo-wordpress\/ -->\n<title>Candy CBW 27D1E-S(CBW27D1E-S) - Continent.lv<\/title>\n<meta name=\"robots\" content=\"index, follow, max-snippet:-1, max-image-preview:large, max-video-preview:-1\" \/>\n<link rel=\"canonical\" href=\"https:\/\/continent.lv\/ru\/product\/candy-cbw-27d1e-scbw27d1e-s\/\" \/>\n<meta property=\"og:locale\" content=\"ru_RU\" \/>\n<meta property=\"og:type\" content=\"article\" \/>\n<meta property=\"og:title\" content=\"Candy CBW 27D1E-S(CBW27D1E-S) - Continent.lv\" \/>\n<meta property=\"og:description\" content=\"Displejsbalta kr\u0101saEner\u0123ijaTrok\u0161\u0146a l\u012bmenis grie\u0161an\u0101s re\u017e\u012bm\u0101 (dB)75Grie\u0161an\u0101s trok\u0161\u0146a l\u012bmenis (B klase).Energoefektivit\u0101tes klase DEner\u0123ijas pat\u0113ri\u0146\u0161 uz 100 mazg\u0101\u0161anas cikliem (KWh)69Eko programmas ilgums (H:MM)3:28Grie\u0161anas efektivit\u0101tes klase BMaksim\u0101l\u0101 iel\u0101de, mazg\u0101\u0161ana (kg)7\u016adens pat\u0113ri\u0146\u0161 1 cikla laik\u0101, mazg\u0101\u0161ana (L)41Izm\u0113riAugstums (cm)82Platums (cm)60Dzi\u013cums (cm)53Svars (Kg)65,5Bruto svars (pakas kg)67.5VE\u013bAS MA\u0160\u012aNASVe\u013cas mazg\u0101jam\u0101s ma\u0161\u012bnas tips Iekrau\u0161ana no priek\u0161asGrie\u0161anas \u0101trums (P\/Min Max) 1200Programmu skaits 16\" \/>\n<meta property=\"og:url\" content=\"https:\/\/continent.lv\/ru\/product\/candy-cbw-27d1e-scbw27d1e-s\/\" \/>\n<meta property=\"og:site_name\" content=\"Continent.lv\" \/>\n<meta property=\"og:image\" content=\"https:\/\/continent.lv\/wp-content\/uploads\/2026\/04\/Candy_CBW_27D1E-S.jpg\" \/>\n\t<meta property=\"og:image:width\" content=\"370\" \/>\n\t<meta property=\"og:image:height\" content=\"423\" \/>\n\t<meta property=\"og:image:type\" content=\"image\/jpeg\" \/>\n<meta name=\"twitter:card\" content=\"summary_large_image\" \/>\n<script type=\"application\/ld+json\" class=\"yoast-schema-graph\">{\"@context\":\"https:\\\/\\\/schema.org\",\"@graph\":[{\"@type\":\"WebPage\",\"@id\":\"https:\\\/\\\/continent.lv\\\/product\\\/candy-cbw-27d1e-scbw27d1e-s\\\/\",\"url\":\"https:\\\/\\\/continent.lv\\\/product\\\/candy-cbw-27d1e-scbw27d1e-s\\\/\",\"name\":\"Candy CBW 27D1E-S(CBW27D1E-S) - Continent.lv\",\"isPartOf\":{\"@id\":\"https:\\\/\\\/continent.lv\\\/#website\"},\"primaryImageOfPage\":{\"@id\":\"https:\\\/\\\/continent.lv\\\/product\\\/candy-cbw-27d1e-scbw27d1e-s\\\/#primaryimage\"},\"image\":{\"@id\":\"https:\\\/\\\/continent.lv\\\/product\\\/candy-cbw-27d1e-scbw27d1e-s\\\/#primaryimage\"},\"thumbnailUrl\":\"https:\\\/\\\/continent.lv\\\/wp-content\\\/uploads\\\/2026\\\/04\\\/Candy_CBW_27D1E-S.jpg\",\"datePublished\":\"2026-04-30T22:43:18+00:00\",\"breadcrumb\":{\"@id\":\"https:\\\/\\\/continent.lv\\\/product\\\/candy-cbw-27d1e-scbw27d1e-s\\\/#breadcrumb\"},\"inLanguage\":\"ru-RU\",\"potentialAction\":[{\"@type\":\"ReadAction\",\"target\":[\"https:\\\/\\\/continent.lv\\\/product\\\/candy-cbw-27d1e-scbw27d1e-s\\\/\"]}]},{\"@type\":\"ImageObject\",\"inLanguage\":\"ru-RU\",\"@id\":\"https:\\\/\\\/continent.lv\\\/product\\\/candy-cbw-27d1e-scbw27d1e-s\\\/#primaryimage\",\"url\":\"https:\\\/\\\/continent.lv\\\/wp-content\\\/uploads\\\/2026\\\/04\\\/Candy_CBW_27D1E-S.jpg\",\"contentUrl\":\"https:\\\/\\\/continent.lv\\\/wp-content\\\/uploads\\\/2026\\\/04\\\/Candy_CBW_27D1E-S.jpg\",\"width\":370,\"height\":423},{\"@type\":\"BreadcrumbList\",\"@id\":\"https:\\\/\\\/continent.lv\\\/product\\\/candy-cbw-27d1e-scbw27d1e-s\\\/#breadcrumb\",\"itemListElement\":[{\"@type\":\"ListItem\",\"position\":1,\"name\":\"Home\",\"item\":\"https:\\\/\\\/continent.lv\\\/\"},{\"@type\":\"ListItem\",\"position\":2,\"name\":\"Veikals\",\"item\":\"https:\\\/\\\/continent.lv\\\/shop\\\/\"},{\"@type\":\"ListItem\",\"position\":3,\"name\":\"Candy CBW 27D1E-S(CBW27D1E-S)\"}]},{\"@type\":\"WebSite\",\"@id\":\"https:\\\/\\\/continent.lv\\\/#website\",\"url\":\"https:\\\/\\\/continent.lv\\\/\",\"name\":\"Continent.lv\",\"description\":\"Sadz\u012bves pre\u010du internetveikals\",\"publisher\":{\"@id\":\"https:\\\/\\\/continent.lv\\\/#organization\"},\"potentialAction\":[{\"@type\":\"SearchAction\",\"target\":{\"@type\":\"EntryPoint\",\"urlTemplate\":\"https:\\\/\\\/continent.lv\\\/?s={search_term_string}\"},\"query-input\":{\"@type\":\"PropertyValueSpecification\",\"valueRequired\":true,\"valueName\":\"search_term_string\"}}],\"inLanguage\":\"ru-RU\"},{\"@type\":\"Organization\",\"@id\":\"https:\\\/\\\/continent.lv\\\/#organization\",\"name\":\"Continent.lv\",\"url\":\"https:\\\/\\\/continent.lv\\\/\",\"logo\":{\"@type\":\"ImageObject\",\"inLanguage\":\"ru-RU\",\"@id\":\"https:\\\/\\\/continent.lv\\\/#\\\/schema\\\/logo\\\/image\\\/\",\"url\":\"https:\\\/\\\/continent.lv\\\/wp-content\\\/uploads\\\/2026\\\/05\\\/logo_continent_5nwv-jh.jpg\",\"contentUrl\":\"https:\\\/\\\/continent.lv\\\/wp-content\\\/uploads\\\/2026\\\/05\\\/logo_continent_5nwv-jh.jpg\",\"width\":221,\"height\":50,\"caption\":\"Continent.lv\"},\"image\":{\"@id\":\"https:\\\/\\\/continent.lv\\\/#\\\/schema\\\/logo\\\/image\\\/\"}}]}<\/script>\n<!-- \/ Yoast SEO plugin. -->","yoast_head_json":{"title":"Candy CBW 27D1E-S(CBW27D1E-S) - Continent.lv","robots":{"index":"index","follow":"follow","max-snippet":"max-snippet:-1","max-image-preview":"max-image-preview:large","max-video-preview":"max-video-preview:-1"},"canonical":"https:\/\/continent.lv\/ru\/product\/candy-cbw-27d1e-scbw27d1e-s\/","og_locale":"ru_RU","og_type":"article","og_title":"Candy CBW 27D1E-S(CBW27D1E-S) - Continent.lv","og_description":"Displejsbalta kr\u0101saEner\u0123ijaTrok\u0161\u0146a l\u012bmenis grie\u0161an\u0101s re\u017e\u012bm\u0101 (dB)75Grie\u0161an\u0101s trok\u0161\u0146a l\u012bmenis (B klase).Energoefektivit\u0101tes klase DEner\u0123ijas pat\u0113ri\u0146\u0161 uz 100 mazg\u0101\u0161anas cikliem (KWh)69Eko programmas ilgums (H:MM)3:28Grie\u0161anas efektivit\u0101tes klase BMaksim\u0101l\u0101 iel\u0101de, mazg\u0101\u0161ana (kg)7\u016adens pat\u0113ri\u0146\u0161 1 cikla laik\u0101, mazg\u0101\u0161ana (L)41Izm\u0113riAugstums (cm)82Platums (cm)60Dzi\u013cums (cm)53Svars (Kg)65,5Bruto svars (pakas kg)67.5VE\u013bAS MA\u0160\u012aNASVe\u013cas mazg\u0101jam\u0101s ma\u0161\u012bnas tips Iekrau\u0161ana no priek\u0161asGrie\u0161anas \u0101trums (P\/Min Max) 1200Programmu skaits 16","og_url":"https:\/\/continent.lv\/ru\/product\/candy-cbw-27d1e-scbw27d1e-s\/","og_site_name":"Continent.lv","og_image":[{"width":370,"height":423,"url":"https:\/\/continent.lv\/wp-content\/uploads\/2026\/04\/Candy_CBW_27D1E-S.jpg","type":"image\/jpeg"}],"twitter_card":"summary_large_image","schema":{"@context":"https:\/\/schema.org","@graph":[{"@type":"WebPage","@id":"https:\/\/continent.lv\/product\/candy-cbw-27d1e-scbw27d1e-s\/","url":"https:\/\/continent.lv\/product\/candy-cbw-27d1e-scbw27d1e-s\/","name":"Candy CBW 27D1E-S(CBW27D1E-S) - Continent.lv","isPartOf":{"@id":"https:\/\/continent.lv\/#website"},"primaryImageOfPage":{"@id":"https:\/\/continent.lv\/product\/candy-cbw-27d1e-scbw27d1e-s\/#primaryimage"},"image":{"@id":"https:\/\/continent.lv\/product\/candy-cbw-27d1e-scbw27d1e-s\/#primaryimage"},"thumbnailUrl":"https:\/\/continent.lv\/wp-content\/uploads\/2026\/04\/Candy_CBW_27D1E-S.jpg","datePublished":"2026-04-30T22:43:18+00:00","breadcrumb":{"@id":"https:\/\/continent.lv\/product\/candy-cbw-27d1e-scbw27d1e-s\/#breadcrumb"},"inLanguage":"ru-RU","potentialAction":[{"@type":"ReadAction","target":["https:\/\/continent.lv\/product\/candy-cbw-27d1e-scbw27d1e-s\/"]}]},{"@type":"ImageObject","inLanguage":"ru-RU","@id":"https:\/\/continent.lv\/product\/candy-cbw-27d1e-scbw27d1e-s\/#primaryimage","url":"https:\/\/continent.lv\/wp-content\/uploads\/2026\/04\/Candy_CBW_27D1E-S.jpg","contentUrl":"https:\/\/continent.lv\/wp-content\/uploads\/2026\/04\/Candy_CBW_27D1E-S.jpg","width":370,"height":423},{"@type":"BreadcrumbList","@id":"https:\/\/continent.lv\/product\/candy-cbw-27d1e-scbw27d1e-s\/#breadcrumb","itemListElement":[{"@type":"ListItem","position":1,"name":"Home","item":"https:\/\/continent.lv\/"},{"@type":"ListItem","position":2,"name":"Veikals","item":"https:\/\/continent.lv\/shop\/"},{"@type":"ListItem","position":3,"name":"Candy CBW 27D1E-S(CBW27D1E-S)"}]},{"@type":"WebSite","@id":"https:\/\/continent.lv\/#website","url":"https:\/\/continent.lv\/","name":"Continent.lv","description":"Sadz\u012bves pre\u010du internetveikals","publisher":{"@id":"https:\/\/continent.lv\/#organization"},"potentialAction":[{"@type":"SearchAction","target":{"@type":"EntryPoint","urlTemplate":"https:\/\/continent.lv\/?s={search_term_string}"},"query-input":{"@type":"PropertyValueSpecification","valueRequired":true,"valueName":"search_term_string"}}],"inLanguage":"ru-RU"},{"@type":"Organization","@id":"https:\/\/continent.lv\/#organization","name":"Continent.lv","url":"https:\/\/continent.lv\/","logo":{"@type":"ImageObject","inLanguage":"ru-RU","@id":"https:\/\/continent.lv\/#\/schema\/logo\/image\/","url":"https:\/\/continent.lv\/wp-content\/uploads\/2026\/05\/logo_continent_5nwv-jh.jpg","contentUrl":"https:\/\/continent.lv\/wp-content\/uploads\/2026\/05\/logo_continent_5nwv-jh.jpg","width":221,"height":50,"caption":"Continent.lv"},"image":{"@id":"https:\/\/continent.lv\/#\/schema\/logo\/image\/"}}]}},"_links":{"self":[{"href":"https:\/\/continent.lv\/ru\/wp-json\/wp\/v2\/product\/25597","targetHints":{"allow":["GET"]}}],"collection":[{"href":"https:\/\/continent.lv\/ru\/wp-json\/wp\/v2\/product"}],"about":[{"href":"https:\/\/continent.lv\/ru\/wp-json\/wp\/v2\/types\/product"}],"replies":[{"embeddable":true,"href":"https:\/\/continent.lv\/ru\/wp-json\/wp\/v2\/comments?post=25597"}],"wp:featuredmedia":[{"embeddable":true,"href":"https:\/\/continent.lv\/ru\/wp-json\/wp\/v2\/media\/25592"}],"wp:attachment":[{"href":"https:\/\/continent.lv\/ru\/wp-json\/wp\/v2\/media?parent=25597"}],"wp:term":[{"taxonomy":"product_brand","embeddable":true,"href":"https:\/\/continent.lv\/ru\/wp-json\/wp\/v2\/product_brand?post=25597"},{"taxonomy":"product_cat","embeddable":true,"href":"https:\/\/continent.lv\/ru\/wp-json\/wp\/v2\/product_cat?post=25597"},{"taxonomy":"product_tag","embeddable":true,"href":"https:\/\/continent.lv\/ru\/wp-json\/wp\/v2\/product_tag?post=25597"}],"curies":[{"name":"wp","href":"https:\/\/api.w.org\/{rel}","templated":true}]}}