{"id":25461,"date":"2026-04-30T22:40:00","date_gmt":"2026-04-30T22:40:00","guid":{"rendered":"https:\/\/continent.lv\/product\/lg-gbbsj20epy-203cm\/"},"modified":"2026-04-30T22:40:00","modified_gmt":"2026-04-30T22:40:00","slug":"lg-gbbsj20epy-203cm","status":"publish","type":"product","link":"https:\/\/continent.lv\/ru\/product\/lg-gbbsj20epy-203cm\/","title":{"rendered":"LG GBBSJ20EPY 203 \u0441\u043c"},"content":{"rendered":"<\/p>\n<p class=\"translation-block\"><p><\/p><p>\u041e\u0411\u0429\u0418\u0415 \u041f\u0410\u0420\u0410\u041c\u0415\u0422\u0420\u042b<br>\u0422\u0438\u043f \u0445\u043e\u043b\u043e\u0434\u0438\u043b\u044c\u043d\u0438\u043a\u0430: \u041c\u043e\u0440\u043e\u0437\u0438\u043b\u044c\u043d\u0430\u044f \u043a\u0430\u043c\u0435\u0440\u0430 \u0441\u043d\u0438\u0437\u0443<br>\u0411\u0440\u0435\u043d\u0434: LG<br>\u0426\u0432\u0435\u0442: \u0421\u0435\u0440\u044b\u0439<br>\u0420\u0410\u0417\u041c\u0415\u0420\u042b \u0418 \u0412\u0415\u0421<br>\u0412\u044b\u0441\u043e\u0442\u0430: 203 \u0441\u043c<br>\u0428\u0438\u0440\u0438\u043d\u0430: 59.7 \u0441\u043c<br>\u0413\u043b\u0443\u0431\u0438\u043d\u0430: 67.5 \u0441\u043c<br>\u042d\u041d\u0415\u0420\u0413\u041e\u041f\u041e\u0422\u0420\u0415\u0411\u041b\u0415\u041d\u0418\u0415<br>\u041a\u043b\u0430\u0441\u0441 \u044d\u043d\u0435\u0440\u0433\u043e\u044d\u0444\u0444\u0435\u043a\u0442\u0438\u0432\u043d\u043e\u0441\u0442\u0438: E<br>\u041a\u0410\u041c\u0415\u0420\u0410 \u0425\u041e\u041b\u041e\u0414\u0418\u041b\u042c\u041d\u0418\u041a\u0410<br>\u041e\u0431\u0449\u0438\u0439 \u043e\u0431\u044a\u0435\u043c \u0445\u043e\u043b\u043e\u0434\u0438\u043b\u044c\u043d\u0438\u043a\u0430: 375 \u043b<br>\u0422\u0438\u043f \u043f\u043e\u0434\u0441\u0432\u0435\u0442\u043a\u0438: LED<br>\u0421\u0418\u0421\u0422\u0415\u041c\u0410 \u041e\u0425\u041b\u0410\u0416\u0414\u0415\u041d\u0418\u042f \u0418 \u0417\u0410\u041c\u041e\u0420\u0410\u0416\u0418\u0412\u0410\u041d\u0418\u042f:<br>\u0422\u0435\u0440\u043c\u043e\u0441\u0442\u0430\u0442: \u0414\u0430<br>\u0422\u0438\u043f \u0442\u0435\u0440\u043c\u043e\u0441\u0442\u0430\u0442\u0430: \u042d\u043b\u0435\u043a\u0442\u0440\u043e\u043d\u043d\u044b\u0439<br>\u0410\u0432\u0442\u043e\u043c\u0430\u0442\u0438\u0447\u0435\u0441\u043a\u0430\u044f \u0440\u0430\u0437\u043c\u043e\u0440\u043e\u0437\u043a\u0430: \u0414\u0430<br>\u0423\u041f\u0420\u0410\u0412\u041b\u0415\u041d\u0418\u0415<br>\u0418\u0437\u043c\u0435\u043d\u0435\u043d\u0438\u0435 \u043d\u0430\u043f\u0440\u0430\u0432\u043b\u0435\u043d\u0438\u044f \u043e\u0442\u043a\u0440\u044b\u0432\u0430\u043d\u0438\u044f \u0434\u0432\u0435\u0440\u0438: \u0414\u0430<br>\u0423\u043f\u0440\u0430\u0432\u043b\u0435\u043d\u0438\u0435: \u042d\u043b\u0435\u043a\u0442\u0440\u043e\u043d\u043d\u043e\u0435, \u0421\u0435\u043d\u0441\u043e\u0440\u043d\u043e\u0435, \u0421\u043c\u0430\u0440\u0442\u0444\u043e\u043d<br>\u0414\u041e\u041f\u041e\u041b\u041d\u0418\u0422\u0415\u041b\u042c\u041d\u041e<br>\u0423\u0440\u043e\u0432\u0435\u043d\u044c \u0448\u0443\u043c\u0430: 35 \u0434\u0411<br>\u0421\u0442\u0440\u0430\u043d\u0430 \u043f\u0440\u043e\u0438\u0437\u0432\u043e\u0434\u0441\u0442\u0432\u0430: \u041a\u0438\u0442\u0430\u0439<\/p><\/p>","protected":false},"excerpt":{"rendered":"<p class=\"translation-block\"><p><\/p><p>\u041e\u0411\u0429\u0418\u0415 \u041f\u0410\u0420\u0410\u041c\u0415\u0422\u0420\u042b<br>\u0422\u0438\u043f \u0445\u043e\u043b\u043e\u0434\u0438\u043b\u044c\u043d\u0438\u043a\u0430: \u041c\u043e\u0440\u043e\u0437\u0438\u043b\u044c\u043d\u0430\u044f \u043a\u0430\u043c\u0435\u0440\u0430 \u0441\u043d\u0438\u0437\u0443<br>\u0411\u0440\u0435\u043d\u0434: LG<br>\u0426\u0432\u0435\u0442: \u0421\u0435\u0440\u044b\u0439<br>\u0420\u0410\u0417\u041c\u0415\u0420\u042b \u0418 \u0412\u0415\u0421<br>\u0412\u044b\u0441\u043e\u0442\u0430: 203 \u0441\u043c<br>\u0428\u0438\u0440\u0438\u043d\u0430: 59.7 \u0441\u043c<br>\u0413\u043b\u0443\u0431\u0438\u043d\u0430: 67.5 \u0441\u043c<br>\u042d\u041d\u0415\u0420\u0413\u041e\u041f\u041e\u0422\u0420\u0415\u0411\u041b\u0415\u041d\u0418\u0415<br>\u041a\u043b\u0430\u0441\u0441 \u044d\u043d\u0435\u0440\u0433\u043e\u044d\u0444\u0444\u0435\u043a\u0442\u0438\u0432\u043d\u043e\u0441\u0442\u0438: E<br>\u041a\u0410\u041c\u0415\u0420\u0410 \u0425\u041e\u041b\u041e\u0414\u0418\u041b\u042c\u041d\u0418\u041a\u0410<br>\u041e\u0431\u0449\u0438\u0439 \u043e\u0431\u044a\u0435\u043c \u0445\u043e\u043b\u043e\u0434\u0438\u043b\u044c\u043d\u0438\u043a\u0430: 375 \u043b<br>\u0422\u0438\u043f \u043f\u043e\u0434\u0441\u0432\u0435\u0442\u043a\u0438: LED<br>\u0421\u0418\u0421\u0422\u0415\u041c\u0410 \u041e\u0425\u041b\u0410\u0416\u0414\u0415\u041d\u0418\u042f \u0418 \u0417\u0410\u041c\u041e\u0420\u0410\u0416\u0418\u0412\u0410\u041d\u0418\u042f:<br>\u0422\u0435\u0440\u043c\u043e\u0441\u0442\u0430\u0442: \u0414\u0430<br>\u0422\u0438\u043f \u0442\u0435\u0440\u043c\u043e\u0441\u0442\u0430\u0442\u0430: \u042d\u043b\u0435\u043a\u0442\u0440\u043e\u043d\u043d\u044b\u0439<br>\u0410\u0432\u0442\u043e\u043c\u0430\u0442\u0438\u0447\u0435\u0441\u043a\u0430\u044f \u0440\u0430\u0437\u043c\u043e\u0440\u043e\u0437\u043a\u0430: \u0414\u0430<br>\u0423\u041f\u0420\u0410\u0412\u041b\u0415\u041d\u0418\u0415<br>\u0418\u0437\u043c\u0435\u043d\u0435\u043d\u0438\u0435 \u043d\u0430\u043f\u0440\u0430\u0432\u043b\u0435\u043d\u0438\u044f \u043e\u0442\u043a\u0440\u044b\u0432\u0430\u043d\u0438\u044f \u0434\u0432\u0435\u0440\u0438: \u0414\u0430<br>\u0423\u043f\u0440\u0430\u0432\u043b\u0435\u043d\u0438\u0435: \u042d\u043b\u0435\u043a\u0442\u0440\u043e\u043d\u043d\u043e\u0435, \u0421\u0435\u043d\u0441\u043e\u0440\u043d\u043e\u0435, \u0421\u043c\u0430\u0440\u0442\u0444\u043e\u043d<br>\u0414\u041e\u041f\u041e\u041b\u041d\u0418\u0422\u0415\u041b\u042c\u041d\u041e<br>\u0423\u0440\u043e\u0432\u0435\u043d\u044c \u0448\u0443\u043c\u0430: 35 \u0434\u0411<br>\u0421\u0442\u0440\u0430\u043d\u0430 \u043f\u0440\u043e\u0438\u0437\u0432\u043e\u0434\u0441\u0442\u0432\u0430: \u041a\u0438\u0442\u0430\u0439<\/p><\/p>","protected":false},"featured_media":25447,"comment_status":"open","ping_status":"closed","template":"","meta":{"_joinchat":[]},"product_brand":[112],"product_cat":[272],"product_tag":[],"class_list":{"0":"post-25461","1":"product","2":"type-product","3":"status-publish","4":"has-post-thumbnail","6":"product_brand-lg","7":"product_cat-sadzives-tehnika-ledusskapji","9":"first","10":"instock","11":"shipping-taxable","12":"purchasable","13":"product-type-simple"},"yoast_head":"<!-- This site is optimized with the Yoast SEO plugin v27.5 - https:\/\/yoast.com\/product\/yoast-seo-wordpress\/ -->\n<title>LG GBBSJ20EPY 203cm - Continent.lv<\/title>\n<meta name=\"robots\" content=\"index, follow, max-snippet:-1, max-image-preview:large, max-video-preview:-1\" \/>\n<link rel=\"canonical\" href=\"https:\/\/continent.lv\/ru\/product\/lg-gbbsj20epy-203cm\/\" \/>\n<meta property=\"og:locale\" content=\"ru_RU\" \/>\n<meta property=\"og:type\" content=\"article\" \/>\n<meta property=\"og:title\" content=\"LG GBBSJ20EPY 203cm - Continent.lv\" \/>\n<meta property=\"og:description\" content=\"KOP\u0112JIE PARAMETRILedusskapja veids: Sald\u0113tava apak\u0161\u0101Z\u012bmols: LGKr\u0101sa: Pel\u0113ka kr\u0101s.IZM\u0112RI UN SVARSAugstums: 203 cmPlatums: 59.7 cmDzi\u013cums: 67.5 cmENER\u0122IJAS PAT\u0112RI\u0145\u0160Energoefektivit\u0101tes klase: ELEDUSSKAPJA KAMERAKop\u0113jais ledusskapja tilpums: 375 lApgaismojuma tips: LEDATSALD\u0112\u0160ANAS UN SASALD\u0112\u0160ANAS SIST\u0112MA:Termostats: J\u0101Termostata tips: ElektronisksAutom\u0101tisk\u0101 atkaus\u0113\u0161ana: J\u0101VAD\u012aBADurvju atv\u0113r\u0161anas virzienu mai\u0146a: J\u0101Vad\u012bba: Elektroniska, Sensoru, Viedt\u0101lrunisPAPILDUSTrok\u0161\u0146a l\u012bmenis: 35 dBIzcelsmes valsts: \u0136\u012bna\" \/>\n<meta property=\"og:url\" content=\"https:\/\/continent.lv\/ru\/product\/lg-gbbsj20epy-203cm\/\" \/>\n<meta property=\"og:site_name\" content=\"Continent.lv\" \/>\n<meta property=\"og:image\" content=\"https:\/\/continent.lv\/wp-content\/uploads\/2026\/04\/LG_GBBSJ20EPY.webp\" \/>\n\t<meta property=\"og:image:width\" content=\"1260\" \/>\n\t<meta property=\"og:image:height\" content=\"1260\" \/>\n\t<meta property=\"og:image:type\" content=\"image\/webp\" \/>\n<meta name=\"twitter:card\" content=\"summary_large_image\" \/>\n<script type=\"application\/ld+json\" class=\"yoast-schema-graph\">{\"@context\":\"https:\\\/\\\/schema.org\",\"@graph\":[{\"@type\":\"WebPage\",\"@id\":\"https:\\\/\\\/continent.lv\\\/product\\\/lg-gbbsj20epy-203cm\\\/\",\"url\":\"https:\\\/\\\/continent.lv\\\/product\\\/lg-gbbsj20epy-203cm\\\/\",\"name\":\"LG GBBSJ20EPY 203cm - Continent.lv\",\"isPartOf\":{\"@id\":\"https:\\\/\\\/continent.lv\\\/#website\"},\"primaryImageOfPage\":{\"@id\":\"https:\\\/\\\/continent.lv\\\/product\\\/lg-gbbsj20epy-203cm\\\/#primaryimage\"},\"image\":{\"@id\":\"https:\\\/\\\/continent.lv\\\/product\\\/lg-gbbsj20epy-203cm\\\/#primaryimage\"},\"thumbnailUrl\":\"https:\\\/\\\/continent.lv\\\/wp-content\\\/uploads\\\/2026\\\/04\\\/LG_GBBSJ20EPY.webp\",\"datePublished\":\"2026-04-30T22:40:00+00:00\",\"breadcrumb\":{\"@id\":\"https:\\\/\\\/continent.lv\\\/product\\\/lg-gbbsj20epy-203cm\\\/#breadcrumb\"},\"inLanguage\":\"ru-RU\",\"potentialAction\":[{\"@type\":\"ReadAction\",\"target\":[\"https:\\\/\\\/continent.lv\\\/product\\\/lg-gbbsj20epy-203cm\\\/\"]}]},{\"@type\":\"ImageObject\",\"inLanguage\":\"ru-RU\",\"@id\":\"https:\\\/\\\/continent.lv\\\/product\\\/lg-gbbsj20epy-203cm\\\/#primaryimage\",\"url\":\"https:\\\/\\\/continent.lv\\\/wp-content\\\/uploads\\\/2026\\\/04\\\/LG_GBBSJ20EPY.webp\",\"contentUrl\":\"https:\\\/\\\/continent.lv\\\/wp-content\\\/uploads\\\/2026\\\/04\\\/LG_GBBSJ20EPY.webp\",\"width\":1260,\"height\":1260},{\"@type\":\"BreadcrumbList\",\"@id\":\"https:\\\/\\\/continent.lv\\\/product\\\/lg-gbbsj20epy-203cm\\\/#breadcrumb\",\"itemListElement\":[{\"@type\":\"ListItem\",\"position\":1,\"name\":\"Home\",\"item\":\"https:\\\/\\\/continent.lv\\\/\"},{\"@type\":\"ListItem\",\"position\":2,\"name\":\"Veikals\",\"item\":\"https:\\\/\\\/continent.lv\\\/shop\\\/\"},{\"@type\":\"ListItem\",\"position\":3,\"name\":\"LG GBBSJ20EPY 203cm\"}]},{\"@type\":\"WebSite\",\"@id\":\"https:\\\/\\\/continent.lv\\\/#website\",\"url\":\"https:\\\/\\\/continent.lv\\\/\",\"name\":\"Continent.lv\",\"description\":\"Sadz\u012bves pre\u010du internetveikals\",\"publisher\":{\"@id\":\"https:\\\/\\\/continent.lv\\\/#organization\"},\"potentialAction\":[{\"@type\":\"SearchAction\",\"target\":{\"@type\":\"EntryPoint\",\"urlTemplate\":\"https:\\\/\\\/continent.lv\\\/?s={search_term_string}\"},\"query-input\":{\"@type\":\"PropertyValueSpecification\",\"valueRequired\":true,\"valueName\":\"search_term_string\"}}],\"inLanguage\":\"ru-RU\"},{\"@type\":\"Organization\",\"@id\":\"https:\\\/\\\/continent.lv\\\/#organization\",\"name\":\"Continent.lv\",\"url\":\"https:\\\/\\\/continent.lv\\\/\",\"logo\":{\"@type\":\"ImageObject\",\"inLanguage\":\"ru-RU\",\"@id\":\"https:\\\/\\\/continent.lv\\\/#\\\/schema\\\/logo\\\/image\\\/\",\"url\":\"https:\\\/\\\/continent.lv\\\/wp-content\\\/uploads\\\/2026\\\/05\\\/logo_continent_5nwv-jh.jpg\",\"contentUrl\":\"https:\\\/\\\/continent.lv\\\/wp-content\\\/uploads\\\/2026\\\/05\\\/logo_continent_5nwv-jh.jpg\",\"width\":221,\"height\":50,\"caption\":\"Continent.lv\"},\"image\":{\"@id\":\"https:\\\/\\\/continent.lv\\\/#\\\/schema\\\/logo\\\/image\\\/\"}}]}<\/script>\n<!-- \/ Yoast SEO plugin. -->","yoast_head_json":{"title":"LG GBBSJ20EPY 203cm - Continent.lv","robots":{"index":"index","follow":"follow","max-snippet":"max-snippet:-1","max-image-preview":"max-image-preview:large","max-video-preview":"max-video-preview:-1"},"canonical":"https:\/\/continent.lv\/ru\/product\/lg-gbbsj20epy-203cm\/","og_locale":"ru_RU","og_type":"article","og_title":"LG GBBSJ20EPY 203cm - Continent.lv","og_description":"KOP\u0112JIE PARAMETRILedusskapja veids: Sald\u0113tava apak\u0161\u0101Z\u012bmols: LGKr\u0101sa: Pel\u0113ka kr\u0101s.IZM\u0112RI UN SVARSAugstums: 203 cmPlatums: 59.7 cmDzi\u013cums: 67.5 cmENER\u0122IJAS PAT\u0112RI\u0145\u0160Energoefektivit\u0101tes klase: ELEDUSSKAPJA KAMERAKop\u0113jais ledusskapja tilpums: 375 lApgaismojuma tips: LEDATSALD\u0112\u0160ANAS UN SASALD\u0112\u0160ANAS SIST\u0112MA:Termostats: J\u0101Termostata tips: ElektronisksAutom\u0101tisk\u0101 atkaus\u0113\u0161ana: J\u0101VAD\u012aBADurvju atv\u0113r\u0161anas virzienu mai\u0146a: J\u0101Vad\u012bba: Elektroniska, Sensoru, Viedt\u0101lrunisPAPILDUSTrok\u0161\u0146a l\u012bmenis: 35 dBIzcelsmes valsts: \u0136\u012bna","og_url":"https:\/\/continent.lv\/ru\/product\/lg-gbbsj20epy-203cm\/","og_site_name":"Continent.lv","og_image":[{"width":1260,"height":1260,"url":"https:\/\/continent.lv\/wp-content\/uploads\/2026\/04\/LG_GBBSJ20EPY.webp","type":"image\/webp"}],"twitter_card":"summary_large_image","schema":{"@context":"https:\/\/schema.org","@graph":[{"@type":"WebPage","@id":"https:\/\/continent.lv\/product\/lg-gbbsj20epy-203cm\/","url":"https:\/\/continent.lv\/product\/lg-gbbsj20epy-203cm\/","name":"LG GBBSJ20EPY 203cm - Continent.lv","isPartOf":{"@id":"https:\/\/continent.lv\/#website"},"primaryImageOfPage":{"@id":"https:\/\/continent.lv\/product\/lg-gbbsj20epy-203cm\/#primaryimage"},"image":{"@id":"https:\/\/continent.lv\/product\/lg-gbbsj20epy-203cm\/#primaryimage"},"thumbnailUrl":"https:\/\/continent.lv\/wp-content\/uploads\/2026\/04\/LG_GBBSJ20EPY.webp","datePublished":"2026-04-30T22:40:00+00:00","breadcrumb":{"@id":"https:\/\/continent.lv\/product\/lg-gbbsj20epy-203cm\/#breadcrumb"},"inLanguage":"ru-RU","potentialAction":[{"@type":"ReadAction","target":["https:\/\/continent.lv\/product\/lg-gbbsj20epy-203cm\/"]}]},{"@type":"ImageObject","inLanguage":"ru-RU","@id":"https:\/\/continent.lv\/product\/lg-gbbsj20epy-203cm\/#primaryimage","url":"https:\/\/continent.lv\/wp-content\/uploads\/2026\/04\/LG_GBBSJ20EPY.webp","contentUrl":"https:\/\/continent.lv\/wp-content\/uploads\/2026\/04\/LG_GBBSJ20EPY.webp","width":1260,"height":1260},{"@type":"BreadcrumbList","@id":"https:\/\/continent.lv\/product\/lg-gbbsj20epy-203cm\/#breadcrumb","itemListElement":[{"@type":"ListItem","position":1,"name":"Home","item":"https:\/\/continent.lv\/"},{"@type":"ListItem","position":2,"name":"Veikals","item":"https:\/\/continent.lv\/shop\/"},{"@type":"ListItem","position":3,"name":"LG GBBSJ20EPY 203cm"}]},{"@type":"WebSite","@id":"https:\/\/continent.lv\/#website","url":"https:\/\/continent.lv\/","name":"Continent.lv","description":"Sadz\u012bves pre\u010du internetveikals","publisher":{"@id":"https:\/\/continent.lv\/#organization"},"potentialAction":[{"@type":"SearchAction","target":{"@type":"EntryPoint","urlTemplate":"https:\/\/continent.lv\/?s={search_term_string}"},"query-input":{"@type":"PropertyValueSpecification","valueRequired":true,"valueName":"search_term_string"}}],"inLanguage":"ru-RU"},{"@type":"Organization","@id":"https:\/\/continent.lv\/#organization","name":"Continent.lv","url":"https:\/\/continent.lv\/","logo":{"@type":"ImageObject","inLanguage":"ru-RU","@id":"https:\/\/continent.lv\/#\/schema\/logo\/image\/","url":"https:\/\/continent.lv\/wp-content\/uploads\/2026\/05\/logo_continent_5nwv-jh.jpg","contentUrl":"https:\/\/continent.lv\/wp-content\/uploads\/2026\/05\/logo_continent_5nwv-jh.jpg","width":221,"height":50,"caption":"Continent.lv"},"image":{"@id":"https:\/\/continent.lv\/#\/schema\/logo\/image\/"}}]}},"_links":{"self":[{"href":"https:\/\/continent.lv\/ru\/wp-json\/wp\/v2\/product\/25461","targetHints":{"allow":["GET"]}}],"collection":[{"href":"https:\/\/continent.lv\/ru\/wp-json\/wp\/v2\/product"}],"about":[{"href":"https:\/\/continent.lv\/ru\/wp-json\/wp\/v2\/types\/product"}],"replies":[{"embeddable":true,"href":"https:\/\/continent.lv\/ru\/wp-json\/wp\/v2\/comments?post=25461"}],"wp:featuredmedia":[{"embeddable":true,"href":"https:\/\/continent.lv\/ru\/wp-json\/wp\/v2\/media\/25447"}],"wp:attachment":[{"href":"https:\/\/continent.lv\/ru\/wp-json\/wp\/v2\/media?parent=25461"}],"wp:term":[{"taxonomy":"product_brand","embeddable":true,"href":"https:\/\/continent.lv\/ru\/wp-json\/wp\/v2\/product_brand?post=25461"},{"taxonomy":"product_cat","embeddable":true,"href":"https:\/\/continent.lv\/ru\/wp-json\/wp\/v2\/product_cat?post=25461"},{"taxonomy":"product_tag","embeddable":true,"href":"https:\/\/continent.lv\/ru\/wp-json\/wp\/v2\/product_tag?post=25461"}],"curies":[{"name":"wp","href":"https:\/\/api.w.org\/{rel}","templated":true}]}}