{"id":25422,"date":"2026-04-30T22:39:06","date_gmt":"2026-04-30T22:39:06","guid":{"rendered":"https:\/\/continent.lv\/product\/beko-bm3wfsu37213wpbb-7kg-47cm\/"},"modified":"2026-04-30T22:39:06","modified_gmt":"2026-04-30T22:39:06","slug":"beko-bm3wfsu37213wpbb-7kg-47cm","status":"publish","type":"product","link":"https:\/\/continent.lv\/ru\/product\/beko-bm3wfsu37213wpbb-7kg-47cm\/","title":{"rendered":"Beko BM3WFSU37213WPBB 7 \u043a\u0433 47 \u0441\u043c"},"content":{"rendered":"<\/p>\n<p>KOP\u0112JIE PARAMETRI<br \/>\u0422\u0438\u043f \u043f\u0440\u043e\u0434\u0443\u043a\u0442\u0430: \u0421\u0442\u0438\u0440\u0430\u043b\u044c\u043d\u044b\u0435 \u043c\u0430\u0448\u0438\u043d\u044b<br \/>\u0411\u0440\u0435\u043d\u0434: Beko<br \/>\u0426\u0432\u0435\u0442: \u0411\u0435\u043b\u044b\u0439<br \/>ENER\u0122IJAS UN \u016aDENS PAT\u0112RI\u0145\u0160<br \/>\u0412\u043c\u0435\u0441\u0442\u0438\u043c\u043e\u0441\u0442\u044c \u0441\u0442\u0438\u0440\u043a\u0438: 7 \u043a\u0433<br \/>\u041a\u043b\u0430\u0441\u0441 \u044d\u043d\u0435\u0440\u0433\u043e\u044d\u0444\u0444\u0435\u043a\u0442\u0438\u0432\u043d\u043e\u0441\u0442\u0438: A<br \/>\u041f\u043e\u0442\u0440\u0435\u0431\u043b\u0435\u043d\u0438\u0435 \u044d\u043d\u0435\u0440\u0433\u0438\u0438 \u043d\u0430 100 \u0446\u0438\u043a\u043b\u043e\u0432: 44 \u043a\u0412\u0442\u22c5\u0447<br \/>\u041a\u043b\u0430\u0441\u0441 \u044d\u0444\u0444\u0435\u043a\u0442\u0438\u0432\u043d\u043e\u0441\u0442\u0438 \u043e\u0442\u0436\u0438\u043c\u0430: B<br \/>\u0421\u043a\u043e\u0440\u043e\u0441\u0442\u044c \u043e\u0442\u0436\u0438\u043c\u0430, \u043e\u0431\/\u043c\u0438\u043d: 1200<br \/>\u041a\u043b\u0430\u0441\u0441 \u044d\u0444\u0444\u0435\u043a\u0442\u0438\u0432\u043d\u043e\u0441\u0442\u0438 \u0441\u0442\u0438\u0440\u043a\u0438: A<br \/>\u041f\u043e\u0442\u0440\u0435\u0431\u043b\u0435\u043d\u0438\u0435 \u0432\u043e\u0434\u044b \u0437\u0430 \u0446\u0438\u043a\u043b: 43 \u043b<br \/>IZM\u0112RI<br \/>\u0428\u0438\u0440\u0438\u043d\u0430: 60 \u0441\u043c<br \/>\u0412\u044b\u0441\u043e\u0442\u0430: 84.5 \u0441\u043c<br \/>\u0413\u043b\u0443\u0431\u0438\u043d\u0430: 46.8 \u0441\u043c<br \/>\u0413\u043b\u0443\u0431\u0438\u043d\u0430 \u0441 \u0432\u044b\u0441\u0442\u0443\u043f\u0430\u044e\u0449\u0438\u043c\u0438 \u0447\u0430\u0441\u0442\u044f\u043c\u0438: 49.6 \u0441\u043c<br \/>\u0412\u0435\u0441: 62 \u043a\u0433<br \/>VAD\u012aBA<br \/>\u0423\u043f\u0440\u0430\u0432\u043b\u0435\u043d\u0438\u0435: \u0421\u0435\u043d\u0441\u043e\u0440\u043d\u043e\u0435<br \/>\u042d\u043a\u0440\u0430\u043d: \u0414\u0430<br \/>\u0422\u0438\u043f \u044d\u043a\u0440\u0430\u043d\u0430: LED<br \/>PROGRAMMAS UN FUNKCIJAS<br \/>\u041a\u043e\u043b\u0438\u0447\u0435\u0441\u0442\u0432\u043e \u043f\u0440\u043e\u0433\u0440\u0430\u043c\u043c: 17<br \/>\u041f\u0440\u043e\u0433\u0440\u0430\u043c\u043c\u044b \u0441\u0442\u0438\u0440\u043a\u0438:<br \/>Bungas t\u012br\u012b\u0161ana, Eko programma, Higi\u0113nas programma, Ikdienas ve\u013cas mazg\u0101\u0161ana, Kokvilna, Kreklu mazg\u0101\u0161anas programma, Mazg\u0101\u0161ana aukst\u0101 \u016bden\u012b, Mini\/Mini14\u2032, Mix, Noskalo\u0161ana un izgrie\u0161ana, Prettraipu programma, Sint\u0113tika, Skalo\u0161anas programma, Super \u0101tra programma, Tum\u0161ais, Vilnas mazg\u0101\u0161anas programma<br \/>\u041e\u0442\u043b\u043e\u0436\u0435\u043d\u043d\u044b\u0439 \u0441\u0442\u0430\u0440\u0442 \u043f\u0440\u043e\u0433\u0440\u0430\u043c\u043c\u044b: \u0414\u0430<br \/>DRO\u0160\u012aBA<br \/>\u0414\u0435\u0442\u0441\u043a\u0430\u044f \u0431\u043b\u043e\u043a\u0438\u0440\u043e\u0432\u043a\u0430: \u0414\u0430<br \/>\u0417\u0430\u0449\u0438\u0442\u0430 \u043e\u0442 \u043f\u0440\u043e\u0442\u0435\u0447\u0435\u043a \u0432\u043e\u0434\u044b: \u0414\u0430<\/p>\n<p>PAPILDUS<br \/>\u0412\u043d\u0438\u043c\u0430\u043d\u0438\u0435!<br \/>\u26a0\ufe0f\u041f\u0435\u0440\u0435\u0434 \u0438\u0441\u043f\u043e\u043b\u044c\u0437\u043e\u0432\u0430\u043d\u0438\u0435\u043c \u0441\u0442\u0438\u0440\u0430\u043b\u044c\u043d\u043e\u0439 \u043c\u0430\u0448\u0438\u043d\u044b \u043e\u0431\u044f\u0437\u0430\u0442\u0435\u043b\u044c\u043d\u043e \u0441\u043d\u0438\u043c\u0438\u0442\u0435 \u0432\u0441\u0435 \u0442\u0440\u0430\u043d\u0441\u043f\u043e\u0440\u0442\u0438\u0440\u043e\u0432\u043e\u0447\u043d\u044b\u0435 \u0431\u043e\u043b\u0442\u044b, \u0447\u0442\u043e\u0431\u044b \u0438\u0437\u0431\u0435\u0436\u0430\u0442\u044c \u0432\u0438\u0431\u0440\u0430\u0446\u0438\u0439, \u0448\u0443\u043c\u0430 \u0438 \u0432\u043e\u0437\u043c\u043e\u0436\u043d\u044b\u0445 \u0432\u043d\u0443\u0442\u0440\u0435\u043d\u043d\u0438\u0445 \u043f\u043e\u0432\u0440\u0435\u0436\u0434\u0435\u043d\u0438\u0439. \u0422\u0430\u043a\u0436\u0435 \u043e\u0442\u0440\u0435\u0433\u0443\u043b\u0438\u0440\u0443\u0439\u0442\u0435 \u043d\u043e\u0436\u043a\u0438 \u0443\u0441\u0442\u0440\u043e\u0439\u0441\u0442\u0432\u0430 \u0434\u043b\u044f \u0443\u0441\u0442\u043e\u0439\u0447\u0438\u0432\u043e\u0433\u043e \u0438 \u043e\u043f\u0442\u0438\u043c\u0430\u043b\u044c\u043d\u043e\u0433\u043e \u0444\u0443\u043d\u043a\u0446\u0438\u043e\u043d\u0438\u0440\u043e\u0432\u0430\u043d\u0438\u044f. \u041f\u043e\u0434\u0440\u043e\u0431\u043d\u0430\u044f \u0438\u043d\u0444\u043e\u0440\u043c\u0430\u0446\u0438\u044f \u0443\u043a\u0430\u0437\u0430\u043d\u0430 \u0432 \u0438\u043d\u0441\u0442\u0440\u0443\u043a\u0446\u0438\u0438 \u043f\u043e \u044d\u043a\u0441\u043f\u043b\u0443\u0430\u0442\u0430\u0446\u0438\u0438 \u043a\u043e\u043d\u043a\u0440\u0435\u0442\u043d\u043e\u0439 \u043c\u043e\u0434\u0435\u043b\u0438.<br \/>\u0422\u0438\u043f \u044d\u043b\u0435\u043a\u0442\u0440\u043e\u0434\u0432\u0438\u0433\u0430\u0442\u0435\u043b\u044f<br \/>\u0411\u0435\u0441\u0449\u0435\u0442\u043e\u0447\u043d\u044b\u0439<br \/>\u0421\u0442\u0440\u0430\u043d\u0430 \u043f\u0440\u043e\u0438\u0441\u0445\u043e\u0436\u0434\u0435\u043d\u0438\u044f<br \/>\u0420\u0443\u043c\u044b\u043d\u0438\u044f<\/p>","protected":false},"excerpt":{"rendered":"<p>KOP\u0112JIE PARAMETRIProdukta veids:Ve\u013cas ma\u0161\u012bnasZ\u012bmols:BekoKr\u0101sa:Balta kr\u0101s.ENER\u0122IJAS UN \u016aDENS PAT\u0112RI\u0145\u0160Ve\u013cas ietilp\u012bba:7 kgEnergoefektivit\u0101tes klase:AEner\u0123ijas pat\u0113ri\u0146\u0161 uz 100 cikliem:44 kWhCentrif\u016bgas efektivit\u0101tes klase:BCentrif\u016bgas apgriezieni, apgr.\/min:1200Mazg\u0101\u0161anas efektivit\u0101tes klase:A\u016adens pat\u0113ri\u0146\u0161 cikl\u0101:43 lIZM\u0112RIPlatums:60 cmAugstums:84.5 cmDzi\u013cums:46.8 cmDzi\u013cums ar izvirz\u012btaj\u0101m da\u013c\u0101m:49.6 cmSvars:62 kgVAD\u012aBAVad\u012bba:SensoruEkr\u0101ns:J\u0101Ekr\u0101na tips:LEDPROGRAMMAS UN FUNKCIJASProgrammu skaits:17Mazg\u0101\u0161anas programmas:Bungas t\u012br\u012b\u0161ana, Eko programma, Higi\u0113nas programma, Ikdienas ve\u013cas mazg\u0101\u0161ana, Kokvilna, Kreklu mazg\u0101\u0161anas programma, Mazg\u0101\u0161ana aukst\u0101 \u016bden\u012b, Mini\/Mini14\u2032, Mix, [&hellip;]<\/p>\n","protected":false},"featured_media":25416,"comment_status":"open","ping_status":"closed","template":"","meta":{"_joinchat":[]},"product_brand":[269],"product_cat":[285],"product_tag":[],"class_list":{"0":"post-25422","1":"product","2":"type-product","3":"status-publish","4":"has-post-thumbnail","6":"product_brand-beko","7":"product_cat-sadzives-tehnika-velas-masinas-ar-frontalo-ieladi","9":"first","10":"instock","11":"shipping-taxable","12":"purchasable","13":"product-type-simple"},"yoast_head":"<!-- This site is optimized with the Yoast SEO plugin v27.5 - https:\/\/yoast.com\/product\/yoast-seo-wordpress\/ -->\n<title>Beko BM3WFSU37213WPBB 7kg 47cm - Continent.lv<\/title>\n<meta name=\"robots\" content=\"index, follow, max-snippet:-1, max-image-preview:large, max-video-preview:-1\" \/>\n<link rel=\"canonical\" href=\"https:\/\/continent.lv\/ru\/product\/beko-bm3wfsu37213wpbb-7kg-47cm\/\" \/>\n<meta property=\"og:locale\" content=\"ru_RU\" \/>\n<meta property=\"og:type\" content=\"article\" \/>\n<meta property=\"og:title\" content=\"Beko BM3WFSU37213WPBB 7kg 47cm - Continent.lv\" \/>\n<meta property=\"og:description\" content=\"KOP\u0112JIE PARAMETRIProdukta veids:Ve\u013cas ma\u0161\u012bnasZ\u012bmols:BekoKr\u0101sa:Balta kr\u0101s.ENER\u0122IJAS UN \u016aDENS PAT\u0112RI\u0145\u0160Ve\u013cas ietilp\u012bba:7 kgEnergoefektivit\u0101tes klase:AEner\u0123ijas pat\u0113ri\u0146\u0161 uz 100 cikliem:44 kWhCentrif\u016bgas efektivit\u0101tes klase:BCentrif\u016bgas apgriezieni, apgr.\/min:1200Mazg\u0101\u0161anas efektivit\u0101tes klase:A\u016adens pat\u0113ri\u0146\u0161 cikl\u0101:43 lIZM\u0112RIPlatums:60 cmAugstums:84.5 cmDzi\u013cums:46.8 cmDzi\u013cums ar izvirz\u012btaj\u0101m da\u013c\u0101m:49.6 cmSvars:62 kgVAD\u012aBAVad\u012bba:SensoruEkr\u0101ns:J\u0101Ekr\u0101na tips:LEDPROGRAMMAS UN FUNKCIJASProgrammu skaits:17Mazg\u0101\u0161anas programmas:Bungas t\u012br\u012b\u0161ana, Eko programma, Higi\u0113nas programma, Ikdienas ve\u013cas mazg\u0101\u0161ana, Kokvilna, Kreklu mazg\u0101\u0161anas programma, Mazg\u0101\u0161ana aukst\u0101 \u016bden\u012b, Mini\/Mini14\u2032, Mix, [&hellip;]\" \/>\n<meta property=\"og:url\" content=\"https:\/\/continent.lv\/ru\/product\/beko-bm3wfsu37213wpbb-7kg-47cm\/\" \/>\n<meta property=\"og:site_name\" content=\"Continent.lv\" \/>\n<meta property=\"og:image\" content=\"https:\/\/continent.lv\/wp-content\/uploads\/2026\/04\/Beko_BM3WFSU37213WPBB.webp\" \/>\n\t<meta property=\"og:image:width\" content=\"1260\" \/>\n\t<meta property=\"og:image:height\" content=\"1864\" \/>\n\t<meta property=\"og:image:type\" content=\"image\/webp\" \/>\n<meta name=\"twitter:card\" content=\"summary_large_image\" \/>\n<meta name=\"twitter:label1\" content=\"\u041f\u0440\u0438\u043c\u0435\u0440\u043d\u043e\u0435 \u0432\u0440\u0435\u043c\u044f \u0434\u043b\u044f \u0447\u0442\u0435\u043d\u0438\u044f\" \/>\n\t<meta name=\"twitter:data1\" content=\"1 \u043c\u0438\u043d\u0443\u0442\u0430\" \/>\n<script type=\"application\/ld+json\" class=\"yoast-schema-graph\">{\"@context\":\"https:\\\/\\\/schema.org\",\"@graph\":[{\"@type\":\"WebPage\",\"@id\":\"https:\\\/\\\/continent.lv\\\/product\\\/beko-bm3wfsu37213wpbb-7kg-47cm\\\/\",\"url\":\"https:\\\/\\\/continent.lv\\\/product\\\/beko-bm3wfsu37213wpbb-7kg-47cm\\\/\",\"name\":\"Beko BM3WFSU37213WPBB 7kg 47cm - Continent.lv\",\"isPartOf\":{\"@id\":\"https:\\\/\\\/continent.lv\\\/#website\"},\"primaryImageOfPage\":{\"@id\":\"https:\\\/\\\/continent.lv\\\/product\\\/beko-bm3wfsu37213wpbb-7kg-47cm\\\/#primaryimage\"},\"image\":{\"@id\":\"https:\\\/\\\/continent.lv\\\/product\\\/beko-bm3wfsu37213wpbb-7kg-47cm\\\/#primaryimage\"},\"thumbnailUrl\":\"https:\\\/\\\/continent.lv\\\/wp-content\\\/uploads\\\/2026\\\/04\\\/Beko_BM3WFSU37213WPBB.webp\",\"datePublished\":\"2026-04-30T22:39:06+00:00\",\"breadcrumb\":{\"@id\":\"https:\\\/\\\/continent.lv\\\/product\\\/beko-bm3wfsu37213wpbb-7kg-47cm\\\/#breadcrumb\"},\"inLanguage\":\"ru-RU\",\"potentialAction\":[{\"@type\":\"ReadAction\",\"target\":[\"https:\\\/\\\/continent.lv\\\/product\\\/beko-bm3wfsu37213wpbb-7kg-47cm\\\/\"]}]},{\"@type\":\"ImageObject\",\"inLanguage\":\"ru-RU\",\"@id\":\"https:\\\/\\\/continent.lv\\\/product\\\/beko-bm3wfsu37213wpbb-7kg-47cm\\\/#primaryimage\",\"url\":\"https:\\\/\\\/continent.lv\\\/wp-content\\\/uploads\\\/2026\\\/04\\\/Beko_BM3WFSU37213WPBB.webp\",\"contentUrl\":\"https:\\\/\\\/continent.lv\\\/wp-content\\\/uploads\\\/2026\\\/04\\\/Beko_BM3WFSU37213WPBB.webp\",\"width\":1260,\"height\":1864},{\"@type\":\"BreadcrumbList\",\"@id\":\"https:\\\/\\\/continent.lv\\\/product\\\/beko-bm3wfsu37213wpbb-7kg-47cm\\\/#breadcrumb\",\"itemListElement\":[{\"@type\":\"ListItem\",\"position\":1,\"name\":\"Home\",\"item\":\"https:\\\/\\\/continent.lv\\\/\"},{\"@type\":\"ListItem\",\"position\":2,\"name\":\"Veikals\",\"item\":\"https:\\\/\\\/continent.lv\\\/shop\\\/\"},{\"@type\":\"ListItem\",\"position\":3,\"name\":\"Beko BM3WFSU37213WPBB 7kg 47cm\"}]},{\"@type\":\"WebSite\",\"@id\":\"https:\\\/\\\/continent.lv\\\/#website\",\"url\":\"https:\\\/\\\/continent.lv\\\/\",\"name\":\"Continent.lv\",\"description\":\"Sadz\u012bves pre\u010du internetveikals\",\"publisher\":{\"@id\":\"https:\\\/\\\/continent.lv\\\/#organization\"},\"potentialAction\":[{\"@type\":\"SearchAction\",\"target\":{\"@type\":\"EntryPoint\",\"urlTemplate\":\"https:\\\/\\\/continent.lv\\\/?s={search_term_string}\"},\"query-input\":{\"@type\":\"PropertyValueSpecification\",\"valueRequired\":true,\"valueName\":\"search_term_string\"}}],\"inLanguage\":\"ru-RU\"},{\"@type\":\"Organization\",\"@id\":\"https:\\\/\\\/continent.lv\\\/#organization\",\"name\":\"Continent.lv\",\"url\":\"https:\\\/\\\/continent.lv\\\/\",\"logo\":{\"@type\":\"ImageObject\",\"inLanguage\":\"ru-RU\",\"@id\":\"https:\\\/\\\/continent.lv\\\/#\\\/schema\\\/logo\\\/image\\\/\",\"url\":\"https:\\\/\\\/continent.lv\\\/wp-content\\\/uploads\\\/2026\\\/05\\\/logo_continent_5nwv-jh.jpg\",\"contentUrl\":\"https:\\\/\\\/continent.lv\\\/wp-content\\\/uploads\\\/2026\\\/05\\\/logo_continent_5nwv-jh.jpg\",\"width\":221,\"height\":50,\"caption\":\"Continent.lv\"},\"image\":{\"@id\":\"https:\\\/\\\/continent.lv\\\/#\\\/schema\\\/logo\\\/image\\\/\"}}]}<\/script>\n<!-- \/ Yoast SEO plugin. -->","yoast_head_json":{"title":"Beko BM3WFSU37213WPBB 7kg 47cm - Continent.lv","robots":{"index":"index","follow":"follow","max-snippet":"max-snippet:-1","max-image-preview":"max-image-preview:large","max-video-preview":"max-video-preview:-1"},"canonical":"https:\/\/continent.lv\/ru\/product\/beko-bm3wfsu37213wpbb-7kg-47cm\/","og_locale":"ru_RU","og_type":"article","og_title":"Beko BM3WFSU37213WPBB 7kg 47cm - Continent.lv","og_description":"KOP\u0112JIE PARAMETRIProdukta veids:Ve\u013cas ma\u0161\u012bnasZ\u012bmols:BekoKr\u0101sa:Balta kr\u0101s.ENER\u0122IJAS UN \u016aDENS PAT\u0112RI\u0145\u0160Ve\u013cas ietilp\u012bba:7 kgEnergoefektivit\u0101tes klase:AEner\u0123ijas pat\u0113ri\u0146\u0161 uz 100 cikliem:44 kWhCentrif\u016bgas efektivit\u0101tes klase:BCentrif\u016bgas apgriezieni, apgr.\/min:1200Mazg\u0101\u0161anas efektivit\u0101tes klase:A\u016adens pat\u0113ri\u0146\u0161 cikl\u0101:43 lIZM\u0112RIPlatums:60 cmAugstums:84.5 cmDzi\u013cums:46.8 cmDzi\u013cums ar izvirz\u012btaj\u0101m da\u013c\u0101m:49.6 cmSvars:62 kgVAD\u012aBAVad\u012bba:SensoruEkr\u0101ns:J\u0101Ekr\u0101na tips:LEDPROGRAMMAS UN FUNKCIJASProgrammu skaits:17Mazg\u0101\u0161anas programmas:Bungas t\u012br\u012b\u0161ana, Eko programma, Higi\u0113nas programma, Ikdienas ve\u013cas mazg\u0101\u0161ana, Kokvilna, Kreklu mazg\u0101\u0161anas programma, Mazg\u0101\u0161ana aukst\u0101 \u016bden\u012b, Mini\/Mini14\u2032, Mix, [&hellip;]","og_url":"https:\/\/continent.lv\/ru\/product\/beko-bm3wfsu37213wpbb-7kg-47cm\/","og_site_name":"Continent.lv","og_image":[{"width":1260,"height":1864,"url":"https:\/\/continent.lv\/wp-content\/uploads\/2026\/04\/Beko_BM3WFSU37213WPBB.webp","type":"image\/webp"}],"twitter_card":"summary_large_image","twitter_misc":{"\u041f\u0440\u0438\u043c\u0435\u0440\u043d\u043e\u0435 \u0432\u0440\u0435\u043c\u044f \u0434\u043b\u044f \u0447\u0442\u0435\u043d\u0438\u044f":"1 \u043c\u0438\u043d\u0443\u0442\u0430"},"schema":{"@context":"https:\/\/schema.org","@graph":[{"@type":"WebPage","@id":"https:\/\/continent.lv\/product\/beko-bm3wfsu37213wpbb-7kg-47cm\/","url":"https:\/\/continent.lv\/product\/beko-bm3wfsu37213wpbb-7kg-47cm\/","name":"Beko BM3WFSU37213WPBB 7kg 47cm - Continent.lv","isPartOf":{"@id":"https:\/\/continent.lv\/#website"},"primaryImageOfPage":{"@id":"https:\/\/continent.lv\/product\/beko-bm3wfsu37213wpbb-7kg-47cm\/#primaryimage"},"image":{"@id":"https:\/\/continent.lv\/product\/beko-bm3wfsu37213wpbb-7kg-47cm\/#primaryimage"},"thumbnailUrl":"https:\/\/continent.lv\/wp-content\/uploads\/2026\/04\/Beko_BM3WFSU37213WPBB.webp","datePublished":"2026-04-30T22:39:06+00:00","breadcrumb":{"@id":"https:\/\/continent.lv\/product\/beko-bm3wfsu37213wpbb-7kg-47cm\/#breadcrumb"},"inLanguage":"ru-RU","potentialAction":[{"@type":"ReadAction","target":["https:\/\/continent.lv\/product\/beko-bm3wfsu37213wpbb-7kg-47cm\/"]}]},{"@type":"ImageObject","inLanguage":"ru-RU","@id":"https:\/\/continent.lv\/product\/beko-bm3wfsu37213wpbb-7kg-47cm\/#primaryimage","url":"https:\/\/continent.lv\/wp-content\/uploads\/2026\/04\/Beko_BM3WFSU37213WPBB.webp","contentUrl":"https:\/\/continent.lv\/wp-content\/uploads\/2026\/04\/Beko_BM3WFSU37213WPBB.webp","width":1260,"height":1864},{"@type":"BreadcrumbList","@id":"https:\/\/continent.lv\/product\/beko-bm3wfsu37213wpbb-7kg-47cm\/#breadcrumb","itemListElement":[{"@type":"ListItem","position":1,"name":"Home","item":"https:\/\/continent.lv\/"},{"@type":"ListItem","position":2,"name":"Veikals","item":"https:\/\/continent.lv\/shop\/"},{"@type":"ListItem","position":3,"name":"Beko BM3WFSU37213WPBB 7kg 47cm"}]},{"@type":"WebSite","@id":"https:\/\/continent.lv\/#website","url":"https:\/\/continent.lv\/","name":"Continent.lv","description":"Sadz\u012bves pre\u010du internetveikals","publisher":{"@id":"https:\/\/continent.lv\/#organization"},"potentialAction":[{"@type":"SearchAction","target":{"@type":"EntryPoint","urlTemplate":"https:\/\/continent.lv\/?s={search_term_string}"},"query-input":{"@type":"PropertyValueSpecification","valueRequired":true,"valueName":"search_term_string"}}],"inLanguage":"ru-RU"},{"@type":"Organization","@id":"https:\/\/continent.lv\/#organization","name":"Continent.lv","url":"https:\/\/continent.lv\/","logo":{"@type":"ImageObject","inLanguage":"ru-RU","@id":"https:\/\/continent.lv\/#\/schema\/logo\/image\/","url":"https:\/\/continent.lv\/wp-content\/uploads\/2026\/05\/logo_continent_5nwv-jh.jpg","contentUrl":"https:\/\/continent.lv\/wp-content\/uploads\/2026\/05\/logo_continent_5nwv-jh.jpg","width":221,"height":50,"caption":"Continent.lv"},"image":{"@id":"https:\/\/continent.lv\/#\/schema\/logo\/image\/"}}]}},"_links":{"self":[{"href":"https:\/\/continent.lv\/ru\/wp-json\/wp\/v2\/product\/25422","targetHints":{"allow":["GET"]}}],"collection":[{"href":"https:\/\/continent.lv\/ru\/wp-json\/wp\/v2\/product"}],"about":[{"href":"https:\/\/continent.lv\/ru\/wp-json\/wp\/v2\/types\/product"}],"replies":[{"embeddable":true,"href":"https:\/\/continent.lv\/ru\/wp-json\/wp\/v2\/comments?post=25422"}],"wp:featuredmedia":[{"embeddable":true,"href":"https:\/\/continent.lv\/ru\/wp-json\/wp\/v2\/media\/25416"}],"wp:attachment":[{"href":"https:\/\/continent.lv\/ru\/wp-json\/wp\/v2\/media?parent=25422"}],"wp:term":[{"taxonomy":"product_brand","embeddable":true,"href":"https:\/\/continent.lv\/ru\/wp-json\/wp\/v2\/product_brand?post=25422"},{"taxonomy":"product_cat","embeddable":true,"href":"https:\/\/continent.lv\/ru\/wp-json\/wp\/v2\/product_cat?post=25422"},{"taxonomy":"product_tag","embeddable":true,"href":"https:\/\/continent.lv\/ru\/wp-json\/wp\/v2\/product_tag?post=25422"}],"curies":[{"name":"wp","href":"https:\/\/api.w.org\/{rel}","templated":true}]}}