{"id":25368,"date":"2026-04-30T22:37:43","date_gmt":"2026-04-30T22:37:43","guid":{"rendered":"https:\/\/continent.lv\/product\/candy-cvious514fwhe\/"},"modified":"2026-04-30T22:37:43","modified_gmt":"2026-04-30T22:37:43","slug":"candy-cvious514fwhe","status":"publish","type":"product","link":"https:\/\/continent.lv\/ru\/product\/candy-cvious514fwhe\/","title":{"rendered":"Candy CVIOUS514FWHE"},"content":{"rendered":"<\/p>\n<p class=\"translation-block\"><p><\/p><p>\u0431\u0435\u043b\u044b\u0439 \u0446\u0432\u0435\u0442<br>\u042d\u043d\u0435\u0440\u0433\u0438\u044f<br>\u0423\u0440\u043e\u0432\u0435\u043d\u044c \u0448\u0443\u043c\u0430 (\u0434\u0411)40<br>\u041a\u043b\u0430\u0441\u0441 \u0443\u0440\u043e\u0432\u043d\u044f \u0448\u0443\u043c\u0430 C<br>\u041a\u043b\u0430\u0441\u0441 \u044d\u043d\u0435\u0440\u0433\u043e\u044d\u0444\u0444\u0435\u043a\u0442\u0438\u0432\u043d\u043e\u0441\u0442\u0438 F<br>\u0413\u043e\u0434\u043e\u0432\u043e\u0435 \u044d\u043d\u0435\u0440\u0433\u043e\u043f\u043e\u0442\u0440\u0435\u0431\u043b\u0435\u043d\u0438\u0435 (\u043a\u0412\u0442\u0447)246<br>\u041e\u0431\u044a\u0435\u043c \u043c\u043e\u0440\u043e\u0437\u0438\u043b\u044c\u043d\u043e\u0439 \u043a\u0430\u043c\u0435\u0440\u044b, \u043d\u0435\u0442\u0442\u043e (\u043b)188<br>\u0420\u0430\u0437\u043c\u0435\u0440\u044b<br>\u0412\u044b\u0441\u043e\u0442\u0430 (\u0441\u043c)145,5<br>\u0428\u0438\u0440\u0438\u043d\u0430 (\u0441\u043c)54<br>\u0413\u043b\u0443\u0431\u0438\u043d\u0430 (\u0441\u043c)59,5<br>\u0412\u0435\u0441 (\u043a\u0433)43<br>\u0425\u041e\u041b\u041e\u0414\u0418\u041b\u042c\u041d\u0418\u041a\u0418 \/ \u041c\u041e\u0420\u041e\u0417\u0418\u041b\u042c\u041d\u0418\u041a\u0418<br>\u0422\u0438\u043f \u0445\u043e\u043b\u043e\u0434\u0438\u043b\u044c\u043d\u0438\u043a\u0430<br>\u041c\u043e\u0440\u043e\u0437\u0438\u043b\u044c\u043d\u0438\u043a<br>\u041e\u0431\u0449\u0438\u0439 \u043e\u0431\u044a\u0435\u043c, \u043d\u0435\u0442\u0442\u043e (\u043b)188<br>\u041c\u0435\u0442\u043e\u0434 \u0440\u0430\u0437\u043c\u043e\u0440\u043e\u0437\u043a\u0438<br>\u0441\u0442\u0430\u0442\u0438\u0447\u0435\u0441\u043a\u0438\u0439<br>\u041c\u043e\u0449\u043d\u043e\u0441\u0442\u044c \u0437\u0430\u043c\u043e\u0440\u0430\u0436\u0438\u0432\u0430\u043d\u0438\u044f (\u043a\u0433\/24\u0447)9.1<br>\u0410\u0432\u0442\u043e\u043d\u043e\u043c\u043d\u043e\u0435 \u0441\u043e\u0445\u0440\u0430\u043d\u0435\u043d\u0438\u0435 \u0442\u0435\u043c\u043f\u0435\u0440\u0430\u0442\u0443\u0440\u044b (\u0447)9<\/p><\/p>","protected":false},"excerpt":{"rendered":"<p class=\"translation-block\"><p><\/p><p>\u0431\u0435\u043b\u044b\u0439 \u0446\u0432\u0435\u0442<br>\u042d\u043d\u0435\u0440\u0433\u0438\u044f<br>\u0423\u0440\u043e\u0432\u0435\u043d\u044c \u0448\u0443\u043c\u0430 (\u0434\u0411)40<br>\u041a\u043b\u0430\u0441\u0441 \u0443\u0440\u043e\u0432\u043d\u044f \u0448\u0443\u043c\u0430 C<br>\u041a\u043b\u0430\u0441\u0441 \u044d\u043d\u0435\u0440\u0433\u043e\u044d\u0444\u0444\u0435\u043a\u0442\u0438\u0432\u043d\u043e\u0441\u0442\u0438 F<br>\u0413\u043e\u0434\u043e\u0432\u043e\u0435 \u044d\u043d\u0435\u0440\u0433\u043e\u043f\u043e\u0442\u0440\u0435\u0431\u043b\u0435\u043d\u0438\u0435 (\u043a\u0412\u0442\u0447)246<br>\u041e\u0431\u044a\u0435\u043c \u043c\u043e\u0440\u043e\u0437\u0438\u043b\u044c\u043d\u043e\u0439 \u043a\u0430\u043c\u0435\u0440\u044b, \u043d\u0435\u0442\u0442\u043e (\u043b)188<br>\u0420\u0430\u0437\u043c\u0435\u0440\u044b<br>\u0412\u044b\u0441\u043e\u0442\u0430 (\u0441\u043c)145,5<br>\u0428\u0438\u0440\u0438\u043d\u0430 (\u0441\u043c)54<br>\u0413\u043b\u0443\u0431\u0438\u043d\u0430 (\u0441\u043c)59,5<br>\u0412\u0435\u0441 (\u043a\u0433)43<br>\u0425\u041e\u041b\u041e\u0414\u0418\u041b\u042c\u041d\u0418\u041a\u0418 \/ \u041c\u041e\u0420\u041e\u0417\u0418\u041b\u042c\u041d\u0418\u041a\u0418<br>\u0422\u0438\u043f \u0445\u043e\u043b\u043e\u0434\u0438\u043b\u044c\u043d\u0438\u043a\u0430<br>\u041c\u043e\u0440\u043e\u0437\u0438\u043b\u044c\u043d\u0438\u043a<br>\u041e\u0431\u0449\u0438\u0439 \u043e\u0431\u044a\u0435\u043c, \u043d\u0435\u0442\u0442\u043e (\u043b)188<br>\u041c\u0435\u0442\u043e\u0434 \u0440\u0430\u0437\u043c\u043e\u0440\u043e\u0437\u043a\u0438<br>\u0441\u0442\u0430\u0442\u0438\u0447\u0435\u0441\u043a\u0438\u0439<br>\u041c\u043e\u0449\u043d\u043e\u0441\u0442\u044c \u0437\u0430\u043c\u043e\u0440\u0430\u0436\u0438\u0432\u0430\u043d\u0438\u044f (\u043a\u0433\/24\u0447)9.1<br>\u0410\u0432\u0442\u043e\u043d\u043e\u043c\u043d\u043e\u0435 \u0441\u043e\u0445\u0440\u0430\u043d\u0435\u043d\u0438\u0435 \u0442\u0435\u043c\u043f\u0435\u0440\u0430\u0442\u0443\u0440\u044b (\u0447)9<\/p><\/p>","protected":false},"featured_media":25363,"comment_status":"open","ping_status":"closed","template":"","meta":{"_joinchat":[]},"product_brand":[267],"product_cat":[289],"product_tag":[],"class_list":{"0":"post-25368","1":"product","2":"type-product","3":"status-publish","4":"has-post-thumbnail","6":"product_brand-candy","7":"product_cat-sadzives-tehnika-saldetavas","9":"first","10":"instock","11":"shipping-taxable","12":"purchasable","13":"product-type-simple"},"yoast_head":"<!-- This site is optimized with the Yoast SEO plugin v27.5 - https:\/\/yoast.com\/product\/yoast-seo-wordpress\/ -->\n<title>Candy CVIOUS514FWHE - Continent.lv<\/title>\n<meta name=\"robots\" content=\"index, follow, max-snippet:-1, max-image-preview:large, max-video-preview:-1\" \/>\n<link rel=\"canonical\" href=\"https:\/\/continent.lv\/ru\/product\/candy-cvious514fwhe\/\" \/>\n<meta property=\"og:locale\" content=\"ru_RU\" \/>\n<meta property=\"og:type\" content=\"article\" \/>\n<meta property=\"og:title\" content=\"Candy CVIOUS514FWHE - Continent.lv\" \/>\n<meta property=\"og:description\" content=\"balta kr\u0101saEner\u0123ijaTrok\u0161\u0146a l\u012bmenis (dB)40Trok\u0161\u0146a l\u012bmenis (klase)CEnergoefektivit\u0101tes klase FEner\u0123ijas pat\u0113ri\u0146\u0161 gad\u0101 (KWh)246Sald\u0113tavas tilpums, Netto (L)188Izm\u0113riAugstums (cm)145,5Platums (cm)54Dzi\u013cums (cm)59,5Svars (Kg)43LEUSSEK\u0100CIJAS \/ SALD\u0112TAVASLedusskapja tipsSald\u0113tavaKop\u0113jais apjoms, neto (L)188Atkaus\u0113\u0161anas metodestatisksSald\u0113\u0161anas jauda (Kg\/24h)9.1Autonom\u0101 temperat\u016bras uzglab\u0101\u0161ana (H)9\" \/>\n<meta property=\"og:url\" content=\"https:\/\/continent.lv\/ru\/product\/candy-cvious514fwhe\/\" \/>\n<meta property=\"og:site_name\" content=\"Continent.lv\" \/>\n<meta property=\"og:image\" content=\"https:\/\/continent.lv\/wp-content\/uploads\/2026\/04\/Candy_CVIOUS514FWHE.jpg\" \/>\n\t<meta property=\"og:image:width\" content=\"1200\" \/>\n\t<meta property=\"og:image:height\" content=\"1372\" \/>\n\t<meta property=\"og:image:type\" content=\"image\/jpeg\" \/>\n<meta name=\"twitter:card\" content=\"summary_large_image\" \/>\n<script type=\"application\/ld+json\" class=\"yoast-schema-graph\">{\"@context\":\"https:\\\/\\\/schema.org\",\"@graph\":[{\"@type\":\"WebPage\",\"@id\":\"https:\\\/\\\/continent.lv\\\/product\\\/candy-cvious514fwhe\\\/\",\"url\":\"https:\\\/\\\/continent.lv\\\/product\\\/candy-cvious514fwhe\\\/\",\"name\":\"Candy CVIOUS514FWHE - Continent.lv\",\"isPartOf\":{\"@id\":\"https:\\\/\\\/continent.lv\\\/#website\"},\"primaryImageOfPage\":{\"@id\":\"https:\\\/\\\/continent.lv\\\/product\\\/candy-cvious514fwhe\\\/#primaryimage\"},\"image\":{\"@id\":\"https:\\\/\\\/continent.lv\\\/product\\\/candy-cvious514fwhe\\\/#primaryimage\"},\"thumbnailUrl\":\"https:\\\/\\\/continent.lv\\\/wp-content\\\/uploads\\\/2026\\\/04\\\/Candy_CVIOUS514FWHE.jpg\",\"datePublished\":\"2026-04-30T22:37:43+00:00\",\"breadcrumb\":{\"@id\":\"https:\\\/\\\/continent.lv\\\/product\\\/candy-cvious514fwhe\\\/#breadcrumb\"},\"inLanguage\":\"ru-RU\",\"potentialAction\":[{\"@type\":\"ReadAction\",\"target\":[\"https:\\\/\\\/continent.lv\\\/product\\\/candy-cvious514fwhe\\\/\"]}]},{\"@type\":\"ImageObject\",\"inLanguage\":\"ru-RU\",\"@id\":\"https:\\\/\\\/continent.lv\\\/product\\\/candy-cvious514fwhe\\\/#primaryimage\",\"url\":\"https:\\\/\\\/continent.lv\\\/wp-content\\\/uploads\\\/2026\\\/04\\\/Candy_CVIOUS514FWHE.jpg\",\"contentUrl\":\"https:\\\/\\\/continent.lv\\\/wp-content\\\/uploads\\\/2026\\\/04\\\/Candy_CVIOUS514FWHE.jpg\",\"width\":1200,\"height\":1372},{\"@type\":\"BreadcrumbList\",\"@id\":\"https:\\\/\\\/continent.lv\\\/product\\\/candy-cvious514fwhe\\\/#breadcrumb\",\"itemListElement\":[{\"@type\":\"ListItem\",\"position\":1,\"name\":\"Home\",\"item\":\"https:\\\/\\\/continent.lv\\\/\"},{\"@type\":\"ListItem\",\"position\":2,\"name\":\"Veikals\",\"item\":\"https:\\\/\\\/continent.lv\\\/shop\\\/\"},{\"@type\":\"ListItem\",\"position\":3,\"name\":\"Candy CVIOUS514FWHE\"}]},{\"@type\":\"WebSite\",\"@id\":\"https:\\\/\\\/continent.lv\\\/#website\",\"url\":\"https:\\\/\\\/continent.lv\\\/\",\"name\":\"Continent.lv\",\"description\":\"Sadz\u012bves pre\u010du internetveikals\",\"publisher\":{\"@id\":\"https:\\\/\\\/continent.lv\\\/#organization\"},\"potentialAction\":[{\"@type\":\"SearchAction\",\"target\":{\"@type\":\"EntryPoint\",\"urlTemplate\":\"https:\\\/\\\/continent.lv\\\/?s={search_term_string}\"},\"query-input\":{\"@type\":\"PropertyValueSpecification\",\"valueRequired\":true,\"valueName\":\"search_term_string\"}}],\"inLanguage\":\"ru-RU\"},{\"@type\":\"Organization\",\"@id\":\"https:\\\/\\\/continent.lv\\\/#organization\",\"name\":\"Continent.lv\",\"url\":\"https:\\\/\\\/continent.lv\\\/\",\"logo\":{\"@type\":\"ImageObject\",\"inLanguage\":\"ru-RU\",\"@id\":\"https:\\\/\\\/continent.lv\\\/#\\\/schema\\\/logo\\\/image\\\/\",\"url\":\"https:\\\/\\\/continent.lv\\\/wp-content\\\/uploads\\\/2026\\\/05\\\/logo_continent_5nwv-jh.jpg\",\"contentUrl\":\"https:\\\/\\\/continent.lv\\\/wp-content\\\/uploads\\\/2026\\\/05\\\/logo_continent_5nwv-jh.jpg\",\"width\":221,\"height\":50,\"caption\":\"Continent.lv\"},\"image\":{\"@id\":\"https:\\\/\\\/continent.lv\\\/#\\\/schema\\\/logo\\\/image\\\/\"}}]}<\/script>\n<!-- \/ Yoast SEO plugin. -->","yoast_head_json":{"title":"Candy CVIOUS514FWHE - Continent.lv","robots":{"index":"index","follow":"follow","max-snippet":"max-snippet:-1","max-image-preview":"max-image-preview:large","max-video-preview":"max-video-preview:-1"},"canonical":"https:\/\/continent.lv\/ru\/product\/candy-cvious514fwhe\/","og_locale":"ru_RU","og_type":"article","og_title":"Candy CVIOUS514FWHE - Continent.lv","og_description":"balta kr\u0101saEner\u0123ijaTrok\u0161\u0146a l\u012bmenis (dB)40Trok\u0161\u0146a l\u012bmenis (klase)CEnergoefektivit\u0101tes klase FEner\u0123ijas pat\u0113ri\u0146\u0161 gad\u0101 (KWh)246Sald\u0113tavas tilpums, Netto (L)188Izm\u0113riAugstums (cm)145,5Platums (cm)54Dzi\u013cums (cm)59,5Svars (Kg)43LEUSSEK\u0100CIJAS \/ SALD\u0112TAVASLedusskapja tipsSald\u0113tavaKop\u0113jais apjoms, neto (L)188Atkaus\u0113\u0161anas metodestatisksSald\u0113\u0161anas jauda (Kg\/24h)9.1Autonom\u0101 temperat\u016bras uzglab\u0101\u0161ana (H)9","og_url":"https:\/\/continent.lv\/ru\/product\/candy-cvious514fwhe\/","og_site_name":"Continent.lv","og_image":[{"width":1200,"height":1372,"url":"https:\/\/continent.lv\/wp-content\/uploads\/2026\/04\/Candy_CVIOUS514FWHE.jpg","type":"image\/jpeg"}],"twitter_card":"summary_large_image","schema":{"@context":"https:\/\/schema.org","@graph":[{"@type":"WebPage","@id":"https:\/\/continent.lv\/product\/candy-cvious514fwhe\/","url":"https:\/\/continent.lv\/product\/candy-cvious514fwhe\/","name":"Candy CVIOUS514FWHE - Continent.lv","isPartOf":{"@id":"https:\/\/continent.lv\/#website"},"primaryImageOfPage":{"@id":"https:\/\/continent.lv\/product\/candy-cvious514fwhe\/#primaryimage"},"image":{"@id":"https:\/\/continent.lv\/product\/candy-cvious514fwhe\/#primaryimage"},"thumbnailUrl":"https:\/\/continent.lv\/wp-content\/uploads\/2026\/04\/Candy_CVIOUS514FWHE.jpg","datePublished":"2026-04-30T22:37:43+00:00","breadcrumb":{"@id":"https:\/\/continent.lv\/product\/candy-cvious514fwhe\/#breadcrumb"},"inLanguage":"ru-RU","potentialAction":[{"@type":"ReadAction","target":["https:\/\/continent.lv\/product\/candy-cvious514fwhe\/"]}]},{"@type":"ImageObject","inLanguage":"ru-RU","@id":"https:\/\/continent.lv\/product\/candy-cvious514fwhe\/#primaryimage","url":"https:\/\/continent.lv\/wp-content\/uploads\/2026\/04\/Candy_CVIOUS514FWHE.jpg","contentUrl":"https:\/\/continent.lv\/wp-content\/uploads\/2026\/04\/Candy_CVIOUS514FWHE.jpg","width":1200,"height":1372},{"@type":"BreadcrumbList","@id":"https:\/\/continent.lv\/product\/candy-cvious514fwhe\/#breadcrumb","itemListElement":[{"@type":"ListItem","position":1,"name":"Home","item":"https:\/\/continent.lv\/"},{"@type":"ListItem","position":2,"name":"Veikals","item":"https:\/\/continent.lv\/shop\/"},{"@type":"ListItem","position":3,"name":"Candy CVIOUS514FWHE"}]},{"@type":"WebSite","@id":"https:\/\/continent.lv\/#website","url":"https:\/\/continent.lv\/","name":"Continent.lv","description":"Sadz\u012bves pre\u010du internetveikals","publisher":{"@id":"https:\/\/continent.lv\/#organization"},"potentialAction":[{"@type":"SearchAction","target":{"@type":"EntryPoint","urlTemplate":"https:\/\/continent.lv\/?s={search_term_string}"},"query-input":{"@type":"PropertyValueSpecification","valueRequired":true,"valueName":"search_term_string"}}],"inLanguage":"ru-RU"},{"@type":"Organization","@id":"https:\/\/continent.lv\/#organization","name":"Continent.lv","url":"https:\/\/continent.lv\/","logo":{"@type":"ImageObject","inLanguage":"ru-RU","@id":"https:\/\/continent.lv\/#\/schema\/logo\/image\/","url":"https:\/\/continent.lv\/wp-content\/uploads\/2026\/05\/logo_continent_5nwv-jh.jpg","contentUrl":"https:\/\/continent.lv\/wp-content\/uploads\/2026\/05\/logo_continent_5nwv-jh.jpg","width":221,"height":50,"caption":"Continent.lv"},"image":{"@id":"https:\/\/continent.lv\/#\/schema\/logo\/image\/"}}]}},"_links":{"self":[{"href":"https:\/\/continent.lv\/ru\/wp-json\/wp\/v2\/product\/25368","targetHints":{"allow":["GET"]}}],"collection":[{"href":"https:\/\/continent.lv\/ru\/wp-json\/wp\/v2\/product"}],"about":[{"href":"https:\/\/continent.lv\/ru\/wp-json\/wp\/v2\/types\/product"}],"replies":[{"embeddable":true,"href":"https:\/\/continent.lv\/ru\/wp-json\/wp\/v2\/comments?post=25368"}],"wp:featuredmedia":[{"embeddable":true,"href":"https:\/\/continent.lv\/ru\/wp-json\/wp\/v2\/media\/25363"}],"wp:attachment":[{"href":"https:\/\/continent.lv\/ru\/wp-json\/wp\/v2\/media?parent=25368"}],"wp:term":[{"taxonomy":"product_brand","embeddable":true,"href":"https:\/\/continent.lv\/ru\/wp-json\/wp\/v2\/product_brand?post=25368"},{"taxonomy":"product_cat","embeddable":true,"href":"https:\/\/continent.lv\/ru\/wp-json\/wp\/v2\/product_cat?post=25368"},{"taxonomy":"product_tag","embeddable":true,"href":"https:\/\/continent.lv\/ru\/wp-json\/wp\/v2\/product_tag?post=25368"}],"curies":[{"name":"wp","href":"https:\/\/api.w.org\/{rel}","templated":true}]}}