{"id":25226,"date":"2026-04-30T22:34:03","date_gmt":"2026-04-30T22:34:03","guid":{"rendered":"https:\/\/continent.lv\/product\/electrolux-pd82-4mg\/"},"modified":"2026-04-30T22:34:03","modified_gmt":"2026-04-30T22:34:03","slug":"electrolux-pd82-4mg","status":"publish","type":"product","link":"https:\/\/continent.lv\/ru\/product\/electrolux-pd82-4mg\/","title":{"rendered":"Electrolux PD82-4MG"},"content":{"rendered":"<\/p>\n<p>Putek\u013cu s\u016bc\u0113ja tips:\u00a0 Ar maisu\u00a0\u00a0<br \/>\u041f\u043e\u0442\u0440\u0435\u0431\u043b\u0435\u043d\u0438\u0435 \u044d\u043d\u0435\u0440\u0433\u0438\u0438: 21,4 \u043a\u0412\u0442\u00b7\u0447\/\u0433\u043e\u0434\u00a0\u00a0<br \/>BARO\u0160ANA<br \/>Baro\u0161anas avots:\u00a0 T\u012bkls\u00a0\u00a0<br \/>Str\u0101vas pat\u0113ri\u0146\u0161:\u00a0 600 W\u00a0\u00a0<br \/>Jaudas regul\u0113\u0161ana:\u00a0 Uz korpusa\u00a0\u00a0<br \/>Str\u0101vas vada garums:\u00a0 9 m\u00a0\u00a0<br \/>Autom\u0101tiska vada sav\u0101k\u0161ana:\u00a0 Ir\u00a0\u00a0<br \/>\u0423\u0425\u041e\u0414<br \/>T\u012br\u012b\u0161anas veids:\u00a0 Saus\u0101 t\u012br\u012b\u0161ana\u00a0\u00a0<br \/>Putek\u013cu tvertnes tips:\u00a0 Maiss\u00a0\u00a0<br \/>Putek\u013cu ietilp\u012bba:\u00a0 3,5 l\u00a0\u00a0<br \/>Pilnas putek\u013cu tvertnes indikators:\u00a0 Ir\u00a0\u00a0<br \/>\u0412\u044b\u0445\u043e\u0434\u043d\u043e\u0439 \u0444\u0438\u043b\u044c\u0442\u0440: Hygiene E12\u00a0\u00a0<br \/>T\u012br\u012b\u0161ana ar tvaiku:\u00a0 Nav\u00a0\u00a0<br \/>\u041d\u0410\u0421\u0410\u0414\u041a\u0418<br \/>Uzgalis gr\u012bdai un pakl\u0101jiem:\u00a0 Ir\u00a0\u00a0<br \/>Uzgalis spraug\u0101m:\u00a0 Ir\u00a0\u00a0<br \/>Uzgalis m\u012bkstaj\u0101m m\u0113bel\u0113m:\u00a0 Ir\u00a0\u00a0<br \/>Parketa birste:\u00a0 Nav\u00a0\u00a0<br \/>Turbo birste:\u00a0 Nav\u00a0\u00a0<br \/>Elektrobirste:\u00a0 Nav\u00a0\u00a0<br \/>\u041f\u0420\u041e\u0427\u0418\u0415 \u0425\u0410\u0420\u0410\u041a\u0422\u0415\u0420\u0418\u0421\u0422\u0418\u041a\u0418<br \/>Caurules veids:\u00a0 Teleskopisk\u0101\u00a0\u00a0<br \/>\u0426\u0432\u0435\u0442: \u0421\u0432\u0435\u0442\u043b\u043e-\u0441\u0435\u0440\u044b\u0439\u00a0\u00a0<\/p>","protected":false},"excerpt":{"rendered":"<p>Putek\u013cu s\u016bc\u0113ja tips:\u00a0 Ar maisu\u00a0\u00a0Ener\u0123ijas pat\u0113ri\u0146\u0161: 21.4 kWh\/ gad\u0101\u00a0\u00a0BARO\u0160ANABaro\u0161anas avots:\u00a0 T\u012bkls\u00a0\u00a0Str\u0101vas pat\u0113ri\u0146\u0161:\u00a0 600 W\u00a0\u00a0Jaudas regul\u0113\u0161ana:\u00a0 Uz korpusa\u00a0\u00a0Str\u0101vas vada garums:\u00a0 9 m\u00a0\u00a0Autom\u0101tiska vada sav\u0101k\u0161ana:\u00a0 Ir\u00a0\u00a0UZKOP\u0160ANAT\u012br\u012b\u0161anas veids:\u00a0 Saus\u0101 t\u012br\u012b\u0161ana\u00a0\u00a0Putek\u013cu tvertnes tips:\u00a0 Maiss\u00a0\u00a0Putek\u013cu ietilp\u012bba:\u00a0 3,5 l\u00a0\u00a0Pilnas putek\u013cu tvertnes indikators:\u00a0 Ir\u00a0\u00a0Gaisa izpl\u016bdes filtrs: Hygiene E12\u00a0\u00a0T\u012br\u012b\u0161ana ar tvaiku:\u00a0 Nav\u00a0\u00a0UZGA\u013bIUzgalis gr\u012bdai un pakl\u0101jiem:\u00a0 Ir\u00a0\u00a0Uzgalis spraug\u0101m:\u00a0 Ir\u00a0\u00a0Uzgalis m\u012bkstaj\u0101m m\u0113bel\u0113m:\u00a0 Ir\u00a0\u00a0Parketa birste:\u00a0 Nav\u00a0\u00a0Turbo [&hellip;]<\/p>\n","protected":false},"featured_media":25224,"comment_status":"open","ping_status":"closed","template":"","meta":{"_joinchat":[]},"product_brand":[265],"product_cat":[282],"product_tag":[],"class_list":{"0":"post-25226","1":"product","2":"type-product","3":"status-publish","4":"has-post-thumbnail","6":"product_brand-electrolux","7":"product_cat-sadzives-tehnika-puteklu-suceji","9":"first","10":"instock","11":"shipping-taxable","12":"purchasable","13":"product-type-simple"},"yoast_head":"<!-- This site is optimized with the Yoast SEO plugin v27.5 - https:\/\/yoast.com\/product\/yoast-seo-wordpress\/ -->\n<title>Electrolux PD82-4MG - Continent.lv<\/title>\n<meta name=\"robots\" content=\"index, follow, max-snippet:-1, max-image-preview:large, max-video-preview:-1\" \/>\n<link rel=\"canonical\" href=\"https:\/\/continent.lv\/ru\/product\/electrolux-pd82-4mg\/\" \/>\n<meta property=\"og:locale\" content=\"ru_RU\" \/>\n<meta property=\"og:type\" content=\"article\" \/>\n<meta property=\"og:title\" content=\"Electrolux PD82-4MG - Continent.lv\" \/>\n<meta property=\"og:description\" content=\"Putek\u013cu s\u016bc\u0113ja tips:\u00a0 Ar maisu\u00a0\u00a0Ener\u0123ijas pat\u0113ri\u0146\u0161: 21.4 kWh\/ gad\u0101\u00a0\u00a0BARO\u0160ANABaro\u0161anas avots:\u00a0 T\u012bkls\u00a0\u00a0Str\u0101vas pat\u0113ri\u0146\u0161:\u00a0 600 W\u00a0\u00a0Jaudas regul\u0113\u0161ana:\u00a0 Uz korpusa\u00a0\u00a0Str\u0101vas vada garums:\u00a0 9 m\u00a0\u00a0Autom\u0101tiska vada sav\u0101k\u0161ana:\u00a0 Ir\u00a0\u00a0UZKOP\u0160ANAT\u012br\u012b\u0161anas veids:\u00a0 Saus\u0101 t\u012br\u012b\u0161ana\u00a0\u00a0Putek\u013cu tvertnes tips:\u00a0 Maiss\u00a0\u00a0Putek\u013cu ietilp\u012bba:\u00a0 3,5 l\u00a0\u00a0Pilnas putek\u013cu tvertnes indikators:\u00a0 Ir\u00a0\u00a0Gaisa izpl\u016bdes filtrs: Hygiene E12\u00a0\u00a0T\u012br\u012b\u0161ana ar tvaiku:\u00a0 Nav\u00a0\u00a0UZGA\u013bIUzgalis gr\u012bdai un pakl\u0101jiem:\u00a0 Ir\u00a0\u00a0Uzgalis spraug\u0101m:\u00a0 Ir\u00a0\u00a0Uzgalis m\u012bkstaj\u0101m m\u0113bel\u0113m:\u00a0 Ir\u00a0\u00a0Parketa birste:\u00a0 Nav\u00a0\u00a0Turbo [&hellip;]\" \/>\n<meta property=\"og:url\" content=\"https:\/\/continent.lv\/ru\/product\/electrolux-pd82-4mg\/\" \/>\n<meta property=\"og:site_name\" content=\"Continent.lv\" \/>\n<meta property=\"og:image\" content=\"https:\/\/continent.lv\/wp-content\/uploads\/2026\/04\/PD82-4MG.jpg\" \/>\n\t<meta property=\"og:image:width\" content=\"700\" \/>\n\t<meta property=\"og:image:height\" content=\"700\" \/>\n\t<meta property=\"og:image:type\" content=\"image\/jpeg\" \/>\n<meta name=\"twitter:card\" content=\"summary_large_image\" \/>\n<meta name=\"twitter:label1\" content=\"\u041f\u0440\u0438\u043c\u0435\u0440\u043d\u043e\u0435 \u0432\u0440\u0435\u043c\u044f \u0434\u043b\u044f \u0447\u0442\u0435\u043d\u0438\u044f\" \/>\n\t<meta name=\"twitter:data1\" content=\"1 \u043c\u0438\u043d\u0443\u0442\u0430\" \/>\n<script type=\"application\/ld+json\" class=\"yoast-schema-graph\">{\"@context\":\"https:\\\/\\\/schema.org\",\"@graph\":[{\"@type\":\"WebPage\",\"@id\":\"https:\\\/\\\/continent.lv\\\/product\\\/electrolux-pd82-4mg\\\/\",\"url\":\"https:\\\/\\\/continent.lv\\\/product\\\/electrolux-pd82-4mg\\\/\",\"name\":\"Electrolux PD82-4MG - Continent.lv\",\"isPartOf\":{\"@id\":\"https:\\\/\\\/continent.lv\\\/#website\"},\"primaryImageOfPage\":{\"@id\":\"https:\\\/\\\/continent.lv\\\/product\\\/electrolux-pd82-4mg\\\/#primaryimage\"},\"image\":{\"@id\":\"https:\\\/\\\/continent.lv\\\/product\\\/electrolux-pd82-4mg\\\/#primaryimage\"},\"thumbnailUrl\":\"https:\\\/\\\/continent.lv\\\/wp-content\\\/uploads\\\/2026\\\/04\\\/PD82-4MG.jpg\",\"datePublished\":\"2026-04-30T22:34:03+00:00\",\"breadcrumb\":{\"@id\":\"https:\\\/\\\/continent.lv\\\/product\\\/electrolux-pd82-4mg\\\/#breadcrumb\"},\"inLanguage\":\"ru-RU\",\"potentialAction\":[{\"@type\":\"ReadAction\",\"target\":[\"https:\\\/\\\/continent.lv\\\/product\\\/electrolux-pd82-4mg\\\/\"]}]},{\"@type\":\"ImageObject\",\"inLanguage\":\"ru-RU\",\"@id\":\"https:\\\/\\\/continent.lv\\\/product\\\/electrolux-pd82-4mg\\\/#primaryimage\",\"url\":\"https:\\\/\\\/continent.lv\\\/wp-content\\\/uploads\\\/2026\\\/04\\\/PD82-4MG.jpg\",\"contentUrl\":\"https:\\\/\\\/continent.lv\\\/wp-content\\\/uploads\\\/2026\\\/04\\\/PD82-4MG.jpg\",\"width\":700,\"height\":700},{\"@type\":\"BreadcrumbList\",\"@id\":\"https:\\\/\\\/continent.lv\\\/product\\\/electrolux-pd82-4mg\\\/#breadcrumb\",\"itemListElement\":[{\"@type\":\"ListItem\",\"position\":1,\"name\":\"Home\",\"item\":\"https:\\\/\\\/continent.lv\\\/\"},{\"@type\":\"ListItem\",\"position\":2,\"name\":\"Veikals\",\"item\":\"https:\\\/\\\/continent.lv\\\/shop\\\/\"},{\"@type\":\"ListItem\",\"position\":3,\"name\":\"Electrolux PD82-4MG\"}]},{\"@type\":\"WebSite\",\"@id\":\"https:\\\/\\\/continent.lv\\\/#website\",\"url\":\"https:\\\/\\\/continent.lv\\\/\",\"name\":\"Continent.lv\",\"description\":\"Sadz\u012bves pre\u010du internetveikals\",\"publisher\":{\"@id\":\"https:\\\/\\\/continent.lv\\\/#organization\"},\"potentialAction\":[{\"@type\":\"SearchAction\",\"target\":{\"@type\":\"EntryPoint\",\"urlTemplate\":\"https:\\\/\\\/continent.lv\\\/?s={search_term_string}\"},\"query-input\":{\"@type\":\"PropertyValueSpecification\",\"valueRequired\":true,\"valueName\":\"search_term_string\"}}],\"inLanguage\":\"ru-RU\"},{\"@type\":\"Organization\",\"@id\":\"https:\\\/\\\/continent.lv\\\/#organization\",\"name\":\"Continent.lv\",\"url\":\"https:\\\/\\\/continent.lv\\\/\",\"logo\":{\"@type\":\"ImageObject\",\"inLanguage\":\"ru-RU\",\"@id\":\"https:\\\/\\\/continent.lv\\\/#\\\/schema\\\/logo\\\/image\\\/\",\"url\":\"https:\\\/\\\/continent.lv\\\/wp-content\\\/uploads\\\/2026\\\/05\\\/logo_continent_5nwv-jh.jpg\",\"contentUrl\":\"https:\\\/\\\/continent.lv\\\/wp-content\\\/uploads\\\/2026\\\/05\\\/logo_continent_5nwv-jh.jpg\",\"width\":221,\"height\":50,\"caption\":\"Continent.lv\"},\"image\":{\"@id\":\"https:\\\/\\\/continent.lv\\\/#\\\/schema\\\/logo\\\/image\\\/\"}}]}<\/script>\n<!-- \/ Yoast SEO plugin. -->","yoast_head_json":{"title":"Electrolux PD82-4MG - Continent.lv","robots":{"index":"index","follow":"follow","max-snippet":"max-snippet:-1","max-image-preview":"max-image-preview:large","max-video-preview":"max-video-preview:-1"},"canonical":"https:\/\/continent.lv\/ru\/product\/electrolux-pd82-4mg\/","og_locale":"ru_RU","og_type":"article","og_title":"Electrolux PD82-4MG - Continent.lv","og_description":"Putek\u013cu s\u016bc\u0113ja tips:\u00a0 Ar maisu\u00a0\u00a0Ener\u0123ijas pat\u0113ri\u0146\u0161: 21.4 kWh\/ gad\u0101\u00a0\u00a0BARO\u0160ANABaro\u0161anas avots:\u00a0 T\u012bkls\u00a0\u00a0Str\u0101vas pat\u0113ri\u0146\u0161:\u00a0 600 W\u00a0\u00a0Jaudas regul\u0113\u0161ana:\u00a0 Uz korpusa\u00a0\u00a0Str\u0101vas vada garums:\u00a0 9 m\u00a0\u00a0Autom\u0101tiska vada sav\u0101k\u0161ana:\u00a0 Ir\u00a0\u00a0UZKOP\u0160ANAT\u012br\u012b\u0161anas veids:\u00a0 Saus\u0101 t\u012br\u012b\u0161ana\u00a0\u00a0Putek\u013cu tvertnes tips:\u00a0 Maiss\u00a0\u00a0Putek\u013cu ietilp\u012bba:\u00a0 3,5 l\u00a0\u00a0Pilnas putek\u013cu tvertnes indikators:\u00a0 Ir\u00a0\u00a0Gaisa izpl\u016bdes filtrs: Hygiene E12\u00a0\u00a0T\u012br\u012b\u0161ana ar tvaiku:\u00a0 Nav\u00a0\u00a0UZGA\u013bIUzgalis gr\u012bdai un pakl\u0101jiem:\u00a0 Ir\u00a0\u00a0Uzgalis spraug\u0101m:\u00a0 Ir\u00a0\u00a0Uzgalis m\u012bkstaj\u0101m m\u0113bel\u0113m:\u00a0 Ir\u00a0\u00a0Parketa birste:\u00a0 Nav\u00a0\u00a0Turbo [&hellip;]","og_url":"https:\/\/continent.lv\/ru\/product\/electrolux-pd82-4mg\/","og_site_name":"Continent.lv","og_image":[{"width":700,"height":700,"url":"https:\/\/continent.lv\/wp-content\/uploads\/2026\/04\/PD82-4MG.jpg","type":"image\/jpeg"}],"twitter_card":"summary_large_image","twitter_misc":{"\u041f\u0440\u0438\u043c\u0435\u0440\u043d\u043e\u0435 \u0432\u0440\u0435\u043c\u044f \u0434\u043b\u044f \u0447\u0442\u0435\u043d\u0438\u044f":"1 \u043c\u0438\u043d\u0443\u0442\u0430"},"schema":{"@context":"https:\/\/schema.org","@graph":[{"@type":"WebPage","@id":"https:\/\/continent.lv\/product\/electrolux-pd82-4mg\/","url":"https:\/\/continent.lv\/product\/electrolux-pd82-4mg\/","name":"Electrolux PD82-4MG - Continent.lv","isPartOf":{"@id":"https:\/\/continent.lv\/#website"},"primaryImageOfPage":{"@id":"https:\/\/continent.lv\/product\/electrolux-pd82-4mg\/#primaryimage"},"image":{"@id":"https:\/\/continent.lv\/product\/electrolux-pd82-4mg\/#primaryimage"},"thumbnailUrl":"https:\/\/continent.lv\/wp-content\/uploads\/2026\/04\/PD82-4MG.jpg","datePublished":"2026-04-30T22:34:03+00:00","breadcrumb":{"@id":"https:\/\/continent.lv\/product\/electrolux-pd82-4mg\/#breadcrumb"},"inLanguage":"ru-RU","potentialAction":[{"@type":"ReadAction","target":["https:\/\/continent.lv\/product\/electrolux-pd82-4mg\/"]}]},{"@type":"ImageObject","inLanguage":"ru-RU","@id":"https:\/\/continent.lv\/product\/electrolux-pd82-4mg\/#primaryimage","url":"https:\/\/continent.lv\/wp-content\/uploads\/2026\/04\/PD82-4MG.jpg","contentUrl":"https:\/\/continent.lv\/wp-content\/uploads\/2026\/04\/PD82-4MG.jpg","width":700,"height":700},{"@type":"BreadcrumbList","@id":"https:\/\/continent.lv\/product\/electrolux-pd82-4mg\/#breadcrumb","itemListElement":[{"@type":"ListItem","position":1,"name":"Home","item":"https:\/\/continent.lv\/"},{"@type":"ListItem","position":2,"name":"Veikals","item":"https:\/\/continent.lv\/shop\/"},{"@type":"ListItem","position":3,"name":"Electrolux PD82-4MG"}]},{"@type":"WebSite","@id":"https:\/\/continent.lv\/#website","url":"https:\/\/continent.lv\/","name":"Continent.lv","description":"Sadz\u012bves pre\u010du internetveikals","publisher":{"@id":"https:\/\/continent.lv\/#organization"},"potentialAction":[{"@type":"SearchAction","target":{"@type":"EntryPoint","urlTemplate":"https:\/\/continent.lv\/?s={search_term_string}"},"query-input":{"@type":"PropertyValueSpecification","valueRequired":true,"valueName":"search_term_string"}}],"inLanguage":"ru-RU"},{"@type":"Organization","@id":"https:\/\/continent.lv\/#organization","name":"Continent.lv","url":"https:\/\/continent.lv\/","logo":{"@type":"ImageObject","inLanguage":"ru-RU","@id":"https:\/\/continent.lv\/#\/schema\/logo\/image\/","url":"https:\/\/continent.lv\/wp-content\/uploads\/2026\/05\/logo_continent_5nwv-jh.jpg","contentUrl":"https:\/\/continent.lv\/wp-content\/uploads\/2026\/05\/logo_continent_5nwv-jh.jpg","width":221,"height":50,"caption":"Continent.lv"},"image":{"@id":"https:\/\/continent.lv\/#\/schema\/logo\/image\/"}}]}},"_links":{"self":[{"href":"https:\/\/continent.lv\/ru\/wp-json\/wp\/v2\/product\/25226","targetHints":{"allow":["GET"]}}],"collection":[{"href":"https:\/\/continent.lv\/ru\/wp-json\/wp\/v2\/product"}],"about":[{"href":"https:\/\/continent.lv\/ru\/wp-json\/wp\/v2\/types\/product"}],"replies":[{"embeddable":true,"href":"https:\/\/continent.lv\/ru\/wp-json\/wp\/v2\/comments?post=25226"}],"wp:featuredmedia":[{"embeddable":true,"href":"https:\/\/continent.lv\/ru\/wp-json\/wp\/v2\/media\/25224"}],"wp:attachment":[{"href":"https:\/\/continent.lv\/ru\/wp-json\/wp\/v2\/media?parent=25226"}],"wp:term":[{"taxonomy":"product_brand","embeddable":true,"href":"https:\/\/continent.lv\/ru\/wp-json\/wp\/v2\/product_brand?post=25226"},{"taxonomy":"product_cat","embeddable":true,"href":"https:\/\/continent.lv\/ru\/wp-json\/wp\/v2\/product_cat?post=25226"},{"taxonomy":"product_tag","embeddable":true,"href":"https:\/\/continent.lv\/ru\/wp-json\/wp\/v2\/product_tag?post=25226"}],"curies":[{"name":"wp","href":"https:\/\/api.w.org\/{rel}","templated":true}]}}