{"id":25047,"date":"2026-04-30T22:28:30","date_gmt":"2026-04-30T22:28:30","guid":{"rendered":"https:\/\/continent.lv\/product\/electrolux-epf62is\/"},"modified":"2026-04-30T22:28:30","modified_gmt":"2026-04-30T22:28:30","slug":"electrolux-epf62is","status":"publish","type":"product","link":"https:\/\/continent.lv\/ru\/product\/electrolux-epf62is\/","title":{"rendered":"Electrolux EPF62IS"},"content":{"rendered":"<p class=\"translation-block\"><p>\u0422\u0438\u043f \u043f\u044b\u043b\u0435\u0441\u043e\u0441\u0430 \u0421 \u043c\u0435\u0448\u043a\u043e\u043c<br>\u041e\u0431\u044a\u0435\u043c \u043f\u044b\u043b\u0435\u0441\u0431\u043e\u0440\u043d\u0438\u043a\u0430 (\u041b) 3.5<br>\u0422\u0435\u043b\u0435\u0441\u043a\u043e\u043f\u0438\u0447\u0435\u0441\u043a\u0430\u044f \u0442\u0440\u0443\u0431\u043a\u0430 +<br>\u0420\u0435\u0433\u0443\u043b\u0438\u0440\u043e\u0432\u043a\u0430 \u043c\u043e\u0449\u043d\u043e\u0441\u0442\u0438 +<br>\u042d\u0444\u0444\u0435\u043a\u0442\u0438\u0432\u043d\u043e\u0441\u0442\u044c \u0443\u0431\u043e\u0440\u043a\u0438 \u043d\u0430 \u0442\u0432\u0435\u0440\u0434\u044b\u0445 \u043d\u0430\u043f\u043e\u043b\u044c\u043d\u044b\u0445 \u043f\u043e\u043a\u0440\u044b\u0442\u0438\u044f\u0445 A<br>\u042d\u0444\u0444\u0435\u043a\u0442\u0438\u0432\u043d\u043e\u0441\u0442\u044c \u0443\u0431\u043e\u0440\u043a\u0438 \u043a\u043e\u0432\u0440\u043e\u0432 B<br>\u041a\u043b\u0430\u0441\u0441 \u043f\u043e\u0432\u0442\u043e\u0440\u043d\u043e\u0433\u043e \u0432\u044b\u0431\u0440\u043e\u0441\u0430 \u043f\u044b\u043b\u0438 A<br>\u0424\u0438\u043b\u044c\u0442\u0440\u044b: mootorifilter, pestav \u0413\u0438\u0433\u0438\u0435\u043d\u0438\u0447\u0435\u0441\u043a\u0438\u0439 \u0444\u0438\u043b\u044c\u0442\u0440 12<br>\u0423\u0440\u043e\u0432\u0435\u043d\u044c \u0448\u0443\u043c\u0430 (\u0434\u0411) 76<br>\u041c\u043e\u0449\u043d\u043e\u0441\u0442\u044c (\u0412\u0442) 800<br>\u0426\u0432\u0435\u0442 \u0441\u0438\u043d\u0438\u0439<br>\u041e\u0441\u043e\u0431\u0435\u043d\u043d\u044b\u0435 \u0444\u0443\u043d\u043a\u0446\u0438\u0438<br>360\u00b0 Motion Technology\u2122<br>\u0420\u0430\u0437\u043c\u0435\u0440\u044b (\u0440\u0435\u0434\u0430\u043a\u0442\u0438\u0440\u043e\u0432\u0430\u0442\u044c)<br>\u0412\u044b\u0441\u043e\u0442\u0430 (\u0441\u043c) 23.8<br>\u0428\u0438\u0440\u0438\u043d\u0430 (\u0441\u043c) 29.3<br>\u0413\u043b\u0443\u0431\u0438\u043d\u0430 (\u0441\u043c) 44.1<br>\u0412\u0435\u0441 (\u043a\u0433) 6.02<br>\u0414\u043b\u0438\u043d\u0430 \u044d\u043b\u0435\u043a\u0442\u0440\u0438\u0447\u0435\u0441\u043a\u043e\u0433\u043e \u0448\u043d\u0443\u0440\u0430 (\u041c) 6<\/p><\/p>","protected":false},"excerpt":{"rendered":"<p class=\"translation-block\"><p>\u0422\u0438\u043f \u043f\u044b\u043b\u0435\u0441\u043e\u0441\u0430 \u0421 \u043c\u0435\u0448\u043a\u043e\u043c<br>\u041e\u0431\u044a\u0435\u043c \u043f\u044b\u043b\u0435\u0441\u0431\u043e\u0440\u043d\u0438\u043a\u0430 (\u041b) 3.5<br>\u0422\u0435\u043b\u0435\u0441\u043a\u043e\u043f\u0438\u0447\u0435\u0441\u043a\u0430\u044f \u0442\u0440\u0443\u0431\u043a\u0430 +<br>\u0420\u0435\u0433\u0443\u043b\u0438\u0440\u043e\u0432\u043a\u0430 \u043c\u043e\u0449\u043d\u043e\u0441\u0442\u0438 +<br>\u042d\u0444\u0444\u0435\u043a\u0442\u0438\u0432\u043d\u043e\u0441\u0442\u044c \u0443\u0431\u043e\u0440\u043a\u0438 \u043d\u0430 \u0442\u0432\u0435\u0440\u0434\u044b\u0445 \u043d\u0430\u043f\u043e\u043b\u044c\u043d\u044b\u0445 \u043f\u043e\u043a\u0440\u044b\u0442\u0438\u044f\u0445 A<br>\u042d\u0444\u0444\u0435\u043a\u0442\u0438\u0432\u043d\u043e\u0441\u0442\u044c \u0443\u0431\u043e\u0440\u043a\u0438 \u043a\u043e\u0432\u0440\u043e\u0432 B<br>\u041a\u043b\u0430\u0441\u0441 \u043f\u043e\u0432\u0442\u043e\u0440\u043d\u043e\u0433\u043e \u0432\u044b\u0431\u0440\u043e\u0441\u0430 \u043f\u044b\u043b\u0438 A<br>\u0424\u0438\u043b\u044c\u0442\u0440\u044b: mootorifilter, pestav \u0413\u0438\u0433\u0438\u0435\u043d\u0438\u0447\u0435\u0441\u043a\u0438\u0439 \u0444\u0438\u043b\u044c\u0442\u0440 12<br>\u0423\u0440\u043e\u0432\u0435\u043d\u044c \u0448\u0443\u043c\u0430 (\u0434\u0411) 76<br>\u041c\u043e\u0449\u043d\u043e\u0441\u0442\u044c (\u0412\u0442) 800<br>\u0426\u0432\u0435\u0442 \u0441\u0438\u043d\u0438\u0439<br>\u041e\u0441\u043e\u0431\u0435\u043d\u043d\u044b\u0435 \u0444\u0443\u043d\u043a\u0446\u0438\u0438<br>360\u00b0 Motion Technology\u2122<br>\u0420\u0430\u0437\u043c\u0435\u0440\u044b (\u0440\u0435\u0434\u0430\u043a\u0442\u0438\u0440\u043e\u0432\u0430\u0442\u044c)<br>\u0412\u044b\u0441\u043e\u0442\u0430 (\u0441\u043c) 23.8<br>\u0428\u0438\u0440\u0438\u043d\u0430 (\u0441\u043c) 29.3<br>\u0413\u043b\u0443\u0431\u0438\u043d\u0430 (\u0441\u043c) 44.1<br>\u0412\u0435\u0441 (\u043a\u0433) 6.02<br>\u0414\u043b\u0438\u043d\u0430 \u044d\u043b\u0435\u043a\u0442\u0440\u0438\u0447\u0435\u0441\u043a\u043e\u0433\u043e \u0448\u043d\u0443\u0440\u0430 (\u041c) 6<\/p><\/p>","protected":false},"featured_media":25045,"comment_status":"open","ping_status":"closed","template":"","meta":{"_joinchat":[]},"product_brand":[265],"product_cat":[282],"product_tag":[],"class_list":{"0":"post-25047","1":"product","2":"type-product","3":"status-publish","4":"has-post-thumbnail","6":"product_brand-electrolux","7":"product_cat-sadzives-tehnika-puteklu-suceji","9":"first","10":"instock","11":"shipping-taxable","12":"purchasable","13":"product-type-simple"},"yoast_head":"<!-- This site is optimized with the Yoast SEO plugin v27.5 - https:\/\/yoast.com\/product\/yoast-seo-wordpress\/ -->\n<title>Electrolux EPF62IS - Continent.lv<\/title>\n<meta name=\"robots\" content=\"index, follow, max-snippet:-1, max-image-preview:large, max-video-preview:-1\" \/>\n<link rel=\"canonical\" href=\"https:\/\/continent.lv\/ru\/product\/electrolux-epf62is\/\" \/>\n<meta property=\"og:locale\" content=\"ru_RU\" \/>\n<meta property=\"og:type\" content=\"article\" \/>\n<meta property=\"og:title\" content=\"Electrolux EPF62IS - Continent.lv\" \/>\n<meta property=\"og:description\" content=\"Putek\u013cs\u016bc\u0113ja tips Ar maisuPutek\u013cu kastes tilpums (L) 3.5Teleskopisk\u0101s caurules +Jaudas regul\u0113\u0161ana +T\u012br\u012b\u0161anas efektivit\u0101te Ciet\u0101 gr\u012bda APakl\u0101ju t\u012br\u012b\u0161anas efektivit\u0101te BPutek\u013cu atk\u0101rtota emisija A klaseFiltri: mootorifilter, pestav Higi\u0113nas filtrs 12Trok\u0161\u0146a l\u012bmenis (dB) 76Jauda (W) 800Kr\u0101sa zilaSpeci\u0101las iesp\u0113jas360\u00b0 Motion Technology\u2122Izm\u0113ri (redi\u0123\u0113t)Augstums (cm) 23.8Platums (cm) 29.3Dzi\u013cums (cm) 44.1Svars (kg) 6.02Elektrisk\u0101 vada garums (M) 6\" \/>\n<meta property=\"og:url\" content=\"https:\/\/continent.lv\/ru\/product\/electrolux-epf62is\/\" \/>\n<meta property=\"og:site_name\" content=\"Continent.lv\" \/>\n<meta property=\"og:image\" content=\"https:\/\/continent.lv\/wp-content\/uploads\/2026\/04\/EPF62IS.jpg\" \/>\n\t<meta property=\"og:image:width\" content=\"550\" \/>\n\t<meta property=\"og:image:height\" content=\"450\" \/>\n\t<meta property=\"og:image:type\" content=\"image\/jpeg\" \/>\n<meta name=\"twitter:card\" content=\"summary_large_image\" \/>\n<script type=\"application\/ld+json\" class=\"yoast-schema-graph\">{\"@context\":\"https:\\\/\\\/schema.org\",\"@graph\":[{\"@type\":\"WebPage\",\"@id\":\"https:\\\/\\\/continent.lv\\\/product\\\/electrolux-epf62is\\\/\",\"url\":\"https:\\\/\\\/continent.lv\\\/product\\\/electrolux-epf62is\\\/\",\"name\":\"Electrolux EPF62IS - Continent.lv\",\"isPartOf\":{\"@id\":\"https:\\\/\\\/continent.lv\\\/#website\"},\"primaryImageOfPage\":{\"@id\":\"https:\\\/\\\/continent.lv\\\/product\\\/electrolux-epf62is\\\/#primaryimage\"},\"image\":{\"@id\":\"https:\\\/\\\/continent.lv\\\/product\\\/electrolux-epf62is\\\/#primaryimage\"},\"thumbnailUrl\":\"https:\\\/\\\/continent.lv\\\/wp-content\\\/uploads\\\/2026\\\/04\\\/EPF62IS.jpg\",\"datePublished\":\"2026-04-30T22:28:30+00:00\",\"breadcrumb\":{\"@id\":\"https:\\\/\\\/continent.lv\\\/product\\\/electrolux-epf62is\\\/#breadcrumb\"},\"inLanguage\":\"ru-RU\",\"potentialAction\":[{\"@type\":\"ReadAction\",\"target\":[\"https:\\\/\\\/continent.lv\\\/product\\\/electrolux-epf62is\\\/\"]}]},{\"@type\":\"ImageObject\",\"inLanguage\":\"ru-RU\",\"@id\":\"https:\\\/\\\/continent.lv\\\/product\\\/electrolux-epf62is\\\/#primaryimage\",\"url\":\"https:\\\/\\\/continent.lv\\\/wp-content\\\/uploads\\\/2026\\\/04\\\/EPF62IS.jpg\",\"contentUrl\":\"https:\\\/\\\/continent.lv\\\/wp-content\\\/uploads\\\/2026\\\/04\\\/EPF62IS.jpg\",\"width\":550,\"height\":450},{\"@type\":\"BreadcrumbList\",\"@id\":\"https:\\\/\\\/continent.lv\\\/product\\\/electrolux-epf62is\\\/#breadcrumb\",\"itemListElement\":[{\"@type\":\"ListItem\",\"position\":1,\"name\":\"Home\",\"item\":\"https:\\\/\\\/continent.lv\\\/\"},{\"@type\":\"ListItem\",\"position\":2,\"name\":\"Veikals\",\"item\":\"https:\\\/\\\/continent.lv\\\/shop\\\/\"},{\"@type\":\"ListItem\",\"position\":3,\"name\":\"Electrolux EPF62IS\"}]},{\"@type\":\"WebSite\",\"@id\":\"https:\\\/\\\/continent.lv\\\/#website\",\"url\":\"https:\\\/\\\/continent.lv\\\/\",\"name\":\"Continent.lv\",\"description\":\"Sadz\u012bves pre\u010du internetveikals\",\"publisher\":{\"@id\":\"https:\\\/\\\/continent.lv\\\/#organization\"},\"potentialAction\":[{\"@type\":\"SearchAction\",\"target\":{\"@type\":\"EntryPoint\",\"urlTemplate\":\"https:\\\/\\\/continent.lv\\\/?s={search_term_string}\"},\"query-input\":{\"@type\":\"PropertyValueSpecification\",\"valueRequired\":true,\"valueName\":\"search_term_string\"}}],\"inLanguage\":\"ru-RU\"},{\"@type\":\"Organization\",\"@id\":\"https:\\\/\\\/continent.lv\\\/#organization\",\"name\":\"Continent.lv\",\"url\":\"https:\\\/\\\/continent.lv\\\/\",\"logo\":{\"@type\":\"ImageObject\",\"inLanguage\":\"ru-RU\",\"@id\":\"https:\\\/\\\/continent.lv\\\/#\\\/schema\\\/logo\\\/image\\\/\",\"url\":\"https:\\\/\\\/continent.lv\\\/wp-content\\\/uploads\\\/2026\\\/05\\\/logo_continent_5nwv-jh.jpg\",\"contentUrl\":\"https:\\\/\\\/continent.lv\\\/wp-content\\\/uploads\\\/2026\\\/05\\\/logo_continent_5nwv-jh.jpg\",\"width\":221,\"height\":50,\"caption\":\"Continent.lv\"},\"image\":{\"@id\":\"https:\\\/\\\/continent.lv\\\/#\\\/schema\\\/logo\\\/image\\\/\"}}]}<\/script>\n<!-- \/ Yoast SEO plugin. -->","yoast_head_json":{"title":"Electrolux EPF62IS - Continent.lv","robots":{"index":"index","follow":"follow","max-snippet":"max-snippet:-1","max-image-preview":"max-image-preview:large","max-video-preview":"max-video-preview:-1"},"canonical":"https:\/\/continent.lv\/ru\/product\/electrolux-epf62is\/","og_locale":"ru_RU","og_type":"article","og_title":"Electrolux EPF62IS - Continent.lv","og_description":"Putek\u013cs\u016bc\u0113ja tips Ar maisuPutek\u013cu kastes tilpums (L) 3.5Teleskopisk\u0101s caurules +Jaudas regul\u0113\u0161ana +T\u012br\u012b\u0161anas efektivit\u0101te Ciet\u0101 gr\u012bda APakl\u0101ju t\u012br\u012b\u0161anas efektivit\u0101te BPutek\u013cu atk\u0101rtota emisija A klaseFiltri: mootorifilter, pestav Higi\u0113nas filtrs 12Trok\u0161\u0146a l\u012bmenis (dB) 76Jauda (W) 800Kr\u0101sa zilaSpeci\u0101las iesp\u0113jas360\u00b0 Motion Technology\u2122Izm\u0113ri (redi\u0123\u0113t)Augstums (cm) 23.8Platums (cm) 29.3Dzi\u013cums (cm) 44.1Svars (kg) 6.02Elektrisk\u0101 vada garums (M) 6","og_url":"https:\/\/continent.lv\/ru\/product\/electrolux-epf62is\/","og_site_name":"Continent.lv","og_image":[{"width":550,"height":450,"url":"https:\/\/continent.lv\/wp-content\/uploads\/2026\/04\/EPF62IS.jpg","type":"image\/jpeg"}],"twitter_card":"summary_large_image","schema":{"@context":"https:\/\/schema.org","@graph":[{"@type":"WebPage","@id":"https:\/\/continent.lv\/product\/electrolux-epf62is\/","url":"https:\/\/continent.lv\/product\/electrolux-epf62is\/","name":"Electrolux EPF62IS - Continent.lv","isPartOf":{"@id":"https:\/\/continent.lv\/#website"},"primaryImageOfPage":{"@id":"https:\/\/continent.lv\/product\/electrolux-epf62is\/#primaryimage"},"image":{"@id":"https:\/\/continent.lv\/product\/electrolux-epf62is\/#primaryimage"},"thumbnailUrl":"https:\/\/continent.lv\/wp-content\/uploads\/2026\/04\/EPF62IS.jpg","datePublished":"2026-04-30T22:28:30+00:00","breadcrumb":{"@id":"https:\/\/continent.lv\/product\/electrolux-epf62is\/#breadcrumb"},"inLanguage":"ru-RU","potentialAction":[{"@type":"ReadAction","target":["https:\/\/continent.lv\/product\/electrolux-epf62is\/"]}]},{"@type":"ImageObject","inLanguage":"ru-RU","@id":"https:\/\/continent.lv\/product\/electrolux-epf62is\/#primaryimage","url":"https:\/\/continent.lv\/wp-content\/uploads\/2026\/04\/EPF62IS.jpg","contentUrl":"https:\/\/continent.lv\/wp-content\/uploads\/2026\/04\/EPF62IS.jpg","width":550,"height":450},{"@type":"BreadcrumbList","@id":"https:\/\/continent.lv\/product\/electrolux-epf62is\/#breadcrumb","itemListElement":[{"@type":"ListItem","position":1,"name":"Home","item":"https:\/\/continent.lv\/"},{"@type":"ListItem","position":2,"name":"Veikals","item":"https:\/\/continent.lv\/shop\/"},{"@type":"ListItem","position":3,"name":"Electrolux EPF62IS"}]},{"@type":"WebSite","@id":"https:\/\/continent.lv\/#website","url":"https:\/\/continent.lv\/","name":"Continent.lv","description":"Sadz\u012bves pre\u010du internetveikals","publisher":{"@id":"https:\/\/continent.lv\/#organization"},"potentialAction":[{"@type":"SearchAction","target":{"@type":"EntryPoint","urlTemplate":"https:\/\/continent.lv\/?s={search_term_string}"},"query-input":{"@type":"PropertyValueSpecification","valueRequired":true,"valueName":"search_term_string"}}],"inLanguage":"ru-RU"},{"@type":"Organization","@id":"https:\/\/continent.lv\/#organization","name":"Continent.lv","url":"https:\/\/continent.lv\/","logo":{"@type":"ImageObject","inLanguage":"ru-RU","@id":"https:\/\/continent.lv\/#\/schema\/logo\/image\/","url":"https:\/\/continent.lv\/wp-content\/uploads\/2026\/05\/logo_continent_5nwv-jh.jpg","contentUrl":"https:\/\/continent.lv\/wp-content\/uploads\/2026\/05\/logo_continent_5nwv-jh.jpg","width":221,"height":50,"caption":"Continent.lv"},"image":{"@id":"https:\/\/continent.lv\/#\/schema\/logo\/image\/"}}]}},"_links":{"self":[{"href":"https:\/\/continent.lv\/ru\/wp-json\/wp\/v2\/product\/25047","targetHints":{"allow":["GET"]}}],"collection":[{"href":"https:\/\/continent.lv\/ru\/wp-json\/wp\/v2\/product"}],"about":[{"href":"https:\/\/continent.lv\/ru\/wp-json\/wp\/v2\/types\/product"}],"replies":[{"embeddable":true,"href":"https:\/\/continent.lv\/ru\/wp-json\/wp\/v2\/comments?post=25047"}],"wp:featuredmedia":[{"embeddable":true,"href":"https:\/\/continent.lv\/ru\/wp-json\/wp\/v2\/media\/25045"}],"wp:attachment":[{"href":"https:\/\/continent.lv\/ru\/wp-json\/wp\/v2\/media?parent=25047"}],"wp:term":[{"taxonomy":"product_brand","embeddable":true,"href":"https:\/\/continent.lv\/ru\/wp-json\/wp\/v2\/product_brand?post=25047"},{"taxonomy":"product_cat","embeddable":true,"href":"https:\/\/continent.lv\/ru\/wp-json\/wp\/v2\/product_cat?post=25047"},{"taxonomy":"product_tag","embeddable":true,"href":"https:\/\/continent.lv\/ru\/wp-json\/wp\/v2\/product_tag?post=25047"}],"curies":[{"name":"wp","href":"https:\/\/api.w.org\/{rel}","templated":true}]}}