{"id":24924,"date":"2026-04-30T22:24:42","date_gmt":"2026-04-30T22:24:42","guid":{"rendered":"https:\/\/continent.lv\/product\/whirlpool-wfo-3t233-p-6-5-x\/"},"modified":"2026-04-30T22:24:42","modified_gmt":"2026-04-30T22:24:42","slug":"whirlpool-wfo-3t233-p-6-5-x","status":"publish","type":"product","link":"https:\/\/continent.lv\/ru\/product\/whirlpool-wfo-3t233-p-6-5-x\/","title":{"rendered":"WHIRLPOOL WFO 3T233 P 6.5 X"},"content":{"rendered":"<\/p>\n<p>Platums (cm) 60 cm<br \/>Dzi\u013cums (cm) 59 cm<br \/>Dzi\u013cums Od 50 l\u012bdz 61 cm<br \/>Izm\u0113ri (PxAxG) (cm) 60 x 59 x 85 cm<br \/>Svars (kg) 47 kg<br \/>Kr\u0101sa Ner\u016bs\u0113jo\u0161ais t\u0113rauds<br \/>Garantijas laiks 24 m\u0113ne\u0161i<br \/>Piederumi iek\u013cauti Lietot\u0101ja rokasgr\u0101mata \/ garantija<br \/>No\u0146emama galda virsma J\u0101<br \/>Kameras materi\u0101ls Ner\u016bs\u0113jo\u0161ais t\u0113rauds<br \/>Tehniskie parametri<br \/>Programmu skaits 10<br \/>Tabletka mazg\u0101\u0161anas programmu veidi<br \/>Hig\u0113nisks<br \/>Intens\u012bvs 65h.C<br \/>Silt\u0101 \u016bdens piesl\u0113g\u0161ana<br \/>Daudzums komplekti 14<br \/>Ietilp\u012bba [komplektu skaits] 13 l\u012bdz 14 komplekti<br \/>\u016adens ietilp\u012bba \/ pat\u0113ri\u0146\u0161 \u2013 cikls 14 komplekti \/ 6,5 litri<br \/>\u016adens pat\u0113ri\u0146\u0161 cikl\u0101 [l] 6.5<br \/>\u016adens pat\u0113ri\u0146\u0161 cikl\u0101 Do 7,9 l<br \/>Pat\u0113ri\u0146\u0161 lv. (100 cikliem) [kWh] 85 kWh (100 cikliem)<br \/>Vid\u0113jais gada \u016bdens pat\u0113ri\u0146\u0161 [l] 1820 l<br \/>Temperat\u016bras [st. C] 45-65 st. C<br \/>Trok\u0161\u0146a l\u012bmenis (dB) 43 dB<br \/>Trok\u0161\u0146a l\u012bmenis \u013boti kluss (l\u012bdz 43 dB)<br \/>Panelis \u0101rpus\u0113<br \/>PowerClean Pro \u017e\u0101v\u0113\u0161anas sist\u0113ma<br \/>Grozu sist\u0113ma Kosze: g\u00f3rny i dolny (wyci\u0105gane, regulowane, z\u0142adwane p\u00f3\u0142ki przyszt\u0105 optimalne pr\u0105\u017cenia prze\u015bci\u0105 w zmywarce)<br \/>Karst\u0101 \u016bdens piesl\u0113gums J\u0101<br \/>Sign\u0101li par s\u0101ls\/skalo\u0161anas l\u012bdzek\u013ca tr\u016bkumu J\u0101\/-<br \/>Displeja LED<br \/>Indikators Elektroniczny nadzky braku soli<br \/>Galda piederumu mazg\u0101\u0161anas sist\u0113ma galda piederumu grozs<br \/>Funkcijas<br \/>Atliktais starts L\u012bdz 24 h<br \/>Priek\u0161mazg\u0101\u0161ana\u00a0<br \/>Akt\u012bv\u0101 \u017e\u0101v\u0113\u0161ana\u00a0<br \/>Intens\u012bv\u0101 programma\u00a0<br \/>Autom\u0101tisk\u0101 programma\u00a0<\/p>\n","protected":false},"excerpt":{"rendered":"<p>Platums (cm) 60 cmDzi\u013cums (cm) 59 cmDzi\u013cums Od 50 l\u012bdz 61 cmIzm\u0113ri (PxAxG) (cm) 60 x 59 x 85 cmSvars (kg) 47 kgKr\u0101sa Ner\u016bs\u0113jo\u0161ais t\u0113raudsGarantijas laiks 24 m\u0113ne\u0161iPiederumi iek\u013cauti Lietot\u0101ja rokasgr\u0101mata \/ garantijaNo\u0146emama galda virsma J\u0101Kameras materi\u0101ls Ner\u016bs\u0113jo\u0161ais t\u0113raudsTehniskie parametriProgrammu skaits 10Tabletka mazg\u0101\u0161anas programmu veidiHig\u0113nisksIntens\u012bvs 65h.CSilt\u0101 \u016bdens piesl\u0113g\u0161anaDaudzums komplekti 14Ietilp\u012bba [komplektu skaits] 13 l\u012bdz 14 [&hellip;]<\/p>\n","protected":false},"featured_media":24914,"comment_status":"open","ping_status":"closed","template":"","meta":{"_joinchat":[]},"product_brand":[286],"product_cat":[324],"product_tag":[],"class_list":{"0":"post-24924","1":"product","2":"type-product","3":"status-publish","4":"has-post-thumbnail","6":"product_brand-whirlpool","7":"product_cat-sadzives-tehnika-trauku-masinas","9":"first","10":"instock","11":"shipping-taxable","12":"purchasable","13":"product-type-simple"},"yoast_head":"<!-- This site is optimized with the Yoast SEO plugin v27.5 - https:\/\/yoast.com\/product\/yoast-seo-wordpress\/ -->\n<title>WHIRLPOOL WFO 3T233 P 6.5 X - Continent.lv<\/title>\n<meta name=\"robots\" content=\"index, follow, max-snippet:-1, max-image-preview:large, max-video-preview:-1\" \/>\n<link rel=\"canonical\" href=\"https:\/\/continent.lv\/ru\/product\/whirlpool-wfo-3t233-p-6-5-x\/\" \/>\n<meta property=\"og:locale\" content=\"ru_RU\" \/>\n<meta property=\"og:type\" content=\"article\" \/>\n<meta property=\"og:title\" content=\"WHIRLPOOL WFO 3T233 P 6.5 X - Continent.lv\" \/>\n<meta property=\"og:description\" content=\"Platums (cm) 60 cmDzi\u013cums (cm) 59 cmDzi\u013cums Od 50 l\u012bdz 61 cmIzm\u0113ri (PxAxG) (cm) 60 x 59 x 85 cmSvars (kg) 47 kgKr\u0101sa Ner\u016bs\u0113jo\u0161ais t\u0113raudsGarantijas laiks 24 m\u0113ne\u0161iPiederumi iek\u013cauti Lietot\u0101ja rokasgr\u0101mata \/ garantijaNo\u0146emama galda virsma J\u0101Kameras materi\u0101ls Ner\u016bs\u0113jo\u0161ais t\u0113raudsTehniskie parametriProgrammu skaits 10Tabletka mazg\u0101\u0161anas programmu veidiHig\u0113nisksIntens\u012bvs 65h.CSilt\u0101 \u016bdens piesl\u0113g\u0161anaDaudzums komplekti 14Ietilp\u012bba [komplektu skaits] 13 l\u012bdz 14 [&hellip;]\" \/>\n<meta property=\"og:url\" content=\"https:\/\/continent.lv\/ru\/product\/whirlpool-wfo-3t233-p-6-5-x\/\" \/>\n<meta property=\"og:site_name\" content=\"Continent.lv\" \/>\n<meta property=\"og:image\" content=\"https:\/\/continent.lv\/wp-content\/uploads\/2026\/04\/WFO3T233P6.5X1.jpeg\" \/>\n\t<meta property=\"og:image:width\" content=\"800\" \/>\n\t<meta property=\"og:image:height\" content=\"800\" \/>\n\t<meta property=\"og:image:type\" content=\"image\/jpeg\" \/>\n<meta name=\"twitter:card\" content=\"summary_large_image\" \/>\n<meta name=\"twitter:label1\" content=\"\u041f\u0440\u0438\u043c\u0435\u0440\u043d\u043e\u0435 \u0432\u0440\u0435\u043c\u044f \u0434\u043b\u044f \u0447\u0442\u0435\u043d\u0438\u044f\" \/>\n\t<meta name=\"twitter:data1\" content=\"1 \u043c\u0438\u043d\u0443\u0442\u0430\" \/>\n<script type=\"application\/ld+json\" class=\"yoast-schema-graph\">{\"@context\":\"https:\\\/\\\/schema.org\",\"@graph\":[{\"@type\":\"WebPage\",\"@id\":\"https:\\\/\\\/continent.lv\\\/product\\\/whirlpool-wfo-3t233-p-6-5-x\\\/\",\"url\":\"https:\\\/\\\/continent.lv\\\/product\\\/whirlpool-wfo-3t233-p-6-5-x\\\/\",\"name\":\"WHIRLPOOL WFO 3T233 P 6.5 X - Continent.lv\",\"isPartOf\":{\"@id\":\"https:\\\/\\\/continent.lv\\\/#website\"},\"primaryImageOfPage\":{\"@id\":\"https:\\\/\\\/continent.lv\\\/product\\\/whirlpool-wfo-3t233-p-6-5-x\\\/#primaryimage\"},\"image\":{\"@id\":\"https:\\\/\\\/continent.lv\\\/product\\\/whirlpool-wfo-3t233-p-6-5-x\\\/#primaryimage\"},\"thumbnailUrl\":\"https:\\\/\\\/continent.lv\\\/wp-content\\\/uploads\\\/2026\\\/04\\\/WFO3T233P6.5X1.jpeg\",\"datePublished\":\"2026-04-30T22:24:42+00:00\",\"breadcrumb\":{\"@id\":\"https:\\\/\\\/continent.lv\\\/product\\\/whirlpool-wfo-3t233-p-6-5-x\\\/#breadcrumb\"},\"inLanguage\":\"ru-RU\",\"potentialAction\":[{\"@type\":\"ReadAction\",\"target\":[\"https:\\\/\\\/continent.lv\\\/product\\\/whirlpool-wfo-3t233-p-6-5-x\\\/\"]}]},{\"@type\":\"ImageObject\",\"inLanguage\":\"ru-RU\",\"@id\":\"https:\\\/\\\/continent.lv\\\/product\\\/whirlpool-wfo-3t233-p-6-5-x\\\/#primaryimage\",\"url\":\"https:\\\/\\\/continent.lv\\\/wp-content\\\/uploads\\\/2026\\\/04\\\/WFO3T233P6.5X1.jpeg\",\"contentUrl\":\"https:\\\/\\\/continent.lv\\\/wp-content\\\/uploads\\\/2026\\\/04\\\/WFO3T233P6.5X1.jpeg\",\"width\":800,\"height\":800},{\"@type\":\"BreadcrumbList\",\"@id\":\"https:\\\/\\\/continent.lv\\\/product\\\/whirlpool-wfo-3t233-p-6-5-x\\\/#breadcrumb\",\"itemListElement\":[{\"@type\":\"ListItem\",\"position\":1,\"name\":\"Home\",\"item\":\"https:\\\/\\\/continent.lv\\\/\"},{\"@type\":\"ListItem\",\"position\":2,\"name\":\"Veikals\",\"item\":\"https:\\\/\\\/continent.lv\\\/shop\\\/\"},{\"@type\":\"ListItem\",\"position\":3,\"name\":\"WHIRLPOOL WFO 3T233 P 6.5 X\"}]},{\"@type\":\"WebSite\",\"@id\":\"https:\\\/\\\/continent.lv\\\/#website\",\"url\":\"https:\\\/\\\/continent.lv\\\/\",\"name\":\"Continent.lv\",\"description\":\"Sadz\u012bves pre\u010du internetveikals\",\"publisher\":{\"@id\":\"https:\\\/\\\/continent.lv\\\/#organization\"},\"potentialAction\":[{\"@type\":\"SearchAction\",\"target\":{\"@type\":\"EntryPoint\",\"urlTemplate\":\"https:\\\/\\\/continent.lv\\\/?s={search_term_string}\"},\"query-input\":{\"@type\":\"PropertyValueSpecification\",\"valueRequired\":true,\"valueName\":\"search_term_string\"}}],\"inLanguage\":\"ru-RU\"},{\"@type\":\"Organization\",\"@id\":\"https:\\\/\\\/continent.lv\\\/#organization\",\"name\":\"Continent.lv\",\"url\":\"https:\\\/\\\/continent.lv\\\/\",\"logo\":{\"@type\":\"ImageObject\",\"inLanguage\":\"ru-RU\",\"@id\":\"https:\\\/\\\/continent.lv\\\/#\\\/schema\\\/logo\\\/image\\\/\",\"url\":\"https:\\\/\\\/continent.lv\\\/wp-content\\\/uploads\\\/2026\\\/05\\\/logo_continent_5nwv-jh.jpg\",\"contentUrl\":\"https:\\\/\\\/continent.lv\\\/wp-content\\\/uploads\\\/2026\\\/05\\\/logo_continent_5nwv-jh.jpg\",\"width\":221,\"height\":50,\"caption\":\"Continent.lv\"},\"image\":{\"@id\":\"https:\\\/\\\/continent.lv\\\/#\\\/schema\\\/logo\\\/image\\\/\"}}]}<\/script>\n<!-- \/ Yoast SEO plugin. -->","yoast_head_json":{"title":"WHIRLPOOL WFO 3T233 P 6.5 X - Continent.lv","robots":{"index":"index","follow":"follow","max-snippet":"max-snippet:-1","max-image-preview":"max-image-preview:large","max-video-preview":"max-video-preview:-1"},"canonical":"https:\/\/continent.lv\/ru\/product\/whirlpool-wfo-3t233-p-6-5-x\/","og_locale":"ru_RU","og_type":"article","og_title":"WHIRLPOOL WFO 3T233 P 6.5 X - Continent.lv","og_description":"Platums (cm) 60 cmDzi\u013cums (cm) 59 cmDzi\u013cums Od 50 l\u012bdz 61 cmIzm\u0113ri (PxAxG) (cm) 60 x 59 x 85 cmSvars (kg) 47 kgKr\u0101sa Ner\u016bs\u0113jo\u0161ais t\u0113raudsGarantijas laiks 24 m\u0113ne\u0161iPiederumi iek\u013cauti Lietot\u0101ja rokasgr\u0101mata \/ garantijaNo\u0146emama galda virsma J\u0101Kameras materi\u0101ls Ner\u016bs\u0113jo\u0161ais t\u0113raudsTehniskie parametriProgrammu skaits 10Tabletka mazg\u0101\u0161anas programmu veidiHig\u0113nisksIntens\u012bvs 65h.CSilt\u0101 \u016bdens piesl\u0113g\u0161anaDaudzums komplekti 14Ietilp\u012bba [komplektu skaits] 13 l\u012bdz 14 [&hellip;]","og_url":"https:\/\/continent.lv\/ru\/product\/whirlpool-wfo-3t233-p-6-5-x\/","og_site_name":"Continent.lv","og_image":[{"width":800,"height":800,"url":"https:\/\/continent.lv\/wp-content\/uploads\/2026\/04\/WFO3T233P6.5X1.jpeg","type":"image\/jpeg"}],"twitter_card":"summary_large_image","twitter_misc":{"\u041f\u0440\u0438\u043c\u0435\u0440\u043d\u043e\u0435 \u0432\u0440\u0435\u043c\u044f \u0434\u043b\u044f \u0447\u0442\u0435\u043d\u0438\u044f":"1 \u043c\u0438\u043d\u0443\u0442\u0430"},"schema":{"@context":"https:\/\/schema.org","@graph":[{"@type":"WebPage","@id":"https:\/\/continent.lv\/product\/whirlpool-wfo-3t233-p-6-5-x\/","url":"https:\/\/continent.lv\/product\/whirlpool-wfo-3t233-p-6-5-x\/","name":"WHIRLPOOL WFO 3T233 P 6.5 X - Continent.lv","isPartOf":{"@id":"https:\/\/continent.lv\/#website"},"primaryImageOfPage":{"@id":"https:\/\/continent.lv\/product\/whirlpool-wfo-3t233-p-6-5-x\/#primaryimage"},"image":{"@id":"https:\/\/continent.lv\/product\/whirlpool-wfo-3t233-p-6-5-x\/#primaryimage"},"thumbnailUrl":"https:\/\/continent.lv\/wp-content\/uploads\/2026\/04\/WFO3T233P6.5X1.jpeg","datePublished":"2026-04-30T22:24:42+00:00","breadcrumb":{"@id":"https:\/\/continent.lv\/product\/whirlpool-wfo-3t233-p-6-5-x\/#breadcrumb"},"inLanguage":"ru-RU","potentialAction":[{"@type":"ReadAction","target":["https:\/\/continent.lv\/product\/whirlpool-wfo-3t233-p-6-5-x\/"]}]},{"@type":"ImageObject","inLanguage":"ru-RU","@id":"https:\/\/continent.lv\/product\/whirlpool-wfo-3t233-p-6-5-x\/#primaryimage","url":"https:\/\/continent.lv\/wp-content\/uploads\/2026\/04\/WFO3T233P6.5X1.jpeg","contentUrl":"https:\/\/continent.lv\/wp-content\/uploads\/2026\/04\/WFO3T233P6.5X1.jpeg","width":800,"height":800},{"@type":"BreadcrumbList","@id":"https:\/\/continent.lv\/product\/whirlpool-wfo-3t233-p-6-5-x\/#breadcrumb","itemListElement":[{"@type":"ListItem","position":1,"name":"Home","item":"https:\/\/continent.lv\/"},{"@type":"ListItem","position":2,"name":"Veikals","item":"https:\/\/continent.lv\/shop\/"},{"@type":"ListItem","position":3,"name":"WHIRLPOOL WFO 3T233 P 6.5 X"}]},{"@type":"WebSite","@id":"https:\/\/continent.lv\/#website","url":"https:\/\/continent.lv\/","name":"Continent.lv","description":"Sadz\u012bves pre\u010du internetveikals","publisher":{"@id":"https:\/\/continent.lv\/#organization"},"potentialAction":[{"@type":"SearchAction","target":{"@type":"EntryPoint","urlTemplate":"https:\/\/continent.lv\/?s={search_term_string}"},"query-input":{"@type":"PropertyValueSpecification","valueRequired":true,"valueName":"search_term_string"}}],"inLanguage":"ru-RU"},{"@type":"Organization","@id":"https:\/\/continent.lv\/#organization","name":"Continent.lv","url":"https:\/\/continent.lv\/","logo":{"@type":"ImageObject","inLanguage":"ru-RU","@id":"https:\/\/continent.lv\/#\/schema\/logo\/image\/","url":"https:\/\/continent.lv\/wp-content\/uploads\/2026\/05\/logo_continent_5nwv-jh.jpg","contentUrl":"https:\/\/continent.lv\/wp-content\/uploads\/2026\/05\/logo_continent_5nwv-jh.jpg","width":221,"height":50,"caption":"Continent.lv"},"image":{"@id":"https:\/\/continent.lv\/#\/schema\/logo\/image\/"}}]}},"_links":{"self":[{"href":"https:\/\/continent.lv\/ru\/wp-json\/wp\/v2\/product\/24924","targetHints":{"allow":["GET"]}}],"collection":[{"href":"https:\/\/continent.lv\/ru\/wp-json\/wp\/v2\/product"}],"about":[{"href":"https:\/\/continent.lv\/ru\/wp-json\/wp\/v2\/types\/product"}],"replies":[{"embeddable":true,"href":"https:\/\/continent.lv\/ru\/wp-json\/wp\/v2\/comments?post=24924"}],"wp:featuredmedia":[{"embeddable":true,"href":"https:\/\/continent.lv\/ru\/wp-json\/wp\/v2\/media\/24914"}],"wp:attachment":[{"href":"https:\/\/continent.lv\/ru\/wp-json\/wp\/v2\/media?parent=24924"}],"wp:term":[{"taxonomy":"product_brand","embeddable":true,"href":"https:\/\/continent.lv\/ru\/wp-json\/wp\/v2\/product_brand?post=24924"},{"taxonomy":"product_cat","embeddable":true,"href":"https:\/\/continent.lv\/ru\/wp-json\/wp\/v2\/product_cat?post=24924"},{"taxonomy":"product_tag","embeddable":true,"href":"https:\/\/continent.lv\/ru\/wp-json\/wp\/v2\/product_tag?post=24924"}],"curies":[{"name":"wp","href":"https:\/\/api.w.org\/{rel}","templated":true}]}}