{"id":24790,"date":"2026-04-30T22:21:39","date_gmt":"2026-04-30T22:21:39","guid":{"rendered":"https:\/\/continent.lv\/product\/hisense-wf5i8043bwf\/"},"modified":"2026-04-30T22:21:39","modified_gmt":"2026-04-30T22:21:39","slug":"hisense-wf5i8043bwf","status":"publish","type":"product","link":"https:\/\/continent.lv\/ru\/product\/hisense-wf5i8043bwf\/","title":{"rendered":"HISENSE WF5I8043BWF"},"content":{"rendered":"<p>Maksim\u0101l\u0101 ve\u013cas ietilp\u012bba:\u00a0 \u00a0 \u00a08 kg\u00a0 \u00a0<\/p>\n<p>Centrif\u016bgas \u0101trums:\u00a0 \u00a0 1400 apgr.\/ min\u00a0\u00a0<br \/>\u0420\u0430\u0437\u043c\u0435\u0440\u044b<br \/>Izm\u0113ri (AxPxDz):\u00a0 \u00a0 84,5 x 59,5 x 47,0 (50,0) cm\u00a0 \u00a0<br \/>Ener\u0123ijas pat\u0113ri\u0146\u0161 un \u016bdens pat\u0113ri\u0146\u0161<br \/>Energoefektivit\u0101tes klase:\u00a0 \u00a0 A\u00a0\u00a0<br \/>Centrif\u016bgas klase:\u00a0 \u00a0 B\u00a0 \u00a0<br \/>Trok\u0161\u0146a klase:\u00a0 \u00a0 A\u00a0 \u00a0<br \/>Elektroener\u0123ijas pat\u0113ri\u0146\u0161 gad\u0101 (100 cikli):\u00a0 \u00a0 33 kWh\u00a0 \u00a0<br \/>\u016adens pat\u0113ri\u0146\u0161 gad\u0101 (100 cikli):\u00a0 \u00a0 3800 l\/gad\u0101\u00a0 \u00a0<br \/>\u0421\u0443\u0448\u0438\u043b\u043a\u0430 \u0434\u043b\u044f \u0431\u0435\u043b\u044c\u044f<br \/>Ve\u013cas \u017e\u0101v\u0113t\u0101js:\u00a0 \u00a0 Nav\u00a0\u00a0<br \/>Ve\u013cas ietilp\u012bba (\u017e\u0101v\u0113jot):\u00a0 \u00a0 Nav\u00a0 \u00a0<br \/>Ener\u0123ijas pat\u0113ri\u0146\u0161 ar \u017e\u0101v\u0113\u0161anu gad\u0101 (100 cikli):\u00a0 \u00a0 Nav\u00a0 \u00a0<br \/>\u016adens pat\u0113ri\u0146\u0161 ar \u017e\u0101v\u0113\u0161anu gad\u0101 (100 cikli):\u00a0 \u00a0 Nav\u00a0 \u00a0<br \/>\u0423\u043f\u0440\u0430\u0432\u043b\u0435\u043d\u0438\u0435<br \/>Vad\u012bbas veids:\u00a0 \u00a0 Elektroniska un sk\u0101rienjut\u012bga vad\u012bba\u00a0 \u00a0<br \/>Displejs:\u00a0 \u00a0 TFT displejs\u00a0 \u00a0<br \/>\u041f\u0440\u043e\u0433\u0440\u0430\u043c\u043c\u044b \u0438 \u0444\u0443\u043d\u043a\u0446\u0438\u0438<br \/>Programmu skaits:\u00a0 \u00a0 17\u00a0 \u00a0<br \/>Atliku\u0161\u0101 laika indik\u0101cija:\u00a0 \u00a0 Ir\u00a0 \u00a0<br \/>\u0100tr\u0101 mazg\u0101\u0161ana:\u00a0 \u00a0 Ir (15 min.)\u00a0 \u00a0<br \/>Apstr\u0101de ar tvaiku:\u00a0 \u00a0 Ir\u00a0\u00a0<br \/>Pretburz\u012b\u0161an\u0101s funkcija:\u00a0 \u00a0 Ir\u00a0 \u00a0<br \/>Vilnas saudz\u012bga mazg\u0101\u0161ana:\u00a0 \u00a0 Ir\u00a0 \u00a0<br \/>Atliktais starts:\u00a0 \u00a0 Ir\u00a0\u00a0<br \/>\u0421\u0438\u0441\u0442\u0435\u043c\u0430 \u0431\u0435\u0437\u043e\u043f\u0430\u0441\u043d\u043e\u0441\u0442\u0438<br \/>Vad\u012bbas blo\u0137\u0113\u0161ana:\u00a0 \u00a0 Ir\u00a0 \u00a0<br \/>Aizsardz\u012bba pret \u016bdens nopl\u016bd\u0113m:\u00a0 \u00a0 Korpus\u0101\u00a0 \u00a0<br \/>Slodzes izl\u012bdzin\u0101\u0161anas sist\u0113ma:\u00a0 \u00a0 Ir\u00a0 \u00a0<br \/>Putu kontrole:\u00a0 \u00a0 Ir\u00a0 \u00a0<br \/>\u0423\u043d\u0438\u043a\u0430\u043b\u044c\u043d\u044b\u0435 \u0441\u0432\u043e\u0439\u0441\u0442\u0432\u0430<br \/>\u016adens pat\u0113ri\u0146a kontroles optimiz\u0101cija:\u00a0 \u00a0 Ir\u00a0 \u00a0<br \/>Papildu ener\u0123ijas ekonomija:\u00a0 \u00a0 Ir\u00a0 \u00a0<br \/>Uzlabota \u016bdens padeve:\u00a0 \u00a0 Ir\u00a0 \u00a0<br \/>Push & Wash:\u00a0 \u00a0 Nav\u00a0 \u00a0<br \/>Time manager:\u00a0 \u00a0 Nav\u00a0 \u00a0<br \/>Diagnostikas funkcija:\u00a0 \u00a0 Nav\u00a0 \u00a0<br \/>Tvertnes apgaismojums:\u00a0 \u00a0 Nav\u00a0 \u00a0<br \/>Mazg\u0101\u0161anas l\u012bdzek\u013ca intelektu\u0101la doz\u0113\u0161ana:\u00a0 \u00a0 Nav\u00a0 \u00a0<br \/>Wi-Fi:\u00a0 \u00a0 Ir\u00a0\u00a0<br \/>Tvertnes t\u012br\u012b\u0161anas funkcija:\u00a0 \u00a0 Ir\u00a0\u00a0<br \/>\u041e\u0431\u0449\u0438\u0435 \u043f\u0430\u0440\u0430\u043c\u0435\u0442\u0440\u044b<br \/>Sildelementa tips:\u00a0 \u00a0 Ni-chrome\u00a0 \u00a0<br \/>Trok\u0161\u0146a mazin\u0101\u0161anas sist\u0113ma:\u00a0 \u00a0 Standarta\u00a0 \u00a0<br \/>Tie\u0161s pievads:\u00a0 \u00a0 Nav\u00a0 \u00a0<br \/>Trok\u0161\u0146a l\u012bmenis (mazg\u0101\u0161anas laik\u0101 \/ izgrie\u0161anas laik\u0101):\u00a0 \u00a0 72 dB\u00a0 \u00a0<br \/>Durvju kr\u0101sa:\u00a0 \u00a0 Melna\u00a0 \u00a0<br \/>Kr\u0101sa:\u00a0 \u00a0 Balta\u00a0\u00a0<\/p><\/p>","protected":false},"excerpt":{"rendered":"<p>Maksim\u0101l\u0101 ve\u013cas ietilp\u012bba:\u00a0 \u00a0 \u00a08 kg\u00a0 \u00a0 Centrif\u016bgas \u0101trums:\u00a0 \u00a0 1400 apgr.\/ min\u00a0\u00a0Izm\u0113riIzm\u0113ri (AxPxDz):\u00a0 \u00a0 84,5 x 59,5 x 47,0 (50,0) cm\u00a0 \u00a0Ener\u0123ijas pat\u0113ri\u0146\u0161 un \u016bdens pat\u0113ri\u0146\u0161Energoefektivit\u0101tes klase:\u00a0 \u00a0 A\u00a0\u00a0Centrif\u016bgas klase:\u00a0 \u00a0 B\u00a0 \u00a0Trok\u0161\u0146a klase:\u00a0 \u00a0 A\u00a0 \u00a0Elektroener\u0123ijas pat\u0113ri\u0146\u0161 gad\u0101 (100 cikli):\u00a0 \u00a0 33 kWh\u00a0 \u00a0\u016adens pat\u0113ri\u0146\u0161 gad\u0101 (100 cikli):\u00a0 \u00a0 3800 l\/gad\u0101\u00a0 \u00a0Ve\u013cas \u017e\u0101v\u0113t\u0101jsVe\u013cas [&hellip;]<\/p>\n","protected":false},"featured_media":24778,"comment_status":"open","ping_status":"closed","template":"","meta":{"_joinchat":[]},"product_brand":[341],"product_cat":[285],"product_tag":[],"class_list":{"0":"post-24790","1":"product","2":"type-product","3":"status-publish","4":"has-post-thumbnail","6":"product_brand-hisense","7":"product_cat-sadzives-tehnika-velas-masinas-ar-frontalo-ieladi","9":"first","10":"instock","11":"shipping-taxable","12":"purchasable","13":"product-type-simple"},"yoast_head":"<!-- This site is optimized with the Yoast SEO plugin v27.5 - https:\/\/yoast.com\/product\/yoast-seo-wordpress\/ -->\n<title>HISENSE WF5I8043BWF - Continent.lv<\/title>\n<meta name=\"robots\" content=\"index, follow, max-snippet:-1, max-image-preview:large, max-video-preview:-1\" \/>\n<link rel=\"canonical\" href=\"https:\/\/continent.lv\/ru\/product\/hisense-wf5i8043bwf\/\" \/>\n<meta property=\"og:locale\" content=\"ru_RU\" \/>\n<meta property=\"og:type\" content=\"article\" \/>\n<meta property=\"og:title\" content=\"HISENSE WF5I8043BWF - Continent.lv\" \/>\n<meta property=\"og:description\" content=\"Maksim\u0101l\u0101 ve\u013cas ietilp\u012bba:\u00a0 \u00a0 \u00a08 kg\u00a0 \u00a0 Centrif\u016bgas \u0101trums:\u00a0 \u00a0 1400 apgr.\/ min\u00a0\u00a0Izm\u0113riIzm\u0113ri (AxPxDz):\u00a0 \u00a0 84,5 x 59,5 x 47,0 (50,0) cm\u00a0 \u00a0Ener\u0123ijas pat\u0113ri\u0146\u0161 un \u016bdens pat\u0113ri\u0146\u0161Energoefektivit\u0101tes klase:\u00a0 \u00a0 A\u00a0\u00a0Centrif\u016bgas klase:\u00a0 \u00a0 B\u00a0 \u00a0Trok\u0161\u0146a klase:\u00a0 \u00a0 A\u00a0 \u00a0Elektroener\u0123ijas pat\u0113ri\u0146\u0161 gad\u0101 (100 cikli):\u00a0 \u00a0 33 kWh\u00a0 \u00a0\u016adens pat\u0113ri\u0146\u0161 gad\u0101 (100 cikli):\u00a0 \u00a0 3800 l\/gad\u0101\u00a0 \u00a0Ve\u013cas \u017e\u0101v\u0113t\u0101jsVe\u013cas [&hellip;]\" \/>\n<meta property=\"og:url\" content=\"https:\/\/continent.lv\/ru\/product\/hisense-wf5i8043bwf\/\" \/>\n<meta property=\"og:site_name\" content=\"Continent.lv\" \/>\n<meta property=\"og:image\" content=\"https:\/\/continent.lv\/wp-content\/uploads\/2026\/04\/21_fe7d-7g.jpeg\" \/>\n\t<meta property=\"og:image:width\" content=\"367\" \/>\n\t<meta property=\"og:image:height\" content=\"515\" \/>\n\t<meta property=\"og:image:type\" content=\"image\/jpeg\" \/>\n<meta name=\"twitter:card\" content=\"summary_large_image\" \/>\n<meta name=\"twitter:label1\" content=\"\u041f\u0440\u0438\u043c\u0435\u0440\u043d\u043e\u0435 \u0432\u0440\u0435\u043c\u044f \u0434\u043b\u044f \u0447\u0442\u0435\u043d\u0438\u044f\" \/>\n\t<meta name=\"twitter:data1\" content=\"2 \u043c\u0438\u043d\u0443\u0442\u044b\" \/>\n<script type=\"application\/ld+json\" class=\"yoast-schema-graph\">{\"@context\":\"https:\\\/\\\/schema.org\",\"@graph\":[{\"@type\":\"WebPage\",\"@id\":\"https:\\\/\\\/continent.lv\\\/product\\\/hisense-wf5i8043bwf\\\/\",\"url\":\"https:\\\/\\\/continent.lv\\\/product\\\/hisense-wf5i8043bwf\\\/\",\"name\":\"HISENSE WF5I8043BWF - Continent.lv\",\"isPartOf\":{\"@id\":\"https:\\\/\\\/continent.lv\\\/#website\"},\"primaryImageOfPage\":{\"@id\":\"https:\\\/\\\/continent.lv\\\/product\\\/hisense-wf5i8043bwf\\\/#primaryimage\"},\"image\":{\"@id\":\"https:\\\/\\\/continent.lv\\\/product\\\/hisense-wf5i8043bwf\\\/#primaryimage\"},\"thumbnailUrl\":\"https:\\\/\\\/continent.lv\\\/wp-content\\\/uploads\\\/2026\\\/04\\\/21_fe7d-7g.jpeg\",\"datePublished\":\"2026-04-30T22:21:39+00:00\",\"breadcrumb\":{\"@id\":\"https:\\\/\\\/continent.lv\\\/product\\\/hisense-wf5i8043bwf\\\/#breadcrumb\"},\"inLanguage\":\"ru-RU\",\"potentialAction\":[{\"@type\":\"ReadAction\",\"target\":[\"https:\\\/\\\/continent.lv\\\/product\\\/hisense-wf5i8043bwf\\\/\"]}]},{\"@type\":\"ImageObject\",\"inLanguage\":\"ru-RU\",\"@id\":\"https:\\\/\\\/continent.lv\\\/product\\\/hisense-wf5i8043bwf\\\/#primaryimage\",\"url\":\"https:\\\/\\\/continent.lv\\\/wp-content\\\/uploads\\\/2026\\\/04\\\/21_fe7d-7g.jpeg\",\"contentUrl\":\"https:\\\/\\\/continent.lv\\\/wp-content\\\/uploads\\\/2026\\\/04\\\/21_fe7d-7g.jpeg\",\"width\":367,\"height\":515},{\"@type\":\"BreadcrumbList\",\"@id\":\"https:\\\/\\\/continent.lv\\\/product\\\/hisense-wf5i8043bwf\\\/#breadcrumb\",\"itemListElement\":[{\"@type\":\"ListItem\",\"position\":1,\"name\":\"Home\",\"item\":\"https:\\\/\\\/continent.lv\\\/\"},{\"@type\":\"ListItem\",\"position\":2,\"name\":\"Veikals\",\"item\":\"https:\\\/\\\/continent.lv\\\/shop\\\/\"},{\"@type\":\"ListItem\",\"position\":3,\"name\":\"HISENSE WF5I8043BWF\"}]},{\"@type\":\"WebSite\",\"@id\":\"https:\\\/\\\/continent.lv\\\/#website\",\"url\":\"https:\\\/\\\/continent.lv\\\/\",\"name\":\"Continent.lv\",\"description\":\"Sadz\u012bves pre\u010du internetveikals\",\"publisher\":{\"@id\":\"https:\\\/\\\/continent.lv\\\/#organization\"},\"potentialAction\":[{\"@type\":\"SearchAction\",\"target\":{\"@type\":\"EntryPoint\",\"urlTemplate\":\"https:\\\/\\\/continent.lv\\\/?s={search_term_string}\"},\"query-input\":{\"@type\":\"PropertyValueSpecification\",\"valueRequired\":true,\"valueName\":\"search_term_string\"}}],\"inLanguage\":\"ru-RU\"},{\"@type\":\"Organization\",\"@id\":\"https:\\\/\\\/continent.lv\\\/#organization\",\"name\":\"Continent.lv\",\"url\":\"https:\\\/\\\/continent.lv\\\/\",\"logo\":{\"@type\":\"ImageObject\",\"inLanguage\":\"ru-RU\",\"@id\":\"https:\\\/\\\/continent.lv\\\/#\\\/schema\\\/logo\\\/image\\\/\",\"url\":\"https:\\\/\\\/continent.lv\\\/wp-content\\\/uploads\\\/2026\\\/05\\\/logo_continent_5nwv-jh.jpg\",\"contentUrl\":\"https:\\\/\\\/continent.lv\\\/wp-content\\\/uploads\\\/2026\\\/05\\\/logo_continent_5nwv-jh.jpg\",\"width\":221,\"height\":50,\"caption\":\"Continent.lv\"},\"image\":{\"@id\":\"https:\\\/\\\/continent.lv\\\/#\\\/schema\\\/logo\\\/image\\\/\"}}]}<\/script>\n<!-- \/ Yoast SEO plugin. -->","yoast_head_json":{"title":"HISENSE WF5I8043BWF - Continent.lv","robots":{"index":"index","follow":"follow","max-snippet":"max-snippet:-1","max-image-preview":"max-image-preview:large","max-video-preview":"max-video-preview:-1"},"canonical":"https:\/\/continent.lv\/ru\/product\/hisense-wf5i8043bwf\/","og_locale":"ru_RU","og_type":"article","og_title":"HISENSE WF5I8043BWF - Continent.lv","og_description":"Maksim\u0101l\u0101 ve\u013cas ietilp\u012bba:\u00a0 \u00a0 \u00a08 kg\u00a0 \u00a0 Centrif\u016bgas \u0101trums:\u00a0 \u00a0 1400 apgr.\/ min\u00a0\u00a0Izm\u0113riIzm\u0113ri (AxPxDz):\u00a0 \u00a0 84,5 x 59,5 x 47,0 (50,0) cm\u00a0 \u00a0Ener\u0123ijas pat\u0113ri\u0146\u0161 un \u016bdens pat\u0113ri\u0146\u0161Energoefektivit\u0101tes klase:\u00a0 \u00a0 A\u00a0\u00a0Centrif\u016bgas klase:\u00a0 \u00a0 B\u00a0 \u00a0Trok\u0161\u0146a klase:\u00a0 \u00a0 A\u00a0 \u00a0Elektroener\u0123ijas pat\u0113ri\u0146\u0161 gad\u0101 (100 cikli):\u00a0 \u00a0 33 kWh\u00a0 \u00a0\u016adens pat\u0113ri\u0146\u0161 gad\u0101 (100 cikli):\u00a0 \u00a0 3800 l\/gad\u0101\u00a0 \u00a0Ve\u013cas \u017e\u0101v\u0113t\u0101jsVe\u013cas [&hellip;]","og_url":"https:\/\/continent.lv\/ru\/product\/hisense-wf5i8043bwf\/","og_site_name":"Continent.lv","og_image":[{"width":367,"height":515,"url":"https:\/\/continent.lv\/wp-content\/uploads\/2026\/04\/21_fe7d-7g.jpeg","type":"image\/jpeg"}],"twitter_card":"summary_large_image","twitter_misc":{"\u041f\u0440\u0438\u043c\u0435\u0440\u043d\u043e\u0435 \u0432\u0440\u0435\u043c\u044f \u0434\u043b\u044f \u0447\u0442\u0435\u043d\u0438\u044f":"2 \u043c\u0438\u043d\u0443\u0442\u044b"},"schema":{"@context":"https:\/\/schema.org","@graph":[{"@type":"WebPage","@id":"https:\/\/continent.lv\/product\/hisense-wf5i8043bwf\/","url":"https:\/\/continent.lv\/product\/hisense-wf5i8043bwf\/","name":"HISENSE WF5I8043BWF - Continent.lv","isPartOf":{"@id":"https:\/\/continent.lv\/#website"},"primaryImageOfPage":{"@id":"https:\/\/continent.lv\/product\/hisense-wf5i8043bwf\/#primaryimage"},"image":{"@id":"https:\/\/continent.lv\/product\/hisense-wf5i8043bwf\/#primaryimage"},"thumbnailUrl":"https:\/\/continent.lv\/wp-content\/uploads\/2026\/04\/21_fe7d-7g.jpeg","datePublished":"2026-04-30T22:21:39+00:00","breadcrumb":{"@id":"https:\/\/continent.lv\/product\/hisense-wf5i8043bwf\/#breadcrumb"},"inLanguage":"ru-RU","potentialAction":[{"@type":"ReadAction","target":["https:\/\/continent.lv\/product\/hisense-wf5i8043bwf\/"]}]},{"@type":"ImageObject","inLanguage":"ru-RU","@id":"https:\/\/continent.lv\/product\/hisense-wf5i8043bwf\/#primaryimage","url":"https:\/\/continent.lv\/wp-content\/uploads\/2026\/04\/21_fe7d-7g.jpeg","contentUrl":"https:\/\/continent.lv\/wp-content\/uploads\/2026\/04\/21_fe7d-7g.jpeg","width":367,"height":515},{"@type":"BreadcrumbList","@id":"https:\/\/continent.lv\/product\/hisense-wf5i8043bwf\/#breadcrumb","itemListElement":[{"@type":"ListItem","position":1,"name":"Home","item":"https:\/\/continent.lv\/"},{"@type":"ListItem","position":2,"name":"Veikals","item":"https:\/\/continent.lv\/shop\/"},{"@type":"ListItem","position":3,"name":"HISENSE WF5I8043BWF"}]},{"@type":"WebSite","@id":"https:\/\/continent.lv\/#website","url":"https:\/\/continent.lv\/","name":"Continent.lv","description":"Sadz\u012bves pre\u010du internetveikals","publisher":{"@id":"https:\/\/continent.lv\/#organization"},"potentialAction":[{"@type":"SearchAction","target":{"@type":"EntryPoint","urlTemplate":"https:\/\/continent.lv\/?s={search_term_string}"},"query-input":{"@type":"PropertyValueSpecification","valueRequired":true,"valueName":"search_term_string"}}],"inLanguage":"ru-RU"},{"@type":"Organization","@id":"https:\/\/continent.lv\/#organization","name":"Continent.lv","url":"https:\/\/continent.lv\/","logo":{"@type":"ImageObject","inLanguage":"ru-RU","@id":"https:\/\/continent.lv\/#\/schema\/logo\/image\/","url":"https:\/\/continent.lv\/wp-content\/uploads\/2026\/05\/logo_continent_5nwv-jh.jpg","contentUrl":"https:\/\/continent.lv\/wp-content\/uploads\/2026\/05\/logo_continent_5nwv-jh.jpg","width":221,"height":50,"caption":"Continent.lv"},"image":{"@id":"https:\/\/continent.lv\/#\/schema\/logo\/image\/"}}]}},"_links":{"self":[{"href":"https:\/\/continent.lv\/ru\/wp-json\/wp\/v2\/product\/24790","targetHints":{"allow":["GET"]}}],"collection":[{"href":"https:\/\/continent.lv\/ru\/wp-json\/wp\/v2\/product"}],"about":[{"href":"https:\/\/continent.lv\/ru\/wp-json\/wp\/v2\/types\/product"}],"replies":[{"embeddable":true,"href":"https:\/\/continent.lv\/ru\/wp-json\/wp\/v2\/comments?post=24790"}],"wp:featuredmedia":[{"embeddable":true,"href":"https:\/\/continent.lv\/ru\/wp-json\/wp\/v2\/media\/24778"}],"wp:attachment":[{"href":"https:\/\/continent.lv\/ru\/wp-json\/wp\/v2\/media?parent=24790"}],"wp:term":[{"taxonomy":"product_brand","embeddable":true,"href":"https:\/\/continent.lv\/ru\/wp-json\/wp\/v2\/product_brand?post=24790"},{"taxonomy":"product_cat","embeddable":true,"href":"https:\/\/continent.lv\/ru\/wp-json\/wp\/v2\/product_cat?post=24790"},{"taxonomy":"product_tag","embeddable":true,"href":"https:\/\/continent.lv\/ru\/wp-json\/wp\/v2\/product_tag?post=24790"}],"curies":[{"name":"wp","href":"https:\/\/api.w.org\/{rel}","templated":true}]}}