{"id":24630,"date":"2026-04-30T22:17:37","date_gmt":"2026-04-30T22:17:37","guid":{"rendered":"https:\/\/continent.lv\/product\/samsung-qe65qn90fatxxh-65-neo-qled-wifi-2025\/"},"modified":"2026-04-30T22:17:37","modified_gmt":"2026-04-30T22:17:37","slug":"samsung-qe65qn90fatxxh-65-neo-qled-wifi-2025","status":"publish","type":"product","link":"https:\/\/continent.lv\/ru\/product\/samsung-qe65qn90fatxxh-65-neo-qled-wifi-2025\/","title":{"rendered":"Samsung QE65QN90FATXXH, 65\" Neo QLED WiFi 2025"},"content":{"rendered":"<\/p>\n<p class=\"translation-block\"><p><\/p><p>\u0411\u0440\u0435\u043d\u0434 Samsung<br>\u041e\u043f\u0435\u0440\u0430\u0446\u0438\u043e\u043d\u043d\u0430\u044f \u0441\u0438\u0441\u0442\u0435\u043c\u0430 Tizen<br>\u041a\u043e\u043b\u0438\u0447\u0435\u0441\u0442\u0432\u043e \u044f\u0434\u0435\u0440 \u043f\u0440\u043e\u0446\u0435\u0441\u0441\u043e\u0440\u0430 4<br>\u0426\u0432\u0435\u0442 \u0427\u0435\u0440\u043d\u044b\u0439<br>\u041d\u043e\u0432\u0430\u044f \u044d\u043d\u0435\u0440\u0433\u0435\u0442\u0438\u0447\u0435\u0441\u043a\u0430\u044f \u043c\u0430\u0440\u043a\u0438\u0440\u043e\u0432\u043a\u0430 \u0441 2021 \u0433\u043e\u0434\u0430<br>\u041a\u043b\u0430\u0441\u0441 \u044d\u043d\u0435\u0440\u0433\u043e\u044d\u0444\u0444\u0435\u043a\u0442\u0438\u0432\u043d\u043e\u0441\u0442\u0438 (SDR) F<br>\u041f\u043e\u0442\u0440\u0435\u0431\u043b\u0435\u043d\u0438\u0435 \u044d\u043d\u0435\u0440\u0433\u0438\u0438 \u0432 \u0440\u0435\u0436\u0438\u043c\u0435 \u0441\u0442\u0430\u043d\u0434\u0430\u0440\u0442\u043d\u043e\u0433\u043e \u0434\u0438\u043d\u0430\u043c\u0438\u0447\u0435\u0441\u043a\u043e\u0433\u043e \u0434\u0438\u0430\u043f\u0430\u0437\u043e\u043d\u0430 (SDR), 1000 \u0447 89 \u043a\u0412\u0442\u0447<br>\u041a\u043b\u0430\u0441\u0441 \u044d\u043d\u0435\u0440\u0433\u043e\u044d\u0444\u0444\u0435\u043a\u0442\u0438\u0432\u043d\u043e\u0441\u0442\u0438 (HDR) G<br>\u041f\u043e\u0442\u0440\u0435\u0431\u043b\u0435\u043d\u0438\u0435 \u044d\u043d\u0435\u0440\u0433\u0438\u0438 \u0432 \u0440\u0435\u0436\u0438\u043c\u0435 \u0432\u044b\u0441\u043e\u043a\u043e\u0433\u043e \u0434\u0438\u043d\u0430\u043c\u0438\u0447\u0435\u0441\u043a\u043e\u0433\u043e \u0434\u0438\u0430\u043f\u0430\u0437\u043e\u043d\u0430 (HDR), 1000 \u0447 231 \u043a\u0412\u0442\u0447<br>\u0420\u0430\u0437\u043c\u0435\u0440 \u044d\u043a\u0440\u0430\u043d\u0430 (\u0434\u044e\u0439\u043c\u044b\/\u0441\u043c) 65\/164<br>\u0420\u0430\u0437\u0440\u0435\u0448\u0435\u043d\u0438\u0435 \u044d\u043a\u0440\u0430\u043d\u0430 3840 x 2160 (Ultra HD)<br>\u042d\u043a\u0440\u0430\u043d<br>\u0422\u0438\u043f \u044d\u043a\u0440\u0430\u043d\u0430 \u041f\u043b\u043e\u0441\u043a\u0438\u0439 (Flat)<br>\u041f\u043e\u0434\u043a\u043b\u044e\u0447\u0435\u043d\u0438\u044f<br>HDMI 4<br>USB 2<br>CI \u0441\u043b\u043e\u0442\u044b \u0415\u0441\u0442\u044c<br>Ethernet (RJ45) \u0415\u0441\u0442\u044c<br>\u041e\u043f\u0442\u0438\u0447\u0435\u0441\u043a\u0438\u0439 \u0430\u0443\u0434\u0438\u043e\u0432\u044b\u0445\u043e\u0434 \u0415\u0441\u0442\u044c<br>\u0411\u0435\u0441\u043f\u0440\u043e\u0432\u043e\u0434\u043d\u044b\u0435 \u0441\u043e\u0435\u0434\u0438\u043d\u0435\u043d\u0438\u044f<br>Wi-Fi \u0415\u0441\u0442\u044c<br>Bluetooth \u0415\u0441\u0442\u044c<br>\u0422\u044e\u043d\u0435\u0440\u044b<br>DVB-T \u0415\u0441\u0442\u044c<br>DVB-T2 \u0415\u0441\u0442\u044c<br>DVB-C \u0415\u0441\u0442\u044c<br>DVB-S \u0415\u0441\u0442\u044c<br>DVB-S2 \u0415\u0441\u0442\u044c<br>\u0420\u0430\u0437\u043c\u0435\u0440\u044b, \u0432\u0435\u0441<br>\u0412\u044b\u0441\u043e\u0442\u0430 83 \u0441\u043c<br>\u0412\u044b\u0441\u043e\u0442\u0430 \u0441 \u043f\u043e\u0434\u0441\u0442\u0430\u0432\u043a\u043e\u0439 89 \u0441\u043c<br>\u0428\u0438\u0440\u0438\u043d\u0430 145 \u0441\u043c<br>\u0413\u043b\u0443\u0431\u0438\u043d\u0430 3 \u0441\u043c<br>\u0413\u043b\u0443\u0431\u0438\u043d\u0430 \u0441 \u043f\u043e\u0434\u0441\u0442\u0430\u0432\u043a\u043e\u0439 27 \u0441\u043c<br>\u0412\u0435\u0441 28 \u043a\u0433<br>\u0412\u0435\u0441 \u0441 \u0443\u043f\u0430\u043a\u043e\u0432\u043a\u043e\u0439 34 \u043a\u0433<\/p><\/p>","protected":false},"excerpt":{"rendered":"<p>Pre\u010du z\u012bme SamsungOper\u0113t\u0101jsist\u0113ma TizenProcesora kodolu skaits 4Kr\u0101sa MelnaJaunais energomar\u0137\u0113jums no 2021.gadaEnergoefektivit\u0101tes klase (SDR) FEner\u0123ijas pat\u0113ri\u0146\u0161 standarta dinamisk\u0101 diapazona re\u017e\u012bm\u0101 (SDR), 1000 h 89 kWhEnergoefektivit\u0101tes klase (HDR) GEner\u0123ijas pat\u0113ri\u0146\u0161 augsta dinamisk\u0101 diapazona re\u017e\u012bm\u0101 (HDR), 1000 h 231 kWhEkr\u0101na izm\u0113rs (collas\/cm) 65\/164Ekr\u0101na iz\u0161\u0137irtsp\u0113ja 3840 x 2160 (Ultra HD)Ekr\u0101nsEkr\u0101na tips Plakans (Flat)SavienojumiHDMI 4USB 2CI slots IrEthernet (RJ45) IrOptisk\u0101 [&hellip;]<\/p>\n","protected":false},"featured_media":24624,"comment_status":"open","ping_status":"closed","template":"","meta":{"_joinchat":[]},"product_brand":[139],"product_cat":[294],"product_tag":[],"class_list":{"0":"post-24630","1":"product","2":"type-product","3":"status-publish","4":"has-post-thumbnail","6":"product_brand-samsung","7":"product_cat-tv-foto-video-audio-televizori-un-aksesuari-led-televizori","9":"first","10":"instock","11":"shipping-taxable","12":"purchasable","13":"product-type-simple"},"yoast_head":"<!-- This site is optimized with the Yoast SEO plugin v27.5 - https:\/\/yoast.com\/product\/yoast-seo-wordpress\/ -->\n<title>Samsung QE65QN90FATXXH, 65&quot; Neo QLED WiFi 2025 - Continent.lv<\/title>\n<meta name=\"robots\" content=\"index, follow, max-snippet:-1, max-image-preview:large, max-video-preview:-1\" \/>\n<link rel=\"canonical\" href=\"https:\/\/continent.lv\/ru\/product\/samsung-qe65qn90fatxxh-65-neo-qled-wifi-2025\/\" \/>\n<meta property=\"og:locale\" content=\"ru_RU\" \/>\n<meta property=\"og:type\" content=\"article\" \/>\n<meta property=\"og:title\" content=\"Samsung QE65QN90FATXXH, 65&quot; Neo QLED WiFi 2025 - Continent.lv\" \/>\n<meta property=\"og:description\" content=\"Pre\u010du z\u012bme SamsungOper\u0113t\u0101jsist\u0113ma TizenProcesora kodolu skaits 4Kr\u0101sa MelnaJaunais energomar\u0137\u0113jums no 2021.gadaEnergoefektivit\u0101tes klase (SDR) FEner\u0123ijas pat\u0113ri\u0146\u0161 standarta dinamisk\u0101 diapazona re\u017e\u012bm\u0101 (SDR), 1000 h 89 kWhEnergoefektivit\u0101tes klase (HDR) GEner\u0123ijas pat\u0113ri\u0146\u0161 augsta dinamisk\u0101 diapazona re\u017e\u012bm\u0101 (HDR), 1000 h 231 kWhEkr\u0101na izm\u0113rs (collas\/cm) 65\/164Ekr\u0101na iz\u0161\u0137irtsp\u0113ja 3840 x 2160 (Ultra HD)Ekr\u0101nsEkr\u0101na tips Plakans (Flat)SavienojumiHDMI 4USB 2CI slots IrEthernet (RJ45) IrOptisk\u0101 [&hellip;]\" \/>\n<meta property=\"og:url\" content=\"https:\/\/continent.lv\/ru\/product\/samsung-qe65qn90fatxxh-65-neo-qled-wifi-2025\/\" \/>\n<meta property=\"og:site_name\" content=\"Continent.lv\" \/>\n<meta property=\"og:image\" content=\"https:\/\/continent.lv\/wp-content\/uploads\/2026\/04\/Samsung_QE65QN90FAT.jpeg\" \/>\n\t<meta property=\"og:image:width\" content=\"1024\" \/>\n\t<meta property=\"og:image:height\" content=\"819\" \/>\n\t<meta property=\"og:image:type\" content=\"image\/jpeg\" \/>\n<meta name=\"twitter:card\" content=\"summary_large_image\" \/>\n<meta name=\"twitter:label1\" content=\"\u041f\u0440\u0438\u043c\u0435\u0440\u043d\u043e\u0435 \u0432\u0440\u0435\u043c\u044f \u0434\u043b\u044f \u0447\u0442\u0435\u043d\u0438\u044f\" \/>\n\t<meta name=\"twitter:data1\" content=\"1 \u043c\u0438\u043d\u0443\u0442\u0430\" \/>\n<script type=\"application\/ld+json\" class=\"yoast-schema-graph\">{\"@context\":\"https:\\\/\\\/schema.org\",\"@graph\":[{\"@type\":\"WebPage\",\"@id\":\"https:\\\/\\\/continent.lv\\\/product\\\/samsung-qe65qn90fatxxh-65-neo-qled-wifi-2025\\\/\",\"url\":\"https:\\\/\\\/continent.lv\\\/product\\\/samsung-qe65qn90fatxxh-65-neo-qled-wifi-2025\\\/\",\"name\":\"Samsung QE65QN90FATXXH, 65\\\" Neo QLED WiFi 2025 - Continent.lv\",\"isPartOf\":{\"@id\":\"https:\\\/\\\/continent.lv\\\/#website\"},\"primaryImageOfPage\":{\"@id\":\"https:\\\/\\\/continent.lv\\\/product\\\/samsung-qe65qn90fatxxh-65-neo-qled-wifi-2025\\\/#primaryimage\"},\"image\":{\"@id\":\"https:\\\/\\\/continent.lv\\\/product\\\/samsung-qe65qn90fatxxh-65-neo-qled-wifi-2025\\\/#primaryimage\"},\"thumbnailUrl\":\"https:\\\/\\\/continent.lv\\\/wp-content\\\/uploads\\\/2026\\\/04\\\/Samsung_QE65QN90FAT.jpeg\",\"datePublished\":\"2026-04-30T22:17:37+00:00\",\"breadcrumb\":{\"@id\":\"https:\\\/\\\/continent.lv\\\/product\\\/samsung-qe65qn90fatxxh-65-neo-qled-wifi-2025\\\/#breadcrumb\"},\"inLanguage\":\"ru-RU\",\"potentialAction\":[{\"@type\":\"ReadAction\",\"target\":[\"https:\\\/\\\/continent.lv\\\/product\\\/samsung-qe65qn90fatxxh-65-neo-qled-wifi-2025\\\/\"]}]},{\"@type\":\"ImageObject\",\"inLanguage\":\"ru-RU\",\"@id\":\"https:\\\/\\\/continent.lv\\\/product\\\/samsung-qe65qn90fatxxh-65-neo-qled-wifi-2025\\\/#primaryimage\",\"url\":\"https:\\\/\\\/continent.lv\\\/wp-content\\\/uploads\\\/2026\\\/04\\\/Samsung_QE65QN90FAT.jpeg\",\"contentUrl\":\"https:\\\/\\\/continent.lv\\\/wp-content\\\/uploads\\\/2026\\\/04\\\/Samsung_QE65QN90FAT.jpeg\",\"width\":1024,\"height\":819},{\"@type\":\"BreadcrumbList\",\"@id\":\"https:\\\/\\\/continent.lv\\\/product\\\/samsung-qe65qn90fatxxh-65-neo-qled-wifi-2025\\\/#breadcrumb\",\"itemListElement\":[{\"@type\":\"ListItem\",\"position\":1,\"name\":\"Home\",\"item\":\"https:\\\/\\\/continent.lv\\\/\"},{\"@type\":\"ListItem\",\"position\":2,\"name\":\"Veikals\",\"item\":\"https:\\\/\\\/continent.lv\\\/shop\\\/\"},{\"@type\":\"ListItem\",\"position\":3,\"name\":\"Samsung QE65QN90FATXXH, 65&#8243; Neo QLED WiFi 2025\"}]},{\"@type\":\"WebSite\",\"@id\":\"https:\\\/\\\/continent.lv\\\/#website\",\"url\":\"https:\\\/\\\/continent.lv\\\/\",\"name\":\"Continent.lv\",\"description\":\"Sadz\u012bves pre\u010du internetveikals\",\"publisher\":{\"@id\":\"https:\\\/\\\/continent.lv\\\/#organization\"},\"potentialAction\":[{\"@type\":\"SearchAction\",\"target\":{\"@type\":\"EntryPoint\",\"urlTemplate\":\"https:\\\/\\\/continent.lv\\\/?s={search_term_string}\"},\"query-input\":{\"@type\":\"PropertyValueSpecification\",\"valueRequired\":true,\"valueName\":\"search_term_string\"}}],\"inLanguage\":\"ru-RU\"},{\"@type\":\"Organization\",\"@id\":\"https:\\\/\\\/continent.lv\\\/#organization\",\"name\":\"Continent.lv\",\"url\":\"https:\\\/\\\/continent.lv\\\/\",\"logo\":{\"@type\":\"ImageObject\",\"inLanguage\":\"ru-RU\",\"@id\":\"https:\\\/\\\/continent.lv\\\/#\\\/schema\\\/logo\\\/image\\\/\",\"url\":\"https:\\\/\\\/continent.lv\\\/wp-content\\\/uploads\\\/2026\\\/05\\\/logo_continent_5nwv-jh.jpg\",\"contentUrl\":\"https:\\\/\\\/continent.lv\\\/wp-content\\\/uploads\\\/2026\\\/05\\\/logo_continent_5nwv-jh.jpg\",\"width\":221,\"height\":50,\"caption\":\"Continent.lv\"},\"image\":{\"@id\":\"https:\\\/\\\/continent.lv\\\/#\\\/schema\\\/logo\\\/image\\\/\"}}]}<\/script>\n<!-- \/ Yoast SEO plugin. -->","yoast_head_json":{"title":"Samsung QE65QN90FATXXH, 65\" Neo QLED WiFi 2025 - Continent.lv","robots":{"index":"index","follow":"follow","max-snippet":"max-snippet:-1","max-image-preview":"max-image-preview:large","max-video-preview":"max-video-preview:-1"},"canonical":"https:\/\/continent.lv\/ru\/product\/samsung-qe65qn90fatxxh-65-neo-qled-wifi-2025\/","og_locale":"ru_RU","og_type":"article","og_title":"Samsung QE65QN90FATXXH, 65\" Neo QLED WiFi 2025 - Continent.lv","og_description":"Pre\u010du z\u012bme SamsungOper\u0113t\u0101jsist\u0113ma TizenProcesora kodolu skaits 4Kr\u0101sa MelnaJaunais energomar\u0137\u0113jums no 2021.gadaEnergoefektivit\u0101tes klase (SDR) FEner\u0123ijas pat\u0113ri\u0146\u0161 standarta dinamisk\u0101 diapazona re\u017e\u012bm\u0101 (SDR), 1000 h 89 kWhEnergoefektivit\u0101tes klase (HDR) GEner\u0123ijas pat\u0113ri\u0146\u0161 augsta dinamisk\u0101 diapazona re\u017e\u012bm\u0101 (HDR), 1000 h 231 kWhEkr\u0101na izm\u0113rs (collas\/cm) 65\/164Ekr\u0101na iz\u0161\u0137irtsp\u0113ja 3840 x 2160 (Ultra HD)Ekr\u0101nsEkr\u0101na tips Plakans (Flat)SavienojumiHDMI 4USB 2CI slots IrEthernet (RJ45) IrOptisk\u0101 [&hellip;]","og_url":"https:\/\/continent.lv\/ru\/product\/samsung-qe65qn90fatxxh-65-neo-qled-wifi-2025\/","og_site_name":"Continent.lv","og_image":[{"width":1024,"height":819,"url":"https:\/\/continent.lv\/wp-content\/uploads\/2026\/04\/Samsung_QE65QN90FAT.jpeg","type":"image\/jpeg"}],"twitter_card":"summary_large_image","twitter_misc":{"\u041f\u0440\u0438\u043c\u0435\u0440\u043d\u043e\u0435 \u0432\u0440\u0435\u043c\u044f \u0434\u043b\u044f \u0447\u0442\u0435\u043d\u0438\u044f":"1 \u043c\u0438\u043d\u0443\u0442\u0430"},"schema":{"@context":"https:\/\/schema.org","@graph":[{"@type":"WebPage","@id":"https:\/\/continent.lv\/product\/samsung-qe65qn90fatxxh-65-neo-qled-wifi-2025\/","url":"https:\/\/continent.lv\/product\/samsung-qe65qn90fatxxh-65-neo-qled-wifi-2025\/","name":"Samsung QE65QN90FATXXH, 65\" Neo QLED WiFi 2025 - Continent.lv","isPartOf":{"@id":"https:\/\/continent.lv\/#website"},"primaryImageOfPage":{"@id":"https:\/\/continent.lv\/product\/samsung-qe65qn90fatxxh-65-neo-qled-wifi-2025\/#primaryimage"},"image":{"@id":"https:\/\/continent.lv\/product\/samsung-qe65qn90fatxxh-65-neo-qled-wifi-2025\/#primaryimage"},"thumbnailUrl":"https:\/\/continent.lv\/wp-content\/uploads\/2026\/04\/Samsung_QE65QN90FAT.jpeg","datePublished":"2026-04-30T22:17:37+00:00","breadcrumb":{"@id":"https:\/\/continent.lv\/product\/samsung-qe65qn90fatxxh-65-neo-qled-wifi-2025\/#breadcrumb"},"inLanguage":"ru-RU","potentialAction":[{"@type":"ReadAction","target":["https:\/\/continent.lv\/product\/samsung-qe65qn90fatxxh-65-neo-qled-wifi-2025\/"]}]},{"@type":"ImageObject","inLanguage":"ru-RU","@id":"https:\/\/continent.lv\/product\/samsung-qe65qn90fatxxh-65-neo-qled-wifi-2025\/#primaryimage","url":"https:\/\/continent.lv\/wp-content\/uploads\/2026\/04\/Samsung_QE65QN90FAT.jpeg","contentUrl":"https:\/\/continent.lv\/wp-content\/uploads\/2026\/04\/Samsung_QE65QN90FAT.jpeg","width":1024,"height":819},{"@type":"BreadcrumbList","@id":"https:\/\/continent.lv\/product\/samsung-qe65qn90fatxxh-65-neo-qled-wifi-2025\/#breadcrumb","itemListElement":[{"@type":"ListItem","position":1,"name":"Home","item":"https:\/\/continent.lv\/"},{"@type":"ListItem","position":2,"name":"Veikals","item":"https:\/\/continent.lv\/shop\/"},{"@type":"ListItem","position":3,"name":"Samsung QE65QN90FATXXH, 65&#8243; Neo QLED WiFi 2025"}]},{"@type":"WebSite","@id":"https:\/\/continent.lv\/#website","url":"https:\/\/continent.lv\/","name":"Continent.lv","description":"Sadz\u012bves pre\u010du internetveikals","publisher":{"@id":"https:\/\/continent.lv\/#organization"},"potentialAction":[{"@type":"SearchAction","target":{"@type":"EntryPoint","urlTemplate":"https:\/\/continent.lv\/?s={search_term_string}"},"query-input":{"@type":"PropertyValueSpecification","valueRequired":true,"valueName":"search_term_string"}}],"inLanguage":"ru-RU"},{"@type":"Organization","@id":"https:\/\/continent.lv\/#organization","name":"Continent.lv","url":"https:\/\/continent.lv\/","logo":{"@type":"ImageObject","inLanguage":"ru-RU","@id":"https:\/\/continent.lv\/#\/schema\/logo\/image\/","url":"https:\/\/continent.lv\/wp-content\/uploads\/2026\/05\/logo_continent_5nwv-jh.jpg","contentUrl":"https:\/\/continent.lv\/wp-content\/uploads\/2026\/05\/logo_continent_5nwv-jh.jpg","width":221,"height":50,"caption":"Continent.lv"},"image":{"@id":"https:\/\/continent.lv\/#\/schema\/logo\/image\/"}}]}},"_links":{"self":[{"href":"https:\/\/continent.lv\/ru\/wp-json\/wp\/v2\/product\/24630","targetHints":{"allow":["GET"]}}],"collection":[{"href":"https:\/\/continent.lv\/ru\/wp-json\/wp\/v2\/product"}],"about":[{"href":"https:\/\/continent.lv\/ru\/wp-json\/wp\/v2\/types\/product"}],"replies":[{"embeddable":true,"href":"https:\/\/continent.lv\/ru\/wp-json\/wp\/v2\/comments?post=24630"}],"wp:featuredmedia":[{"embeddable":true,"href":"https:\/\/continent.lv\/ru\/wp-json\/wp\/v2\/media\/24624"}],"wp:attachment":[{"href":"https:\/\/continent.lv\/ru\/wp-json\/wp\/v2\/media?parent=24630"}],"wp:term":[{"taxonomy":"product_brand","embeddable":true,"href":"https:\/\/continent.lv\/ru\/wp-json\/wp\/v2\/product_brand?post=24630"},{"taxonomy":"product_cat","embeddable":true,"href":"https:\/\/continent.lv\/ru\/wp-json\/wp\/v2\/product_cat?post=24630"},{"taxonomy":"product_tag","embeddable":true,"href":"https:\/\/continent.lv\/ru\/wp-json\/wp\/v2\/product_tag?post=24630"}],"curies":[{"name":"wp","href":"https:\/\/api.w.org\/{rel}","templated":true}]}}