{"id":24576,"date":"2026-04-30T22:16:28","date_gmt":"2026-04-30T22:16:28","guid":{"rendered":"https:\/\/continent.lv\/product\/sony-playstation-5-825gb-bluray-ps5-white\/"},"modified":"2026-05-03T13:11:19","modified_gmt":"2026-05-03T13:11:19","slug":"sony-playstation-5-825gb-bluray-ps5-white","status":"publish","type":"product","link":"https:\/\/continent.lv\/ru\/product\/sony-playstation-5-825gb-bluray-ps5-white\/","title":{"rendered":"Sony Playstation 5 825GB BluRay (PS5) \u0431\u0435\u043b\u044b\u0439"},"content":{"rendered":"<p class=\"translation-block\"><p>\u041f\u043b\u0430\u0442\u0444\u043e\u0440\u043c\u0430: PlayStation 5<br>\u0426\u0432\u0435\u0442: \u0427\u0451\u0440\u043d\u044b\u0439, \u0411\u0435\u043b\u044b\u0439<br>\u0412\u0441\u0442\u0440\u043e\u0435\u043d\u043d\u0430\u044f \u043f\u0430\u043c\u044f\u0442\u044c: 16000 \u041c\u0411<br>\u0422\u0438\u043f \u0432\u043d\u0443\u0442\u0440\u0435\u043d\u043d\u0435\u0439 \u043f\u0430\u043c\u044f\u0442\u0438: GDDR6<br>\u0413\u0440\u0430\u0444\u0438\u0447\u0435\u0441\u043a\u0438\u0439 \u043f\u0440\u043e\u0446\u0435\u0441\u0441\u043e\u0440: AMD Radeon<br>\u041f\u0440\u043e\u0438\u0437\u0432\u043e\u0434\u0438\u0442\u0435\u043b\u044c \u043f\u0440\u043e\u0446\u0435\u0441\u0441\u043e\u0440\u0430: AMD<br>\u041c\u043e\u0434\u0435\u043b\u044c \u043f\u0440\u043e\u0446\u0435\u0441\u0441\u043e\u0440\u0430: AMD Ryzen Zen 2<br>\u041a\u043e\u043b\u0438\u0447\u0435\u0441\u0442\u0432\u043e \u044f\u0434\u0435\u0440 \u043f\u0440\u043e\u0446\u0435\u0441\u0441\u043e\u0440\u0430: 8<br>\u0427\u0430\u0441\u0442\u043e\u0442\u0430 \u043f\u0440\u043e\u0446\u0435\u0441\u0441\u043e\u0440\u0430: 3,5 \u0413\u0413\u0446<br>\u0427\u0430\u0441\u0442\u043e\u0442\u0430 \u0433\u0440\u0430\u0444\u0438\u0447\u0435\u0441\u043a\u043e\u0433\u043e \u043f\u0440\u043e\u0446\u0435\u0441\u0441\u043e\u0440\u0430: 2230 \u041c\u0413\u0446<br>\u041f\u0440\u043e\u0438\u0437\u0432\u043e\u0434\u0438\u0442\u0435\u043b\u044c\u043d\u043e\u0441\u0442\u044c \u0433\u0440\u0430\u0444\u0438\u0447\u0435\u0441\u043a\u043e\u0433\u043e \u043f\u0440\u043e\u0446\u0435\u0441\u0441\u043e\u0440\u0430: 10,3 TFLOPS<br>\u0421\u0440\u0435\u0434\u0441\u0442\u0432\u0430 \u0445\u0440\u0430\u043d\u0435\u043d\u0438\u044f \u0434\u0430\u043d\u043d\u044b\u0445<br>\u0412\u0441\u0442\u0440\u043e\u0435\u043d\u043d\u044b\u0439 \u043a\u0430\u0440\u0442\u0440\u0438\u0434\u0435\u0440: \u041d\u0435\u0442<br>\u0422\u0438\u043f \u043e\u043f\u0442\u0438\u0447\u0435\u0441\u043a\u043e\u0433\u043e \u0434\u0438\u0441\u043a\u043e\u0432\u043e\u0434\u0430: Blu-Ray<br>\u0412\u0441\u0442\u0440\u043e\u0435\u043d\u043d\u044b\u0439 \u043e\u043f\u0442\u0438\u0447\u0435\u0441\u043a\u0438\u0439 \u043f\u0440\u0438\u0432\u043e\u0434: \u0414\u0430<br>\u041d\u043e\u0441\u0438\u0442\u0435\u043b\u044c \u0434\u0430\u043d\u043d\u044b\u0445: SSD<br>\u041e\u0431\u044a\u0435\u043c \u0432\u043d\u0443\u0442\u0440\u0435\u043d\u043d\u0435\u0433\u043e \u043d\u0430\u043a\u043e\u043f\u0438\u0442\u0435\u043b\u044f: 825 \u0413\u0411<br>\u0421\u0435\u0442\u0435\u0432\u044b\u0435 \u0444\u0443\u043d\u043a\u0446\u0438\u0438<br>\u041f\u043e\u0434\u043a\u043b\u044e\u0447\u0435\u043d\u0438\u0435 Ethernet\/LAN: \u0414\u0430<br>Wi-Fi: \u0414\u0430<br>Bluetooth: \u0414\u0430<br>\u0421\u043a\u043e\u0440\u043e\u0441\u0442\u044c \u043f\u0435\u0440\u0435\u0434\u0430\u0447\u0438 \u0434\u0430\u043d\u043d\u044b\u0445 \u043f\u043e Ethernet LAN: 10,100,1000 \u041c\u0431\u0438\u0442\/\u0441<br>\u0422\u0438\u043f \u0438\u043d\u0442\u0435\u0440\u0444\u0435\u0439\u0441\u0430 Ethernet: \u0411\u044b\u0441\u0442\u0440\u044b\u0439 Ethernet, \u0421\u0435\u0442\u044c Gigabit Ethernet<br>\u0421\u0442\u0430\u043d\u0434\u0430\u0440\u0442\u044b Wi-Fi: 802.11a,802.11b,802.11g,Wi-Fi 4 (802.11n),Wi-Fi 5 (802.11ac),Wi-Fi 6 (802.11ax)<br>\u0412\u0435\u0440\u0441\u0438\u044f Bluetooth: 5.1<br>\u041f\u043e\u0434\u043a\u043b\u044e\u0447\u0435\u043d\u0438\u044f<br>\u041a\u043e\u043b\u0438\u0447\u0435\u0441\u0442\u0432\u043e HDMI \u043f\u043e\u0440\u0442\u043e\u0432: 1<br>\u0420\u0430\u0437\u044a\u0435\u043c DC \u0432\u0445\u043e\u0434\u0430: \u0414\u0430<br>\u041a\u043e\u043b\u0438\u0447\u0435\u0441\u0442\u0432\u043e USB 3.0 (3.1 Gen 1) \u043f\u043e\u0440\u0442\u043e\u0432 \u0442\u0438\u043f\u0430 A: 1<br>\u0412\u0435\u0440\u0441\u0438\u044f HDMI: 2.1<br>\u041a\u043e\u043b\u0438\u0447\u0435\u0441\u0442\u0432\u043e USB 3.0 (3.1 Gen 1) \u043f\u043e\u0440\u0442\u043e\u0432 \u0442\u0438\u043f\u0430 C: 1<br>\u041c\u0443\u043b\u044c\u0442\u0438\u043c\u0435\u0434\u0438\u0430<br>\u041f\u043e\u0434\u0434\u0435\u0440\u0436\u043a\u0430 HDR: \u0414\u0430<br>\u0422\u0438\u043f HD: 8K Ultra HD<br>\u0413\u043e\u0442\u043e\u0432\u043e \u0434\u043b\u044f \u0432\u0438\u0440\u0442\u0443\u0430\u043b\u044c\u043d\u043e\u0439 \u0440\u0435\u0430\u043b\u044c\u043d\u043e\u0441\u0442\u0438 (VR): \u0414\u0430<br>\u042d\u043d\u0435\u0440\u0433\u043e\u043f\u0438\u0442\u0430\u043d\u0438\u0435<br>\u0418\u0441\u0442\u043e\u0447\u043d\u0438\u043a \u043f\u0438\u0442\u0430\u043d\u0438\u044f: 350 \u0412\u0442<br>\u0412\u0435\u0441 \u0438 \u0440\u0430\u0437\u043c\u0435\u0440\u044b<br>\u0412\u0435\u0441: 4,5 \u043a\u0433<br>\u0428\u0438\u0440\u0438\u043d\u0430: 390 \u043c\u043c<br>\u0413\u043b\u0443\u0431\u0438\u043d\u0430: 260 \u043c\u043c<br>\u0412\u044b\u0441\u043e\u0442\u0430: 104 \u043c\u043c<br>\u041a\u043e\u043c\u043f\u043b\u0435\u043a\u0442\u0430\u0446\u0438\u044f<br>\u041a\u043e\u043b\u0438\u0447\u0435\u0441\u0442\u0432\u043e \u0432\u043a\u043b\u044e\u0447\u0451\u043d\u043d\u044b\u0445 \u043a\u043e\u043d\u0441\u043e\u043b\u0435\u0439: 1<br>\u0411\u043b\u043e\u043a \u043f\u0438\u0442\u0430\u043d\u0438\u044f \u0432 \u043a\u043e\u043c\u043f\u043b\u0435\u043a\u0442\u0435: \u0414\u0430<br>\u041a\u043e\u043c\u043f\u043b\u0435\u043a\u0442 \u0438\u0433\u0440\u043e\u0432\u043e\u0439 \u043a\u043e\u043d\u0441\u043e\u043b\u0438: \u0418\u0433\u0440\u043e\u0432\u0430\u044f \u043f\u043e\u0434\u0441\u0442\u0430\u0432\u043a\u0430<br>\u041f\u043e\u0434\u043a\u043b\u044e\u0447\u0430\u0435\u043c\u044b\u0435 \u043a\u0430\u0431\u0435\u043b\u0438: HDMI,USB<br>\u0412\u043a\u043b\u044e\u0447\u0435\u043d\u0430 \u0432\u0438\u0434\u0435\u043e\u0438\u0433\u0440\u0430: \u041d\u0435\u0442<br>\u0420\u0443\u043a\u043e\u0432\u043e\u0434\u0441\u0442\u0432\u043e \u043f\u043e\u043b\u044c\u0437\u043e\u0432\u0430\u0442\u0435\u043b\u044f: \u0414\u0430<br>\u0418\u043d\u0441\u0442\u0440\u0443\u043a\u0446\u0438\u044f: \u0414\u0430<\/p><p><\/p><\/p><\/p>","protected":false},"excerpt":{"rendered":"<p>Platforma: PlayStation 5Kr\u0101sa: Melns, BaltsIeb\u016bv\u0113ta atmi\u0146a: 16000 MBIek\u0161\u0113j\u0101s atmi\u0146as tips: GDDR6Grafiskais procesors: AMD RadeonProcesora ra\u017eot\u0101js: AMDProcesora modelis: AMD Ryzen Zen 2Procesora kodolu skaits: 8Procesora frekvence: 3,5 GHzGrafisk\u0101 procesora frekvence: 2230 MHzGrafisk\u0101 procesora veiktsp\u0113ja: 10,3 TFLOPSDatu uzglab\u0101\u0161anas l\u012bdzek\u013ciIntegr\u0113ts kar\u0161u las\u012bt\u0101js: N\u0113Optisk\u0101 diskdzi\u0146a tips: Blu-RayIeb\u016bv\u0113ts optiskais disks: J\u0101Datu nes\u0113js: SSDIek\u0161\u0113j\u0101s glab\u0101tuves ietilp\u012bba: 825 GBT\u012bklo\u0161anaEthernet\/LAN savienojums: J\u0101Wi-Fi: J\u0101Bluetooth: [&hellip;]<\/p>\n","protected":false},"featured_media":24575,"comment_status":"open","ping_status":"closed","template":"","meta":{"_joinchat":[]},"product_brand":[],"product_cat":[357],"product_tag":[],"class_list":{"0":"post-24576","1":"product","2":"type-product","3":"status-publish","4":"has-post-thumbnail","6":"product_cat-citi","8":"first","9":"instock","10":"shipping-taxable","11":"purchasable","12":"product-type-simple"},"yoast_head":"<!-- This site is optimized with the Yoast SEO plugin v27.5 - https:\/\/yoast.com\/product\/yoast-seo-wordpress\/ -->\n<title>Sony Playstation 5 825GB BluRay (PS5) white - Continent.lv<\/title>\n<meta name=\"robots\" content=\"index, follow, max-snippet:-1, max-image-preview:large, max-video-preview:-1\" \/>\n<link rel=\"canonical\" href=\"https:\/\/continent.lv\/ru\/product\/sony-playstation-5-825gb-bluray-ps5-white\/\" \/>\n<meta property=\"og:locale\" content=\"ru_RU\" \/>\n<meta property=\"og:type\" content=\"article\" \/>\n<meta property=\"og:title\" content=\"Sony Playstation 5 825GB BluRay (PS5) white - Continent.lv\" \/>\n<meta property=\"og:description\" content=\"Platforma: PlayStation 5Kr\u0101sa: Melns, BaltsIeb\u016bv\u0113ta atmi\u0146a: 16000 MBIek\u0161\u0113j\u0101s atmi\u0146as tips: GDDR6Grafiskais procesors: AMD RadeonProcesora ra\u017eot\u0101js: AMDProcesora modelis: AMD Ryzen Zen 2Procesora kodolu skaits: 8Procesora frekvence: 3,5 GHzGrafisk\u0101 procesora frekvence: 2230 MHzGrafisk\u0101 procesora veiktsp\u0113ja: 10,3 TFLOPSDatu uzglab\u0101\u0161anas l\u012bdzek\u013ciIntegr\u0113ts kar\u0161u las\u012bt\u0101js: N\u0113Optisk\u0101 diskdzi\u0146a tips: Blu-RayIeb\u016bv\u0113ts optiskais disks: J\u0101Datu nes\u0113js: SSDIek\u0161\u0113j\u0101s glab\u0101tuves ietilp\u012bba: 825 GBT\u012bklo\u0161anaEthernet\/LAN savienojums: J\u0101Wi-Fi: J\u0101Bluetooth: [&hellip;]\" \/>\n<meta property=\"og:url\" content=\"https:\/\/continent.lv\/ru\/product\/sony-playstation-5-825gb-bluray-ps5-white\/\" \/>\n<meta property=\"og:site_name\" content=\"Continent.lv\" \/>\n<meta property=\"article:modified_time\" content=\"2026-05-03T13:11:19+00:00\" \/>\n<meta property=\"og:image\" content=\"https:\/\/continent.lv\/wp-content\/uploads\/2026\/04\/Sony_Playstation_5_825GB_BluRay__PS5__white.jpg\" \/>\n\t<meta property=\"og:image:width\" content=\"978\" \/>\n\t<meta property=\"og:image:height\" content=\"800\" \/>\n\t<meta property=\"og:image:type\" content=\"image\/jpeg\" \/>\n<meta name=\"twitter:card\" content=\"summary_large_image\" \/>\n<meta name=\"twitter:label1\" content=\"\u041f\u0440\u0438\u043c\u0435\u0440\u043d\u043e\u0435 \u0432\u0440\u0435\u043c\u044f \u0434\u043b\u044f \u0447\u0442\u0435\u043d\u0438\u044f\" \/>\n\t<meta name=\"twitter:data1\" content=\"1 \u043c\u0438\u043d\u0443\u0442\u0430\" \/>\n<script type=\"application\/ld+json\" class=\"yoast-schema-graph\">{\"@context\":\"https:\\\/\\\/schema.org\",\"@graph\":[{\"@type\":\"WebPage\",\"@id\":\"https:\\\/\\\/continent.lv\\\/product\\\/sony-playstation-5-825gb-bluray-ps5-white\\\/\",\"url\":\"https:\\\/\\\/continent.lv\\\/product\\\/sony-playstation-5-825gb-bluray-ps5-white\\\/\",\"name\":\"Sony Playstation 5 825GB BluRay (PS5) white - Continent.lv\",\"isPartOf\":{\"@id\":\"https:\\\/\\\/continent.lv\\\/#website\"},\"primaryImageOfPage\":{\"@id\":\"https:\\\/\\\/continent.lv\\\/product\\\/sony-playstation-5-825gb-bluray-ps5-white\\\/#primaryimage\"},\"image\":{\"@id\":\"https:\\\/\\\/continent.lv\\\/product\\\/sony-playstation-5-825gb-bluray-ps5-white\\\/#primaryimage\"},\"thumbnailUrl\":\"https:\\\/\\\/continent.lv\\\/wp-content\\\/uploads\\\/2026\\\/04\\\/Sony_Playstation_5_825GB_BluRay__PS5__white.jpg\",\"datePublished\":\"2026-04-30T22:16:28+00:00\",\"dateModified\":\"2026-05-03T13:11:19+00:00\",\"breadcrumb\":{\"@id\":\"https:\\\/\\\/continent.lv\\\/product\\\/sony-playstation-5-825gb-bluray-ps5-white\\\/#breadcrumb\"},\"inLanguage\":\"ru-RU\",\"potentialAction\":[{\"@type\":\"ReadAction\",\"target\":[\"https:\\\/\\\/continent.lv\\\/product\\\/sony-playstation-5-825gb-bluray-ps5-white\\\/\"]}]},{\"@type\":\"ImageObject\",\"inLanguage\":\"ru-RU\",\"@id\":\"https:\\\/\\\/continent.lv\\\/product\\\/sony-playstation-5-825gb-bluray-ps5-white\\\/#primaryimage\",\"url\":\"https:\\\/\\\/continent.lv\\\/wp-content\\\/uploads\\\/2026\\\/04\\\/Sony_Playstation_5_825GB_BluRay__PS5__white.jpg\",\"contentUrl\":\"https:\\\/\\\/continent.lv\\\/wp-content\\\/uploads\\\/2026\\\/04\\\/Sony_Playstation_5_825GB_BluRay__PS5__white.jpg\",\"width\":978,\"height\":800},{\"@type\":\"BreadcrumbList\",\"@id\":\"https:\\\/\\\/continent.lv\\\/product\\\/sony-playstation-5-825gb-bluray-ps5-white\\\/#breadcrumb\",\"itemListElement\":[{\"@type\":\"ListItem\",\"position\":1,\"name\":\"Home\",\"item\":\"https:\\\/\\\/continent.lv\\\/\"},{\"@type\":\"ListItem\",\"position\":2,\"name\":\"Veikals\",\"item\":\"https:\\\/\\\/continent.lv\\\/shop\\\/\"},{\"@type\":\"ListItem\",\"position\":3,\"name\":\"Sony Playstation 5 825GB BluRay (PS5) white\"}]},{\"@type\":\"WebSite\",\"@id\":\"https:\\\/\\\/continent.lv\\\/#website\",\"url\":\"https:\\\/\\\/continent.lv\\\/\",\"name\":\"Continent.lv\",\"description\":\"Sadz\u012bves pre\u010du internetveikals\",\"publisher\":{\"@id\":\"https:\\\/\\\/continent.lv\\\/#organization\"},\"potentialAction\":[{\"@type\":\"SearchAction\",\"target\":{\"@type\":\"EntryPoint\",\"urlTemplate\":\"https:\\\/\\\/continent.lv\\\/?s={search_term_string}\"},\"query-input\":{\"@type\":\"PropertyValueSpecification\",\"valueRequired\":true,\"valueName\":\"search_term_string\"}}],\"inLanguage\":\"ru-RU\"},{\"@type\":\"Organization\",\"@id\":\"https:\\\/\\\/continent.lv\\\/#organization\",\"name\":\"Continent.lv\",\"url\":\"https:\\\/\\\/continent.lv\\\/\",\"logo\":{\"@type\":\"ImageObject\",\"inLanguage\":\"ru-RU\",\"@id\":\"https:\\\/\\\/continent.lv\\\/#\\\/schema\\\/logo\\\/image\\\/\",\"url\":\"https:\\\/\\\/continent.lv\\\/wp-content\\\/uploads\\\/2026\\\/05\\\/logo_continent_5nwv-jh.jpg\",\"contentUrl\":\"https:\\\/\\\/continent.lv\\\/wp-content\\\/uploads\\\/2026\\\/05\\\/logo_continent_5nwv-jh.jpg\",\"width\":221,\"height\":50,\"caption\":\"Continent.lv\"},\"image\":{\"@id\":\"https:\\\/\\\/continent.lv\\\/#\\\/schema\\\/logo\\\/image\\\/\"}}]}<\/script>\n<!-- \/ Yoast SEO plugin. -->","yoast_head_json":{"title":"Sony Playstation 5 825GB BluRay (PS5) white - Continent.lv","robots":{"index":"index","follow":"follow","max-snippet":"max-snippet:-1","max-image-preview":"max-image-preview:large","max-video-preview":"max-video-preview:-1"},"canonical":"https:\/\/continent.lv\/ru\/product\/sony-playstation-5-825gb-bluray-ps5-white\/","og_locale":"ru_RU","og_type":"article","og_title":"Sony Playstation 5 825GB BluRay (PS5) white - Continent.lv","og_description":"Platforma: PlayStation 5Kr\u0101sa: Melns, BaltsIeb\u016bv\u0113ta atmi\u0146a: 16000 MBIek\u0161\u0113j\u0101s atmi\u0146as tips: GDDR6Grafiskais procesors: AMD RadeonProcesora ra\u017eot\u0101js: AMDProcesora modelis: AMD Ryzen Zen 2Procesora kodolu skaits: 8Procesora frekvence: 3,5 GHzGrafisk\u0101 procesora frekvence: 2230 MHzGrafisk\u0101 procesora veiktsp\u0113ja: 10,3 TFLOPSDatu uzglab\u0101\u0161anas l\u012bdzek\u013ciIntegr\u0113ts kar\u0161u las\u012bt\u0101js: N\u0113Optisk\u0101 diskdzi\u0146a tips: Blu-RayIeb\u016bv\u0113ts optiskais disks: J\u0101Datu nes\u0113js: SSDIek\u0161\u0113j\u0101s glab\u0101tuves ietilp\u012bba: 825 GBT\u012bklo\u0161anaEthernet\/LAN savienojums: J\u0101Wi-Fi: J\u0101Bluetooth: [&hellip;]","og_url":"https:\/\/continent.lv\/ru\/product\/sony-playstation-5-825gb-bluray-ps5-white\/","og_site_name":"Continent.lv","article_modified_time":"2026-05-03T13:11:19+00:00","og_image":[{"width":978,"height":800,"url":"https:\/\/continent.lv\/wp-content\/uploads\/2026\/04\/Sony_Playstation_5_825GB_BluRay__PS5__white.jpg","type":"image\/jpeg"}],"twitter_card":"summary_large_image","twitter_misc":{"\u041f\u0440\u0438\u043c\u0435\u0440\u043d\u043e\u0435 \u0432\u0440\u0435\u043c\u044f \u0434\u043b\u044f \u0447\u0442\u0435\u043d\u0438\u044f":"1 \u043c\u0438\u043d\u0443\u0442\u0430"},"schema":{"@context":"https:\/\/schema.org","@graph":[{"@type":"WebPage","@id":"https:\/\/continent.lv\/product\/sony-playstation-5-825gb-bluray-ps5-white\/","url":"https:\/\/continent.lv\/product\/sony-playstation-5-825gb-bluray-ps5-white\/","name":"Sony Playstation 5 825GB BluRay (PS5) white - Continent.lv","isPartOf":{"@id":"https:\/\/continent.lv\/#website"},"primaryImageOfPage":{"@id":"https:\/\/continent.lv\/product\/sony-playstation-5-825gb-bluray-ps5-white\/#primaryimage"},"image":{"@id":"https:\/\/continent.lv\/product\/sony-playstation-5-825gb-bluray-ps5-white\/#primaryimage"},"thumbnailUrl":"https:\/\/continent.lv\/wp-content\/uploads\/2026\/04\/Sony_Playstation_5_825GB_BluRay__PS5__white.jpg","datePublished":"2026-04-30T22:16:28+00:00","dateModified":"2026-05-03T13:11:19+00:00","breadcrumb":{"@id":"https:\/\/continent.lv\/product\/sony-playstation-5-825gb-bluray-ps5-white\/#breadcrumb"},"inLanguage":"ru-RU","potentialAction":[{"@type":"ReadAction","target":["https:\/\/continent.lv\/product\/sony-playstation-5-825gb-bluray-ps5-white\/"]}]},{"@type":"ImageObject","inLanguage":"ru-RU","@id":"https:\/\/continent.lv\/product\/sony-playstation-5-825gb-bluray-ps5-white\/#primaryimage","url":"https:\/\/continent.lv\/wp-content\/uploads\/2026\/04\/Sony_Playstation_5_825GB_BluRay__PS5__white.jpg","contentUrl":"https:\/\/continent.lv\/wp-content\/uploads\/2026\/04\/Sony_Playstation_5_825GB_BluRay__PS5__white.jpg","width":978,"height":800},{"@type":"BreadcrumbList","@id":"https:\/\/continent.lv\/product\/sony-playstation-5-825gb-bluray-ps5-white\/#breadcrumb","itemListElement":[{"@type":"ListItem","position":1,"name":"Home","item":"https:\/\/continent.lv\/"},{"@type":"ListItem","position":2,"name":"Veikals","item":"https:\/\/continent.lv\/shop\/"},{"@type":"ListItem","position":3,"name":"Sony Playstation 5 825GB BluRay (PS5) white"}]},{"@type":"WebSite","@id":"https:\/\/continent.lv\/#website","url":"https:\/\/continent.lv\/","name":"Continent.lv","description":"Sadz\u012bves pre\u010du internetveikals","publisher":{"@id":"https:\/\/continent.lv\/#organization"},"potentialAction":[{"@type":"SearchAction","target":{"@type":"EntryPoint","urlTemplate":"https:\/\/continent.lv\/?s={search_term_string}"},"query-input":{"@type":"PropertyValueSpecification","valueRequired":true,"valueName":"search_term_string"}}],"inLanguage":"ru-RU"},{"@type":"Organization","@id":"https:\/\/continent.lv\/#organization","name":"Continent.lv","url":"https:\/\/continent.lv\/","logo":{"@type":"ImageObject","inLanguage":"ru-RU","@id":"https:\/\/continent.lv\/#\/schema\/logo\/image\/","url":"https:\/\/continent.lv\/wp-content\/uploads\/2026\/05\/logo_continent_5nwv-jh.jpg","contentUrl":"https:\/\/continent.lv\/wp-content\/uploads\/2026\/05\/logo_continent_5nwv-jh.jpg","width":221,"height":50,"caption":"Continent.lv"},"image":{"@id":"https:\/\/continent.lv\/#\/schema\/logo\/image\/"}}]}},"_links":{"self":[{"href":"https:\/\/continent.lv\/ru\/wp-json\/wp\/v2\/product\/24576","targetHints":{"allow":["GET"]}}],"collection":[{"href":"https:\/\/continent.lv\/ru\/wp-json\/wp\/v2\/product"}],"about":[{"href":"https:\/\/continent.lv\/ru\/wp-json\/wp\/v2\/types\/product"}],"replies":[{"embeddable":true,"href":"https:\/\/continent.lv\/ru\/wp-json\/wp\/v2\/comments?post=24576"}],"wp:featuredmedia":[{"embeddable":true,"href":"https:\/\/continent.lv\/ru\/wp-json\/wp\/v2\/media\/24575"}],"wp:attachment":[{"href":"https:\/\/continent.lv\/ru\/wp-json\/wp\/v2\/media?parent=24576"}],"wp:term":[{"taxonomy":"product_brand","embeddable":true,"href":"https:\/\/continent.lv\/ru\/wp-json\/wp\/v2\/product_brand?post=24576"},{"taxonomy":"product_cat","embeddable":true,"href":"https:\/\/continent.lv\/ru\/wp-json\/wp\/v2\/product_cat?post=24576"},{"taxonomy":"product_tag","embeddable":true,"href":"https:\/\/continent.lv\/ru\/wp-json\/wp\/v2\/product_tag?post=24576"}],"curies":[{"name":"wp","href":"https:\/\/api.w.org\/{rel}","templated":true}]}}