{"id":23809,"date":"2026-04-30T21:55:12","date_gmt":"2026-04-30T21:55:12","guid":{"rendered":"https:\/\/continent.lv\/product\/xiaomi-robot-vacuum-s40-pro\/"},"modified":"2026-04-30T21:55:12","modified_gmt":"2026-04-30T21:55:12","slug":"xiaomi-robot-vacuum-s40-pro","status":"publish","type":"product","link":"https:\/\/continent.lv\/ru\/product\/xiaomi-robot-vacuum-s40-pro\/","title":{"rendered":"Xiaomi Robot Vacuum S40 Pro"},"content":{"rendered":"<p>\u0421\u0435\u0440\u0438\u044f \/ \u043c\u043e\u0434\u0435\u043b\u044c: Xiaomi Robot Vacuum S40 Pro<\/p>\n<p>\u041f\u043e\u0447\u0435\u043c\u0443 \u0432\u044b\u0431\u0440\u0430\u0442\u044c \u044d\u0442\u043e\u0442 \u043f\u0440\u043e\u0434\u0443\u043a\u0442: \u041c\u043e\u0449\u043d\u043e\u0435 \u0432\u0441\u0430\u0441\u044b\u0432\u0430\u043d\u0438\u0435 \u0441 \u043c\u043e\u0449\u043d\u044b\u043c \u043c\u043e\u0442\u043e\u0440\u043e\u043c<br \/>\u0422\u0438\u043f \u0443\u0431\u043e\u0440\u043a\u0438: \u0412\u043b\u0430\u0436\u043d\u0430\u044f \u0443\u0431\u043e\u0440\u043a\u0430, \u0421\u0443\u0445\u0430\u044f \u0443\u0431\u043e\u0440\u043a\u0430<br \/>\u041c\u043e\u0449\u043d\u043e\u0441\u0442\u044c \u0432\u0441\u0430\u0441\u044b\u0432\u0430\u043d\u0438\u044f (\u041f\u0430): 15000<br \/>\u041c\u043e\u0449\u043d\u043e\u0441\u0442\u044c \u0432\u0441\u0430\u0441\u044b\u0432\u0430\u043d\u0438\u044f (\u0412\u0442): \u041f\u0440\u043e\u0438\u0437\u0432\u043e\u0434\u0438\u0442\u0435\u043b\u044c \u0443\u043a\u0430\u0437\u044b\u0432\u0430\u0435\u0442 \u043c\u043e\u0449\u043d\u043e\u0441\u0442\u044c \u0432\u0441\u0430\u0441\u044b\u0432\u0430\u043d\u0438\u044f \u0432 \u041f\u0430 (\u043f\u0430\u0441\u043a\u0430\u043b\u044f\u0445)<br \/>\u041c\u0430\u043a\u0441\u0438\u043c\u0430\u043b\u044c\u043d\u043e\u0435 \u0432\u0440\u0435\u043c\u044f \u0443\u0431\u043e\u0440\u043a\u0438 \u043d\u0430 \u043f\u043e\u043b\u043d\u043e\u0439 \u0437\u0430\u0440\u044f\u0434\u043a\u0435: 180 \u043c\u0438\u043d.<br \/>\u041f\u043b\u043e\u0449\u0430\u0434\u044c \u0443\u0431\u043e\u0440\u043a\u0438 \u043d\u0430 \u043e\u0434\u043d\u043e\u0439 \u0437\u0430\u0440\u044f\u0434\u043a\u0435: 180 \u043c\u00b2<br \/>\u0415\u043c\u043a\u043e\u0441\u0442\u044c \u043f\u044b\u043b\u0435\u0441\u0431\u043e\u0440\u043d\u0438\u043a\u0430: 0,52 \u043b<br \/>\u041e\u0431\u044a\u0435\u043c \u0432\u043e\u0434\u043d\u043e\u0433\u043e \u0440\u0435\u0437\u0435\u0440\u0432\u0443\u0430\u0440\u0430: 0,4 \u043b<br \/>\u0426\u0432\u0435\u0442: \u0411\u0435\u043b\u044b\u0439<br \/>\u0420\u0430\u0437\u043c\u0435\u0440\u044b: 350 x 350 x 99<br \/>\u0412\u0435\u0441: 4,2 \u043a\u0433<br \/>\u0424\u0443\u043d\u043a\u0446\u0438\u0438 \u041f\u0443\u043b\u044c\u0442 \u0434\u0438\u0441\u0442\u0430\u043d\u0446\u0438\u043e\u043d\u043d\u043e\u0433\u043e \u0443\u043f\u0440\u0430\u0432\u043b\u0435\u043d\u0438\u044f: \u041d\u0435\u0442<br \/>\u0423\u043f\u0440\u0430\u0432\u043b\u0435\u043d\u0438\u0435 \u0447\u0435\u0440\u0435\u0437 \u043f\u0440\u0438\u043b\u043e\u0436\u0435\u043d\u0438\u0435: \u0415\u0441\u0442\u044c<br \/>\u0413\u043e\u043b\u043e\u0441\u043e\u0432\u043e\u0435 \u0443\u043f\u0440\u0430\u0432\u043b\u0435\u043d\u0438\u0435: \u0415\u0441\u0442\u044c<br \/>\u0421\u043e\u0437\u0434\u0430\u043d\u0438\u0435 \u043a\u0430\u0440\u0442\u044b \u043f\u043e\u043c\u0435\u0449\u0435\u043d\u0438\u044f: \u0415\u0441\u0442\u044c<br \/>\u0417\u0430\u043f\u043b\u0430\u043d\u0438\u0440\u043e\u0432\u0430\u043d\u043d\u0430\u044f \u0443\u0431\u043e\u0440\u043a\u0430: \u0415\u0441\u0442\u044c<br \/>\u041e\u0433\u0440\u0430\u043d\u0438\u0447\u0435\u043d\u0438\u0435 \u0437\u043e\u043d \u0443\u0431\u043e\u0440\u043a\u0438: \u0415\u0441\u0442\u044c<br \/>\u041f\u0440\u0435\u043e\u0434\u043e\u043b\u0435\u043d\u0438\u0435 \u043f\u0440\u0435\u043f\u044f\u0442\u0441\u0442\u0432\u0438\u0439 \u043f\u043e \u0432\u044b\u0441\u043e\u0442\u0435: 2 \u0441\u043c<br \/>\u0422\u0438\u043f \u043d\u0430\u0432\u0438\u0433\u0430\u0446\u0438\u0438: LDS<br \/>\u0414\u0430\u0442\u0447\u0438\u043a \u0440\u0430\u0441\u043f\u043e\u0437\u043d\u0430\u0432\u0430\u043d\u0438\u044f \u0442\u0438\u043f\u0430 \u043f\u043e\u0432\u0435\u0440\u0445\u043d\u043e\u0441\u0442\u0438: \u0415\u0441\u0442\u044c<br \/>\u041e\u0431\u043d\u0430\u0440\u0443\u0436\u0435\u043d\u0438\u0435 \u043f\u0440\u0435\u043f\u044f\u0442\u0441\u0442\u0432\u0438\u0439: \u0415\u0441\u0442\u044c<br \/>\u0420\u0430\u0441\u043f\u043e\u0437\u043d\u0430\u0432\u0430\u043d\u0438\u0435 \u043e\u0431\u044a\u0435\u043a\u0442\u043e\u0432: \u041d\u0435\u0442<br \/>\u0410\u043a\u043a\u0443\u043c\u0443\u043b\u044f\u0442\u043e\u0440<br \/>\u0422\u0438\u043f \u0430\u043a\u043a\u0443\u043c\u0443\u043b\u044f\u0442\u043e\u0440\u0430: Li-lon<br \/>\u0415\u043c\u043a\u043e\u0441\u0442\u044c \u0430\u043a\u043a\u0443\u043c\u0443\u043b\u044f\u0442\u043e\u0440\u0430: 5200 mAh<br \/>\u0410\u0432\u0442\u043e\u043c\u0430\u0442\u0438\u0447\u0435\u0441\u043a\u0430\u044f \u0443\u0441\u0442\u0430\u043d\u043e\u0432\u043a\u0430 \u043d\u0430 \u0437\u0430\u0440\u044f\u0434\u043a\u0443: \u0415\u0441\u0442\u044c<br \/>\u0414\u043e\u043a-\u0441\u0442\u0430\u043d\u0446\u0438\u044f<br \/>\u0410\u0432\u0442\u043e\u043c\u0430\u0442\u0438\u0447\u0435\u0441\u043a\u0430\u044f \u043e\u0447\u0438\u0441\u0442\u043a\u0430 \u043f\u044b\u043b\u0438: \u041d\u0435\u0442<br \/>\u0410\u0432\u0442\u043e\u043c\u0430\u0442\u0438\u0447\u0435\u0441\u043a\u0438\u0439 \u0437\u0430\u0431\u043e\u0440 \u0433\u0440\u044f\u0437\u043d\u043e\u0439 \u0432\u043e\u0434\u044b: \u041d\u0435\u0442<br \/>\u0410\u0432\u0442\u043e\u043c\u0430\u0442\u0438\u0447\u0435\u0441\u043a\u043e\u0435 \u043f\u043e\u043f\u043e\u043b\u043d\u0435\u043d\u0438\u0435 \u0447\u0438\u0441\u0442\u043e\u0439 \u0432\u043e\u0434\u043e\u0439: \u041d\u0435\u0442<br \/>\u0410\u0432\u0442\u043e\u043c\u0430\u0442\u0438\u0447\u0435\u0441\u043a\u0430\u044f \u043c\u043e\u0439\u043a\u0430 \u0448\u0432\u0430\u0431\u0440\u044b: \u041d\u0435\u0442<br \/>\u0412\u0435\u0441<br \/>\u0421 \u0443\u043f\u0430\u043a\u043e\u0432\u043a\u043e\u0439: 6,30 \u043a\u0433<br \/>\u0411\u0435\u0437 \u0443\u043f\u0430\u043a\u043e\u0432\u043a\u0438: 4,80 \u043a\u0433<\/p><\/p>","protected":false},"excerpt":{"rendered":"<p>S\u0113rija \/ modelis: Xiaomi Robot Vacuum S40 Pro K\u0101p\u0113c izv\u0113l\u0113ties \u0161o: Liela s\u016bk\u0161anas jauda ar jaud\u012bgu motoruT\u012br\u012b\u0161anas veids: Mitr\u0101 t\u012br\u012b\u0161ana, Saus\u0101 t\u012br\u012b\u0161anaS\u016bk\u0161anas jauda (Pa): 15000S\u016bk\u0161anas jauda (W): Ra\u017eot\u0101js s\u016bk\u0161anas jaudu nor\u0101da Pa (pask\u0101los)Maksim\u0101lais t\u012br\u012b\u0161anas laiks ar pilnu uzl\u0101di: 180 min.T\u012br\u012b\u0161anas plat\u012bba ar vienu uzl\u0101di: 180 m\u00b2Putek\u013cu ietilp\u012bba: 0.52 l\u016adens tvertnes tilpums: 0.4 lKr\u0101sa: BaltaIzm\u0113ri: 350 [&hellip;]<\/p>\n","protected":false},"featured_media":23797,"comment_status":"open","ping_status":"closed","template":"","meta":{"_joinchat":[]},"product_brand":[329],"product_cat":[282],"product_tag":[],"class_list":{"0":"post-23809","1":"product","2":"type-product","3":"status-publish","4":"has-post-thumbnail","6":"product_brand-xiaomi","7":"product_cat-sadzives-tehnika-puteklu-suceji","9":"first","10":"instock","11":"shipping-taxable","12":"purchasable","13":"product-type-simple"},"yoast_head":"<!-- This site is optimized with the Yoast SEO plugin v27.5 - https:\/\/yoast.com\/product\/yoast-seo-wordpress\/ -->\n<title>Xiaomi Robot Vacuum S40 Pro - Continent.lv<\/title>\n<meta name=\"robots\" content=\"index, follow, max-snippet:-1, max-image-preview:large, max-video-preview:-1\" \/>\n<link rel=\"canonical\" href=\"https:\/\/continent.lv\/ru\/product\/xiaomi-robot-vacuum-s40-pro\/\" \/>\n<meta property=\"og:locale\" content=\"ru_RU\" \/>\n<meta property=\"og:type\" content=\"article\" \/>\n<meta property=\"og:title\" content=\"Xiaomi Robot Vacuum S40 Pro - Continent.lv\" \/>\n<meta property=\"og:description\" content=\"S\u0113rija \/ modelis: Xiaomi Robot Vacuum S40 Pro K\u0101p\u0113c izv\u0113l\u0113ties \u0161o: Liela s\u016bk\u0161anas jauda ar jaud\u012bgu motoruT\u012br\u012b\u0161anas veids: Mitr\u0101 t\u012br\u012b\u0161ana, Saus\u0101 t\u012br\u012b\u0161anaS\u016bk\u0161anas jauda (Pa): 15000S\u016bk\u0161anas jauda (W): Ra\u017eot\u0101js s\u016bk\u0161anas jaudu nor\u0101da Pa (pask\u0101los)Maksim\u0101lais t\u012br\u012b\u0161anas laiks ar pilnu uzl\u0101di: 180 min.T\u012br\u012b\u0161anas plat\u012bba ar vienu uzl\u0101di: 180 m\u00b2Putek\u013cu ietilp\u012bba: 0.52 l\u016adens tvertnes tilpums: 0.4 lKr\u0101sa: BaltaIzm\u0113ri: 350 [&hellip;]\" \/>\n<meta property=\"og:url\" content=\"https:\/\/continent.lv\/ru\/product\/xiaomi-robot-vacuum-s40-pro\/\" \/>\n<meta property=\"og:site_name\" content=\"Continent.lv\" \/>\n<meta property=\"og:image\" content=\"https:\/\/continent.lv\/wp-content\/uploads\/2026\/04\/21_1aca-u3-4.jpeg\" \/>\n\t<meta property=\"og:image:width\" content=\"1566\" \/>\n\t<meta property=\"og:image:height\" content=\"1074\" \/>\n\t<meta property=\"og:image:type\" content=\"image\/jpeg\" \/>\n<meta name=\"twitter:card\" content=\"summary_large_image\" \/>\n<meta name=\"twitter:label1\" content=\"\u041f\u0440\u0438\u043c\u0435\u0440\u043d\u043e\u0435 \u0432\u0440\u0435\u043c\u044f \u0434\u043b\u044f \u0447\u0442\u0435\u043d\u0438\u044f\" \/>\n\t<meta name=\"twitter:data1\" content=\"1 \u043c\u0438\u043d\u0443\u0442\u0430\" \/>\n<script type=\"application\/ld+json\" class=\"yoast-schema-graph\">{\"@context\":\"https:\\\/\\\/schema.org\",\"@graph\":[{\"@type\":\"WebPage\",\"@id\":\"https:\\\/\\\/continent.lv\\\/product\\\/xiaomi-robot-vacuum-s40-pro\\\/\",\"url\":\"https:\\\/\\\/continent.lv\\\/product\\\/xiaomi-robot-vacuum-s40-pro\\\/\",\"name\":\"Xiaomi Robot Vacuum S40 Pro - Continent.lv\",\"isPartOf\":{\"@id\":\"https:\\\/\\\/continent.lv\\\/#website\"},\"primaryImageOfPage\":{\"@id\":\"https:\\\/\\\/continent.lv\\\/product\\\/xiaomi-robot-vacuum-s40-pro\\\/#primaryimage\"},\"image\":{\"@id\":\"https:\\\/\\\/continent.lv\\\/product\\\/xiaomi-robot-vacuum-s40-pro\\\/#primaryimage\"},\"thumbnailUrl\":\"https:\\\/\\\/continent.lv\\\/wp-content\\\/uploads\\\/2026\\\/04\\\/21_1aca-u3-4.jpeg\",\"datePublished\":\"2026-04-30T21:55:12+00:00\",\"breadcrumb\":{\"@id\":\"https:\\\/\\\/continent.lv\\\/product\\\/xiaomi-robot-vacuum-s40-pro\\\/#breadcrumb\"},\"inLanguage\":\"ru-RU\",\"potentialAction\":[{\"@type\":\"ReadAction\",\"target\":[\"https:\\\/\\\/continent.lv\\\/product\\\/xiaomi-robot-vacuum-s40-pro\\\/\"]}]},{\"@type\":\"ImageObject\",\"inLanguage\":\"ru-RU\",\"@id\":\"https:\\\/\\\/continent.lv\\\/product\\\/xiaomi-robot-vacuum-s40-pro\\\/#primaryimage\",\"url\":\"https:\\\/\\\/continent.lv\\\/wp-content\\\/uploads\\\/2026\\\/04\\\/21_1aca-u3-4.jpeg\",\"contentUrl\":\"https:\\\/\\\/continent.lv\\\/wp-content\\\/uploads\\\/2026\\\/04\\\/21_1aca-u3-4.jpeg\",\"width\":1566,\"height\":1074},{\"@type\":\"BreadcrumbList\",\"@id\":\"https:\\\/\\\/continent.lv\\\/product\\\/xiaomi-robot-vacuum-s40-pro\\\/#breadcrumb\",\"itemListElement\":[{\"@type\":\"ListItem\",\"position\":1,\"name\":\"Home\",\"item\":\"https:\\\/\\\/continent.lv\\\/\"},{\"@type\":\"ListItem\",\"position\":2,\"name\":\"Veikals\",\"item\":\"https:\\\/\\\/continent.lv\\\/shop\\\/\"},{\"@type\":\"ListItem\",\"position\":3,\"name\":\"Xiaomi Robot Vacuum S40 Pro\"}]},{\"@type\":\"WebSite\",\"@id\":\"https:\\\/\\\/continent.lv\\\/#website\",\"url\":\"https:\\\/\\\/continent.lv\\\/\",\"name\":\"Continent.lv\",\"description\":\"Sadz\u012bves pre\u010du internetveikals\",\"publisher\":{\"@id\":\"https:\\\/\\\/continent.lv\\\/#organization\"},\"potentialAction\":[{\"@type\":\"SearchAction\",\"target\":{\"@type\":\"EntryPoint\",\"urlTemplate\":\"https:\\\/\\\/continent.lv\\\/?s={search_term_string}\"},\"query-input\":{\"@type\":\"PropertyValueSpecification\",\"valueRequired\":true,\"valueName\":\"search_term_string\"}}],\"inLanguage\":\"ru-RU\"},{\"@type\":\"Organization\",\"@id\":\"https:\\\/\\\/continent.lv\\\/#organization\",\"name\":\"Continent.lv\",\"url\":\"https:\\\/\\\/continent.lv\\\/\",\"logo\":{\"@type\":\"ImageObject\",\"inLanguage\":\"ru-RU\",\"@id\":\"https:\\\/\\\/continent.lv\\\/#\\\/schema\\\/logo\\\/image\\\/\",\"url\":\"https:\\\/\\\/continent.lv\\\/wp-content\\\/uploads\\\/2026\\\/05\\\/logo_continent_5nwv-jh.jpg\",\"contentUrl\":\"https:\\\/\\\/continent.lv\\\/wp-content\\\/uploads\\\/2026\\\/05\\\/logo_continent_5nwv-jh.jpg\",\"width\":221,\"height\":50,\"caption\":\"Continent.lv\"},\"image\":{\"@id\":\"https:\\\/\\\/continent.lv\\\/#\\\/schema\\\/logo\\\/image\\\/\"}}]}<\/script>\n<!-- \/ Yoast SEO plugin. -->","yoast_head_json":{"title":"Xiaomi Robot Vacuum S40 Pro - Continent.lv","robots":{"index":"index","follow":"follow","max-snippet":"max-snippet:-1","max-image-preview":"max-image-preview:large","max-video-preview":"max-video-preview:-1"},"canonical":"https:\/\/continent.lv\/ru\/product\/xiaomi-robot-vacuum-s40-pro\/","og_locale":"ru_RU","og_type":"article","og_title":"Xiaomi Robot Vacuum S40 Pro - Continent.lv","og_description":"S\u0113rija \/ modelis: Xiaomi Robot Vacuum S40 Pro K\u0101p\u0113c izv\u0113l\u0113ties \u0161o: Liela s\u016bk\u0161anas jauda ar jaud\u012bgu motoruT\u012br\u012b\u0161anas veids: Mitr\u0101 t\u012br\u012b\u0161ana, Saus\u0101 t\u012br\u012b\u0161anaS\u016bk\u0161anas jauda (Pa): 15000S\u016bk\u0161anas jauda (W): Ra\u017eot\u0101js s\u016bk\u0161anas jaudu nor\u0101da Pa (pask\u0101los)Maksim\u0101lais t\u012br\u012b\u0161anas laiks ar pilnu uzl\u0101di: 180 min.T\u012br\u012b\u0161anas plat\u012bba ar vienu uzl\u0101di: 180 m\u00b2Putek\u013cu ietilp\u012bba: 0.52 l\u016adens tvertnes tilpums: 0.4 lKr\u0101sa: BaltaIzm\u0113ri: 350 [&hellip;]","og_url":"https:\/\/continent.lv\/ru\/product\/xiaomi-robot-vacuum-s40-pro\/","og_site_name":"Continent.lv","og_image":[{"width":1566,"height":1074,"url":"https:\/\/continent.lv\/wp-content\/uploads\/2026\/04\/21_1aca-u3-4.jpeg","type":"image\/jpeg"}],"twitter_card":"summary_large_image","twitter_misc":{"\u041f\u0440\u0438\u043c\u0435\u0440\u043d\u043e\u0435 \u0432\u0440\u0435\u043c\u044f \u0434\u043b\u044f \u0447\u0442\u0435\u043d\u0438\u044f":"1 \u043c\u0438\u043d\u0443\u0442\u0430"},"schema":{"@context":"https:\/\/schema.org","@graph":[{"@type":"WebPage","@id":"https:\/\/continent.lv\/product\/xiaomi-robot-vacuum-s40-pro\/","url":"https:\/\/continent.lv\/product\/xiaomi-robot-vacuum-s40-pro\/","name":"Xiaomi Robot Vacuum S40 Pro - Continent.lv","isPartOf":{"@id":"https:\/\/continent.lv\/#website"},"primaryImageOfPage":{"@id":"https:\/\/continent.lv\/product\/xiaomi-robot-vacuum-s40-pro\/#primaryimage"},"image":{"@id":"https:\/\/continent.lv\/product\/xiaomi-robot-vacuum-s40-pro\/#primaryimage"},"thumbnailUrl":"https:\/\/continent.lv\/wp-content\/uploads\/2026\/04\/21_1aca-u3-4.jpeg","datePublished":"2026-04-30T21:55:12+00:00","breadcrumb":{"@id":"https:\/\/continent.lv\/product\/xiaomi-robot-vacuum-s40-pro\/#breadcrumb"},"inLanguage":"ru-RU","potentialAction":[{"@type":"ReadAction","target":["https:\/\/continent.lv\/product\/xiaomi-robot-vacuum-s40-pro\/"]}]},{"@type":"ImageObject","inLanguage":"ru-RU","@id":"https:\/\/continent.lv\/product\/xiaomi-robot-vacuum-s40-pro\/#primaryimage","url":"https:\/\/continent.lv\/wp-content\/uploads\/2026\/04\/21_1aca-u3-4.jpeg","contentUrl":"https:\/\/continent.lv\/wp-content\/uploads\/2026\/04\/21_1aca-u3-4.jpeg","width":1566,"height":1074},{"@type":"BreadcrumbList","@id":"https:\/\/continent.lv\/product\/xiaomi-robot-vacuum-s40-pro\/#breadcrumb","itemListElement":[{"@type":"ListItem","position":1,"name":"Home","item":"https:\/\/continent.lv\/"},{"@type":"ListItem","position":2,"name":"Veikals","item":"https:\/\/continent.lv\/shop\/"},{"@type":"ListItem","position":3,"name":"Xiaomi Robot Vacuum S40 Pro"}]},{"@type":"WebSite","@id":"https:\/\/continent.lv\/#website","url":"https:\/\/continent.lv\/","name":"Continent.lv","description":"Sadz\u012bves pre\u010du internetveikals","publisher":{"@id":"https:\/\/continent.lv\/#organization"},"potentialAction":[{"@type":"SearchAction","target":{"@type":"EntryPoint","urlTemplate":"https:\/\/continent.lv\/?s={search_term_string}"},"query-input":{"@type":"PropertyValueSpecification","valueRequired":true,"valueName":"search_term_string"}}],"inLanguage":"ru-RU"},{"@type":"Organization","@id":"https:\/\/continent.lv\/#organization","name":"Continent.lv","url":"https:\/\/continent.lv\/","logo":{"@type":"ImageObject","inLanguage":"ru-RU","@id":"https:\/\/continent.lv\/#\/schema\/logo\/image\/","url":"https:\/\/continent.lv\/wp-content\/uploads\/2026\/05\/logo_continent_5nwv-jh.jpg","contentUrl":"https:\/\/continent.lv\/wp-content\/uploads\/2026\/05\/logo_continent_5nwv-jh.jpg","width":221,"height":50,"caption":"Continent.lv"},"image":{"@id":"https:\/\/continent.lv\/#\/schema\/logo\/image\/"}}]}},"_links":{"self":[{"href":"https:\/\/continent.lv\/ru\/wp-json\/wp\/v2\/product\/23809","targetHints":{"allow":["GET"]}}],"collection":[{"href":"https:\/\/continent.lv\/ru\/wp-json\/wp\/v2\/product"}],"about":[{"href":"https:\/\/continent.lv\/ru\/wp-json\/wp\/v2\/types\/product"}],"replies":[{"embeddable":true,"href":"https:\/\/continent.lv\/ru\/wp-json\/wp\/v2\/comments?post=23809"}],"wp:featuredmedia":[{"embeddable":true,"href":"https:\/\/continent.lv\/ru\/wp-json\/wp\/v2\/media\/23797"}],"wp:attachment":[{"href":"https:\/\/continent.lv\/ru\/wp-json\/wp\/v2\/media?parent=23809"}],"wp:term":[{"taxonomy":"product_brand","embeddable":true,"href":"https:\/\/continent.lv\/ru\/wp-json\/wp\/v2\/product_brand?post=23809"},{"taxonomy":"product_cat","embeddable":true,"href":"https:\/\/continent.lv\/ru\/wp-json\/wp\/v2\/product_cat?post=23809"},{"taxonomy":"product_tag","embeddable":true,"href":"https:\/\/continent.lv\/ru\/wp-json\/wp\/v2\/product_tag?post=23809"}],"curies":[{"name":"wp","href":"https:\/\/api.w.org\/{rel}","templated":true}]}}